{"id":3349,"date":"2025-06-10T13:32:09","date_gmt":"2025-06-10T17:32:09","guid":{"rendered":"https:\/\/purecosmetics-shop.com\/accueil\/?post_type=product&#038;p=3349"},"modified":"2026-04-01T09:43:55","modified_gmt":"2026-04-01T13:43:55","slug":"red-booster-reedle-shot-100","status":"publish","type":"product","link":"https:\/\/purecosmetics-shop.com\/accueil\/produit\/red-booster-reedle-shot-100\/","title":{"rendered":"RED BOOSTER REEDLE SHOT 100"},"content":{"rendered":"<p><b>Mode d&#8217;emploi:<\/b><\/p>\n<ol>\n<li>Pendant votre routine de soin de nuit, apr\u00e8s avoir nettoy\u00e9 votre visage, appliquez une quantit\u00e9 appropri\u00e9e du produit de mani\u00e8re uniforme et massez jusqu&rsquo;\u00e0 ce qu&rsquo;il soit totalement absorb\u00e9.<\/li>\n<li>Reedle shot 100 peut \u00eatre utilis\u00e9e quotidiennement, mais ne doit pas \u00eatre utilis\u00e9e en m\u00eame temps que reedle shot 300 et 700.<\/li>\n<li>Ne pas utiliser avec un appareil et apr\u00e8s avoir subi des proc\u00e9dures cosm\u00e9tiques, arr\u00eater l&rsquo;utilisation en cas d&rsquo;irritation.<\/li>\n<\/ol>\n","protected":false},"excerpt":{"rendered":"<p>Le Red Booster Reedle Shot 100 apporte antioxydants et soins apaisants dans une couleur rouge intense pour une peau ferme et radieuse.<\/p>\n<p>Contient du sang de dragon pour nourrir la peau et am\u00e9liorer son \u00e9lasticit\u00e9 et sa clart\u00e9.<\/p>\n<p>Le booster combine panth\u00e9nol, arbutine, tocoph\u00e9rol et c\u00e9ramide NP pour un visage \u00e0 la peau ferme et prot\u00e9g\u00e9e.<\/p>\n<p>La riche essence rouge adh\u00e8re fermement \u00e0 la peau sans effet collant ou r\u00e9sidus.<\/p>\n<p>&nbsp;<\/p>\n","protected":false},"featured_media":3353,"comment_status":"open","ping_status":"closed","template":"","meta":[],"product_brand":[145],"product_cat":[107,115,116,117,118,192],"product_tag":[],"class_list":{"0":"post-3349","1":"product","2":"type-product","3":"status-publish","4":"has-post-thumbnail","6":"product_brand-vt-cosmetics","7":"product_cat-anti-age-et-elasticite","8":"product_cat-peau-grasse","9":"product_cat-peau-mixte","10":"product_cat-peau-normale","11":"product_cat-peau-seche","12":"product_cat-traitement-localise","14":"first","15":"instock","16":"shipping-taxable","17":"purchasable","18":"product-type-simple"},"yoast_head":"<!-- This site is optimized with the Yoast SEO plugin v27.4 - https:\/\/yoast.com\/product\/yoast-seo-wordpress\/ -->\n<title>RED BOOSTER REEDLE SHOT 100 - Pure Cosmetics<\/title>\n<meta name=\"robots\" content=\"index, follow, max-snippet:-1, max-image-preview:large, max-video-preview:-1\" \/>\n<link rel=\"canonical\" href=\"https:\/\/purecosmetics-shop.com\/accueil\/produit\/red-booster-reedle-shot-100\/\" \/>\n<meta property=\"og:locale\" content=\"fr_FR\" \/>\n<meta property=\"og:type\" content=\"article\" \/>\n<meta property=\"og:title\" content=\"RED BOOSTER REEDLE SHOT 100 - Pure Cosmetics\" \/>\n<meta property=\"og:description\" content=\"Le Red Booster Reedle Shot 100 apporte antioxydants et soins apaisants dans une couleur rouge intense pour une peau ferme et radieuse.  Contient du sang de dragon pour nourrir la peau et am\u00e9liorer son \u00e9lasticit\u00e9 et sa clart\u00e9.  Le booster combine panth\u00e9nol, arbutine, tocoph\u00e9rol et c\u00e9ramide NP pour un visage \u00e0 la peau ferme et prot\u00e9g\u00e9e.  La riche essence rouge adh\u00e8re fermement \u00e0 la peau sans effet collant ou r\u00e9sidus.  &nbsp;\" \/>\n<meta property=\"og:url\" content=\"https:\/\/purecosmetics-shop.com\/accueil\/produit\/red-booster-reedle-shot-100\/\" \/>\n<meta property=\"og:site_name\" content=\"Pure Cosmetics\" \/>\n<meta property=\"article:modified_time\" content=\"2026-04-01T13:43:55+00:00\" \/>\n<meta property=\"og:image\" content=\"https:\/\/purecosmetics-shop.com\/wp-content\/uploads\/2025\/06\/RED-BOOSTER-REEDLE-SHOT-100.webp\" \/>\n\t<meta property=\"og:image:width\" content=\"640\" \/>\n\t<meta property=\"og:image:height\" content=\"640\" \/>\n\t<meta property=\"og:image:type\" content=\"image\/webp\" \/>\n<meta name=\"twitter:card\" content=\"summary_large_image\" \/>\n<meta name=\"twitter:label1\" content=\"Dur\u00e9e de lecture estim\u00e9e\" \/>\n\t<meta name=\"twitter:data1\" content=\"1 minute\" \/>\n<script type=\"application\/ld+json\" class=\"yoast-schema-graph\">{\"@context\":\"https:\\\/\\\/schema.org\",\"@graph\":[{\"@type\":\"WebPage\",\"@id\":\"https:\\\/\\\/purecosmetics-shop.com\\\/accueil\\\/produit\\\/red-booster-reedle-shot-100\\\/\",\"url\":\"https:\\\/\\\/purecosmetics-shop.com\\\/accueil\\\/produit\\\/red-booster-reedle-shot-100\\\/\",\"name\":\"RED BOOSTER REEDLE SHOT 100 - Pure Cosmetics\",\"isPartOf\":{\"@id\":\"https:\\\/\\\/purecosmetics-shop.com\\\/accueil\\\/#website\"},\"primaryImageOfPage\":{\"@id\":\"https:\\\/\\\/purecosmetics-shop.com\\\/accueil\\\/produit\\\/red-booster-reedle-shot-100\\\/#primaryimage\"},\"image\":{\"@id\":\"https:\\\/\\\/purecosmetics-shop.com\\\/accueil\\\/produit\\\/red-booster-reedle-shot-100\\\/#primaryimage\"},\"thumbnailUrl\":\"https:\\\/\\\/purecosmetics-shop.com\\\/wp-content\\\/uploads\\\/2025\\\/06\\\/RED-BOOSTER-REEDLE-SHOT-100.webp\",\"datePublished\":\"2025-06-10T17:32:09+00:00\",\"dateModified\":\"2026-04-01T13:43:55+00:00\",\"breadcrumb\":{\"@id\":\"https:\\\/\\\/purecosmetics-shop.com\\\/accueil\\\/produit\\\/red-booster-reedle-shot-100\\\/#breadcrumb\"},\"inLanguage\":\"fr-FR\",\"potentialAction\":[{\"@type\":\"ReadAction\",\"target\":[\"https:\\\/\\\/purecosmetics-shop.com\\\/accueil\\\/produit\\\/red-booster-reedle-shot-100\\\/\"]}]},{\"@type\":\"ImageObject\",\"inLanguage\":\"fr-FR\",\"@id\":\"https:\\\/\\\/purecosmetics-shop.com\\\/accueil\\\/produit\\\/red-booster-reedle-shot-100\\\/#primaryimage\",\"url\":\"https:\\\/\\\/purecosmetics-shop.com\\\/wp-content\\\/uploads\\\/2025\\\/06\\\/RED-BOOSTER-REEDLE-SHOT-100.webp\",\"contentUrl\":\"https:\\\/\\\/purecosmetics-shop.com\\\/wp-content\\\/uploads\\\/2025\\\/06\\\/RED-BOOSTER-REEDLE-SHOT-100.webp\",\"width\":640,\"height\":640,\"caption\":\"RED BOOSTER REEDLE SHOT 100\"},{\"@type\":\"BreadcrumbList\",\"@id\":\"https:\\\/\\\/purecosmetics-shop.com\\\/accueil\\\/produit\\\/red-booster-reedle-shot-100\\\/#breadcrumb\",\"itemListElement\":[{\"@type\":\"ListItem\",\"position\":1,\"name\":\"Accueil\",\"item\":\"https:\\\/\\\/purecosmetics-shop.com\\\/accueil\\\/\"},{\"@type\":\"ListItem\",\"position\":2,\"name\":\"NOUVEAUT\u00c9S\",\"item\":\"https:\\\/\\\/purecosmetics-shop.com\\\/accueil\\\/nouveautes\\\/\"},{\"@type\":\"ListItem\",\"position\":3,\"name\":\"RED BOOSTER REEDLE SHOT 100\"}]},{\"@type\":\"WebSite\",\"@id\":\"https:\\\/\\\/purecosmetics-shop.com\\\/accueil\\\/#website\",\"url\":\"https:\\\/\\\/purecosmetics-shop.com\\\/accueil\\\/\",\"name\":\"Pure Cosmetics\",\"description\":\"Skincare cor\u00e9enne et japonais\",\"publisher\":{\"@id\":\"https:\\\/\\\/purecosmetics-shop.com\\\/accueil\\\/#organization\"},\"potentialAction\":[{\"@type\":\"SearchAction\",\"target\":{\"@type\":\"EntryPoint\",\"urlTemplate\":\"https:\\\/\\\/purecosmetics-shop.com\\\/accueil\\\/?s={search_term_string}\"},\"query-input\":{\"@type\":\"PropertyValueSpecification\",\"valueRequired\":true,\"valueName\":\"search_term_string\"}}],\"inLanguage\":\"fr-FR\"},{\"@type\":\"Organization\",\"@id\":\"https:\\\/\\\/purecosmetics-shop.com\\\/accueil\\\/#organization\",\"name\":\"Pure Cosmetics\",\"url\":\"https:\\\/\\\/purecosmetics-shop.com\\\/accueil\\\/\",\"logo\":{\"@type\":\"ImageObject\",\"inLanguage\":\"fr-FR\",\"@id\":\"https:\\\/\\\/purecosmetics-shop.com\\\/accueil\\\/#\\\/schema\\\/logo\\\/image\\\/\",\"url\":\"https:\\\/\\\/purecosmetics-shop.com\\\/wp-content\\\/uploads\\\/2025\\\/04\\\/cropped-Pure-Cosmetics-black-2.png\",\"contentUrl\":\"https:\\\/\\\/purecosmetics-shop.com\\\/wp-content\\\/uploads\\\/2025\\\/04\\\/cropped-Pure-Cosmetics-black-2.png\",\"width\":2362,\"height\":2324,\"caption\":\"Pure Cosmetics\"},\"image\":{\"@id\":\"https:\\\/\\\/purecosmetics-shop.com\\\/accueil\\\/#\\\/schema\\\/logo\\\/image\\\/\"}}]}<\/script>\n<!-- \/ Yoast SEO plugin. -->","yoast_head_json":{"title":"RED BOOSTER REEDLE SHOT 100 - Pure Cosmetics","robots":{"index":"index","follow":"follow","max-snippet":"max-snippet:-1","max-image-preview":"max-image-preview:large","max-video-preview":"max-video-preview:-1"},"canonical":"https:\/\/purecosmetics-shop.com\/accueil\/produit\/red-booster-reedle-shot-100\/","og_locale":"fr_FR","og_type":"article","og_title":"RED BOOSTER REEDLE SHOT 100 - Pure Cosmetics","og_description":"Le Red Booster Reedle Shot 100 apporte antioxydants et soins apaisants dans une couleur rouge intense pour une peau ferme et radieuse.  Contient du sang de dragon pour nourrir la peau et am\u00e9liorer son \u00e9lasticit\u00e9 et sa clart\u00e9.  Le booster combine panth\u00e9nol, arbutine, tocoph\u00e9rol et c\u00e9ramide NP pour un visage \u00e0 la peau ferme et prot\u00e9g\u00e9e.  La riche essence rouge adh\u00e8re fermement \u00e0 la peau sans effet collant ou r\u00e9sidus.  &nbsp;","og_url":"https:\/\/purecosmetics-shop.com\/accueil\/produit\/red-booster-reedle-shot-100\/","og_site_name":"Pure Cosmetics","article_modified_time":"2026-04-01T13:43:55+00:00","og_image":[{"width":640,"height":640,"url":"https:\/\/purecosmetics-shop.com\/wp-content\/uploads\/2025\/06\/RED-BOOSTER-REEDLE-SHOT-100.webp","type":"image\/webp"}],"twitter_card":"summary_large_image","twitter_misc":{"Dur\u00e9e de lecture estim\u00e9e":"1 minute"},"schema":{"@context":"https:\/\/schema.org","@graph":[{"@type":"WebPage","@id":"https:\/\/purecosmetics-shop.com\/accueil\/produit\/red-booster-reedle-shot-100\/","url":"https:\/\/purecosmetics-shop.com\/accueil\/produit\/red-booster-reedle-shot-100\/","name":"RED BOOSTER REEDLE SHOT 100 - Pure Cosmetics","isPartOf":{"@id":"https:\/\/purecosmetics-shop.com\/accueil\/#website"},"primaryImageOfPage":{"@id":"https:\/\/purecosmetics-shop.com\/accueil\/produit\/red-booster-reedle-shot-100\/#primaryimage"},"image":{"@id":"https:\/\/purecosmetics-shop.com\/accueil\/produit\/red-booster-reedle-shot-100\/#primaryimage"},"thumbnailUrl":"https:\/\/purecosmetics-shop.com\/wp-content\/uploads\/2025\/06\/RED-BOOSTER-REEDLE-SHOT-100.webp","datePublished":"2025-06-10T17:32:09+00:00","dateModified":"2026-04-01T13:43:55+00:00","breadcrumb":{"@id":"https:\/\/purecosmetics-shop.com\/accueil\/produit\/red-booster-reedle-shot-100\/#breadcrumb"},"inLanguage":"fr-FR","potentialAction":[{"@type":"ReadAction","target":["https:\/\/purecosmetics-shop.com\/accueil\/produit\/red-booster-reedle-shot-100\/"]}]},{"@type":"ImageObject","inLanguage":"fr-FR","@id":"https:\/\/purecosmetics-shop.com\/accueil\/produit\/red-booster-reedle-shot-100\/#primaryimage","url":"https:\/\/purecosmetics-shop.com\/wp-content\/uploads\/2025\/06\/RED-BOOSTER-REEDLE-SHOT-100.webp","contentUrl":"https:\/\/purecosmetics-shop.com\/wp-content\/uploads\/2025\/06\/RED-BOOSTER-REEDLE-SHOT-100.webp","width":640,"height":640,"caption":"RED BOOSTER REEDLE SHOT 100"},{"@type":"BreadcrumbList","@id":"https:\/\/purecosmetics-shop.com\/accueil\/produit\/red-booster-reedle-shot-100\/#breadcrumb","itemListElement":[{"@type":"ListItem","position":1,"name":"Accueil","item":"https:\/\/purecosmetics-shop.com\/accueil\/"},{"@type":"ListItem","position":2,"name":"NOUVEAUT\u00c9S","item":"https:\/\/purecosmetics-shop.com\/accueil\/nouveautes\/"},{"@type":"ListItem","position":3,"name":"RED BOOSTER REEDLE SHOT 100"}]},{"@type":"WebSite","@id":"https:\/\/purecosmetics-shop.com\/accueil\/#website","url":"https:\/\/purecosmetics-shop.com\/accueil\/","name":"Pure Cosmetics","description":"Skincare cor\u00e9enne et japonais","publisher":{"@id":"https:\/\/purecosmetics-shop.com\/accueil\/#organization"},"potentialAction":[{"@type":"SearchAction","target":{"@type":"EntryPoint","urlTemplate":"https:\/\/purecosmetics-shop.com\/accueil\/?s={search_term_string}"},"query-input":{"@type":"PropertyValueSpecification","valueRequired":true,"valueName":"search_term_string"}}],"inLanguage":"fr-FR"},{"@type":"Organization","@id":"https:\/\/purecosmetics-shop.com\/accueil\/#organization","name":"Pure Cosmetics","url":"https:\/\/purecosmetics-shop.com\/accueil\/","logo":{"@type":"ImageObject","inLanguage":"fr-FR","@id":"https:\/\/purecosmetics-shop.com\/accueil\/#\/schema\/logo\/image\/","url":"https:\/\/purecosmetics-shop.com\/wp-content\/uploads\/2025\/04\/cropped-Pure-Cosmetics-black-2.png","contentUrl":"https:\/\/purecosmetics-shop.com\/wp-content\/uploads\/2025\/04\/cropped-Pure-Cosmetics-black-2.png","width":2362,"height":2324,"caption":"Pure Cosmetics"},"image":{"@id":"https:\/\/purecosmetics-shop.com\/accueil\/#\/schema\/logo\/image\/"}}]}},"jetpack_sharing_enabled":true,"_links":{"self":[{"href":"https:\/\/purecosmetics-shop.com\/accueil\/wp-json\/wp\/v2\/product\/3349","targetHints":{"allow":["GET"]}}],"collection":[{"href":"https:\/\/purecosmetics-shop.com\/accueil\/wp-json\/wp\/v2\/product"}],"about":[{"href":"https:\/\/purecosmetics-shop.com\/accueil\/wp-json\/wp\/v2\/types\/product"}],"replies":[{"embeddable":true,"href":"https:\/\/purecosmetics-shop.com\/accueil\/wp-json\/wp\/v2\/comments?post=3349"}],"version-history":[{"count":1,"href":"https:\/\/purecosmetics-shop.com\/accueil\/wp-json\/wp\/v2\/product\/3349\/revisions"}],"predecessor-version":[{"id":3355,"href":"https:\/\/purecosmetics-shop.com\/accueil\/wp-json\/wp\/v2\/product\/3349\/revisions\/3355"}],"wp:featuredmedia":[{"embeddable":true,"href":"https:\/\/purecosmetics-shop.com\/accueil\/wp-json\/wp\/v2\/media\/3353"}],"wp:attachment":[{"href":"https:\/\/purecosmetics-shop.com\/accueil\/wp-json\/wp\/v2\/media?parent=3349"}],"wp:term":[{"taxonomy":"product_brand","embeddable":true,"href":"https:\/\/purecosmetics-shop.com\/accueil\/wp-json\/wp\/v2\/product_brand?post=3349"},{"taxonomy":"product_cat","embeddable":true,"href":"https:\/\/purecosmetics-shop.com\/accueil\/wp-json\/wp\/v2\/product_cat?post=3349"},{"taxonomy":"product_tag","embeddable":true,"href":"https:\/\/purecosmetics-shop.com\/accueil\/wp-json\/wp\/v2\/product_tag?post=3349"}],"curies":[{"name":"wp","href":"https:\/\/api.w.org\/{rel}","templated":true}]}}