{"id":3344,"date":"2025-06-10T13:20:49","date_gmt":"2025-06-10T17:20:49","guid":{"rendered":"https:\/\/purecosmetics-shop.com\/accueil\/?post_type=product&#038;p=3344"},"modified":"2026-03-30T09:43:45","modified_gmt":"2026-03-30T13:43:45","slug":"collagen-reedle-shot-100-2step-mask","status":"publish","type":"product","link":"https:\/\/purecosmetics-shop.com\/accueil\/produit\/collagen-reedle-shot-100-2step-mask\/","title":{"rendered":"COLLAGEN REEDLE SHOT 100 2STEP MASK"},"content":{"rendered":"<p>Mode d&#8217;emploi:<\/p>\n<ol>\n<li>Apr\u00e8s vous \u00eatre lav\u00e9 le visage, appliquez une quantit\u00e9 appropri\u00e9e de Collagen Reedle Shot 100 (\u00c9TAPE 1) sur votre visage nu et \u00e9talez-la en massant.<\/li>\n<li>Une fois le Collagen Reedle Shot 100 (\u00c9TAPE 1) absorb\u00e9, ouvrez le Masque Hydratant Collagen Reedle Shot (\u00c9TAPE 2), ajustez-la \u00e0 la forme de votre visage et appliquez-la de mani\u00e8re \u00e0 ce qu&rsquo;elle adh\u00e8re uniform\u00e9ment \u00e0 votre peau.<\/li>\n<li>Apr\u00e8s avoir pos\u00e9 le masque pendant 10 \u00e0 20 minutes, retirez la feuille du masque et tapotez doucement l&rsquo;essence restante sur votre peau pour l&rsquo;absorber.<\/li>\n<\/ol>\n","protected":false},"excerpt":{"rendered":"<p>Ce masque am\u00e9liore instantan\u00e9ment la texture de la peau et resserre les pores.<\/p>\n<p>Ce produit aide \u00e0 absorber les ingr\u00e9dients actifs et \u00e0 r\u00e9veiller la peau, tout en b\u00e9n\u00e9ficiant de l&rsquo;effet apaisant du cica.<\/p>\n<p>Il am\u00e9liore imm\u00e9diatement deux types de pores : l&rsquo;absorption, la texture et la densit\u00e9 de la peau.<\/p>\n<p>Il convient aux peaux sensibles et \u00e0 tendance acn\u00e9ique. Des tests non com\u00e9dog\u00e8nes ont \u00e9t\u00e9 r\u00e9alis\u00e9s.<\/p>\n","protected":false},"featured_media":3345,"comment_status":"open","ping_status":"closed","template":"","meta":[],"product_brand":[145],"product_cat":[107,23,115,116,117,118],"product_tag":[],"class_list":{"0":"post-3344","1":"product","2":"type-product","3":"status-publish","4":"has-post-thumbnail","6":"product_brand-vt-cosmetics","7":"product_cat-anti-age-et-elasticite","8":"product_cat-masque","9":"product_cat-peau-grasse","10":"product_cat-peau-mixte","11":"product_cat-peau-normale","12":"product_cat-peau-seche","14":"first","15":"instock","16":"shipping-taxable","17":"purchasable","18":"product-type-simple"},"yoast_head":"<!-- This site is optimized with the Yoast SEO plugin v27.4 - https:\/\/yoast.com\/product\/yoast-seo-wordpress\/ -->\n<title>COLLAGEN REEDLE SHOT 100 2STEP MASK - Pure Cosmetics<\/title>\n<meta name=\"robots\" content=\"index, follow, max-snippet:-1, max-image-preview:large, max-video-preview:-1\" \/>\n<link rel=\"canonical\" href=\"https:\/\/purecosmetics-shop.com\/accueil\/produit\/collagen-reedle-shot-100-2step-mask\/\" \/>\n<meta property=\"og:locale\" content=\"fr_FR\" \/>\n<meta property=\"og:type\" content=\"article\" \/>\n<meta property=\"og:title\" content=\"COLLAGEN REEDLE SHOT 100 2STEP MASK - Pure Cosmetics\" \/>\n<meta property=\"og:description\" content=\"Ce masque am\u00e9liore instantan\u00e9ment la texture de la peau et resserre les pores.  Ce produit aide \u00e0 absorber les ingr\u00e9dients actifs et \u00e0 r\u00e9veiller la peau, tout en b\u00e9n\u00e9ficiant de l&#039;effet apaisant du cica.  Il am\u00e9liore imm\u00e9diatement deux types de pores : l&#039;absorption, la texture et la densit\u00e9 de la peau.  Il convient aux peaux sensibles et \u00e0 tendance acn\u00e9ique. Des tests non com\u00e9dog\u00e8nes ont \u00e9t\u00e9 r\u00e9alis\u00e9s.\" \/>\n<meta property=\"og:url\" content=\"https:\/\/purecosmetics-shop.com\/accueil\/produit\/collagen-reedle-shot-100-2step-mask\/\" \/>\n<meta property=\"og:site_name\" content=\"Pure Cosmetics\" \/>\n<meta property=\"article:modified_time\" content=\"2026-03-30T13:43:45+00:00\" \/>\n<meta property=\"og:image\" content=\"https:\/\/purecosmetics-shop.com\/wp-content\/uploads\/2025\/06\/COLLAGEN-REEDLE-SHOT-00-2STEP-MASK-1.webp\" \/>\n\t<meta property=\"og:image:width\" content=\"900\" \/>\n\t<meta property=\"og:image:height\" content=\"900\" \/>\n\t<meta property=\"og:image:type\" content=\"image\/webp\" \/>\n<meta name=\"twitter:card\" content=\"summary_large_image\" \/>\n<meta name=\"twitter:label1\" content=\"Dur\u00e9e de lecture estim\u00e9e\" \/>\n\t<meta name=\"twitter:data1\" content=\"1 minute\" \/>\n<script type=\"application\/ld+json\" class=\"yoast-schema-graph\">{\"@context\":\"https:\\\/\\\/schema.org\",\"@graph\":[{\"@type\":\"WebPage\",\"@id\":\"https:\\\/\\\/purecosmetics-shop.com\\\/accueil\\\/produit\\\/collagen-reedle-shot-100-2step-mask\\\/\",\"url\":\"https:\\\/\\\/purecosmetics-shop.com\\\/accueil\\\/produit\\\/collagen-reedle-shot-100-2step-mask\\\/\",\"name\":\"COLLAGEN REEDLE SHOT 100 2STEP MASK - Pure Cosmetics\",\"isPartOf\":{\"@id\":\"https:\\\/\\\/purecosmetics-shop.com\\\/accueil\\\/#website\"},\"primaryImageOfPage\":{\"@id\":\"https:\\\/\\\/purecosmetics-shop.com\\\/accueil\\\/produit\\\/collagen-reedle-shot-100-2step-mask\\\/#primaryimage\"},\"image\":{\"@id\":\"https:\\\/\\\/purecosmetics-shop.com\\\/accueil\\\/produit\\\/collagen-reedle-shot-100-2step-mask\\\/#primaryimage\"},\"thumbnailUrl\":\"https:\\\/\\\/purecosmetics-shop.com\\\/wp-content\\\/uploads\\\/2025\\\/06\\\/COLLAGEN-REEDLE-SHOT-00-2STEP-MASK-1.webp\",\"datePublished\":\"2025-06-10T17:20:49+00:00\",\"dateModified\":\"2026-03-30T13:43:45+00:00\",\"breadcrumb\":{\"@id\":\"https:\\\/\\\/purecosmetics-shop.com\\\/accueil\\\/produit\\\/collagen-reedle-shot-100-2step-mask\\\/#breadcrumb\"},\"inLanguage\":\"fr-FR\",\"potentialAction\":[{\"@type\":\"ReadAction\",\"target\":[\"https:\\\/\\\/purecosmetics-shop.com\\\/accueil\\\/produit\\\/collagen-reedle-shot-100-2step-mask\\\/\"]}]},{\"@type\":\"ImageObject\",\"inLanguage\":\"fr-FR\",\"@id\":\"https:\\\/\\\/purecosmetics-shop.com\\\/accueil\\\/produit\\\/collagen-reedle-shot-100-2step-mask\\\/#primaryimage\",\"url\":\"https:\\\/\\\/purecosmetics-shop.com\\\/wp-content\\\/uploads\\\/2025\\\/06\\\/COLLAGEN-REEDLE-SHOT-00-2STEP-MASK-1.webp\",\"contentUrl\":\"https:\\\/\\\/purecosmetics-shop.com\\\/wp-content\\\/uploads\\\/2025\\\/06\\\/COLLAGEN-REEDLE-SHOT-00-2STEP-MASK-1.webp\",\"width\":900,\"height\":900,\"caption\":\"COLLAGEN REEDLE SHOT 100 2STEP SOFT MASK\"},{\"@type\":\"BreadcrumbList\",\"@id\":\"https:\\\/\\\/purecosmetics-shop.com\\\/accueil\\\/produit\\\/collagen-reedle-shot-100-2step-mask\\\/#breadcrumb\",\"itemListElement\":[{\"@type\":\"ListItem\",\"position\":1,\"name\":\"Accueil\",\"item\":\"https:\\\/\\\/purecosmetics-shop.com\\\/accueil\\\/\"},{\"@type\":\"ListItem\",\"position\":2,\"name\":\"NOUVEAUT\u00c9S\",\"item\":\"https:\\\/\\\/purecosmetics-shop.com\\\/accueil\\\/nouveautes\\\/\"},{\"@type\":\"ListItem\",\"position\":3,\"name\":\"COLLAGEN REEDLE SHOT 100 2STEP MASK\"}]},{\"@type\":\"WebSite\",\"@id\":\"https:\\\/\\\/purecosmetics-shop.com\\\/accueil\\\/#website\",\"url\":\"https:\\\/\\\/purecosmetics-shop.com\\\/accueil\\\/\",\"name\":\"Pure Cosmetics\",\"description\":\"Skincare cor\u00e9enne et japonais\",\"publisher\":{\"@id\":\"https:\\\/\\\/purecosmetics-shop.com\\\/accueil\\\/#organization\"},\"potentialAction\":[{\"@type\":\"SearchAction\",\"target\":{\"@type\":\"EntryPoint\",\"urlTemplate\":\"https:\\\/\\\/purecosmetics-shop.com\\\/accueil\\\/?s={search_term_string}\"},\"query-input\":{\"@type\":\"PropertyValueSpecification\",\"valueRequired\":true,\"valueName\":\"search_term_string\"}}],\"inLanguage\":\"fr-FR\"},{\"@type\":\"Organization\",\"@id\":\"https:\\\/\\\/purecosmetics-shop.com\\\/accueil\\\/#organization\",\"name\":\"Pure Cosmetics\",\"url\":\"https:\\\/\\\/purecosmetics-shop.com\\\/accueil\\\/\",\"logo\":{\"@type\":\"ImageObject\",\"inLanguage\":\"fr-FR\",\"@id\":\"https:\\\/\\\/purecosmetics-shop.com\\\/accueil\\\/#\\\/schema\\\/logo\\\/image\\\/\",\"url\":\"https:\\\/\\\/purecosmetics-shop.com\\\/wp-content\\\/uploads\\\/2025\\\/04\\\/cropped-Pure-Cosmetics-black-2.png\",\"contentUrl\":\"https:\\\/\\\/purecosmetics-shop.com\\\/wp-content\\\/uploads\\\/2025\\\/04\\\/cropped-Pure-Cosmetics-black-2.png\",\"width\":2362,\"height\":2324,\"caption\":\"Pure Cosmetics\"},\"image\":{\"@id\":\"https:\\\/\\\/purecosmetics-shop.com\\\/accueil\\\/#\\\/schema\\\/logo\\\/image\\\/\"}}]}<\/script>\n<!-- \/ Yoast SEO plugin. -->","yoast_head_json":{"title":"COLLAGEN REEDLE SHOT 100 2STEP MASK - Pure Cosmetics","robots":{"index":"index","follow":"follow","max-snippet":"max-snippet:-1","max-image-preview":"max-image-preview:large","max-video-preview":"max-video-preview:-1"},"canonical":"https:\/\/purecosmetics-shop.com\/accueil\/produit\/collagen-reedle-shot-100-2step-mask\/","og_locale":"fr_FR","og_type":"article","og_title":"COLLAGEN REEDLE SHOT 100 2STEP MASK - Pure Cosmetics","og_description":"Ce masque am\u00e9liore instantan\u00e9ment la texture de la peau et resserre les pores.  Ce produit aide \u00e0 absorber les ingr\u00e9dients actifs et \u00e0 r\u00e9veiller la peau, tout en b\u00e9n\u00e9ficiant de l'effet apaisant du cica.  Il am\u00e9liore imm\u00e9diatement deux types de pores : l'absorption, la texture et la densit\u00e9 de la peau.  Il convient aux peaux sensibles et \u00e0 tendance acn\u00e9ique. Des tests non com\u00e9dog\u00e8nes ont \u00e9t\u00e9 r\u00e9alis\u00e9s.","og_url":"https:\/\/purecosmetics-shop.com\/accueil\/produit\/collagen-reedle-shot-100-2step-mask\/","og_site_name":"Pure Cosmetics","article_modified_time":"2026-03-30T13:43:45+00:00","og_image":[{"width":900,"height":900,"url":"https:\/\/purecosmetics-shop.com\/wp-content\/uploads\/2025\/06\/COLLAGEN-REEDLE-SHOT-00-2STEP-MASK-1.webp","type":"image\/webp"}],"twitter_card":"summary_large_image","twitter_misc":{"Dur\u00e9e de lecture estim\u00e9e":"1 minute"},"schema":{"@context":"https:\/\/schema.org","@graph":[{"@type":"WebPage","@id":"https:\/\/purecosmetics-shop.com\/accueil\/produit\/collagen-reedle-shot-100-2step-mask\/","url":"https:\/\/purecosmetics-shop.com\/accueil\/produit\/collagen-reedle-shot-100-2step-mask\/","name":"COLLAGEN REEDLE SHOT 100 2STEP MASK - Pure Cosmetics","isPartOf":{"@id":"https:\/\/purecosmetics-shop.com\/accueil\/#website"},"primaryImageOfPage":{"@id":"https:\/\/purecosmetics-shop.com\/accueil\/produit\/collagen-reedle-shot-100-2step-mask\/#primaryimage"},"image":{"@id":"https:\/\/purecosmetics-shop.com\/accueil\/produit\/collagen-reedle-shot-100-2step-mask\/#primaryimage"},"thumbnailUrl":"https:\/\/purecosmetics-shop.com\/wp-content\/uploads\/2025\/06\/COLLAGEN-REEDLE-SHOT-00-2STEP-MASK-1.webp","datePublished":"2025-06-10T17:20:49+00:00","dateModified":"2026-03-30T13:43:45+00:00","breadcrumb":{"@id":"https:\/\/purecosmetics-shop.com\/accueil\/produit\/collagen-reedle-shot-100-2step-mask\/#breadcrumb"},"inLanguage":"fr-FR","potentialAction":[{"@type":"ReadAction","target":["https:\/\/purecosmetics-shop.com\/accueil\/produit\/collagen-reedle-shot-100-2step-mask\/"]}]},{"@type":"ImageObject","inLanguage":"fr-FR","@id":"https:\/\/purecosmetics-shop.com\/accueil\/produit\/collagen-reedle-shot-100-2step-mask\/#primaryimage","url":"https:\/\/purecosmetics-shop.com\/wp-content\/uploads\/2025\/06\/COLLAGEN-REEDLE-SHOT-00-2STEP-MASK-1.webp","contentUrl":"https:\/\/purecosmetics-shop.com\/wp-content\/uploads\/2025\/06\/COLLAGEN-REEDLE-SHOT-00-2STEP-MASK-1.webp","width":900,"height":900,"caption":"COLLAGEN REEDLE SHOT 100 2STEP SOFT MASK"},{"@type":"BreadcrumbList","@id":"https:\/\/purecosmetics-shop.com\/accueil\/produit\/collagen-reedle-shot-100-2step-mask\/#breadcrumb","itemListElement":[{"@type":"ListItem","position":1,"name":"Accueil","item":"https:\/\/purecosmetics-shop.com\/accueil\/"},{"@type":"ListItem","position":2,"name":"NOUVEAUT\u00c9S","item":"https:\/\/purecosmetics-shop.com\/accueil\/nouveautes\/"},{"@type":"ListItem","position":3,"name":"COLLAGEN REEDLE SHOT 100 2STEP MASK"}]},{"@type":"WebSite","@id":"https:\/\/purecosmetics-shop.com\/accueil\/#website","url":"https:\/\/purecosmetics-shop.com\/accueil\/","name":"Pure Cosmetics","description":"Skincare cor\u00e9enne et japonais","publisher":{"@id":"https:\/\/purecosmetics-shop.com\/accueil\/#organization"},"potentialAction":[{"@type":"SearchAction","target":{"@type":"EntryPoint","urlTemplate":"https:\/\/purecosmetics-shop.com\/accueil\/?s={search_term_string}"},"query-input":{"@type":"PropertyValueSpecification","valueRequired":true,"valueName":"search_term_string"}}],"inLanguage":"fr-FR"},{"@type":"Organization","@id":"https:\/\/purecosmetics-shop.com\/accueil\/#organization","name":"Pure Cosmetics","url":"https:\/\/purecosmetics-shop.com\/accueil\/","logo":{"@type":"ImageObject","inLanguage":"fr-FR","@id":"https:\/\/purecosmetics-shop.com\/accueil\/#\/schema\/logo\/image\/","url":"https:\/\/purecosmetics-shop.com\/wp-content\/uploads\/2025\/04\/cropped-Pure-Cosmetics-black-2.png","contentUrl":"https:\/\/purecosmetics-shop.com\/wp-content\/uploads\/2025\/04\/cropped-Pure-Cosmetics-black-2.png","width":2362,"height":2324,"caption":"Pure Cosmetics"},"image":{"@id":"https:\/\/purecosmetics-shop.com\/accueil\/#\/schema\/logo\/image\/"}}]}},"jetpack_sharing_enabled":true,"_links":{"self":[{"href":"https:\/\/purecosmetics-shop.com\/accueil\/wp-json\/wp\/v2\/product\/3344","targetHints":{"allow":["GET"]}}],"collection":[{"href":"https:\/\/purecosmetics-shop.com\/accueil\/wp-json\/wp\/v2\/product"}],"about":[{"href":"https:\/\/purecosmetics-shop.com\/accueil\/wp-json\/wp\/v2\/types\/product"}],"replies":[{"embeddable":true,"href":"https:\/\/purecosmetics-shop.com\/accueil\/wp-json\/wp\/v2\/comments?post=3344"}],"version-history":[{"count":1,"href":"https:\/\/purecosmetics-shop.com\/accueil\/wp-json\/wp\/v2\/product\/3344\/revisions"}],"predecessor-version":[{"id":3348,"href":"https:\/\/purecosmetics-shop.com\/accueil\/wp-json\/wp\/v2\/product\/3344\/revisions\/3348"}],"wp:featuredmedia":[{"embeddable":true,"href":"https:\/\/purecosmetics-shop.com\/accueil\/wp-json\/wp\/v2\/media\/3345"}],"wp:attachment":[{"href":"https:\/\/purecosmetics-shop.com\/accueil\/wp-json\/wp\/v2\/media?parent=3344"}],"wp:term":[{"taxonomy":"product_brand","embeddable":true,"href":"https:\/\/purecosmetics-shop.com\/accueil\/wp-json\/wp\/v2\/product_brand?post=3344"},{"taxonomy":"product_cat","embeddable":true,"href":"https:\/\/purecosmetics-shop.com\/accueil\/wp-json\/wp\/v2\/product_cat?post=3344"},{"taxonomy":"product_tag","embeddable":true,"href":"https:\/\/purecosmetics-shop.com\/accueil\/wp-json\/wp\/v2\/product_tag?post=3344"}],"curies":[{"name":"wp","href":"https:\/\/api.w.org\/{rel}","templated":true}]}}