{"id":3323,"date":"2025-06-10T13:33:17","date_gmt":"2025-06-10T17:33:17","guid":{"rendered":"https:\/\/purecosmetics-shop.com\/accueil\/?post_type=product&#038;p=3323"},"modified":"2026-04-16T02:33:48","modified_gmt":"2026-04-16T06:33:48","slug":"zero-pore-blackhead-mud-mask","status":"publish","type":"product","link":"https:\/\/purecosmetics-shop.com\/accueil\/produit\/zero-pore-blackhead-mud-mask\/","title":{"rendered":"ZERO PORE BLACKHEAD MUD MASK"},"content":{"rendered":"<p>Masque \u00e0 l&rsquo;argile aux AHA, BHA et PHA qui \u00e9limine intens\u00e9ment points noirs, exc\u00e8s de s\u00e9bum et cellules mortes en seulement 3 minutes.<\/p>\n<p>Am\u00e9lioration du volume, du nombre, de la taille et de la profondeur des pores cliniquement test\u00e9e en 2 semaines.<\/p>\n<p>Le guaiazul\u00e8ne apaise les peaux sensibles, tandis que le Blue Peptide\u00ae hydrate en profondeur et en surface, apportant une fra\u00eecheur apaisante \u00e0 la peau.<\/p>\n<p>Sans d\u00e9tection de m\u00e9taux lourds, test\u00e9 hypoallerg\u00e9nique et sans d\u00e9tection d&rsquo;alcool.<\/p>\n<p><b>Mode d&#8217;emploi :<\/b><\/p>\n<ol>\n<li>Appliquez une couche uniforme sur la peau en \u00e9vitant le contour des yeux et de la bouche.<\/li>\n<li>Laissez poser 3 \u00e0 5 minutes jusqu&rsquo;\u00e0 s\u00e9chage complet du masque.<\/li>\n<li>Rincez \u00e0 l\u2019eau ti\u00e8de.<\/li>\n<\/ol>\n","protected":false},"excerpt":{"rendered":"<p>Formul\u00e9 avec des AHA, BHA et PHA, ce masque \u00e0 l\u2019argile hypoallerg\u00e9nique nettoie la peau en profondeur en \u00e9liminant l&rsquo;exc\u00e8s de s\u00e9bum et les impuret\u00e9s et en d\u00e9sobstruant les pores.<\/p>\n<p>Le m\u00e9lange de guaiazul\u00e8ne, d&rsquo;allanto\u00efne et d&rsquo;hyaluronate de sodium nourrit la peau tout en apportant des bienfaits anti-inflammatoires.<\/p>\n","protected":false},"featured_media":3324,"comment_status":"open","ping_status":"closed","template":"","meta":[],"product_brand":[170],"product_cat":[108,23,115,116],"product_tag":[],"class_list":{"0":"post-3323","1":"product","2":"type-product","3":"status-publish","4":"has-post-thumbnail","6":"product_brand-medicube","7":"product_cat-anti-imperfections-et-pores","8":"product_cat-masque","9":"product_cat-peau-grasse","10":"product_cat-peau-mixte","12":"first","13":"instock","14":"shipping-taxable","15":"purchasable","16":"product-type-simple"},"yoast_head":"<!-- This site is optimized with the Yoast SEO plugin v27.4 - https:\/\/yoast.com\/product\/yoast-seo-wordpress\/ -->\n<title>ZERO PORE BLACKHEAD MUD MASK - Pure Cosmetics<\/title>\n<meta name=\"robots\" content=\"index, follow, max-snippet:-1, max-image-preview:large, max-video-preview:-1\" \/>\n<link rel=\"canonical\" href=\"https:\/\/purecosmetics-shop.com\/accueil\/produit\/zero-pore-blackhead-mud-mask\/\" \/>\n<meta property=\"og:locale\" content=\"fr_FR\" \/>\n<meta property=\"og:type\" content=\"article\" \/>\n<meta property=\"og:title\" content=\"ZERO PORE BLACKHEAD MUD MASK - Pure Cosmetics\" \/>\n<meta property=\"og:description\" content=\"Formul\u00e9 avec des AHA, BHA et PHA, ce masque \u00e0 l\u2019argile hypoallerg\u00e9nique nettoie la peau en profondeur en \u00e9liminant l&#039;exc\u00e8s de s\u00e9bum et les impuret\u00e9s et en d\u00e9sobstruant les pores.  Le m\u00e9lange de guaiazul\u00e8ne, d&#039;allanto\u00efne et d&#039;hyaluronate de sodium nourrit la peau tout en apportant des bienfaits anti-inflammatoires.\" \/>\n<meta property=\"og:url\" content=\"https:\/\/purecosmetics-shop.com\/accueil\/produit\/zero-pore-blackhead-mud-mask\/\" \/>\n<meta property=\"og:site_name\" content=\"Pure Cosmetics\" \/>\n<meta property=\"article:modified_time\" content=\"2026-04-16T06:33:48+00:00\" \/>\n<meta property=\"og:image\" content=\"https:\/\/purecosmetics-shop.com\/wp-content\/uploads\/2025\/06\/MEDICUBE-ZERO-PORE-BLACKHEAD-MUD-MASK-1.webp\" \/>\n\t<meta property=\"og:image:width\" content=\"640\" \/>\n\t<meta property=\"og:image:height\" content=\"640\" \/>\n\t<meta property=\"og:image:type\" content=\"image\/webp\" \/>\n<meta name=\"twitter:card\" content=\"summary_large_image\" \/>\n<meta name=\"twitter:label1\" content=\"Dur\u00e9e de lecture estim\u00e9e\" \/>\n\t<meta name=\"twitter:data1\" content=\"1 minute\" \/>\n<script type=\"application\/ld+json\" class=\"yoast-schema-graph\">{\"@context\":\"https:\\\/\\\/schema.org\",\"@graph\":[{\"@type\":\"WebPage\",\"@id\":\"https:\\\/\\\/purecosmetics-shop.com\\\/accueil\\\/produit\\\/zero-pore-blackhead-mud-mask\\\/\",\"url\":\"https:\\\/\\\/purecosmetics-shop.com\\\/accueil\\\/produit\\\/zero-pore-blackhead-mud-mask\\\/\",\"name\":\"ZERO PORE BLACKHEAD MUD MASK - Pure Cosmetics\",\"isPartOf\":{\"@id\":\"https:\\\/\\\/purecosmetics-shop.com\\\/accueil\\\/#website\"},\"primaryImageOfPage\":{\"@id\":\"https:\\\/\\\/purecosmetics-shop.com\\\/accueil\\\/produit\\\/zero-pore-blackhead-mud-mask\\\/#primaryimage\"},\"image\":{\"@id\":\"https:\\\/\\\/purecosmetics-shop.com\\\/accueil\\\/produit\\\/zero-pore-blackhead-mud-mask\\\/#primaryimage\"},\"thumbnailUrl\":\"https:\\\/\\\/purecosmetics-shop.com\\\/wp-content\\\/uploads\\\/2025\\\/06\\\/MEDICUBE-ZERO-PORE-BLACKHEAD-MUD-MASK-1.webp\",\"datePublished\":\"2025-06-10T17:33:17+00:00\",\"dateModified\":\"2026-04-16T06:33:48+00:00\",\"breadcrumb\":{\"@id\":\"https:\\\/\\\/purecosmetics-shop.com\\\/accueil\\\/produit\\\/zero-pore-blackhead-mud-mask\\\/#breadcrumb\"},\"inLanguage\":\"fr-FR\",\"potentialAction\":[{\"@type\":\"ReadAction\",\"target\":[\"https:\\\/\\\/purecosmetics-shop.com\\\/accueil\\\/produit\\\/zero-pore-blackhead-mud-mask\\\/\"]}]},{\"@type\":\"ImageObject\",\"inLanguage\":\"fr-FR\",\"@id\":\"https:\\\/\\\/purecosmetics-shop.com\\\/accueil\\\/produit\\\/zero-pore-blackhead-mud-mask\\\/#primaryimage\",\"url\":\"https:\\\/\\\/purecosmetics-shop.com\\\/wp-content\\\/uploads\\\/2025\\\/06\\\/MEDICUBE-ZERO-PORE-BLACKHEAD-MUD-MASK-1.webp\",\"contentUrl\":\"https:\\\/\\\/purecosmetics-shop.com\\\/wp-content\\\/uploads\\\/2025\\\/06\\\/MEDICUBE-ZERO-PORE-BLACKHEAD-MUD-MASK-1.webp\",\"width\":640,\"height\":640,\"caption\":\"MEDICUBE ZERO PORE BLACKHEAD MUD MASK\"},{\"@type\":\"BreadcrumbList\",\"@id\":\"https:\\\/\\\/purecosmetics-shop.com\\\/accueil\\\/produit\\\/zero-pore-blackhead-mud-mask\\\/#breadcrumb\",\"itemListElement\":[{\"@type\":\"ListItem\",\"position\":1,\"name\":\"Accueil\",\"item\":\"https:\\\/\\\/purecosmetics-shop.com\\\/accueil\\\/\"},{\"@type\":\"ListItem\",\"position\":2,\"name\":\"NOUVEAUT\u00c9S\",\"item\":\"https:\\\/\\\/purecosmetics-shop.com\\\/accueil\\\/nouveautes\\\/\"},{\"@type\":\"ListItem\",\"position\":3,\"name\":\"ZERO PORE BLACKHEAD MUD MASK\"}]},{\"@type\":\"WebSite\",\"@id\":\"https:\\\/\\\/purecosmetics-shop.com\\\/accueil\\\/#website\",\"url\":\"https:\\\/\\\/purecosmetics-shop.com\\\/accueil\\\/\",\"name\":\"Pure Cosmetics\",\"description\":\"Skincare cor\u00e9enne et japonais\",\"publisher\":{\"@id\":\"https:\\\/\\\/purecosmetics-shop.com\\\/accueil\\\/#organization\"},\"potentialAction\":[{\"@type\":\"SearchAction\",\"target\":{\"@type\":\"EntryPoint\",\"urlTemplate\":\"https:\\\/\\\/purecosmetics-shop.com\\\/accueil\\\/?s={search_term_string}\"},\"query-input\":{\"@type\":\"PropertyValueSpecification\",\"valueRequired\":true,\"valueName\":\"search_term_string\"}}],\"inLanguage\":\"fr-FR\"},{\"@type\":\"Organization\",\"@id\":\"https:\\\/\\\/purecosmetics-shop.com\\\/accueil\\\/#organization\",\"name\":\"Pure Cosmetics\",\"url\":\"https:\\\/\\\/purecosmetics-shop.com\\\/accueil\\\/\",\"logo\":{\"@type\":\"ImageObject\",\"inLanguage\":\"fr-FR\",\"@id\":\"https:\\\/\\\/purecosmetics-shop.com\\\/accueil\\\/#\\\/schema\\\/logo\\\/image\\\/\",\"url\":\"https:\\\/\\\/purecosmetics-shop.com\\\/wp-content\\\/uploads\\\/2025\\\/04\\\/cropped-Pure-Cosmetics-black-2.png\",\"contentUrl\":\"https:\\\/\\\/purecosmetics-shop.com\\\/wp-content\\\/uploads\\\/2025\\\/04\\\/cropped-Pure-Cosmetics-black-2.png\",\"width\":2362,\"height\":2324,\"caption\":\"Pure Cosmetics\"},\"image\":{\"@id\":\"https:\\\/\\\/purecosmetics-shop.com\\\/accueil\\\/#\\\/schema\\\/logo\\\/image\\\/\"}}]}<\/script>\n<!-- \/ Yoast SEO plugin. -->","yoast_head_json":{"title":"ZERO PORE BLACKHEAD MUD MASK - Pure Cosmetics","robots":{"index":"index","follow":"follow","max-snippet":"max-snippet:-1","max-image-preview":"max-image-preview:large","max-video-preview":"max-video-preview:-1"},"canonical":"https:\/\/purecosmetics-shop.com\/accueil\/produit\/zero-pore-blackhead-mud-mask\/","og_locale":"fr_FR","og_type":"article","og_title":"ZERO PORE BLACKHEAD MUD MASK - Pure Cosmetics","og_description":"Formul\u00e9 avec des AHA, BHA et PHA, ce masque \u00e0 l\u2019argile hypoallerg\u00e9nique nettoie la peau en profondeur en \u00e9liminant l'exc\u00e8s de s\u00e9bum et les impuret\u00e9s et en d\u00e9sobstruant les pores.  Le m\u00e9lange de guaiazul\u00e8ne, d'allanto\u00efne et d'hyaluronate de sodium nourrit la peau tout en apportant des bienfaits anti-inflammatoires.","og_url":"https:\/\/purecosmetics-shop.com\/accueil\/produit\/zero-pore-blackhead-mud-mask\/","og_site_name":"Pure Cosmetics","article_modified_time":"2026-04-16T06:33:48+00:00","og_image":[{"width":640,"height":640,"url":"https:\/\/purecosmetics-shop.com\/wp-content\/uploads\/2025\/06\/MEDICUBE-ZERO-PORE-BLACKHEAD-MUD-MASK-1.webp","type":"image\/webp"}],"twitter_card":"summary_large_image","twitter_misc":{"Dur\u00e9e de lecture estim\u00e9e":"1 minute"},"schema":{"@context":"https:\/\/schema.org","@graph":[{"@type":"WebPage","@id":"https:\/\/purecosmetics-shop.com\/accueil\/produit\/zero-pore-blackhead-mud-mask\/","url":"https:\/\/purecosmetics-shop.com\/accueil\/produit\/zero-pore-blackhead-mud-mask\/","name":"ZERO PORE BLACKHEAD MUD MASK - Pure Cosmetics","isPartOf":{"@id":"https:\/\/purecosmetics-shop.com\/accueil\/#website"},"primaryImageOfPage":{"@id":"https:\/\/purecosmetics-shop.com\/accueil\/produit\/zero-pore-blackhead-mud-mask\/#primaryimage"},"image":{"@id":"https:\/\/purecosmetics-shop.com\/accueil\/produit\/zero-pore-blackhead-mud-mask\/#primaryimage"},"thumbnailUrl":"https:\/\/purecosmetics-shop.com\/wp-content\/uploads\/2025\/06\/MEDICUBE-ZERO-PORE-BLACKHEAD-MUD-MASK-1.webp","datePublished":"2025-06-10T17:33:17+00:00","dateModified":"2026-04-16T06:33:48+00:00","breadcrumb":{"@id":"https:\/\/purecosmetics-shop.com\/accueil\/produit\/zero-pore-blackhead-mud-mask\/#breadcrumb"},"inLanguage":"fr-FR","potentialAction":[{"@type":"ReadAction","target":["https:\/\/purecosmetics-shop.com\/accueil\/produit\/zero-pore-blackhead-mud-mask\/"]}]},{"@type":"ImageObject","inLanguage":"fr-FR","@id":"https:\/\/purecosmetics-shop.com\/accueil\/produit\/zero-pore-blackhead-mud-mask\/#primaryimage","url":"https:\/\/purecosmetics-shop.com\/wp-content\/uploads\/2025\/06\/MEDICUBE-ZERO-PORE-BLACKHEAD-MUD-MASK-1.webp","contentUrl":"https:\/\/purecosmetics-shop.com\/wp-content\/uploads\/2025\/06\/MEDICUBE-ZERO-PORE-BLACKHEAD-MUD-MASK-1.webp","width":640,"height":640,"caption":"MEDICUBE ZERO PORE BLACKHEAD MUD MASK"},{"@type":"BreadcrumbList","@id":"https:\/\/purecosmetics-shop.com\/accueil\/produit\/zero-pore-blackhead-mud-mask\/#breadcrumb","itemListElement":[{"@type":"ListItem","position":1,"name":"Accueil","item":"https:\/\/purecosmetics-shop.com\/accueil\/"},{"@type":"ListItem","position":2,"name":"NOUVEAUT\u00c9S","item":"https:\/\/purecosmetics-shop.com\/accueil\/nouveautes\/"},{"@type":"ListItem","position":3,"name":"ZERO PORE BLACKHEAD MUD MASK"}]},{"@type":"WebSite","@id":"https:\/\/purecosmetics-shop.com\/accueil\/#website","url":"https:\/\/purecosmetics-shop.com\/accueil\/","name":"Pure Cosmetics","description":"Skincare cor\u00e9enne et japonais","publisher":{"@id":"https:\/\/purecosmetics-shop.com\/accueil\/#organization"},"potentialAction":[{"@type":"SearchAction","target":{"@type":"EntryPoint","urlTemplate":"https:\/\/purecosmetics-shop.com\/accueil\/?s={search_term_string}"},"query-input":{"@type":"PropertyValueSpecification","valueRequired":true,"valueName":"search_term_string"}}],"inLanguage":"fr-FR"},{"@type":"Organization","@id":"https:\/\/purecosmetics-shop.com\/accueil\/#organization","name":"Pure Cosmetics","url":"https:\/\/purecosmetics-shop.com\/accueil\/","logo":{"@type":"ImageObject","inLanguage":"fr-FR","@id":"https:\/\/purecosmetics-shop.com\/accueil\/#\/schema\/logo\/image\/","url":"https:\/\/purecosmetics-shop.com\/wp-content\/uploads\/2025\/04\/cropped-Pure-Cosmetics-black-2.png","contentUrl":"https:\/\/purecosmetics-shop.com\/wp-content\/uploads\/2025\/04\/cropped-Pure-Cosmetics-black-2.png","width":2362,"height":2324,"caption":"Pure Cosmetics"},"image":{"@id":"https:\/\/purecosmetics-shop.com\/accueil\/#\/schema\/logo\/image\/"}}]}},"jetpack_sharing_enabled":true,"_links":{"self":[{"href":"https:\/\/purecosmetics-shop.com\/accueil\/wp-json\/wp\/v2\/product\/3323","targetHints":{"allow":["GET"]}}],"collection":[{"href":"https:\/\/purecosmetics-shop.com\/accueil\/wp-json\/wp\/v2\/product"}],"about":[{"href":"https:\/\/purecosmetics-shop.com\/accueil\/wp-json\/wp\/v2\/types\/product"}],"replies":[{"embeddable":true,"href":"https:\/\/purecosmetics-shop.com\/accueil\/wp-json\/wp\/v2\/comments?post=3323"}],"version-history":[{"count":2,"href":"https:\/\/purecosmetics-shop.com\/accueil\/wp-json\/wp\/v2\/product\/3323\/revisions"}],"predecessor-version":[{"id":5836,"href":"https:\/\/purecosmetics-shop.com\/accueil\/wp-json\/wp\/v2\/product\/3323\/revisions\/5836"}],"wp:featuredmedia":[{"embeddable":true,"href":"https:\/\/purecosmetics-shop.com\/accueil\/wp-json\/wp\/v2\/media\/3324"}],"wp:attachment":[{"href":"https:\/\/purecosmetics-shop.com\/accueil\/wp-json\/wp\/v2\/media?parent=3323"}],"wp:term":[{"taxonomy":"product_brand","embeddable":true,"href":"https:\/\/purecosmetics-shop.com\/accueil\/wp-json\/wp\/v2\/product_brand?post=3323"},{"taxonomy":"product_cat","embeddable":true,"href":"https:\/\/purecosmetics-shop.com\/accueil\/wp-json\/wp\/v2\/product_cat?post=3323"},{"taxonomy":"product_tag","embeddable":true,"href":"https:\/\/purecosmetics-shop.com\/accueil\/wp-json\/wp\/v2\/product_tag?post=3323"}],"curies":[{"name":"wp","href":"https:\/\/api.w.org\/{rel}","templated":true}]}}