{"id":3317,"date":"2025-06-10T12:08:53","date_gmt":"2025-06-10T16:08:53","guid":{"rendered":"https:\/\/purecosmetics-shop.com\/accueil\/?post_type=product&#038;p=3317"},"modified":"2026-04-16T04:02:34","modified_gmt":"2026-04-16T08:02:34","slug":"pdrn-pink-vita-coating-mask","status":"publish","type":"product","link":"https:\/\/purecosmetics-shop.com\/accueil\/produit\/pdrn-pink-vita-coating-mask\/","title":{"rendered":"PDRN PINK VITA COATING MASK"},"content":{"rendered":"<p>Ce masque enrichi en PDRN, vitamine B12 et collag\u00e8ne raffermit la peau qui pend et unifie et illumine le teint terne.<\/p>\n<p>R\u00e9duction imm\u00e9diate des rougeurs de 4,652%.<\/p>\n<p>R\u00e9duction du ternissement de la peau et des t\u00e2ches pigmentaires autour des yeux de 6,712%, am\u00e9lioration de la production interne de m\u00e9lanine de 3,274%, r\u00e9duction de la surface des t\u00e2ches sombres de 21,09%, r\u00e9duction de 1,733% de la tache la plus fonc\u00e9e apr\u00e8s 3 jours.<\/p>\n<p>Gr\u00e2ce aux PDRN d\u2019ADN de saumon, le masque unifie le teint. Le collag\u00e8ne et la vitamine B12 adh\u00e8re \u00e0 la peau et combat le ternissement.<\/p>\n<p>Maintient 64% de l\u2019hydratation initiale apr\u00e8s 24 heures.<\/p>\n<p>Am\u00e9lioration de l&rsquo;hydratation cutan\u00e9e de 163,59 % sur 10 couches. Am\u00e9lioration de l&rsquo;\u00e9clat de la peau de 34,8 %. Am\u00e9lioration de l&rsquo;hydratation superficielle de 91,6 %. Am\u00e9lioration de l&rsquo;hydratation interne de 6,82 %. Am\u00e9lioration de l&rsquo;\u00e9claircissement du teint de 1,413 % apr\u00e8s une seule utilisation.<\/p>\n<p><b>Mode d&#8217;emploi:<\/b><\/p>\n<ol>\n<li>Apr\u00e8s vous \u00eatre nettoy\u00e9 le visage, placez le masque en tissu sur votre visage en \u00e9vitant les l\u00e8vres et le contour des yeux.<\/li>\n<li>Laissez reposer 10 \u00e0 20 minutes avant de retirer le masque.<\/li>\n<li>Tapotez doucement le surplus de s\u00e9rum sur votre peau pour favoriser son absorption.<\/li>\n<\/ol>\n","protected":false},"excerpt":{"rendered":"<p>\u00c9liminez les taches brunes et obtenez un teint \u00e9clatant avec ce masque en tissu rose hydratant. Il contient du PDRN de saumon pour am\u00e9liorer le teint in\u00e9gal, ainsi que de la vitamine B12 et du collag\u00e8ne soluble pour restaurer l&rsquo;\u00e9lasticit\u00e9 de la peau et \u00e9claircir les peaux ternes. Ce masque est hypoallerg\u00e9nique et convient aux peaux sensibles.<\/p>\n","protected":false},"featured_media":3318,"comment_status":"open","ping_status":"closed","template":"","meta":[],"product_brand":[170],"product_cat":[107,110,112,23,116,117,118],"product_tag":[],"class_list":{"0":"post-3317","1":"product","2":"type-product","3":"status-publish","4":"has-post-thumbnail","6":"product_brand-medicube","7":"product_cat-anti-age-et-elasticite","8":"product_cat-anti-tache-et-hyperpigmentation","9":"product_cat-hydratation","10":"product_cat-masque","11":"product_cat-peau-mixte","12":"product_cat-peau-normale","13":"product_cat-peau-seche","15":"first","16":"instock","17":"shipping-taxable","18":"purchasable","19":"product-type-simple"},"yoast_head":"<!-- This site is optimized with the Yoast SEO plugin v27.4 - https:\/\/yoast.com\/product\/yoast-seo-wordpress\/ -->\n<title>PDRN PINK VITA COATING MASK - Pure Cosmetics<\/title>\n<meta name=\"robots\" content=\"index, follow, max-snippet:-1, max-image-preview:large, max-video-preview:-1\" \/>\n<link rel=\"canonical\" href=\"https:\/\/purecosmetics-shop.com\/accueil\/produit\/pdrn-pink-vita-coating-mask\/\" \/>\n<meta property=\"og:locale\" content=\"fr_FR\" \/>\n<meta property=\"og:type\" content=\"article\" \/>\n<meta property=\"og:title\" content=\"PDRN PINK VITA COATING MASK - Pure Cosmetics\" \/>\n<meta property=\"og:description\" content=\"\u00c9liminez les taches brunes et obtenez un teint \u00e9clatant avec ce masque en tissu rose hydratant. Il contient du PDRN de saumon pour am\u00e9liorer le teint in\u00e9gal, ainsi que de la vitamine B12 et du collag\u00e8ne soluble pour restaurer l&#039;\u00e9lasticit\u00e9 de la peau et \u00e9claircir les peaux ternes. Ce masque est hypoallerg\u00e9nique et convient aux peaux sensibles.\" \/>\n<meta property=\"og:url\" content=\"https:\/\/purecosmetics-shop.com\/accueil\/produit\/pdrn-pink-vita-coating-mask\/\" \/>\n<meta property=\"og:site_name\" content=\"Pure Cosmetics\" \/>\n<meta property=\"article:modified_time\" content=\"2026-04-16T08:02:34+00:00\" \/>\n<meta property=\"og:image\" content=\"https:\/\/purecosmetics-shop.com\/wp-content\/uploads\/2025\/06\/PDRN-PINK-VITA-COATING-MASK-1.webp\" \/>\n\t<meta property=\"og:image:width\" content=\"1200\" \/>\n\t<meta property=\"og:image:height\" content=\"1200\" \/>\n\t<meta property=\"og:image:type\" content=\"image\/webp\" \/>\n<meta name=\"twitter:card\" content=\"summary_large_image\" \/>\n<meta name=\"twitter:label1\" content=\"Dur\u00e9e de lecture estim\u00e9e\" \/>\n\t<meta name=\"twitter:data1\" content=\"2 minutes\" \/>\n<script type=\"application\/ld+json\" class=\"yoast-schema-graph\">{\"@context\":\"https:\\\/\\\/schema.org\",\"@graph\":[{\"@type\":\"WebPage\",\"@id\":\"https:\\\/\\\/purecosmetics-shop.com\\\/accueil\\\/produit\\\/pdrn-pink-vita-coating-mask\\\/\",\"url\":\"https:\\\/\\\/purecosmetics-shop.com\\\/accueil\\\/produit\\\/pdrn-pink-vita-coating-mask\\\/\",\"name\":\"PDRN PINK VITA COATING MASK - Pure Cosmetics\",\"isPartOf\":{\"@id\":\"https:\\\/\\\/purecosmetics-shop.com\\\/accueil\\\/#website\"},\"primaryImageOfPage\":{\"@id\":\"https:\\\/\\\/purecosmetics-shop.com\\\/accueil\\\/produit\\\/pdrn-pink-vita-coating-mask\\\/#primaryimage\"},\"image\":{\"@id\":\"https:\\\/\\\/purecosmetics-shop.com\\\/accueil\\\/produit\\\/pdrn-pink-vita-coating-mask\\\/#primaryimage\"},\"thumbnailUrl\":\"https:\\\/\\\/purecosmetics-shop.com\\\/wp-content\\\/uploads\\\/2025\\\/06\\\/PDRN-PINK-VITA-COATING-MASK-1.webp\",\"datePublished\":\"2025-06-10T16:08:53+00:00\",\"dateModified\":\"2026-04-16T08:02:34+00:00\",\"breadcrumb\":{\"@id\":\"https:\\\/\\\/purecosmetics-shop.com\\\/accueil\\\/produit\\\/pdrn-pink-vita-coating-mask\\\/#breadcrumb\"},\"inLanguage\":\"fr-FR\",\"potentialAction\":[{\"@type\":\"ReadAction\",\"target\":[\"https:\\\/\\\/purecosmetics-shop.com\\\/accueil\\\/produit\\\/pdrn-pink-vita-coating-mask\\\/\"]}]},{\"@type\":\"ImageObject\",\"inLanguage\":\"fr-FR\",\"@id\":\"https:\\\/\\\/purecosmetics-shop.com\\\/accueil\\\/produit\\\/pdrn-pink-vita-coating-mask\\\/#primaryimage\",\"url\":\"https:\\\/\\\/purecosmetics-shop.com\\\/wp-content\\\/uploads\\\/2025\\\/06\\\/PDRN-PINK-VITA-COATING-MASK-1.webp\",\"contentUrl\":\"https:\\\/\\\/purecosmetics-shop.com\\\/wp-content\\\/uploads\\\/2025\\\/06\\\/PDRN-PINK-VITA-COATING-MASK-1.webp\",\"width\":1200,\"height\":1200,\"caption\":\"PDRN PINK VITA COATING MASK\"},{\"@type\":\"BreadcrumbList\",\"@id\":\"https:\\\/\\\/purecosmetics-shop.com\\\/accueil\\\/produit\\\/pdrn-pink-vita-coating-mask\\\/#breadcrumb\",\"itemListElement\":[{\"@type\":\"ListItem\",\"position\":1,\"name\":\"Accueil\",\"item\":\"https:\\\/\\\/purecosmetics-shop.com\\\/accueil\\\/\"},{\"@type\":\"ListItem\",\"position\":2,\"name\":\"NOUVEAUT\u00c9S\",\"item\":\"https:\\\/\\\/purecosmetics-shop.com\\\/accueil\\\/nouveautes\\\/\"},{\"@type\":\"ListItem\",\"position\":3,\"name\":\"PDRN PINK VITA COATING MASK\"}]},{\"@type\":\"WebSite\",\"@id\":\"https:\\\/\\\/purecosmetics-shop.com\\\/accueil\\\/#website\",\"url\":\"https:\\\/\\\/purecosmetics-shop.com\\\/accueil\\\/\",\"name\":\"Pure Cosmetics\",\"description\":\"Skincare cor\u00e9enne et japonais\",\"publisher\":{\"@id\":\"https:\\\/\\\/purecosmetics-shop.com\\\/accueil\\\/#organization\"},\"potentialAction\":[{\"@type\":\"SearchAction\",\"target\":{\"@type\":\"EntryPoint\",\"urlTemplate\":\"https:\\\/\\\/purecosmetics-shop.com\\\/accueil\\\/?s={search_term_string}\"},\"query-input\":{\"@type\":\"PropertyValueSpecification\",\"valueRequired\":true,\"valueName\":\"search_term_string\"}}],\"inLanguage\":\"fr-FR\"},{\"@type\":\"Organization\",\"@id\":\"https:\\\/\\\/purecosmetics-shop.com\\\/accueil\\\/#organization\",\"name\":\"Pure Cosmetics\",\"url\":\"https:\\\/\\\/purecosmetics-shop.com\\\/accueil\\\/\",\"logo\":{\"@type\":\"ImageObject\",\"inLanguage\":\"fr-FR\",\"@id\":\"https:\\\/\\\/purecosmetics-shop.com\\\/accueil\\\/#\\\/schema\\\/logo\\\/image\\\/\",\"url\":\"https:\\\/\\\/purecosmetics-shop.com\\\/wp-content\\\/uploads\\\/2025\\\/04\\\/cropped-Pure-Cosmetics-black-2.png\",\"contentUrl\":\"https:\\\/\\\/purecosmetics-shop.com\\\/wp-content\\\/uploads\\\/2025\\\/04\\\/cropped-Pure-Cosmetics-black-2.png\",\"width\":2362,\"height\":2324,\"caption\":\"Pure Cosmetics\"},\"image\":{\"@id\":\"https:\\\/\\\/purecosmetics-shop.com\\\/accueil\\\/#\\\/schema\\\/logo\\\/image\\\/\"}}]}<\/script>\n<!-- \/ Yoast SEO plugin. -->","yoast_head_json":{"title":"PDRN PINK VITA COATING MASK - Pure Cosmetics","robots":{"index":"index","follow":"follow","max-snippet":"max-snippet:-1","max-image-preview":"max-image-preview:large","max-video-preview":"max-video-preview:-1"},"canonical":"https:\/\/purecosmetics-shop.com\/accueil\/produit\/pdrn-pink-vita-coating-mask\/","og_locale":"fr_FR","og_type":"article","og_title":"PDRN PINK VITA COATING MASK - Pure Cosmetics","og_description":"\u00c9liminez les taches brunes et obtenez un teint \u00e9clatant avec ce masque en tissu rose hydratant. Il contient du PDRN de saumon pour am\u00e9liorer le teint in\u00e9gal, ainsi que de la vitamine B12 et du collag\u00e8ne soluble pour restaurer l'\u00e9lasticit\u00e9 de la peau et \u00e9claircir les peaux ternes. Ce masque est hypoallerg\u00e9nique et convient aux peaux sensibles.","og_url":"https:\/\/purecosmetics-shop.com\/accueil\/produit\/pdrn-pink-vita-coating-mask\/","og_site_name":"Pure Cosmetics","article_modified_time":"2026-04-16T08:02:34+00:00","og_image":[{"width":1200,"height":1200,"url":"https:\/\/purecosmetics-shop.com\/wp-content\/uploads\/2025\/06\/PDRN-PINK-VITA-COATING-MASK-1.webp","type":"image\/webp"}],"twitter_card":"summary_large_image","twitter_misc":{"Dur\u00e9e de lecture estim\u00e9e":"2 minutes"},"schema":{"@context":"https:\/\/schema.org","@graph":[{"@type":"WebPage","@id":"https:\/\/purecosmetics-shop.com\/accueil\/produit\/pdrn-pink-vita-coating-mask\/","url":"https:\/\/purecosmetics-shop.com\/accueil\/produit\/pdrn-pink-vita-coating-mask\/","name":"PDRN PINK VITA COATING MASK - Pure Cosmetics","isPartOf":{"@id":"https:\/\/purecosmetics-shop.com\/accueil\/#website"},"primaryImageOfPage":{"@id":"https:\/\/purecosmetics-shop.com\/accueil\/produit\/pdrn-pink-vita-coating-mask\/#primaryimage"},"image":{"@id":"https:\/\/purecosmetics-shop.com\/accueil\/produit\/pdrn-pink-vita-coating-mask\/#primaryimage"},"thumbnailUrl":"https:\/\/purecosmetics-shop.com\/wp-content\/uploads\/2025\/06\/PDRN-PINK-VITA-COATING-MASK-1.webp","datePublished":"2025-06-10T16:08:53+00:00","dateModified":"2026-04-16T08:02:34+00:00","breadcrumb":{"@id":"https:\/\/purecosmetics-shop.com\/accueil\/produit\/pdrn-pink-vita-coating-mask\/#breadcrumb"},"inLanguage":"fr-FR","potentialAction":[{"@type":"ReadAction","target":["https:\/\/purecosmetics-shop.com\/accueil\/produit\/pdrn-pink-vita-coating-mask\/"]}]},{"@type":"ImageObject","inLanguage":"fr-FR","@id":"https:\/\/purecosmetics-shop.com\/accueil\/produit\/pdrn-pink-vita-coating-mask\/#primaryimage","url":"https:\/\/purecosmetics-shop.com\/wp-content\/uploads\/2025\/06\/PDRN-PINK-VITA-COATING-MASK-1.webp","contentUrl":"https:\/\/purecosmetics-shop.com\/wp-content\/uploads\/2025\/06\/PDRN-PINK-VITA-COATING-MASK-1.webp","width":1200,"height":1200,"caption":"PDRN PINK VITA COATING MASK"},{"@type":"BreadcrumbList","@id":"https:\/\/purecosmetics-shop.com\/accueil\/produit\/pdrn-pink-vita-coating-mask\/#breadcrumb","itemListElement":[{"@type":"ListItem","position":1,"name":"Accueil","item":"https:\/\/purecosmetics-shop.com\/accueil\/"},{"@type":"ListItem","position":2,"name":"NOUVEAUT\u00c9S","item":"https:\/\/purecosmetics-shop.com\/accueil\/nouveautes\/"},{"@type":"ListItem","position":3,"name":"PDRN PINK VITA COATING MASK"}]},{"@type":"WebSite","@id":"https:\/\/purecosmetics-shop.com\/accueil\/#website","url":"https:\/\/purecosmetics-shop.com\/accueil\/","name":"Pure Cosmetics","description":"Skincare cor\u00e9enne et japonais","publisher":{"@id":"https:\/\/purecosmetics-shop.com\/accueil\/#organization"},"potentialAction":[{"@type":"SearchAction","target":{"@type":"EntryPoint","urlTemplate":"https:\/\/purecosmetics-shop.com\/accueil\/?s={search_term_string}"},"query-input":{"@type":"PropertyValueSpecification","valueRequired":true,"valueName":"search_term_string"}}],"inLanguage":"fr-FR"},{"@type":"Organization","@id":"https:\/\/purecosmetics-shop.com\/accueil\/#organization","name":"Pure Cosmetics","url":"https:\/\/purecosmetics-shop.com\/accueil\/","logo":{"@type":"ImageObject","inLanguage":"fr-FR","@id":"https:\/\/purecosmetics-shop.com\/accueil\/#\/schema\/logo\/image\/","url":"https:\/\/purecosmetics-shop.com\/wp-content\/uploads\/2025\/04\/cropped-Pure-Cosmetics-black-2.png","contentUrl":"https:\/\/purecosmetics-shop.com\/wp-content\/uploads\/2025\/04\/cropped-Pure-Cosmetics-black-2.png","width":2362,"height":2324,"caption":"Pure Cosmetics"},"image":{"@id":"https:\/\/purecosmetics-shop.com\/accueil\/#\/schema\/logo\/image\/"}}]}},"jetpack_sharing_enabled":true,"_links":{"self":[{"href":"https:\/\/purecosmetics-shop.com\/accueil\/wp-json\/wp\/v2\/product\/3317","targetHints":{"allow":["GET"]}}],"collection":[{"href":"https:\/\/purecosmetics-shop.com\/accueil\/wp-json\/wp\/v2\/product"}],"about":[{"href":"https:\/\/purecosmetics-shop.com\/accueil\/wp-json\/wp\/v2\/types\/product"}],"replies":[{"embeddable":true,"href":"https:\/\/purecosmetics-shop.com\/accueil\/wp-json\/wp\/v2\/comments?post=3317"}],"version-history":[{"count":1,"href":"https:\/\/purecosmetics-shop.com\/accueil\/wp-json\/wp\/v2\/product\/3317\/revisions"}],"predecessor-version":[{"id":3322,"href":"https:\/\/purecosmetics-shop.com\/accueil\/wp-json\/wp\/v2\/product\/3317\/revisions\/3322"}],"wp:featuredmedia":[{"embeddable":true,"href":"https:\/\/purecosmetics-shop.com\/accueil\/wp-json\/wp\/v2\/media\/3318"}],"wp:attachment":[{"href":"https:\/\/purecosmetics-shop.com\/accueil\/wp-json\/wp\/v2\/media?parent=3317"}],"wp:term":[{"taxonomy":"product_brand","embeddable":true,"href":"https:\/\/purecosmetics-shop.com\/accueil\/wp-json\/wp\/v2\/product_brand?post=3317"},{"taxonomy":"product_cat","embeddable":true,"href":"https:\/\/purecosmetics-shop.com\/accueil\/wp-json\/wp\/v2\/product_cat?post=3317"},{"taxonomy":"product_tag","embeddable":true,"href":"https:\/\/purecosmetics-shop.com\/accueil\/wp-json\/wp\/v2\/product_tag?post=3317"}],"curies":[{"name":"wp","href":"https:\/\/api.w.org\/{rel}","templated":true}]}}