{"id":3302,"date":"2025-06-10T11:44:34","date_gmt":"2025-06-10T15:44:34","guid":{"rendered":"https:\/\/purecosmetics-shop.com\/accueil\/?post_type=product&#038;p=3302"},"modified":"2026-04-16T08:05:21","modified_gmt":"2026-04-16T12:05:21","slug":"pdrn-pink-collagen-toning-gel-toner-pad","status":"publish","type":"product","link":"https:\/\/purecosmetics-shop.com\/accueil\/produit\/pdrn-pink-collagen-toning-gel-toner-pad\/","title":{"rendered":"PDRN PINK COLLAGEN TONING GEL TONER PAD"},"content":{"rendered":"<p>Avec sa texture ultra-fine de 0,5 mm, ce produit \u00e9pouse parfaitement les imperfections et offre un \u00e9claircissement cibl\u00e9. D\u00e8s une seule utilisation, il offre une correction du teint cliniquement prouv\u00e9e, pour une peau nette et \u00e9clatante au quotidien.<\/p>\n<p>Ce patch gel tonifiant ultra-adh\u00e9sif est le tout premier de Medicube. Il a \u00e9t\u00e9 d\u00e9velopp\u00e9 gr\u00e2ce \u00e0 une technique sp\u00e9ciale qui infuse le gel dans le tissu, offrant une formule fine mais puissante qui retient l&rsquo;hydratation.<\/p>\n<p>Mode d&#8217;emploi :<\/p>\n<ol>\n<li>Apr\u00e8s le nettoyage, essuyez d\u00e9licatement l&rsquo;ensemble du visage dans le sens du grain de peau, en excluant le contour des yeux et de la bouche.<\/li>\n<li>Appliquez sur les zones n\u00e9cessitant un soin intensif pour un effet apaisant et hydratant.<\/li>\n<li>Tapotez le reste du tonique jusqu&rsquo;\u00e0 absorption.<\/li>\n<li>Fermez le couvercle pour \u00e9viter que le tampon ne s\u00e8che et gardez-le herm\u00e9tiquement ferm\u00e9.<\/li>\n<\/ol>\n","protected":false},"excerpt":{"rendered":"<p>Le patch gel tonifiant au collag\u00e8ne rose Medicube PDRN contient du PDRN de saumon de premi\u00e8re qualit\u00e9, soumis \u00e0 un processus de purification avanc\u00e9 pour minimiser les r\u00e9sidus et am\u00e9liorer son absorption. Compos\u00e9 \u00e0 99 % de PDRN de saumon de haute puret\u00e9, exempt de r\u00e9sidus inutiles, sa formule p\u00e9n\u00e8tre plus rapidement et plus profond\u00e9ment, d\u00e9livrant efficacement ses puissants actifs \u00e0 la peau.<\/p>\n","protected":false},"featured_media":3303,"comment_status":"open","ping_status":"closed","template":"","meta":[],"product_brand":[170],"product_cat":[107,112,24,115,116,117,118],"product_tag":[],"class_list":{"0":"post-3302","1":"product","2":"type-product","3":"status-publish","4":"has-post-thumbnail","6":"product_brand-medicube","7":"product_cat-anti-age-et-elasticite","8":"product_cat-hydratation","9":"product_cat-pad","10":"product_cat-peau-grasse","11":"product_cat-peau-mixte","12":"product_cat-peau-normale","13":"product_cat-peau-seche","15":"first","16":"instock","17":"shipping-taxable","18":"purchasable","19":"product-type-simple"},"yoast_head":"<!-- This site is optimized with the Yoast SEO plugin v27.4 - https:\/\/yoast.com\/product\/yoast-seo-wordpress\/ -->\n<title>PDRN PINK COLLAGEN TONING GEL TONER PAD - Pure Cosmetics<\/title>\n<meta name=\"robots\" content=\"index, follow, max-snippet:-1, max-image-preview:large, max-video-preview:-1\" \/>\n<link rel=\"canonical\" href=\"https:\/\/purecosmetics-shop.com\/accueil\/produit\/pdrn-pink-collagen-toning-gel-toner-pad\/\" \/>\n<meta property=\"og:locale\" content=\"fr_FR\" \/>\n<meta property=\"og:type\" content=\"article\" \/>\n<meta property=\"og:title\" content=\"PDRN PINK COLLAGEN TONING GEL TONER PAD - Pure Cosmetics\" \/>\n<meta property=\"og:description\" content=\"Le patch gel tonifiant au collag\u00e8ne rose Medicube PDRN contient du PDRN de saumon de premi\u00e8re qualit\u00e9, soumis \u00e0 un processus de purification avanc\u00e9 pour minimiser les r\u00e9sidus et am\u00e9liorer son absorption. Compos\u00e9 \u00e0 99 % de PDRN de saumon de haute puret\u00e9, exempt de r\u00e9sidus inutiles, sa formule p\u00e9n\u00e8tre plus rapidement et plus profond\u00e9ment, d\u00e9livrant efficacement ses puissants actifs \u00e0 la peau.\" \/>\n<meta property=\"og:url\" content=\"https:\/\/purecosmetics-shop.com\/accueil\/produit\/pdrn-pink-collagen-toning-gel-toner-pad\/\" \/>\n<meta property=\"og:site_name\" content=\"Pure Cosmetics\" \/>\n<meta property=\"article:modified_time\" content=\"2026-04-16T12:05:21+00:00\" \/>\n<meta property=\"og:image\" content=\"https:\/\/purecosmetics-shop.com\/wp-content\/uploads\/2025\/06\/MEDICUBE-PDRN-PINK-COLLAGEN-TONING-GEL-TONER-PAD-1.webp\" \/>\n\t<meta property=\"og:image:width\" content=\"1080\" \/>\n\t<meta property=\"og:image:height\" content=\"1080\" \/>\n\t<meta property=\"og:image:type\" content=\"image\/webp\" \/>\n<meta name=\"twitter:card\" content=\"summary_large_image\" \/>\n<meta name=\"twitter:label1\" content=\"Dur\u00e9e de lecture estim\u00e9e\" \/>\n\t<meta name=\"twitter:data1\" content=\"1 minute\" \/>\n<script type=\"application\/ld+json\" class=\"yoast-schema-graph\">{\"@context\":\"https:\\\/\\\/schema.org\",\"@graph\":[{\"@type\":\"WebPage\",\"@id\":\"https:\\\/\\\/purecosmetics-shop.com\\\/accueil\\\/produit\\\/pdrn-pink-collagen-toning-gel-toner-pad\\\/\",\"url\":\"https:\\\/\\\/purecosmetics-shop.com\\\/accueil\\\/produit\\\/pdrn-pink-collagen-toning-gel-toner-pad\\\/\",\"name\":\"PDRN PINK COLLAGEN TONING GEL TONER PAD - Pure Cosmetics\",\"isPartOf\":{\"@id\":\"https:\\\/\\\/purecosmetics-shop.com\\\/accueil\\\/#website\"},\"primaryImageOfPage\":{\"@id\":\"https:\\\/\\\/purecosmetics-shop.com\\\/accueil\\\/produit\\\/pdrn-pink-collagen-toning-gel-toner-pad\\\/#primaryimage\"},\"image\":{\"@id\":\"https:\\\/\\\/purecosmetics-shop.com\\\/accueil\\\/produit\\\/pdrn-pink-collagen-toning-gel-toner-pad\\\/#primaryimage\"},\"thumbnailUrl\":\"https:\\\/\\\/purecosmetics-shop.com\\\/wp-content\\\/uploads\\\/2025\\\/06\\\/MEDICUBE-PDRN-PINK-COLLAGEN-TONING-GEL-TONER-PAD-1.webp\",\"datePublished\":\"2025-06-10T15:44:34+00:00\",\"dateModified\":\"2026-04-16T12:05:21+00:00\",\"breadcrumb\":{\"@id\":\"https:\\\/\\\/purecosmetics-shop.com\\\/accueil\\\/produit\\\/pdrn-pink-collagen-toning-gel-toner-pad\\\/#breadcrumb\"},\"inLanguage\":\"fr-FR\",\"potentialAction\":[{\"@type\":\"ReadAction\",\"target\":[\"https:\\\/\\\/purecosmetics-shop.com\\\/accueil\\\/produit\\\/pdrn-pink-collagen-toning-gel-toner-pad\\\/\"]}]},{\"@type\":\"ImageObject\",\"inLanguage\":\"fr-FR\",\"@id\":\"https:\\\/\\\/purecosmetics-shop.com\\\/accueil\\\/produit\\\/pdrn-pink-collagen-toning-gel-toner-pad\\\/#primaryimage\",\"url\":\"https:\\\/\\\/purecosmetics-shop.com\\\/wp-content\\\/uploads\\\/2025\\\/06\\\/MEDICUBE-PDRN-PINK-COLLAGEN-TONING-GEL-TONER-PAD-1.webp\",\"contentUrl\":\"https:\\\/\\\/purecosmetics-shop.com\\\/wp-content\\\/uploads\\\/2025\\\/06\\\/MEDICUBE-PDRN-PINK-COLLAGEN-TONING-GEL-TONER-PAD-1.webp\",\"width\":1080,\"height\":1080,\"caption\":\"MEDICUBE PDRN PINK COLLAGEN TONING GEL TONER PAD\"},{\"@type\":\"BreadcrumbList\",\"@id\":\"https:\\\/\\\/purecosmetics-shop.com\\\/accueil\\\/produit\\\/pdrn-pink-collagen-toning-gel-toner-pad\\\/#breadcrumb\",\"itemListElement\":[{\"@type\":\"ListItem\",\"position\":1,\"name\":\"Accueil\",\"item\":\"https:\\\/\\\/purecosmetics-shop.com\\\/accueil\\\/\"},{\"@type\":\"ListItem\",\"position\":2,\"name\":\"NOUVEAUT\u00c9S\",\"item\":\"https:\\\/\\\/purecosmetics-shop.com\\\/accueil\\\/nouveautes\\\/\"},{\"@type\":\"ListItem\",\"position\":3,\"name\":\"PDRN PINK COLLAGEN TONING GEL TONER PAD\"}]},{\"@type\":\"WebSite\",\"@id\":\"https:\\\/\\\/purecosmetics-shop.com\\\/accueil\\\/#website\",\"url\":\"https:\\\/\\\/purecosmetics-shop.com\\\/accueil\\\/\",\"name\":\"Pure Cosmetics\",\"description\":\"Skincare cor\u00e9enne et japonais\",\"publisher\":{\"@id\":\"https:\\\/\\\/purecosmetics-shop.com\\\/accueil\\\/#organization\"},\"potentialAction\":[{\"@type\":\"SearchAction\",\"target\":{\"@type\":\"EntryPoint\",\"urlTemplate\":\"https:\\\/\\\/purecosmetics-shop.com\\\/accueil\\\/?s={search_term_string}\"},\"query-input\":{\"@type\":\"PropertyValueSpecification\",\"valueRequired\":true,\"valueName\":\"search_term_string\"}}],\"inLanguage\":\"fr-FR\"},{\"@type\":\"Organization\",\"@id\":\"https:\\\/\\\/purecosmetics-shop.com\\\/accueil\\\/#organization\",\"name\":\"Pure Cosmetics\",\"url\":\"https:\\\/\\\/purecosmetics-shop.com\\\/accueil\\\/\",\"logo\":{\"@type\":\"ImageObject\",\"inLanguage\":\"fr-FR\",\"@id\":\"https:\\\/\\\/purecosmetics-shop.com\\\/accueil\\\/#\\\/schema\\\/logo\\\/image\\\/\",\"url\":\"https:\\\/\\\/purecosmetics-shop.com\\\/wp-content\\\/uploads\\\/2025\\\/04\\\/cropped-Pure-Cosmetics-black-2.png\",\"contentUrl\":\"https:\\\/\\\/purecosmetics-shop.com\\\/wp-content\\\/uploads\\\/2025\\\/04\\\/cropped-Pure-Cosmetics-black-2.png\",\"width\":2362,\"height\":2324,\"caption\":\"Pure Cosmetics\"},\"image\":{\"@id\":\"https:\\\/\\\/purecosmetics-shop.com\\\/accueil\\\/#\\\/schema\\\/logo\\\/image\\\/\"}}]}<\/script>\n<!-- \/ Yoast SEO plugin. -->","yoast_head_json":{"title":"PDRN PINK COLLAGEN TONING GEL TONER PAD - Pure Cosmetics","robots":{"index":"index","follow":"follow","max-snippet":"max-snippet:-1","max-image-preview":"max-image-preview:large","max-video-preview":"max-video-preview:-1"},"canonical":"https:\/\/purecosmetics-shop.com\/accueil\/produit\/pdrn-pink-collagen-toning-gel-toner-pad\/","og_locale":"fr_FR","og_type":"article","og_title":"PDRN PINK COLLAGEN TONING GEL TONER PAD - Pure Cosmetics","og_description":"Le patch gel tonifiant au collag\u00e8ne rose Medicube PDRN contient du PDRN de saumon de premi\u00e8re qualit\u00e9, soumis \u00e0 un processus de purification avanc\u00e9 pour minimiser les r\u00e9sidus et am\u00e9liorer son absorption. Compos\u00e9 \u00e0 99 % de PDRN de saumon de haute puret\u00e9, exempt de r\u00e9sidus inutiles, sa formule p\u00e9n\u00e8tre plus rapidement et plus profond\u00e9ment, d\u00e9livrant efficacement ses puissants actifs \u00e0 la peau.","og_url":"https:\/\/purecosmetics-shop.com\/accueil\/produit\/pdrn-pink-collagen-toning-gel-toner-pad\/","og_site_name":"Pure Cosmetics","article_modified_time":"2026-04-16T12:05:21+00:00","og_image":[{"width":1080,"height":1080,"url":"https:\/\/purecosmetics-shop.com\/wp-content\/uploads\/2025\/06\/MEDICUBE-PDRN-PINK-COLLAGEN-TONING-GEL-TONER-PAD-1.webp","type":"image\/webp"}],"twitter_card":"summary_large_image","twitter_misc":{"Dur\u00e9e de lecture estim\u00e9e":"1 minute"},"schema":{"@context":"https:\/\/schema.org","@graph":[{"@type":"WebPage","@id":"https:\/\/purecosmetics-shop.com\/accueil\/produit\/pdrn-pink-collagen-toning-gel-toner-pad\/","url":"https:\/\/purecosmetics-shop.com\/accueil\/produit\/pdrn-pink-collagen-toning-gel-toner-pad\/","name":"PDRN PINK COLLAGEN TONING GEL TONER PAD - Pure Cosmetics","isPartOf":{"@id":"https:\/\/purecosmetics-shop.com\/accueil\/#website"},"primaryImageOfPage":{"@id":"https:\/\/purecosmetics-shop.com\/accueil\/produit\/pdrn-pink-collagen-toning-gel-toner-pad\/#primaryimage"},"image":{"@id":"https:\/\/purecosmetics-shop.com\/accueil\/produit\/pdrn-pink-collagen-toning-gel-toner-pad\/#primaryimage"},"thumbnailUrl":"https:\/\/purecosmetics-shop.com\/wp-content\/uploads\/2025\/06\/MEDICUBE-PDRN-PINK-COLLAGEN-TONING-GEL-TONER-PAD-1.webp","datePublished":"2025-06-10T15:44:34+00:00","dateModified":"2026-04-16T12:05:21+00:00","breadcrumb":{"@id":"https:\/\/purecosmetics-shop.com\/accueil\/produit\/pdrn-pink-collagen-toning-gel-toner-pad\/#breadcrumb"},"inLanguage":"fr-FR","potentialAction":[{"@type":"ReadAction","target":["https:\/\/purecosmetics-shop.com\/accueil\/produit\/pdrn-pink-collagen-toning-gel-toner-pad\/"]}]},{"@type":"ImageObject","inLanguage":"fr-FR","@id":"https:\/\/purecosmetics-shop.com\/accueil\/produit\/pdrn-pink-collagen-toning-gel-toner-pad\/#primaryimage","url":"https:\/\/purecosmetics-shop.com\/wp-content\/uploads\/2025\/06\/MEDICUBE-PDRN-PINK-COLLAGEN-TONING-GEL-TONER-PAD-1.webp","contentUrl":"https:\/\/purecosmetics-shop.com\/wp-content\/uploads\/2025\/06\/MEDICUBE-PDRN-PINK-COLLAGEN-TONING-GEL-TONER-PAD-1.webp","width":1080,"height":1080,"caption":"MEDICUBE PDRN PINK COLLAGEN TONING GEL TONER PAD"},{"@type":"BreadcrumbList","@id":"https:\/\/purecosmetics-shop.com\/accueil\/produit\/pdrn-pink-collagen-toning-gel-toner-pad\/#breadcrumb","itemListElement":[{"@type":"ListItem","position":1,"name":"Accueil","item":"https:\/\/purecosmetics-shop.com\/accueil\/"},{"@type":"ListItem","position":2,"name":"NOUVEAUT\u00c9S","item":"https:\/\/purecosmetics-shop.com\/accueil\/nouveautes\/"},{"@type":"ListItem","position":3,"name":"PDRN PINK COLLAGEN TONING GEL TONER PAD"}]},{"@type":"WebSite","@id":"https:\/\/purecosmetics-shop.com\/accueil\/#website","url":"https:\/\/purecosmetics-shop.com\/accueil\/","name":"Pure Cosmetics","description":"Skincare cor\u00e9enne et japonais","publisher":{"@id":"https:\/\/purecosmetics-shop.com\/accueil\/#organization"},"potentialAction":[{"@type":"SearchAction","target":{"@type":"EntryPoint","urlTemplate":"https:\/\/purecosmetics-shop.com\/accueil\/?s={search_term_string}"},"query-input":{"@type":"PropertyValueSpecification","valueRequired":true,"valueName":"search_term_string"}}],"inLanguage":"fr-FR"},{"@type":"Organization","@id":"https:\/\/purecosmetics-shop.com\/accueil\/#organization","name":"Pure Cosmetics","url":"https:\/\/purecosmetics-shop.com\/accueil\/","logo":{"@type":"ImageObject","inLanguage":"fr-FR","@id":"https:\/\/purecosmetics-shop.com\/accueil\/#\/schema\/logo\/image\/","url":"https:\/\/purecosmetics-shop.com\/wp-content\/uploads\/2025\/04\/cropped-Pure-Cosmetics-black-2.png","contentUrl":"https:\/\/purecosmetics-shop.com\/wp-content\/uploads\/2025\/04\/cropped-Pure-Cosmetics-black-2.png","width":2362,"height":2324,"caption":"Pure Cosmetics"},"image":{"@id":"https:\/\/purecosmetics-shop.com\/accueil\/#\/schema\/logo\/image\/"}}]}},"jetpack_sharing_enabled":true,"_links":{"self":[{"href":"https:\/\/purecosmetics-shop.com\/accueil\/wp-json\/wp\/v2\/product\/3302","targetHints":{"allow":["GET"]}}],"collection":[{"href":"https:\/\/purecosmetics-shop.com\/accueil\/wp-json\/wp\/v2\/product"}],"about":[{"href":"https:\/\/purecosmetics-shop.com\/accueil\/wp-json\/wp\/v2\/types\/product"}],"replies":[{"embeddable":true,"href":"https:\/\/purecosmetics-shop.com\/accueil\/wp-json\/wp\/v2\/comments?post=3302"}],"version-history":[{"count":1,"href":"https:\/\/purecosmetics-shop.com\/accueil\/wp-json\/wp\/v2\/product\/3302\/revisions"}],"predecessor-version":[{"id":3310,"href":"https:\/\/purecosmetics-shop.com\/accueil\/wp-json\/wp\/v2\/product\/3302\/revisions\/3310"}],"wp:featuredmedia":[{"embeddable":true,"href":"https:\/\/purecosmetics-shop.com\/accueil\/wp-json\/wp\/v2\/media\/3303"}],"wp:attachment":[{"href":"https:\/\/purecosmetics-shop.com\/accueil\/wp-json\/wp\/v2\/media?parent=3302"}],"wp:term":[{"taxonomy":"product_brand","embeddable":true,"href":"https:\/\/purecosmetics-shop.com\/accueil\/wp-json\/wp\/v2\/product_brand?post=3302"},{"taxonomy":"product_cat","embeddable":true,"href":"https:\/\/purecosmetics-shop.com\/accueil\/wp-json\/wp\/v2\/product_cat?post=3302"},{"taxonomy":"product_tag","embeddable":true,"href":"https:\/\/purecosmetics-shop.com\/accueil\/wp-json\/wp\/v2\/product_tag?post=3302"}],"curies":[{"name":"wp","href":"https:\/\/api.w.org\/{rel}","templated":true}]}}