{"id":3231,"date":"2025-06-10T13:34:27","date_gmt":"2025-06-10T17:34:27","guid":{"rendered":"https:\/\/purecosmetics-shop.com\/accueil\/?post_type=product&#038;p=3231"},"modified":"2026-04-18T14:51:19","modified_gmt":"2026-04-18T18:51:19","slug":"blackhead-melting-softener-special-kit","status":"publish","type":"product","link":"https:\/\/purecosmetics-shop.com\/accueil\/produit\/blackhead-melting-softener-special-kit\/","title":{"rendered":"Blackhead melting softener Special kit"},"content":{"rendered":"<p><strong>Mode d&#8217;emploi:<\/strong><\/p>\n<ul>\n<li>Imbibe une compresse de produit jusqu&rsquo;\u00e0 saturation, puis applique-la sur peau propre et s\u00e8che.<\/li>\n<li>Retire la compresse apr\u00e8s 10 \u00e0 15 minutes et utilise un outil de soin des pores comme un grattoir, un extracteur ou un coton-tige pour \u00e9liminer d\u00e9licatement le s\u00e9bum ramolli.<\/li>\n<li>Rince abondamment \u00e0 l&rsquo;eau ti\u00e8de.<\/li>\n<\/ul>\n<p><strong>Conseil :<\/strong>\u00a0Pour les peaux grasses ou \u00e0 tendance s\u00e9borrh\u00e9ique, utiliser le produit 1 \u00e0 2 fois par semaine ; pour les peaux sensibles, utiliser une fois par semaine.<\/p>\n<p>Inclus dans le kit: 40 cotons, et 10 coton-tige double embout<\/p>\n","protected":false},"excerpt":{"rendered":"<p>Le Blackhead Melting Softener Jumiso est une solution douce mais efficace pour \u00e9liminer les points noirs, con\u00e7ue pour faire fondre et \u00e9liminer le s\u00e9bum tout en emp\u00eachant les pores de se boucher. Enrichi en acide succinique, il cible les points noirs et affine le grain de peau irr\u00e9gulier.<\/p>\n<p>Sa formule contient aussi de l&rsquo;eau de cypr\u00e8s pour apaiser et calmer les peaux irrit\u00e9es, ce qui la rend parfaite pour les peaux sensibles. Enrichie en PHA, elle booste l&rsquo;exfoliation et hydrate la peau, la laissant lisse et rafra\u00eechie.<\/p>\n","protected":false},"featured_media":3425,"comment_status":"open","ping_status":"closed","template":"","meta":[],"product_brand":[175],"product_cat":[108,191,115,116,117,192],"product_tag":[],"class_list":{"0":"post-3231","1":"product","2":"type-product","3":"status-publish","4":"has-post-thumbnail","6":"product_brand-jumiso","7":"product_cat-anti-imperfections-et-pores","8":"product_cat-exfoliant","9":"product_cat-peau-grasse","10":"product_cat-peau-mixte","11":"product_cat-peau-normale","12":"product_cat-traitement-localise","14":"first","15":"instock","16":"shipping-taxable","17":"purchasable","18":"product-type-simple"},"yoast_head":"<!-- This site is optimized with the Yoast SEO plugin v27.4 - https:\/\/yoast.com\/product\/yoast-seo-wordpress\/ -->\n<title>Blackhead melting softener Special kit - Pure Cosmetics<\/title>\n<meta name=\"robots\" content=\"index, follow, max-snippet:-1, max-image-preview:large, max-video-preview:-1\" \/>\n<link rel=\"canonical\" href=\"https:\/\/purecosmetics-shop.com\/accueil\/produit\/blackhead-melting-softener-special-kit\/\" \/>\n<meta property=\"og:locale\" content=\"fr_FR\" \/>\n<meta property=\"og:type\" content=\"article\" \/>\n<meta property=\"og:title\" content=\"Blackhead melting softener Special kit - Pure Cosmetics\" \/>\n<meta property=\"og:description\" content=\"Le Blackhead Melting Softener Jumiso est une solution douce mais efficace pour \u00e9liminer les points noirs, con\u00e7ue pour faire fondre et \u00e9liminer le s\u00e9bum tout en emp\u00eachant les pores de se boucher. Enrichi en acide succinique, il cible les points noirs et affine le grain de peau irr\u00e9gulier.  Sa formule contient aussi de l&#039;eau de cypr\u00e8s pour apaiser et calmer les peaux irrit\u00e9es, ce qui la rend parfaite pour les peaux sensibles. Enrichie en PHA, elle booste l&#039;exfoliation et hydrate la peau, la laissant lisse et rafra\u00eechie.\" \/>\n<meta property=\"og:url\" content=\"https:\/\/purecosmetics-shop.com\/accueil\/produit\/blackhead-melting-softener-special-kit\/\" \/>\n<meta property=\"og:site_name\" content=\"Pure Cosmetics\" \/>\n<meta property=\"article:modified_time\" content=\"2026-04-18T18:51:19+00:00\" \/>\n<meta property=\"og:image\" content=\"https:\/\/purecosmetics-shop.com\/wp-content\/uploads\/2025\/06\/Black-head.webp\" \/>\n\t<meta property=\"og:image:width\" content=\"800\" \/>\n\t<meta property=\"og:image:height\" content=\"800\" \/>\n\t<meta property=\"og:image:type\" content=\"image\/webp\" \/>\n<meta name=\"twitter:card\" content=\"summary_large_image\" \/>\n<meta name=\"twitter:label1\" content=\"Dur\u00e9e de lecture estim\u00e9e\" \/>\n\t<meta name=\"twitter:data1\" content=\"1 minute\" \/>\n<script type=\"application\/ld+json\" class=\"yoast-schema-graph\">{\"@context\":\"https:\\\/\\\/schema.org\",\"@graph\":[{\"@type\":\"WebPage\",\"@id\":\"https:\\\/\\\/purecosmetics-shop.com\\\/accueil\\\/produit\\\/blackhead-melting-softener-special-kit\\\/\",\"url\":\"https:\\\/\\\/purecosmetics-shop.com\\\/accueil\\\/produit\\\/blackhead-melting-softener-special-kit\\\/\",\"name\":\"Blackhead melting softener Special kit - Pure Cosmetics\",\"isPartOf\":{\"@id\":\"https:\\\/\\\/purecosmetics-shop.com\\\/accueil\\\/#website\"},\"primaryImageOfPage\":{\"@id\":\"https:\\\/\\\/purecosmetics-shop.com\\\/accueil\\\/produit\\\/blackhead-melting-softener-special-kit\\\/#primaryimage\"},\"image\":{\"@id\":\"https:\\\/\\\/purecosmetics-shop.com\\\/accueil\\\/produit\\\/blackhead-melting-softener-special-kit\\\/#primaryimage\"},\"thumbnailUrl\":\"https:\\\/\\\/purecosmetics-shop.com\\\/wp-content\\\/uploads\\\/2025\\\/06\\\/Black-head.webp\",\"datePublished\":\"2025-06-10T17:34:27+00:00\",\"dateModified\":\"2026-04-18T18:51:19+00:00\",\"breadcrumb\":{\"@id\":\"https:\\\/\\\/purecosmetics-shop.com\\\/accueil\\\/produit\\\/blackhead-melting-softener-special-kit\\\/#breadcrumb\"},\"inLanguage\":\"fr-FR\",\"potentialAction\":[{\"@type\":\"ReadAction\",\"target\":[\"https:\\\/\\\/purecosmetics-shop.com\\\/accueil\\\/produit\\\/blackhead-melting-softener-special-kit\\\/\"]}]},{\"@type\":\"ImageObject\",\"inLanguage\":\"fr-FR\",\"@id\":\"https:\\\/\\\/purecosmetics-shop.com\\\/accueil\\\/produit\\\/blackhead-melting-softener-special-kit\\\/#primaryimage\",\"url\":\"https:\\\/\\\/purecosmetics-shop.com\\\/wp-content\\\/uploads\\\/2025\\\/06\\\/Black-head.webp\",\"contentUrl\":\"https:\\\/\\\/purecosmetics-shop.com\\\/wp-content\\\/uploads\\\/2025\\\/06\\\/Black-head.webp\",\"width\":800,\"height\":800,\"caption\":\"JUMISO blackhead melting softener product\"},{\"@type\":\"BreadcrumbList\",\"@id\":\"https:\\\/\\\/purecosmetics-shop.com\\\/accueil\\\/produit\\\/blackhead-melting-softener-special-kit\\\/#breadcrumb\",\"itemListElement\":[{\"@type\":\"ListItem\",\"position\":1,\"name\":\"Accueil\",\"item\":\"https:\\\/\\\/purecosmetics-shop.com\\\/accueil\\\/\"},{\"@type\":\"ListItem\",\"position\":2,\"name\":\"NOUVEAUT\u00c9S\",\"item\":\"https:\\\/\\\/purecosmetics-shop.com\\\/accueil\\\/nouveautes\\\/\"},{\"@type\":\"ListItem\",\"position\":3,\"name\":\"Blackhead melting softener Special kit\"}]},{\"@type\":\"WebSite\",\"@id\":\"https:\\\/\\\/purecosmetics-shop.com\\\/accueil\\\/#website\",\"url\":\"https:\\\/\\\/purecosmetics-shop.com\\\/accueil\\\/\",\"name\":\"Pure Cosmetics\",\"description\":\"Skincare cor\u00e9enne et japonais\",\"publisher\":{\"@id\":\"https:\\\/\\\/purecosmetics-shop.com\\\/accueil\\\/#organization\"},\"potentialAction\":[{\"@type\":\"SearchAction\",\"target\":{\"@type\":\"EntryPoint\",\"urlTemplate\":\"https:\\\/\\\/purecosmetics-shop.com\\\/accueil\\\/?s={search_term_string}\"},\"query-input\":{\"@type\":\"PropertyValueSpecification\",\"valueRequired\":true,\"valueName\":\"search_term_string\"}}],\"inLanguage\":\"fr-FR\"},{\"@type\":\"Organization\",\"@id\":\"https:\\\/\\\/purecosmetics-shop.com\\\/accueil\\\/#organization\",\"name\":\"Pure Cosmetics\",\"url\":\"https:\\\/\\\/purecosmetics-shop.com\\\/accueil\\\/\",\"logo\":{\"@type\":\"ImageObject\",\"inLanguage\":\"fr-FR\",\"@id\":\"https:\\\/\\\/purecosmetics-shop.com\\\/accueil\\\/#\\\/schema\\\/logo\\\/image\\\/\",\"url\":\"https:\\\/\\\/purecosmetics-shop.com\\\/wp-content\\\/uploads\\\/2025\\\/04\\\/cropped-Pure-Cosmetics-black-2.png\",\"contentUrl\":\"https:\\\/\\\/purecosmetics-shop.com\\\/wp-content\\\/uploads\\\/2025\\\/04\\\/cropped-Pure-Cosmetics-black-2.png\",\"width\":2362,\"height\":2324,\"caption\":\"Pure Cosmetics\"},\"image\":{\"@id\":\"https:\\\/\\\/purecosmetics-shop.com\\\/accueil\\\/#\\\/schema\\\/logo\\\/image\\\/\"}}]}<\/script>\n<!-- \/ Yoast SEO plugin. -->","yoast_head_json":{"title":"Blackhead melting softener Special kit - Pure Cosmetics","robots":{"index":"index","follow":"follow","max-snippet":"max-snippet:-1","max-image-preview":"max-image-preview:large","max-video-preview":"max-video-preview:-1"},"canonical":"https:\/\/purecosmetics-shop.com\/accueil\/produit\/blackhead-melting-softener-special-kit\/","og_locale":"fr_FR","og_type":"article","og_title":"Blackhead melting softener Special kit - Pure Cosmetics","og_description":"Le Blackhead Melting Softener Jumiso est une solution douce mais efficace pour \u00e9liminer les points noirs, con\u00e7ue pour faire fondre et \u00e9liminer le s\u00e9bum tout en emp\u00eachant les pores de se boucher. Enrichi en acide succinique, il cible les points noirs et affine le grain de peau irr\u00e9gulier.  Sa formule contient aussi de l'eau de cypr\u00e8s pour apaiser et calmer les peaux irrit\u00e9es, ce qui la rend parfaite pour les peaux sensibles. Enrichie en PHA, elle booste l'exfoliation et hydrate la peau, la laissant lisse et rafra\u00eechie.","og_url":"https:\/\/purecosmetics-shop.com\/accueil\/produit\/blackhead-melting-softener-special-kit\/","og_site_name":"Pure Cosmetics","article_modified_time":"2026-04-18T18:51:19+00:00","og_image":[{"width":800,"height":800,"url":"https:\/\/purecosmetics-shop.com\/wp-content\/uploads\/2025\/06\/Black-head.webp","type":"image\/webp"}],"twitter_card":"summary_large_image","twitter_misc":{"Dur\u00e9e de lecture estim\u00e9e":"1 minute"},"schema":{"@context":"https:\/\/schema.org","@graph":[{"@type":"WebPage","@id":"https:\/\/purecosmetics-shop.com\/accueil\/produit\/blackhead-melting-softener-special-kit\/","url":"https:\/\/purecosmetics-shop.com\/accueil\/produit\/blackhead-melting-softener-special-kit\/","name":"Blackhead melting softener Special kit - Pure Cosmetics","isPartOf":{"@id":"https:\/\/purecosmetics-shop.com\/accueil\/#website"},"primaryImageOfPage":{"@id":"https:\/\/purecosmetics-shop.com\/accueil\/produit\/blackhead-melting-softener-special-kit\/#primaryimage"},"image":{"@id":"https:\/\/purecosmetics-shop.com\/accueil\/produit\/blackhead-melting-softener-special-kit\/#primaryimage"},"thumbnailUrl":"https:\/\/purecosmetics-shop.com\/wp-content\/uploads\/2025\/06\/Black-head.webp","datePublished":"2025-06-10T17:34:27+00:00","dateModified":"2026-04-18T18:51:19+00:00","breadcrumb":{"@id":"https:\/\/purecosmetics-shop.com\/accueil\/produit\/blackhead-melting-softener-special-kit\/#breadcrumb"},"inLanguage":"fr-FR","potentialAction":[{"@type":"ReadAction","target":["https:\/\/purecosmetics-shop.com\/accueil\/produit\/blackhead-melting-softener-special-kit\/"]}]},{"@type":"ImageObject","inLanguage":"fr-FR","@id":"https:\/\/purecosmetics-shop.com\/accueil\/produit\/blackhead-melting-softener-special-kit\/#primaryimage","url":"https:\/\/purecosmetics-shop.com\/wp-content\/uploads\/2025\/06\/Black-head.webp","contentUrl":"https:\/\/purecosmetics-shop.com\/wp-content\/uploads\/2025\/06\/Black-head.webp","width":800,"height":800,"caption":"JUMISO blackhead melting softener product"},{"@type":"BreadcrumbList","@id":"https:\/\/purecosmetics-shop.com\/accueil\/produit\/blackhead-melting-softener-special-kit\/#breadcrumb","itemListElement":[{"@type":"ListItem","position":1,"name":"Accueil","item":"https:\/\/purecosmetics-shop.com\/accueil\/"},{"@type":"ListItem","position":2,"name":"NOUVEAUT\u00c9S","item":"https:\/\/purecosmetics-shop.com\/accueil\/nouveautes\/"},{"@type":"ListItem","position":3,"name":"Blackhead melting softener Special kit"}]},{"@type":"WebSite","@id":"https:\/\/purecosmetics-shop.com\/accueil\/#website","url":"https:\/\/purecosmetics-shop.com\/accueil\/","name":"Pure Cosmetics","description":"Skincare cor\u00e9enne et japonais","publisher":{"@id":"https:\/\/purecosmetics-shop.com\/accueil\/#organization"},"potentialAction":[{"@type":"SearchAction","target":{"@type":"EntryPoint","urlTemplate":"https:\/\/purecosmetics-shop.com\/accueil\/?s={search_term_string}"},"query-input":{"@type":"PropertyValueSpecification","valueRequired":true,"valueName":"search_term_string"}}],"inLanguage":"fr-FR"},{"@type":"Organization","@id":"https:\/\/purecosmetics-shop.com\/accueil\/#organization","name":"Pure Cosmetics","url":"https:\/\/purecosmetics-shop.com\/accueil\/","logo":{"@type":"ImageObject","inLanguage":"fr-FR","@id":"https:\/\/purecosmetics-shop.com\/accueil\/#\/schema\/logo\/image\/","url":"https:\/\/purecosmetics-shop.com\/wp-content\/uploads\/2025\/04\/cropped-Pure-Cosmetics-black-2.png","contentUrl":"https:\/\/purecosmetics-shop.com\/wp-content\/uploads\/2025\/04\/cropped-Pure-Cosmetics-black-2.png","width":2362,"height":2324,"caption":"Pure Cosmetics"},"image":{"@id":"https:\/\/purecosmetics-shop.com\/accueil\/#\/schema\/logo\/image\/"}}]}},"jetpack_sharing_enabled":true,"_links":{"self":[{"href":"https:\/\/purecosmetics-shop.com\/accueil\/wp-json\/wp\/v2\/product\/3231","targetHints":{"allow":["GET"]}}],"collection":[{"href":"https:\/\/purecosmetics-shop.com\/accueil\/wp-json\/wp\/v2\/product"}],"about":[{"href":"https:\/\/purecosmetics-shop.com\/accueil\/wp-json\/wp\/v2\/types\/product"}],"replies":[{"embeddable":true,"href":"https:\/\/purecosmetics-shop.com\/accueil\/wp-json\/wp\/v2\/comments?post=3231"}],"version-history":[{"count":4,"href":"https:\/\/purecosmetics-shop.com\/accueil\/wp-json\/wp\/v2\/product\/3231\/revisions"}],"predecessor-version":[{"id":3426,"href":"https:\/\/purecosmetics-shop.com\/accueil\/wp-json\/wp\/v2\/product\/3231\/revisions\/3426"}],"wp:featuredmedia":[{"embeddable":true,"href":"https:\/\/purecosmetics-shop.com\/accueil\/wp-json\/wp\/v2\/media\/3425"}],"wp:attachment":[{"href":"https:\/\/purecosmetics-shop.com\/accueil\/wp-json\/wp\/v2\/media?parent=3231"}],"wp:term":[{"taxonomy":"product_brand","embeddable":true,"href":"https:\/\/purecosmetics-shop.com\/accueil\/wp-json\/wp\/v2\/product_brand?post=3231"},{"taxonomy":"product_cat","embeddable":true,"href":"https:\/\/purecosmetics-shop.com\/accueil\/wp-json\/wp\/v2\/product_cat?post=3231"},{"taxonomy":"product_tag","embeddable":true,"href":"https:\/\/purecosmetics-shop.com\/accueil\/wp-json\/wp\/v2\/product_tag?post=3231"}],"curies":[{"name":"wp","href":"https:\/\/api.w.org\/{rel}","templated":true}]}}