{"id":3224,"date":"2025-06-07T14:21:31","date_gmt":"2025-06-07T18:21:31","guid":{"rendered":"https:\/\/purecosmetics-shop.com\/accueil\/?post_type=product&#038;p=3224"},"modified":"2026-04-16T02:49:06","modified_gmt":"2026-04-16T06:49:06","slug":"ultra-low-molecular-hyaluronic-acid-serum","status":"publish","type":"product","link":"https:\/\/purecosmetics-shop.com\/accueil\/produit\/ultra-low-molecular-hyaluronic-acid-serum\/","title":{"rendered":"ULTRA-LOW MOLECULAR HYALURONIC ACID SERUM"},"content":{"rendered":"<p>Ultra-Low Molecular Hyaluronic Acid Serum contient de l&rsquo;eau de mer profonde riche en min\u00e9raux provenant de l&rsquo;\u00eele d&rsquo;Ulleung, en Cor\u00e9e, pour stimuler la vitalit\u00e9 de la peau.<\/p>\n<p>La pr\u00e9sence de 14 types d&rsquo;acide hyaluronique hydrate la peau en profondeur et renforce la barri\u00e8re cutan\u00e9e.<br \/>\nUn m\u00e9lange de glyc\u00e9ryl glucoside, de panth\u00e9nol, de mad\u00e9cassoside et de b\u00eata-glucane assure une hydratation durable tout en apportant un soin anti-inflammatoire.<\/p>\n<p>Sa formule l\u00e9g\u00e8re p\u00e9n\u00e8tre rapidement dans la peau pour une hydratation et un rafra\u00eechissement instantan\u00e9s.<\/p>\n","protected":false},"excerpt":{"rendered":"<p>Un s\u00e9rum l\u00e9ger v\u00e9gane \u00e0 base d&rsquo;acide hyaluronique, enrichi en eau de mer profonde de l&rsquo;\u00eele d&rsquo;Ulleung, en Cor\u00e9e, qui hydrate et apaise la peau en profondeur.<\/p>\n<p>Contient 14 types d&rsquo;acide hyaluronique pour maintenir l&rsquo;hydratation de la peau pendant une longue p\u00e9riode.<\/p>\n<p>Contient du glyc\u00e9ryl glucoside pour activer les canaux d&rsquo;eau et hydrater abondamment la peau, ainsi que du b\u00eata-glucane pour renforcer la barri\u00e8re cutan\u00e9e et la maintenir hydrat\u00e9e.<\/p>\n","protected":false},"featured_media":3228,"comment_status":"open","ping_status":"closed","template":"","meta":[],"product_brand":[196],"product_cat":[112,117,118,119,21],"product_tag":[],"class_list":{"0":"post-3224","1":"product","2":"type-product","3":"status-publish","4":"has-post-thumbnail","6":"product_brand-isntree","7":"product_cat-hydratation","8":"product_cat-peau-normale","9":"product_cat-peau-seche","10":"product_cat-peau-sensible","11":"product_cat-serum","13":"first","14":"instock","15":"shipping-taxable","16":"purchasable","17":"product-type-simple"},"yoast_head":"<!-- This site is optimized with the Yoast SEO plugin v27.4 - https:\/\/yoast.com\/product\/yoast-seo-wordpress\/ -->\n<title>ULTRA-LOW MOLECULAR HYALURONIC ACID SERUM - Pure Cosmetics<\/title>\n<meta name=\"robots\" content=\"index, follow, max-snippet:-1, max-image-preview:large, max-video-preview:-1\" \/>\n<link rel=\"canonical\" href=\"https:\/\/purecosmetics-shop.com\/accueil\/produit\/ultra-low-molecular-hyaluronic-acid-serum\/\" \/>\n<meta property=\"og:locale\" content=\"fr_FR\" \/>\n<meta property=\"og:type\" content=\"article\" \/>\n<meta property=\"og:title\" content=\"ULTRA-LOW MOLECULAR HYALURONIC ACID SERUM - Pure Cosmetics\" \/>\n<meta property=\"og:description\" content=\"Un s\u00e9rum l\u00e9ger v\u00e9gane \u00e0 base d&#039;acide hyaluronique, enrichi en eau de mer profonde de l&#039;\u00eele d&#039;Ulleung, en Cor\u00e9e, qui hydrate et apaise la peau en profondeur.  Contient 14 types d&#039;acide hyaluronique pour maintenir l&#039;hydratation de la peau pendant une longue p\u00e9riode.  Contient du glyc\u00e9ryl glucoside pour activer les canaux d&#039;eau et hydrater abondamment la peau, ainsi que du b\u00eata-glucane pour renforcer la barri\u00e8re cutan\u00e9e et la maintenir hydrat\u00e9e.\" \/>\n<meta property=\"og:url\" content=\"https:\/\/purecosmetics-shop.com\/accueil\/produit\/ultra-low-molecular-hyaluronic-acid-serum\/\" \/>\n<meta property=\"og:site_name\" content=\"Pure Cosmetics\" \/>\n<meta property=\"article:modified_time\" content=\"2026-04-16T06:49:06+00:00\" \/>\n<meta property=\"og:image\" content=\"https:\/\/purecosmetics-shop.com\/wp-content\/uploads\/2025\/06\/ISNTREE-ULTRA-LOW-MOLECULAR-HYALURONIC-ACID-SERUM.webp\" \/>\n\t<meta property=\"og:image:width\" content=\"1000\" \/>\n\t<meta property=\"og:image:height\" content=\"1000\" \/>\n\t<meta property=\"og:image:type\" content=\"image\/webp\" \/>\n<meta name=\"twitter:card\" content=\"summary_large_image\" \/>\n<meta name=\"twitter:label1\" content=\"Dur\u00e9e de lecture estim\u00e9e\" \/>\n\t<meta name=\"twitter:data1\" content=\"1 minute\" \/>\n<script type=\"application\/ld+json\" class=\"yoast-schema-graph\">{\"@context\":\"https:\\\/\\\/schema.org\",\"@graph\":[{\"@type\":\"WebPage\",\"@id\":\"https:\\\/\\\/purecosmetics-shop.com\\\/accueil\\\/produit\\\/ultra-low-molecular-hyaluronic-acid-serum\\\/\",\"url\":\"https:\\\/\\\/purecosmetics-shop.com\\\/accueil\\\/produit\\\/ultra-low-molecular-hyaluronic-acid-serum\\\/\",\"name\":\"ULTRA-LOW MOLECULAR HYALURONIC ACID SERUM - Pure Cosmetics\",\"isPartOf\":{\"@id\":\"https:\\\/\\\/purecosmetics-shop.com\\\/accueil\\\/#website\"},\"primaryImageOfPage\":{\"@id\":\"https:\\\/\\\/purecosmetics-shop.com\\\/accueil\\\/produit\\\/ultra-low-molecular-hyaluronic-acid-serum\\\/#primaryimage\"},\"image\":{\"@id\":\"https:\\\/\\\/purecosmetics-shop.com\\\/accueil\\\/produit\\\/ultra-low-molecular-hyaluronic-acid-serum\\\/#primaryimage\"},\"thumbnailUrl\":\"https:\\\/\\\/purecosmetics-shop.com\\\/wp-content\\\/uploads\\\/2025\\\/06\\\/ISNTREE-ULTRA-LOW-MOLECULAR-HYALURONIC-ACID-SERUM.webp\",\"datePublished\":\"2025-06-07T18:21:31+00:00\",\"dateModified\":\"2026-04-16T06:49:06+00:00\",\"breadcrumb\":{\"@id\":\"https:\\\/\\\/purecosmetics-shop.com\\\/accueil\\\/produit\\\/ultra-low-molecular-hyaluronic-acid-serum\\\/#breadcrumb\"},\"inLanguage\":\"fr-FR\",\"potentialAction\":[{\"@type\":\"ReadAction\",\"target\":[\"https:\\\/\\\/purecosmetics-shop.com\\\/accueil\\\/produit\\\/ultra-low-molecular-hyaluronic-acid-serum\\\/\"]}]},{\"@type\":\"ImageObject\",\"inLanguage\":\"fr-FR\",\"@id\":\"https:\\\/\\\/purecosmetics-shop.com\\\/accueil\\\/produit\\\/ultra-low-molecular-hyaluronic-acid-serum\\\/#primaryimage\",\"url\":\"https:\\\/\\\/purecosmetics-shop.com\\\/wp-content\\\/uploads\\\/2025\\\/06\\\/ISNTREE-ULTRA-LOW-MOLECULAR-HYALURONIC-ACID-SERUM.webp\",\"contentUrl\":\"https:\\\/\\\/purecosmetics-shop.com\\\/wp-content\\\/uploads\\\/2025\\\/06\\\/ISNTREE-ULTRA-LOW-MOLECULAR-HYALURONIC-ACID-SERUM.webp\",\"width\":1000,\"height\":1000,\"caption\":\"ISNTREE ULTRA-LOW MOLECULAR HYALURONIC ACID SERUM\"},{\"@type\":\"BreadcrumbList\",\"@id\":\"https:\\\/\\\/purecosmetics-shop.com\\\/accueil\\\/produit\\\/ultra-low-molecular-hyaluronic-acid-serum\\\/#breadcrumb\",\"itemListElement\":[{\"@type\":\"ListItem\",\"position\":1,\"name\":\"Accueil\",\"item\":\"https:\\\/\\\/purecosmetics-shop.com\\\/accueil\\\/\"},{\"@type\":\"ListItem\",\"position\":2,\"name\":\"NOUVEAUT\u00c9S\",\"item\":\"https:\\\/\\\/purecosmetics-shop.com\\\/accueil\\\/nouveautes\\\/\"},{\"@type\":\"ListItem\",\"position\":3,\"name\":\"ULTRA-LOW MOLECULAR HYALURONIC ACID SERUM\"}]},{\"@type\":\"WebSite\",\"@id\":\"https:\\\/\\\/purecosmetics-shop.com\\\/accueil\\\/#website\",\"url\":\"https:\\\/\\\/purecosmetics-shop.com\\\/accueil\\\/\",\"name\":\"Pure Cosmetics\",\"description\":\"Skincare cor\u00e9enne et japonais\",\"publisher\":{\"@id\":\"https:\\\/\\\/purecosmetics-shop.com\\\/accueil\\\/#organization\"},\"potentialAction\":[{\"@type\":\"SearchAction\",\"target\":{\"@type\":\"EntryPoint\",\"urlTemplate\":\"https:\\\/\\\/purecosmetics-shop.com\\\/accueil\\\/?s={search_term_string}\"},\"query-input\":{\"@type\":\"PropertyValueSpecification\",\"valueRequired\":true,\"valueName\":\"search_term_string\"}}],\"inLanguage\":\"fr-FR\"},{\"@type\":\"Organization\",\"@id\":\"https:\\\/\\\/purecosmetics-shop.com\\\/accueil\\\/#organization\",\"name\":\"Pure Cosmetics\",\"url\":\"https:\\\/\\\/purecosmetics-shop.com\\\/accueil\\\/\",\"logo\":{\"@type\":\"ImageObject\",\"inLanguage\":\"fr-FR\",\"@id\":\"https:\\\/\\\/purecosmetics-shop.com\\\/accueil\\\/#\\\/schema\\\/logo\\\/image\\\/\",\"url\":\"https:\\\/\\\/purecosmetics-shop.com\\\/wp-content\\\/uploads\\\/2025\\\/04\\\/cropped-Pure-Cosmetics-black-2.png\",\"contentUrl\":\"https:\\\/\\\/purecosmetics-shop.com\\\/wp-content\\\/uploads\\\/2025\\\/04\\\/cropped-Pure-Cosmetics-black-2.png\",\"width\":2362,\"height\":2324,\"caption\":\"Pure Cosmetics\"},\"image\":{\"@id\":\"https:\\\/\\\/purecosmetics-shop.com\\\/accueil\\\/#\\\/schema\\\/logo\\\/image\\\/\"}}]}<\/script>\n<!-- \/ Yoast SEO plugin. -->","yoast_head_json":{"title":"ULTRA-LOW MOLECULAR HYALURONIC ACID SERUM - Pure Cosmetics","robots":{"index":"index","follow":"follow","max-snippet":"max-snippet:-1","max-image-preview":"max-image-preview:large","max-video-preview":"max-video-preview:-1"},"canonical":"https:\/\/purecosmetics-shop.com\/accueil\/produit\/ultra-low-molecular-hyaluronic-acid-serum\/","og_locale":"fr_FR","og_type":"article","og_title":"ULTRA-LOW MOLECULAR HYALURONIC ACID SERUM - Pure Cosmetics","og_description":"Un s\u00e9rum l\u00e9ger v\u00e9gane \u00e0 base d'acide hyaluronique, enrichi en eau de mer profonde de l'\u00eele d'Ulleung, en Cor\u00e9e, qui hydrate et apaise la peau en profondeur.  Contient 14 types d'acide hyaluronique pour maintenir l'hydratation de la peau pendant une longue p\u00e9riode.  Contient du glyc\u00e9ryl glucoside pour activer les canaux d'eau et hydrater abondamment la peau, ainsi que du b\u00eata-glucane pour renforcer la barri\u00e8re cutan\u00e9e et la maintenir hydrat\u00e9e.","og_url":"https:\/\/purecosmetics-shop.com\/accueil\/produit\/ultra-low-molecular-hyaluronic-acid-serum\/","og_site_name":"Pure Cosmetics","article_modified_time":"2026-04-16T06:49:06+00:00","og_image":[{"width":1000,"height":1000,"url":"https:\/\/purecosmetics-shop.com\/wp-content\/uploads\/2025\/06\/ISNTREE-ULTRA-LOW-MOLECULAR-HYALURONIC-ACID-SERUM.webp","type":"image\/webp"}],"twitter_card":"summary_large_image","twitter_misc":{"Dur\u00e9e de lecture estim\u00e9e":"1 minute"},"schema":{"@context":"https:\/\/schema.org","@graph":[{"@type":"WebPage","@id":"https:\/\/purecosmetics-shop.com\/accueil\/produit\/ultra-low-molecular-hyaluronic-acid-serum\/","url":"https:\/\/purecosmetics-shop.com\/accueil\/produit\/ultra-low-molecular-hyaluronic-acid-serum\/","name":"ULTRA-LOW MOLECULAR HYALURONIC ACID SERUM - Pure Cosmetics","isPartOf":{"@id":"https:\/\/purecosmetics-shop.com\/accueil\/#website"},"primaryImageOfPage":{"@id":"https:\/\/purecosmetics-shop.com\/accueil\/produit\/ultra-low-molecular-hyaluronic-acid-serum\/#primaryimage"},"image":{"@id":"https:\/\/purecosmetics-shop.com\/accueil\/produit\/ultra-low-molecular-hyaluronic-acid-serum\/#primaryimage"},"thumbnailUrl":"https:\/\/purecosmetics-shop.com\/wp-content\/uploads\/2025\/06\/ISNTREE-ULTRA-LOW-MOLECULAR-HYALURONIC-ACID-SERUM.webp","datePublished":"2025-06-07T18:21:31+00:00","dateModified":"2026-04-16T06:49:06+00:00","breadcrumb":{"@id":"https:\/\/purecosmetics-shop.com\/accueil\/produit\/ultra-low-molecular-hyaluronic-acid-serum\/#breadcrumb"},"inLanguage":"fr-FR","potentialAction":[{"@type":"ReadAction","target":["https:\/\/purecosmetics-shop.com\/accueil\/produit\/ultra-low-molecular-hyaluronic-acid-serum\/"]}]},{"@type":"ImageObject","inLanguage":"fr-FR","@id":"https:\/\/purecosmetics-shop.com\/accueil\/produit\/ultra-low-molecular-hyaluronic-acid-serum\/#primaryimage","url":"https:\/\/purecosmetics-shop.com\/wp-content\/uploads\/2025\/06\/ISNTREE-ULTRA-LOW-MOLECULAR-HYALURONIC-ACID-SERUM.webp","contentUrl":"https:\/\/purecosmetics-shop.com\/wp-content\/uploads\/2025\/06\/ISNTREE-ULTRA-LOW-MOLECULAR-HYALURONIC-ACID-SERUM.webp","width":1000,"height":1000,"caption":"ISNTREE ULTRA-LOW MOLECULAR HYALURONIC ACID SERUM"},{"@type":"BreadcrumbList","@id":"https:\/\/purecosmetics-shop.com\/accueil\/produit\/ultra-low-molecular-hyaluronic-acid-serum\/#breadcrumb","itemListElement":[{"@type":"ListItem","position":1,"name":"Accueil","item":"https:\/\/purecosmetics-shop.com\/accueil\/"},{"@type":"ListItem","position":2,"name":"NOUVEAUT\u00c9S","item":"https:\/\/purecosmetics-shop.com\/accueil\/nouveautes\/"},{"@type":"ListItem","position":3,"name":"ULTRA-LOW MOLECULAR HYALURONIC ACID SERUM"}]},{"@type":"WebSite","@id":"https:\/\/purecosmetics-shop.com\/accueil\/#website","url":"https:\/\/purecosmetics-shop.com\/accueil\/","name":"Pure Cosmetics","description":"Skincare cor\u00e9enne et japonais","publisher":{"@id":"https:\/\/purecosmetics-shop.com\/accueil\/#organization"},"potentialAction":[{"@type":"SearchAction","target":{"@type":"EntryPoint","urlTemplate":"https:\/\/purecosmetics-shop.com\/accueil\/?s={search_term_string}"},"query-input":{"@type":"PropertyValueSpecification","valueRequired":true,"valueName":"search_term_string"}}],"inLanguage":"fr-FR"},{"@type":"Organization","@id":"https:\/\/purecosmetics-shop.com\/accueil\/#organization","name":"Pure Cosmetics","url":"https:\/\/purecosmetics-shop.com\/accueil\/","logo":{"@type":"ImageObject","inLanguage":"fr-FR","@id":"https:\/\/purecosmetics-shop.com\/accueil\/#\/schema\/logo\/image\/","url":"https:\/\/purecosmetics-shop.com\/wp-content\/uploads\/2025\/04\/cropped-Pure-Cosmetics-black-2.png","contentUrl":"https:\/\/purecosmetics-shop.com\/wp-content\/uploads\/2025\/04\/cropped-Pure-Cosmetics-black-2.png","width":2362,"height":2324,"caption":"Pure Cosmetics"},"image":{"@id":"https:\/\/purecosmetics-shop.com\/accueil\/#\/schema\/logo\/image\/"}}]}},"jetpack_sharing_enabled":true,"_links":{"self":[{"href":"https:\/\/purecosmetics-shop.com\/accueil\/wp-json\/wp\/v2\/product\/3224","targetHints":{"allow":["GET"]}}],"collection":[{"href":"https:\/\/purecosmetics-shop.com\/accueil\/wp-json\/wp\/v2\/product"}],"about":[{"href":"https:\/\/purecosmetics-shop.com\/accueil\/wp-json\/wp\/v2\/types\/product"}],"replies":[{"embeddable":true,"href":"https:\/\/purecosmetics-shop.com\/accueil\/wp-json\/wp\/v2\/comments?post=3224"}],"version-history":[{"count":1,"href":"https:\/\/purecosmetics-shop.com\/accueil\/wp-json\/wp\/v2\/product\/3224\/revisions"}],"predecessor-version":[{"id":3230,"href":"https:\/\/purecosmetics-shop.com\/accueil\/wp-json\/wp\/v2\/product\/3224\/revisions\/3230"}],"wp:featuredmedia":[{"embeddable":true,"href":"https:\/\/purecosmetics-shop.com\/accueil\/wp-json\/wp\/v2\/media\/3228"}],"wp:attachment":[{"href":"https:\/\/purecosmetics-shop.com\/accueil\/wp-json\/wp\/v2\/media?parent=3224"}],"wp:term":[{"taxonomy":"product_brand","embeddable":true,"href":"https:\/\/purecosmetics-shop.com\/accueil\/wp-json\/wp\/v2\/product_brand?post=3224"},{"taxonomy":"product_cat","embeddable":true,"href":"https:\/\/purecosmetics-shop.com\/accueil\/wp-json\/wp\/v2\/product_cat?post=3224"},{"taxonomy":"product_tag","embeddable":true,"href":"https:\/\/purecosmetics-shop.com\/accueil\/wp-json\/wp\/v2\/product_tag?post=3224"}],"curies":[{"name":"wp","href":"https:\/\/api.w.org\/{rel}","templated":true}]}}