{"id":3207,"date":"2025-06-07T13:53:11","date_gmt":"2025-06-07T17:53:11","guid":{"rendered":"https:\/\/purecosmetics-shop.com\/accueil\/?post_type=product&#038;p=3207"},"modified":"2026-04-09T13:34:31","modified_gmt":"2026-04-09T17:34:31","slug":"rx-retinol-bakuchiol-hydrogel-eye-patch","status":"publish","type":"product","link":"https:\/\/purecosmetics-shop.com\/accueil\/produit\/rx-retinol-bakuchiol-hydrogel-eye-patch\/","title":{"rendered":"RX RETINOL BAKUCHIOL HYDROGEL EYE PATCH"},"content":{"rendered":"<p>Ces patchs hydrogel hydratent en profondeur, \u00e9claircissent et lissent la zone d\u00e9licate du dessous de l&rsquo;\u0153il tout en favorisant l&rsquo;\u00e9lasticit\u00e9 pour une apparence rajeunie et rafra\u00eechie.<\/p>\n<p>Gr\u00e2ce \u00e0 leur hydrogel \u00e9cologique d\u00e9riv\u00e9 d&rsquo;algues, ils adh\u00e8rent parfaitement \u00e0 la peau, assurant une absorption maximale du s\u00e9rum concentr\u00e9. Infus\u00e9s d&rsquo;extraits botaniques riches en antioxydants, ces patchs revitalisent les yeux fatigu\u00e9s tout en \u00e9tant suffisamment d\u00e9licats pour une utilisation quotidienne.<\/p>\n<p><strong>Mode d&#8217;emploi:<\/strong><\/p>\n<ul>\n<li>Nettoyer le visage et s\u00e8cher d\u00e9licatement la peau autour de yeux.<\/li>\n<li>Appliquer les patchs sous les yeux.<\/li>\n<li>Laisser agir pendant 20 \u00e0 30 minutes, puis retirer d\u00e9licatement les patchs.<\/li>\n<li>Faire p\u00e9n\u00e9trer l&rsquo;essence restante dans la peau en tapotant.<\/li>\n<\/ul>\n","protected":false},"excerpt":{"rendered":"<p>Les RX Retinol Bakuchiol Hydrogel Eye Patches Heimish sont un traitement avanc\u00e9 pour les yeux con\u00e7us pour cibler, les rides du sourire et les cernes gr\u00e2ce \u00e0 un m\u00e9lange puissant de r\u00e9tinol, de bakuchiol et de niacinamide.<\/p>\n","protected":false},"featured_media":3214,"comment_status":"open","ping_status":"closed","template":"","meta":[],"product_brand":[193],"product_cat":[107,111,23,116,117,118,22],"product_tag":[],"class_list":{"0":"post-3207","1":"product","2":"type-product","3":"status-publish","4":"has-post-thumbnail","6":"product_brand-heimish","7":"product_cat-anti-age-et-elasticite","8":"product_cat-cernes-et-poches","9":"product_cat-masque","10":"product_cat-peau-mixte","11":"product_cat-peau-normale","12":"product_cat-peau-seche","13":"product_cat-yeux","15":"first","16":"outofstock","17":"shipping-taxable","18":"purchasable","19":"product-type-simple"},"yoast_head":"<!-- This site is optimized with the Yoast SEO plugin v27.4 - https:\/\/yoast.com\/product\/yoast-seo-wordpress\/ -->\n<title>RX RETINOL BAKUCHIOL HYDROGEL EYE PATCH - Pure Cosmetics<\/title>\n<meta name=\"robots\" content=\"index, follow, max-snippet:-1, max-image-preview:large, max-video-preview:-1\" \/>\n<link rel=\"canonical\" href=\"https:\/\/purecosmetics-shop.com\/accueil\/produit\/rx-retinol-bakuchiol-hydrogel-eye-patch\/\" \/>\n<meta property=\"og:locale\" content=\"fr_FR\" \/>\n<meta property=\"og:type\" content=\"article\" \/>\n<meta property=\"og:title\" content=\"RX RETINOL BAKUCHIOL HYDROGEL EYE PATCH - Pure Cosmetics\" \/>\n<meta property=\"og:description\" content=\"Les RX Retinol Bakuchiol Hydrogel Eye Patches Heimish sont un traitement avanc\u00e9 pour les yeux con\u00e7us pour cibler, les rides du sourire et les cernes gr\u00e2ce \u00e0 un m\u00e9lange puissant de r\u00e9tinol, de bakuchiol et de niacinamide.\" \/>\n<meta property=\"og:url\" content=\"https:\/\/purecosmetics-shop.com\/accueil\/produit\/rx-retinol-bakuchiol-hydrogel-eye-patch\/\" \/>\n<meta property=\"og:site_name\" content=\"Pure Cosmetics\" \/>\n<meta property=\"article:modified_time\" content=\"2026-04-09T17:34:31+00:00\" \/>\n<meta property=\"og:image\" content=\"https:\/\/purecosmetics-shop.com\/wp-content\/uploads\/2025\/06\/HEIMISH-RX-RETINOL-BAKUCHIOL-HYDROGEL-EYE-PATCH.webp\" \/>\n\t<meta property=\"og:image:width\" content=\"1000\" \/>\n\t<meta property=\"og:image:height\" content=\"1000\" \/>\n\t<meta property=\"og:image:type\" content=\"image\/webp\" \/>\n<meta name=\"twitter:card\" content=\"summary_large_image\" \/>\n<meta name=\"twitter:label1\" content=\"Dur\u00e9e de lecture estim\u00e9e\" \/>\n\t<meta name=\"twitter:data1\" content=\"1 minute\" \/>\n<script type=\"application\/ld+json\" class=\"yoast-schema-graph\">{\"@context\":\"https:\\\/\\\/schema.org\",\"@graph\":[{\"@type\":\"WebPage\",\"@id\":\"https:\\\/\\\/purecosmetics-shop.com\\\/accueil\\\/produit\\\/rx-retinol-bakuchiol-hydrogel-eye-patch\\\/\",\"url\":\"https:\\\/\\\/purecosmetics-shop.com\\\/accueil\\\/produit\\\/rx-retinol-bakuchiol-hydrogel-eye-patch\\\/\",\"name\":\"RX RETINOL BAKUCHIOL HYDROGEL EYE PATCH - Pure Cosmetics\",\"isPartOf\":{\"@id\":\"https:\\\/\\\/purecosmetics-shop.com\\\/accueil\\\/#website\"},\"primaryImageOfPage\":{\"@id\":\"https:\\\/\\\/purecosmetics-shop.com\\\/accueil\\\/produit\\\/rx-retinol-bakuchiol-hydrogel-eye-patch\\\/#primaryimage\"},\"image\":{\"@id\":\"https:\\\/\\\/purecosmetics-shop.com\\\/accueil\\\/produit\\\/rx-retinol-bakuchiol-hydrogel-eye-patch\\\/#primaryimage\"},\"thumbnailUrl\":\"https:\\\/\\\/purecosmetics-shop.com\\\/wp-content\\\/uploads\\\/2025\\\/06\\\/HEIMISH-RX-RETINOL-BAKUCHIOL-HYDROGEL-EYE-PATCH.webp\",\"datePublished\":\"2025-06-07T17:53:11+00:00\",\"dateModified\":\"2026-04-09T17:34:31+00:00\",\"breadcrumb\":{\"@id\":\"https:\\\/\\\/purecosmetics-shop.com\\\/accueil\\\/produit\\\/rx-retinol-bakuchiol-hydrogel-eye-patch\\\/#breadcrumb\"},\"inLanguage\":\"fr-FR\",\"potentialAction\":[{\"@type\":\"ReadAction\",\"target\":[\"https:\\\/\\\/purecosmetics-shop.com\\\/accueil\\\/produit\\\/rx-retinol-bakuchiol-hydrogel-eye-patch\\\/\"]}]},{\"@type\":\"ImageObject\",\"inLanguage\":\"fr-FR\",\"@id\":\"https:\\\/\\\/purecosmetics-shop.com\\\/accueil\\\/produit\\\/rx-retinol-bakuchiol-hydrogel-eye-patch\\\/#primaryimage\",\"url\":\"https:\\\/\\\/purecosmetics-shop.com\\\/wp-content\\\/uploads\\\/2025\\\/06\\\/HEIMISH-RX-RETINOL-BAKUCHIOL-HYDROGEL-EYE-PATCH.webp\",\"contentUrl\":\"https:\\\/\\\/purecosmetics-shop.com\\\/wp-content\\\/uploads\\\/2025\\\/06\\\/HEIMISH-RX-RETINOL-BAKUCHIOL-HYDROGEL-EYE-PATCH.webp\",\"width\":1000,\"height\":1000,\"caption\":\"HEIMISH RX RETINOL BAKUCHIOL HYDROGEL EYE PATCH\"},{\"@type\":\"BreadcrumbList\",\"@id\":\"https:\\\/\\\/purecosmetics-shop.com\\\/accueil\\\/produit\\\/rx-retinol-bakuchiol-hydrogel-eye-patch\\\/#breadcrumb\",\"itemListElement\":[{\"@type\":\"ListItem\",\"position\":1,\"name\":\"Accueil\",\"item\":\"https:\\\/\\\/purecosmetics-shop.com\\\/accueil\\\/\"},{\"@type\":\"ListItem\",\"position\":2,\"name\":\"NOUVEAUT\u00c9S\",\"item\":\"https:\\\/\\\/purecosmetics-shop.com\\\/accueil\\\/nouveautes\\\/\"},{\"@type\":\"ListItem\",\"position\":3,\"name\":\"RX RETINOL BAKUCHIOL HYDROGEL EYE PATCH\"}]},{\"@type\":\"WebSite\",\"@id\":\"https:\\\/\\\/purecosmetics-shop.com\\\/accueil\\\/#website\",\"url\":\"https:\\\/\\\/purecosmetics-shop.com\\\/accueil\\\/\",\"name\":\"Pure Cosmetics\",\"description\":\"Skincare cor\u00e9enne et japonais\",\"publisher\":{\"@id\":\"https:\\\/\\\/purecosmetics-shop.com\\\/accueil\\\/#organization\"},\"potentialAction\":[{\"@type\":\"SearchAction\",\"target\":{\"@type\":\"EntryPoint\",\"urlTemplate\":\"https:\\\/\\\/purecosmetics-shop.com\\\/accueil\\\/?s={search_term_string}\"},\"query-input\":{\"@type\":\"PropertyValueSpecification\",\"valueRequired\":true,\"valueName\":\"search_term_string\"}}],\"inLanguage\":\"fr-FR\"},{\"@type\":\"Organization\",\"@id\":\"https:\\\/\\\/purecosmetics-shop.com\\\/accueil\\\/#organization\",\"name\":\"Pure Cosmetics\",\"url\":\"https:\\\/\\\/purecosmetics-shop.com\\\/accueil\\\/\",\"logo\":{\"@type\":\"ImageObject\",\"inLanguage\":\"fr-FR\",\"@id\":\"https:\\\/\\\/purecosmetics-shop.com\\\/accueil\\\/#\\\/schema\\\/logo\\\/image\\\/\",\"url\":\"https:\\\/\\\/purecosmetics-shop.com\\\/wp-content\\\/uploads\\\/2025\\\/04\\\/cropped-Pure-Cosmetics-black-2.png\",\"contentUrl\":\"https:\\\/\\\/purecosmetics-shop.com\\\/wp-content\\\/uploads\\\/2025\\\/04\\\/cropped-Pure-Cosmetics-black-2.png\",\"width\":2362,\"height\":2324,\"caption\":\"Pure Cosmetics\"},\"image\":{\"@id\":\"https:\\\/\\\/purecosmetics-shop.com\\\/accueil\\\/#\\\/schema\\\/logo\\\/image\\\/\"}}]}<\/script>\n<!-- \/ Yoast SEO plugin. -->","yoast_head_json":{"title":"RX RETINOL BAKUCHIOL HYDROGEL EYE PATCH - Pure Cosmetics","robots":{"index":"index","follow":"follow","max-snippet":"max-snippet:-1","max-image-preview":"max-image-preview:large","max-video-preview":"max-video-preview:-1"},"canonical":"https:\/\/purecosmetics-shop.com\/accueil\/produit\/rx-retinol-bakuchiol-hydrogel-eye-patch\/","og_locale":"fr_FR","og_type":"article","og_title":"RX RETINOL BAKUCHIOL HYDROGEL EYE PATCH - Pure Cosmetics","og_description":"Les RX Retinol Bakuchiol Hydrogel Eye Patches Heimish sont un traitement avanc\u00e9 pour les yeux con\u00e7us pour cibler, les rides du sourire et les cernes gr\u00e2ce \u00e0 un m\u00e9lange puissant de r\u00e9tinol, de bakuchiol et de niacinamide.","og_url":"https:\/\/purecosmetics-shop.com\/accueil\/produit\/rx-retinol-bakuchiol-hydrogel-eye-patch\/","og_site_name":"Pure Cosmetics","article_modified_time":"2026-04-09T17:34:31+00:00","og_image":[{"width":1000,"height":1000,"url":"https:\/\/purecosmetics-shop.com\/wp-content\/uploads\/2025\/06\/HEIMISH-RX-RETINOL-BAKUCHIOL-HYDROGEL-EYE-PATCH.webp","type":"image\/webp"}],"twitter_card":"summary_large_image","twitter_misc":{"Dur\u00e9e de lecture estim\u00e9e":"1 minute"},"schema":{"@context":"https:\/\/schema.org","@graph":[{"@type":"WebPage","@id":"https:\/\/purecosmetics-shop.com\/accueil\/produit\/rx-retinol-bakuchiol-hydrogel-eye-patch\/","url":"https:\/\/purecosmetics-shop.com\/accueil\/produit\/rx-retinol-bakuchiol-hydrogel-eye-patch\/","name":"RX RETINOL BAKUCHIOL HYDROGEL EYE PATCH - Pure Cosmetics","isPartOf":{"@id":"https:\/\/purecosmetics-shop.com\/accueil\/#website"},"primaryImageOfPage":{"@id":"https:\/\/purecosmetics-shop.com\/accueil\/produit\/rx-retinol-bakuchiol-hydrogel-eye-patch\/#primaryimage"},"image":{"@id":"https:\/\/purecosmetics-shop.com\/accueil\/produit\/rx-retinol-bakuchiol-hydrogel-eye-patch\/#primaryimage"},"thumbnailUrl":"https:\/\/purecosmetics-shop.com\/wp-content\/uploads\/2025\/06\/HEIMISH-RX-RETINOL-BAKUCHIOL-HYDROGEL-EYE-PATCH.webp","datePublished":"2025-06-07T17:53:11+00:00","dateModified":"2026-04-09T17:34:31+00:00","breadcrumb":{"@id":"https:\/\/purecosmetics-shop.com\/accueil\/produit\/rx-retinol-bakuchiol-hydrogel-eye-patch\/#breadcrumb"},"inLanguage":"fr-FR","potentialAction":[{"@type":"ReadAction","target":["https:\/\/purecosmetics-shop.com\/accueil\/produit\/rx-retinol-bakuchiol-hydrogel-eye-patch\/"]}]},{"@type":"ImageObject","inLanguage":"fr-FR","@id":"https:\/\/purecosmetics-shop.com\/accueil\/produit\/rx-retinol-bakuchiol-hydrogel-eye-patch\/#primaryimage","url":"https:\/\/purecosmetics-shop.com\/wp-content\/uploads\/2025\/06\/HEIMISH-RX-RETINOL-BAKUCHIOL-HYDROGEL-EYE-PATCH.webp","contentUrl":"https:\/\/purecosmetics-shop.com\/wp-content\/uploads\/2025\/06\/HEIMISH-RX-RETINOL-BAKUCHIOL-HYDROGEL-EYE-PATCH.webp","width":1000,"height":1000,"caption":"HEIMISH RX RETINOL BAKUCHIOL HYDROGEL EYE PATCH"},{"@type":"BreadcrumbList","@id":"https:\/\/purecosmetics-shop.com\/accueil\/produit\/rx-retinol-bakuchiol-hydrogel-eye-patch\/#breadcrumb","itemListElement":[{"@type":"ListItem","position":1,"name":"Accueil","item":"https:\/\/purecosmetics-shop.com\/accueil\/"},{"@type":"ListItem","position":2,"name":"NOUVEAUT\u00c9S","item":"https:\/\/purecosmetics-shop.com\/accueil\/nouveautes\/"},{"@type":"ListItem","position":3,"name":"RX RETINOL BAKUCHIOL HYDROGEL EYE PATCH"}]},{"@type":"WebSite","@id":"https:\/\/purecosmetics-shop.com\/accueil\/#website","url":"https:\/\/purecosmetics-shop.com\/accueil\/","name":"Pure Cosmetics","description":"Skincare cor\u00e9enne et japonais","publisher":{"@id":"https:\/\/purecosmetics-shop.com\/accueil\/#organization"},"potentialAction":[{"@type":"SearchAction","target":{"@type":"EntryPoint","urlTemplate":"https:\/\/purecosmetics-shop.com\/accueil\/?s={search_term_string}"},"query-input":{"@type":"PropertyValueSpecification","valueRequired":true,"valueName":"search_term_string"}}],"inLanguage":"fr-FR"},{"@type":"Organization","@id":"https:\/\/purecosmetics-shop.com\/accueil\/#organization","name":"Pure Cosmetics","url":"https:\/\/purecosmetics-shop.com\/accueil\/","logo":{"@type":"ImageObject","inLanguage":"fr-FR","@id":"https:\/\/purecosmetics-shop.com\/accueil\/#\/schema\/logo\/image\/","url":"https:\/\/purecosmetics-shop.com\/wp-content\/uploads\/2025\/04\/cropped-Pure-Cosmetics-black-2.png","contentUrl":"https:\/\/purecosmetics-shop.com\/wp-content\/uploads\/2025\/04\/cropped-Pure-Cosmetics-black-2.png","width":2362,"height":2324,"caption":"Pure Cosmetics"},"image":{"@id":"https:\/\/purecosmetics-shop.com\/accueil\/#\/schema\/logo\/image\/"}}]}},"jetpack_sharing_enabled":true,"_links":{"self":[{"href":"https:\/\/purecosmetics-shop.com\/accueil\/wp-json\/wp\/v2\/product\/3207","targetHints":{"allow":["GET"]}}],"collection":[{"href":"https:\/\/purecosmetics-shop.com\/accueil\/wp-json\/wp\/v2\/product"}],"about":[{"href":"https:\/\/purecosmetics-shop.com\/accueil\/wp-json\/wp\/v2\/types\/product"}],"replies":[{"embeddable":true,"href":"https:\/\/purecosmetics-shop.com\/accueil\/wp-json\/wp\/v2\/comments?post=3207"}],"version-history":[{"count":1,"href":"https:\/\/purecosmetics-shop.com\/accueil\/wp-json\/wp\/v2\/product\/3207\/revisions"}],"predecessor-version":[{"id":3216,"href":"https:\/\/purecosmetics-shop.com\/accueil\/wp-json\/wp\/v2\/product\/3207\/revisions\/3216"}],"wp:featuredmedia":[{"embeddable":true,"href":"https:\/\/purecosmetics-shop.com\/accueil\/wp-json\/wp\/v2\/media\/3214"}],"wp:attachment":[{"href":"https:\/\/purecosmetics-shop.com\/accueil\/wp-json\/wp\/v2\/media?parent=3207"}],"wp:term":[{"taxonomy":"product_brand","embeddable":true,"href":"https:\/\/purecosmetics-shop.com\/accueil\/wp-json\/wp\/v2\/product_brand?post=3207"},{"taxonomy":"product_cat","embeddable":true,"href":"https:\/\/purecosmetics-shop.com\/accueil\/wp-json\/wp\/v2\/product_cat?post=3207"},{"taxonomy":"product_tag","embeddable":true,"href":"https:\/\/purecosmetics-shop.com\/accueil\/wp-json\/wp\/v2\/product_tag?post=3207"}],"curies":[{"name":"wp","href":"https:\/\/api.w.org\/{rel}","templated":true}]}}