{"id":3192,"date":"2025-06-10T13:35:33","date_gmt":"2025-06-10T17:35:33","guid":{"rendered":"https:\/\/purecosmetics-shop.com\/accueil\/?post_type=product&#038;p=3192"},"modified":"2026-04-16T01:07:59","modified_gmt":"2026-04-16T05:07:59","slug":"pore-refresh-grinding-cleansing-balm","status":"publish","type":"product","link":"https:\/\/purecosmetics-shop.com\/accueil\/produit\/pore-refresh-grinding-cleansing-balm\/","title":{"rendered":"Pore Refresh Grinding Cleansing Balm"},"content":{"rendered":"<p>Ce baume nettoyant hypoallerg\u00e9nique nettoie en douceur et en profondeur le maquillage et les impuret\u00e9s, sans irritation.<\/p>\n<p>Formul\u00e9 \u00e0 base d&rsquo;extrait de feuille de Camellia Sinensis qui aide \u00e0 r\u00e9guler la s\u00e9cr\u00e9tion de s\u00e9bum et d&rsquo;huile de soja qui contribue \u00e0 maintenir l&rsquo;\u00e9quilibre hydrique de la peau.<\/p>\n<p>Contient du sulfonate de guaiazul\u00e8ne sodique qui apaise les rougeurs et les peaux irrit\u00e9es et sensibles.<\/p>\n<p>Contient de l&rsquo;huile de graines de Simmondsia Chinensis (jojoba), de l&rsquo;huile de son d&rsquo;Oryza Sativa (riz) et un complexe v\u00e9g\u00e9tal qui pr\u00e9servent l&rsquo;hydratation de la peau apr\u00e8s le nettoyage.<\/p>\n<p><strong>Mode d&#8217;emploi\u00a0:<\/strong><\/p>\n<p>1. Pr\u00e9levez une noisette de produit et massez d\u00e9licatement le visage pour \u00e9liminer le maquillage et les impuret\u00e9s.<\/p>\n<p>2. Rincez abondamment \u00e0 l&rsquo;eau ti\u00e8de.<\/p>\n","protected":false},"excerpt":{"rendered":"<p>Ce baume nettoyant \u00e9limine efficacement le maquillage tenace, les impuret\u00e9s et les impuret\u00e9s de la peau sans laisser de film gras.<\/p>\n<p>Infus\u00e9 d&rsquo;extrait de th\u00e9 vert, d&rsquo;huile de soja et de guaiazul\u00e8ne sulfonate de sodium, il r\u00e9duit l&rsquo;exc\u00e8s de s\u00e9bum tout en hydratant et apaisant. Sa formule vegan et cruelty-free est sans parfums ni colorants artificiels.<\/p>\n<p>Convient \u00e0 tous les types de peau, m\u00eame les plus sensibles.<\/p>\n","protected":false},"featured_media":3199,"comment_status":"open","ping_status":"closed","template":"","meta":[],"product_brand":[163],"product_cat":[108,18,115,116,119],"product_tag":[],"class_list":{"0":"post-3192","1":"product","2":"type-product","3":"status-publish","4":"has-post-thumbnail","6":"product_brand-dr-althea","7":"product_cat-anti-imperfections-et-pores","8":"product_cat-nettoyant-visage","9":"product_cat-peau-grasse","10":"product_cat-peau-mixte","11":"product_cat-peau-sensible","13":"first","14":"instock","15":"shipping-taxable","16":"purchasable","17":"product-type-simple"},"yoast_head":"<!-- This site is optimized with the Yoast SEO plugin v27.4 - https:\/\/yoast.com\/product\/yoast-seo-wordpress\/ -->\n<title>Pore Refresh Grinding Cleansing Balm - Pure Cosmetics<\/title>\n<meta name=\"robots\" content=\"index, follow, max-snippet:-1, max-image-preview:large, max-video-preview:-1\" \/>\n<link rel=\"canonical\" href=\"https:\/\/purecosmetics-shop.com\/accueil\/produit\/pore-refresh-grinding-cleansing-balm\/\" \/>\n<meta property=\"og:locale\" content=\"fr_FR\" \/>\n<meta property=\"og:type\" content=\"article\" \/>\n<meta property=\"og:title\" content=\"Pore Refresh Grinding Cleansing Balm - Pure Cosmetics\" \/>\n<meta property=\"og:description\" content=\"Ce baume nettoyant \u00e9limine efficacement le maquillage tenace, les impuret\u00e9s et les impuret\u00e9s de la peau sans laisser de film gras.  Infus\u00e9 d&#039;extrait de th\u00e9 vert, d&#039;huile de soja et de guaiazul\u00e8ne sulfonate de sodium, il r\u00e9duit l&#039;exc\u00e8s de s\u00e9bum tout en hydratant et apaisant. Sa formule vegan et cruelty-free est sans parfums ni colorants artificiels.  Convient \u00e0 tous les types de peau, m\u00eame les plus sensibles.\" \/>\n<meta property=\"og:url\" content=\"https:\/\/purecosmetics-shop.com\/accueil\/produit\/pore-refresh-grinding-cleansing-balm\/\" \/>\n<meta property=\"og:site_name\" content=\"Pure Cosmetics\" \/>\n<meta property=\"article:modified_time\" content=\"2026-04-16T05:07:59+00:00\" \/>\n<meta property=\"og:image\" content=\"https:\/\/purecosmetics-shop.com\/wp-content\/uploads\/2025\/06\/DR-ALTHEA-Pore-Refresh-Grinding-Cleansing-Balm.webp\" \/>\n\t<meta property=\"og:image:width\" content=\"640\" \/>\n\t<meta property=\"og:image:height\" content=\"640\" \/>\n\t<meta property=\"og:image:type\" content=\"image\/webp\" \/>\n<meta name=\"twitter:card\" content=\"summary_large_image\" \/>\n<meta name=\"twitter:label1\" content=\"Dur\u00e9e de lecture estim\u00e9e\" \/>\n\t<meta name=\"twitter:data1\" content=\"1 minute\" \/>\n<script type=\"application\/ld+json\" class=\"yoast-schema-graph\">{\"@context\":\"https:\\\/\\\/schema.org\",\"@graph\":[{\"@type\":\"WebPage\",\"@id\":\"https:\\\/\\\/purecosmetics-shop.com\\\/accueil\\\/produit\\\/pore-refresh-grinding-cleansing-balm\\\/\",\"url\":\"https:\\\/\\\/purecosmetics-shop.com\\\/accueil\\\/produit\\\/pore-refresh-grinding-cleansing-balm\\\/\",\"name\":\"Pore Refresh Grinding Cleansing Balm - Pure Cosmetics\",\"isPartOf\":{\"@id\":\"https:\\\/\\\/purecosmetics-shop.com\\\/accueil\\\/#website\"},\"primaryImageOfPage\":{\"@id\":\"https:\\\/\\\/purecosmetics-shop.com\\\/accueil\\\/produit\\\/pore-refresh-grinding-cleansing-balm\\\/#primaryimage\"},\"image\":{\"@id\":\"https:\\\/\\\/purecosmetics-shop.com\\\/accueil\\\/produit\\\/pore-refresh-grinding-cleansing-balm\\\/#primaryimage\"},\"thumbnailUrl\":\"https:\\\/\\\/purecosmetics-shop.com\\\/wp-content\\\/uploads\\\/2025\\\/06\\\/DR-ALTHEA-Pore-Refresh-Grinding-Cleansing-Balm.webp\",\"datePublished\":\"2025-06-10T17:35:33+00:00\",\"dateModified\":\"2026-04-16T05:07:59+00:00\",\"breadcrumb\":{\"@id\":\"https:\\\/\\\/purecosmetics-shop.com\\\/accueil\\\/produit\\\/pore-refresh-grinding-cleansing-balm\\\/#breadcrumb\"},\"inLanguage\":\"fr-FR\",\"potentialAction\":[{\"@type\":\"ReadAction\",\"target\":[\"https:\\\/\\\/purecosmetics-shop.com\\\/accueil\\\/produit\\\/pore-refresh-grinding-cleansing-balm\\\/\"]}]},{\"@type\":\"ImageObject\",\"inLanguage\":\"fr-FR\",\"@id\":\"https:\\\/\\\/purecosmetics-shop.com\\\/accueil\\\/produit\\\/pore-refresh-grinding-cleansing-balm\\\/#primaryimage\",\"url\":\"https:\\\/\\\/purecosmetics-shop.com\\\/wp-content\\\/uploads\\\/2025\\\/06\\\/DR-ALTHEA-Pore-Refresh-Grinding-Cleansing-Balm.webp\",\"contentUrl\":\"https:\\\/\\\/purecosmetics-shop.com\\\/wp-content\\\/uploads\\\/2025\\\/06\\\/DR-ALTHEA-Pore-Refresh-Grinding-Cleansing-Balm.webp\",\"width\":640,\"height\":640,\"caption\":\"DR ALTHEA Pore Refresh Grinding Cleansing Balm\"},{\"@type\":\"BreadcrumbList\",\"@id\":\"https:\\\/\\\/purecosmetics-shop.com\\\/accueil\\\/produit\\\/pore-refresh-grinding-cleansing-balm\\\/#breadcrumb\",\"itemListElement\":[{\"@type\":\"ListItem\",\"position\":1,\"name\":\"Accueil\",\"item\":\"https:\\\/\\\/purecosmetics-shop.com\\\/accueil\\\/\"},{\"@type\":\"ListItem\",\"position\":2,\"name\":\"NOUVEAUT\u00c9S\",\"item\":\"https:\\\/\\\/purecosmetics-shop.com\\\/accueil\\\/nouveautes\\\/\"},{\"@type\":\"ListItem\",\"position\":3,\"name\":\"Pore Refresh Grinding Cleansing Balm\"}]},{\"@type\":\"WebSite\",\"@id\":\"https:\\\/\\\/purecosmetics-shop.com\\\/accueil\\\/#website\",\"url\":\"https:\\\/\\\/purecosmetics-shop.com\\\/accueil\\\/\",\"name\":\"Pure Cosmetics\",\"description\":\"Skincare cor\u00e9enne et japonais\",\"publisher\":{\"@id\":\"https:\\\/\\\/purecosmetics-shop.com\\\/accueil\\\/#organization\"},\"potentialAction\":[{\"@type\":\"SearchAction\",\"target\":{\"@type\":\"EntryPoint\",\"urlTemplate\":\"https:\\\/\\\/purecosmetics-shop.com\\\/accueil\\\/?s={search_term_string}\"},\"query-input\":{\"@type\":\"PropertyValueSpecification\",\"valueRequired\":true,\"valueName\":\"search_term_string\"}}],\"inLanguage\":\"fr-FR\"},{\"@type\":\"Organization\",\"@id\":\"https:\\\/\\\/purecosmetics-shop.com\\\/accueil\\\/#organization\",\"name\":\"Pure Cosmetics\",\"url\":\"https:\\\/\\\/purecosmetics-shop.com\\\/accueil\\\/\",\"logo\":{\"@type\":\"ImageObject\",\"inLanguage\":\"fr-FR\",\"@id\":\"https:\\\/\\\/purecosmetics-shop.com\\\/accueil\\\/#\\\/schema\\\/logo\\\/image\\\/\",\"url\":\"https:\\\/\\\/purecosmetics-shop.com\\\/wp-content\\\/uploads\\\/2025\\\/04\\\/cropped-Pure-Cosmetics-black-2.png\",\"contentUrl\":\"https:\\\/\\\/purecosmetics-shop.com\\\/wp-content\\\/uploads\\\/2025\\\/04\\\/cropped-Pure-Cosmetics-black-2.png\",\"width\":2362,\"height\":2324,\"caption\":\"Pure Cosmetics\"},\"image\":{\"@id\":\"https:\\\/\\\/purecosmetics-shop.com\\\/accueil\\\/#\\\/schema\\\/logo\\\/image\\\/\"}}]}<\/script>\n<!-- \/ Yoast SEO plugin. -->","yoast_head_json":{"title":"Pore Refresh Grinding Cleansing Balm - Pure Cosmetics","robots":{"index":"index","follow":"follow","max-snippet":"max-snippet:-1","max-image-preview":"max-image-preview:large","max-video-preview":"max-video-preview:-1"},"canonical":"https:\/\/purecosmetics-shop.com\/accueil\/produit\/pore-refresh-grinding-cleansing-balm\/","og_locale":"fr_FR","og_type":"article","og_title":"Pore Refresh Grinding Cleansing Balm - Pure Cosmetics","og_description":"Ce baume nettoyant \u00e9limine efficacement le maquillage tenace, les impuret\u00e9s et les impuret\u00e9s de la peau sans laisser de film gras.  Infus\u00e9 d'extrait de th\u00e9 vert, d'huile de soja et de guaiazul\u00e8ne sulfonate de sodium, il r\u00e9duit l'exc\u00e8s de s\u00e9bum tout en hydratant et apaisant. Sa formule vegan et cruelty-free est sans parfums ni colorants artificiels.  Convient \u00e0 tous les types de peau, m\u00eame les plus sensibles.","og_url":"https:\/\/purecosmetics-shop.com\/accueil\/produit\/pore-refresh-grinding-cleansing-balm\/","og_site_name":"Pure Cosmetics","article_modified_time":"2026-04-16T05:07:59+00:00","og_image":[{"width":640,"height":640,"url":"https:\/\/purecosmetics-shop.com\/wp-content\/uploads\/2025\/06\/DR-ALTHEA-Pore-Refresh-Grinding-Cleansing-Balm.webp","type":"image\/webp"}],"twitter_card":"summary_large_image","twitter_misc":{"Dur\u00e9e de lecture estim\u00e9e":"1 minute"},"schema":{"@context":"https:\/\/schema.org","@graph":[{"@type":"WebPage","@id":"https:\/\/purecosmetics-shop.com\/accueil\/produit\/pore-refresh-grinding-cleansing-balm\/","url":"https:\/\/purecosmetics-shop.com\/accueil\/produit\/pore-refresh-grinding-cleansing-balm\/","name":"Pore Refresh Grinding Cleansing Balm - Pure Cosmetics","isPartOf":{"@id":"https:\/\/purecosmetics-shop.com\/accueil\/#website"},"primaryImageOfPage":{"@id":"https:\/\/purecosmetics-shop.com\/accueil\/produit\/pore-refresh-grinding-cleansing-balm\/#primaryimage"},"image":{"@id":"https:\/\/purecosmetics-shop.com\/accueil\/produit\/pore-refresh-grinding-cleansing-balm\/#primaryimage"},"thumbnailUrl":"https:\/\/purecosmetics-shop.com\/wp-content\/uploads\/2025\/06\/DR-ALTHEA-Pore-Refresh-Grinding-Cleansing-Balm.webp","datePublished":"2025-06-10T17:35:33+00:00","dateModified":"2026-04-16T05:07:59+00:00","breadcrumb":{"@id":"https:\/\/purecosmetics-shop.com\/accueil\/produit\/pore-refresh-grinding-cleansing-balm\/#breadcrumb"},"inLanguage":"fr-FR","potentialAction":[{"@type":"ReadAction","target":["https:\/\/purecosmetics-shop.com\/accueil\/produit\/pore-refresh-grinding-cleansing-balm\/"]}]},{"@type":"ImageObject","inLanguage":"fr-FR","@id":"https:\/\/purecosmetics-shop.com\/accueil\/produit\/pore-refresh-grinding-cleansing-balm\/#primaryimage","url":"https:\/\/purecosmetics-shop.com\/wp-content\/uploads\/2025\/06\/DR-ALTHEA-Pore-Refresh-Grinding-Cleansing-Balm.webp","contentUrl":"https:\/\/purecosmetics-shop.com\/wp-content\/uploads\/2025\/06\/DR-ALTHEA-Pore-Refresh-Grinding-Cleansing-Balm.webp","width":640,"height":640,"caption":"DR ALTHEA Pore Refresh Grinding Cleansing Balm"},{"@type":"BreadcrumbList","@id":"https:\/\/purecosmetics-shop.com\/accueil\/produit\/pore-refresh-grinding-cleansing-balm\/#breadcrumb","itemListElement":[{"@type":"ListItem","position":1,"name":"Accueil","item":"https:\/\/purecosmetics-shop.com\/accueil\/"},{"@type":"ListItem","position":2,"name":"NOUVEAUT\u00c9S","item":"https:\/\/purecosmetics-shop.com\/accueil\/nouveautes\/"},{"@type":"ListItem","position":3,"name":"Pore Refresh Grinding Cleansing Balm"}]},{"@type":"WebSite","@id":"https:\/\/purecosmetics-shop.com\/accueil\/#website","url":"https:\/\/purecosmetics-shop.com\/accueil\/","name":"Pure Cosmetics","description":"Skincare cor\u00e9enne et japonais","publisher":{"@id":"https:\/\/purecosmetics-shop.com\/accueil\/#organization"},"potentialAction":[{"@type":"SearchAction","target":{"@type":"EntryPoint","urlTemplate":"https:\/\/purecosmetics-shop.com\/accueil\/?s={search_term_string}"},"query-input":{"@type":"PropertyValueSpecification","valueRequired":true,"valueName":"search_term_string"}}],"inLanguage":"fr-FR"},{"@type":"Organization","@id":"https:\/\/purecosmetics-shop.com\/accueil\/#organization","name":"Pure Cosmetics","url":"https:\/\/purecosmetics-shop.com\/accueil\/","logo":{"@type":"ImageObject","inLanguage":"fr-FR","@id":"https:\/\/purecosmetics-shop.com\/accueil\/#\/schema\/logo\/image\/","url":"https:\/\/purecosmetics-shop.com\/wp-content\/uploads\/2025\/04\/cropped-Pure-Cosmetics-black-2.png","contentUrl":"https:\/\/purecosmetics-shop.com\/wp-content\/uploads\/2025\/04\/cropped-Pure-Cosmetics-black-2.png","width":2362,"height":2324,"caption":"Pure Cosmetics"},"image":{"@id":"https:\/\/purecosmetics-shop.com\/accueil\/#\/schema\/logo\/image\/"}}]}},"jetpack_sharing_enabled":true,"_links":{"self":[{"href":"https:\/\/purecosmetics-shop.com\/accueil\/wp-json\/wp\/v2\/product\/3192","targetHints":{"allow":["GET"]}}],"collection":[{"href":"https:\/\/purecosmetics-shop.com\/accueil\/wp-json\/wp\/v2\/product"}],"about":[{"href":"https:\/\/purecosmetics-shop.com\/accueil\/wp-json\/wp\/v2\/types\/product"}],"replies":[{"embeddable":true,"href":"https:\/\/purecosmetics-shop.com\/accueil\/wp-json\/wp\/v2\/comments?post=3192"}],"version-history":[{"count":1,"href":"https:\/\/purecosmetics-shop.com\/accueil\/wp-json\/wp\/v2\/product\/3192\/revisions"}],"predecessor-version":[{"id":3200,"href":"https:\/\/purecosmetics-shop.com\/accueil\/wp-json\/wp\/v2\/product\/3192\/revisions\/3200"}],"wp:featuredmedia":[{"embeddable":true,"href":"https:\/\/purecosmetics-shop.com\/accueil\/wp-json\/wp\/v2\/media\/3199"}],"wp:attachment":[{"href":"https:\/\/purecosmetics-shop.com\/accueil\/wp-json\/wp\/v2\/media?parent=3192"}],"wp:term":[{"taxonomy":"product_brand","embeddable":true,"href":"https:\/\/purecosmetics-shop.com\/accueil\/wp-json\/wp\/v2\/product_brand?post=3192"},{"taxonomy":"product_cat","embeddable":true,"href":"https:\/\/purecosmetics-shop.com\/accueil\/wp-json\/wp\/v2\/product_cat?post=3192"},{"taxonomy":"product_tag","embeddable":true,"href":"https:\/\/purecosmetics-shop.com\/accueil\/wp-json\/wp\/v2\/product_tag?post=3192"}],"curies":[{"name":"wp","href":"https:\/\/api.w.org\/{rel}","templated":true}]}}