{"id":3158,"date":"2025-06-10T13:39:10","date_gmt":"2025-06-10T17:39:10","guid":{"rendered":"https:\/\/purecosmetics-shop.com\/accueil\/?post_type=product&#038;p=3158"},"modified":"2026-04-18T07:28:52","modified_gmt":"2026-04-18T11:28:52","slug":"fresh-rosehip-rice-mochi-cleanser","status":"publish","type":"product","link":"https:\/\/purecosmetics-shop.com\/accueil\/produit\/fresh-rosehip-rice-mochi-cleanser\/","title":{"rendered":"FRESH ROSEHIP RICE MOCHI CLEANSER"},"content":{"rendered":"<ul>\n<li>Extrait de cynorhodon : Riche en antioxydants et en vitamine A, il illumine et am\u00e9liore la texture de la peau en douceur.<\/li>\n<li>Eau et poudre de riz : Aide \u00e0 exfolier les impuret\u00e9s et \u00e0 obtenir un fini lisse et lumineux.<\/li>\n<li>Extrait d&rsquo;aloe vera rose : Apaise les inflammations et hydrate en profondeur les peaux s\u00e8ches ou sensibles.<\/li>\n<li>Extrait de camomille : Apaise les irritations et apaise les rougeurs.<\/li>\n<\/ul>\n","protected":false},"excerpt":{"rendered":"<p>Le Fresh Rosehip Rice Mochi Cleanser est un nettoyant doux \u00e0 base de riz (\u00e0 la texture mochi de riz), cliniquement test\u00e9e pour am\u00e9liorer le teint, la texture et l&rsquo;hydratation de la peau, tout en apaisant les rougeurs et en minimisant les points blancs.<\/p>\n<p>Formul\u00e9 \u00e0 base de riz ferment\u00e9, de rose musqu\u00e9e et d&rsquo;alo\u00e8s rose, il est id\u00e9al pour les peaux s\u00e8ches, ternes ou facilement irrit\u00e9es qui ont besoin d&rsquo;une cure de jouvence.<\/p>\n<p>Test\u00e9 cliniquement pour am\u00e9liorer l&rsquo;hydratation et l&rsquo;\u00e9quilibre hydrique de la peau apr\u00e8s utilisation.<br \/>\nId\u00e9al pour les peaux ternes, sensibles ou \u00e0 teint irr\u00e9gulier.<\/p>\n<p>Utilisez-le \u00e0 la fois comme masque \u00e0 l\u2019argile et\/ou comme nettoyant pour profiter pleinement de ses bienfaits.<\/p>\n","protected":false},"featured_media":3159,"comment_status":"open","ping_status":"closed","template":"","meta":[],"product_brand":[188],"product_cat":[108,18,114,115,116,117,118],"product_tag":[],"class_list":{"0":"post-3158","1":"product","2":"type-product","3":"status-publish","4":"has-post-thumbnail","6":"product_brand-arencia","7":"product_cat-anti-imperfections-et-pores","8":"product_cat-nettoyant-visage","9":"product_cat-peau-granuleuse","10":"product_cat-peau-grasse","11":"product_cat-peau-mixte","12":"product_cat-peau-normale","13":"product_cat-peau-seche","15":"first","16":"instock","17":"shipping-taxable","18":"purchasable","19":"product-type-simple"},"yoast_head":"<!-- This site is optimized with the Yoast SEO plugin v27.4 - https:\/\/yoast.com\/product\/yoast-seo-wordpress\/ -->\n<title>FRESH ROSEHIP RICE MOCHI CLEANSER - Pure Cosmetics<\/title>\n<meta name=\"robots\" content=\"index, follow, max-snippet:-1, max-image-preview:large, max-video-preview:-1\" \/>\n<link rel=\"canonical\" href=\"https:\/\/purecosmetics-shop.com\/accueil\/produit\/fresh-rosehip-rice-mochi-cleanser\/\" \/>\n<meta property=\"og:locale\" content=\"fr_FR\" \/>\n<meta property=\"og:type\" content=\"article\" \/>\n<meta property=\"og:title\" content=\"FRESH ROSEHIP RICE MOCHI CLEANSER - Pure Cosmetics\" \/>\n<meta property=\"og:description\" content=\"Le Fresh Rosehip Rice Mochi Cleanser est un nettoyant doux \u00e0 base de riz (\u00e0 la texture mochi de riz), cliniquement test\u00e9e pour am\u00e9liorer le teint, la texture et l&#039;hydratation de la peau, tout en apaisant les rougeurs et en minimisant les points blancs.  Formul\u00e9 \u00e0 base de riz ferment\u00e9, de rose musqu\u00e9e et d&#039;alo\u00e8s rose, il est id\u00e9al pour les peaux s\u00e8ches, ternes ou facilement irrit\u00e9es qui ont besoin d&#039;une cure de jouvence.  Test\u00e9 cliniquement pour am\u00e9liorer l&#039;hydratation et l&#039;\u00e9quilibre hydrique de la peau apr\u00e8s utilisation. Id\u00e9al pour les peaux ternes, sensibles ou \u00e0 teint irr\u00e9gulier.  Utilisez-le \u00e0 la fois comme masque \u00e0 l\u2019argile et\/ou comme nettoyant pour profiter pleinement de ses bienfaits.\" \/>\n<meta property=\"og:url\" content=\"https:\/\/purecosmetics-shop.com\/accueil\/produit\/fresh-rosehip-rice-mochi-cleanser\/\" \/>\n<meta property=\"og:site_name\" content=\"Pure Cosmetics\" \/>\n<meta property=\"article:modified_time\" content=\"2026-04-18T11:28:52+00:00\" \/>\n<meta property=\"og:image\" content=\"https:\/\/purecosmetics-shop.com\/wp-content\/uploads\/2025\/06\/Arencia-Fresh-Rosehip-Rice-Mochi-Cleanser-1-e1750185085848.webp\" \/>\n\t<meta property=\"og:image:width\" content=\"820\" \/>\n\t<meta property=\"og:image:height\" content=\"820\" \/>\n\t<meta property=\"og:image:type\" content=\"image\/webp\" \/>\n<meta name=\"twitter:card\" content=\"summary_large_image\" \/>\n<meta name=\"twitter:label1\" content=\"Dur\u00e9e de lecture estim\u00e9e\" \/>\n\t<meta name=\"twitter:data1\" content=\"1 minute\" \/>\n<script type=\"application\/ld+json\" class=\"yoast-schema-graph\">{\"@context\":\"https:\\\/\\\/schema.org\",\"@graph\":[{\"@type\":\"WebPage\",\"@id\":\"https:\\\/\\\/purecosmetics-shop.com\\\/accueil\\\/produit\\\/fresh-rosehip-rice-mochi-cleanser\\\/\",\"url\":\"https:\\\/\\\/purecosmetics-shop.com\\\/accueil\\\/produit\\\/fresh-rosehip-rice-mochi-cleanser\\\/\",\"name\":\"FRESH ROSEHIP RICE MOCHI CLEANSER - Pure Cosmetics\",\"isPartOf\":{\"@id\":\"https:\\\/\\\/purecosmetics-shop.com\\\/accueil\\\/#website\"},\"primaryImageOfPage\":{\"@id\":\"https:\\\/\\\/purecosmetics-shop.com\\\/accueil\\\/produit\\\/fresh-rosehip-rice-mochi-cleanser\\\/#primaryimage\"},\"image\":{\"@id\":\"https:\\\/\\\/purecosmetics-shop.com\\\/accueil\\\/produit\\\/fresh-rosehip-rice-mochi-cleanser\\\/#primaryimage\"},\"thumbnailUrl\":\"https:\\\/\\\/purecosmetics-shop.com\\\/wp-content\\\/uploads\\\/2025\\\/06\\\/Arencia-Fresh-Rosehip-Rice-Mochi-Cleanser-1-e1750185085848.webp\",\"datePublished\":\"2025-06-10T17:39:10+00:00\",\"dateModified\":\"2026-04-18T11:28:52+00:00\",\"breadcrumb\":{\"@id\":\"https:\\\/\\\/purecosmetics-shop.com\\\/accueil\\\/produit\\\/fresh-rosehip-rice-mochi-cleanser\\\/#breadcrumb\"},\"inLanguage\":\"fr-FR\",\"potentialAction\":[{\"@type\":\"ReadAction\",\"target\":[\"https:\\\/\\\/purecosmetics-shop.com\\\/accueil\\\/produit\\\/fresh-rosehip-rice-mochi-cleanser\\\/\"]}]},{\"@type\":\"ImageObject\",\"inLanguage\":\"fr-FR\",\"@id\":\"https:\\\/\\\/purecosmetics-shop.com\\\/accueil\\\/produit\\\/fresh-rosehip-rice-mochi-cleanser\\\/#primaryimage\",\"url\":\"https:\\\/\\\/purecosmetics-shop.com\\\/wp-content\\\/uploads\\\/2025\\\/06\\\/Arencia-Fresh-Rosehip-Rice-Mochi-Cleanser-1-e1750185085848.webp\",\"contentUrl\":\"https:\\\/\\\/purecosmetics-shop.com\\\/wp-content\\\/uploads\\\/2025\\\/06\\\/Arencia-Fresh-Rosehip-Rice-Mochi-Cleanser-1-e1750185085848.webp\",\"width\":820,\"height\":820,\"caption\":\"Arencia Fresh Rosehip Rice Mochi Cleanser\"},{\"@type\":\"BreadcrumbList\",\"@id\":\"https:\\\/\\\/purecosmetics-shop.com\\\/accueil\\\/produit\\\/fresh-rosehip-rice-mochi-cleanser\\\/#breadcrumb\",\"itemListElement\":[{\"@type\":\"ListItem\",\"position\":1,\"name\":\"Accueil\",\"item\":\"https:\\\/\\\/purecosmetics-shop.com\\\/accueil\\\/\"},{\"@type\":\"ListItem\",\"position\":2,\"name\":\"NOUVEAUT\u00c9S\",\"item\":\"https:\\\/\\\/purecosmetics-shop.com\\\/accueil\\\/nouveautes\\\/\"},{\"@type\":\"ListItem\",\"position\":3,\"name\":\"FRESH ROSEHIP RICE MOCHI CLEANSER\"}]},{\"@type\":\"WebSite\",\"@id\":\"https:\\\/\\\/purecosmetics-shop.com\\\/accueil\\\/#website\",\"url\":\"https:\\\/\\\/purecosmetics-shop.com\\\/accueil\\\/\",\"name\":\"Pure Cosmetics\",\"description\":\"Skincare cor\u00e9enne et japonais\",\"publisher\":{\"@id\":\"https:\\\/\\\/purecosmetics-shop.com\\\/accueil\\\/#organization\"},\"potentialAction\":[{\"@type\":\"SearchAction\",\"target\":{\"@type\":\"EntryPoint\",\"urlTemplate\":\"https:\\\/\\\/purecosmetics-shop.com\\\/accueil\\\/?s={search_term_string}\"},\"query-input\":{\"@type\":\"PropertyValueSpecification\",\"valueRequired\":true,\"valueName\":\"search_term_string\"}}],\"inLanguage\":\"fr-FR\"},{\"@type\":\"Organization\",\"@id\":\"https:\\\/\\\/purecosmetics-shop.com\\\/accueil\\\/#organization\",\"name\":\"Pure Cosmetics\",\"url\":\"https:\\\/\\\/purecosmetics-shop.com\\\/accueil\\\/\",\"logo\":{\"@type\":\"ImageObject\",\"inLanguage\":\"fr-FR\",\"@id\":\"https:\\\/\\\/purecosmetics-shop.com\\\/accueil\\\/#\\\/schema\\\/logo\\\/image\\\/\",\"url\":\"https:\\\/\\\/purecosmetics-shop.com\\\/wp-content\\\/uploads\\\/2025\\\/04\\\/cropped-Pure-Cosmetics-black-2.png\",\"contentUrl\":\"https:\\\/\\\/purecosmetics-shop.com\\\/wp-content\\\/uploads\\\/2025\\\/04\\\/cropped-Pure-Cosmetics-black-2.png\",\"width\":2362,\"height\":2324,\"caption\":\"Pure Cosmetics\"},\"image\":{\"@id\":\"https:\\\/\\\/purecosmetics-shop.com\\\/accueil\\\/#\\\/schema\\\/logo\\\/image\\\/\"}}]}<\/script>\n<!-- \/ Yoast SEO plugin. -->","yoast_head_json":{"title":"FRESH ROSEHIP RICE MOCHI CLEANSER - Pure Cosmetics","robots":{"index":"index","follow":"follow","max-snippet":"max-snippet:-1","max-image-preview":"max-image-preview:large","max-video-preview":"max-video-preview:-1"},"canonical":"https:\/\/purecosmetics-shop.com\/accueil\/produit\/fresh-rosehip-rice-mochi-cleanser\/","og_locale":"fr_FR","og_type":"article","og_title":"FRESH ROSEHIP RICE MOCHI CLEANSER - Pure Cosmetics","og_description":"Le Fresh Rosehip Rice Mochi Cleanser est un nettoyant doux \u00e0 base de riz (\u00e0 la texture mochi de riz), cliniquement test\u00e9e pour am\u00e9liorer le teint, la texture et l'hydratation de la peau, tout en apaisant les rougeurs et en minimisant les points blancs.  Formul\u00e9 \u00e0 base de riz ferment\u00e9, de rose musqu\u00e9e et d'alo\u00e8s rose, il est id\u00e9al pour les peaux s\u00e8ches, ternes ou facilement irrit\u00e9es qui ont besoin d'une cure de jouvence.  Test\u00e9 cliniquement pour am\u00e9liorer l'hydratation et l'\u00e9quilibre hydrique de la peau apr\u00e8s utilisation. Id\u00e9al pour les peaux ternes, sensibles ou \u00e0 teint irr\u00e9gulier.  Utilisez-le \u00e0 la fois comme masque \u00e0 l\u2019argile et\/ou comme nettoyant pour profiter pleinement de ses bienfaits.","og_url":"https:\/\/purecosmetics-shop.com\/accueil\/produit\/fresh-rosehip-rice-mochi-cleanser\/","og_site_name":"Pure Cosmetics","article_modified_time":"2026-04-18T11:28:52+00:00","og_image":[{"width":820,"height":820,"url":"https:\/\/purecosmetics-shop.com\/wp-content\/uploads\/2025\/06\/Arencia-Fresh-Rosehip-Rice-Mochi-Cleanser-1-e1750185085848.webp","type":"image\/webp"}],"twitter_card":"summary_large_image","twitter_misc":{"Dur\u00e9e de lecture estim\u00e9e":"1 minute"},"schema":{"@context":"https:\/\/schema.org","@graph":[{"@type":"WebPage","@id":"https:\/\/purecosmetics-shop.com\/accueil\/produit\/fresh-rosehip-rice-mochi-cleanser\/","url":"https:\/\/purecosmetics-shop.com\/accueil\/produit\/fresh-rosehip-rice-mochi-cleanser\/","name":"FRESH ROSEHIP RICE MOCHI CLEANSER - Pure Cosmetics","isPartOf":{"@id":"https:\/\/purecosmetics-shop.com\/accueil\/#website"},"primaryImageOfPage":{"@id":"https:\/\/purecosmetics-shop.com\/accueil\/produit\/fresh-rosehip-rice-mochi-cleanser\/#primaryimage"},"image":{"@id":"https:\/\/purecosmetics-shop.com\/accueil\/produit\/fresh-rosehip-rice-mochi-cleanser\/#primaryimage"},"thumbnailUrl":"https:\/\/purecosmetics-shop.com\/wp-content\/uploads\/2025\/06\/Arencia-Fresh-Rosehip-Rice-Mochi-Cleanser-1-e1750185085848.webp","datePublished":"2025-06-10T17:39:10+00:00","dateModified":"2026-04-18T11:28:52+00:00","breadcrumb":{"@id":"https:\/\/purecosmetics-shop.com\/accueil\/produit\/fresh-rosehip-rice-mochi-cleanser\/#breadcrumb"},"inLanguage":"fr-FR","potentialAction":[{"@type":"ReadAction","target":["https:\/\/purecosmetics-shop.com\/accueil\/produit\/fresh-rosehip-rice-mochi-cleanser\/"]}]},{"@type":"ImageObject","inLanguage":"fr-FR","@id":"https:\/\/purecosmetics-shop.com\/accueil\/produit\/fresh-rosehip-rice-mochi-cleanser\/#primaryimage","url":"https:\/\/purecosmetics-shop.com\/wp-content\/uploads\/2025\/06\/Arencia-Fresh-Rosehip-Rice-Mochi-Cleanser-1-e1750185085848.webp","contentUrl":"https:\/\/purecosmetics-shop.com\/wp-content\/uploads\/2025\/06\/Arencia-Fresh-Rosehip-Rice-Mochi-Cleanser-1-e1750185085848.webp","width":820,"height":820,"caption":"Arencia Fresh Rosehip Rice Mochi Cleanser"},{"@type":"BreadcrumbList","@id":"https:\/\/purecosmetics-shop.com\/accueil\/produit\/fresh-rosehip-rice-mochi-cleanser\/#breadcrumb","itemListElement":[{"@type":"ListItem","position":1,"name":"Accueil","item":"https:\/\/purecosmetics-shop.com\/accueil\/"},{"@type":"ListItem","position":2,"name":"NOUVEAUT\u00c9S","item":"https:\/\/purecosmetics-shop.com\/accueil\/nouveautes\/"},{"@type":"ListItem","position":3,"name":"FRESH ROSEHIP RICE MOCHI CLEANSER"}]},{"@type":"WebSite","@id":"https:\/\/purecosmetics-shop.com\/accueil\/#website","url":"https:\/\/purecosmetics-shop.com\/accueil\/","name":"Pure Cosmetics","description":"Skincare cor\u00e9enne et japonais","publisher":{"@id":"https:\/\/purecosmetics-shop.com\/accueil\/#organization"},"potentialAction":[{"@type":"SearchAction","target":{"@type":"EntryPoint","urlTemplate":"https:\/\/purecosmetics-shop.com\/accueil\/?s={search_term_string}"},"query-input":{"@type":"PropertyValueSpecification","valueRequired":true,"valueName":"search_term_string"}}],"inLanguage":"fr-FR"},{"@type":"Organization","@id":"https:\/\/purecosmetics-shop.com\/accueil\/#organization","name":"Pure Cosmetics","url":"https:\/\/purecosmetics-shop.com\/accueil\/","logo":{"@type":"ImageObject","inLanguage":"fr-FR","@id":"https:\/\/purecosmetics-shop.com\/accueil\/#\/schema\/logo\/image\/","url":"https:\/\/purecosmetics-shop.com\/wp-content\/uploads\/2025\/04\/cropped-Pure-Cosmetics-black-2.png","contentUrl":"https:\/\/purecosmetics-shop.com\/wp-content\/uploads\/2025\/04\/cropped-Pure-Cosmetics-black-2.png","width":2362,"height":2324,"caption":"Pure Cosmetics"},"image":{"@id":"https:\/\/purecosmetics-shop.com\/accueil\/#\/schema\/logo\/image\/"}}]}},"jetpack_sharing_enabled":true,"_links":{"self":[{"href":"https:\/\/purecosmetics-shop.com\/accueil\/wp-json\/wp\/v2\/product\/3158","targetHints":{"allow":["GET"]}}],"collection":[{"href":"https:\/\/purecosmetics-shop.com\/accueil\/wp-json\/wp\/v2\/product"}],"about":[{"href":"https:\/\/purecosmetics-shop.com\/accueil\/wp-json\/wp\/v2\/types\/product"}],"replies":[{"embeddable":true,"href":"https:\/\/purecosmetics-shop.com\/accueil\/wp-json\/wp\/v2\/comments?post=3158"}],"version-history":[{"count":3,"href":"https:\/\/purecosmetics-shop.com\/accueil\/wp-json\/wp\/v2\/product\/3158\/revisions"}],"predecessor-version":[{"id":3759,"href":"https:\/\/purecosmetics-shop.com\/accueil\/wp-json\/wp\/v2\/product\/3158\/revisions\/3759"}],"wp:featuredmedia":[{"embeddable":true,"href":"https:\/\/purecosmetics-shop.com\/accueil\/wp-json\/wp\/v2\/media\/3159"}],"wp:attachment":[{"href":"https:\/\/purecosmetics-shop.com\/accueil\/wp-json\/wp\/v2\/media?parent=3158"}],"wp:term":[{"taxonomy":"product_brand","embeddable":true,"href":"https:\/\/purecosmetics-shop.com\/accueil\/wp-json\/wp\/v2\/product_brand?post=3158"},{"taxonomy":"product_cat","embeddable":true,"href":"https:\/\/purecosmetics-shop.com\/accueil\/wp-json\/wp\/v2\/product_cat?post=3158"},{"taxonomy":"product_tag","embeddable":true,"href":"https:\/\/purecosmetics-shop.com\/accueil\/wp-json\/wp\/v2\/product_tag?post=3158"}],"curies":[{"name":"wp","href":"https:\/\/api.w.org\/{rel}","templated":true}]}}