{"id":3147,"date":"2025-06-06T15:38:22","date_gmt":"2025-06-06T19:38:22","guid":{"rendered":"https:\/\/purecosmetics-shop.com\/accueil\/?post_type=product&#038;p=3147"},"modified":"2026-04-16T03:53:21","modified_gmt":"2026-04-16T07:53:21","slug":"fresh-green-rice-mochi-cleanser","status":"publish","type":"product","link":"https:\/\/purecosmetics-shop.com\/accueil\/produit\/fresh-green-rice-mochi-cleanser\/","title":{"rendered":"FRESH GREEN RICE MOCHI CLEANSER"},"content":{"rendered":"<ul>\n<li>Extrait de th\u00e9 vert : Un puissant antioxydant qui aide \u00e0 calmer l\u2019inflammation et \u00e0 r\u00e9guler la production de s\u00e9bum.<\/li>\n<li>Eau et poudre de riz : \u00c9limine en douceur les peaux mortes pour une peau plus lisse et plus affin\u00e9e.<\/li>\n<li>Extrait de haricot mungo : D\u00e9toxifie et apaise les peaux irrit\u00e9es ou \u00e0 tendance acn\u00e9ique.<\/li>\n<li>Hamam\u00e9lis : Minimise l\u2019apparence des pores et rafra\u00eechit la peau sans la dess\u00e9cher.<\/li>\n<\/ul>\n","protected":false},"excerpt":{"rendered":"<p>Le Fresh Green Rice Mochi Cleanser est un nettoyant purifiant \u00e0 base de riz (\u00e0 la texture mochi de riz), cliniquement test\u00e9e pour am\u00e9liorer 7 facteurs visibles de la peau : d\u00e9congestion des pores, texture plus lisse, \u00e9limination des points noirs et meilleure absorption des soins.<\/p>\n<p>Cette formule douce est id\u00e9ale pour les peaux grasses \u00e0 tendance acn\u00e9ique, les laissant nettes, douces et rafra\u00eechies sans perturber leur barri\u00e8re d&rsquo;hydratation naturelle.<\/p>\n<p>Test\u00e9 cliniquement pour r\u00e9duire visiblement les points noirs et am\u00e9liorer la clart\u00e9 de la peau.<br \/>\nId\u00e9al pour les peaux grasses, \u00e0 tendance acn\u00e9ique ou congestionn\u00e9es.<\/p>\n<p>Utilisez-le \u00e0 la fois comme masque \u00e0 l\u2019argile et\/ou comme nettoyant pour profiter pleinement de ses bienfaits.<\/p>\n","protected":false},"featured_media":3149,"comment_status":"open","ping_status":"closed","template":"","meta":[],"product_brand":[188],"product_cat":[108,18,113,114,115],"product_tag":[],"class_list":{"0":"post-3147","1":"product","2":"type-product","3":"status-publish","4":"has-post-thumbnail","6":"product_brand-arencia","7":"product_cat-anti-imperfections-et-pores","8":"product_cat-nettoyant-visage","9":"product_cat-peau-a-tendance-acneique","10":"product_cat-peau-granuleuse","11":"product_cat-peau-grasse","13":"first","14":"instock","15":"shipping-taxable","16":"purchasable","17":"product-type-simple"},"yoast_head":"<!-- This site is optimized with the Yoast SEO plugin v27.4 - https:\/\/yoast.com\/product\/yoast-seo-wordpress\/ -->\n<title>FRESH GREEN RICE MOCHI CLEANSER - Pure Cosmetics<\/title>\n<meta name=\"robots\" content=\"index, follow, max-snippet:-1, max-image-preview:large, max-video-preview:-1\" \/>\n<link rel=\"canonical\" href=\"https:\/\/purecosmetics-shop.com\/accueil\/produit\/fresh-green-rice-mochi-cleanser\/\" \/>\n<meta property=\"og:locale\" content=\"fr_FR\" \/>\n<meta property=\"og:type\" content=\"article\" \/>\n<meta property=\"og:title\" content=\"FRESH GREEN RICE MOCHI CLEANSER - Pure Cosmetics\" \/>\n<meta property=\"og:description\" content=\"Le Fresh Green Rice Mochi Cleanser est un nettoyant purifiant \u00e0 base de riz (\u00e0 la texture mochi de riz), cliniquement test\u00e9e pour am\u00e9liorer 7 facteurs visibles de la peau : d\u00e9congestion des pores, texture plus lisse, \u00e9limination des points noirs et meilleure absorption des soins.  Cette formule douce est id\u00e9ale pour les peaux grasses \u00e0 tendance acn\u00e9ique, les laissant nettes, douces et rafra\u00eechies sans perturber leur barri\u00e8re d&#039;hydratation naturelle.  Test\u00e9 cliniquement pour r\u00e9duire visiblement les points noirs et am\u00e9liorer la clart\u00e9 de la peau. Id\u00e9al pour les peaux grasses, \u00e0 tendance acn\u00e9ique ou congestionn\u00e9es.  Utilisez-le \u00e0 la fois comme masque \u00e0 l\u2019argile et\/ou comme nettoyant pour profiter pleinement de ses bienfaits.\" \/>\n<meta property=\"og:url\" content=\"https:\/\/purecosmetics-shop.com\/accueil\/produit\/fresh-green-rice-mochi-cleanser\/\" \/>\n<meta property=\"og:site_name\" content=\"Pure Cosmetics\" \/>\n<meta property=\"article:modified_time\" content=\"2026-04-16T07:53:21+00:00\" \/>\n<meta property=\"og:image\" content=\"https:\/\/purecosmetics-shop.com\/wp-content\/uploads\/2025\/06\/FRESH-GREEN-RICE-MOCHI-CLEANSER-2.webp\" \/>\n\t<meta property=\"og:image:width\" content=\"640\" \/>\n\t<meta property=\"og:image:height\" content=\"640\" \/>\n\t<meta property=\"og:image:type\" content=\"image\/webp\" \/>\n<meta name=\"twitter:card\" content=\"summary_large_image\" \/>\n<meta name=\"twitter:label1\" content=\"Dur\u00e9e de lecture estim\u00e9e\" \/>\n\t<meta name=\"twitter:data1\" content=\"1 minute\" \/>\n<script type=\"application\/ld+json\" class=\"yoast-schema-graph\">{\"@context\":\"https:\\\/\\\/schema.org\",\"@graph\":[{\"@type\":\"WebPage\",\"@id\":\"https:\\\/\\\/purecosmetics-shop.com\\\/accueil\\\/produit\\\/fresh-green-rice-mochi-cleanser\\\/\",\"url\":\"https:\\\/\\\/purecosmetics-shop.com\\\/accueil\\\/produit\\\/fresh-green-rice-mochi-cleanser\\\/\",\"name\":\"FRESH GREEN RICE MOCHI CLEANSER - Pure Cosmetics\",\"isPartOf\":{\"@id\":\"https:\\\/\\\/purecosmetics-shop.com\\\/accueil\\\/#website\"},\"primaryImageOfPage\":{\"@id\":\"https:\\\/\\\/purecosmetics-shop.com\\\/accueil\\\/produit\\\/fresh-green-rice-mochi-cleanser\\\/#primaryimage\"},\"image\":{\"@id\":\"https:\\\/\\\/purecosmetics-shop.com\\\/accueil\\\/produit\\\/fresh-green-rice-mochi-cleanser\\\/#primaryimage\"},\"thumbnailUrl\":\"https:\\\/\\\/purecosmetics-shop.com\\\/wp-content\\\/uploads\\\/2025\\\/06\\\/FRESH-GREEN-RICE-MOCHI-CLEANSER-2.webp\",\"datePublished\":\"2025-06-06T19:38:22+00:00\",\"dateModified\":\"2026-04-16T07:53:21+00:00\",\"breadcrumb\":{\"@id\":\"https:\\\/\\\/purecosmetics-shop.com\\\/accueil\\\/produit\\\/fresh-green-rice-mochi-cleanser\\\/#breadcrumb\"},\"inLanguage\":\"fr-FR\",\"potentialAction\":[{\"@type\":\"ReadAction\",\"target\":[\"https:\\\/\\\/purecosmetics-shop.com\\\/accueil\\\/produit\\\/fresh-green-rice-mochi-cleanser\\\/\"]}]},{\"@type\":\"ImageObject\",\"inLanguage\":\"fr-FR\",\"@id\":\"https:\\\/\\\/purecosmetics-shop.com\\\/accueil\\\/produit\\\/fresh-green-rice-mochi-cleanser\\\/#primaryimage\",\"url\":\"https:\\\/\\\/purecosmetics-shop.com\\\/wp-content\\\/uploads\\\/2025\\\/06\\\/FRESH-GREEN-RICE-MOCHI-CLEANSER-2.webp\",\"contentUrl\":\"https:\\\/\\\/purecosmetics-shop.com\\\/wp-content\\\/uploads\\\/2025\\\/06\\\/FRESH-GREEN-RICE-MOCHI-CLEANSER-2.webp\",\"width\":640,\"height\":640,\"caption\":\"FRESH GREEN RICE MOCHI CLEANSER\"},{\"@type\":\"BreadcrumbList\",\"@id\":\"https:\\\/\\\/purecosmetics-shop.com\\\/accueil\\\/produit\\\/fresh-green-rice-mochi-cleanser\\\/#breadcrumb\",\"itemListElement\":[{\"@type\":\"ListItem\",\"position\":1,\"name\":\"Accueil\",\"item\":\"https:\\\/\\\/purecosmetics-shop.com\\\/accueil\\\/\"},{\"@type\":\"ListItem\",\"position\":2,\"name\":\"NOUVEAUT\u00c9S\",\"item\":\"https:\\\/\\\/purecosmetics-shop.com\\\/accueil\\\/nouveautes\\\/\"},{\"@type\":\"ListItem\",\"position\":3,\"name\":\"FRESH GREEN RICE MOCHI CLEANSER\"}]},{\"@type\":\"WebSite\",\"@id\":\"https:\\\/\\\/purecosmetics-shop.com\\\/accueil\\\/#website\",\"url\":\"https:\\\/\\\/purecosmetics-shop.com\\\/accueil\\\/\",\"name\":\"Pure Cosmetics\",\"description\":\"Skincare cor\u00e9enne et japonais\",\"publisher\":{\"@id\":\"https:\\\/\\\/purecosmetics-shop.com\\\/accueil\\\/#organization\"},\"potentialAction\":[{\"@type\":\"SearchAction\",\"target\":{\"@type\":\"EntryPoint\",\"urlTemplate\":\"https:\\\/\\\/purecosmetics-shop.com\\\/accueil\\\/?s={search_term_string}\"},\"query-input\":{\"@type\":\"PropertyValueSpecification\",\"valueRequired\":true,\"valueName\":\"search_term_string\"}}],\"inLanguage\":\"fr-FR\"},{\"@type\":\"Organization\",\"@id\":\"https:\\\/\\\/purecosmetics-shop.com\\\/accueil\\\/#organization\",\"name\":\"Pure Cosmetics\",\"url\":\"https:\\\/\\\/purecosmetics-shop.com\\\/accueil\\\/\",\"logo\":{\"@type\":\"ImageObject\",\"inLanguage\":\"fr-FR\",\"@id\":\"https:\\\/\\\/purecosmetics-shop.com\\\/accueil\\\/#\\\/schema\\\/logo\\\/image\\\/\",\"url\":\"https:\\\/\\\/purecosmetics-shop.com\\\/wp-content\\\/uploads\\\/2025\\\/04\\\/cropped-Pure-Cosmetics-black-2.png\",\"contentUrl\":\"https:\\\/\\\/purecosmetics-shop.com\\\/wp-content\\\/uploads\\\/2025\\\/04\\\/cropped-Pure-Cosmetics-black-2.png\",\"width\":2362,\"height\":2324,\"caption\":\"Pure Cosmetics\"},\"image\":{\"@id\":\"https:\\\/\\\/purecosmetics-shop.com\\\/accueil\\\/#\\\/schema\\\/logo\\\/image\\\/\"}}]}<\/script>\n<!-- \/ Yoast SEO plugin. -->","yoast_head_json":{"title":"FRESH GREEN RICE MOCHI CLEANSER - Pure Cosmetics","robots":{"index":"index","follow":"follow","max-snippet":"max-snippet:-1","max-image-preview":"max-image-preview:large","max-video-preview":"max-video-preview:-1"},"canonical":"https:\/\/purecosmetics-shop.com\/accueil\/produit\/fresh-green-rice-mochi-cleanser\/","og_locale":"fr_FR","og_type":"article","og_title":"FRESH GREEN RICE MOCHI CLEANSER - Pure Cosmetics","og_description":"Le Fresh Green Rice Mochi Cleanser est un nettoyant purifiant \u00e0 base de riz (\u00e0 la texture mochi de riz), cliniquement test\u00e9e pour am\u00e9liorer 7 facteurs visibles de la peau : d\u00e9congestion des pores, texture plus lisse, \u00e9limination des points noirs et meilleure absorption des soins.  Cette formule douce est id\u00e9ale pour les peaux grasses \u00e0 tendance acn\u00e9ique, les laissant nettes, douces et rafra\u00eechies sans perturber leur barri\u00e8re d'hydratation naturelle.  Test\u00e9 cliniquement pour r\u00e9duire visiblement les points noirs et am\u00e9liorer la clart\u00e9 de la peau. Id\u00e9al pour les peaux grasses, \u00e0 tendance acn\u00e9ique ou congestionn\u00e9es.  Utilisez-le \u00e0 la fois comme masque \u00e0 l\u2019argile et\/ou comme nettoyant pour profiter pleinement de ses bienfaits.","og_url":"https:\/\/purecosmetics-shop.com\/accueil\/produit\/fresh-green-rice-mochi-cleanser\/","og_site_name":"Pure Cosmetics","article_modified_time":"2026-04-16T07:53:21+00:00","og_image":[{"width":640,"height":640,"url":"https:\/\/purecosmetics-shop.com\/wp-content\/uploads\/2025\/06\/FRESH-GREEN-RICE-MOCHI-CLEANSER-2.webp","type":"image\/webp"}],"twitter_card":"summary_large_image","twitter_misc":{"Dur\u00e9e de lecture estim\u00e9e":"1 minute"},"schema":{"@context":"https:\/\/schema.org","@graph":[{"@type":"WebPage","@id":"https:\/\/purecosmetics-shop.com\/accueil\/produit\/fresh-green-rice-mochi-cleanser\/","url":"https:\/\/purecosmetics-shop.com\/accueil\/produit\/fresh-green-rice-mochi-cleanser\/","name":"FRESH GREEN RICE MOCHI CLEANSER - Pure Cosmetics","isPartOf":{"@id":"https:\/\/purecosmetics-shop.com\/accueil\/#website"},"primaryImageOfPage":{"@id":"https:\/\/purecosmetics-shop.com\/accueil\/produit\/fresh-green-rice-mochi-cleanser\/#primaryimage"},"image":{"@id":"https:\/\/purecosmetics-shop.com\/accueil\/produit\/fresh-green-rice-mochi-cleanser\/#primaryimage"},"thumbnailUrl":"https:\/\/purecosmetics-shop.com\/wp-content\/uploads\/2025\/06\/FRESH-GREEN-RICE-MOCHI-CLEANSER-2.webp","datePublished":"2025-06-06T19:38:22+00:00","dateModified":"2026-04-16T07:53:21+00:00","breadcrumb":{"@id":"https:\/\/purecosmetics-shop.com\/accueil\/produit\/fresh-green-rice-mochi-cleanser\/#breadcrumb"},"inLanguage":"fr-FR","potentialAction":[{"@type":"ReadAction","target":["https:\/\/purecosmetics-shop.com\/accueil\/produit\/fresh-green-rice-mochi-cleanser\/"]}]},{"@type":"ImageObject","inLanguage":"fr-FR","@id":"https:\/\/purecosmetics-shop.com\/accueil\/produit\/fresh-green-rice-mochi-cleanser\/#primaryimage","url":"https:\/\/purecosmetics-shop.com\/wp-content\/uploads\/2025\/06\/FRESH-GREEN-RICE-MOCHI-CLEANSER-2.webp","contentUrl":"https:\/\/purecosmetics-shop.com\/wp-content\/uploads\/2025\/06\/FRESH-GREEN-RICE-MOCHI-CLEANSER-2.webp","width":640,"height":640,"caption":"FRESH GREEN RICE MOCHI CLEANSER"},{"@type":"BreadcrumbList","@id":"https:\/\/purecosmetics-shop.com\/accueil\/produit\/fresh-green-rice-mochi-cleanser\/#breadcrumb","itemListElement":[{"@type":"ListItem","position":1,"name":"Accueil","item":"https:\/\/purecosmetics-shop.com\/accueil\/"},{"@type":"ListItem","position":2,"name":"NOUVEAUT\u00c9S","item":"https:\/\/purecosmetics-shop.com\/accueil\/nouveautes\/"},{"@type":"ListItem","position":3,"name":"FRESH GREEN RICE MOCHI CLEANSER"}]},{"@type":"WebSite","@id":"https:\/\/purecosmetics-shop.com\/accueil\/#website","url":"https:\/\/purecosmetics-shop.com\/accueil\/","name":"Pure Cosmetics","description":"Skincare cor\u00e9enne et japonais","publisher":{"@id":"https:\/\/purecosmetics-shop.com\/accueil\/#organization"},"potentialAction":[{"@type":"SearchAction","target":{"@type":"EntryPoint","urlTemplate":"https:\/\/purecosmetics-shop.com\/accueil\/?s={search_term_string}"},"query-input":{"@type":"PropertyValueSpecification","valueRequired":true,"valueName":"search_term_string"}}],"inLanguage":"fr-FR"},{"@type":"Organization","@id":"https:\/\/purecosmetics-shop.com\/accueil\/#organization","name":"Pure Cosmetics","url":"https:\/\/purecosmetics-shop.com\/accueil\/","logo":{"@type":"ImageObject","inLanguage":"fr-FR","@id":"https:\/\/purecosmetics-shop.com\/accueil\/#\/schema\/logo\/image\/","url":"https:\/\/purecosmetics-shop.com\/wp-content\/uploads\/2025\/04\/cropped-Pure-Cosmetics-black-2.png","contentUrl":"https:\/\/purecosmetics-shop.com\/wp-content\/uploads\/2025\/04\/cropped-Pure-Cosmetics-black-2.png","width":2362,"height":2324,"caption":"Pure Cosmetics"},"image":{"@id":"https:\/\/purecosmetics-shop.com\/accueil\/#\/schema\/logo\/image\/"}}]}},"jetpack_sharing_enabled":true,"_links":{"self":[{"href":"https:\/\/purecosmetics-shop.com\/accueil\/wp-json\/wp\/v2\/product\/3147","targetHints":{"allow":["GET"]}}],"collection":[{"href":"https:\/\/purecosmetics-shop.com\/accueil\/wp-json\/wp\/v2\/product"}],"about":[{"href":"https:\/\/purecosmetics-shop.com\/accueil\/wp-json\/wp\/v2\/types\/product"}],"replies":[{"embeddable":true,"href":"https:\/\/purecosmetics-shop.com\/accueil\/wp-json\/wp\/v2\/comments?post=3147"}],"version-history":[{"count":5,"href":"https:\/\/purecosmetics-shop.com\/accueil\/wp-json\/wp\/v2\/product\/3147\/revisions"}],"predecessor-version":[{"id":3157,"href":"https:\/\/purecosmetics-shop.com\/accueil\/wp-json\/wp\/v2\/product\/3147\/revisions\/3157"}],"wp:featuredmedia":[{"embeddable":true,"href":"https:\/\/purecosmetics-shop.com\/accueil\/wp-json\/wp\/v2\/media\/3149"}],"wp:attachment":[{"href":"https:\/\/purecosmetics-shop.com\/accueil\/wp-json\/wp\/v2\/media?parent=3147"}],"wp:term":[{"taxonomy":"product_brand","embeddable":true,"href":"https:\/\/purecosmetics-shop.com\/accueil\/wp-json\/wp\/v2\/product_brand?post=3147"},{"taxonomy":"product_cat","embeddable":true,"href":"https:\/\/purecosmetics-shop.com\/accueil\/wp-json\/wp\/v2\/product_cat?post=3147"},{"taxonomy":"product_tag","embeddable":true,"href":"https:\/\/purecosmetics-shop.com\/accueil\/wp-json\/wp\/v2\/product_tag?post=3147"}],"curies":[{"name":"wp","href":"https:\/\/api.w.org\/{rel}","templated":true}]}}