{"id":3138,"date":"2025-06-06T15:22:17","date_gmt":"2025-06-06T19:22:17","guid":{"rendered":"https:\/\/purecosmetics-shop.com\/accueil\/?post_type=product&#038;p=3138"},"modified":"2026-04-16T02:41:17","modified_gmt":"2026-04-16T06:41:17","slug":"fresh-blue-hyssop-rice-mochi-cleanser","status":"publish","type":"product","link":"https:\/\/purecosmetics-shop.com\/accueil\/produit\/fresh-blue-hyssop-rice-mochi-cleanser\/","title":{"rendered":"FRESH BLUE HYSSOP RICE MOCHI CLEANSER"},"content":{"rendered":"<ul>\n<li>Extrait d&rsquo;hysope : Un astringent naturel aux propri\u00e9t\u00e9s antibact\u00e9riennes et anti-inflammatoires qui apaise les irritations et favorise une peau plus nette.<\/li>\n<li>Extrait de champignon chaga : Riche en b\u00eata-glucane pour am\u00e9liorer l&rsquo;\u00e9lasticit\u00e9 de la peau et l&rsquo;hydrater en profondeur pour une peau souple et rebondie.<\/li>\n<li>Extrait d&rsquo;orge noire : Riche en antioxydants et en min\u00e9raux, il nourrit les peaux s\u00e8ches et aide \u00e0 maintenir une texture lisse et hydrat\u00e9e.<\/li>\n<li>Poudre de riz : Exfolie en douceur les cellules mortes et \u00e9limine les impuret\u00e9s pour des pores visiblement affin\u00e9s et clarifi\u00e9s.<\/li>\n<\/ul>\n","protected":false},"excerpt":{"rendered":"<p>Le Fresh Blue Hyssop Rice Mochi Cleanser est un nettoyant clarifiant \u00e0 base de riz (\u00e0 la texture mochi de riz) con\u00e7u pour purifier les pores, \u00e9liminer l&rsquo;exc\u00e8s de s\u00e9bum et apaiser visiblement les imperfections.<\/p>\n<p>Formul\u00e9 \u00e0 base d&rsquo;argile bentonite, de th\u00e9 vert et d&rsquo;hysope, il nettoie en profondeur tout en \u00e9quilibrant et en rafra\u00eechissant la peau.<\/p>\n<p>Id\u00e9al pour les peaux grasses, \u00e0 tendance acn\u00e9ique ou congestionn\u00e9es (sujettes aux com\u00e9dons)<br \/>\nAide \u00e0 contr\u00f4ler le s\u00e9bum et \u00e0 apaiser les imperfections sans dess\u00e9cher la peau.<\/p>\n<p>Utilisez-le \u00e0 la fois comme masque \u00e0 l&rsquo;argile et\/ou comme nettoyant pour profiter pleinement de ses bienfaits.<\/p>\n","protected":false},"featured_media":3140,"comment_status":"open","ping_status":"closed","template":"","meta":[],"product_brand":[188],"product_cat":[108,18,113,115,116,117],"product_tag":[],"class_list":{"0":"post-3138","1":"product","2":"type-product","3":"status-publish","4":"has-post-thumbnail","6":"product_brand-arencia","7":"product_cat-anti-imperfections-et-pores","8":"product_cat-nettoyant-visage","9":"product_cat-peau-a-tendance-acneique","10":"product_cat-peau-grasse","11":"product_cat-peau-mixte","12":"product_cat-peau-normale","14":"first","15":"instock","16":"shipping-taxable","17":"purchasable","18":"product-type-simple"},"yoast_head":"<!-- This site is optimized with the Yoast SEO plugin v27.4 - https:\/\/yoast.com\/product\/yoast-seo-wordpress\/ -->\n<title>FRESH BLUE HYSSOP RICE MOCHI CLEANSER - Pure Cosmetics<\/title>\n<meta name=\"robots\" content=\"index, follow, max-snippet:-1, max-image-preview:large, max-video-preview:-1\" \/>\n<link rel=\"canonical\" href=\"https:\/\/purecosmetics-shop.com\/accueil\/produit\/fresh-blue-hyssop-rice-mochi-cleanser\/\" \/>\n<meta property=\"og:locale\" content=\"fr_FR\" \/>\n<meta property=\"og:type\" content=\"article\" \/>\n<meta property=\"og:title\" content=\"FRESH BLUE HYSSOP RICE MOCHI CLEANSER - Pure Cosmetics\" \/>\n<meta property=\"og:description\" content=\"Le Fresh Blue Hyssop Rice Mochi Cleanser est un nettoyant clarifiant \u00e0 base de riz (\u00e0 la texture mochi de riz) con\u00e7u pour purifier les pores, \u00e9liminer l&#039;exc\u00e8s de s\u00e9bum et apaiser visiblement les imperfections.  Formul\u00e9 \u00e0 base d&#039;argile bentonite, de th\u00e9 vert et d&#039;hysope, il nettoie en profondeur tout en \u00e9quilibrant et en rafra\u00eechissant la peau.  Id\u00e9al pour les peaux grasses, \u00e0 tendance acn\u00e9ique ou congestionn\u00e9es (sujettes aux com\u00e9dons) Aide \u00e0 contr\u00f4ler le s\u00e9bum et \u00e0 apaiser les imperfections sans dess\u00e9cher la peau.  Utilisez-le \u00e0 la fois comme masque \u00e0 l&#039;argile et\/ou comme nettoyant pour profiter pleinement de ses bienfaits.\" \/>\n<meta property=\"og:url\" content=\"https:\/\/purecosmetics-shop.com\/accueil\/produit\/fresh-blue-hyssop-rice-mochi-cleanser\/\" \/>\n<meta property=\"og:site_name\" content=\"Pure Cosmetics\" \/>\n<meta property=\"article:modified_time\" content=\"2026-04-16T06:41:17+00:00\" \/>\n<meta property=\"og:image\" content=\"https:\/\/purecosmetics-shop.com\/wp-content\/uploads\/2025\/06\/FRESH-BLUE-HYSSOP-RICE-MOCHI-CLEANSER-1.webp\" \/>\n\t<meta property=\"og:image:width\" content=\"640\" \/>\n\t<meta property=\"og:image:height\" content=\"640\" \/>\n\t<meta property=\"og:image:type\" content=\"image\/webp\" \/>\n<meta name=\"twitter:card\" content=\"summary_large_image\" \/>\n<meta name=\"twitter:label1\" content=\"Dur\u00e9e de lecture estim\u00e9e\" \/>\n\t<meta name=\"twitter:data1\" content=\"1 minute\" \/>\n<script type=\"application\/ld+json\" class=\"yoast-schema-graph\">{\"@context\":\"https:\\\/\\\/schema.org\",\"@graph\":[{\"@type\":\"WebPage\",\"@id\":\"https:\\\/\\\/purecosmetics-shop.com\\\/accueil\\\/produit\\\/fresh-blue-hyssop-rice-mochi-cleanser\\\/\",\"url\":\"https:\\\/\\\/purecosmetics-shop.com\\\/accueil\\\/produit\\\/fresh-blue-hyssop-rice-mochi-cleanser\\\/\",\"name\":\"FRESH BLUE HYSSOP RICE MOCHI CLEANSER - Pure Cosmetics\",\"isPartOf\":{\"@id\":\"https:\\\/\\\/purecosmetics-shop.com\\\/accueil\\\/#website\"},\"primaryImageOfPage\":{\"@id\":\"https:\\\/\\\/purecosmetics-shop.com\\\/accueil\\\/produit\\\/fresh-blue-hyssop-rice-mochi-cleanser\\\/#primaryimage\"},\"image\":{\"@id\":\"https:\\\/\\\/purecosmetics-shop.com\\\/accueil\\\/produit\\\/fresh-blue-hyssop-rice-mochi-cleanser\\\/#primaryimage\"},\"thumbnailUrl\":\"https:\\\/\\\/purecosmetics-shop.com\\\/wp-content\\\/uploads\\\/2025\\\/06\\\/FRESH-BLUE-HYSSOP-RICE-MOCHI-CLEANSER-1.webp\",\"datePublished\":\"2025-06-06T19:22:17+00:00\",\"dateModified\":\"2026-04-16T06:41:17+00:00\",\"breadcrumb\":{\"@id\":\"https:\\\/\\\/purecosmetics-shop.com\\\/accueil\\\/produit\\\/fresh-blue-hyssop-rice-mochi-cleanser\\\/#breadcrumb\"},\"inLanguage\":\"fr-FR\",\"potentialAction\":[{\"@type\":\"ReadAction\",\"target\":[\"https:\\\/\\\/purecosmetics-shop.com\\\/accueil\\\/produit\\\/fresh-blue-hyssop-rice-mochi-cleanser\\\/\"]}]},{\"@type\":\"ImageObject\",\"inLanguage\":\"fr-FR\",\"@id\":\"https:\\\/\\\/purecosmetics-shop.com\\\/accueil\\\/produit\\\/fresh-blue-hyssop-rice-mochi-cleanser\\\/#primaryimage\",\"url\":\"https:\\\/\\\/purecosmetics-shop.com\\\/wp-content\\\/uploads\\\/2025\\\/06\\\/FRESH-BLUE-HYSSOP-RICE-MOCHI-CLEANSER-1.webp\",\"contentUrl\":\"https:\\\/\\\/purecosmetics-shop.com\\\/wp-content\\\/uploads\\\/2025\\\/06\\\/FRESH-BLUE-HYSSOP-RICE-MOCHI-CLEANSER-1.webp\",\"width\":640,\"height\":640,\"caption\":\"FRESH BLUE HYSSOP RICE MOCHI CLEANSER\"},{\"@type\":\"BreadcrumbList\",\"@id\":\"https:\\\/\\\/purecosmetics-shop.com\\\/accueil\\\/produit\\\/fresh-blue-hyssop-rice-mochi-cleanser\\\/#breadcrumb\",\"itemListElement\":[{\"@type\":\"ListItem\",\"position\":1,\"name\":\"Accueil\",\"item\":\"https:\\\/\\\/purecosmetics-shop.com\\\/accueil\\\/\"},{\"@type\":\"ListItem\",\"position\":2,\"name\":\"NOUVEAUT\u00c9S\",\"item\":\"https:\\\/\\\/purecosmetics-shop.com\\\/accueil\\\/nouveautes\\\/\"},{\"@type\":\"ListItem\",\"position\":3,\"name\":\"FRESH BLUE HYSSOP RICE MOCHI CLEANSER\"}]},{\"@type\":\"WebSite\",\"@id\":\"https:\\\/\\\/purecosmetics-shop.com\\\/accueil\\\/#website\",\"url\":\"https:\\\/\\\/purecosmetics-shop.com\\\/accueil\\\/\",\"name\":\"Pure Cosmetics\",\"description\":\"Skincare cor\u00e9enne et japonais\",\"publisher\":{\"@id\":\"https:\\\/\\\/purecosmetics-shop.com\\\/accueil\\\/#organization\"},\"potentialAction\":[{\"@type\":\"SearchAction\",\"target\":{\"@type\":\"EntryPoint\",\"urlTemplate\":\"https:\\\/\\\/purecosmetics-shop.com\\\/accueil\\\/?s={search_term_string}\"},\"query-input\":{\"@type\":\"PropertyValueSpecification\",\"valueRequired\":true,\"valueName\":\"search_term_string\"}}],\"inLanguage\":\"fr-FR\"},{\"@type\":\"Organization\",\"@id\":\"https:\\\/\\\/purecosmetics-shop.com\\\/accueil\\\/#organization\",\"name\":\"Pure Cosmetics\",\"url\":\"https:\\\/\\\/purecosmetics-shop.com\\\/accueil\\\/\",\"logo\":{\"@type\":\"ImageObject\",\"inLanguage\":\"fr-FR\",\"@id\":\"https:\\\/\\\/purecosmetics-shop.com\\\/accueil\\\/#\\\/schema\\\/logo\\\/image\\\/\",\"url\":\"https:\\\/\\\/purecosmetics-shop.com\\\/wp-content\\\/uploads\\\/2025\\\/04\\\/cropped-Pure-Cosmetics-black-2.png\",\"contentUrl\":\"https:\\\/\\\/purecosmetics-shop.com\\\/wp-content\\\/uploads\\\/2025\\\/04\\\/cropped-Pure-Cosmetics-black-2.png\",\"width\":2362,\"height\":2324,\"caption\":\"Pure Cosmetics\"},\"image\":{\"@id\":\"https:\\\/\\\/purecosmetics-shop.com\\\/accueil\\\/#\\\/schema\\\/logo\\\/image\\\/\"}}]}<\/script>\n<!-- \/ Yoast SEO plugin. -->","yoast_head_json":{"title":"FRESH BLUE HYSSOP RICE MOCHI CLEANSER - Pure Cosmetics","robots":{"index":"index","follow":"follow","max-snippet":"max-snippet:-1","max-image-preview":"max-image-preview:large","max-video-preview":"max-video-preview:-1"},"canonical":"https:\/\/purecosmetics-shop.com\/accueil\/produit\/fresh-blue-hyssop-rice-mochi-cleanser\/","og_locale":"fr_FR","og_type":"article","og_title":"FRESH BLUE HYSSOP RICE MOCHI CLEANSER - Pure Cosmetics","og_description":"Le Fresh Blue Hyssop Rice Mochi Cleanser est un nettoyant clarifiant \u00e0 base de riz (\u00e0 la texture mochi de riz) con\u00e7u pour purifier les pores, \u00e9liminer l'exc\u00e8s de s\u00e9bum et apaiser visiblement les imperfections.  Formul\u00e9 \u00e0 base d'argile bentonite, de th\u00e9 vert et d'hysope, il nettoie en profondeur tout en \u00e9quilibrant et en rafra\u00eechissant la peau.  Id\u00e9al pour les peaux grasses, \u00e0 tendance acn\u00e9ique ou congestionn\u00e9es (sujettes aux com\u00e9dons) Aide \u00e0 contr\u00f4ler le s\u00e9bum et \u00e0 apaiser les imperfections sans dess\u00e9cher la peau.  Utilisez-le \u00e0 la fois comme masque \u00e0 l'argile et\/ou comme nettoyant pour profiter pleinement de ses bienfaits.","og_url":"https:\/\/purecosmetics-shop.com\/accueil\/produit\/fresh-blue-hyssop-rice-mochi-cleanser\/","og_site_name":"Pure Cosmetics","article_modified_time":"2026-04-16T06:41:17+00:00","og_image":[{"width":640,"height":640,"url":"https:\/\/purecosmetics-shop.com\/wp-content\/uploads\/2025\/06\/FRESH-BLUE-HYSSOP-RICE-MOCHI-CLEANSER-1.webp","type":"image\/webp"}],"twitter_card":"summary_large_image","twitter_misc":{"Dur\u00e9e de lecture estim\u00e9e":"1 minute"},"schema":{"@context":"https:\/\/schema.org","@graph":[{"@type":"WebPage","@id":"https:\/\/purecosmetics-shop.com\/accueil\/produit\/fresh-blue-hyssop-rice-mochi-cleanser\/","url":"https:\/\/purecosmetics-shop.com\/accueil\/produit\/fresh-blue-hyssop-rice-mochi-cleanser\/","name":"FRESH BLUE HYSSOP RICE MOCHI CLEANSER - Pure Cosmetics","isPartOf":{"@id":"https:\/\/purecosmetics-shop.com\/accueil\/#website"},"primaryImageOfPage":{"@id":"https:\/\/purecosmetics-shop.com\/accueil\/produit\/fresh-blue-hyssop-rice-mochi-cleanser\/#primaryimage"},"image":{"@id":"https:\/\/purecosmetics-shop.com\/accueil\/produit\/fresh-blue-hyssop-rice-mochi-cleanser\/#primaryimage"},"thumbnailUrl":"https:\/\/purecosmetics-shop.com\/wp-content\/uploads\/2025\/06\/FRESH-BLUE-HYSSOP-RICE-MOCHI-CLEANSER-1.webp","datePublished":"2025-06-06T19:22:17+00:00","dateModified":"2026-04-16T06:41:17+00:00","breadcrumb":{"@id":"https:\/\/purecosmetics-shop.com\/accueil\/produit\/fresh-blue-hyssop-rice-mochi-cleanser\/#breadcrumb"},"inLanguage":"fr-FR","potentialAction":[{"@type":"ReadAction","target":["https:\/\/purecosmetics-shop.com\/accueil\/produit\/fresh-blue-hyssop-rice-mochi-cleanser\/"]}]},{"@type":"ImageObject","inLanguage":"fr-FR","@id":"https:\/\/purecosmetics-shop.com\/accueil\/produit\/fresh-blue-hyssop-rice-mochi-cleanser\/#primaryimage","url":"https:\/\/purecosmetics-shop.com\/wp-content\/uploads\/2025\/06\/FRESH-BLUE-HYSSOP-RICE-MOCHI-CLEANSER-1.webp","contentUrl":"https:\/\/purecosmetics-shop.com\/wp-content\/uploads\/2025\/06\/FRESH-BLUE-HYSSOP-RICE-MOCHI-CLEANSER-1.webp","width":640,"height":640,"caption":"FRESH BLUE HYSSOP RICE MOCHI CLEANSER"},{"@type":"BreadcrumbList","@id":"https:\/\/purecosmetics-shop.com\/accueil\/produit\/fresh-blue-hyssop-rice-mochi-cleanser\/#breadcrumb","itemListElement":[{"@type":"ListItem","position":1,"name":"Accueil","item":"https:\/\/purecosmetics-shop.com\/accueil\/"},{"@type":"ListItem","position":2,"name":"NOUVEAUT\u00c9S","item":"https:\/\/purecosmetics-shop.com\/accueil\/nouveautes\/"},{"@type":"ListItem","position":3,"name":"FRESH BLUE HYSSOP RICE MOCHI CLEANSER"}]},{"@type":"WebSite","@id":"https:\/\/purecosmetics-shop.com\/accueil\/#website","url":"https:\/\/purecosmetics-shop.com\/accueil\/","name":"Pure Cosmetics","description":"Skincare cor\u00e9enne et japonais","publisher":{"@id":"https:\/\/purecosmetics-shop.com\/accueil\/#organization"},"potentialAction":[{"@type":"SearchAction","target":{"@type":"EntryPoint","urlTemplate":"https:\/\/purecosmetics-shop.com\/accueil\/?s={search_term_string}"},"query-input":{"@type":"PropertyValueSpecification","valueRequired":true,"valueName":"search_term_string"}}],"inLanguage":"fr-FR"},{"@type":"Organization","@id":"https:\/\/purecosmetics-shop.com\/accueil\/#organization","name":"Pure Cosmetics","url":"https:\/\/purecosmetics-shop.com\/accueil\/","logo":{"@type":"ImageObject","inLanguage":"fr-FR","@id":"https:\/\/purecosmetics-shop.com\/accueil\/#\/schema\/logo\/image\/","url":"https:\/\/purecosmetics-shop.com\/wp-content\/uploads\/2025\/04\/cropped-Pure-Cosmetics-black-2.png","contentUrl":"https:\/\/purecosmetics-shop.com\/wp-content\/uploads\/2025\/04\/cropped-Pure-Cosmetics-black-2.png","width":2362,"height":2324,"caption":"Pure Cosmetics"},"image":{"@id":"https:\/\/purecosmetics-shop.com\/accueil\/#\/schema\/logo\/image\/"}}]}},"jetpack_sharing_enabled":true,"_links":{"self":[{"href":"https:\/\/purecosmetics-shop.com\/accueil\/wp-json\/wp\/v2\/product\/3138","targetHints":{"allow":["GET"]}}],"collection":[{"href":"https:\/\/purecosmetics-shop.com\/accueil\/wp-json\/wp\/v2\/product"}],"about":[{"href":"https:\/\/purecosmetics-shop.com\/accueil\/wp-json\/wp\/v2\/types\/product"}],"replies":[{"embeddable":true,"href":"https:\/\/purecosmetics-shop.com\/accueil\/wp-json\/wp\/v2\/comments?post=3138"}],"version-history":[{"count":4,"href":"https:\/\/purecosmetics-shop.com\/accueil\/wp-json\/wp\/v2\/product\/3138\/revisions"}],"predecessor-version":[{"id":3146,"href":"https:\/\/purecosmetics-shop.com\/accueil\/wp-json\/wp\/v2\/product\/3138\/revisions\/3146"}],"wp:featuredmedia":[{"embeddable":true,"href":"https:\/\/purecosmetics-shop.com\/accueil\/wp-json\/wp\/v2\/media\/3140"}],"wp:attachment":[{"href":"https:\/\/purecosmetics-shop.com\/accueil\/wp-json\/wp\/v2\/media?parent=3138"}],"wp:term":[{"taxonomy":"product_brand","embeddable":true,"href":"https:\/\/purecosmetics-shop.com\/accueil\/wp-json\/wp\/v2\/product_brand?post=3138"},{"taxonomy":"product_cat","embeddable":true,"href":"https:\/\/purecosmetics-shop.com\/accueil\/wp-json\/wp\/v2\/product_cat?post=3138"},{"taxonomy":"product_tag","embeddable":true,"href":"https:\/\/purecosmetics-shop.com\/accueil\/wp-json\/wp\/v2\/product_tag?post=3138"}],"curies":[{"name":"wp","href":"https:\/\/api.w.org\/{rel}","templated":true}]}}