{"id":3124,"date":"2025-06-06T14:44:33","date_gmt":"2025-06-06T18:44:33","guid":{"rendered":"https:\/\/purecosmetics-shop.com\/accueil\/?post_type=product&#038;p=3124"},"modified":"2026-04-16T04:16:54","modified_gmt":"2026-04-16T08:16:54","slug":"pdrn-hyaluronic-glow-pad","status":"publish","type":"product","link":"https:\/\/purecosmetics-shop.com\/accueil\/produit\/pdrn-hyaluronic-glow-pad\/","title":{"rendered":"PDRN HYALURONIC GLOW PAD"},"content":{"rendered":"<p>Le pad tonique \u00e9clat Anua PDRN Hyaluronic Glow est formul\u00e9 \u00e0 partir du complexe brevet\u00e9 7D VITA COLLAGEN COMPLEX et de PDRN \u00e0 base d&rsquo;ADN de saumon pour un teint \u00e9clatant, tandis que l&rsquo;acide hyaluronique et les peptides hydratent la peau. Il contient \u00e9galement de l&rsquo;hexapeptide-11 pour l&rsquo;\u00e9lasticit\u00e9 de la peau, de l&rsquo;oligopeptide-1 pour la synth\u00e8se du collag\u00e8ne, de l&rsquo;oligopeptide-2 pour une action anti-\u00e2ge et de l&rsquo;oligopeptide-3 pour un effet hydratant. Le complexe peptidique stimule la production de collag\u00e8ne.<\/p>\n<p>Ce tampon tonifiant est fabriqu\u00e9 \u00e0 partir d&rsquo;un fil sp\u00e9cialement trait\u00e9, diff\u00e9rent des autres tampons classiques, offrant un effet ultra-hydratant et une texture gel douce. Ce tissu \u00e9pais et hydratant est utilis\u00e9 pour fabriquer ce tampon de 7 cm.<\/p>\n","protected":false},"excerpt":{"rendered":"<p>Pad tonique qui am\u00e9liore l&rsquo;\u00e9clat et l&rsquo;hydratation de la peau, tout en am\u00e9liorant l&rsquo;\u00e9lasticit\u00e9 de la peau.<\/p>\n","protected":false},"featured_media":3126,"comment_status":"open","ping_status":"closed","template":"","meta":[],"product_brand":[155],"product_cat":[107,112,24],"product_tag":[],"class_list":{"0":"post-3124","1":"product","2":"type-product","3":"status-publish","4":"has-post-thumbnail","6":"product_brand-anua","7":"product_cat-anti-age-et-elasticite","8":"product_cat-hydratation","9":"product_cat-pad","11":"first","12":"instock","13":"shipping-taxable","14":"purchasable","15":"product-type-simple"},"yoast_head":"<!-- This site is optimized with the Yoast SEO plugin v27.4 - https:\/\/yoast.com\/product\/yoast-seo-wordpress\/ -->\n<title>PDRN HYALURONIC GLOW PAD - Pure Cosmetics<\/title>\n<meta name=\"robots\" content=\"index, follow, max-snippet:-1, max-image-preview:large, max-video-preview:-1\" \/>\n<link rel=\"canonical\" href=\"https:\/\/purecosmetics-shop.com\/accueil\/produit\/pdrn-hyaluronic-glow-pad\/\" \/>\n<meta property=\"og:locale\" content=\"fr_FR\" \/>\n<meta property=\"og:type\" content=\"article\" \/>\n<meta property=\"og:title\" content=\"PDRN HYALURONIC GLOW PAD - Pure Cosmetics\" \/>\n<meta property=\"og:description\" content=\"Pad tonique qui am\u00e9liore l&#039;\u00e9clat et l&#039;hydratation de la peau, tout en am\u00e9liorant l&#039;\u00e9lasticit\u00e9 de la peau.\" \/>\n<meta property=\"og:url\" content=\"https:\/\/purecosmetics-shop.com\/accueil\/produit\/pdrn-hyaluronic-glow-pad\/\" \/>\n<meta property=\"og:site_name\" content=\"Pure Cosmetics\" \/>\n<meta property=\"article:modified_time\" content=\"2026-04-16T08:16:54+00:00\" \/>\n<meta property=\"og:image\" content=\"https:\/\/purecosmetics-shop.com\/wp-content\/uploads\/2025\/06\/Anua-PDRN-Hyaluronic-Acid-Glow-Pad-1.webp\" \/>\n\t<meta property=\"og:image:width\" content=\"550\" \/>\n\t<meta property=\"og:image:height\" content=\"550\" \/>\n\t<meta property=\"og:image:type\" content=\"image\/webp\" \/>\n<meta name=\"twitter:card\" content=\"summary_large_image\" \/>\n<meta name=\"twitter:label1\" content=\"Dur\u00e9e de lecture estim\u00e9e\" \/>\n\t<meta name=\"twitter:data1\" content=\"1 minute\" \/>\n<script type=\"application\/ld+json\" class=\"yoast-schema-graph\">{\"@context\":\"https:\\\/\\\/schema.org\",\"@graph\":[{\"@type\":\"WebPage\",\"@id\":\"https:\\\/\\\/purecosmetics-shop.com\\\/accueil\\\/produit\\\/pdrn-hyaluronic-glow-pad\\\/\",\"url\":\"https:\\\/\\\/purecosmetics-shop.com\\\/accueil\\\/produit\\\/pdrn-hyaluronic-glow-pad\\\/\",\"name\":\"PDRN HYALURONIC GLOW PAD - Pure Cosmetics\",\"isPartOf\":{\"@id\":\"https:\\\/\\\/purecosmetics-shop.com\\\/accueil\\\/#website\"},\"primaryImageOfPage\":{\"@id\":\"https:\\\/\\\/purecosmetics-shop.com\\\/accueil\\\/produit\\\/pdrn-hyaluronic-glow-pad\\\/#primaryimage\"},\"image\":{\"@id\":\"https:\\\/\\\/purecosmetics-shop.com\\\/accueil\\\/produit\\\/pdrn-hyaluronic-glow-pad\\\/#primaryimage\"},\"thumbnailUrl\":\"https:\\\/\\\/purecosmetics-shop.com\\\/wp-content\\\/uploads\\\/2025\\\/06\\\/Anua-PDRN-Hyaluronic-Acid-Glow-Pad-1.webp\",\"datePublished\":\"2025-06-06T18:44:33+00:00\",\"dateModified\":\"2026-04-16T08:16:54+00:00\",\"breadcrumb\":{\"@id\":\"https:\\\/\\\/purecosmetics-shop.com\\\/accueil\\\/produit\\\/pdrn-hyaluronic-glow-pad\\\/#breadcrumb\"},\"inLanguage\":\"fr-FR\",\"potentialAction\":[{\"@type\":\"ReadAction\",\"target\":[\"https:\\\/\\\/purecosmetics-shop.com\\\/accueil\\\/produit\\\/pdrn-hyaluronic-glow-pad\\\/\"]}]},{\"@type\":\"ImageObject\",\"inLanguage\":\"fr-FR\",\"@id\":\"https:\\\/\\\/purecosmetics-shop.com\\\/accueil\\\/produit\\\/pdrn-hyaluronic-glow-pad\\\/#primaryimage\",\"url\":\"https:\\\/\\\/purecosmetics-shop.com\\\/wp-content\\\/uploads\\\/2025\\\/06\\\/Anua-PDRN-Hyaluronic-Acid-Glow-Pad-1.webp\",\"contentUrl\":\"https:\\\/\\\/purecosmetics-shop.com\\\/wp-content\\\/uploads\\\/2025\\\/06\\\/Anua-PDRN-Hyaluronic-Acid-Glow-Pad-1.webp\",\"width\":550,\"height\":550,\"caption\":\"ANUA Pad tonique \u00e9clat au PDRN et Hyaluronique\"},{\"@type\":\"BreadcrumbList\",\"@id\":\"https:\\\/\\\/purecosmetics-shop.com\\\/accueil\\\/produit\\\/pdrn-hyaluronic-glow-pad\\\/#breadcrumb\",\"itemListElement\":[{\"@type\":\"ListItem\",\"position\":1,\"name\":\"Accueil\",\"item\":\"https:\\\/\\\/purecosmetics-shop.com\\\/accueil\\\/\"},{\"@type\":\"ListItem\",\"position\":2,\"name\":\"NOUVEAUT\u00c9S\",\"item\":\"https:\\\/\\\/purecosmetics-shop.com\\\/accueil\\\/nouveautes\\\/\"},{\"@type\":\"ListItem\",\"position\":3,\"name\":\"PDRN HYALURONIC GLOW PAD\"}]},{\"@type\":\"WebSite\",\"@id\":\"https:\\\/\\\/purecosmetics-shop.com\\\/accueil\\\/#website\",\"url\":\"https:\\\/\\\/purecosmetics-shop.com\\\/accueil\\\/\",\"name\":\"Pure Cosmetics\",\"description\":\"Skincare cor\u00e9enne et japonais\",\"publisher\":{\"@id\":\"https:\\\/\\\/purecosmetics-shop.com\\\/accueil\\\/#organization\"},\"potentialAction\":[{\"@type\":\"SearchAction\",\"target\":{\"@type\":\"EntryPoint\",\"urlTemplate\":\"https:\\\/\\\/purecosmetics-shop.com\\\/accueil\\\/?s={search_term_string}\"},\"query-input\":{\"@type\":\"PropertyValueSpecification\",\"valueRequired\":true,\"valueName\":\"search_term_string\"}}],\"inLanguage\":\"fr-FR\"},{\"@type\":\"Organization\",\"@id\":\"https:\\\/\\\/purecosmetics-shop.com\\\/accueil\\\/#organization\",\"name\":\"Pure Cosmetics\",\"url\":\"https:\\\/\\\/purecosmetics-shop.com\\\/accueil\\\/\",\"logo\":{\"@type\":\"ImageObject\",\"inLanguage\":\"fr-FR\",\"@id\":\"https:\\\/\\\/purecosmetics-shop.com\\\/accueil\\\/#\\\/schema\\\/logo\\\/image\\\/\",\"url\":\"https:\\\/\\\/purecosmetics-shop.com\\\/wp-content\\\/uploads\\\/2025\\\/04\\\/cropped-Pure-Cosmetics-black-2.png\",\"contentUrl\":\"https:\\\/\\\/purecosmetics-shop.com\\\/wp-content\\\/uploads\\\/2025\\\/04\\\/cropped-Pure-Cosmetics-black-2.png\",\"width\":2362,\"height\":2324,\"caption\":\"Pure Cosmetics\"},\"image\":{\"@id\":\"https:\\\/\\\/purecosmetics-shop.com\\\/accueil\\\/#\\\/schema\\\/logo\\\/image\\\/\"}}]}<\/script>\n<!-- \/ Yoast SEO plugin. -->","yoast_head_json":{"title":"PDRN HYALURONIC GLOW PAD - Pure Cosmetics","robots":{"index":"index","follow":"follow","max-snippet":"max-snippet:-1","max-image-preview":"max-image-preview:large","max-video-preview":"max-video-preview:-1"},"canonical":"https:\/\/purecosmetics-shop.com\/accueil\/produit\/pdrn-hyaluronic-glow-pad\/","og_locale":"fr_FR","og_type":"article","og_title":"PDRN HYALURONIC GLOW PAD - Pure Cosmetics","og_description":"Pad tonique qui am\u00e9liore l'\u00e9clat et l'hydratation de la peau, tout en am\u00e9liorant l'\u00e9lasticit\u00e9 de la peau.","og_url":"https:\/\/purecosmetics-shop.com\/accueil\/produit\/pdrn-hyaluronic-glow-pad\/","og_site_name":"Pure Cosmetics","article_modified_time":"2026-04-16T08:16:54+00:00","og_image":[{"width":550,"height":550,"url":"https:\/\/purecosmetics-shop.com\/wp-content\/uploads\/2025\/06\/Anua-PDRN-Hyaluronic-Acid-Glow-Pad-1.webp","type":"image\/webp"}],"twitter_card":"summary_large_image","twitter_misc":{"Dur\u00e9e de lecture estim\u00e9e":"1 minute"},"schema":{"@context":"https:\/\/schema.org","@graph":[{"@type":"WebPage","@id":"https:\/\/purecosmetics-shop.com\/accueil\/produit\/pdrn-hyaluronic-glow-pad\/","url":"https:\/\/purecosmetics-shop.com\/accueil\/produit\/pdrn-hyaluronic-glow-pad\/","name":"PDRN HYALURONIC GLOW PAD - Pure Cosmetics","isPartOf":{"@id":"https:\/\/purecosmetics-shop.com\/accueil\/#website"},"primaryImageOfPage":{"@id":"https:\/\/purecosmetics-shop.com\/accueil\/produit\/pdrn-hyaluronic-glow-pad\/#primaryimage"},"image":{"@id":"https:\/\/purecosmetics-shop.com\/accueil\/produit\/pdrn-hyaluronic-glow-pad\/#primaryimage"},"thumbnailUrl":"https:\/\/purecosmetics-shop.com\/wp-content\/uploads\/2025\/06\/Anua-PDRN-Hyaluronic-Acid-Glow-Pad-1.webp","datePublished":"2025-06-06T18:44:33+00:00","dateModified":"2026-04-16T08:16:54+00:00","breadcrumb":{"@id":"https:\/\/purecosmetics-shop.com\/accueil\/produit\/pdrn-hyaluronic-glow-pad\/#breadcrumb"},"inLanguage":"fr-FR","potentialAction":[{"@type":"ReadAction","target":["https:\/\/purecosmetics-shop.com\/accueil\/produit\/pdrn-hyaluronic-glow-pad\/"]}]},{"@type":"ImageObject","inLanguage":"fr-FR","@id":"https:\/\/purecosmetics-shop.com\/accueil\/produit\/pdrn-hyaluronic-glow-pad\/#primaryimage","url":"https:\/\/purecosmetics-shop.com\/wp-content\/uploads\/2025\/06\/Anua-PDRN-Hyaluronic-Acid-Glow-Pad-1.webp","contentUrl":"https:\/\/purecosmetics-shop.com\/wp-content\/uploads\/2025\/06\/Anua-PDRN-Hyaluronic-Acid-Glow-Pad-1.webp","width":550,"height":550,"caption":"ANUA Pad tonique \u00e9clat au PDRN et Hyaluronique"},{"@type":"BreadcrumbList","@id":"https:\/\/purecosmetics-shop.com\/accueil\/produit\/pdrn-hyaluronic-glow-pad\/#breadcrumb","itemListElement":[{"@type":"ListItem","position":1,"name":"Accueil","item":"https:\/\/purecosmetics-shop.com\/accueil\/"},{"@type":"ListItem","position":2,"name":"NOUVEAUT\u00c9S","item":"https:\/\/purecosmetics-shop.com\/accueil\/nouveautes\/"},{"@type":"ListItem","position":3,"name":"PDRN HYALURONIC GLOW PAD"}]},{"@type":"WebSite","@id":"https:\/\/purecosmetics-shop.com\/accueil\/#website","url":"https:\/\/purecosmetics-shop.com\/accueil\/","name":"Pure Cosmetics","description":"Skincare cor\u00e9enne et japonais","publisher":{"@id":"https:\/\/purecosmetics-shop.com\/accueil\/#organization"},"potentialAction":[{"@type":"SearchAction","target":{"@type":"EntryPoint","urlTemplate":"https:\/\/purecosmetics-shop.com\/accueil\/?s={search_term_string}"},"query-input":{"@type":"PropertyValueSpecification","valueRequired":true,"valueName":"search_term_string"}}],"inLanguage":"fr-FR"},{"@type":"Organization","@id":"https:\/\/purecosmetics-shop.com\/accueil\/#organization","name":"Pure Cosmetics","url":"https:\/\/purecosmetics-shop.com\/accueil\/","logo":{"@type":"ImageObject","inLanguage":"fr-FR","@id":"https:\/\/purecosmetics-shop.com\/accueil\/#\/schema\/logo\/image\/","url":"https:\/\/purecosmetics-shop.com\/wp-content\/uploads\/2025\/04\/cropped-Pure-Cosmetics-black-2.png","contentUrl":"https:\/\/purecosmetics-shop.com\/wp-content\/uploads\/2025\/04\/cropped-Pure-Cosmetics-black-2.png","width":2362,"height":2324,"caption":"Pure Cosmetics"},"image":{"@id":"https:\/\/purecosmetics-shop.com\/accueil\/#\/schema\/logo\/image\/"}}]}},"jetpack_sharing_enabled":true,"_links":{"self":[{"href":"https:\/\/purecosmetics-shop.com\/accueil\/wp-json\/wp\/v2\/product\/3124","targetHints":{"allow":["GET"]}}],"collection":[{"href":"https:\/\/purecosmetics-shop.com\/accueil\/wp-json\/wp\/v2\/product"}],"about":[{"href":"https:\/\/purecosmetics-shop.com\/accueil\/wp-json\/wp\/v2\/types\/product"}],"replies":[{"embeddable":true,"href":"https:\/\/purecosmetics-shop.com\/accueil\/wp-json\/wp\/v2\/comments?post=3124"}],"version-history":[{"count":1,"href":"https:\/\/purecosmetics-shop.com\/accueil\/wp-json\/wp\/v2\/product\/3124\/revisions"}],"predecessor-version":[{"id":3130,"href":"https:\/\/purecosmetics-shop.com\/accueil\/wp-json\/wp\/v2\/product\/3124\/revisions\/3130"}],"wp:featuredmedia":[{"embeddable":true,"href":"https:\/\/purecosmetics-shop.com\/accueil\/wp-json\/wp\/v2\/media\/3126"}],"wp:attachment":[{"href":"https:\/\/purecosmetics-shop.com\/accueil\/wp-json\/wp\/v2\/media?parent=3124"}],"wp:term":[{"taxonomy":"product_brand","embeddable":true,"href":"https:\/\/purecosmetics-shop.com\/accueil\/wp-json\/wp\/v2\/product_brand?post=3124"},{"taxonomy":"product_cat","embeddable":true,"href":"https:\/\/purecosmetics-shop.com\/accueil\/wp-json\/wp\/v2\/product_cat?post=3124"},{"taxonomy":"product_tag","embeddable":true,"href":"https:\/\/purecosmetics-shop.com\/accueil\/wp-json\/wp\/v2\/product_tag?post=3124"}],"curies":[{"name":"wp","href":"https:\/\/api.w.org\/{rel}","templated":true}]}}