{"id":3116,"date":"2025-06-10T13:42:15","date_gmt":"2025-06-10T17:42:15","guid":{"rendered":"https:\/\/purecosmetics-shop.com\/accueil\/?post_type=product&#038;p=3116"},"modified":"2026-04-16T02:40:32","modified_gmt":"2026-04-16T06:40:32","slug":"pdrn-hyaluronic-acid-capsule-100-serum","status":"publish","type":"product","link":"https:\/\/purecosmetics-shop.com\/accueil\/produit\/pdrn-hyaluronic-acid-capsule-100-serum\/","title":{"rendered":"PDRN Hyaluronic Acid Capsule 100 Serum"},"content":{"rendered":"<p>Le PDRN Hyaluronic Acid Capsule 100 S\u00e9rum r\u00e9unie du PDRN, 11 types d\u2019acide hyaluronique et du collag\u00e8ne hydrolys\u00e9 dans une m\u00eame formule pour hydrater votre peau en profondeur, am\u00e9liorer sa texture globale et maintenir l\u2019\u00e9lasticit\u00e9 tout en r\u00e9duisant les ridules et les rides.<\/p>\n<p>Gr\u00e2ce \u00e0 la technologie Smart Capsule \u00e0 faible poids mol\u00e9culaire d\u2019Anua, le s\u00e9rum favorise l\u2019absorption des ingr\u00e9dients actifs en profondeur, laissant une finition fra\u00eeche et \u00e9clatante sans sensation de lourdeur.<\/p>\n<p>Convient \u00e0 tous les types de peaux, y compris les peaux acn\u00e9iques.<\/p>\n","protected":false},"excerpt":{"rendered":"<p>Le PDRN Hyaluronic Acid Capsule 100 S\u00e9rum r\u00e9unie du PDRN, 11 types d\u2019acide hyaluronique et du collag\u00e8ne hydrolys\u00e9 dans une m\u00eame formule pour hydrater votre peau en profondeur, am\u00e9liorer sa texture globale et maintenir l\u2019\u00e9lasticit\u00e9 tout en r\u00e9duisant les ridules et les rides.<\/p>\n","protected":false},"featured_media":3118,"comment_status":"open","ping_status":"closed","template":"","meta":[],"product_brand":[155],"product_cat":[107,112,115,116,117,118,21],"product_tag":[],"class_list":{"0":"post-3116","1":"product","2":"type-product","3":"status-publish","4":"has-post-thumbnail","6":"product_brand-anua","7":"product_cat-anti-age-et-elasticite","8":"product_cat-hydratation","9":"product_cat-peau-grasse","10":"product_cat-peau-mixte","11":"product_cat-peau-normale","12":"product_cat-peau-seche","13":"product_cat-serum","15":"first","16":"instock","17":"shipping-taxable","18":"purchasable","19":"product-type-simple"},"yoast_head":"<!-- This site is optimized with the Yoast SEO plugin v27.4 - https:\/\/yoast.com\/product\/yoast-seo-wordpress\/ -->\n<title>PDRN Hyaluronic Acid Capsule 100 Serum - Pure Cosmetics<\/title>\n<meta name=\"robots\" content=\"index, follow, max-snippet:-1, max-image-preview:large, max-video-preview:-1\" \/>\n<link rel=\"canonical\" href=\"https:\/\/purecosmetics-shop.com\/accueil\/produit\/pdrn-hyaluronic-acid-capsule-100-serum\/\" \/>\n<meta property=\"og:locale\" content=\"fr_FR\" \/>\n<meta property=\"og:type\" content=\"article\" \/>\n<meta property=\"og:title\" content=\"PDRN Hyaluronic Acid Capsule 100 Serum - Pure Cosmetics\" \/>\n<meta property=\"og:description\" content=\"Le PDRN Hyaluronic Acid Capsule 100 S\u00e9rum r\u00e9unie du PDRN, 11 types d\u2019acide hyaluronique et du collag\u00e8ne hydrolys\u00e9 dans une m\u00eame formule pour hydrater votre peau en profondeur, am\u00e9liorer sa texture globale et maintenir l\u2019\u00e9lasticit\u00e9 tout en r\u00e9duisant les ridules et les rides.\" \/>\n<meta property=\"og:url\" content=\"https:\/\/purecosmetics-shop.com\/accueil\/produit\/pdrn-hyaluronic-acid-capsule-100-serum\/\" \/>\n<meta property=\"og:site_name\" content=\"Pure Cosmetics\" \/>\n<meta property=\"article:modified_time\" content=\"2026-04-16T06:40:32+00:00\" \/>\n<meta property=\"og:image\" content=\"https:\/\/purecosmetics-shop.com\/wp-content\/uploads\/2025\/06\/anua-pdrn-hyaluronic-acid-capsule-100-serum-1.webp\" \/>\n\t<meta property=\"og:image:width\" content=\"600\" \/>\n\t<meta property=\"og:image:height\" content=\"600\" \/>\n\t<meta property=\"og:image:type\" content=\"image\/webp\" \/>\n<meta name=\"twitter:card\" content=\"summary_large_image\" \/>\n<meta name=\"twitter:label1\" content=\"Dur\u00e9e de lecture estim\u00e9e\" \/>\n\t<meta name=\"twitter:data1\" content=\"1 minute\" \/>\n<script type=\"application\/ld+json\" class=\"yoast-schema-graph\">{\"@context\":\"https:\\\/\\\/schema.org\",\"@graph\":[{\"@type\":\"WebPage\",\"@id\":\"https:\\\/\\\/purecosmetics-shop.com\\\/accueil\\\/produit\\\/pdrn-hyaluronic-acid-capsule-100-serum\\\/\",\"url\":\"https:\\\/\\\/purecosmetics-shop.com\\\/accueil\\\/produit\\\/pdrn-hyaluronic-acid-capsule-100-serum\\\/\",\"name\":\"PDRN Hyaluronic Acid Capsule 100 Serum - Pure Cosmetics\",\"isPartOf\":{\"@id\":\"https:\\\/\\\/purecosmetics-shop.com\\\/accueil\\\/#website\"},\"primaryImageOfPage\":{\"@id\":\"https:\\\/\\\/purecosmetics-shop.com\\\/accueil\\\/produit\\\/pdrn-hyaluronic-acid-capsule-100-serum\\\/#primaryimage\"},\"image\":{\"@id\":\"https:\\\/\\\/purecosmetics-shop.com\\\/accueil\\\/produit\\\/pdrn-hyaluronic-acid-capsule-100-serum\\\/#primaryimage\"},\"thumbnailUrl\":\"https:\\\/\\\/purecosmetics-shop.com\\\/wp-content\\\/uploads\\\/2025\\\/06\\\/anua-pdrn-hyaluronic-acid-capsule-100-serum-1.webp\",\"datePublished\":\"2025-06-10T17:42:15+00:00\",\"dateModified\":\"2026-04-16T06:40:32+00:00\",\"breadcrumb\":{\"@id\":\"https:\\\/\\\/purecosmetics-shop.com\\\/accueil\\\/produit\\\/pdrn-hyaluronic-acid-capsule-100-serum\\\/#breadcrumb\"},\"inLanguage\":\"fr-FR\",\"potentialAction\":[{\"@type\":\"ReadAction\",\"target\":[\"https:\\\/\\\/purecosmetics-shop.com\\\/accueil\\\/produit\\\/pdrn-hyaluronic-acid-capsule-100-serum\\\/\"]}]},{\"@type\":\"ImageObject\",\"inLanguage\":\"fr-FR\",\"@id\":\"https:\\\/\\\/purecosmetics-shop.com\\\/accueil\\\/produit\\\/pdrn-hyaluronic-acid-capsule-100-serum\\\/#primaryimage\",\"url\":\"https:\\\/\\\/purecosmetics-shop.com\\\/wp-content\\\/uploads\\\/2025\\\/06\\\/anua-pdrn-hyaluronic-acid-capsule-100-serum-1.webp\",\"contentUrl\":\"https:\\\/\\\/purecosmetics-shop.com\\\/wp-content\\\/uploads\\\/2025\\\/06\\\/anua-pdrn-hyaluronic-acid-capsule-100-serum-1.webp\",\"width\":600,\"height\":600,\"caption\":\"S\u00e9rum Capsule 100 au PDRN et acide hyaluronique\"},{\"@type\":\"BreadcrumbList\",\"@id\":\"https:\\\/\\\/purecosmetics-shop.com\\\/accueil\\\/produit\\\/pdrn-hyaluronic-acid-capsule-100-serum\\\/#breadcrumb\",\"itemListElement\":[{\"@type\":\"ListItem\",\"position\":1,\"name\":\"Accueil\",\"item\":\"https:\\\/\\\/purecosmetics-shop.com\\\/accueil\\\/\"},{\"@type\":\"ListItem\",\"position\":2,\"name\":\"NOUVEAUT\u00c9S\",\"item\":\"https:\\\/\\\/purecosmetics-shop.com\\\/accueil\\\/nouveautes\\\/\"},{\"@type\":\"ListItem\",\"position\":3,\"name\":\"PDRN Hyaluronic Acid Capsule 100 Serum\"}]},{\"@type\":\"WebSite\",\"@id\":\"https:\\\/\\\/purecosmetics-shop.com\\\/accueil\\\/#website\",\"url\":\"https:\\\/\\\/purecosmetics-shop.com\\\/accueil\\\/\",\"name\":\"Pure Cosmetics\",\"description\":\"Skincare cor\u00e9enne et japonais\",\"publisher\":{\"@id\":\"https:\\\/\\\/purecosmetics-shop.com\\\/accueil\\\/#organization\"},\"potentialAction\":[{\"@type\":\"SearchAction\",\"target\":{\"@type\":\"EntryPoint\",\"urlTemplate\":\"https:\\\/\\\/purecosmetics-shop.com\\\/accueil\\\/?s={search_term_string}\"},\"query-input\":{\"@type\":\"PropertyValueSpecification\",\"valueRequired\":true,\"valueName\":\"search_term_string\"}}],\"inLanguage\":\"fr-FR\"},{\"@type\":\"Organization\",\"@id\":\"https:\\\/\\\/purecosmetics-shop.com\\\/accueil\\\/#organization\",\"name\":\"Pure Cosmetics\",\"url\":\"https:\\\/\\\/purecosmetics-shop.com\\\/accueil\\\/\",\"logo\":{\"@type\":\"ImageObject\",\"inLanguage\":\"fr-FR\",\"@id\":\"https:\\\/\\\/purecosmetics-shop.com\\\/accueil\\\/#\\\/schema\\\/logo\\\/image\\\/\",\"url\":\"https:\\\/\\\/purecosmetics-shop.com\\\/wp-content\\\/uploads\\\/2025\\\/04\\\/cropped-Pure-Cosmetics-black-2.png\",\"contentUrl\":\"https:\\\/\\\/purecosmetics-shop.com\\\/wp-content\\\/uploads\\\/2025\\\/04\\\/cropped-Pure-Cosmetics-black-2.png\",\"width\":2362,\"height\":2324,\"caption\":\"Pure Cosmetics\"},\"image\":{\"@id\":\"https:\\\/\\\/purecosmetics-shop.com\\\/accueil\\\/#\\\/schema\\\/logo\\\/image\\\/\"}}]}<\/script>\n<!-- \/ Yoast SEO plugin. -->","yoast_head_json":{"title":"PDRN Hyaluronic Acid Capsule 100 Serum - Pure Cosmetics","robots":{"index":"index","follow":"follow","max-snippet":"max-snippet:-1","max-image-preview":"max-image-preview:large","max-video-preview":"max-video-preview:-1"},"canonical":"https:\/\/purecosmetics-shop.com\/accueil\/produit\/pdrn-hyaluronic-acid-capsule-100-serum\/","og_locale":"fr_FR","og_type":"article","og_title":"PDRN Hyaluronic Acid Capsule 100 Serum - Pure Cosmetics","og_description":"Le PDRN Hyaluronic Acid Capsule 100 S\u00e9rum r\u00e9unie du PDRN, 11 types d\u2019acide hyaluronique et du collag\u00e8ne hydrolys\u00e9 dans une m\u00eame formule pour hydrater votre peau en profondeur, am\u00e9liorer sa texture globale et maintenir l\u2019\u00e9lasticit\u00e9 tout en r\u00e9duisant les ridules et les rides.","og_url":"https:\/\/purecosmetics-shop.com\/accueil\/produit\/pdrn-hyaluronic-acid-capsule-100-serum\/","og_site_name":"Pure Cosmetics","article_modified_time":"2026-04-16T06:40:32+00:00","og_image":[{"width":600,"height":600,"url":"https:\/\/purecosmetics-shop.com\/wp-content\/uploads\/2025\/06\/anua-pdrn-hyaluronic-acid-capsule-100-serum-1.webp","type":"image\/webp"}],"twitter_card":"summary_large_image","twitter_misc":{"Dur\u00e9e de lecture estim\u00e9e":"1 minute"},"schema":{"@context":"https:\/\/schema.org","@graph":[{"@type":"WebPage","@id":"https:\/\/purecosmetics-shop.com\/accueil\/produit\/pdrn-hyaluronic-acid-capsule-100-serum\/","url":"https:\/\/purecosmetics-shop.com\/accueil\/produit\/pdrn-hyaluronic-acid-capsule-100-serum\/","name":"PDRN Hyaluronic Acid Capsule 100 Serum - Pure Cosmetics","isPartOf":{"@id":"https:\/\/purecosmetics-shop.com\/accueil\/#website"},"primaryImageOfPage":{"@id":"https:\/\/purecosmetics-shop.com\/accueil\/produit\/pdrn-hyaluronic-acid-capsule-100-serum\/#primaryimage"},"image":{"@id":"https:\/\/purecosmetics-shop.com\/accueil\/produit\/pdrn-hyaluronic-acid-capsule-100-serum\/#primaryimage"},"thumbnailUrl":"https:\/\/purecosmetics-shop.com\/wp-content\/uploads\/2025\/06\/anua-pdrn-hyaluronic-acid-capsule-100-serum-1.webp","datePublished":"2025-06-10T17:42:15+00:00","dateModified":"2026-04-16T06:40:32+00:00","breadcrumb":{"@id":"https:\/\/purecosmetics-shop.com\/accueil\/produit\/pdrn-hyaluronic-acid-capsule-100-serum\/#breadcrumb"},"inLanguage":"fr-FR","potentialAction":[{"@type":"ReadAction","target":["https:\/\/purecosmetics-shop.com\/accueil\/produit\/pdrn-hyaluronic-acid-capsule-100-serum\/"]}]},{"@type":"ImageObject","inLanguage":"fr-FR","@id":"https:\/\/purecosmetics-shop.com\/accueil\/produit\/pdrn-hyaluronic-acid-capsule-100-serum\/#primaryimage","url":"https:\/\/purecosmetics-shop.com\/wp-content\/uploads\/2025\/06\/anua-pdrn-hyaluronic-acid-capsule-100-serum-1.webp","contentUrl":"https:\/\/purecosmetics-shop.com\/wp-content\/uploads\/2025\/06\/anua-pdrn-hyaluronic-acid-capsule-100-serum-1.webp","width":600,"height":600,"caption":"S\u00e9rum Capsule 100 au PDRN et acide hyaluronique"},{"@type":"BreadcrumbList","@id":"https:\/\/purecosmetics-shop.com\/accueil\/produit\/pdrn-hyaluronic-acid-capsule-100-serum\/#breadcrumb","itemListElement":[{"@type":"ListItem","position":1,"name":"Accueil","item":"https:\/\/purecosmetics-shop.com\/accueil\/"},{"@type":"ListItem","position":2,"name":"NOUVEAUT\u00c9S","item":"https:\/\/purecosmetics-shop.com\/accueil\/nouveautes\/"},{"@type":"ListItem","position":3,"name":"PDRN Hyaluronic Acid Capsule 100 Serum"}]},{"@type":"WebSite","@id":"https:\/\/purecosmetics-shop.com\/accueil\/#website","url":"https:\/\/purecosmetics-shop.com\/accueil\/","name":"Pure Cosmetics","description":"Skincare cor\u00e9enne et japonais","publisher":{"@id":"https:\/\/purecosmetics-shop.com\/accueil\/#organization"},"potentialAction":[{"@type":"SearchAction","target":{"@type":"EntryPoint","urlTemplate":"https:\/\/purecosmetics-shop.com\/accueil\/?s={search_term_string}"},"query-input":{"@type":"PropertyValueSpecification","valueRequired":true,"valueName":"search_term_string"}}],"inLanguage":"fr-FR"},{"@type":"Organization","@id":"https:\/\/purecosmetics-shop.com\/accueil\/#organization","name":"Pure Cosmetics","url":"https:\/\/purecosmetics-shop.com\/accueil\/","logo":{"@type":"ImageObject","inLanguage":"fr-FR","@id":"https:\/\/purecosmetics-shop.com\/accueil\/#\/schema\/logo\/image\/","url":"https:\/\/purecosmetics-shop.com\/wp-content\/uploads\/2025\/04\/cropped-Pure-Cosmetics-black-2.png","contentUrl":"https:\/\/purecosmetics-shop.com\/wp-content\/uploads\/2025\/04\/cropped-Pure-Cosmetics-black-2.png","width":2362,"height":2324,"caption":"Pure Cosmetics"},"image":{"@id":"https:\/\/purecosmetics-shop.com\/accueil\/#\/schema\/logo\/image\/"}}]}},"jetpack_sharing_enabled":true,"_links":{"self":[{"href":"https:\/\/purecosmetics-shop.com\/accueil\/wp-json\/wp\/v2\/product\/3116","targetHints":{"allow":["GET"]}}],"collection":[{"href":"https:\/\/purecosmetics-shop.com\/accueil\/wp-json\/wp\/v2\/product"}],"about":[{"href":"https:\/\/purecosmetics-shop.com\/accueil\/wp-json\/wp\/v2\/types\/product"}],"replies":[{"embeddable":true,"href":"https:\/\/purecosmetics-shop.com\/accueil\/wp-json\/wp\/v2\/comments?post=3116"}],"version-history":[{"count":1,"href":"https:\/\/purecosmetics-shop.com\/accueil\/wp-json\/wp\/v2\/product\/3116\/revisions"}],"predecessor-version":[{"id":3123,"href":"https:\/\/purecosmetics-shop.com\/accueil\/wp-json\/wp\/v2\/product\/3116\/revisions\/3123"}],"wp:featuredmedia":[{"embeddable":true,"href":"https:\/\/purecosmetics-shop.com\/accueil\/wp-json\/wp\/v2\/media\/3118"}],"wp:attachment":[{"href":"https:\/\/purecosmetics-shop.com\/accueil\/wp-json\/wp\/v2\/media?parent=3116"}],"wp:term":[{"taxonomy":"product_brand","embeddable":true,"href":"https:\/\/purecosmetics-shop.com\/accueil\/wp-json\/wp\/v2\/product_brand?post=3116"},{"taxonomy":"product_cat","embeddable":true,"href":"https:\/\/purecosmetics-shop.com\/accueil\/wp-json\/wp\/v2\/product_cat?post=3116"},{"taxonomy":"product_tag","embeddable":true,"href":"https:\/\/purecosmetics-shop.com\/accueil\/wp-json\/wp\/v2\/product_tag?post=3116"}],"curies":[{"name":"wp","href":"https:\/\/api.w.org\/{rel}","templated":true}]}}