{"id":296,"date":"2024-07-26T21:41:39","date_gmt":"2024-07-27T01:41:39","guid":{"rendered":"https:\/\/purecosmetics-shop.com\/accueil\/?post_type=product&#038;p=296"},"modified":"2026-04-16T02:53:32","modified_gmt":"2026-04-16T06:53:32","slug":"medicube-deep-vita-c-capsule-cream","status":"publish","type":"product","link":"https:\/\/purecosmetics-shop.com\/accueil\/produit\/medicube-deep-vita-c-capsule-cream\/","title":{"rendered":"Deep Vita C Capsule Cream"},"content":{"rendered":"<p>Le composant gel transparent est infus\u00e9 d&rsquo;acide f\u00e9rulique, de vitamines E, Q et P, procurant hydratation et \u00e9clat avec une irritation minimale. Sa texture l\u00e9g\u00e8re vous permet de personnaliser le rapport capsule\/gel en fonction de votre type de peau, garantissant un m\u00e9lange stable et apaisant qui p\u00e9n\u00e8tre facilement dans la peau pour une utilisation quotidienne.<\/p>\n<p>D\u00e9couvrez la puissance des capsules de liposomes stabilis\u00e9es, con\u00e7ues pour am\u00e9liorer l&rsquo;apport de vitamine C \u00e0 la peau pour des r\u00e9sultats optimaux.<\/p>\n<p>Gr\u00e2ce \u00e0 la technologie exclusive de Medicube, vous pouvez \u00eatre s\u00fbr que leur formule offre une efficacit\u00e9 sup\u00e9rieure par rapport aux autres formules de vitamines liposomales.<\/p>\n<p>Incorporez la cr\u00e8me en capsules Deep Vita C \u00e0 votre routine de soins quotidienne et appliquez ensuite un \u00e9cran solaire le matin pour maximiser les r\u00e9sultats.<\/p>\n<p>Dites bonjour \u00e0 une peau plus lumineuse et plus radieuse avec notre cr\u00e8me en capsules de vitamines innovante.<\/p>\n<h2>Mode d&#8217;emploi<\/h2>\n<p>M\u00e9langez la capsule de vitamine et le gel transparent dans un rapport adapt\u00e9 en fonction de votre type de peau.<\/p>\n<p>Pour une sensation plus l\u00e9g\u00e8re, augmentez le rapport du gel, tandis que pour plus d&rsquo;hydratation et d&rsquo;\u00e9lasticit\u00e9, augmentez le rapport de la capsule. Appliquez le m\u00e9lange matin et soir sur le visage et le cou, apr\u00e8s le s\u00e9rum.<\/p>\n","protected":false},"excerpt":{"rendered":"<p>Cr\u00e8me r\u00e9volutionnaire con\u00e7ue pour soigner le teint irr\u00e9gulier et les taches, laissant votre peau lumineuse, radieuse et uniforme.<\/p>\n<p>Cette cr\u00e8me personnalisable pr\u00e9sente une formule unique \u00e0 double texture, combinant une cr\u00e8me \u00e0 capsule de vitamines avec un gel transparent.<br \/>\nLa capsule de vitamines contient de l&rsquo;extrait d&rsquo;argousier \u00e0 une concentration impressionnante de 50 %, ainsi que 5 % de niacinamide et de vitamine C pure, encapsul\u00e9s pour maintenir la fra\u00eecheur et la puissance \u00e0 chaque utilisation.<\/p>\n","protected":false},"featured_media":6033,"comment_status":"open","ping_status":"closed","template":"","meta":[],"product_brand":[170],"product_cat":[107,25,112,113,115,116],"product_tag":[],"class_list":{"0":"post-296","1":"product","2":"type-product","3":"status-publish","4":"has-post-thumbnail","6":"product_brand-medicube","7":"product_cat-anti-age-et-elasticite","8":"product_cat-creme-visage","9":"product_cat-hydratation","10":"product_cat-peau-a-tendance-acneique","11":"product_cat-peau-grasse","12":"product_cat-peau-mixte","14":"first","15":"instock","16":"shipping-taxable","17":"purchasable","18":"product-type-simple"},"yoast_head":"<!-- This site is optimized with the Yoast SEO plugin v27.4 - https:\/\/yoast.com\/product\/yoast-seo-wordpress\/ -->\n<title>Deep Vita C Capsule Cream - Pure Cosmetics<\/title>\n<meta name=\"description\" content=\"Cr\u00e8me capsule Deep Vita C, une solution de soin r\u00e9volutionnaire con\u00e7ue pour soigner le teint irr\u00e9gulier et les taches, laissant votre peau lumineuse, radieuse et uniforme.\" \/>\n<meta name=\"robots\" content=\"index, follow, max-snippet:-1, max-image-preview:large, max-video-preview:-1\" \/>\n<link rel=\"canonical\" href=\"https:\/\/purecosmetics-shop.com\/accueil\/produit\/medicube-deep-vita-c-capsule-cream\/\" \/>\n<meta property=\"og:locale\" content=\"fr_FR\" \/>\n<meta property=\"og:type\" content=\"article\" \/>\n<meta property=\"og:title\" content=\"Deep Vita C Capsule Cream - Pure Cosmetics\" \/>\n<meta property=\"og:description\" content=\"Cr\u00e8me capsule Deep Vita C, une solution de soin r\u00e9volutionnaire con\u00e7ue pour soigner le teint irr\u00e9gulier et les taches, laissant votre peau lumineuse, radieuse et uniforme.\" \/>\n<meta property=\"og:url\" content=\"https:\/\/purecosmetics-shop.com\/accueil\/produit\/medicube-deep-vita-c-capsule-cream\/\" \/>\n<meta property=\"og:site_name\" content=\"Pure Cosmetics\" \/>\n<meta property=\"article:modified_time\" content=\"2026-04-16T06:53:32+00:00\" \/>\n<meta property=\"og:image\" content=\"https:\/\/purecosmetics-shop.com\/wp-content\/uploads\/2024\/07\/deep-vita.png\" \/>\n\t<meta property=\"og:image:width\" content=\"584\" \/>\n\t<meta property=\"og:image:height\" content=\"730\" \/>\n\t<meta property=\"og:image:type\" content=\"image\/png\" \/>\n<meta name=\"twitter:card\" content=\"summary_large_image\" \/>\n<meta name=\"twitter:label1\" content=\"Dur\u00e9e de lecture estim\u00e9e\" \/>\n\t<meta name=\"twitter:data1\" content=\"2 minutes\" \/>\n<script type=\"application\/ld+json\" class=\"yoast-schema-graph\">{\"@context\":\"https:\\\/\\\/schema.org\",\"@graph\":[{\"@type\":\"WebPage\",\"@id\":\"https:\\\/\\\/purecosmetics-shop.com\\\/accueil\\\/produit\\\/medicube-deep-vita-c-capsule-cream\\\/\",\"url\":\"https:\\\/\\\/purecosmetics-shop.com\\\/accueil\\\/produit\\\/medicube-deep-vita-c-capsule-cream\\\/\",\"name\":\"Deep Vita C Capsule Cream - Pure Cosmetics\",\"isPartOf\":{\"@id\":\"https:\\\/\\\/purecosmetics-shop.com\\\/accueil\\\/#website\"},\"primaryImageOfPage\":{\"@id\":\"https:\\\/\\\/purecosmetics-shop.com\\\/accueil\\\/produit\\\/medicube-deep-vita-c-capsule-cream\\\/#primaryimage\"},\"image\":{\"@id\":\"https:\\\/\\\/purecosmetics-shop.com\\\/accueil\\\/produit\\\/medicube-deep-vita-c-capsule-cream\\\/#primaryimage\"},\"thumbnailUrl\":\"https:\\\/\\\/purecosmetics-shop.com\\\/wp-content\\\/uploads\\\/2024\\\/07\\\/deep-vita.png\",\"datePublished\":\"2024-07-27T01:41:39+00:00\",\"dateModified\":\"2026-04-16T06:53:32+00:00\",\"description\":\"Cr\u00e8me capsule Deep Vita C, une solution de soin r\u00e9volutionnaire con\u00e7ue pour soigner le teint irr\u00e9gulier et les taches, laissant votre peau lumineuse, radieuse et uniforme.\",\"breadcrumb\":{\"@id\":\"https:\\\/\\\/purecosmetics-shop.com\\\/accueil\\\/produit\\\/medicube-deep-vita-c-capsule-cream\\\/#breadcrumb\"},\"inLanguage\":\"fr-FR\",\"potentialAction\":[{\"@type\":\"ReadAction\",\"target\":[\"https:\\\/\\\/purecosmetics-shop.com\\\/accueil\\\/produit\\\/medicube-deep-vita-c-capsule-cream\\\/\"]}]},{\"@type\":\"ImageObject\",\"inLanguage\":\"fr-FR\",\"@id\":\"https:\\\/\\\/purecosmetics-shop.com\\\/accueil\\\/produit\\\/medicube-deep-vita-c-capsule-cream\\\/#primaryimage\",\"url\":\"https:\\\/\\\/purecosmetics-shop.com\\\/wp-content\\\/uploads\\\/2024\\\/07\\\/deep-vita.png\",\"contentUrl\":\"https:\\\/\\\/purecosmetics-shop.com\\\/wp-content\\\/uploads\\\/2024\\\/07\\\/deep-vita.png\",\"width\":584,\"height\":730},{\"@type\":\"BreadcrumbList\",\"@id\":\"https:\\\/\\\/purecosmetics-shop.com\\\/accueil\\\/produit\\\/medicube-deep-vita-c-capsule-cream\\\/#breadcrumb\",\"itemListElement\":[{\"@type\":\"ListItem\",\"position\":1,\"name\":\"Accueil\",\"item\":\"https:\\\/\\\/purecosmetics-shop.com\\\/accueil\\\/\"},{\"@type\":\"ListItem\",\"position\":2,\"name\":\"NOUVEAUT\u00c9S\",\"item\":\"https:\\\/\\\/purecosmetics-shop.com\\\/accueil\\\/nouveautes\\\/\"},{\"@type\":\"ListItem\",\"position\":3,\"name\":\"Deep Vita C Capsule Cream\"}]},{\"@type\":\"WebSite\",\"@id\":\"https:\\\/\\\/purecosmetics-shop.com\\\/accueil\\\/#website\",\"url\":\"https:\\\/\\\/purecosmetics-shop.com\\\/accueil\\\/\",\"name\":\"Pure Cosmetics\",\"description\":\"Skincare cor\u00e9enne et japonais\",\"publisher\":{\"@id\":\"https:\\\/\\\/purecosmetics-shop.com\\\/accueil\\\/#organization\"},\"potentialAction\":[{\"@type\":\"SearchAction\",\"target\":{\"@type\":\"EntryPoint\",\"urlTemplate\":\"https:\\\/\\\/purecosmetics-shop.com\\\/accueil\\\/?s={search_term_string}\"},\"query-input\":{\"@type\":\"PropertyValueSpecification\",\"valueRequired\":true,\"valueName\":\"search_term_string\"}}],\"inLanguage\":\"fr-FR\"},{\"@type\":\"Organization\",\"@id\":\"https:\\\/\\\/purecosmetics-shop.com\\\/accueil\\\/#organization\",\"name\":\"Pure Cosmetics\",\"url\":\"https:\\\/\\\/purecosmetics-shop.com\\\/accueil\\\/\",\"logo\":{\"@type\":\"ImageObject\",\"inLanguage\":\"fr-FR\",\"@id\":\"https:\\\/\\\/purecosmetics-shop.com\\\/accueil\\\/#\\\/schema\\\/logo\\\/image\\\/\",\"url\":\"https:\\\/\\\/purecosmetics-shop.com\\\/wp-content\\\/uploads\\\/2025\\\/04\\\/cropped-Pure-Cosmetics-black-2.png\",\"contentUrl\":\"https:\\\/\\\/purecosmetics-shop.com\\\/wp-content\\\/uploads\\\/2025\\\/04\\\/cropped-Pure-Cosmetics-black-2.png\",\"width\":2362,\"height\":2324,\"caption\":\"Pure Cosmetics\"},\"image\":{\"@id\":\"https:\\\/\\\/purecosmetics-shop.com\\\/accueil\\\/#\\\/schema\\\/logo\\\/image\\\/\"}}]}<\/script>\n<!-- \/ Yoast SEO plugin. -->","yoast_head_json":{"title":"Deep Vita C Capsule Cream - Pure Cosmetics","description":"Cr\u00e8me capsule Deep Vita C, une solution de soin r\u00e9volutionnaire con\u00e7ue pour soigner le teint irr\u00e9gulier et les taches, laissant votre peau lumineuse, radieuse et uniforme.","robots":{"index":"index","follow":"follow","max-snippet":"max-snippet:-1","max-image-preview":"max-image-preview:large","max-video-preview":"max-video-preview:-1"},"canonical":"https:\/\/purecosmetics-shop.com\/accueil\/produit\/medicube-deep-vita-c-capsule-cream\/","og_locale":"fr_FR","og_type":"article","og_title":"Deep Vita C Capsule Cream - Pure Cosmetics","og_description":"Cr\u00e8me capsule Deep Vita C, une solution de soin r\u00e9volutionnaire con\u00e7ue pour soigner le teint irr\u00e9gulier et les taches, laissant votre peau lumineuse, radieuse et uniforme.","og_url":"https:\/\/purecosmetics-shop.com\/accueil\/produit\/medicube-deep-vita-c-capsule-cream\/","og_site_name":"Pure Cosmetics","article_modified_time":"2026-04-16T06:53:32+00:00","og_image":[{"width":584,"height":730,"url":"https:\/\/purecosmetics-shop.com\/wp-content\/uploads\/2024\/07\/deep-vita.png","type":"image\/png"}],"twitter_card":"summary_large_image","twitter_misc":{"Dur\u00e9e de lecture estim\u00e9e":"2 minutes"},"schema":{"@context":"https:\/\/schema.org","@graph":[{"@type":"WebPage","@id":"https:\/\/purecosmetics-shop.com\/accueil\/produit\/medicube-deep-vita-c-capsule-cream\/","url":"https:\/\/purecosmetics-shop.com\/accueil\/produit\/medicube-deep-vita-c-capsule-cream\/","name":"Deep Vita C Capsule Cream - Pure Cosmetics","isPartOf":{"@id":"https:\/\/purecosmetics-shop.com\/accueil\/#website"},"primaryImageOfPage":{"@id":"https:\/\/purecosmetics-shop.com\/accueil\/produit\/medicube-deep-vita-c-capsule-cream\/#primaryimage"},"image":{"@id":"https:\/\/purecosmetics-shop.com\/accueil\/produit\/medicube-deep-vita-c-capsule-cream\/#primaryimage"},"thumbnailUrl":"https:\/\/purecosmetics-shop.com\/wp-content\/uploads\/2024\/07\/deep-vita.png","datePublished":"2024-07-27T01:41:39+00:00","dateModified":"2026-04-16T06:53:32+00:00","description":"Cr\u00e8me capsule Deep Vita C, une solution de soin r\u00e9volutionnaire con\u00e7ue pour soigner le teint irr\u00e9gulier et les taches, laissant votre peau lumineuse, radieuse et uniforme.","breadcrumb":{"@id":"https:\/\/purecosmetics-shop.com\/accueil\/produit\/medicube-deep-vita-c-capsule-cream\/#breadcrumb"},"inLanguage":"fr-FR","potentialAction":[{"@type":"ReadAction","target":["https:\/\/purecosmetics-shop.com\/accueil\/produit\/medicube-deep-vita-c-capsule-cream\/"]}]},{"@type":"ImageObject","inLanguage":"fr-FR","@id":"https:\/\/purecosmetics-shop.com\/accueil\/produit\/medicube-deep-vita-c-capsule-cream\/#primaryimage","url":"https:\/\/purecosmetics-shop.com\/wp-content\/uploads\/2024\/07\/deep-vita.png","contentUrl":"https:\/\/purecosmetics-shop.com\/wp-content\/uploads\/2024\/07\/deep-vita.png","width":584,"height":730},{"@type":"BreadcrumbList","@id":"https:\/\/purecosmetics-shop.com\/accueil\/produit\/medicube-deep-vita-c-capsule-cream\/#breadcrumb","itemListElement":[{"@type":"ListItem","position":1,"name":"Accueil","item":"https:\/\/purecosmetics-shop.com\/accueil\/"},{"@type":"ListItem","position":2,"name":"NOUVEAUT\u00c9S","item":"https:\/\/purecosmetics-shop.com\/accueil\/nouveautes\/"},{"@type":"ListItem","position":3,"name":"Deep Vita C Capsule Cream"}]},{"@type":"WebSite","@id":"https:\/\/purecosmetics-shop.com\/accueil\/#website","url":"https:\/\/purecosmetics-shop.com\/accueil\/","name":"Pure Cosmetics","description":"Skincare cor\u00e9enne et japonais","publisher":{"@id":"https:\/\/purecosmetics-shop.com\/accueil\/#organization"},"potentialAction":[{"@type":"SearchAction","target":{"@type":"EntryPoint","urlTemplate":"https:\/\/purecosmetics-shop.com\/accueil\/?s={search_term_string}"},"query-input":{"@type":"PropertyValueSpecification","valueRequired":true,"valueName":"search_term_string"}}],"inLanguage":"fr-FR"},{"@type":"Organization","@id":"https:\/\/purecosmetics-shop.com\/accueil\/#organization","name":"Pure Cosmetics","url":"https:\/\/purecosmetics-shop.com\/accueil\/","logo":{"@type":"ImageObject","inLanguage":"fr-FR","@id":"https:\/\/purecosmetics-shop.com\/accueil\/#\/schema\/logo\/image\/","url":"https:\/\/purecosmetics-shop.com\/wp-content\/uploads\/2025\/04\/cropped-Pure-Cosmetics-black-2.png","contentUrl":"https:\/\/purecosmetics-shop.com\/wp-content\/uploads\/2025\/04\/cropped-Pure-Cosmetics-black-2.png","width":2362,"height":2324,"caption":"Pure Cosmetics"},"image":{"@id":"https:\/\/purecosmetics-shop.com\/accueil\/#\/schema\/logo\/image\/"}}]}},"jetpack_sharing_enabled":true,"_links":{"self":[{"href":"https:\/\/purecosmetics-shop.com\/accueil\/wp-json\/wp\/v2\/product\/296","targetHints":{"allow":["GET"]}}],"collection":[{"href":"https:\/\/purecosmetics-shop.com\/accueil\/wp-json\/wp\/v2\/product"}],"about":[{"href":"https:\/\/purecosmetics-shop.com\/accueil\/wp-json\/wp\/v2\/types\/product"}],"replies":[{"embeddable":true,"href":"https:\/\/purecosmetics-shop.com\/accueil\/wp-json\/wp\/v2\/comments?post=296"}],"version-history":[{"count":4,"href":"https:\/\/purecosmetics-shop.com\/accueil\/wp-json\/wp\/v2\/product\/296\/revisions"}],"predecessor-version":[{"id":301,"href":"https:\/\/purecosmetics-shop.com\/accueil\/wp-json\/wp\/v2\/product\/296\/revisions\/301"}],"wp:featuredmedia":[{"embeddable":true,"href":"https:\/\/purecosmetics-shop.com\/accueil\/wp-json\/wp\/v2\/media\/6033"}],"wp:attachment":[{"href":"https:\/\/purecosmetics-shop.com\/accueil\/wp-json\/wp\/v2\/media?parent=296"}],"wp:term":[{"taxonomy":"product_brand","embeddable":true,"href":"https:\/\/purecosmetics-shop.com\/accueil\/wp-json\/wp\/v2\/product_brand?post=296"},{"taxonomy":"product_cat","embeddable":true,"href":"https:\/\/purecosmetics-shop.com\/accueil\/wp-json\/wp\/v2\/product_cat?post=296"},{"taxonomy":"product_tag","embeddable":true,"href":"https:\/\/purecosmetics-shop.com\/accueil\/wp-json\/wp\/v2\/product_tag?post=296"}],"curies":[{"name":"wp","href":"https:\/\/api.w.org\/{rel}","templated":true}]}}