{"id":287,"date":"2024-07-26T21:30:26","date_gmt":"2024-07-27T01:30:26","guid":{"rendered":"https:\/\/purecosmetics-shop.com\/accueil\/?post_type=product&#038;p=287"},"modified":"2026-04-16T04:20:56","modified_gmt":"2026-04-16T08:20:56","slug":"innisfree-retinol-cica-repair-ampoule","status":"publish","type":"product","link":"https:\/\/purecosmetics-shop.com\/accueil\/produit\/innisfree-retinol-cica-repair-ampoule\/","title":{"rendered":"Retinol Cica Repair Ampoule"},"content":{"rendered":"<h2>Mode d&#8217;emploi<\/h2>\n<p>Appliquez 1 \u00e0 2 pressions sur le visage et le cou \u00e0 l&rsquo;\u00e9tape de l&rsquo;essence. Appliquez une cr\u00e8me solaire sup\u00e9rieure \u00e0 SPF 30 pendant la journ\u00e9e.<\/p>\n","protected":false},"excerpt":{"rendered":"<p>Une ampoule r\u00e9paratrice hautement efficace et peu irritante avec du r\u00e9tinol et du Jeju Cica-Liposomlogy\u2122 pour apaiser les probl\u00e8mes de peau et retexturiser la peau pour une peau lisse, claire et sans imperfections en 4 semaines.<\/p>\n","protected":false},"featured_media":288,"comment_status":"open","ping_status":"closed","template":"","meta":[],"product_brand":[168],"product_cat":[190,108],"product_tag":[],"class_list":{"0":"post-287","1":"product","2":"type-product","3":"status-publish","4":"has-post-thumbnail","6":"product_brand-innisfree","7":"product_cat-ampoule","8":"product_cat-anti-imperfections-et-pores","10":"first","11":"instock","12":"shipping-taxable","13":"purchasable","14":"product-type-simple"},"yoast_head":"<!-- This site is optimized with the Yoast SEO plugin v27.4 - https:\/\/yoast.com\/product\/yoast-seo-wordpress\/ -->\n<title>Retinol Cica Repair Ampoule - Pure Cosmetics<\/title>\n<meta name=\"description\" content=\"Une ampoule r\u00e9paratrice hautement efficace et peu irritante avec du r\u00e9tinol et du Jeju Cica-Liposomlogy\u2122 pour apaiser les probl\u00e8mes de peau et retexturiser la peau pour une peau lisse, claire et sans imperfections en 4 semaines.\" \/>\n<meta name=\"robots\" content=\"index, follow, max-snippet:-1, max-image-preview:large, max-video-preview:-1\" \/>\n<link rel=\"canonical\" href=\"https:\/\/purecosmetics-shop.com\/accueil\/produit\/innisfree-retinol-cica-repair-ampoule\/\" \/>\n<meta property=\"og:locale\" content=\"fr_FR\" \/>\n<meta property=\"og:type\" content=\"article\" \/>\n<meta property=\"og:title\" content=\"Retinol Cica Repair Ampoule - Pure Cosmetics\" \/>\n<meta property=\"og:description\" content=\"Une ampoule r\u00e9paratrice hautement efficace et peu irritante avec du r\u00e9tinol et du Jeju Cica-Liposomlogy\u2122 pour apaiser les probl\u00e8mes de peau et retexturiser la peau pour une peau lisse, claire et sans imperfections en 4 semaines.\" \/>\n<meta property=\"og:url\" content=\"https:\/\/purecosmetics-shop.com\/accueil\/produit\/innisfree-retinol-cica-repair-ampoule\/\" \/>\n<meta property=\"og:site_name\" content=\"Pure Cosmetics\" \/>\n<meta property=\"article:modified_time\" content=\"2026-04-16T08:20:56+00:00\" \/>\n<meta property=\"og:image\" content=\"https:\/\/purecosmetics-shop.com\/wp-content\/uploads\/2024\/07\/C266B4F8-9131-43B8-AE68-618D6D0160D3.jpeg\" \/>\n\t<meta property=\"og:image:width\" content=\"500\" \/>\n\t<meta property=\"og:image:height\" content=\"500\" \/>\n\t<meta property=\"og:image:type\" content=\"image\/jpeg\" \/>\n<meta name=\"twitter:card\" content=\"summary_large_image\" \/>\n<meta name=\"twitter:label1\" content=\"Dur\u00e9e de lecture estim\u00e9e\" \/>\n\t<meta name=\"twitter:data1\" content=\"1 minute\" \/>\n<script type=\"application\/ld+json\" class=\"yoast-schema-graph\">{\"@context\":\"https:\\\/\\\/schema.org\",\"@graph\":[{\"@type\":\"WebPage\",\"@id\":\"https:\\\/\\\/purecosmetics-shop.com\\\/accueil\\\/produit\\\/innisfree-retinol-cica-repair-ampoule\\\/\",\"url\":\"https:\\\/\\\/purecosmetics-shop.com\\\/accueil\\\/produit\\\/innisfree-retinol-cica-repair-ampoule\\\/\",\"name\":\"Retinol Cica Repair Ampoule - Pure Cosmetics\",\"isPartOf\":{\"@id\":\"https:\\\/\\\/purecosmetics-shop.com\\\/accueil\\\/#website\"},\"primaryImageOfPage\":{\"@id\":\"https:\\\/\\\/purecosmetics-shop.com\\\/accueil\\\/produit\\\/innisfree-retinol-cica-repair-ampoule\\\/#primaryimage\"},\"image\":{\"@id\":\"https:\\\/\\\/purecosmetics-shop.com\\\/accueil\\\/produit\\\/innisfree-retinol-cica-repair-ampoule\\\/#primaryimage\"},\"thumbnailUrl\":\"https:\\\/\\\/purecosmetics-shop.com\\\/wp-content\\\/uploads\\\/2024\\\/07\\\/C266B4F8-9131-43B8-AE68-618D6D0160D3.jpeg\",\"datePublished\":\"2024-07-27T01:30:26+00:00\",\"dateModified\":\"2026-04-16T08:20:56+00:00\",\"description\":\"Une ampoule r\u00e9paratrice hautement efficace et peu irritante avec du r\u00e9tinol et du Jeju Cica-Liposomlogy\u2122 pour apaiser les probl\u00e8mes de peau et retexturiser la peau pour une peau lisse, claire et sans imperfections en 4 semaines.\",\"breadcrumb\":{\"@id\":\"https:\\\/\\\/purecosmetics-shop.com\\\/accueil\\\/produit\\\/innisfree-retinol-cica-repair-ampoule\\\/#breadcrumb\"},\"inLanguage\":\"fr-FR\",\"potentialAction\":[{\"@type\":\"ReadAction\",\"target\":[\"https:\\\/\\\/purecosmetics-shop.com\\\/accueil\\\/produit\\\/innisfree-retinol-cica-repair-ampoule\\\/\"]}]},{\"@type\":\"ImageObject\",\"inLanguage\":\"fr-FR\",\"@id\":\"https:\\\/\\\/purecosmetics-shop.com\\\/accueil\\\/produit\\\/innisfree-retinol-cica-repair-ampoule\\\/#primaryimage\",\"url\":\"https:\\\/\\\/purecosmetics-shop.com\\\/wp-content\\\/uploads\\\/2024\\\/07\\\/C266B4F8-9131-43B8-AE68-618D6D0160D3.jpeg\",\"contentUrl\":\"https:\\\/\\\/purecosmetics-shop.com\\\/wp-content\\\/uploads\\\/2024\\\/07\\\/C266B4F8-9131-43B8-AE68-618D6D0160D3.jpeg\",\"width\":500,\"height\":500},{\"@type\":\"BreadcrumbList\",\"@id\":\"https:\\\/\\\/purecosmetics-shop.com\\\/accueil\\\/produit\\\/innisfree-retinol-cica-repair-ampoule\\\/#breadcrumb\",\"itemListElement\":[{\"@type\":\"ListItem\",\"position\":1,\"name\":\"Accueil\",\"item\":\"https:\\\/\\\/purecosmetics-shop.com\\\/accueil\\\/\"},{\"@type\":\"ListItem\",\"position\":2,\"name\":\"NOUVEAUT\u00c9S\",\"item\":\"https:\\\/\\\/purecosmetics-shop.com\\\/accueil\\\/nouveautes\\\/\"},{\"@type\":\"ListItem\",\"position\":3,\"name\":\"Retinol Cica Repair Ampoule\"}]},{\"@type\":\"WebSite\",\"@id\":\"https:\\\/\\\/purecosmetics-shop.com\\\/accueil\\\/#website\",\"url\":\"https:\\\/\\\/purecosmetics-shop.com\\\/accueil\\\/\",\"name\":\"Pure Cosmetics\",\"description\":\"Skincare cor\u00e9enne et japonais\",\"publisher\":{\"@id\":\"https:\\\/\\\/purecosmetics-shop.com\\\/accueil\\\/#organization\"},\"potentialAction\":[{\"@type\":\"SearchAction\",\"target\":{\"@type\":\"EntryPoint\",\"urlTemplate\":\"https:\\\/\\\/purecosmetics-shop.com\\\/accueil\\\/?s={search_term_string}\"},\"query-input\":{\"@type\":\"PropertyValueSpecification\",\"valueRequired\":true,\"valueName\":\"search_term_string\"}}],\"inLanguage\":\"fr-FR\"},{\"@type\":\"Organization\",\"@id\":\"https:\\\/\\\/purecosmetics-shop.com\\\/accueil\\\/#organization\",\"name\":\"Pure Cosmetics\",\"url\":\"https:\\\/\\\/purecosmetics-shop.com\\\/accueil\\\/\",\"logo\":{\"@type\":\"ImageObject\",\"inLanguage\":\"fr-FR\",\"@id\":\"https:\\\/\\\/purecosmetics-shop.com\\\/accueil\\\/#\\\/schema\\\/logo\\\/image\\\/\",\"url\":\"https:\\\/\\\/purecosmetics-shop.com\\\/wp-content\\\/uploads\\\/2025\\\/04\\\/cropped-Pure-Cosmetics-black-2.png\",\"contentUrl\":\"https:\\\/\\\/purecosmetics-shop.com\\\/wp-content\\\/uploads\\\/2025\\\/04\\\/cropped-Pure-Cosmetics-black-2.png\",\"width\":2362,\"height\":2324,\"caption\":\"Pure Cosmetics\"},\"image\":{\"@id\":\"https:\\\/\\\/purecosmetics-shop.com\\\/accueil\\\/#\\\/schema\\\/logo\\\/image\\\/\"}}]}<\/script>\n<!-- \/ Yoast SEO plugin. -->","yoast_head_json":{"title":"Retinol Cica Repair Ampoule - Pure Cosmetics","description":"Une ampoule r\u00e9paratrice hautement efficace et peu irritante avec du r\u00e9tinol et du Jeju Cica-Liposomlogy\u2122 pour apaiser les probl\u00e8mes de peau et retexturiser la peau pour une peau lisse, claire et sans imperfections en 4 semaines.","robots":{"index":"index","follow":"follow","max-snippet":"max-snippet:-1","max-image-preview":"max-image-preview:large","max-video-preview":"max-video-preview:-1"},"canonical":"https:\/\/purecosmetics-shop.com\/accueil\/produit\/innisfree-retinol-cica-repair-ampoule\/","og_locale":"fr_FR","og_type":"article","og_title":"Retinol Cica Repair Ampoule - Pure Cosmetics","og_description":"Une ampoule r\u00e9paratrice hautement efficace et peu irritante avec du r\u00e9tinol et du Jeju Cica-Liposomlogy\u2122 pour apaiser les probl\u00e8mes de peau et retexturiser la peau pour une peau lisse, claire et sans imperfections en 4 semaines.","og_url":"https:\/\/purecosmetics-shop.com\/accueil\/produit\/innisfree-retinol-cica-repair-ampoule\/","og_site_name":"Pure Cosmetics","article_modified_time":"2026-04-16T08:20:56+00:00","og_image":[{"width":500,"height":500,"url":"https:\/\/purecosmetics-shop.com\/wp-content\/uploads\/2024\/07\/C266B4F8-9131-43B8-AE68-618D6D0160D3.jpeg","type":"image\/jpeg"}],"twitter_card":"summary_large_image","twitter_misc":{"Dur\u00e9e de lecture estim\u00e9e":"1 minute"},"schema":{"@context":"https:\/\/schema.org","@graph":[{"@type":"WebPage","@id":"https:\/\/purecosmetics-shop.com\/accueil\/produit\/innisfree-retinol-cica-repair-ampoule\/","url":"https:\/\/purecosmetics-shop.com\/accueil\/produit\/innisfree-retinol-cica-repair-ampoule\/","name":"Retinol Cica Repair Ampoule - Pure Cosmetics","isPartOf":{"@id":"https:\/\/purecosmetics-shop.com\/accueil\/#website"},"primaryImageOfPage":{"@id":"https:\/\/purecosmetics-shop.com\/accueil\/produit\/innisfree-retinol-cica-repair-ampoule\/#primaryimage"},"image":{"@id":"https:\/\/purecosmetics-shop.com\/accueil\/produit\/innisfree-retinol-cica-repair-ampoule\/#primaryimage"},"thumbnailUrl":"https:\/\/purecosmetics-shop.com\/wp-content\/uploads\/2024\/07\/C266B4F8-9131-43B8-AE68-618D6D0160D3.jpeg","datePublished":"2024-07-27T01:30:26+00:00","dateModified":"2026-04-16T08:20:56+00:00","description":"Une ampoule r\u00e9paratrice hautement efficace et peu irritante avec du r\u00e9tinol et du Jeju Cica-Liposomlogy\u2122 pour apaiser les probl\u00e8mes de peau et retexturiser la peau pour une peau lisse, claire et sans imperfections en 4 semaines.","breadcrumb":{"@id":"https:\/\/purecosmetics-shop.com\/accueil\/produit\/innisfree-retinol-cica-repair-ampoule\/#breadcrumb"},"inLanguage":"fr-FR","potentialAction":[{"@type":"ReadAction","target":["https:\/\/purecosmetics-shop.com\/accueil\/produit\/innisfree-retinol-cica-repair-ampoule\/"]}]},{"@type":"ImageObject","inLanguage":"fr-FR","@id":"https:\/\/purecosmetics-shop.com\/accueil\/produit\/innisfree-retinol-cica-repair-ampoule\/#primaryimage","url":"https:\/\/purecosmetics-shop.com\/wp-content\/uploads\/2024\/07\/C266B4F8-9131-43B8-AE68-618D6D0160D3.jpeg","contentUrl":"https:\/\/purecosmetics-shop.com\/wp-content\/uploads\/2024\/07\/C266B4F8-9131-43B8-AE68-618D6D0160D3.jpeg","width":500,"height":500},{"@type":"BreadcrumbList","@id":"https:\/\/purecosmetics-shop.com\/accueil\/produit\/innisfree-retinol-cica-repair-ampoule\/#breadcrumb","itemListElement":[{"@type":"ListItem","position":1,"name":"Accueil","item":"https:\/\/purecosmetics-shop.com\/accueil\/"},{"@type":"ListItem","position":2,"name":"NOUVEAUT\u00c9S","item":"https:\/\/purecosmetics-shop.com\/accueil\/nouveautes\/"},{"@type":"ListItem","position":3,"name":"Retinol Cica Repair Ampoule"}]},{"@type":"WebSite","@id":"https:\/\/purecosmetics-shop.com\/accueil\/#website","url":"https:\/\/purecosmetics-shop.com\/accueil\/","name":"Pure Cosmetics","description":"Skincare cor\u00e9enne et japonais","publisher":{"@id":"https:\/\/purecosmetics-shop.com\/accueil\/#organization"},"potentialAction":[{"@type":"SearchAction","target":{"@type":"EntryPoint","urlTemplate":"https:\/\/purecosmetics-shop.com\/accueil\/?s={search_term_string}"},"query-input":{"@type":"PropertyValueSpecification","valueRequired":true,"valueName":"search_term_string"}}],"inLanguage":"fr-FR"},{"@type":"Organization","@id":"https:\/\/purecosmetics-shop.com\/accueil\/#organization","name":"Pure Cosmetics","url":"https:\/\/purecosmetics-shop.com\/accueil\/","logo":{"@type":"ImageObject","inLanguage":"fr-FR","@id":"https:\/\/purecosmetics-shop.com\/accueil\/#\/schema\/logo\/image\/","url":"https:\/\/purecosmetics-shop.com\/wp-content\/uploads\/2025\/04\/cropped-Pure-Cosmetics-black-2.png","contentUrl":"https:\/\/purecosmetics-shop.com\/wp-content\/uploads\/2025\/04\/cropped-Pure-Cosmetics-black-2.png","width":2362,"height":2324,"caption":"Pure Cosmetics"},"image":{"@id":"https:\/\/purecosmetics-shop.com\/accueil\/#\/schema\/logo\/image\/"}}]}},"jetpack_sharing_enabled":true,"_links":{"self":[{"href":"https:\/\/purecosmetics-shop.com\/accueil\/wp-json\/wp\/v2\/product\/287","targetHints":{"allow":["GET"]}}],"collection":[{"href":"https:\/\/purecosmetics-shop.com\/accueil\/wp-json\/wp\/v2\/product"}],"about":[{"href":"https:\/\/purecosmetics-shop.com\/accueil\/wp-json\/wp\/v2\/types\/product"}],"replies":[{"embeddable":true,"href":"https:\/\/purecosmetics-shop.com\/accueil\/wp-json\/wp\/v2\/comments?post=287"}],"version-history":[{"count":2,"href":"https:\/\/purecosmetics-shop.com\/accueil\/wp-json\/wp\/v2\/product\/287\/revisions"}],"predecessor-version":[{"id":2668,"href":"https:\/\/purecosmetics-shop.com\/accueil\/wp-json\/wp\/v2\/product\/287\/revisions\/2668"}],"wp:featuredmedia":[{"embeddable":true,"href":"https:\/\/purecosmetics-shop.com\/accueil\/wp-json\/wp\/v2\/media\/288"}],"wp:attachment":[{"href":"https:\/\/purecosmetics-shop.com\/accueil\/wp-json\/wp\/v2\/media?parent=287"}],"wp:term":[{"taxonomy":"product_brand","embeddable":true,"href":"https:\/\/purecosmetics-shop.com\/accueil\/wp-json\/wp\/v2\/product_brand?post=287"},{"taxonomy":"product_cat","embeddable":true,"href":"https:\/\/purecosmetics-shop.com\/accueil\/wp-json\/wp\/v2\/product_cat?post=287"},{"taxonomy":"product_tag","embeddable":true,"href":"https:\/\/purecosmetics-shop.com\/accueil\/wp-json\/wp\/v2\/product_tag?post=287"}],"curies":[{"name":"wp","href":"https:\/\/api.w.org\/{rel}","templated":true}]}}