{"id":2855,"date":"2025-04-04T18:47:00","date_gmt":"2025-04-04T22:47:00","guid":{"rendered":"https:\/\/purecosmetics-shop.com\/accueil\/?post_type=product&#038;p=2855"},"modified":"2026-01-07T12:50:20","modified_gmt":"2026-01-07T16:50:20","slug":"reedle-shot-100-reedle-shot-300-1ml","status":"publish","type":"product","link":"https:\/\/purecosmetics-shop.com\/accueil\/produit\/reedle-shot-100-reedle-shot-300-1ml\/","title":{"rendered":"Reedle shot 100 + Reedle shot 300 1mL"},"content":{"rendered":"<p>REEDLE SHOT 100 est le seul produit de la gamme Riddle shot de VT qui peut augmenter progressivement la fr\u00e9quence d&rsquo;utilisation. R\u00e9veillez votre peau endormie avec des massages faciaux quotidiens.<\/p>\n<p>CICA REEDLE est compos\u00e9 de silice, un min\u00e9ral naturel. Il stimule doucement la peau pour favoriser l&rsquo;absorption des ingr\u00e9dients actifs des produits de soins de la peau VT, assurant un teint plus nourri et plus \u00e9clatant, et offre une am\u00e9lioration imm\u00e9diate de la peau pour une peau douce.<\/p>\n<p>La sensation de picotement est un ph\u00e9nom\u00e8ne naturel qui se produit lorsque le produit p\u00e9n\u00e8tre dans la peau et fournit des nutriments.<\/p>\n<p>L&rsquo;extrait de Centella Asiatica, l&rsquo;acide hyaluronique triple, le complexe Centella 4X et l&rsquo;extrait de propolis verte sont particuli\u00e8rement efficaces pour apaiser et hydrater.<\/p>\n<h3>Attention<\/h3>\n<p>Si vous \u00eates allergique ou avez des probl\u00e8mes de peau, testez une zone localis\u00e9e avant utilisation. Il n&rsquo;est pas recommand\u00e9 de l&rsquo;utiliser avec un appareil de soin de la peau car cela peut provoquer une irritation cutan\u00e9e grave. Les consommateurs sensibles aux irritations cutan\u00e9es doivent s&rsquo;abstenir de l&rsquo;utiliser. N&rsquo;utilisez pas le produit sur des zones enflamm\u00e9es ou bless\u00e9es.<\/p>\n","protected":false},"excerpt":{"rendered":"<p>Reedle Shot est la toute nouvelle cat\u00e9gorie de soins de la peau.<\/p>\n<p>Humide et rapidement absorb\u00e9, REEDLE SHOT d\u00e9livre efficacement des ingr\u00e9dients actifs pour am\u00e9liorer la texture de la peau. Le rapport de m\u00e9lange optimal est appliqu\u00e9, il n&rsquo;est donc pas contraignant \u00e0 utiliser quotidiennement.<\/p>\n<p>Pack comprenant:<\/p>\n<ul>\n<li>1 Reedle shot 100 50mL<\/li>\n<li>3 Reedle shot 300 1mL<\/li>\n<\/ul>\n","protected":false},"featured_media":2856,"comment_status":"open","ping_status":"closed","template":"","meta":[],"product_brand":[145],"product_cat":[108,109,112,114,115,21],"product_tag":[],"class_list":{"0":"post-2855","1":"product","2":"type-product","3":"status-publish","4":"has-post-thumbnail","6":"product_brand-vt-cosmetics","7":"product_cat-anti-imperfections-et-pores","8":"product_cat-anti-rougeurs-et-irritations","9":"product_cat-hydratation","10":"product_cat-peau-granuleuse","11":"product_cat-peau-grasse","12":"product_cat-serum","14":"first","15":"outofstock","16":"shipping-taxable","17":"purchasable","18":"product-type-simple"},"yoast_head":"<!-- This site is optimized with the Yoast SEO plugin v27.4 - https:\/\/yoast.com\/product\/yoast-seo-wordpress\/ -->\n<title>Reedle shot 100 + Reedle shot 300 1mL - Pure Cosmetics<\/title>\n<meta name=\"robots\" content=\"index, follow, max-snippet:-1, max-image-preview:large, max-video-preview:-1\" \/>\n<link rel=\"canonical\" href=\"https:\/\/purecosmetics-shop.com\/accueil\/produit\/reedle-shot-100-reedle-shot-300-1ml\/\" \/>\n<meta property=\"og:locale\" content=\"fr_FR\" \/>\n<meta property=\"og:type\" content=\"article\" \/>\n<meta property=\"og:title\" content=\"Reedle shot 100 + Reedle shot 300 1mL - Pure Cosmetics\" \/>\n<meta property=\"og:description\" content=\"Reedle Shot est la toute nouvelle cat\u00e9gorie de soins de la peau.  Humide et rapidement absorb\u00e9, REEDLE SHOT d\u00e9livre efficacement des ingr\u00e9dients actifs pour am\u00e9liorer la texture de la peau. Le rapport de m\u00e9lange optimal est appliqu\u00e9, il n&#039;est donc pas contraignant \u00e0 utiliser quotidiennement.  Pack comprenant:   1 Reedle shot 100 50mL  3 Reedle shot 300 1mL\" \/>\n<meta property=\"og:url\" content=\"https:\/\/purecosmetics-shop.com\/accueil\/produit\/reedle-shot-100-reedle-shot-300-1ml\/\" \/>\n<meta property=\"og:site_name\" content=\"Pure Cosmetics\" \/>\n<meta property=\"article:modified_time\" content=\"2026-01-07T16:50:20+00:00\" \/>\n<meta property=\"og:image\" content=\"https:\/\/purecosmetics-shop.com\/wp-content\/uploads\/2025\/04\/reedle.jpg\" \/>\n\t<meta property=\"og:image:width\" content=\"405\" \/>\n\t<meta property=\"og:image:height\" content=\"405\" \/>\n\t<meta property=\"og:image:type\" content=\"image\/jpeg\" \/>\n<meta name=\"twitter:card\" content=\"summary_large_image\" \/>\n<meta name=\"twitter:label1\" content=\"Dur\u00e9e de lecture estim\u00e9e\" \/>\n\t<meta name=\"twitter:data1\" content=\"2 minutes\" \/>\n<script type=\"application\/ld+json\" class=\"yoast-schema-graph\">{\"@context\":\"https:\\\/\\\/schema.org\",\"@graph\":[{\"@type\":\"WebPage\",\"@id\":\"https:\\\/\\\/purecosmetics-shop.com\\\/accueil\\\/produit\\\/reedle-shot-100-reedle-shot-300-1ml\\\/\",\"url\":\"https:\\\/\\\/purecosmetics-shop.com\\\/accueil\\\/produit\\\/reedle-shot-100-reedle-shot-300-1ml\\\/\",\"name\":\"Reedle shot 100 + Reedle shot 300 1mL - Pure Cosmetics\",\"isPartOf\":{\"@id\":\"https:\\\/\\\/purecosmetics-shop.com\\\/accueil\\\/#website\"},\"primaryImageOfPage\":{\"@id\":\"https:\\\/\\\/purecosmetics-shop.com\\\/accueil\\\/produit\\\/reedle-shot-100-reedle-shot-300-1ml\\\/#primaryimage\"},\"image\":{\"@id\":\"https:\\\/\\\/purecosmetics-shop.com\\\/accueil\\\/produit\\\/reedle-shot-100-reedle-shot-300-1ml\\\/#primaryimage\"},\"thumbnailUrl\":\"https:\\\/\\\/purecosmetics-shop.com\\\/wp-content\\\/uploads\\\/2025\\\/04\\\/reedle.jpg\",\"datePublished\":\"2025-04-04T22:47:00+00:00\",\"dateModified\":\"2026-01-07T16:50:20+00:00\",\"breadcrumb\":{\"@id\":\"https:\\\/\\\/purecosmetics-shop.com\\\/accueil\\\/produit\\\/reedle-shot-100-reedle-shot-300-1ml\\\/#breadcrumb\"},\"inLanguage\":\"fr-FR\",\"potentialAction\":[{\"@type\":\"ReadAction\",\"target\":[\"https:\\\/\\\/purecosmetics-shop.com\\\/accueil\\\/produit\\\/reedle-shot-100-reedle-shot-300-1ml\\\/\"]}]},{\"@type\":\"ImageObject\",\"inLanguage\":\"fr-FR\",\"@id\":\"https:\\\/\\\/purecosmetics-shop.com\\\/accueil\\\/produit\\\/reedle-shot-100-reedle-shot-300-1ml\\\/#primaryimage\",\"url\":\"https:\\\/\\\/purecosmetics-shop.com\\\/wp-content\\\/uploads\\\/2025\\\/04\\\/reedle.jpg\",\"contentUrl\":\"https:\\\/\\\/purecosmetics-shop.com\\\/wp-content\\\/uploads\\\/2025\\\/04\\\/reedle.jpg\",\"width\":405,\"height\":405},{\"@type\":\"BreadcrumbList\",\"@id\":\"https:\\\/\\\/purecosmetics-shop.com\\\/accueil\\\/produit\\\/reedle-shot-100-reedle-shot-300-1ml\\\/#breadcrumb\",\"itemListElement\":[{\"@type\":\"ListItem\",\"position\":1,\"name\":\"Accueil\",\"item\":\"https:\\\/\\\/purecosmetics-shop.com\\\/accueil\\\/\"},{\"@type\":\"ListItem\",\"position\":2,\"name\":\"NOUVEAUT\u00c9S\",\"item\":\"https:\\\/\\\/purecosmetics-shop.com\\\/accueil\\\/nouveautes\\\/\"},{\"@type\":\"ListItem\",\"position\":3,\"name\":\"Reedle shot 100 + Reedle shot 300 1mL\"}]},{\"@type\":\"WebSite\",\"@id\":\"https:\\\/\\\/purecosmetics-shop.com\\\/accueil\\\/#website\",\"url\":\"https:\\\/\\\/purecosmetics-shop.com\\\/accueil\\\/\",\"name\":\"Pure Cosmetics\",\"description\":\"Skincare cor\u00e9enne et japonais\",\"publisher\":{\"@id\":\"https:\\\/\\\/purecosmetics-shop.com\\\/accueil\\\/#organization\"},\"potentialAction\":[{\"@type\":\"SearchAction\",\"target\":{\"@type\":\"EntryPoint\",\"urlTemplate\":\"https:\\\/\\\/purecosmetics-shop.com\\\/accueil\\\/?s={search_term_string}\"},\"query-input\":{\"@type\":\"PropertyValueSpecification\",\"valueRequired\":true,\"valueName\":\"search_term_string\"}}],\"inLanguage\":\"fr-FR\"},{\"@type\":\"Organization\",\"@id\":\"https:\\\/\\\/purecosmetics-shop.com\\\/accueil\\\/#organization\",\"name\":\"Pure Cosmetics\",\"url\":\"https:\\\/\\\/purecosmetics-shop.com\\\/accueil\\\/\",\"logo\":{\"@type\":\"ImageObject\",\"inLanguage\":\"fr-FR\",\"@id\":\"https:\\\/\\\/purecosmetics-shop.com\\\/accueil\\\/#\\\/schema\\\/logo\\\/image\\\/\",\"url\":\"https:\\\/\\\/purecosmetics-shop.com\\\/wp-content\\\/uploads\\\/2025\\\/04\\\/cropped-Pure-Cosmetics-black-2.png\",\"contentUrl\":\"https:\\\/\\\/purecosmetics-shop.com\\\/wp-content\\\/uploads\\\/2025\\\/04\\\/cropped-Pure-Cosmetics-black-2.png\",\"width\":2362,\"height\":2324,\"caption\":\"Pure Cosmetics\"},\"image\":{\"@id\":\"https:\\\/\\\/purecosmetics-shop.com\\\/accueil\\\/#\\\/schema\\\/logo\\\/image\\\/\"}}]}<\/script>\n<!-- \/ Yoast SEO plugin. -->","yoast_head_json":{"title":"Reedle shot 100 + Reedle shot 300 1mL - Pure Cosmetics","robots":{"index":"index","follow":"follow","max-snippet":"max-snippet:-1","max-image-preview":"max-image-preview:large","max-video-preview":"max-video-preview:-1"},"canonical":"https:\/\/purecosmetics-shop.com\/accueil\/produit\/reedle-shot-100-reedle-shot-300-1ml\/","og_locale":"fr_FR","og_type":"article","og_title":"Reedle shot 100 + Reedle shot 300 1mL - Pure Cosmetics","og_description":"Reedle Shot est la toute nouvelle cat\u00e9gorie de soins de la peau.  Humide et rapidement absorb\u00e9, REEDLE SHOT d\u00e9livre efficacement des ingr\u00e9dients actifs pour am\u00e9liorer la texture de la peau. Le rapport de m\u00e9lange optimal est appliqu\u00e9, il n'est donc pas contraignant \u00e0 utiliser quotidiennement.  Pack comprenant:   1 Reedle shot 100 50mL  3 Reedle shot 300 1mL","og_url":"https:\/\/purecosmetics-shop.com\/accueil\/produit\/reedle-shot-100-reedle-shot-300-1ml\/","og_site_name":"Pure Cosmetics","article_modified_time":"2026-01-07T16:50:20+00:00","og_image":[{"width":405,"height":405,"url":"https:\/\/purecosmetics-shop.com\/wp-content\/uploads\/2025\/04\/reedle.jpg","type":"image\/jpeg"}],"twitter_card":"summary_large_image","twitter_misc":{"Dur\u00e9e de lecture estim\u00e9e":"2 minutes"},"schema":{"@context":"https:\/\/schema.org","@graph":[{"@type":"WebPage","@id":"https:\/\/purecosmetics-shop.com\/accueil\/produit\/reedle-shot-100-reedle-shot-300-1ml\/","url":"https:\/\/purecosmetics-shop.com\/accueil\/produit\/reedle-shot-100-reedle-shot-300-1ml\/","name":"Reedle shot 100 + Reedle shot 300 1mL - Pure Cosmetics","isPartOf":{"@id":"https:\/\/purecosmetics-shop.com\/accueil\/#website"},"primaryImageOfPage":{"@id":"https:\/\/purecosmetics-shop.com\/accueil\/produit\/reedle-shot-100-reedle-shot-300-1ml\/#primaryimage"},"image":{"@id":"https:\/\/purecosmetics-shop.com\/accueil\/produit\/reedle-shot-100-reedle-shot-300-1ml\/#primaryimage"},"thumbnailUrl":"https:\/\/purecosmetics-shop.com\/wp-content\/uploads\/2025\/04\/reedle.jpg","datePublished":"2025-04-04T22:47:00+00:00","dateModified":"2026-01-07T16:50:20+00:00","breadcrumb":{"@id":"https:\/\/purecosmetics-shop.com\/accueil\/produit\/reedle-shot-100-reedle-shot-300-1ml\/#breadcrumb"},"inLanguage":"fr-FR","potentialAction":[{"@type":"ReadAction","target":["https:\/\/purecosmetics-shop.com\/accueil\/produit\/reedle-shot-100-reedle-shot-300-1ml\/"]}]},{"@type":"ImageObject","inLanguage":"fr-FR","@id":"https:\/\/purecosmetics-shop.com\/accueil\/produit\/reedle-shot-100-reedle-shot-300-1ml\/#primaryimage","url":"https:\/\/purecosmetics-shop.com\/wp-content\/uploads\/2025\/04\/reedle.jpg","contentUrl":"https:\/\/purecosmetics-shop.com\/wp-content\/uploads\/2025\/04\/reedle.jpg","width":405,"height":405},{"@type":"BreadcrumbList","@id":"https:\/\/purecosmetics-shop.com\/accueil\/produit\/reedle-shot-100-reedle-shot-300-1ml\/#breadcrumb","itemListElement":[{"@type":"ListItem","position":1,"name":"Accueil","item":"https:\/\/purecosmetics-shop.com\/accueil\/"},{"@type":"ListItem","position":2,"name":"NOUVEAUT\u00c9S","item":"https:\/\/purecosmetics-shop.com\/accueil\/nouveautes\/"},{"@type":"ListItem","position":3,"name":"Reedle shot 100 + Reedle shot 300 1mL"}]},{"@type":"WebSite","@id":"https:\/\/purecosmetics-shop.com\/accueil\/#website","url":"https:\/\/purecosmetics-shop.com\/accueil\/","name":"Pure Cosmetics","description":"Skincare cor\u00e9enne et japonais","publisher":{"@id":"https:\/\/purecosmetics-shop.com\/accueil\/#organization"},"potentialAction":[{"@type":"SearchAction","target":{"@type":"EntryPoint","urlTemplate":"https:\/\/purecosmetics-shop.com\/accueil\/?s={search_term_string}"},"query-input":{"@type":"PropertyValueSpecification","valueRequired":true,"valueName":"search_term_string"}}],"inLanguage":"fr-FR"},{"@type":"Organization","@id":"https:\/\/purecosmetics-shop.com\/accueil\/#organization","name":"Pure Cosmetics","url":"https:\/\/purecosmetics-shop.com\/accueil\/","logo":{"@type":"ImageObject","inLanguage":"fr-FR","@id":"https:\/\/purecosmetics-shop.com\/accueil\/#\/schema\/logo\/image\/","url":"https:\/\/purecosmetics-shop.com\/wp-content\/uploads\/2025\/04\/cropped-Pure-Cosmetics-black-2.png","contentUrl":"https:\/\/purecosmetics-shop.com\/wp-content\/uploads\/2025\/04\/cropped-Pure-Cosmetics-black-2.png","width":2362,"height":2324,"caption":"Pure Cosmetics"},"image":{"@id":"https:\/\/purecosmetics-shop.com\/accueil\/#\/schema\/logo\/image\/"}}]}},"jetpack_sharing_enabled":true,"_links":{"self":[{"href":"https:\/\/purecosmetics-shop.com\/accueil\/wp-json\/wp\/v2\/product\/2855","targetHints":{"allow":["GET"]}}],"collection":[{"href":"https:\/\/purecosmetics-shop.com\/accueil\/wp-json\/wp\/v2\/product"}],"about":[{"href":"https:\/\/purecosmetics-shop.com\/accueil\/wp-json\/wp\/v2\/types\/product"}],"replies":[{"embeddable":true,"href":"https:\/\/purecosmetics-shop.com\/accueil\/wp-json\/wp\/v2\/comments?post=2855"}],"version-history":[{"count":1,"href":"https:\/\/purecosmetics-shop.com\/accueil\/wp-json\/wp\/v2\/product\/2855\/revisions"}],"predecessor-version":[{"id":2857,"href":"https:\/\/purecosmetics-shop.com\/accueil\/wp-json\/wp\/v2\/product\/2855\/revisions\/2857"}],"wp:featuredmedia":[{"embeddable":true,"href":"https:\/\/purecosmetics-shop.com\/accueil\/wp-json\/wp\/v2\/media\/2856"}],"wp:attachment":[{"href":"https:\/\/purecosmetics-shop.com\/accueil\/wp-json\/wp\/v2\/media?parent=2855"}],"wp:term":[{"taxonomy":"product_brand","embeddable":true,"href":"https:\/\/purecosmetics-shop.com\/accueil\/wp-json\/wp\/v2\/product_brand?post=2855"},{"taxonomy":"product_cat","embeddable":true,"href":"https:\/\/purecosmetics-shop.com\/accueil\/wp-json\/wp\/v2\/product_cat?post=2855"},{"taxonomy":"product_tag","embeddable":true,"href":"https:\/\/purecosmetics-shop.com\/accueil\/wp-json\/wp\/v2\/product_tag?post=2855"}],"curies":[{"name":"wp","href":"https:\/\/api.w.org\/{rel}","templated":true}]}}