{"id":2831,"date":"2025-04-04T18:24:54","date_gmt":"2025-04-04T22:24:54","guid":{"rendered":"https:\/\/purecosmetics-shop.com\/accueil\/?post_type=product&#038;p=2831"},"modified":"2026-04-18T08:36:42","modified_gmt":"2026-04-18T12:36:42","slug":"fresh-red-smoothie-serum-30","status":"publish","type":"product","link":"https:\/\/purecosmetics-shop.com\/accueil\/produit\/fresh-red-smoothie-serum-30\/","title":{"rendered":"Fresh Red Smoothie Serum 30"},"content":{"rendered":"<ul>\n<li>Complexe de collag\u00e8ne rouge (30 %) : un m\u00e9lange puissant pour am\u00e9liorer l&rsquo;\u00e9lasticit\u00e9, la fermet\u00e9 et l&rsquo;hydratation de la peau, favorisant un \u00e9clat de jeunesse.<\/li>\n<li>Niacinamide : unifie le teint et affine le grain de peau, renfor\u00e7ant ainsi sa r\u00e9silience.<\/li>\n<li>Extrait de cynorhodon : riche en vitamines et antioxydants, il nourrit et r\u00e9pare la peau pour un aspect plus lisse et plus \u00e9clatant.<\/li>\n<li>Extrait de fleur d&rsquo;hibiscus sabdariffa : surnomm\u00e9 la \u00ab plante Botox \u00bb, il favorise l&rsquo;\u00e9lasticit\u00e9 et l&rsquo;hydratation de la peau tout en exfoliant en douceur pour une peau fra\u00eeche.<\/li>\n<\/ul>\n","protected":false},"excerpt":{"rendered":"<p>Retrouvez une peau \u00e9clatante et apais\u00e9e gr\u00e2ce au s\u00e9rum Red Smoothie Serum 30 d&rsquo;Arencia.<\/p>\n<p>Sa formule rafra\u00eechissante, enrichie en niacinamide et en collag\u00e8ne, am\u00e9liore l&rsquo;\u00e9lasticit\u00e9, minimise l&rsquo;apparence des pores et redonne vitalit\u00e9 \u00e0 votre peau, lui procurant un teint revitalis\u00e9 et jeune.<\/p>\n<p>Peut \u00eatre utilis\u00e9 comme masque de nuit , ce s\u00e9rum nourrit et chouchoute votre peau en profondeur pendant votre sommeil.<\/p>\n<p>&nbsp;<\/p>\n","protected":false},"featured_media":3137,"comment_status":"open","ping_status":"closed","template":"","meta":[],"product_brand":[188],"product_cat":[107,108,116,117,118,21],"product_tag":[],"class_list":{"0":"post-2831","1":"product","2":"type-product","3":"status-publish","4":"has-post-thumbnail","6":"product_brand-arencia","7":"product_cat-anti-age-et-elasticite","8":"product_cat-anti-imperfections-et-pores","9":"product_cat-peau-mixte","10":"product_cat-peau-normale","11":"product_cat-peau-seche","12":"product_cat-serum","14":"first","15":"instock","16":"shipping-taxable","17":"purchasable","18":"product-type-simple"},"yoast_head":"<!-- This site is optimized with the Yoast SEO plugin v27.4 - https:\/\/yoast.com\/product\/yoast-seo-wordpress\/ -->\n<title>Fresh Red Smoothie Serum 30 - Pure Cosmetics<\/title>\n<meta name=\"robots\" content=\"index, follow, max-snippet:-1, max-image-preview:large, max-video-preview:-1\" \/>\n<link rel=\"canonical\" href=\"https:\/\/purecosmetics-shop.com\/accueil\/produit\/fresh-red-smoothie-serum-30\/\" \/>\n<meta property=\"og:locale\" content=\"fr_FR\" \/>\n<meta property=\"og:type\" content=\"article\" \/>\n<meta property=\"og:title\" content=\"Fresh Red Smoothie Serum 30 - Pure Cosmetics\" \/>\n<meta property=\"og:description\" content=\"Retrouvez une peau \u00e9clatante et apais\u00e9e gr\u00e2ce au s\u00e9rum Red Smoothie Serum 30 d&#039;Arencia.  Sa formule rafra\u00eechissante, enrichie en niacinamide et en collag\u00e8ne, am\u00e9liore l&#039;\u00e9lasticit\u00e9, minimise l&#039;apparence des pores et redonne vitalit\u00e9 \u00e0 votre peau, lui procurant un teint revitalis\u00e9 et jeune.  Peut \u00eatre utilis\u00e9 comme masque de nuit , ce s\u00e9rum nourrit et chouchoute votre peau en profondeur pendant votre sommeil.  &nbsp;\" \/>\n<meta property=\"og:url\" content=\"https:\/\/purecosmetics-shop.com\/accueil\/produit\/fresh-red-smoothie-serum-30\/\" \/>\n<meta property=\"og:site_name\" content=\"Pure Cosmetics\" \/>\n<meta property=\"article:modified_time\" content=\"2026-04-18T12:36:42+00:00\" \/>\n<meta property=\"og:image\" content=\"https:\/\/purecosmetics-shop.com\/wp-content\/uploads\/2025\/04\/RED-SMOOTHIE-SERUM-30.webp\" \/>\n\t<meta property=\"og:image:width\" content=\"640\" \/>\n\t<meta property=\"og:image:height\" content=\"640\" \/>\n\t<meta property=\"og:image:type\" content=\"image\/webp\" \/>\n<meta name=\"twitter:card\" content=\"summary_large_image\" \/>\n<meta name=\"twitter:label1\" content=\"Dur\u00e9e de lecture estim\u00e9e\" \/>\n\t<meta name=\"twitter:data1\" content=\"1 minute\" \/>\n<script type=\"application\/ld+json\" class=\"yoast-schema-graph\">{\"@context\":\"https:\\\/\\\/schema.org\",\"@graph\":[{\"@type\":\"WebPage\",\"@id\":\"https:\\\/\\\/purecosmetics-shop.com\\\/accueil\\\/produit\\\/fresh-red-smoothie-serum-30\\\/\",\"url\":\"https:\\\/\\\/purecosmetics-shop.com\\\/accueil\\\/produit\\\/fresh-red-smoothie-serum-30\\\/\",\"name\":\"Fresh Red Smoothie Serum 30 - Pure Cosmetics\",\"isPartOf\":{\"@id\":\"https:\\\/\\\/purecosmetics-shop.com\\\/accueil\\\/#website\"},\"primaryImageOfPage\":{\"@id\":\"https:\\\/\\\/purecosmetics-shop.com\\\/accueil\\\/produit\\\/fresh-red-smoothie-serum-30\\\/#primaryimage\"},\"image\":{\"@id\":\"https:\\\/\\\/purecosmetics-shop.com\\\/accueil\\\/produit\\\/fresh-red-smoothie-serum-30\\\/#primaryimage\"},\"thumbnailUrl\":\"https:\\\/\\\/purecosmetics-shop.com\\\/wp-content\\\/uploads\\\/2025\\\/04\\\/RED-SMOOTHIE-SERUM-30.webp\",\"datePublished\":\"2025-04-04T22:24:54+00:00\",\"dateModified\":\"2026-04-18T12:36:42+00:00\",\"breadcrumb\":{\"@id\":\"https:\\\/\\\/purecosmetics-shop.com\\\/accueil\\\/produit\\\/fresh-red-smoothie-serum-30\\\/#breadcrumb\"},\"inLanguage\":\"fr-FR\",\"potentialAction\":[{\"@type\":\"ReadAction\",\"target\":[\"https:\\\/\\\/purecosmetics-shop.com\\\/accueil\\\/produit\\\/fresh-red-smoothie-serum-30\\\/\"]}]},{\"@type\":\"ImageObject\",\"inLanguage\":\"fr-FR\",\"@id\":\"https:\\\/\\\/purecosmetics-shop.com\\\/accueil\\\/produit\\\/fresh-red-smoothie-serum-30\\\/#primaryimage\",\"url\":\"https:\\\/\\\/purecosmetics-shop.com\\\/wp-content\\\/uploads\\\/2025\\\/04\\\/RED-SMOOTHIE-SERUM-30.webp\",\"contentUrl\":\"https:\\\/\\\/purecosmetics-shop.com\\\/wp-content\\\/uploads\\\/2025\\\/04\\\/RED-SMOOTHIE-SERUM-30.webp\",\"width\":640,\"height\":640,\"caption\":\"ARENCIA RED SMOOTHIE SERUM 30\"},{\"@type\":\"BreadcrumbList\",\"@id\":\"https:\\\/\\\/purecosmetics-shop.com\\\/accueil\\\/produit\\\/fresh-red-smoothie-serum-30\\\/#breadcrumb\",\"itemListElement\":[{\"@type\":\"ListItem\",\"position\":1,\"name\":\"Accueil\",\"item\":\"https:\\\/\\\/purecosmetics-shop.com\\\/accueil\\\/\"},{\"@type\":\"ListItem\",\"position\":2,\"name\":\"NOUVEAUT\u00c9S\",\"item\":\"https:\\\/\\\/purecosmetics-shop.com\\\/accueil\\\/nouveautes\\\/\"},{\"@type\":\"ListItem\",\"position\":3,\"name\":\"Fresh Red Smoothie Serum 30\"}]},{\"@type\":\"WebSite\",\"@id\":\"https:\\\/\\\/purecosmetics-shop.com\\\/accueil\\\/#website\",\"url\":\"https:\\\/\\\/purecosmetics-shop.com\\\/accueil\\\/\",\"name\":\"Pure Cosmetics\",\"description\":\"Skincare cor\u00e9enne et japonais\",\"publisher\":{\"@id\":\"https:\\\/\\\/purecosmetics-shop.com\\\/accueil\\\/#organization\"},\"potentialAction\":[{\"@type\":\"SearchAction\",\"target\":{\"@type\":\"EntryPoint\",\"urlTemplate\":\"https:\\\/\\\/purecosmetics-shop.com\\\/accueil\\\/?s={search_term_string}\"},\"query-input\":{\"@type\":\"PropertyValueSpecification\",\"valueRequired\":true,\"valueName\":\"search_term_string\"}}],\"inLanguage\":\"fr-FR\"},{\"@type\":\"Organization\",\"@id\":\"https:\\\/\\\/purecosmetics-shop.com\\\/accueil\\\/#organization\",\"name\":\"Pure Cosmetics\",\"url\":\"https:\\\/\\\/purecosmetics-shop.com\\\/accueil\\\/\",\"logo\":{\"@type\":\"ImageObject\",\"inLanguage\":\"fr-FR\",\"@id\":\"https:\\\/\\\/purecosmetics-shop.com\\\/accueil\\\/#\\\/schema\\\/logo\\\/image\\\/\",\"url\":\"https:\\\/\\\/purecosmetics-shop.com\\\/wp-content\\\/uploads\\\/2025\\\/04\\\/cropped-Pure-Cosmetics-black-2.png\",\"contentUrl\":\"https:\\\/\\\/purecosmetics-shop.com\\\/wp-content\\\/uploads\\\/2025\\\/04\\\/cropped-Pure-Cosmetics-black-2.png\",\"width\":2362,\"height\":2324,\"caption\":\"Pure Cosmetics\"},\"image\":{\"@id\":\"https:\\\/\\\/purecosmetics-shop.com\\\/accueil\\\/#\\\/schema\\\/logo\\\/image\\\/\"}}]}<\/script>\n<!-- \/ Yoast SEO plugin. -->","yoast_head_json":{"title":"Fresh Red Smoothie Serum 30 - Pure Cosmetics","robots":{"index":"index","follow":"follow","max-snippet":"max-snippet:-1","max-image-preview":"max-image-preview:large","max-video-preview":"max-video-preview:-1"},"canonical":"https:\/\/purecosmetics-shop.com\/accueil\/produit\/fresh-red-smoothie-serum-30\/","og_locale":"fr_FR","og_type":"article","og_title":"Fresh Red Smoothie Serum 30 - Pure Cosmetics","og_description":"Retrouvez une peau \u00e9clatante et apais\u00e9e gr\u00e2ce au s\u00e9rum Red Smoothie Serum 30 d'Arencia.  Sa formule rafra\u00eechissante, enrichie en niacinamide et en collag\u00e8ne, am\u00e9liore l'\u00e9lasticit\u00e9, minimise l'apparence des pores et redonne vitalit\u00e9 \u00e0 votre peau, lui procurant un teint revitalis\u00e9 et jeune.  Peut \u00eatre utilis\u00e9 comme masque de nuit , ce s\u00e9rum nourrit et chouchoute votre peau en profondeur pendant votre sommeil.  &nbsp;","og_url":"https:\/\/purecosmetics-shop.com\/accueil\/produit\/fresh-red-smoothie-serum-30\/","og_site_name":"Pure Cosmetics","article_modified_time":"2026-04-18T12:36:42+00:00","og_image":[{"width":640,"height":640,"url":"https:\/\/purecosmetics-shop.com\/wp-content\/uploads\/2025\/04\/RED-SMOOTHIE-SERUM-30.webp","type":"image\/webp"}],"twitter_card":"summary_large_image","twitter_misc":{"Dur\u00e9e de lecture estim\u00e9e":"1 minute"},"schema":{"@context":"https:\/\/schema.org","@graph":[{"@type":"WebPage","@id":"https:\/\/purecosmetics-shop.com\/accueil\/produit\/fresh-red-smoothie-serum-30\/","url":"https:\/\/purecosmetics-shop.com\/accueil\/produit\/fresh-red-smoothie-serum-30\/","name":"Fresh Red Smoothie Serum 30 - Pure Cosmetics","isPartOf":{"@id":"https:\/\/purecosmetics-shop.com\/accueil\/#website"},"primaryImageOfPage":{"@id":"https:\/\/purecosmetics-shop.com\/accueil\/produit\/fresh-red-smoothie-serum-30\/#primaryimage"},"image":{"@id":"https:\/\/purecosmetics-shop.com\/accueil\/produit\/fresh-red-smoothie-serum-30\/#primaryimage"},"thumbnailUrl":"https:\/\/purecosmetics-shop.com\/wp-content\/uploads\/2025\/04\/RED-SMOOTHIE-SERUM-30.webp","datePublished":"2025-04-04T22:24:54+00:00","dateModified":"2026-04-18T12:36:42+00:00","breadcrumb":{"@id":"https:\/\/purecosmetics-shop.com\/accueil\/produit\/fresh-red-smoothie-serum-30\/#breadcrumb"},"inLanguage":"fr-FR","potentialAction":[{"@type":"ReadAction","target":["https:\/\/purecosmetics-shop.com\/accueil\/produit\/fresh-red-smoothie-serum-30\/"]}]},{"@type":"ImageObject","inLanguage":"fr-FR","@id":"https:\/\/purecosmetics-shop.com\/accueil\/produit\/fresh-red-smoothie-serum-30\/#primaryimage","url":"https:\/\/purecosmetics-shop.com\/wp-content\/uploads\/2025\/04\/RED-SMOOTHIE-SERUM-30.webp","contentUrl":"https:\/\/purecosmetics-shop.com\/wp-content\/uploads\/2025\/04\/RED-SMOOTHIE-SERUM-30.webp","width":640,"height":640,"caption":"ARENCIA RED SMOOTHIE SERUM 30"},{"@type":"BreadcrumbList","@id":"https:\/\/purecosmetics-shop.com\/accueil\/produit\/fresh-red-smoothie-serum-30\/#breadcrumb","itemListElement":[{"@type":"ListItem","position":1,"name":"Accueil","item":"https:\/\/purecosmetics-shop.com\/accueil\/"},{"@type":"ListItem","position":2,"name":"NOUVEAUT\u00c9S","item":"https:\/\/purecosmetics-shop.com\/accueil\/nouveautes\/"},{"@type":"ListItem","position":3,"name":"Fresh Red Smoothie Serum 30"}]},{"@type":"WebSite","@id":"https:\/\/purecosmetics-shop.com\/accueil\/#website","url":"https:\/\/purecosmetics-shop.com\/accueil\/","name":"Pure Cosmetics","description":"Skincare cor\u00e9enne et japonais","publisher":{"@id":"https:\/\/purecosmetics-shop.com\/accueil\/#organization"},"potentialAction":[{"@type":"SearchAction","target":{"@type":"EntryPoint","urlTemplate":"https:\/\/purecosmetics-shop.com\/accueil\/?s={search_term_string}"},"query-input":{"@type":"PropertyValueSpecification","valueRequired":true,"valueName":"search_term_string"}}],"inLanguage":"fr-FR"},{"@type":"Organization","@id":"https:\/\/purecosmetics-shop.com\/accueil\/#organization","name":"Pure Cosmetics","url":"https:\/\/purecosmetics-shop.com\/accueil\/","logo":{"@type":"ImageObject","inLanguage":"fr-FR","@id":"https:\/\/purecosmetics-shop.com\/accueil\/#\/schema\/logo\/image\/","url":"https:\/\/purecosmetics-shop.com\/wp-content\/uploads\/2025\/04\/cropped-Pure-Cosmetics-black-2.png","contentUrl":"https:\/\/purecosmetics-shop.com\/wp-content\/uploads\/2025\/04\/cropped-Pure-Cosmetics-black-2.png","width":2362,"height":2324,"caption":"Pure Cosmetics"},"image":{"@id":"https:\/\/purecosmetics-shop.com\/accueil\/#\/schema\/logo\/image\/"}}]}},"jetpack_sharing_enabled":true,"_links":{"self":[{"href":"https:\/\/purecosmetics-shop.com\/accueil\/wp-json\/wp\/v2\/product\/2831","targetHints":{"allow":["GET"]}}],"collection":[{"href":"https:\/\/purecosmetics-shop.com\/accueil\/wp-json\/wp\/v2\/product"}],"about":[{"href":"https:\/\/purecosmetics-shop.com\/accueil\/wp-json\/wp\/v2\/types\/product"}],"replies":[{"embeddable":true,"href":"https:\/\/purecosmetics-shop.com\/accueil\/wp-json\/wp\/v2\/comments?post=2831"}],"version-history":[{"count":3,"href":"https:\/\/purecosmetics-shop.com\/accueil\/wp-json\/wp\/v2\/product\/2831\/revisions"}],"predecessor-version":[{"id":3764,"href":"https:\/\/purecosmetics-shop.com\/accueil\/wp-json\/wp\/v2\/product\/2831\/revisions\/3764"}],"wp:featuredmedia":[{"embeddable":true,"href":"https:\/\/purecosmetics-shop.com\/accueil\/wp-json\/wp\/v2\/media\/3137"}],"wp:attachment":[{"href":"https:\/\/purecosmetics-shop.com\/accueil\/wp-json\/wp\/v2\/media?parent=2831"}],"wp:term":[{"taxonomy":"product_brand","embeddable":true,"href":"https:\/\/purecosmetics-shop.com\/accueil\/wp-json\/wp\/v2\/product_brand?post=2831"},{"taxonomy":"product_cat","embeddable":true,"href":"https:\/\/purecosmetics-shop.com\/accueil\/wp-json\/wp\/v2\/product_cat?post=2831"},{"taxonomy":"product_tag","embeddable":true,"href":"https:\/\/purecosmetics-shop.com\/accueil\/wp-json\/wp\/v2\/product_tag?post=2831"}],"curies":[{"name":"wp","href":"https:\/\/api.w.org\/{rel}","templated":true}]}}