{"id":2775,"date":"2025-04-04T15:17:33","date_gmt":"2025-04-04T19:17:33","guid":{"rendered":"https:\/\/purecosmetics-shop.com\/accueil\/?post_type=product&#038;p=2775"},"modified":"2026-04-18T05:31:45","modified_gmt":"2026-04-18T09:31:45","slug":"1025-dokdo-bubble-foam","status":"publish","type":"product","link":"https:\/\/purecosmetics-shop.com\/accueil\/produit\/1025-dokdo-bubble-foam\/","title":{"rendered":"1025 Dokdo Bubble Foam"},"content":{"rendered":"<p>La mousse nettoyante de ROUND LAB d\u00e9barrasse en douceur la peau de la salet\u00e9, de l\u2019exc\u00e8s de s\u00e9bum et des cellules mortes gr\u00e2ce \u00e0 sa formule l\u00e9g\u00e8rement acide.<br \/>\nRiche en eau de mer profonde et en tensioactifs \u00e0 base d\u2019acides amin\u00e9s, ce nettoyant pour le visage rafra\u00eechit la peau apr\u00e8s le nettoyage, sans la dess\u00e9cher. D\u2019autres extraits v\u00e9g\u00e9taux d\u00e9riv\u00e9s du th\u00e9 vert, de la centella asiatica et de la bergamote renforcent l\u2019hydratation de la peau et apaisent les irritations.<\/p>\n","protected":false},"excerpt":{"rendered":"<p>La mousse nettoyante de ROUND LAB d\u00e9barrasse en douceur la peau de la salet\u00e9, de l\u2019exc\u00e8s de s\u00e9bum et des cellules mortes gr\u00e2ce \u00e0 sa formule l\u00e9g\u00e8rement acide.<\/p>\n<p>Riche en eau de mer profonde et en tensioactifs \u00e0 base d\u2019acides amin\u00e9s, ce nettoyant pour le visage rafra\u00eechit la peau apr\u00e8s le nettoyage, sans la dess\u00e9cher. D\u2019autres extraits v\u00e9g\u00e9taux d\u00e9riv\u00e9s du th\u00e9 vert, de la centella asiatica et de la bergamote renforcent l\u2019hydratation de la peau et apaisent les irritations.<\/p>\n","protected":false},"featured_media":3933,"comment_status":"open","ping_status":"closed","template":"","meta":[],"product_brand":[178],"product_cat":[18,117,118,119],"product_tag":[],"class_list":{"0":"post-2775","1":"product","2":"type-product","3":"status-publish","4":"has-post-thumbnail","6":"product_brand-round-lab","7":"product_cat-nettoyant-visage","8":"product_cat-peau-normale","9":"product_cat-peau-seche","10":"product_cat-peau-sensible","12":"first","13":"instock","14":"shipping-taxable","15":"purchasable","16":"product-type-simple"},"yoast_head":"<!-- This site is optimized with the Yoast SEO plugin v27.4 - https:\/\/yoast.com\/product\/yoast-seo-wordpress\/ -->\n<title>1025 Dokdo Bubble Foam - Pure Cosmetics<\/title>\n<meta name=\"robots\" content=\"index, follow, max-snippet:-1, max-image-preview:large, max-video-preview:-1\" \/>\n<link rel=\"canonical\" href=\"https:\/\/purecosmetics-shop.com\/accueil\/produit\/1025-dokdo-bubble-foam\/\" \/>\n<meta property=\"og:locale\" content=\"fr_FR\" \/>\n<meta property=\"og:type\" content=\"article\" \/>\n<meta property=\"og:title\" content=\"1025 Dokdo Bubble Foam - Pure Cosmetics\" \/>\n<meta property=\"og:description\" content=\"La mousse nettoyante de ROUND LAB d\u00e9barrasse en douceur la peau de la salet\u00e9, de l\u2019exc\u00e8s de s\u00e9bum et des cellules mortes gr\u00e2ce \u00e0 sa formule l\u00e9g\u00e8rement acide.  Riche en eau de mer profonde et en tensioactifs \u00e0 base d\u2019acides amin\u00e9s, ce nettoyant pour le visage rafra\u00eechit la peau apr\u00e8s le nettoyage, sans la dess\u00e9cher. D\u2019autres extraits v\u00e9g\u00e9taux d\u00e9riv\u00e9s du th\u00e9 vert, de la centella asiatica et de la bergamote renforcent l\u2019hydratation de la peau et apaisent les irritations.\" \/>\n<meta property=\"og:url\" content=\"https:\/\/purecosmetics-shop.com\/accueil\/produit\/1025-dokdo-bubble-foam\/\" \/>\n<meta property=\"og:site_name\" content=\"Pure Cosmetics\" \/>\n<meta property=\"article:modified_time\" content=\"2026-04-18T09:31:45+00:00\" \/>\n<meta property=\"og:image\" content=\"https:\/\/purecosmetics-shop.com\/wp-content\/uploads\/2025\/04\/round-lab-1025-dokdo-bubble-foam.webp\" \/>\n\t<meta property=\"og:image:width\" content=\"1080\" \/>\n\t<meta property=\"og:image:height\" content=\"1080\" \/>\n\t<meta property=\"og:image:type\" content=\"image\/webp\" \/>\n<meta name=\"twitter:card\" content=\"summary_large_image\" \/>\n<meta name=\"twitter:label1\" content=\"Dur\u00e9e de lecture estim\u00e9e\" \/>\n\t<meta name=\"twitter:data1\" content=\"1 minute\" \/>\n<script type=\"application\/ld+json\" class=\"yoast-schema-graph\">{\"@context\":\"https:\\\/\\\/schema.org\",\"@graph\":[{\"@type\":\"WebPage\",\"@id\":\"https:\\\/\\\/purecosmetics-shop.com\\\/accueil\\\/produit\\\/1025-dokdo-bubble-foam\\\/\",\"url\":\"https:\\\/\\\/purecosmetics-shop.com\\\/accueil\\\/produit\\\/1025-dokdo-bubble-foam\\\/\",\"name\":\"1025 Dokdo Bubble Foam - Pure Cosmetics\",\"isPartOf\":{\"@id\":\"https:\\\/\\\/purecosmetics-shop.com\\\/accueil\\\/#website\"},\"primaryImageOfPage\":{\"@id\":\"https:\\\/\\\/purecosmetics-shop.com\\\/accueil\\\/produit\\\/1025-dokdo-bubble-foam\\\/#primaryimage\"},\"image\":{\"@id\":\"https:\\\/\\\/purecosmetics-shop.com\\\/accueil\\\/produit\\\/1025-dokdo-bubble-foam\\\/#primaryimage\"},\"thumbnailUrl\":\"https:\\\/\\\/purecosmetics-shop.com\\\/wp-content\\\/uploads\\\/2025\\\/04\\\/round-lab-1025-dokdo-bubble-foam.webp\",\"datePublished\":\"2025-04-04T19:17:33+00:00\",\"dateModified\":\"2026-04-18T09:31:45+00:00\",\"breadcrumb\":{\"@id\":\"https:\\\/\\\/purecosmetics-shop.com\\\/accueil\\\/produit\\\/1025-dokdo-bubble-foam\\\/#breadcrumb\"},\"inLanguage\":\"fr-FR\",\"potentialAction\":[{\"@type\":\"ReadAction\",\"target\":[\"https:\\\/\\\/purecosmetics-shop.com\\\/accueil\\\/produit\\\/1025-dokdo-bubble-foam\\\/\"]}]},{\"@type\":\"ImageObject\",\"inLanguage\":\"fr-FR\",\"@id\":\"https:\\\/\\\/purecosmetics-shop.com\\\/accueil\\\/produit\\\/1025-dokdo-bubble-foam\\\/#primaryimage\",\"url\":\"https:\\\/\\\/purecosmetics-shop.com\\\/wp-content\\\/uploads\\\/2025\\\/04\\\/round-lab-1025-dokdo-bubble-foam.webp\",\"contentUrl\":\"https:\\\/\\\/purecosmetics-shop.com\\\/wp-content\\\/uploads\\\/2025\\\/04\\\/round-lab-1025-dokdo-bubble-foam.webp\",\"width\":1080,\"height\":1080,\"caption\":\"round lab 1025 dokdo bubble foam\"},{\"@type\":\"BreadcrumbList\",\"@id\":\"https:\\\/\\\/purecosmetics-shop.com\\\/accueil\\\/produit\\\/1025-dokdo-bubble-foam\\\/#breadcrumb\",\"itemListElement\":[{\"@type\":\"ListItem\",\"position\":1,\"name\":\"Accueil\",\"item\":\"https:\\\/\\\/purecosmetics-shop.com\\\/accueil\\\/\"},{\"@type\":\"ListItem\",\"position\":2,\"name\":\"NOUVEAUT\u00c9S\",\"item\":\"https:\\\/\\\/purecosmetics-shop.com\\\/accueil\\\/nouveautes\\\/\"},{\"@type\":\"ListItem\",\"position\":3,\"name\":\"1025 Dokdo Bubble Foam\"}]},{\"@type\":\"WebSite\",\"@id\":\"https:\\\/\\\/purecosmetics-shop.com\\\/accueil\\\/#website\",\"url\":\"https:\\\/\\\/purecosmetics-shop.com\\\/accueil\\\/\",\"name\":\"Pure Cosmetics\",\"description\":\"Skincare cor\u00e9enne et japonais\",\"publisher\":{\"@id\":\"https:\\\/\\\/purecosmetics-shop.com\\\/accueil\\\/#organization\"},\"potentialAction\":[{\"@type\":\"SearchAction\",\"target\":{\"@type\":\"EntryPoint\",\"urlTemplate\":\"https:\\\/\\\/purecosmetics-shop.com\\\/accueil\\\/?s={search_term_string}\"},\"query-input\":{\"@type\":\"PropertyValueSpecification\",\"valueRequired\":true,\"valueName\":\"search_term_string\"}}],\"inLanguage\":\"fr-FR\"},{\"@type\":\"Organization\",\"@id\":\"https:\\\/\\\/purecosmetics-shop.com\\\/accueil\\\/#organization\",\"name\":\"Pure Cosmetics\",\"url\":\"https:\\\/\\\/purecosmetics-shop.com\\\/accueil\\\/\",\"logo\":{\"@type\":\"ImageObject\",\"inLanguage\":\"fr-FR\",\"@id\":\"https:\\\/\\\/purecosmetics-shop.com\\\/accueil\\\/#\\\/schema\\\/logo\\\/image\\\/\",\"url\":\"https:\\\/\\\/purecosmetics-shop.com\\\/wp-content\\\/uploads\\\/2025\\\/04\\\/cropped-Pure-Cosmetics-black-2.png\",\"contentUrl\":\"https:\\\/\\\/purecosmetics-shop.com\\\/wp-content\\\/uploads\\\/2025\\\/04\\\/cropped-Pure-Cosmetics-black-2.png\",\"width\":2362,\"height\":2324,\"caption\":\"Pure Cosmetics\"},\"image\":{\"@id\":\"https:\\\/\\\/purecosmetics-shop.com\\\/accueil\\\/#\\\/schema\\\/logo\\\/image\\\/\"}}]}<\/script>\n<!-- \/ Yoast SEO plugin. -->","yoast_head_json":{"title":"1025 Dokdo Bubble Foam - Pure Cosmetics","robots":{"index":"index","follow":"follow","max-snippet":"max-snippet:-1","max-image-preview":"max-image-preview:large","max-video-preview":"max-video-preview:-1"},"canonical":"https:\/\/purecosmetics-shop.com\/accueil\/produit\/1025-dokdo-bubble-foam\/","og_locale":"fr_FR","og_type":"article","og_title":"1025 Dokdo Bubble Foam - Pure Cosmetics","og_description":"La mousse nettoyante de ROUND LAB d\u00e9barrasse en douceur la peau de la salet\u00e9, de l\u2019exc\u00e8s de s\u00e9bum et des cellules mortes gr\u00e2ce \u00e0 sa formule l\u00e9g\u00e8rement acide.  Riche en eau de mer profonde et en tensioactifs \u00e0 base d\u2019acides amin\u00e9s, ce nettoyant pour le visage rafra\u00eechit la peau apr\u00e8s le nettoyage, sans la dess\u00e9cher. D\u2019autres extraits v\u00e9g\u00e9taux d\u00e9riv\u00e9s du th\u00e9 vert, de la centella asiatica et de la bergamote renforcent l\u2019hydratation de la peau et apaisent les irritations.","og_url":"https:\/\/purecosmetics-shop.com\/accueil\/produit\/1025-dokdo-bubble-foam\/","og_site_name":"Pure Cosmetics","article_modified_time":"2026-04-18T09:31:45+00:00","og_image":[{"width":1080,"height":1080,"url":"https:\/\/purecosmetics-shop.com\/wp-content\/uploads\/2025\/04\/round-lab-1025-dokdo-bubble-foam.webp","type":"image\/webp"}],"twitter_card":"summary_large_image","twitter_misc":{"Dur\u00e9e de lecture estim\u00e9e":"1 minute"},"schema":{"@context":"https:\/\/schema.org","@graph":[{"@type":"WebPage","@id":"https:\/\/purecosmetics-shop.com\/accueil\/produit\/1025-dokdo-bubble-foam\/","url":"https:\/\/purecosmetics-shop.com\/accueil\/produit\/1025-dokdo-bubble-foam\/","name":"1025 Dokdo Bubble Foam - Pure Cosmetics","isPartOf":{"@id":"https:\/\/purecosmetics-shop.com\/accueil\/#website"},"primaryImageOfPage":{"@id":"https:\/\/purecosmetics-shop.com\/accueil\/produit\/1025-dokdo-bubble-foam\/#primaryimage"},"image":{"@id":"https:\/\/purecosmetics-shop.com\/accueil\/produit\/1025-dokdo-bubble-foam\/#primaryimage"},"thumbnailUrl":"https:\/\/purecosmetics-shop.com\/wp-content\/uploads\/2025\/04\/round-lab-1025-dokdo-bubble-foam.webp","datePublished":"2025-04-04T19:17:33+00:00","dateModified":"2026-04-18T09:31:45+00:00","breadcrumb":{"@id":"https:\/\/purecosmetics-shop.com\/accueil\/produit\/1025-dokdo-bubble-foam\/#breadcrumb"},"inLanguage":"fr-FR","potentialAction":[{"@type":"ReadAction","target":["https:\/\/purecosmetics-shop.com\/accueil\/produit\/1025-dokdo-bubble-foam\/"]}]},{"@type":"ImageObject","inLanguage":"fr-FR","@id":"https:\/\/purecosmetics-shop.com\/accueil\/produit\/1025-dokdo-bubble-foam\/#primaryimage","url":"https:\/\/purecosmetics-shop.com\/wp-content\/uploads\/2025\/04\/round-lab-1025-dokdo-bubble-foam.webp","contentUrl":"https:\/\/purecosmetics-shop.com\/wp-content\/uploads\/2025\/04\/round-lab-1025-dokdo-bubble-foam.webp","width":1080,"height":1080,"caption":"round lab 1025 dokdo bubble foam"},{"@type":"BreadcrumbList","@id":"https:\/\/purecosmetics-shop.com\/accueil\/produit\/1025-dokdo-bubble-foam\/#breadcrumb","itemListElement":[{"@type":"ListItem","position":1,"name":"Accueil","item":"https:\/\/purecosmetics-shop.com\/accueil\/"},{"@type":"ListItem","position":2,"name":"NOUVEAUT\u00c9S","item":"https:\/\/purecosmetics-shop.com\/accueil\/nouveautes\/"},{"@type":"ListItem","position":3,"name":"1025 Dokdo Bubble Foam"}]},{"@type":"WebSite","@id":"https:\/\/purecosmetics-shop.com\/accueil\/#website","url":"https:\/\/purecosmetics-shop.com\/accueil\/","name":"Pure Cosmetics","description":"Skincare cor\u00e9enne et japonais","publisher":{"@id":"https:\/\/purecosmetics-shop.com\/accueil\/#organization"},"potentialAction":[{"@type":"SearchAction","target":{"@type":"EntryPoint","urlTemplate":"https:\/\/purecosmetics-shop.com\/accueil\/?s={search_term_string}"},"query-input":{"@type":"PropertyValueSpecification","valueRequired":true,"valueName":"search_term_string"}}],"inLanguage":"fr-FR"},{"@type":"Organization","@id":"https:\/\/purecosmetics-shop.com\/accueil\/#organization","name":"Pure Cosmetics","url":"https:\/\/purecosmetics-shop.com\/accueil\/","logo":{"@type":"ImageObject","inLanguage":"fr-FR","@id":"https:\/\/purecosmetics-shop.com\/accueil\/#\/schema\/logo\/image\/","url":"https:\/\/purecosmetics-shop.com\/wp-content\/uploads\/2025\/04\/cropped-Pure-Cosmetics-black-2.png","contentUrl":"https:\/\/purecosmetics-shop.com\/wp-content\/uploads\/2025\/04\/cropped-Pure-Cosmetics-black-2.png","width":2362,"height":2324,"caption":"Pure Cosmetics"},"image":{"@id":"https:\/\/purecosmetics-shop.com\/accueil\/#\/schema\/logo\/image\/"}}]}},"jetpack_sharing_enabled":true,"_links":{"self":[{"href":"https:\/\/purecosmetics-shop.com\/accueil\/wp-json\/wp\/v2\/product\/2775","targetHints":{"allow":["GET"]}}],"collection":[{"href":"https:\/\/purecosmetics-shop.com\/accueil\/wp-json\/wp\/v2\/product"}],"about":[{"href":"https:\/\/purecosmetics-shop.com\/accueil\/wp-json\/wp\/v2\/types\/product"}],"replies":[{"embeddable":true,"href":"https:\/\/purecosmetics-shop.com\/accueil\/wp-json\/wp\/v2\/comments?post=2775"}],"version-history":[{"count":1,"href":"https:\/\/purecosmetics-shop.com\/accueil\/wp-json\/wp\/v2\/product\/2775\/revisions"}],"predecessor-version":[{"id":2779,"href":"https:\/\/purecosmetics-shop.com\/accueil\/wp-json\/wp\/v2\/product\/2775\/revisions\/2779"}],"wp:featuredmedia":[{"embeddable":true,"href":"https:\/\/purecosmetics-shop.com\/accueil\/wp-json\/wp\/v2\/media\/3933"}],"wp:attachment":[{"href":"https:\/\/purecosmetics-shop.com\/accueil\/wp-json\/wp\/v2\/media?parent=2775"}],"wp:term":[{"taxonomy":"product_brand","embeddable":true,"href":"https:\/\/purecosmetics-shop.com\/accueil\/wp-json\/wp\/v2\/product_brand?post=2775"},{"taxonomy":"product_cat","embeddable":true,"href":"https:\/\/purecosmetics-shop.com\/accueil\/wp-json\/wp\/v2\/product_cat?post=2775"},{"taxonomy":"product_tag","embeddable":true,"href":"https:\/\/purecosmetics-shop.com\/accueil\/wp-json\/wp\/v2\/product_tag?post=2775"}],"curies":[{"name":"wp","href":"https:\/\/api.w.org\/{rel}","templated":true}]}}