{"id":2740,"date":"2025-04-02T16:14:04","date_gmt":"2025-04-02T20:14:04","guid":{"rendered":"https:\/\/purecosmetics-shop.com\/accueil\/?post_type=product&#038;p=2740"},"modified":"2026-02-13T16:02:23","modified_gmt":"2026-02-13T20:02:23","slug":"gua-sha-corps","status":"publish","type":"product","link":"https:\/\/purecosmetics-shop.com\/accueil\/produit\/gua-sha-corps\/","title":{"rendered":"Gua Sha corps"},"content":{"rendered":"<p>L&rsquo;<strong>art du massage<\/strong>\u00a0avec le Gua Sha est un secret bien gard\u00e9 de la m\u00e9decine traditionnelle chinoise utilis\u00e9 depuis des mill\u00e9naires. Par l&rsquo;<strong>action du frottement<\/strong>\u00a0sur la peau, le Gua Sha\u00a0<strong>booste la circulation sanguine et lymphatique<\/strong>, offrant une v\u00e9ritable\u00a0<strong>cure de jouvence\u00a0<\/strong>\u00e0 votre peau.<\/p>\n<ul>\n<li><strong>Drainage lymphatique express<\/strong>\u00a0: draine la lymphe et d\u00e9toxifie en profondeur<\/li>\n<li><strong>Aide \u00e0 \u00e9liminer les toxines<\/strong>, les graisses et la cellulite pour une silhouette affin\u00e9e<\/li>\n<li><strong>Massage relaxant \u00e0 domicile<\/strong>\u00a0: d\u00e9gonfle le ventre et les jambes en 20 minutes<\/li>\n<\/ul>\n","protected":false},"excerpt":{"rendered":"<p>Gr\u00e2ce \u00e0 ses <strong>diff\u00e9rentes faces sculpt\u00e9es<\/strong>, c&rsquo;est un\u00a0<strong>accessoire<\/strong>\u00a0<strong>pr\u00e9cieux<\/strong>\u00a0pour\u00a0<strong>sculpter<\/strong>\u00a0le\u00a0<strong>corps<\/strong>\u00a0avec pr\u00e9cision et retrouver une\u00a0<strong>peau plus ferme<\/strong>. Il\u00a0<strong>soulage<\/strong>\u00a0\u00e9galement la\u00a0<strong>sensation de jambes lourdes<\/strong>, pour vous offrir une\u00a0<strong>v\u00e9ritable routine de bien-\u00eatre<\/strong>\u00a0au quotidien\u00a0!<\/p>\n","protected":false},"featured_media":2747,"comment_status":"open","ping_status":"closed","template":"","meta":[],"product_brand":[187],"product_cat":[136,137],"product_tag":[],"class_list":{"0":"post-2740","1":"product","2":"type-product","3":"status-publish","4":"has-post-thumbnail","6":"product_brand-pure-cosmetics","7":"product_cat-accessoires","8":"product_cat-bodycare","10":"first","11":"outofstock","12":"shipping-taxable","13":"purchasable","14":"product-type-simple"},"yoast_head":"<!-- This site is optimized with the Yoast SEO plugin v27.4 - https:\/\/yoast.com\/product\/yoast-seo-wordpress\/ -->\n<title>Gua Sha corps - Pure Cosmetics<\/title>\n<meta name=\"robots\" content=\"index, follow, max-snippet:-1, max-image-preview:large, max-video-preview:-1\" \/>\n<link rel=\"canonical\" href=\"https:\/\/purecosmetics-shop.com\/accueil\/produit\/gua-sha-corps\/\" \/>\n<meta property=\"og:locale\" content=\"fr_FR\" \/>\n<meta property=\"og:type\" content=\"article\" \/>\n<meta property=\"og:title\" content=\"Gua Sha corps - Pure Cosmetics\" \/>\n<meta property=\"og:description\" content=\"Gr\u00e2ce \u00e0 ses diff\u00e9rentes faces sculpt\u00e9es, c&#039;est un\u00a0accessoire\u00a0pr\u00e9cieux\u00a0pour\u00a0sculpter\u00a0le\u00a0corps\u00a0avec pr\u00e9cision et retrouver une\u00a0peau plus ferme. Il\u00a0soulage\u00a0\u00e9galement la\u00a0sensation de jambes lourdes, pour vous offrir une\u00a0v\u00e9ritable routine de bien-\u00eatre\u00a0au quotidien\u00a0!\" \/>\n<meta property=\"og:url\" content=\"https:\/\/purecosmetics-shop.com\/accueil\/produit\/gua-sha-corps\/\" \/>\n<meta property=\"og:site_name\" content=\"Pure Cosmetics\" \/>\n<meta property=\"article:modified_time\" content=\"2026-02-13T20:02:23+00:00\" \/>\n<meta property=\"og:image\" content=\"https:\/\/purecosmetics-shop.com\/wp-content\/uploads\/2025\/04\/Guasha-roller-e1743625153449.png\" \/>\n\t<meta property=\"og:image:width\" content=\"1727\" \/>\n\t<meta property=\"og:image:height\" content=\"1780\" \/>\n\t<meta property=\"og:image:type\" content=\"image\/png\" \/>\n<meta name=\"twitter:card\" content=\"summary_large_image\" \/>\n<meta name=\"twitter:label1\" content=\"Dur\u00e9e de lecture estim\u00e9e\" \/>\n\t<meta name=\"twitter:data1\" content=\"1 minute\" \/>\n<script type=\"application\/ld+json\" class=\"yoast-schema-graph\">{\"@context\":\"https:\\\/\\\/schema.org\",\"@graph\":[{\"@type\":\"WebPage\",\"@id\":\"https:\\\/\\\/purecosmetics-shop.com\\\/accueil\\\/produit\\\/gua-sha-corps\\\/\",\"url\":\"https:\\\/\\\/purecosmetics-shop.com\\\/accueil\\\/produit\\\/gua-sha-corps\\\/\",\"name\":\"Gua Sha corps - Pure Cosmetics\",\"isPartOf\":{\"@id\":\"https:\\\/\\\/purecosmetics-shop.com\\\/accueil\\\/#website\"},\"primaryImageOfPage\":{\"@id\":\"https:\\\/\\\/purecosmetics-shop.com\\\/accueil\\\/produit\\\/gua-sha-corps\\\/#primaryimage\"},\"image\":{\"@id\":\"https:\\\/\\\/purecosmetics-shop.com\\\/accueil\\\/produit\\\/gua-sha-corps\\\/#primaryimage\"},\"thumbnailUrl\":\"https:\\\/\\\/purecosmetics-shop.com\\\/wp-content\\\/uploads\\\/2025\\\/04\\\/Guasha-roller-e1743625153449.png\",\"datePublished\":\"2025-04-02T20:14:04+00:00\",\"dateModified\":\"2026-02-13T20:02:23+00:00\",\"breadcrumb\":{\"@id\":\"https:\\\/\\\/purecosmetics-shop.com\\\/accueil\\\/produit\\\/gua-sha-corps\\\/#breadcrumb\"},\"inLanguage\":\"fr-FR\",\"potentialAction\":[{\"@type\":\"ReadAction\",\"target\":[\"https:\\\/\\\/purecosmetics-shop.com\\\/accueil\\\/produit\\\/gua-sha-corps\\\/\"]}]},{\"@type\":\"ImageObject\",\"inLanguage\":\"fr-FR\",\"@id\":\"https:\\\/\\\/purecosmetics-shop.com\\\/accueil\\\/produit\\\/gua-sha-corps\\\/#primaryimage\",\"url\":\"https:\\\/\\\/purecosmetics-shop.com\\\/wp-content\\\/uploads\\\/2025\\\/04\\\/Guasha-roller-e1743625153449.png\",\"contentUrl\":\"https:\\\/\\\/purecosmetics-shop.com\\\/wp-content\\\/uploads\\\/2025\\\/04\\\/Guasha-roller-e1743625153449.png\",\"width\":1727,\"height\":1780},{\"@type\":\"BreadcrumbList\",\"@id\":\"https:\\\/\\\/purecosmetics-shop.com\\\/accueil\\\/produit\\\/gua-sha-corps\\\/#breadcrumb\",\"itemListElement\":[{\"@type\":\"ListItem\",\"position\":1,\"name\":\"Accueil\",\"item\":\"https:\\\/\\\/purecosmetics-shop.com\\\/accueil\\\/\"},{\"@type\":\"ListItem\",\"position\":2,\"name\":\"NOUVEAUT\u00c9S\",\"item\":\"https:\\\/\\\/purecosmetics-shop.com\\\/accueil\\\/nouveautes\\\/\"},{\"@type\":\"ListItem\",\"position\":3,\"name\":\"Gua Sha corps\"}]},{\"@type\":\"WebSite\",\"@id\":\"https:\\\/\\\/purecosmetics-shop.com\\\/accueil\\\/#website\",\"url\":\"https:\\\/\\\/purecosmetics-shop.com\\\/accueil\\\/\",\"name\":\"Pure Cosmetics\",\"description\":\"Skincare cor\u00e9enne et japonais\",\"publisher\":{\"@id\":\"https:\\\/\\\/purecosmetics-shop.com\\\/accueil\\\/#organization\"},\"potentialAction\":[{\"@type\":\"SearchAction\",\"target\":{\"@type\":\"EntryPoint\",\"urlTemplate\":\"https:\\\/\\\/purecosmetics-shop.com\\\/accueil\\\/?s={search_term_string}\"},\"query-input\":{\"@type\":\"PropertyValueSpecification\",\"valueRequired\":true,\"valueName\":\"search_term_string\"}}],\"inLanguage\":\"fr-FR\"},{\"@type\":\"Organization\",\"@id\":\"https:\\\/\\\/purecosmetics-shop.com\\\/accueil\\\/#organization\",\"name\":\"Pure Cosmetics\",\"url\":\"https:\\\/\\\/purecosmetics-shop.com\\\/accueil\\\/\",\"logo\":{\"@type\":\"ImageObject\",\"inLanguage\":\"fr-FR\",\"@id\":\"https:\\\/\\\/purecosmetics-shop.com\\\/accueil\\\/#\\\/schema\\\/logo\\\/image\\\/\",\"url\":\"https:\\\/\\\/purecosmetics-shop.com\\\/wp-content\\\/uploads\\\/2025\\\/04\\\/cropped-Pure-Cosmetics-black-2.png\",\"contentUrl\":\"https:\\\/\\\/purecosmetics-shop.com\\\/wp-content\\\/uploads\\\/2025\\\/04\\\/cropped-Pure-Cosmetics-black-2.png\",\"width\":2362,\"height\":2324,\"caption\":\"Pure Cosmetics\"},\"image\":{\"@id\":\"https:\\\/\\\/purecosmetics-shop.com\\\/accueil\\\/#\\\/schema\\\/logo\\\/image\\\/\"}}]}<\/script>\n<!-- \/ Yoast SEO plugin. -->","yoast_head_json":{"title":"Gua Sha corps - Pure Cosmetics","robots":{"index":"index","follow":"follow","max-snippet":"max-snippet:-1","max-image-preview":"max-image-preview:large","max-video-preview":"max-video-preview:-1"},"canonical":"https:\/\/purecosmetics-shop.com\/accueil\/produit\/gua-sha-corps\/","og_locale":"fr_FR","og_type":"article","og_title":"Gua Sha corps - Pure Cosmetics","og_description":"Gr\u00e2ce \u00e0 ses diff\u00e9rentes faces sculpt\u00e9es, c'est un\u00a0accessoire\u00a0pr\u00e9cieux\u00a0pour\u00a0sculpter\u00a0le\u00a0corps\u00a0avec pr\u00e9cision et retrouver une\u00a0peau plus ferme. Il\u00a0soulage\u00a0\u00e9galement la\u00a0sensation de jambes lourdes, pour vous offrir une\u00a0v\u00e9ritable routine de bien-\u00eatre\u00a0au quotidien\u00a0!","og_url":"https:\/\/purecosmetics-shop.com\/accueil\/produit\/gua-sha-corps\/","og_site_name":"Pure Cosmetics","article_modified_time":"2026-02-13T20:02:23+00:00","og_image":[{"width":1727,"height":1780,"url":"https:\/\/purecosmetics-shop.com\/wp-content\/uploads\/2025\/04\/Guasha-roller-e1743625153449.png","type":"image\/png"}],"twitter_card":"summary_large_image","twitter_misc":{"Dur\u00e9e de lecture estim\u00e9e":"1 minute"},"schema":{"@context":"https:\/\/schema.org","@graph":[{"@type":"WebPage","@id":"https:\/\/purecosmetics-shop.com\/accueil\/produit\/gua-sha-corps\/","url":"https:\/\/purecosmetics-shop.com\/accueil\/produit\/gua-sha-corps\/","name":"Gua Sha corps - Pure Cosmetics","isPartOf":{"@id":"https:\/\/purecosmetics-shop.com\/accueil\/#website"},"primaryImageOfPage":{"@id":"https:\/\/purecosmetics-shop.com\/accueil\/produit\/gua-sha-corps\/#primaryimage"},"image":{"@id":"https:\/\/purecosmetics-shop.com\/accueil\/produit\/gua-sha-corps\/#primaryimage"},"thumbnailUrl":"https:\/\/purecosmetics-shop.com\/wp-content\/uploads\/2025\/04\/Guasha-roller-e1743625153449.png","datePublished":"2025-04-02T20:14:04+00:00","dateModified":"2026-02-13T20:02:23+00:00","breadcrumb":{"@id":"https:\/\/purecosmetics-shop.com\/accueil\/produit\/gua-sha-corps\/#breadcrumb"},"inLanguage":"fr-FR","potentialAction":[{"@type":"ReadAction","target":["https:\/\/purecosmetics-shop.com\/accueil\/produit\/gua-sha-corps\/"]}]},{"@type":"ImageObject","inLanguage":"fr-FR","@id":"https:\/\/purecosmetics-shop.com\/accueil\/produit\/gua-sha-corps\/#primaryimage","url":"https:\/\/purecosmetics-shop.com\/wp-content\/uploads\/2025\/04\/Guasha-roller-e1743625153449.png","contentUrl":"https:\/\/purecosmetics-shop.com\/wp-content\/uploads\/2025\/04\/Guasha-roller-e1743625153449.png","width":1727,"height":1780},{"@type":"BreadcrumbList","@id":"https:\/\/purecosmetics-shop.com\/accueil\/produit\/gua-sha-corps\/#breadcrumb","itemListElement":[{"@type":"ListItem","position":1,"name":"Accueil","item":"https:\/\/purecosmetics-shop.com\/accueil\/"},{"@type":"ListItem","position":2,"name":"NOUVEAUT\u00c9S","item":"https:\/\/purecosmetics-shop.com\/accueil\/nouveautes\/"},{"@type":"ListItem","position":3,"name":"Gua Sha corps"}]},{"@type":"WebSite","@id":"https:\/\/purecosmetics-shop.com\/accueil\/#website","url":"https:\/\/purecosmetics-shop.com\/accueil\/","name":"Pure Cosmetics","description":"Skincare cor\u00e9enne et japonais","publisher":{"@id":"https:\/\/purecosmetics-shop.com\/accueil\/#organization"},"potentialAction":[{"@type":"SearchAction","target":{"@type":"EntryPoint","urlTemplate":"https:\/\/purecosmetics-shop.com\/accueil\/?s={search_term_string}"},"query-input":{"@type":"PropertyValueSpecification","valueRequired":true,"valueName":"search_term_string"}}],"inLanguage":"fr-FR"},{"@type":"Organization","@id":"https:\/\/purecosmetics-shop.com\/accueil\/#organization","name":"Pure Cosmetics","url":"https:\/\/purecosmetics-shop.com\/accueil\/","logo":{"@type":"ImageObject","inLanguage":"fr-FR","@id":"https:\/\/purecosmetics-shop.com\/accueil\/#\/schema\/logo\/image\/","url":"https:\/\/purecosmetics-shop.com\/wp-content\/uploads\/2025\/04\/cropped-Pure-Cosmetics-black-2.png","contentUrl":"https:\/\/purecosmetics-shop.com\/wp-content\/uploads\/2025\/04\/cropped-Pure-Cosmetics-black-2.png","width":2362,"height":2324,"caption":"Pure Cosmetics"},"image":{"@id":"https:\/\/purecosmetics-shop.com\/accueil\/#\/schema\/logo\/image\/"}}]}},"jetpack_sharing_enabled":true,"_links":{"self":[{"href":"https:\/\/purecosmetics-shop.com\/accueil\/wp-json\/wp\/v2\/product\/2740","targetHints":{"allow":["GET"]}}],"collection":[{"href":"https:\/\/purecosmetics-shop.com\/accueil\/wp-json\/wp\/v2\/product"}],"about":[{"href":"https:\/\/purecosmetics-shop.com\/accueil\/wp-json\/wp\/v2\/types\/product"}],"replies":[{"embeddable":true,"href":"https:\/\/purecosmetics-shop.com\/accueil\/wp-json\/wp\/v2\/comments?post=2740"}],"version-history":[{"count":1,"href":"https:\/\/purecosmetics-shop.com\/accueil\/wp-json\/wp\/v2\/product\/2740\/revisions"}],"predecessor-version":[{"id":2746,"href":"https:\/\/purecosmetics-shop.com\/accueil\/wp-json\/wp\/v2\/product\/2740\/revisions\/2746"}],"wp:featuredmedia":[{"embeddable":true,"href":"https:\/\/purecosmetics-shop.com\/accueil\/wp-json\/wp\/v2\/media\/2747"}],"wp:attachment":[{"href":"https:\/\/purecosmetics-shop.com\/accueil\/wp-json\/wp\/v2\/media?parent=2740"}],"wp:term":[{"taxonomy":"product_brand","embeddable":true,"href":"https:\/\/purecosmetics-shop.com\/accueil\/wp-json\/wp\/v2\/product_brand?post=2740"},{"taxonomy":"product_cat","embeddable":true,"href":"https:\/\/purecosmetics-shop.com\/accueil\/wp-json\/wp\/v2\/product_cat?post=2740"},{"taxonomy":"product_tag","embeddable":true,"href":"https:\/\/purecosmetics-shop.com\/accueil\/wp-json\/wp\/v2\/product_tag?post=2740"}],"curies":[{"name":"wp","href":"https:\/\/api.w.org\/{rel}","templated":true}]}}