{"id":2735,"date":"2025-04-02T15:57:30","date_gmt":"2025-04-02T19:57:30","guid":{"rendered":"https:\/\/purecosmetics-shop.com\/accueil\/?post_type=product&#038;p=2735"},"modified":"2025-08-19T14:44:50","modified_gmt":"2025-08-19T18:44:50","slug":"gua-sha","status":"publish","type":"product","link":"https:\/\/purecosmetics-shop.com\/accueil\/produit\/gua-sha\/","title":{"rendered":"Gua Sha"},"content":{"rendered":"<p>Cet outil, fabriqu\u00e9 \u00e0 la main \u00e0 partir de r\u00e9sine de haute qualit\u00e9, offre \u00e0 chaque visage un drainage lymphatique doux, qui peut conduire \u00e0 une d\u00e9toxification et donc \u00e0 des contours du visage plus d\u00e9finis. Quelques minutes par jour suffisent pour stimuler la circulation sanguine et favoriser l&rsquo;\u00e9clat de la peau. Pour un teint frais, sain et \u00e9clatant de vitalit\u00e9 !<\/p>\n","protected":false},"excerpt":{"rendered":"<p>Gua Sha fabriqu\u00e9 \u00e0 la main \u00e0 partir de r\u00e9sine de haute qualit\u00e9.<\/p>\n<p>Drainage lymphatique doux, d\u00e9toxification, d\u00e9finition des contours du visage.<\/p>\n","protected":false},"featured_media":2736,"comment_status":"open","ping_status":"closed","template":"","meta":[],"product_brand":[187],"product_cat":[136],"product_tag":[],"class_list":{"0":"post-2735","1":"product","2":"type-product","3":"status-publish","4":"has-post-thumbnail","6":"product_brand-pure-cosmetics","7":"product_cat-accessoires","9":"first","10":"outofstock","11":"shipping-taxable","12":"purchasable","13":"product-type-simple"},"yoast_head":"<!-- This site is optimized with the Yoast SEO plugin v27.4 - https:\/\/yoast.com\/product\/yoast-seo-wordpress\/ -->\n<title>Gua Sha - Pure Cosmetics<\/title>\n<meta name=\"robots\" content=\"index, follow, max-snippet:-1, max-image-preview:large, max-video-preview:-1\" \/>\n<link rel=\"canonical\" href=\"https:\/\/purecosmetics-shop.com\/accueil\/produit\/gua-sha\/\" \/>\n<meta property=\"og:locale\" content=\"fr_FR\" \/>\n<meta property=\"og:type\" content=\"article\" \/>\n<meta property=\"og:title\" content=\"Gua Sha - Pure Cosmetics\" \/>\n<meta property=\"og:description\" content=\"Gua Sha fabriqu\u00e9 \u00e0 la main \u00e0 partir de r\u00e9sine de haute qualit\u00e9.  Drainage lymphatique doux, d\u00e9toxification, d\u00e9finition des contours du visage.\" \/>\n<meta property=\"og:url\" content=\"https:\/\/purecosmetics-shop.com\/accueil\/produit\/gua-sha\/\" \/>\n<meta property=\"og:site_name\" content=\"Pure Cosmetics\" \/>\n<meta property=\"article:modified_time\" content=\"2025-08-19T18:44:50+00:00\" \/>\n<meta property=\"og:image\" content=\"https:\/\/purecosmetics-shop.com\/wp-content\/uploads\/2025\/04\/Guasha-Rose.png\" \/>\n\t<meta property=\"og:image:width\" content=\"1564\" \/>\n\t<meta property=\"og:image:height\" content=\"1594\" \/>\n\t<meta property=\"og:image:type\" content=\"image\/png\" \/>\n<meta name=\"twitter:card\" content=\"summary_large_image\" \/>\n<meta name=\"twitter:label1\" content=\"Dur\u00e9e de lecture estim\u00e9e\" \/>\n\t<meta name=\"twitter:data1\" content=\"1 minute\" \/>\n<script type=\"application\/ld+json\" class=\"yoast-schema-graph\">{\"@context\":\"https:\\\/\\\/schema.org\",\"@graph\":[{\"@type\":\"WebPage\",\"@id\":\"https:\\\/\\\/purecosmetics-shop.com\\\/accueil\\\/produit\\\/gua-sha\\\/\",\"url\":\"https:\\\/\\\/purecosmetics-shop.com\\\/accueil\\\/produit\\\/gua-sha\\\/\",\"name\":\"Gua Sha - Pure Cosmetics\",\"isPartOf\":{\"@id\":\"https:\\\/\\\/purecosmetics-shop.com\\\/accueil\\\/#website\"},\"primaryImageOfPage\":{\"@id\":\"https:\\\/\\\/purecosmetics-shop.com\\\/accueil\\\/produit\\\/gua-sha\\\/#primaryimage\"},\"image\":{\"@id\":\"https:\\\/\\\/purecosmetics-shop.com\\\/accueil\\\/produit\\\/gua-sha\\\/#primaryimage\"},\"thumbnailUrl\":\"https:\\\/\\\/purecosmetics-shop.com\\\/wp-content\\\/uploads\\\/2025\\\/04\\\/Guasha-Rose.png\",\"datePublished\":\"2025-04-02T19:57:30+00:00\",\"dateModified\":\"2025-08-19T18:44:50+00:00\",\"breadcrumb\":{\"@id\":\"https:\\\/\\\/purecosmetics-shop.com\\\/accueil\\\/produit\\\/gua-sha\\\/#breadcrumb\"},\"inLanguage\":\"fr-FR\",\"potentialAction\":[{\"@type\":\"ReadAction\",\"target\":[\"https:\\\/\\\/purecosmetics-shop.com\\\/accueil\\\/produit\\\/gua-sha\\\/\"]}]},{\"@type\":\"ImageObject\",\"inLanguage\":\"fr-FR\",\"@id\":\"https:\\\/\\\/purecosmetics-shop.com\\\/accueil\\\/produit\\\/gua-sha\\\/#primaryimage\",\"url\":\"https:\\\/\\\/purecosmetics-shop.com\\\/wp-content\\\/uploads\\\/2025\\\/04\\\/Guasha-Rose.png\",\"contentUrl\":\"https:\\\/\\\/purecosmetics-shop.com\\\/wp-content\\\/uploads\\\/2025\\\/04\\\/Guasha-Rose.png\",\"width\":1564,\"height\":1594},{\"@type\":\"BreadcrumbList\",\"@id\":\"https:\\\/\\\/purecosmetics-shop.com\\\/accueil\\\/produit\\\/gua-sha\\\/#breadcrumb\",\"itemListElement\":[{\"@type\":\"ListItem\",\"position\":1,\"name\":\"Accueil\",\"item\":\"https:\\\/\\\/purecosmetics-shop.com\\\/accueil\\\/\"},{\"@type\":\"ListItem\",\"position\":2,\"name\":\"NOUVEAUT\u00c9S\",\"item\":\"https:\\\/\\\/purecosmetics-shop.com\\\/accueil\\\/nouveautes\\\/\"},{\"@type\":\"ListItem\",\"position\":3,\"name\":\"Gua Sha\"}]},{\"@type\":\"WebSite\",\"@id\":\"https:\\\/\\\/purecosmetics-shop.com\\\/accueil\\\/#website\",\"url\":\"https:\\\/\\\/purecosmetics-shop.com\\\/accueil\\\/\",\"name\":\"Pure Cosmetics\",\"description\":\"Skincare cor\u00e9enne et japonais\",\"publisher\":{\"@id\":\"https:\\\/\\\/purecosmetics-shop.com\\\/accueil\\\/#organization\"},\"potentialAction\":[{\"@type\":\"SearchAction\",\"target\":{\"@type\":\"EntryPoint\",\"urlTemplate\":\"https:\\\/\\\/purecosmetics-shop.com\\\/accueil\\\/?s={search_term_string}\"},\"query-input\":{\"@type\":\"PropertyValueSpecification\",\"valueRequired\":true,\"valueName\":\"search_term_string\"}}],\"inLanguage\":\"fr-FR\"},{\"@type\":\"Organization\",\"@id\":\"https:\\\/\\\/purecosmetics-shop.com\\\/accueil\\\/#organization\",\"name\":\"Pure Cosmetics\",\"url\":\"https:\\\/\\\/purecosmetics-shop.com\\\/accueil\\\/\",\"logo\":{\"@type\":\"ImageObject\",\"inLanguage\":\"fr-FR\",\"@id\":\"https:\\\/\\\/purecosmetics-shop.com\\\/accueil\\\/#\\\/schema\\\/logo\\\/image\\\/\",\"url\":\"https:\\\/\\\/purecosmetics-shop.com\\\/wp-content\\\/uploads\\\/2025\\\/04\\\/cropped-Pure-Cosmetics-black-2.png\",\"contentUrl\":\"https:\\\/\\\/purecosmetics-shop.com\\\/wp-content\\\/uploads\\\/2025\\\/04\\\/cropped-Pure-Cosmetics-black-2.png\",\"width\":2362,\"height\":2324,\"caption\":\"Pure Cosmetics\"},\"image\":{\"@id\":\"https:\\\/\\\/purecosmetics-shop.com\\\/accueil\\\/#\\\/schema\\\/logo\\\/image\\\/\"}}]}<\/script>\n<!-- \/ Yoast SEO plugin. -->","yoast_head_json":{"title":"Gua Sha - Pure Cosmetics","robots":{"index":"index","follow":"follow","max-snippet":"max-snippet:-1","max-image-preview":"max-image-preview:large","max-video-preview":"max-video-preview:-1"},"canonical":"https:\/\/purecosmetics-shop.com\/accueil\/produit\/gua-sha\/","og_locale":"fr_FR","og_type":"article","og_title":"Gua Sha - Pure Cosmetics","og_description":"Gua Sha fabriqu\u00e9 \u00e0 la main \u00e0 partir de r\u00e9sine de haute qualit\u00e9.  Drainage lymphatique doux, d\u00e9toxification, d\u00e9finition des contours du visage.","og_url":"https:\/\/purecosmetics-shop.com\/accueil\/produit\/gua-sha\/","og_site_name":"Pure Cosmetics","article_modified_time":"2025-08-19T18:44:50+00:00","og_image":[{"width":1564,"height":1594,"url":"https:\/\/purecosmetics-shop.com\/wp-content\/uploads\/2025\/04\/Guasha-Rose.png","type":"image\/png"}],"twitter_card":"summary_large_image","twitter_misc":{"Dur\u00e9e de lecture estim\u00e9e":"1 minute"},"schema":{"@context":"https:\/\/schema.org","@graph":[{"@type":"WebPage","@id":"https:\/\/purecosmetics-shop.com\/accueil\/produit\/gua-sha\/","url":"https:\/\/purecosmetics-shop.com\/accueil\/produit\/gua-sha\/","name":"Gua Sha - Pure Cosmetics","isPartOf":{"@id":"https:\/\/purecosmetics-shop.com\/accueil\/#website"},"primaryImageOfPage":{"@id":"https:\/\/purecosmetics-shop.com\/accueil\/produit\/gua-sha\/#primaryimage"},"image":{"@id":"https:\/\/purecosmetics-shop.com\/accueil\/produit\/gua-sha\/#primaryimage"},"thumbnailUrl":"https:\/\/purecosmetics-shop.com\/wp-content\/uploads\/2025\/04\/Guasha-Rose.png","datePublished":"2025-04-02T19:57:30+00:00","dateModified":"2025-08-19T18:44:50+00:00","breadcrumb":{"@id":"https:\/\/purecosmetics-shop.com\/accueil\/produit\/gua-sha\/#breadcrumb"},"inLanguage":"fr-FR","potentialAction":[{"@type":"ReadAction","target":["https:\/\/purecosmetics-shop.com\/accueil\/produit\/gua-sha\/"]}]},{"@type":"ImageObject","inLanguage":"fr-FR","@id":"https:\/\/purecosmetics-shop.com\/accueil\/produit\/gua-sha\/#primaryimage","url":"https:\/\/purecosmetics-shop.com\/wp-content\/uploads\/2025\/04\/Guasha-Rose.png","contentUrl":"https:\/\/purecosmetics-shop.com\/wp-content\/uploads\/2025\/04\/Guasha-Rose.png","width":1564,"height":1594},{"@type":"BreadcrumbList","@id":"https:\/\/purecosmetics-shop.com\/accueil\/produit\/gua-sha\/#breadcrumb","itemListElement":[{"@type":"ListItem","position":1,"name":"Accueil","item":"https:\/\/purecosmetics-shop.com\/accueil\/"},{"@type":"ListItem","position":2,"name":"NOUVEAUT\u00c9S","item":"https:\/\/purecosmetics-shop.com\/accueil\/nouveautes\/"},{"@type":"ListItem","position":3,"name":"Gua Sha"}]},{"@type":"WebSite","@id":"https:\/\/purecosmetics-shop.com\/accueil\/#website","url":"https:\/\/purecosmetics-shop.com\/accueil\/","name":"Pure Cosmetics","description":"Skincare cor\u00e9enne et japonais","publisher":{"@id":"https:\/\/purecosmetics-shop.com\/accueil\/#organization"},"potentialAction":[{"@type":"SearchAction","target":{"@type":"EntryPoint","urlTemplate":"https:\/\/purecosmetics-shop.com\/accueil\/?s={search_term_string}"},"query-input":{"@type":"PropertyValueSpecification","valueRequired":true,"valueName":"search_term_string"}}],"inLanguage":"fr-FR"},{"@type":"Organization","@id":"https:\/\/purecosmetics-shop.com\/accueil\/#organization","name":"Pure Cosmetics","url":"https:\/\/purecosmetics-shop.com\/accueil\/","logo":{"@type":"ImageObject","inLanguage":"fr-FR","@id":"https:\/\/purecosmetics-shop.com\/accueil\/#\/schema\/logo\/image\/","url":"https:\/\/purecosmetics-shop.com\/wp-content\/uploads\/2025\/04\/cropped-Pure-Cosmetics-black-2.png","contentUrl":"https:\/\/purecosmetics-shop.com\/wp-content\/uploads\/2025\/04\/cropped-Pure-Cosmetics-black-2.png","width":2362,"height":2324,"caption":"Pure Cosmetics"},"image":{"@id":"https:\/\/purecosmetics-shop.com\/accueil\/#\/schema\/logo\/image\/"}}]}},"jetpack_sharing_enabled":true,"_links":{"self":[{"href":"https:\/\/purecosmetics-shop.com\/accueil\/wp-json\/wp\/v2\/product\/2735","targetHints":{"allow":["GET"]}}],"collection":[{"href":"https:\/\/purecosmetics-shop.com\/accueil\/wp-json\/wp\/v2\/product"}],"about":[{"href":"https:\/\/purecosmetics-shop.com\/accueil\/wp-json\/wp\/v2\/types\/product"}],"replies":[{"embeddable":true,"href":"https:\/\/purecosmetics-shop.com\/accueil\/wp-json\/wp\/v2\/comments?post=2735"}],"version-history":[{"count":2,"href":"https:\/\/purecosmetics-shop.com\/accueil\/wp-json\/wp\/v2\/product\/2735\/revisions"}],"predecessor-version":[{"id":2750,"href":"https:\/\/purecosmetics-shop.com\/accueil\/wp-json\/wp\/v2\/product\/2735\/revisions\/2750"}],"wp:featuredmedia":[{"embeddable":true,"href":"https:\/\/purecosmetics-shop.com\/accueil\/wp-json\/wp\/v2\/media\/2736"}],"wp:attachment":[{"href":"https:\/\/purecosmetics-shop.com\/accueil\/wp-json\/wp\/v2\/media?parent=2735"}],"wp:term":[{"taxonomy":"product_brand","embeddable":true,"href":"https:\/\/purecosmetics-shop.com\/accueil\/wp-json\/wp\/v2\/product_brand?post=2735"},{"taxonomy":"product_cat","embeddable":true,"href":"https:\/\/purecosmetics-shop.com\/accueil\/wp-json\/wp\/v2\/product_cat?post=2735"},{"taxonomy":"product_tag","embeddable":true,"href":"https:\/\/purecosmetics-shop.com\/accueil\/wp-json\/wp\/v2\/product_tag?post=2735"}],"curies":[{"name":"wp","href":"https:\/\/api.w.org\/{rel}","templated":true}]}}