{"id":273,"date":"2024-07-26T21:17:50","date_gmt":"2024-07-27T01:17:50","guid":{"rendered":"https:\/\/purecosmetics-shop.com\/accueil\/?post_type=product&#038;p=273"},"modified":"2026-04-19T16:45:33","modified_gmt":"2026-04-19T20:45:33","slug":"celimax-jiwoogae-heartleaf-bha-peeling-pad","status":"publish","type":"product","link":"https:\/\/purecosmetics-shop.com\/accueil\/produit\/celimax-jiwoogae-heartleaf-bha-peeling-pad\/","title":{"rendered":"JI WOO GAE Heartleaf BHA Peeling Pad"},"content":{"rendered":"<h2>Bienfaits et avantages\u00a0:<\/h2>\n<ul>\n<li>Ces disques multit\u00e2ches impr\u00e9gn\u00e9s de tonique \u00e0 base d&rsquo;acide hyaluronique \u00e9liminent les impuret\u00e9s de la peau telles que la salet\u00e9 et les cellules mortes.<\/li>\n<li>Formul\u00e9 en douceur et contenant des ingr\u00e9dients qui favorisent la p\u00e9n\u00e9tration cutan\u00e9e, il convient \u00e0 un usage quotidien.<\/li>\n<li>Le BHA aide \u00e0 exfolier les cellules mortes et le s\u00e9bum sans provoquer de stimulation.<\/li>\n<li>Contient de l&rsquo;extrait d&rsquo;Houttuynia Cordata d&rsquo;origine naturelle pour apaiser et am\u00e9liorer la texture de la peau.<\/li>\n<li>L&rsquo;acide hyaluronique, doux et respectueux de la peau, p\u00e9n\u00e8tre en profondeur dans la peau pour une hydratation durable.<\/li>\n<\/ul>\n<h2>Utilisation :<\/h2>\n<ol>\n<li>Passez d\u00e9licatement le c\u00f4t\u00e9 gaufr\u00e9 sur tout le visage en suivant la texture de la peau.<\/li>\n<li>Utilisez ensuite le c\u00f4t\u00e9 gaze pour essuyer la zone du nez et du menton lorsque la s\u00e9cr\u00e9tion de s\u00e9bum est active.<\/li>\n<\/ol>\n","protected":false},"excerpt":{"rendered":"<p>Ces pad peeling sont formul\u00e9s \u00e0 base de BHA pour \u00e9liminer les cellules mortes de la peau et r\u00e9v\u00e9ler une peau lisse et lumineuse. Enrichis en acide hyaluronique et en extrait d&rsquo;houttuynia cordata, ils apaisent et hydratent la peau. Passez la face gaufr\u00e9e sur le visage pour \u00e9liminer les impuret\u00e9s et hydrater la peau, puis passez la face en gaze sur la zone T pour exfolier les points noirs et les cellules mortes.<\/p>\n","protected":false},"featured_media":3921,"comment_status":"open","ping_status":"closed","template":"","meta":[],"product_brand":[161],"product_cat":[108,191,24,113,114,115,116,119],"product_tag":[],"class_list":{"0":"post-273","1":"product","2":"type-product","3":"status-publish","4":"has-post-thumbnail","6":"product_brand-celimax","7":"product_cat-anti-imperfections-et-pores","8":"product_cat-exfoliant","9":"product_cat-pad","10":"product_cat-peau-a-tendance-acneique","11":"product_cat-peau-granuleuse","12":"product_cat-peau-grasse","13":"product_cat-peau-mixte","14":"product_cat-peau-sensible","16":"first","17":"instock","18":"shipping-taxable","19":"purchasable","20":"product-type-simple"},"yoast_head":"<!-- This site is optimized with the Yoast SEO plugin v27.4 - https:\/\/yoast.com\/product\/yoast-seo-wordpress\/ -->\n<title>JI WOO GAE Heartleaf BHA Peeling Pad - Pure Cosmetics<\/title>\n<meta name=\"description\" content=\"Ces disques peeling sont formul\u00e9s \u00e0 base de BHA pour \u00e9liminer les cellules mortes de la peau et r\u00e9v\u00e9ler une peau lisse et lumineuse. Enrichis en acide hyaluronique et en extrait d&#039;houttuynia cordata, ils apaisent et hydratent la peau. Passez la face gaufr\u00e9e sur le visage pour \u00e9liminer les impuret\u00e9s et hydrater la peau, puis passez la face en gaze sur la zone T pour exfolier les points noirs et les cellules mortes.\" \/>\n<meta name=\"robots\" content=\"index, follow, max-snippet:-1, max-image-preview:large, max-video-preview:-1\" \/>\n<link rel=\"canonical\" href=\"https:\/\/purecosmetics-shop.com\/accueil\/produit\/celimax-jiwoogae-heartleaf-bha-peeling-pad\/\" \/>\n<meta property=\"og:locale\" content=\"fr_FR\" \/>\n<meta property=\"og:type\" content=\"article\" \/>\n<meta property=\"og:title\" content=\"JI WOO GAE Heartleaf BHA Peeling Pad - Pure Cosmetics\" \/>\n<meta property=\"og:description\" content=\"Ces disques peeling sont formul\u00e9s \u00e0 base de BHA pour \u00e9liminer les cellules mortes de la peau et r\u00e9v\u00e9ler une peau lisse et lumineuse. Enrichis en acide hyaluronique et en extrait d&#039;houttuynia cordata, ils apaisent et hydratent la peau. Passez la face gaufr\u00e9e sur le visage pour \u00e9liminer les impuret\u00e9s et hydrater la peau, puis passez la face en gaze sur la zone T pour exfolier les points noirs et les cellules mortes.\" \/>\n<meta property=\"og:url\" content=\"https:\/\/purecosmetics-shop.com\/accueil\/produit\/celimax-jiwoogae-heartleaf-bha-peeling-pad\/\" \/>\n<meta property=\"og:site_name\" content=\"Pure Cosmetics\" \/>\n<meta property=\"article:modified_time\" content=\"2026-04-19T20:45:33+00:00\" \/>\n<meta property=\"og:image\" content=\"https:\/\/purecosmetics-shop.com\/wp-content\/uploads\/2024\/07\/CELIMAX-Heartleaf-BHA-Peeling-Pad.webp\" \/>\n\t<meta property=\"og:image:width\" content=\"800\" \/>\n\t<meta property=\"og:image:height\" content=\"800\" \/>\n\t<meta property=\"og:image:type\" content=\"image\/webp\" \/>\n<meta name=\"twitter:card\" content=\"summary_large_image\" \/>\n<meta name=\"twitter:label1\" content=\"Dur\u00e9e de lecture estim\u00e9e\" \/>\n\t<meta name=\"twitter:data1\" content=\"1 minute\" \/>\n<script type=\"application\/ld+json\" class=\"yoast-schema-graph\">{\"@context\":\"https:\\\/\\\/schema.org\",\"@graph\":[{\"@type\":\"WebPage\",\"@id\":\"https:\\\/\\\/purecosmetics-shop.com\\\/accueil\\\/produit\\\/celimax-jiwoogae-heartleaf-bha-peeling-pad\\\/\",\"url\":\"https:\\\/\\\/purecosmetics-shop.com\\\/accueil\\\/produit\\\/celimax-jiwoogae-heartleaf-bha-peeling-pad\\\/\",\"name\":\"JI WOO GAE Heartleaf BHA Peeling Pad - Pure Cosmetics\",\"isPartOf\":{\"@id\":\"https:\\\/\\\/purecosmetics-shop.com\\\/accueil\\\/#website\"},\"primaryImageOfPage\":{\"@id\":\"https:\\\/\\\/purecosmetics-shop.com\\\/accueil\\\/produit\\\/celimax-jiwoogae-heartleaf-bha-peeling-pad\\\/#primaryimage\"},\"image\":{\"@id\":\"https:\\\/\\\/purecosmetics-shop.com\\\/accueil\\\/produit\\\/celimax-jiwoogae-heartleaf-bha-peeling-pad\\\/#primaryimage\"},\"thumbnailUrl\":\"https:\\\/\\\/purecosmetics-shop.com\\\/wp-content\\\/uploads\\\/2024\\\/07\\\/CELIMAX-Heartleaf-BHA-Peeling-Pad.webp\",\"datePublished\":\"2024-07-27T01:17:50+00:00\",\"dateModified\":\"2026-04-19T20:45:33+00:00\",\"description\":\"Ces disques peeling sont formul\u00e9s \u00e0 base de BHA pour \u00e9liminer les cellules mortes de la peau et r\u00e9v\u00e9ler une peau lisse et lumineuse. Enrichis en acide hyaluronique et en extrait d'houttuynia cordata, ils apaisent et hydratent la peau. Passez la face gaufr\u00e9e sur le visage pour \u00e9liminer les impuret\u00e9s et hydrater la peau, puis passez la face en gaze sur la zone T pour exfolier les points noirs et les cellules mortes.\",\"breadcrumb\":{\"@id\":\"https:\\\/\\\/purecosmetics-shop.com\\\/accueil\\\/produit\\\/celimax-jiwoogae-heartleaf-bha-peeling-pad\\\/#breadcrumb\"},\"inLanguage\":\"fr-FR\",\"potentialAction\":[{\"@type\":\"ReadAction\",\"target\":[\"https:\\\/\\\/purecosmetics-shop.com\\\/accueil\\\/produit\\\/celimax-jiwoogae-heartleaf-bha-peeling-pad\\\/\"]}]},{\"@type\":\"ImageObject\",\"inLanguage\":\"fr-FR\",\"@id\":\"https:\\\/\\\/purecosmetics-shop.com\\\/accueil\\\/produit\\\/celimax-jiwoogae-heartleaf-bha-peeling-pad\\\/#primaryimage\",\"url\":\"https:\\\/\\\/purecosmetics-shop.com\\\/wp-content\\\/uploads\\\/2024\\\/07\\\/CELIMAX-Heartleaf-BHA-Peeling-Pad.webp\",\"contentUrl\":\"https:\\\/\\\/purecosmetics-shop.com\\\/wp-content\\\/uploads\\\/2024\\\/07\\\/CELIMAX-Heartleaf-BHA-Peeling-Pad.webp\",\"width\":800,\"height\":800},{\"@type\":\"BreadcrumbList\",\"@id\":\"https:\\\/\\\/purecosmetics-shop.com\\\/accueil\\\/produit\\\/celimax-jiwoogae-heartleaf-bha-peeling-pad\\\/#breadcrumb\",\"itemListElement\":[{\"@type\":\"ListItem\",\"position\":1,\"name\":\"Accueil\",\"item\":\"https:\\\/\\\/purecosmetics-shop.com\\\/accueil\\\/\"},{\"@type\":\"ListItem\",\"position\":2,\"name\":\"NOUVEAUT\u00c9S\",\"item\":\"https:\\\/\\\/purecosmetics-shop.com\\\/accueil\\\/nouveautes\\\/\"},{\"@type\":\"ListItem\",\"position\":3,\"name\":\"JI WOO GAE Heartleaf BHA Peeling Pad\"}]},{\"@type\":\"WebSite\",\"@id\":\"https:\\\/\\\/purecosmetics-shop.com\\\/accueil\\\/#website\",\"url\":\"https:\\\/\\\/purecosmetics-shop.com\\\/accueil\\\/\",\"name\":\"Pure Cosmetics\",\"description\":\"Skincare cor\u00e9enne et japonais\",\"publisher\":{\"@id\":\"https:\\\/\\\/purecosmetics-shop.com\\\/accueil\\\/#organization\"},\"potentialAction\":[{\"@type\":\"SearchAction\",\"target\":{\"@type\":\"EntryPoint\",\"urlTemplate\":\"https:\\\/\\\/purecosmetics-shop.com\\\/accueil\\\/?s={search_term_string}\"},\"query-input\":{\"@type\":\"PropertyValueSpecification\",\"valueRequired\":true,\"valueName\":\"search_term_string\"}}],\"inLanguage\":\"fr-FR\"},{\"@type\":\"Organization\",\"@id\":\"https:\\\/\\\/purecosmetics-shop.com\\\/accueil\\\/#organization\",\"name\":\"Pure Cosmetics\",\"url\":\"https:\\\/\\\/purecosmetics-shop.com\\\/accueil\\\/\",\"logo\":{\"@type\":\"ImageObject\",\"inLanguage\":\"fr-FR\",\"@id\":\"https:\\\/\\\/purecosmetics-shop.com\\\/accueil\\\/#\\\/schema\\\/logo\\\/image\\\/\",\"url\":\"https:\\\/\\\/purecosmetics-shop.com\\\/wp-content\\\/uploads\\\/2025\\\/04\\\/cropped-Pure-Cosmetics-black-2.png\",\"contentUrl\":\"https:\\\/\\\/purecosmetics-shop.com\\\/wp-content\\\/uploads\\\/2025\\\/04\\\/cropped-Pure-Cosmetics-black-2.png\",\"width\":2362,\"height\":2324,\"caption\":\"Pure Cosmetics\"},\"image\":{\"@id\":\"https:\\\/\\\/purecosmetics-shop.com\\\/accueil\\\/#\\\/schema\\\/logo\\\/image\\\/\"}}]}<\/script>\n<!-- \/ Yoast SEO plugin. -->","yoast_head_json":{"title":"JI WOO GAE Heartleaf BHA Peeling Pad - Pure Cosmetics","description":"Ces disques peeling sont formul\u00e9s \u00e0 base de BHA pour \u00e9liminer les cellules mortes de la peau et r\u00e9v\u00e9ler une peau lisse et lumineuse. Enrichis en acide hyaluronique et en extrait d'houttuynia cordata, ils apaisent et hydratent la peau. Passez la face gaufr\u00e9e sur le visage pour \u00e9liminer les impuret\u00e9s et hydrater la peau, puis passez la face en gaze sur la zone T pour exfolier les points noirs et les cellules mortes.","robots":{"index":"index","follow":"follow","max-snippet":"max-snippet:-1","max-image-preview":"max-image-preview:large","max-video-preview":"max-video-preview:-1"},"canonical":"https:\/\/purecosmetics-shop.com\/accueil\/produit\/celimax-jiwoogae-heartleaf-bha-peeling-pad\/","og_locale":"fr_FR","og_type":"article","og_title":"JI WOO GAE Heartleaf BHA Peeling Pad - Pure Cosmetics","og_description":"Ces disques peeling sont formul\u00e9s \u00e0 base de BHA pour \u00e9liminer les cellules mortes de la peau et r\u00e9v\u00e9ler une peau lisse et lumineuse. Enrichis en acide hyaluronique et en extrait d'houttuynia cordata, ils apaisent et hydratent la peau. Passez la face gaufr\u00e9e sur le visage pour \u00e9liminer les impuret\u00e9s et hydrater la peau, puis passez la face en gaze sur la zone T pour exfolier les points noirs et les cellules mortes.","og_url":"https:\/\/purecosmetics-shop.com\/accueil\/produit\/celimax-jiwoogae-heartleaf-bha-peeling-pad\/","og_site_name":"Pure Cosmetics","article_modified_time":"2026-04-19T20:45:33+00:00","og_image":[{"width":800,"height":800,"url":"https:\/\/purecosmetics-shop.com\/wp-content\/uploads\/2024\/07\/CELIMAX-Heartleaf-BHA-Peeling-Pad.webp","type":"image\/webp"}],"twitter_card":"summary_large_image","twitter_misc":{"Dur\u00e9e de lecture estim\u00e9e":"1 minute"},"schema":{"@context":"https:\/\/schema.org","@graph":[{"@type":"WebPage","@id":"https:\/\/purecosmetics-shop.com\/accueil\/produit\/celimax-jiwoogae-heartleaf-bha-peeling-pad\/","url":"https:\/\/purecosmetics-shop.com\/accueil\/produit\/celimax-jiwoogae-heartleaf-bha-peeling-pad\/","name":"JI WOO GAE Heartleaf BHA Peeling Pad - Pure Cosmetics","isPartOf":{"@id":"https:\/\/purecosmetics-shop.com\/accueil\/#website"},"primaryImageOfPage":{"@id":"https:\/\/purecosmetics-shop.com\/accueil\/produit\/celimax-jiwoogae-heartleaf-bha-peeling-pad\/#primaryimage"},"image":{"@id":"https:\/\/purecosmetics-shop.com\/accueil\/produit\/celimax-jiwoogae-heartleaf-bha-peeling-pad\/#primaryimage"},"thumbnailUrl":"https:\/\/purecosmetics-shop.com\/wp-content\/uploads\/2024\/07\/CELIMAX-Heartleaf-BHA-Peeling-Pad.webp","datePublished":"2024-07-27T01:17:50+00:00","dateModified":"2026-04-19T20:45:33+00:00","description":"Ces disques peeling sont formul\u00e9s \u00e0 base de BHA pour \u00e9liminer les cellules mortes de la peau et r\u00e9v\u00e9ler une peau lisse et lumineuse. Enrichis en acide hyaluronique et en extrait d'houttuynia cordata, ils apaisent et hydratent la peau. Passez la face gaufr\u00e9e sur le visage pour \u00e9liminer les impuret\u00e9s et hydrater la peau, puis passez la face en gaze sur la zone T pour exfolier les points noirs et les cellules mortes.","breadcrumb":{"@id":"https:\/\/purecosmetics-shop.com\/accueil\/produit\/celimax-jiwoogae-heartleaf-bha-peeling-pad\/#breadcrumb"},"inLanguage":"fr-FR","potentialAction":[{"@type":"ReadAction","target":["https:\/\/purecosmetics-shop.com\/accueil\/produit\/celimax-jiwoogae-heartleaf-bha-peeling-pad\/"]}]},{"@type":"ImageObject","inLanguage":"fr-FR","@id":"https:\/\/purecosmetics-shop.com\/accueil\/produit\/celimax-jiwoogae-heartleaf-bha-peeling-pad\/#primaryimage","url":"https:\/\/purecosmetics-shop.com\/wp-content\/uploads\/2024\/07\/CELIMAX-Heartleaf-BHA-Peeling-Pad.webp","contentUrl":"https:\/\/purecosmetics-shop.com\/wp-content\/uploads\/2024\/07\/CELIMAX-Heartleaf-BHA-Peeling-Pad.webp","width":800,"height":800},{"@type":"BreadcrumbList","@id":"https:\/\/purecosmetics-shop.com\/accueil\/produit\/celimax-jiwoogae-heartleaf-bha-peeling-pad\/#breadcrumb","itemListElement":[{"@type":"ListItem","position":1,"name":"Accueil","item":"https:\/\/purecosmetics-shop.com\/accueil\/"},{"@type":"ListItem","position":2,"name":"NOUVEAUT\u00c9S","item":"https:\/\/purecosmetics-shop.com\/accueil\/nouveautes\/"},{"@type":"ListItem","position":3,"name":"JI WOO GAE Heartleaf BHA Peeling Pad"}]},{"@type":"WebSite","@id":"https:\/\/purecosmetics-shop.com\/accueil\/#website","url":"https:\/\/purecosmetics-shop.com\/accueil\/","name":"Pure Cosmetics","description":"Skincare cor\u00e9enne et japonais","publisher":{"@id":"https:\/\/purecosmetics-shop.com\/accueil\/#organization"},"potentialAction":[{"@type":"SearchAction","target":{"@type":"EntryPoint","urlTemplate":"https:\/\/purecosmetics-shop.com\/accueil\/?s={search_term_string}"},"query-input":{"@type":"PropertyValueSpecification","valueRequired":true,"valueName":"search_term_string"}}],"inLanguage":"fr-FR"},{"@type":"Organization","@id":"https:\/\/purecosmetics-shop.com\/accueil\/#organization","name":"Pure Cosmetics","url":"https:\/\/purecosmetics-shop.com\/accueil\/","logo":{"@type":"ImageObject","inLanguage":"fr-FR","@id":"https:\/\/purecosmetics-shop.com\/accueil\/#\/schema\/logo\/image\/","url":"https:\/\/purecosmetics-shop.com\/wp-content\/uploads\/2025\/04\/cropped-Pure-Cosmetics-black-2.png","contentUrl":"https:\/\/purecosmetics-shop.com\/wp-content\/uploads\/2025\/04\/cropped-Pure-Cosmetics-black-2.png","width":2362,"height":2324,"caption":"Pure Cosmetics"},"image":{"@id":"https:\/\/purecosmetics-shop.com\/accueil\/#\/schema\/logo\/image\/"}}]}},"jetpack_sharing_enabled":true,"_links":{"self":[{"href":"https:\/\/purecosmetics-shop.com\/accueil\/wp-json\/wp\/v2\/product\/273","targetHints":{"allow":["GET"]}}],"collection":[{"href":"https:\/\/purecosmetics-shop.com\/accueil\/wp-json\/wp\/v2\/product"}],"about":[{"href":"https:\/\/purecosmetics-shop.com\/accueil\/wp-json\/wp\/v2\/types\/product"}],"replies":[{"embeddable":true,"href":"https:\/\/purecosmetics-shop.com\/accueil\/wp-json\/wp\/v2\/comments?post=273"}],"version-history":[{"count":4,"href":"https:\/\/purecosmetics-shop.com\/accueil\/wp-json\/wp\/v2\/product\/273\/revisions"}],"predecessor-version":[{"id":286,"href":"https:\/\/purecosmetics-shop.com\/accueil\/wp-json\/wp\/v2\/product\/273\/revisions\/286"}],"wp:featuredmedia":[{"embeddable":true,"href":"https:\/\/purecosmetics-shop.com\/accueil\/wp-json\/wp\/v2\/media\/3921"}],"wp:attachment":[{"href":"https:\/\/purecosmetics-shop.com\/accueil\/wp-json\/wp\/v2\/media?parent=273"}],"wp:term":[{"taxonomy":"product_brand","embeddable":true,"href":"https:\/\/purecosmetics-shop.com\/accueil\/wp-json\/wp\/v2\/product_brand?post=273"},{"taxonomy":"product_cat","embeddable":true,"href":"https:\/\/purecosmetics-shop.com\/accueil\/wp-json\/wp\/v2\/product_cat?post=273"},{"taxonomy":"product_tag","embeddable":true,"href":"https:\/\/purecosmetics-shop.com\/accueil\/wp-json\/wp\/v2\/product_tag?post=273"}],"curies":[{"name":"wp","href":"https:\/\/api.w.org\/{rel}","templated":true}]}}