{"id":264,"date":"2024-07-26T19:42:16","date_gmt":"2024-07-26T23:42:16","guid":{"rendered":"https:\/\/purecosmetics-shop.com\/accueil\/?post_type=product&#038;p=264"},"modified":"2026-04-16T14:25:11","modified_gmt":"2026-04-16T18:25:11","slug":"biodance-bio-collagen-real-deep-mask","status":"publish","type":"product","link":"https:\/\/purecosmetics-shop.com\/accueil\/produit\/biodance-bio-collagen-real-deep-mask\/","title":{"rendered":"Bio-Collagen Real Deep Mask"},"content":{"rendered":"<h2>Ce masque au collag\u00e8ne probiotique contient:<\/h2>\n<ul>\n<li>50 000 PPM de filtrat de ferment Galactomyces : pour favoriser l&rsquo;hydratation, l&rsquo;\u00e9lasticit\u00e9 et l&rsquo;\u00e9clat de la peau<\/li>\n<li>50 000 PPM de collag\u00e8ne de tr\u00e8s faible poids mol\u00e9culaire : pour maximiser la p\u00e9n\u00e9tration et l&rsquo;absorption<\/li>\n<li>5 % d&rsquo;acide oligohyaluronique : pour un puissant effet hydratant instantan\u00e9<\/li>\n<li>Triple complexe probiotique : r\u00e9gule l&rsquo;\u00e9quilibre entre les bact\u00e9ries b\u00e9n\u00e9fiques et nocives, contribuant \u00e0 la vitalit\u00e9 de la peau<\/li>\n<\/ul>\n<h2>Hypoallerg\u00e9nique<\/h2>\n<h2>Types de peau<\/h2>\n<p>Tous types de peau, y compris peau sensible<\/p>\n<h2><b>Bien fait<\/b><\/h2>\n<p>Perte d&rsquo;\u00e9lasticit\u00e9 de la peau, peau s\u00e8che, teint in\u00e9gal, rougeurs, exc\u00e8s de s\u00e9bum, pores dilat\u00e9s<\/p>\n<div>\n<div class=\"summary__title\">\n<h2 class=\"h4 accordion__title inline-richtext\">Comment l&rsquo;utiliser<\/h2>\n<p class=\"h4 accordion__title inline-richtext\">1. Apr\u00e8s avoir termin\u00e9 ta routine skincare, applique le masque au collag\u00e8ne sur ton visage<\/p>\n<\/div>\n<\/div>\n<div id=\"ProductAccordion-7acfa638-14ba-4c71-a211-c17d5c40ea79-template--20367038644558__main\" class=\"accordion__content rte\">\n<p><span class=\"metafield-multi_line_text_field\">2. Laisse-le absorber pendant environ 3~4 heures avant de le retirer<\/span><\/p>\n<p>Conseil : l&rsquo;appliquer comme masque pendant la nuit \u00e0 la derni\u00e8re \u00e9tape de ta routine skincare le rendra encore plus efficace<\/p>\n<\/div>\n","protected":false},"excerpt":{"rendered":"<p>Le masque visage Biodance Bio-Collagen Real Deep Mask resserre les pores et fournit une hydratation imm\u00e9diate. Il s&rsquo;agit d&rsquo;un soin rapide qui diminue l&rsquo;apparence des pores.<br \/>\nL&rsquo;essence 34G est absorb\u00e9e par la peau et, au fil du temps, elle devient un hydrogel transparent. L&rsquo;essence est absorb\u00e9e en profondeur par la peau, ce qui permet d&rsquo;obtenir une peau ferme et \u00e9clatante.<\/p>\n","protected":false},"featured_media":3917,"comment_status":"open","ping_status":"closed","template":"","meta":[],"product_brand":[160],"product_cat":[107,108,109,110,112,23,115,116,117,118,119],"product_tag":[],"class_list":{"0":"post-264","1":"product","2":"type-product","3":"status-publish","4":"has-post-thumbnail","6":"product_brand-biodance","7":"product_cat-anti-age-et-elasticite","8":"product_cat-anti-imperfections-et-pores","9":"product_cat-anti-rougeurs-et-irritations","10":"product_cat-anti-tache-et-hyperpigmentation","11":"product_cat-hydratation","12":"product_cat-masque","13":"product_cat-peau-grasse","14":"product_cat-peau-mixte","15":"product_cat-peau-normale","16":"product_cat-peau-seche","17":"product_cat-peau-sensible","19":"first","20":"instock","21":"shipping-taxable","22":"purchasable","23":"product-type-simple"},"yoast_head":"<!-- This site is optimized with the Yoast SEO plugin v27.4 - https:\/\/yoast.com\/product\/yoast-seo-wordpress\/ -->\n<title>Bio-Collagen Real Deep Mask - Pure Cosmetics<\/title>\n<meta name=\"description\" content=\"Le masque visage Biodance Bio-Collagen Real Deep Mask resserre les pores et fournit une hydratation imm\u00e9diate. Il s&#039;agit d&#039;un soin rapide qui diminue l&#039;apparence des pores.L&#039;essence 34G est absorb\u00e9e par la peau et, au fil du temps, elle devient un hydrogel transparent. L&#039;essence est absorb\u00e9e en profondeur par la peau, ce qui permet d&#039;obtenir une peau ferme et \u00e9clatante.\" \/>\n<meta name=\"robots\" content=\"index, follow, max-snippet:-1, max-image-preview:large, max-video-preview:-1\" \/>\n<link rel=\"canonical\" href=\"https:\/\/purecosmetics-shop.com\/accueil\/produit\/biodance-bio-collagen-real-deep-mask\/\" \/>\n<meta property=\"og:locale\" content=\"fr_FR\" \/>\n<meta property=\"og:type\" content=\"article\" \/>\n<meta property=\"og:title\" content=\"Bio-Collagen Real Deep Mask - Pure Cosmetics\" \/>\n<meta property=\"og:description\" content=\"Le masque visage Biodance Bio-Collagen Real Deep Mask resserre les pores et fournit une hydratation imm\u00e9diate. Il s&#039;agit d&#039;un soin rapide qui diminue l&#039;apparence des pores.L&#039;essence 34G est absorb\u00e9e par la peau et, au fil du temps, elle devient un hydrogel transparent. L&#039;essence est absorb\u00e9e en profondeur par la peau, ce qui permet d&#039;obtenir une peau ferme et \u00e9clatante.\" \/>\n<meta property=\"og:url\" content=\"https:\/\/purecosmetics-shop.com\/accueil\/produit\/biodance-bio-collagen-real-deep-mask\/\" \/>\n<meta property=\"og:site_name\" content=\"Pure Cosmetics\" \/>\n<meta property=\"article:modified_time\" content=\"2026-04-16T18:25:11+00:00\" \/>\n<meta property=\"og:image\" content=\"https:\/\/purecosmetics-shop.com\/wp-content\/uploads\/2024\/07\/BIODANCE-Bio-Collagen-Real-Deep-Mask.webp\" \/>\n\t<meta property=\"og:image:width\" content=\"1024\" \/>\n\t<meta property=\"og:image:height\" content=\"1024\" \/>\n\t<meta property=\"og:image:type\" content=\"image\/webp\" \/>\n<meta name=\"twitter:card\" content=\"summary_large_image\" \/>\n<meta name=\"twitter:label1\" content=\"Dur\u00e9e de lecture estim\u00e9e\" \/>\n\t<meta name=\"twitter:data1\" content=\"1 minute\" \/>\n<script type=\"application\/ld+json\" class=\"yoast-schema-graph\">{\"@context\":\"https:\\\/\\\/schema.org\",\"@graph\":[{\"@type\":\"WebPage\",\"@id\":\"https:\\\/\\\/purecosmetics-shop.com\\\/accueil\\\/produit\\\/biodance-bio-collagen-real-deep-mask\\\/\",\"url\":\"https:\\\/\\\/purecosmetics-shop.com\\\/accueil\\\/produit\\\/biodance-bio-collagen-real-deep-mask\\\/\",\"name\":\"Bio-Collagen Real Deep Mask - Pure Cosmetics\",\"isPartOf\":{\"@id\":\"https:\\\/\\\/purecosmetics-shop.com\\\/accueil\\\/#website\"},\"primaryImageOfPage\":{\"@id\":\"https:\\\/\\\/purecosmetics-shop.com\\\/accueil\\\/produit\\\/biodance-bio-collagen-real-deep-mask\\\/#primaryimage\"},\"image\":{\"@id\":\"https:\\\/\\\/purecosmetics-shop.com\\\/accueil\\\/produit\\\/biodance-bio-collagen-real-deep-mask\\\/#primaryimage\"},\"thumbnailUrl\":\"https:\\\/\\\/purecosmetics-shop.com\\\/wp-content\\\/uploads\\\/2024\\\/07\\\/BIODANCE-Bio-Collagen-Real-Deep-Mask.webp\",\"datePublished\":\"2024-07-26T23:42:16+00:00\",\"dateModified\":\"2026-04-16T18:25:11+00:00\",\"description\":\"Le masque visage Biodance Bio-Collagen Real Deep Mask resserre les pores et fournit une hydratation imm\u00e9diate. Il s'agit d'un soin rapide qui diminue l'apparence des pores.L'essence 34G est absorb\u00e9e par la peau et, au fil du temps, elle devient un hydrogel transparent. L'essence est absorb\u00e9e en profondeur par la peau, ce qui permet d'obtenir une peau ferme et \u00e9clatante.\",\"breadcrumb\":{\"@id\":\"https:\\\/\\\/purecosmetics-shop.com\\\/accueil\\\/produit\\\/biodance-bio-collagen-real-deep-mask\\\/#breadcrumb\"},\"inLanguage\":\"fr-FR\",\"potentialAction\":[{\"@type\":\"ReadAction\",\"target\":[\"https:\\\/\\\/purecosmetics-shop.com\\\/accueil\\\/produit\\\/biodance-bio-collagen-real-deep-mask\\\/\"]}]},{\"@type\":\"ImageObject\",\"inLanguage\":\"fr-FR\",\"@id\":\"https:\\\/\\\/purecosmetics-shop.com\\\/accueil\\\/produit\\\/biodance-bio-collagen-real-deep-mask\\\/#primaryimage\",\"url\":\"https:\\\/\\\/purecosmetics-shop.com\\\/wp-content\\\/uploads\\\/2024\\\/07\\\/BIODANCE-Bio-Collagen-Real-Deep-Mask.webp\",\"contentUrl\":\"https:\\\/\\\/purecosmetics-shop.com\\\/wp-content\\\/uploads\\\/2024\\\/07\\\/BIODANCE-Bio-Collagen-Real-Deep-Mask.webp\",\"width\":1024,\"height\":1024},{\"@type\":\"BreadcrumbList\",\"@id\":\"https:\\\/\\\/purecosmetics-shop.com\\\/accueil\\\/produit\\\/biodance-bio-collagen-real-deep-mask\\\/#breadcrumb\",\"itemListElement\":[{\"@type\":\"ListItem\",\"position\":1,\"name\":\"Accueil\",\"item\":\"https:\\\/\\\/purecosmetics-shop.com\\\/accueil\\\/\"},{\"@type\":\"ListItem\",\"position\":2,\"name\":\"NOUVEAUT\u00c9S\",\"item\":\"https:\\\/\\\/purecosmetics-shop.com\\\/accueil\\\/nouveautes\\\/\"},{\"@type\":\"ListItem\",\"position\":3,\"name\":\"Bio-Collagen Real Deep Mask\"}]},{\"@type\":\"WebSite\",\"@id\":\"https:\\\/\\\/purecosmetics-shop.com\\\/accueil\\\/#website\",\"url\":\"https:\\\/\\\/purecosmetics-shop.com\\\/accueil\\\/\",\"name\":\"Pure Cosmetics\",\"description\":\"Skincare cor\u00e9enne et japonais\",\"publisher\":{\"@id\":\"https:\\\/\\\/purecosmetics-shop.com\\\/accueil\\\/#organization\"},\"potentialAction\":[{\"@type\":\"SearchAction\",\"target\":{\"@type\":\"EntryPoint\",\"urlTemplate\":\"https:\\\/\\\/purecosmetics-shop.com\\\/accueil\\\/?s={search_term_string}\"},\"query-input\":{\"@type\":\"PropertyValueSpecification\",\"valueRequired\":true,\"valueName\":\"search_term_string\"}}],\"inLanguage\":\"fr-FR\"},{\"@type\":\"Organization\",\"@id\":\"https:\\\/\\\/purecosmetics-shop.com\\\/accueil\\\/#organization\",\"name\":\"Pure Cosmetics\",\"url\":\"https:\\\/\\\/purecosmetics-shop.com\\\/accueil\\\/\",\"logo\":{\"@type\":\"ImageObject\",\"inLanguage\":\"fr-FR\",\"@id\":\"https:\\\/\\\/purecosmetics-shop.com\\\/accueil\\\/#\\\/schema\\\/logo\\\/image\\\/\",\"url\":\"https:\\\/\\\/purecosmetics-shop.com\\\/wp-content\\\/uploads\\\/2025\\\/04\\\/cropped-Pure-Cosmetics-black-2.png\",\"contentUrl\":\"https:\\\/\\\/purecosmetics-shop.com\\\/wp-content\\\/uploads\\\/2025\\\/04\\\/cropped-Pure-Cosmetics-black-2.png\",\"width\":2362,\"height\":2324,\"caption\":\"Pure Cosmetics\"},\"image\":{\"@id\":\"https:\\\/\\\/purecosmetics-shop.com\\\/accueil\\\/#\\\/schema\\\/logo\\\/image\\\/\"}}]}<\/script>\n<!-- \/ Yoast SEO plugin. -->","yoast_head_json":{"title":"Bio-Collagen Real Deep Mask - Pure Cosmetics","description":"Le masque visage Biodance Bio-Collagen Real Deep Mask resserre les pores et fournit une hydratation imm\u00e9diate. Il s'agit d'un soin rapide qui diminue l'apparence des pores.L'essence 34G est absorb\u00e9e par la peau et, au fil du temps, elle devient un hydrogel transparent. L'essence est absorb\u00e9e en profondeur par la peau, ce qui permet d'obtenir une peau ferme et \u00e9clatante.","robots":{"index":"index","follow":"follow","max-snippet":"max-snippet:-1","max-image-preview":"max-image-preview:large","max-video-preview":"max-video-preview:-1"},"canonical":"https:\/\/purecosmetics-shop.com\/accueil\/produit\/biodance-bio-collagen-real-deep-mask\/","og_locale":"fr_FR","og_type":"article","og_title":"Bio-Collagen Real Deep Mask - Pure Cosmetics","og_description":"Le masque visage Biodance Bio-Collagen Real Deep Mask resserre les pores et fournit une hydratation imm\u00e9diate. Il s'agit d'un soin rapide qui diminue l'apparence des pores.L'essence 34G est absorb\u00e9e par la peau et, au fil du temps, elle devient un hydrogel transparent. L'essence est absorb\u00e9e en profondeur par la peau, ce qui permet d'obtenir une peau ferme et \u00e9clatante.","og_url":"https:\/\/purecosmetics-shop.com\/accueil\/produit\/biodance-bio-collagen-real-deep-mask\/","og_site_name":"Pure Cosmetics","article_modified_time":"2026-04-16T18:25:11+00:00","og_image":[{"width":1024,"height":1024,"url":"https:\/\/purecosmetics-shop.com\/wp-content\/uploads\/2024\/07\/BIODANCE-Bio-Collagen-Real-Deep-Mask.webp","type":"image\/webp"}],"twitter_card":"summary_large_image","twitter_misc":{"Dur\u00e9e de lecture estim\u00e9e":"1 minute"},"schema":{"@context":"https:\/\/schema.org","@graph":[{"@type":"WebPage","@id":"https:\/\/purecosmetics-shop.com\/accueil\/produit\/biodance-bio-collagen-real-deep-mask\/","url":"https:\/\/purecosmetics-shop.com\/accueil\/produit\/biodance-bio-collagen-real-deep-mask\/","name":"Bio-Collagen Real Deep Mask - Pure Cosmetics","isPartOf":{"@id":"https:\/\/purecosmetics-shop.com\/accueil\/#website"},"primaryImageOfPage":{"@id":"https:\/\/purecosmetics-shop.com\/accueil\/produit\/biodance-bio-collagen-real-deep-mask\/#primaryimage"},"image":{"@id":"https:\/\/purecosmetics-shop.com\/accueil\/produit\/biodance-bio-collagen-real-deep-mask\/#primaryimage"},"thumbnailUrl":"https:\/\/purecosmetics-shop.com\/wp-content\/uploads\/2024\/07\/BIODANCE-Bio-Collagen-Real-Deep-Mask.webp","datePublished":"2024-07-26T23:42:16+00:00","dateModified":"2026-04-16T18:25:11+00:00","description":"Le masque visage Biodance Bio-Collagen Real Deep Mask resserre les pores et fournit une hydratation imm\u00e9diate. Il s'agit d'un soin rapide qui diminue l'apparence des pores.L'essence 34G est absorb\u00e9e par la peau et, au fil du temps, elle devient un hydrogel transparent. L'essence est absorb\u00e9e en profondeur par la peau, ce qui permet d'obtenir une peau ferme et \u00e9clatante.","breadcrumb":{"@id":"https:\/\/purecosmetics-shop.com\/accueil\/produit\/biodance-bio-collagen-real-deep-mask\/#breadcrumb"},"inLanguage":"fr-FR","potentialAction":[{"@type":"ReadAction","target":["https:\/\/purecosmetics-shop.com\/accueil\/produit\/biodance-bio-collagen-real-deep-mask\/"]}]},{"@type":"ImageObject","inLanguage":"fr-FR","@id":"https:\/\/purecosmetics-shop.com\/accueil\/produit\/biodance-bio-collagen-real-deep-mask\/#primaryimage","url":"https:\/\/purecosmetics-shop.com\/wp-content\/uploads\/2024\/07\/BIODANCE-Bio-Collagen-Real-Deep-Mask.webp","contentUrl":"https:\/\/purecosmetics-shop.com\/wp-content\/uploads\/2024\/07\/BIODANCE-Bio-Collagen-Real-Deep-Mask.webp","width":1024,"height":1024},{"@type":"BreadcrumbList","@id":"https:\/\/purecosmetics-shop.com\/accueil\/produit\/biodance-bio-collagen-real-deep-mask\/#breadcrumb","itemListElement":[{"@type":"ListItem","position":1,"name":"Accueil","item":"https:\/\/purecosmetics-shop.com\/accueil\/"},{"@type":"ListItem","position":2,"name":"NOUVEAUT\u00c9S","item":"https:\/\/purecosmetics-shop.com\/accueil\/nouveautes\/"},{"@type":"ListItem","position":3,"name":"Bio-Collagen Real Deep Mask"}]},{"@type":"WebSite","@id":"https:\/\/purecosmetics-shop.com\/accueil\/#website","url":"https:\/\/purecosmetics-shop.com\/accueil\/","name":"Pure Cosmetics","description":"Skincare cor\u00e9enne et japonais","publisher":{"@id":"https:\/\/purecosmetics-shop.com\/accueil\/#organization"},"potentialAction":[{"@type":"SearchAction","target":{"@type":"EntryPoint","urlTemplate":"https:\/\/purecosmetics-shop.com\/accueil\/?s={search_term_string}"},"query-input":{"@type":"PropertyValueSpecification","valueRequired":true,"valueName":"search_term_string"}}],"inLanguage":"fr-FR"},{"@type":"Organization","@id":"https:\/\/purecosmetics-shop.com\/accueil\/#organization","name":"Pure Cosmetics","url":"https:\/\/purecosmetics-shop.com\/accueil\/","logo":{"@type":"ImageObject","inLanguage":"fr-FR","@id":"https:\/\/purecosmetics-shop.com\/accueil\/#\/schema\/logo\/image\/","url":"https:\/\/purecosmetics-shop.com\/wp-content\/uploads\/2025\/04\/cropped-Pure-Cosmetics-black-2.png","contentUrl":"https:\/\/purecosmetics-shop.com\/wp-content\/uploads\/2025\/04\/cropped-Pure-Cosmetics-black-2.png","width":2362,"height":2324,"caption":"Pure Cosmetics"},"image":{"@id":"https:\/\/purecosmetics-shop.com\/accueil\/#\/schema\/logo\/image\/"}}]}},"jetpack_sharing_enabled":true,"_links":{"self":[{"href":"https:\/\/purecosmetics-shop.com\/accueil\/wp-json\/wp\/v2\/product\/264","targetHints":{"allow":["GET"]}}],"collection":[{"href":"https:\/\/purecosmetics-shop.com\/accueil\/wp-json\/wp\/v2\/product"}],"about":[{"href":"https:\/\/purecosmetics-shop.com\/accueil\/wp-json\/wp\/v2\/types\/product"}],"replies":[{"embeddable":true,"href":"https:\/\/purecosmetics-shop.com\/accueil\/wp-json\/wp\/v2\/comments?post=264"}],"version-history":[{"count":3,"href":"https:\/\/purecosmetics-shop.com\/accueil\/wp-json\/wp\/v2\/product\/264\/revisions"}],"predecessor-version":[{"id":272,"href":"https:\/\/purecosmetics-shop.com\/accueil\/wp-json\/wp\/v2\/product\/264\/revisions\/272"}],"wp:featuredmedia":[{"embeddable":true,"href":"https:\/\/purecosmetics-shop.com\/accueil\/wp-json\/wp\/v2\/media\/3917"}],"wp:attachment":[{"href":"https:\/\/purecosmetics-shop.com\/accueil\/wp-json\/wp\/v2\/media?parent=264"}],"wp:term":[{"taxonomy":"product_brand","embeddable":true,"href":"https:\/\/purecosmetics-shop.com\/accueil\/wp-json\/wp\/v2\/product_brand?post=264"},{"taxonomy":"product_cat","embeddable":true,"href":"https:\/\/purecosmetics-shop.com\/accueil\/wp-json\/wp\/v2\/product_cat?post=264"},{"taxonomy":"product_tag","embeddable":true,"href":"https:\/\/purecosmetics-shop.com\/accueil\/wp-json\/wp\/v2\/product_tag?post=264"}],"curies":[{"name":"wp","href":"https:\/\/api.w.org\/{rel}","templated":true}]}}