{"id":256,"date":"2024-07-26T18:43:20","date_gmt":"2024-07-26T22:43:20","guid":{"rendered":"https:\/\/purecosmetics-shop.com\/accueil\/?post_type=product&#038;p=256"},"modified":"2026-04-20T05:29:12","modified_gmt":"2026-04-20T09:29:12","slug":"axis-y-dark-spot-correcting-glow-serum","status":"publish","type":"product","link":"https:\/\/purecosmetics-shop.com\/accueil\/produit\/axis-y-dark-spot-correcting-glow-serum\/","title":{"rendered":"Dark Spot Correcting Glow Serum"},"content":{"rendered":"<h2>Type de peau<\/h2>\n<p>Tous types de peau, peau \u00e0 tendance acn\u00e9ique, peau sensible<\/p>\n<h2>Probl\u00e8me de peau<\/h2>\n<p>Acn\u00e9, peau grasse, texture irr\u00e9guli\u00e8re, hyperpigmentation<\/p>\n<h2>Sensation cutan\u00e9e<\/h2>\n<p>L\u00e9ger, hydratant<\/p>\n","protected":false},"excerpt":{"rendered":"<p>Un s\u00e9rum \u00e0 base de niacinamide \u00e0 5 % qui corrige les taches brunes et am\u00e9liore le teint irr\u00e9gulier. Gr\u00e2ce au squalane d&rsquo;origine v\u00e9g\u00e9tale, ce s\u00e9rum retient l&rsquo;humidit\u00e9 pour garder votre peau \u00e9clatante et saine o\u00f9 que vous alliez.<\/p>\n","protected":false},"featured_media":3903,"comment_status":"open","ping_status":"closed","template":"","meta":[],"product_brand":[158],"product_cat":[113,114,115,119,21],"product_tag":[],"class_list":{"0":"post-256","1":"product","2":"type-product","3":"status-publish","4":"has-post-thumbnail","6":"product_brand-axis-y","7":"product_cat-peau-a-tendance-acneique","8":"product_cat-peau-granuleuse","9":"product_cat-peau-grasse","10":"product_cat-peau-sensible","11":"product_cat-serum","13":"first","14":"instock","15":"shipping-taxable","16":"purchasable","17":"product-type-simple"},"yoast_head":"<!-- This site is optimized with the Yoast SEO plugin v27.4 - https:\/\/yoast.com\/product\/yoast-seo-wordpress\/ -->\n<title>Dark Spot Correcting Glow Serum - Pure Cosmetics<\/title>\n<meta name=\"description\" content=\"Un s\u00e9rum \u00e0 base de niacinamide \u00e0 5 % qui corrige les taches brunes et am\u00e9liore le teint irr\u00e9gulier. Gr\u00e2ce au squalane d&#039;origine v\u00e9g\u00e9tale, ce s\u00e9rum retient l&#039;humidit\u00e9 pour garder votre peau \u00e9clatante et saine o\u00f9 que vous alliez.\" \/>\n<meta name=\"robots\" content=\"index, follow, max-snippet:-1, max-image-preview:large, max-video-preview:-1\" \/>\n<link rel=\"canonical\" href=\"https:\/\/purecosmetics-shop.com\/accueil\/produit\/axis-y-dark-spot-correcting-glow-serum\/\" \/>\n<meta property=\"og:locale\" content=\"fr_FR\" \/>\n<meta property=\"og:type\" content=\"article\" \/>\n<meta property=\"og:title\" content=\"Dark Spot Correcting Glow Serum - Pure Cosmetics\" \/>\n<meta property=\"og:description\" content=\"Un s\u00e9rum \u00e0 base de niacinamide \u00e0 5 % qui corrige les taches brunes et am\u00e9liore le teint irr\u00e9gulier. Gr\u00e2ce au squalane d&#039;origine v\u00e9g\u00e9tale, ce s\u00e9rum retient l&#039;humidit\u00e9 pour garder votre peau \u00e9clatante et saine o\u00f9 que vous alliez.\" \/>\n<meta property=\"og:url\" content=\"https:\/\/purecosmetics-shop.com\/accueil\/produit\/axis-y-dark-spot-correcting-glow-serum\/\" \/>\n<meta property=\"og:site_name\" content=\"Pure Cosmetics\" \/>\n<meta property=\"article:modified_time\" content=\"2026-04-20T09:29:12+00:00\" \/>\n<meta property=\"og:image\" content=\"https:\/\/purecosmetics-shop.com\/wp-content\/uploads\/2024\/07\/AXIS-Y-Dark-Spot-Correcting-Glow-Serum.jpg\" \/>\n\t<meta property=\"og:image:width\" content=\"1500\" \/>\n\t<meta property=\"og:image:height\" content=\"1500\" \/>\n\t<meta property=\"og:image:type\" content=\"image\/jpeg\" \/>\n<meta name=\"twitter:card\" content=\"summary_large_image\" \/>\n<meta name=\"twitter:label1\" content=\"Dur\u00e9e de lecture estim\u00e9e\" \/>\n\t<meta name=\"twitter:data1\" content=\"1 minute\" \/>\n<script type=\"application\/ld+json\" class=\"yoast-schema-graph\">{\"@context\":\"https:\\\/\\\/schema.org\",\"@graph\":[{\"@type\":\"WebPage\",\"@id\":\"https:\\\/\\\/purecosmetics-shop.com\\\/accueil\\\/produit\\\/axis-y-dark-spot-correcting-glow-serum\\\/\",\"url\":\"https:\\\/\\\/purecosmetics-shop.com\\\/accueil\\\/produit\\\/axis-y-dark-spot-correcting-glow-serum\\\/\",\"name\":\"Dark Spot Correcting Glow Serum - Pure Cosmetics\",\"isPartOf\":{\"@id\":\"https:\\\/\\\/purecosmetics-shop.com\\\/accueil\\\/#website\"},\"primaryImageOfPage\":{\"@id\":\"https:\\\/\\\/purecosmetics-shop.com\\\/accueil\\\/produit\\\/axis-y-dark-spot-correcting-glow-serum\\\/#primaryimage\"},\"image\":{\"@id\":\"https:\\\/\\\/purecosmetics-shop.com\\\/accueil\\\/produit\\\/axis-y-dark-spot-correcting-glow-serum\\\/#primaryimage\"},\"thumbnailUrl\":\"https:\\\/\\\/purecosmetics-shop.com\\\/wp-content\\\/uploads\\\/2024\\\/07\\\/AXIS-Y-Dark-Spot-Correcting-Glow-Serum.jpg\",\"datePublished\":\"2024-07-26T22:43:20+00:00\",\"dateModified\":\"2026-04-20T09:29:12+00:00\",\"description\":\"Un s\u00e9rum \u00e0 base de niacinamide \u00e0 5 % qui corrige les taches brunes et am\u00e9liore le teint irr\u00e9gulier. Gr\u00e2ce au squalane d'origine v\u00e9g\u00e9tale, ce s\u00e9rum retient l'humidit\u00e9 pour garder votre peau \u00e9clatante et saine o\u00f9 que vous alliez.\",\"breadcrumb\":{\"@id\":\"https:\\\/\\\/purecosmetics-shop.com\\\/accueil\\\/produit\\\/axis-y-dark-spot-correcting-glow-serum\\\/#breadcrumb\"},\"inLanguage\":\"fr-FR\",\"potentialAction\":[{\"@type\":\"ReadAction\",\"target\":[\"https:\\\/\\\/purecosmetics-shop.com\\\/accueil\\\/produit\\\/axis-y-dark-spot-correcting-glow-serum\\\/\"]}]},{\"@type\":\"ImageObject\",\"inLanguage\":\"fr-FR\",\"@id\":\"https:\\\/\\\/purecosmetics-shop.com\\\/accueil\\\/produit\\\/axis-y-dark-spot-correcting-glow-serum\\\/#primaryimage\",\"url\":\"https:\\\/\\\/purecosmetics-shop.com\\\/wp-content\\\/uploads\\\/2024\\\/07\\\/AXIS-Y-Dark-Spot-Correcting-Glow-Serum.jpg\",\"contentUrl\":\"https:\\\/\\\/purecosmetics-shop.com\\\/wp-content\\\/uploads\\\/2024\\\/07\\\/AXIS-Y-Dark-Spot-Correcting-Glow-Serum.jpg\",\"width\":1500,\"height\":1500,\"caption\":\"AXIS-Y Dark Spot Correcting Glow Serum\"},{\"@type\":\"BreadcrumbList\",\"@id\":\"https:\\\/\\\/purecosmetics-shop.com\\\/accueil\\\/produit\\\/axis-y-dark-spot-correcting-glow-serum\\\/#breadcrumb\",\"itemListElement\":[{\"@type\":\"ListItem\",\"position\":1,\"name\":\"Accueil\",\"item\":\"https:\\\/\\\/purecosmetics-shop.com\\\/accueil\\\/\"},{\"@type\":\"ListItem\",\"position\":2,\"name\":\"NOUVEAUT\u00c9S\",\"item\":\"https:\\\/\\\/purecosmetics-shop.com\\\/accueil\\\/nouveautes\\\/\"},{\"@type\":\"ListItem\",\"position\":3,\"name\":\"Dark Spot Correcting Glow Serum\"}]},{\"@type\":\"WebSite\",\"@id\":\"https:\\\/\\\/purecosmetics-shop.com\\\/accueil\\\/#website\",\"url\":\"https:\\\/\\\/purecosmetics-shop.com\\\/accueil\\\/\",\"name\":\"Pure Cosmetics\",\"description\":\"Skincare cor\u00e9enne et japonais\",\"publisher\":{\"@id\":\"https:\\\/\\\/purecosmetics-shop.com\\\/accueil\\\/#organization\"},\"potentialAction\":[{\"@type\":\"SearchAction\",\"target\":{\"@type\":\"EntryPoint\",\"urlTemplate\":\"https:\\\/\\\/purecosmetics-shop.com\\\/accueil\\\/?s={search_term_string}\"},\"query-input\":{\"@type\":\"PropertyValueSpecification\",\"valueRequired\":true,\"valueName\":\"search_term_string\"}}],\"inLanguage\":\"fr-FR\"},{\"@type\":\"Organization\",\"@id\":\"https:\\\/\\\/purecosmetics-shop.com\\\/accueil\\\/#organization\",\"name\":\"Pure Cosmetics\",\"url\":\"https:\\\/\\\/purecosmetics-shop.com\\\/accueil\\\/\",\"logo\":{\"@type\":\"ImageObject\",\"inLanguage\":\"fr-FR\",\"@id\":\"https:\\\/\\\/purecosmetics-shop.com\\\/accueil\\\/#\\\/schema\\\/logo\\\/image\\\/\",\"url\":\"https:\\\/\\\/purecosmetics-shop.com\\\/wp-content\\\/uploads\\\/2025\\\/04\\\/cropped-Pure-Cosmetics-black-2.png\",\"contentUrl\":\"https:\\\/\\\/purecosmetics-shop.com\\\/wp-content\\\/uploads\\\/2025\\\/04\\\/cropped-Pure-Cosmetics-black-2.png\",\"width\":2362,\"height\":2324,\"caption\":\"Pure Cosmetics\"},\"image\":{\"@id\":\"https:\\\/\\\/purecosmetics-shop.com\\\/accueil\\\/#\\\/schema\\\/logo\\\/image\\\/\"}}]}<\/script>\n<!-- \/ Yoast SEO plugin. -->","yoast_head_json":{"title":"Dark Spot Correcting Glow Serum - Pure Cosmetics","description":"Un s\u00e9rum \u00e0 base de niacinamide \u00e0 5 % qui corrige les taches brunes et am\u00e9liore le teint irr\u00e9gulier. Gr\u00e2ce au squalane d'origine v\u00e9g\u00e9tale, ce s\u00e9rum retient l'humidit\u00e9 pour garder votre peau \u00e9clatante et saine o\u00f9 que vous alliez.","robots":{"index":"index","follow":"follow","max-snippet":"max-snippet:-1","max-image-preview":"max-image-preview:large","max-video-preview":"max-video-preview:-1"},"canonical":"https:\/\/purecosmetics-shop.com\/accueil\/produit\/axis-y-dark-spot-correcting-glow-serum\/","og_locale":"fr_FR","og_type":"article","og_title":"Dark Spot Correcting Glow Serum - Pure Cosmetics","og_description":"Un s\u00e9rum \u00e0 base de niacinamide \u00e0 5 % qui corrige les taches brunes et am\u00e9liore le teint irr\u00e9gulier. Gr\u00e2ce au squalane d'origine v\u00e9g\u00e9tale, ce s\u00e9rum retient l'humidit\u00e9 pour garder votre peau \u00e9clatante et saine o\u00f9 que vous alliez.","og_url":"https:\/\/purecosmetics-shop.com\/accueil\/produit\/axis-y-dark-spot-correcting-glow-serum\/","og_site_name":"Pure Cosmetics","article_modified_time":"2026-04-20T09:29:12+00:00","og_image":[{"width":1500,"height":1500,"url":"https:\/\/purecosmetics-shop.com\/wp-content\/uploads\/2024\/07\/AXIS-Y-Dark-Spot-Correcting-Glow-Serum.jpg","type":"image\/jpeg"}],"twitter_card":"summary_large_image","twitter_misc":{"Dur\u00e9e de lecture estim\u00e9e":"1 minute"},"schema":{"@context":"https:\/\/schema.org","@graph":[{"@type":"WebPage","@id":"https:\/\/purecosmetics-shop.com\/accueil\/produit\/axis-y-dark-spot-correcting-glow-serum\/","url":"https:\/\/purecosmetics-shop.com\/accueil\/produit\/axis-y-dark-spot-correcting-glow-serum\/","name":"Dark Spot Correcting Glow Serum - Pure Cosmetics","isPartOf":{"@id":"https:\/\/purecosmetics-shop.com\/accueil\/#website"},"primaryImageOfPage":{"@id":"https:\/\/purecosmetics-shop.com\/accueil\/produit\/axis-y-dark-spot-correcting-glow-serum\/#primaryimage"},"image":{"@id":"https:\/\/purecosmetics-shop.com\/accueil\/produit\/axis-y-dark-spot-correcting-glow-serum\/#primaryimage"},"thumbnailUrl":"https:\/\/purecosmetics-shop.com\/wp-content\/uploads\/2024\/07\/AXIS-Y-Dark-Spot-Correcting-Glow-Serum.jpg","datePublished":"2024-07-26T22:43:20+00:00","dateModified":"2026-04-20T09:29:12+00:00","description":"Un s\u00e9rum \u00e0 base de niacinamide \u00e0 5 % qui corrige les taches brunes et am\u00e9liore le teint irr\u00e9gulier. Gr\u00e2ce au squalane d'origine v\u00e9g\u00e9tale, ce s\u00e9rum retient l'humidit\u00e9 pour garder votre peau \u00e9clatante et saine o\u00f9 que vous alliez.","breadcrumb":{"@id":"https:\/\/purecosmetics-shop.com\/accueil\/produit\/axis-y-dark-spot-correcting-glow-serum\/#breadcrumb"},"inLanguage":"fr-FR","potentialAction":[{"@type":"ReadAction","target":["https:\/\/purecosmetics-shop.com\/accueil\/produit\/axis-y-dark-spot-correcting-glow-serum\/"]}]},{"@type":"ImageObject","inLanguage":"fr-FR","@id":"https:\/\/purecosmetics-shop.com\/accueil\/produit\/axis-y-dark-spot-correcting-glow-serum\/#primaryimage","url":"https:\/\/purecosmetics-shop.com\/wp-content\/uploads\/2024\/07\/AXIS-Y-Dark-Spot-Correcting-Glow-Serum.jpg","contentUrl":"https:\/\/purecosmetics-shop.com\/wp-content\/uploads\/2024\/07\/AXIS-Y-Dark-Spot-Correcting-Glow-Serum.jpg","width":1500,"height":1500,"caption":"AXIS-Y Dark Spot Correcting Glow Serum"},{"@type":"BreadcrumbList","@id":"https:\/\/purecosmetics-shop.com\/accueil\/produit\/axis-y-dark-spot-correcting-glow-serum\/#breadcrumb","itemListElement":[{"@type":"ListItem","position":1,"name":"Accueil","item":"https:\/\/purecosmetics-shop.com\/accueil\/"},{"@type":"ListItem","position":2,"name":"NOUVEAUT\u00c9S","item":"https:\/\/purecosmetics-shop.com\/accueil\/nouveautes\/"},{"@type":"ListItem","position":3,"name":"Dark Spot Correcting Glow Serum"}]},{"@type":"WebSite","@id":"https:\/\/purecosmetics-shop.com\/accueil\/#website","url":"https:\/\/purecosmetics-shop.com\/accueil\/","name":"Pure Cosmetics","description":"Skincare cor\u00e9enne et japonais","publisher":{"@id":"https:\/\/purecosmetics-shop.com\/accueil\/#organization"},"potentialAction":[{"@type":"SearchAction","target":{"@type":"EntryPoint","urlTemplate":"https:\/\/purecosmetics-shop.com\/accueil\/?s={search_term_string}"},"query-input":{"@type":"PropertyValueSpecification","valueRequired":true,"valueName":"search_term_string"}}],"inLanguage":"fr-FR"},{"@type":"Organization","@id":"https:\/\/purecosmetics-shop.com\/accueil\/#organization","name":"Pure Cosmetics","url":"https:\/\/purecosmetics-shop.com\/accueil\/","logo":{"@type":"ImageObject","inLanguage":"fr-FR","@id":"https:\/\/purecosmetics-shop.com\/accueil\/#\/schema\/logo\/image\/","url":"https:\/\/purecosmetics-shop.com\/wp-content\/uploads\/2025\/04\/cropped-Pure-Cosmetics-black-2.png","contentUrl":"https:\/\/purecosmetics-shop.com\/wp-content\/uploads\/2025\/04\/cropped-Pure-Cosmetics-black-2.png","width":2362,"height":2324,"caption":"Pure Cosmetics"},"image":{"@id":"https:\/\/purecosmetics-shop.com\/accueil\/#\/schema\/logo\/image\/"}}]}},"jetpack_sharing_enabled":true,"_links":{"self":[{"href":"https:\/\/purecosmetics-shop.com\/accueil\/wp-json\/wp\/v2\/product\/256","targetHints":{"allow":["GET"]}}],"collection":[{"href":"https:\/\/purecosmetics-shop.com\/accueil\/wp-json\/wp\/v2\/product"}],"about":[{"href":"https:\/\/purecosmetics-shop.com\/accueil\/wp-json\/wp\/v2\/types\/product"}],"replies":[{"embeddable":true,"href":"https:\/\/purecosmetics-shop.com\/accueil\/wp-json\/wp\/v2\/comments?post=256"}],"version-history":[{"count":3,"href":"https:\/\/purecosmetics-shop.com\/accueil\/wp-json\/wp\/v2\/product\/256\/revisions"}],"predecessor-version":[{"id":261,"href":"https:\/\/purecosmetics-shop.com\/accueil\/wp-json\/wp\/v2\/product\/256\/revisions\/261"}],"wp:featuredmedia":[{"embeddable":true,"href":"https:\/\/purecosmetics-shop.com\/accueil\/wp-json\/wp\/v2\/media\/3903"}],"wp:attachment":[{"href":"https:\/\/purecosmetics-shop.com\/accueil\/wp-json\/wp\/v2\/media?parent=256"}],"wp:term":[{"taxonomy":"product_brand","embeddable":true,"href":"https:\/\/purecosmetics-shop.com\/accueil\/wp-json\/wp\/v2\/product_brand?post=256"},{"taxonomy":"product_cat","embeddable":true,"href":"https:\/\/purecosmetics-shop.com\/accueil\/wp-json\/wp\/v2\/product_cat?post=256"},{"taxonomy":"product_tag","embeddable":true,"href":"https:\/\/purecosmetics-shop.com\/accueil\/wp-json\/wp\/v2\/product_tag?post=256"}],"curies":[{"name":"wp","href":"https:\/\/api.w.org\/{rel}","templated":true}]}}