{"id":2364,"date":"2025-03-13T15:34:56","date_gmt":"2025-03-13T19:34:56","guid":{"rendered":"https:\/\/purecosmetics-shop.com\/accueil\/produit\/honey-deep-moist-treatment\/"},"modified":"2026-04-16T02:24:15","modified_gmt":"2026-04-16T06:24:15","slug":"honey-deep-moist-treatment","status":"publish","type":"product","link":"https:\/\/purecosmetics-shop.com\/accueil\/produit\/honey-deep-moist-treatment\/","title":{"rendered":"&#038;Honey Deep moist Treatment"},"content":{"rendered":"<p>&amp;honey Deep Moist Hair Treatment 2.0 est un traitement capillaire hydratant au parfum de miel de lavande.<\/p>\n<p>Plus de 90 % du produit fini est compos\u00e9 d&rsquo;ingr\u00e9dients hydratants et protecteurs (\u00e0 l&rsquo;exclusion du mat\u00e9riau de base, y compris l&rsquo;eau) tels que le miel (pour hydrater), l&rsquo;huile biologique (huile de noyau d&rsquo;Argania spinosa, pour hydrater) et la gel\u00e9e royale (extrait de gel\u00e9e royale, pour hydrater), qui fournissent une hydratation fra\u00eeche depuis le c\u0153ur de vos cheveux.<\/p>\n<p>Fabriqu\u00e9 avec de l&rsquo;huile biologique marocaine \u00e0 100 % (huile de noyau d&rsquo;Argania spinosa, pour hydrater).<\/p>\n<p>Formule sans additifs et sans (sulfates, laureth sulfate de sodium, etc., huile min\u00e9rale, parab\u00e8nes, PG, colorant synth\u00e9tique). Sans tests sur les animaux.<\/p>\n","protected":false},"excerpt":{"rendered":"<p>&amp;honey Deep Moist Hair Treatment 2.0 est un traitement capillaire hydratant au parfum de miel de lavande.<\/p>\n<p>Formule sans additifs et sans (sulfates, laureth sulfate de sodium, etc., huile min\u00e9rale, parab\u00e8nes, PG, colorant synth\u00e9tique). Sans tests sur les animaux.<\/p>\n","protected":false},"featured_media":2391,"comment_status":"open","ping_status":"closed","template":"","meta":[],"product_brand":[143],"product_cat":[135],"product_tag":[],"class_list":{"0":"post-2364","1":"product","2":"type-product","3":"status-publish","4":"has-post-thumbnail","6":"product_brand-vicrea","7":"product_cat-haircare","9":"first","10":"instock","11":"shipping-taxable","12":"purchasable","13":"product-type-simple"},"yoast_head":"<!-- This site is optimized with the Yoast SEO plugin v27.4 - https:\/\/yoast.com\/product\/yoast-seo-wordpress\/ -->\n<title>&amp;Honey Deep moist Treatment - Pure Cosmetics<\/title>\n<meta name=\"robots\" content=\"index, follow, max-snippet:-1, max-image-preview:large, max-video-preview:-1\" \/>\n<link rel=\"canonical\" href=\"https:\/\/purecosmetics-shop.com\/accueil\/produit\/honey-deep-moist-treatment\/\" \/>\n<meta property=\"og:locale\" content=\"fr_FR\" \/>\n<meta property=\"og:type\" content=\"article\" \/>\n<meta property=\"og:title\" content=\"&amp;Honey Deep moist Treatment - Pure Cosmetics\" \/>\n<meta property=\"og:description\" content=\"&amp;honey Deep Moist Hair Treatment 2.0 est un traitement capillaire hydratant au parfum de miel de lavande.  Formule sans additifs et sans (sulfates, laureth sulfate de sodium, etc., huile min\u00e9rale, parab\u00e8nes, PG, colorant synth\u00e9tique). Sans tests sur les animaux.\" \/>\n<meta property=\"og:url\" content=\"https:\/\/purecosmetics-shop.com\/accueil\/produit\/honey-deep-moist-treatment\/\" \/>\n<meta property=\"og:site_name\" content=\"Pure Cosmetics\" \/>\n<meta property=\"article:modified_time\" content=\"2026-04-16T06:24:15+00:00\" \/>\n<meta property=\"og:image\" content=\"https:\/\/purecosmetics-shop.com\/wp-content\/uploads\/2025\/03\/K-Beauty_Store_Giftcard-195.webp\" \/>\n\t<meta property=\"og:image:width\" content=\"1080\" \/>\n\t<meta property=\"og:image:height\" content=\"1080\" \/>\n\t<meta property=\"og:image:type\" content=\"image\/webp\" \/>\n<meta name=\"twitter:card\" content=\"summary_large_image\" \/>\n<meta name=\"twitter:label1\" content=\"Dur\u00e9e de lecture estim\u00e9e\" \/>\n\t<meta name=\"twitter:data1\" content=\"1 minute\" \/>\n<script type=\"application\/ld+json\" class=\"yoast-schema-graph\">{\"@context\":\"https:\\\/\\\/schema.org\",\"@graph\":[{\"@type\":\"WebPage\",\"@id\":\"https:\\\/\\\/purecosmetics-shop.com\\\/accueil\\\/produit\\\/honey-deep-moist-treatment\\\/\",\"url\":\"https:\\\/\\\/purecosmetics-shop.com\\\/accueil\\\/produit\\\/honey-deep-moist-treatment\\\/\",\"name\":\"&Honey Deep moist Treatment - Pure Cosmetics\",\"isPartOf\":{\"@id\":\"https:\\\/\\\/purecosmetics-shop.com\\\/accueil\\\/#website\"},\"primaryImageOfPage\":{\"@id\":\"https:\\\/\\\/purecosmetics-shop.com\\\/accueil\\\/produit\\\/honey-deep-moist-treatment\\\/#primaryimage\"},\"image\":{\"@id\":\"https:\\\/\\\/purecosmetics-shop.com\\\/accueil\\\/produit\\\/honey-deep-moist-treatment\\\/#primaryimage\"},\"thumbnailUrl\":\"https:\\\/\\\/purecosmetics-shop.com\\\/wp-content\\\/uploads\\\/2025\\\/03\\\/K-Beauty_Store_Giftcard-195.webp\",\"datePublished\":\"2025-03-13T19:34:56+00:00\",\"dateModified\":\"2026-04-16T06:24:15+00:00\",\"breadcrumb\":{\"@id\":\"https:\\\/\\\/purecosmetics-shop.com\\\/accueil\\\/produit\\\/honey-deep-moist-treatment\\\/#breadcrumb\"},\"inLanguage\":\"fr-FR\",\"potentialAction\":[{\"@type\":\"ReadAction\",\"target\":[\"https:\\\/\\\/purecosmetics-shop.com\\\/accueil\\\/produit\\\/honey-deep-moist-treatment\\\/\"]}]},{\"@type\":\"ImageObject\",\"inLanguage\":\"fr-FR\",\"@id\":\"https:\\\/\\\/purecosmetics-shop.com\\\/accueil\\\/produit\\\/honey-deep-moist-treatment\\\/#primaryimage\",\"url\":\"https:\\\/\\\/purecosmetics-shop.com\\\/wp-content\\\/uploads\\\/2025\\\/03\\\/K-Beauty_Store_Giftcard-195.webp\",\"contentUrl\":\"https:\\\/\\\/purecosmetics-shop.com\\\/wp-content\\\/uploads\\\/2025\\\/03\\\/K-Beauty_Store_Giftcard-195.webp\",\"width\":1080,\"height\":1080},{\"@type\":\"BreadcrumbList\",\"@id\":\"https:\\\/\\\/purecosmetics-shop.com\\\/accueil\\\/produit\\\/honey-deep-moist-treatment\\\/#breadcrumb\",\"itemListElement\":[{\"@type\":\"ListItem\",\"position\":1,\"name\":\"Accueil\",\"item\":\"https:\\\/\\\/purecosmetics-shop.com\\\/accueil\\\/\"},{\"@type\":\"ListItem\",\"position\":2,\"name\":\"NOUVEAUT\u00c9S\",\"item\":\"https:\\\/\\\/purecosmetics-shop.com\\\/accueil\\\/nouveautes\\\/\"},{\"@type\":\"ListItem\",\"position\":3,\"name\":\"&#038;Honey Deep moist Treatment\"}]},{\"@type\":\"WebSite\",\"@id\":\"https:\\\/\\\/purecosmetics-shop.com\\\/accueil\\\/#website\",\"url\":\"https:\\\/\\\/purecosmetics-shop.com\\\/accueil\\\/\",\"name\":\"Pure Cosmetics\",\"description\":\"Skincare cor\u00e9enne et japonais\",\"publisher\":{\"@id\":\"https:\\\/\\\/purecosmetics-shop.com\\\/accueil\\\/#organization\"},\"potentialAction\":[{\"@type\":\"SearchAction\",\"target\":{\"@type\":\"EntryPoint\",\"urlTemplate\":\"https:\\\/\\\/purecosmetics-shop.com\\\/accueil\\\/?s={search_term_string}\"},\"query-input\":{\"@type\":\"PropertyValueSpecification\",\"valueRequired\":true,\"valueName\":\"search_term_string\"}}],\"inLanguage\":\"fr-FR\"},{\"@type\":\"Organization\",\"@id\":\"https:\\\/\\\/purecosmetics-shop.com\\\/accueil\\\/#organization\",\"name\":\"Pure Cosmetics\",\"url\":\"https:\\\/\\\/purecosmetics-shop.com\\\/accueil\\\/\",\"logo\":{\"@type\":\"ImageObject\",\"inLanguage\":\"fr-FR\",\"@id\":\"https:\\\/\\\/purecosmetics-shop.com\\\/accueil\\\/#\\\/schema\\\/logo\\\/image\\\/\",\"url\":\"https:\\\/\\\/purecosmetics-shop.com\\\/wp-content\\\/uploads\\\/2025\\\/04\\\/cropped-Pure-Cosmetics-black-2.png\",\"contentUrl\":\"https:\\\/\\\/purecosmetics-shop.com\\\/wp-content\\\/uploads\\\/2025\\\/04\\\/cropped-Pure-Cosmetics-black-2.png\",\"width\":2362,\"height\":2324,\"caption\":\"Pure Cosmetics\"},\"image\":{\"@id\":\"https:\\\/\\\/purecosmetics-shop.com\\\/accueil\\\/#\\\/schema\\\/logo\\\/image\\\/\"}}]}<\/script>\n<!-- \/ Yoast SEO plugin. -->","yoast_head_json":{"title":"&Honey Deep moist Treatment - Pure Cosmetics","robots":{"index":"index","follow":"follow","max-snippet":"max-snippet:-1","max-image-preview":"max-image-preview:large","max-video-preview":"max-video-preview:-1"},"canonical":"https:\/\/purecosmetics-shop.com\/accueil\/produit\/honey-deep-moist-treatment\/","og_locale":"fr_FR","og_type":"article","og_title":"&Honey Deep moist Treatment - Pure Cosmetics","og_description":"&amp;honey Deep Moist Hair Treatment 2.0 est un traitement capillaire hydratant au parfum de miel de lavande.  Formule sans additifs et sans (sulfates, laureth sulfate de sodium, etc., huile min\u00e9rale, parab\u00e8nes, PG, colorant synth\u00e9tique). Sans tests sur les animaux.","og_url":"https:\/\/purecosmetics-shop.com\/accueil\/produit\/honey-deep-moist-treatment\/","og_site_name":"Pure Cosmetics","article_modified_time":"2026-04-16T06:24:15+00:00","og_image":[{"width":1080,"height":1080,"url":"https:\/\/purecosmetics-shop.com\/wp-content\/uploads\/2025\/03\/K-Beauty_Store_Giftcard-195.webp","type":"image\/webp"}],"twitter_card":"summary_large_image","twitter_misc":{"Dur\u00e9e de lecture estim\u00e9e":"1 minute"},"schema":{"@context":"https:\/\/schema.org","@graph":[{"@type":"WebPage","@id":"https:\/\/purecosmetics-shop.com\/accueil\/produit\/honey-deep-moist-treatment\/","url":"https:\/\/purecosmetics-shop.com\/accueil\/produit\/honey-deep-moist-treatment\/","name":"&Honey Deep moist Treatment - Pure Cosmetics","isPartOf":{"@id":"https:\/\/purecosmetics-shop.com\/accueil\/#website"},"primaryImageOfPage":{"@id":"https:\/\/purecosmetics-shop.com\/accueil\/produit\/honey-deep-moist-treatment\/#primaryimage"},"image":{"@id":"https:\/\/purecosmetics-shop.com\/accueil\/produit\/honey-deep-moist-treatment\/#primaryimage"},"thumbnailUrl":"https:\/\/purecosmetics-shop.com\/wp-content\/uploads\/2025\/03\/K-Beauty_Store_Giftcard-195.webp","datePublished":"2025-03-13T19:34:56+00:00","dateModified":"2026-04-16T06:24:15+00:00","breadcrumb":{"@id":"https:\/\/purecosmetics-shop.com\/accueil\/produit\/honey-deep-moist-treatment\/#breadcrumb"},"inLanguage":"fr-FR","potentialAction":[{"@type":"ReadAction","target":["https:\/\/purecosmetics-shop.com\/accueil\/produit\/honey-deep-moist-treatment\/"]}]},{"@type":"ImageObject","inLanguage":"fr-FR","@id":"https:\/\/purecosmetics-shop.com\/accueil\/produit\/honey-deep-moist-treatment\/#primaryimage","url":"https:\/\/purecosmetics-shop.com\/wp-content\/uploads\/2025\/03\/K-Beauty_Store_Giftcard-195.webp","contentUrl":"https:\/\/purecosmetics-shop.com\/wp-content\/uploads\/2025\/03\/K-Beauty_Store_Giftcard-195.webp","width":1080,"height":1080},{"@type":"BreadcrumbList","@id":"https:\/\/purecosmetics-shop.com\/accueil\/produit\/honey-deep-moist-treatment\/#breadcrumb","itemListElement":[{"@type":"ListItem","position":1,"name":"Accueil","item":"https:\/\/purecosmetics-shop.com\/accueil\/"},{"@type":"ListItem","position":2,"name":"NOUVEAUT\u00c9S","item":"https:\/\/purecosmetics-shop.com\/accueil\/nouveautes\/"},{"@type":"ListItem","position":3,"name":"&#038;Honey Deep moist Treatment"}]},{"@type":"WebSite","@id":"https:\/\/purecosmetics-shop.com\/accueil\/#website","url":"https:\/\/purecosmetics-shop.com\/accueil\/","name":"Pure Cosmetics","description":"Skincare cor\u00e9enne et japonais","publisher":{"@id":"https:\/\/purecosmetics-shop.com\/accueil\/#organization"},"potentialAction":[{"@type":"SearchAction","target":{"@type":"EntryPoint","urlTemplate":"https:\/\/purecosmetics-shop.com\/accueil\/?s={search_term_string}"},"query-input":{"@type":"PropertyValueSpecification","valueRequired":true,"valueName":"search_term_string"}}],"inLanguage":"fr-FR"},{"@type":"Organization","@id":"https:\/\/purecosmetics-shop.com\/accueil\/#organization","name":"Pure Cosmetics","url":"https:\/\/purecosmetics-shop.com\/accueil\/","logo":{"@type":"ImageObject","inLanguage":"fr-FR","@id":"https:\/\/purecosmetics-shop.com\/accueil\/#\/schema\/logo\/image\/","url":"https:\/\/purecosmetics-shop.com\/wp-content\/uploads\/2025\/04\/cropped-Pure-Cosmetics-black-2.png","contentUrl":"https:\/\/purecosmetics-shop.com\/wp-content\/uploads\/2025\/04\/cropped-Pure-Cosmetics-black-2.png","width":2362,"height":2324,"caption":"Pure Cosmetics"},"image":{"@id":"https:\/\/purecosmetics-shop.com\/accueil\/#\/schema\/logo\/image\/"}}]}},"jetpack_sharing_enabled":true,"_links":{"self":[{"href":"https:\/\/purecosmetics-shop.com\/accueil\/wp-json\/wp\/v2\/product\/2364","targetHints":{"allow":["GET"]}}],"collection":[{"href":"https:\/\/purecosmetics-shop.com\/accueil\/wp-json\/wp\/v2\/product"}],"about":[{"href":"https:\/\/purecosmetics-shop.com\/accueil\/wp-json\/wp\/v2\/types\/product"}],"replies":[{"embeddable":true,"href":"https:\/\/purecosmetics-shop.com\/accueil\/wp-json\/wp\/v2\/comments?post=2364"}],"version-history":[{"count":3,"href":"https:\/\/purecosmetics-shop.com\/accueil\/wp-json\/wp\/v2\/product\/2364\/revisions"}],"predecessor-version":[{"id":2392,"href":"https:\/\/purecosmetics-shop.com\/accueil\/wp-json\/wp\/v2\/product\/2364\/revisions\/2392"}],"wp:featuredmedia":[{"embeddable":true,"href":"https:\/\/purecosmetics-shop.com\/accueil\/wp-json\/wp\/v2\/media\/2391"}],"wp:attachment":[{"href":"https:\/\/purecosmetics-shop.com\/accueil\/wp-json\/wp\/v2\/media?parent=2364"}],"wp:term":[{"taxonomy":"product_brand","embeddable":true,"href":"https:\/\/purecosmetics-shop.com\/accueil\/wp-json\/wp\/v2\/product_brand?post=2364"},{"taxonomy":"product_cat","embeddable":true,"href":"https:\/\/purecosmetics-shop.com\/accueil\/wp-json\/wp\/v2\/product_cat?post=2364"},{"taxonomy":"product_tag","embeddable":true,"href":"https:\/\/purecosmetics-shop.com\/accueil\/wp-json\/wp\/v2\/product_tag?post=2364"}],"curies":[{"name":"wp","href":"https:\/\/api.w.org\/{rel}","templated":true}]}}