{"id":2359,"date":"2025-03-13T15:34:54","date_gmt":"2025-03-13T19:34:54","guid":{"rendered":"https:\/\/purecosmetics-shop.com\/accueil\/produit\/relief-sun-aqua-fresh-rice-b5\/"},"modified":"2026-04-20T05:04:38","modified_gmt":"2026-04-20T09:04:38","slug":"relief-sun-aqua-fresh-rice-b5","status":"publish","type":"product","link":"https:\/\/purecosmetics-shop.com\/accueil\/produit\/relief-sun-aqua-fresh-rice-b5\/","title":{"rendered":"Relief sun aqua-fresh rice + B5"},"content":{"rendered":"<p>Beauty of Joseon Relief Sun Aqua-fresh : Rice + B5 est une version plus hydrat\u00e9e de la cr\u00e8me solaire pr\u00e9f\u00e9r\u00e9e de Beauty of Joseon qui prot\u00e8ge tous les types de peau des rayons UV puissants avec un large spectre SPF 50+ PA++++.<\/p>\n<p>Il est formul\u00e9 avec du panth\u00e9nol pour am\u00e9liorer la barri\u00e8re d&rsquo;hydratation de la peau et offre un effet apaisant instantan\u00e9 aux peaux irrit\u00e9es et s\u00e8ches, en particulier sous les rayons forts du soleil.<\/p>\n<p>Cette cr\u00e8me solaire est enrichie en eau de graines de riz pour nourrir la peau en douceur et favoriser un teint sain et rebondi.<\/p>\n<p>Pr\u00e9sente une texture fluide l\u00e9g\u00e8re qui laisse un fini rafra\u00eechissant sans aucune trace blanche ni sensation collante.<\/p>\n<p>Convient \u00e0 tous les types de peau, en particulier aux peaux grasses \u00e0 mixtes.<\/p>\n","protected":false},"excerpt":{"rendered":"<p>Beauty of Joseon Relief Sun Aqua-fresh : Rice + B5 est une version plus hydrat\u00e9e de la cr\u00e8me solaire pr\u00e9f\u00e9r\u00e9e de Beauty of Joseon qui prot\u00e8ge tous les types de peau des rayons UV puissants avec un large spectre SPF 50+ PA++++.<\/p>\n<p>Pr\u00e9sente une texture fluide l\u00e9g\u00e8re qui laisse un fini rafra\u00eechissant sans aucune trace blanche ni sensation collante.<\/p>\n<p>Convient \u00e0 tous les types de peau, en particulier aux peaux grasses \u00e0 mixtes.<\/p>\n","protected":false},"featured_media":2422,"comment_status":"open","ping_status":"closed","template":"","meta":[],"product_brand":[147],"product_cat":[115,116,117,119,20],"product_tag":[],"class_list":{"0":"post-2359","1":"product","2":"type-product","3":"status-publish","4":"has-post-thumbnail","6":"product_brand-beauty-of-joseon","7":"product_cat-peau-grasse","8":"product_cat-peau-mixte","9":"product_cat-peau-normale","10":"product_cat-peau-sensible","11":"product_cat-solaire","13":"first","14":"instock","15":"shipping-taxable","16":"purchasable","17":"product-type-simple"},"yoast_head":"<!-- This site is optimized with the Yoast SEO plugin v27.4 - https:\/\/yoast.com\/product\/yoast-seo-wordpress\/ -->\n<title>Relief sun aqua-fresh rice + B5 - Pure Cosmetics<\/title>\n<meta name=\"robots\" content=\"index, follow, max-snippet:-1, max-image-preview:large, max-video-preview:-1\" \/>\n<link rel=\"canonical\" href=\"https:\/\/purecosmetics-shop.com\/accueil\/produit\/relief-sun-aqua-fresh-rice-b5\/\" \/>\n<meta property=\"og:locale\" content=\"fr_FR\" \/>\n<meta property=\"og:type\" content=\"article\" \/>\n<meta property=\"og:title\" content=\"Relief sun aqua-fresh rice + B5 - Pure Cosmetics\" \/>\n<meta property=\"og:description\" content=\"Beauty of Joseon Relief Sun Aqua-fresh : Rice + B5 est une version plus hydrat\u00e9e de la cr\u00e8me solaire pr\u00e9f\u00e9r\u00e9e de Beauty of Joseon qui prot\u00e8ge tous les types de peau des rayons UV puissants avec un large spectre SPF 50+ PA++++.  Pr\u00e9sente une texture fluide l\u00e9g\u00e8re qui laisse un fini rafra\u00eechissant sans aucune trace blanche ni sensation collante.  Convient \u00e0 tous les types de peau, en particulier aux peaux grasses \u00e0 mixtes.\" \/>\n<meta property=\"og:url\" content=\"https:\/\/purecosmetics-shop.com\/accueil\/produit\/relief-sun-aqua-fresh-rice-b5\/\" \/>\n<meta property=\"og:site_name\" content=\"Pure Cosmetics\" \/>\n<meta property=\"article:modified_time\" content=\"2026-04-20T09:04:38+00:00\" \/>\n<meta property=\"og:image\" content=\"https:\/\/purecosmetics-shop.com\/wp-content\/uploads\/2025\/03\/BOJ.webp\" \/>\n\t<meta property=\"og:image:width\" content=\"1080\" \/>\n\t<meta property=\"og:image:height\" content=\"1080\" \/>\n\t<meta property=\"og:image:type\" content=\"image\/webp\" \/>\n<meta name=\"twitter:card\" content=\"summary_large_image\" \/>\n<meta name=\"twitter:label1\" content=\"Dur\u00e9e de lecture estim\u00e9e\" \/>\n\t<meta name=\"twitter:data1\" content=\"1 minute\" \/>\n<script type=\"application\/ld+json\" class=\"yoast-schema-graph\">{\"@context\":\"https:\\\/\\\/schema.org\",\"@graph\":[{\"@type\":\"WebPage\",\"@id\":\"https:\\\/\\\/purecosmetics-shop.com\\\/accueil\\\/produit\\\/relief-sun-aqua-fresh-rice-b5\\\/\",\"url\":\"https:\\\/\\\/purecosmetics-shop.com\\\/accueil\\\/produit\\\/relief-sun-aqua-fresh-rice-b5\\\/\",\"name\":\"Relief sun aqua-fresh rice + B5 - Pure Cosmetics\",\"isPartOf\":{\"@id\":\"https:\\\/\\\/purecosmetics-shop.com\\\/accueil\\\/#website\"},\"primaryImageOfPage\":{\"@id\":\"https:\\\/\\\/purecosmetics-shop.com\\\/accueil\\\/produit\\\/relief-sun-aqua-fresh-rice-b5\\\/#primaryimage\"},\"image\":{\"@id\":\"https:\\\/\\\/purecosmetics-shop.com\\\/accueil\\\/produit\\\/relief-sun-aqua-fresh-rice-b5\\\/#primaryimage\"},\"thumbnailUrl\":\"https:\\\/\\\/purecosmetics-shop.com\\\/wp-content\\\/uploads\\\/2025\\\/03\\\/BOJ.webp\",\"datePublished\":\"2025-03-13T19:34:54+00:00\",\"dateModified\":\"2026-04-20T09:04:38+00:00\",\"breadcrumb\":{\"@id\":\"https:\\\/\\\/purecosmetics-shop.com\\\/accueil\\\/produit\\\/relief-sun-aqua-fresh-rice-b5\\\/#breadcrumb\"},\"inLanguage\":\"fr-FR\",\"potentialAction\":[{\"@type\":\"ReadAction\",\"target\":[\"https:\\\/\\\/purecosmetics-shop.com\\\/accueil\\\/produit\\\/relief-sun-aqua-fresh-rice-b5\\\/\"]}]},{\"@type\":\"ImageObject\",\"inLanguage\":\"fr-FR\",\"@id\":\"https:\\\/\\\/purecosmetics-shop.com\\\/accueil\\\/produit\\\/relief-sun-aqua-fresh-rice-b5\\\/#primaryimage\",\"url\":\"https:\\\/\\\/purecosmetics-shop.com\\\/wp-content\\\/uploads\\\/2025\\\/03\\\/BOJ.webp\",\"contentUrl\":\"https:\\\/\\\/purecosmetics-shop.com\\\/wp-content\\\/uploads\\\/2025\\\/03\\\/BOJ.webp\",\"width\":1080,\"height\":1080},{\"@type\":\"BreadcrumbList\",\"@id\":\"https:\\\/\\\/purecosmetics-shop.com\\\/accueil\\\/produit\\\/relief-sun-aqua-fresh-rice-b5\\\/#breadcrumb\",\"itemListElement\":[{\"@type\":\"ListItem\",\"position\":1,\"name\":\"Accueil\",\"item\":\"https:\\\/\\\/purecosmetics-shop.com\\\/accueil\\\/\"},{\"@type\":\"ListItem\",\"position\":2,\"name\":\"NOUVEAUT\u00c9S\",\"item\":\"https:\\\/\\\/purecosmetics-shop.com\\\/accueil\\\/nouveautes\\\/\"},{\"@type\":\"ListItem\",\"position\":3,\"name\":\"Relief sun aqua-fresh rice + B5\"}]},{\"@type\":\"WebSite\",\"@id\":\"https:\\\/\\\/purecosmetics-shop.com\\\/accueil\\\/#website\",\"url\":\"https:\\\/\\\/purecosmetics-shop.com\\\/accueil\\\/\",\"name\":\"Pure Cosmetics\",\"description\":\"Skincare cor\u00e9enne et japonais\",\"publisher\":{\"@id\":\"https:\\\/\\\/purecosmetics-shop.com\\\/accueil\\\/#organization\"},\"potentialAction\":[{\"@type\":\"SearchAction\",\"target\":{\"@type\":\"EntryPoint\",\"urlTemplate\":\"https:\\\/\\\/purecosmetics-shop.com\\\/accueil\\\/?s={search_term_string}\"},\"query-input\":{\"@type\":\"PropertyValueSpecification\",\"valueRequired\":true,\"valueName\":\"search_term_string\"}}],\"inLanguage\":\"fr-FR\"},{\"@type\":\"Organization\",\"@id\":\"https:\\\/\\\/purecosmetics-shop.com\\\/accueil\\\/#organization\",\"name\":\"Pure Cosmetics\",\"url\":\"https:\\\/\\\/purecosmetics-shop.com\\\/accueil\\\/\",\"logo\":{\"@type\":\"ImageObject\",\"inLanguage\":\"fr-FR\",\"@id\":\"https:\\\/\\\/purecosmetics-shop.com\\\/accueil\\\/#\\\/schema\\\/logo\\\/image\\\/\",\"url\":\"https:\\\/\\\/purecosmetics-shop.com\\\/wp-content\\\/uploads\\\/2025\\\/04\\\/cropped-Pure-Cosmetics-black-2.png\",\"contentUrl\":\"https:\\\/\\\/purecosmetics-shop.com\\\/wp-content\\\/uploads\\\/2025\\\/04\\\/cropped-Pure-Cosmetics-black-2.png\",\"width\":2362,\"height\":2324,\"caption\":\"Pure Cosmetics\"},\"image\":{\"@id\":\"https:\\\/\\\/purecosmetics-shop.com\\\/accueil\\\/#\\\/schema\\\/logo\\\/image\\\/\"}}]}<\/script>\n<!-- \/ Yoast SEO plugin. -->","yoast_head_json":{"title":"Relief sun aqua-fresh rice + B5 - Pure Cosmetics","robots":{"index":"index","follow":"follow","max-snippet":"max-snippet:-1","max-image-preview":"max-image-preview:large","max-video-preview":"max-video-preview:-1"},"canonical":"https:\/\/purecosmetics-shop.com\/accueil\/produit\/relief-sun-aqua-fresh-rice-b5\/","og_locale":"fr_FR","og_type":"article","og_title":"Relief sun aqua-fresh rice + B5 - Pure Cosmetics","og_description":"Beauty of Joseon Relief Sun Aqua-fresh : Rice + B5 est une version plus hydrat\u00e9e de la cr\u00e8me solaire pr\u00e9f\u00e9r\u00e9e de Beauty of Joseon qui prot\u00e8ge tous les types de peau des rayons UV puissants avec un large spectre SPF 50+ PA++++.  Pr\u00e9sente une texture fluide l\u00e9g\u00e8re qui laisse un fini rafra\u00eechissant sans aucune trace blanche ni sensation collante.  Convient \u00e0 tous les types de peau, en particulier aux peaux grasses \u00e0 mixtes.","og_url":"https:\/\/purecosmetics-shop.com\/accueil\/produit\/relief-sun-aqua-fresh-rice-b5\/","og_site_name":"Pure Cosmetics","article_modified_time":"2026-04-20T09:04:38+00:00","og_image":[{"width":1080,"height":1080,"url":"https:\/\/purecosmetics-shop.com\/wp-content\/uploads\/2025\/03\/BOJ.webp","type":"image\/webp"}],"twitter_card":"summary_large_image","twitter_misc":{"Dur\u00e9e de lecture estim\u00e9e":"1 minute"},"schema":{"@context":"https:\/\/schema.org","@graph":[{"@type":"WebPage","@id":"https:\/\/purecosmetics-shop.com\/accueil\/produit\/relief-sun-aqua-fresh-rice-b5\/","url":"https:\/\/purecosmetics-shop.com\/accueil\/produit\/relief-sun-aqua-fresh-rice-b5\/","name":"Relief sun aqua-fresh rice + B5 - Pure Cosmetics","isPartOf":{"@id":"https:\/\/purecosmetics-shop.com\/accueil\/#website"},"primaryImageOfPage":{"@id":"https:\/\/purecosmetics-shop.com\/accueil\/produit\/relief-sun-aqua-fresh-rice-b5\/#primaryimage"},"image":{"@id":"https:\/\/purecosmetics-shop.com\/accueil\/produit\/relief-sun-aqua-fresh-rice-b5\/#primaryimage"},"thumbnailUrl":"https:\/\/purecosmetics-shop.com\/wp-content\/uploads\/2025\/03\/BOJ.webp","datePublished":"2025-03-13T19:34:54+00:00","dateModified":"2026-04-20T09:04:38+00:00","breadcrumb":{"@id":"https:\/\/purecosmetics-shop.com\/accueil\/produit\/relief-sun-aqua-fresh-rice-b5\/#breadcrumb"},"inLanguage":"fr-FR","potentialAction":[{"@type":"ReadAction","target":["https:\/\/purecosmetics-shop.com\/accueil\/produit\/relief-sun-aqua-fresh-rice-b5\/"]}]},{"@type":"ImageObject","inLanguage":"fr-FR","@id":"https:\/\/purecosmetics-shop.com\/accueil\/produit\/relief-sun-aqua-fresh-rice-b5\/#primaryimage","url":"https:\/\/purecosmetics-shop.com\/wp-content\/uploads\/2025\/03\/BOJ.webp","contentUrl":"https:\/\/purecosmetics-shop.com\/wp-content\/uploads\/2025\/03\/BOJ.webp","width":1080,"height":1080},{"@type":"BreadcrumbList","@id":"https:\/\/purecosmetics-shop.com\/accueil\/produit\/relief-sun-aqua-fresh-rice-b5\/#breadcrumb","itemListElement":[{"@type":"ListItem","position":1,"name":"Accueil","item":"https:\/\/purecosmetics-shop.com\/accueil\/"},{"@type":"ListItem","position":2,"name":"NOUVEAUT\u00c9S","item":"https:\/\/purecosmetics-shop.com\/accueil\/nouveautes\/"},{"@type":"ListItem","position":3,"name":"Relief sun aqua-fresh rice + B5"}]},{"@type":"WebSite","@id":"https:\/\/purecosmetics-shop.com\/accueil\/#website","url":"https:\/\/purecosmetics-shop.com\/accueil\/","name":"Pure Cosmetics","description":"Skincare cor\u00e9enne et japonais","publisher":{"@id":"https:\/\/purecosmetics-shop.com\/accueil\/#organization"},"potentialAction":[{"@type":"SearchAction","target":{"@type":"EntryPoint","urlTemplate":"https:\/\/purecosmetics-shop.com\/accueil\/?s={search_term_string}"},"query-input":{"@type":"PropertyValueSpecification","valueRequired":true,"valueName":"search_term_string"}}],"inLanguage":"fr-FR"},{"@type":"Organization","@id":"https:\/\/purecosmetics-shop.com\/accueil\/#organization","name":"Pure Cosmetics","url":"https:\/\/purecosmetics-shop.com\/accueil\/","logo":{"@type":"ImageObject","inLanguage":"fr-FR","@id":"https:\/\/purecosmetics-shop.com\/accueil\/#\/schema\/logo\/image\/","url":"https:\/\/purecosmetics-shop.com\/wp-content\/uploads\/2025\/04\/cropped-Pure-Cosmetics-black-2.png","contentUrl":"https:\/\/purecosmetics-shop.com\/wp-content\/uploads\/2025\/04\/cropped-Pure-Cosmetics-black-2.png","width":2362,"height":2324,"caption":"Pure Cosmetics"},"image":{"@id":"https:\/\/purecosmetics-shop.com\/accueil\/#\/schema\/logo\/image\/"}}]}},"jetpack_sharing_enabled":true,"_links":{"self":[{"href":"https:\/\/purecosmetics-shop.com\/accueil\/wp-json\/wp\/v2\/product\/2359","targetHints":{"allow":["GET"]}}],"collection":[{"href":"https:\/\/purecosmetics-shop.com\/accueil\/wp-json\/wp\/v2\/product"}],"about":[{"href":"https:\/\/purecosmetics-shop.com\/accueil\/wp-json\/wp\/v2\/types\/product"}],"replies":[{"embeddable":true,"href":"https:\/\/purecosmetics-shop.com\/accueil\/wp-json\/wp\/v2\/comments?post=2359"}],"version-history":[{"count":2,"href":"https:\/\/purecosmetics-shop.com\/accueil\/wp-json\/wp\/v2\/product\/2359\/revisions"}],"predecessor-version":[{"id":2421,"href":"https:\/\/purecosmetics-shop.com\/accueil\/wp-json\/wp\/v2\/product\/2359\/revisions\/2421"}],"wp:featuredmedia":[{"embeddable":true,"href":"https:\/\/purecosmetics-shop.com\/accueil\/wp-json\/wp\/v2\/media\/2422"}],"wp:attachment":[{"href":"https:\/\/purecosmetics-shop.com\/accueil\/wp-json\/wp\/v2\/media?parent=2359"}],"wp:term":[{"taxonomy":"product_brand","embeddable":true,"href":"https:\/\/purecosmetics-shop.com\/accueil\/wp-json\/wp\/v2\/product_brand?post=2359"},{"taxonomy":"product_cat","embeddable":true,"href":"https:\/\/purecosmetics-shop.com\/accueil\/wp-json\/wp\/v2\/product_cat?post=2359"},{"taxonomy":"product_tag","embeddable":true,"href":"https:\/\/purecosmetics-shop.com\/accueil\/wp-json\/wp\/v2\/product_tag?post=2359"}],"curies":[{"name":"wp","href":"https:\/\/api.w.org\/{rel}","templated":true}]}}