{"id":2355,"date":"2025-03-13T15:34:52","date_gmt":"2025-03-13T19:34:52","guid":{"rendered":"https:\/\/purecosmetics-shop.com\/accueil\/produit\/reedle-shot-300-2-step-mask\/"},"modified":"2026-03-03T20:56:32","modified_gmt":"2026-03-04T00:56:32","slug":"reedle-shot-300-2-step-mask","status":"publish","type":"product","link":"https:\/\/purecosmetics-shop.com\/accueil\/produit\/reedle-shot-300-2-step-mask\/","title":{"rendered":"Reedle shot 300 2 step mask"},"content":{"rendered":"<p>Le masque doux Reedle Shot 300 en 2 \u00e9tapes de VT Cosmetics est con\u00e7u pour affiner le grain de peau, minimiser les pores et offrir une hydratation intense. Ce masque double action associe une technologie innovante \u00e0 des ingr\u00e9dients apaisants pour am\u00e9liorer l&rsquo;\u00e9tat de la peau.<\/p>\n<p><strong>\u00c9tape 1<\/strong><\/p>\n<p>Essence Reedle Shot 300\u00a0: Enrichie de 237\u00a0500 Reedles CICA, 14 fois plus petits que les pores, cette formule avanc\u00e9e imite les effets du microneedling. En p\u00e9n\u00e9trant profond\u00e9ment dans la peau, elle diffuse les actifs plus efficacement et optimise l&rsquo;absorption. Gr\u00e2ce au CicaHyalon\u2122, un m\u00e9lange de Centella Asiatica et de trois acides hyaluroniques, il hydrate et renforce la barri\u00e8re cutan\u00e9e.<\/p>\n<p><strong>\u00c9tape 2<\/strong><\/p>\n<p>Masque Reedle Shot Balance Sheet (v\u00e9gan)\u00a0: Il retient l&rsquo;hydratation et offre \u00e0 la peau des bienfaits apaisants et nourrissants. Ce masque visage agit en synergie avec la premi\u00e8re \u00e9tape pour am\u00e9liorer l&rsquo;hydratation, laissant la peau douce, \u00e9quilibr\u00e9e et rafra\u00eechie.<\/p>\n<p>Id\u00e9al pour tous les types de peau, y compris les peaux sensibles, ce masque en deux \u00e9tapes est un excellent choix pour celles qui recherchent une peau plus lisse et plus uniforme, avec des pores r\u00e9duits. Sa formule est con\u00e7ue pour am\u00e9liorer la texture globale de la peau tout en \u00e9quilibrant son hydratation et en lui procurant une hydratation longue dur\u00e9e.<\/p>\n","protected":false},"excerpt":{"rendered":"<p>Le masque doux Reedle Shot 300 en 2 \u00e9tapes de VT Cosmetics est con\u00e7u pour affiner le grain de peau, minimiser les pores et offrir une hydratation intense. Ce masque double action associe une technologie innovante \u00e0 des ingr\u00e9dients apaisants pour am\u00e9liorer l&rsquo;\u00e9tat de la peau.<\/p>\n<p>Id\u00e9al pour tous les types de peau, y compris les peaux sensibles, ce masque en deux \u00e9tapes est un excellent choix pour celles qui recherchent une peau plus lisse et plus uniforme, avec des pores r\u00e9duits. Sa formule est con\u00e7ue pour am\u00e9liorer la texture globale de la peau tout en \u00e9quilibrant son hydratation et en lui procurant une hydratation longue dur\u00e9e.<\/p>\n","protected":false},"featured_media":2484,"comment_status":"open","ping_status":"closed","template":"","meta":[],"product_brand":[145],"product_cat":[107,108,112,23,115,116,117,118,119],"product_tag":[],"class_list":{"0":"post-2355","1":"product","2":"type-product","3":"status-publish","4":"has-post-thumbnail","6":"product_brand-vt-cosmetics","7":"product_cat-anti-age-et-elasticite","8":"product_cat-anti-imperfections-et-pores","9":"product_cat-hydratation","10":"product_cat-masque","11":"product_cat-peau-grasse","12":"product_cat-peau-mixte","13":"product_cat-peau-normale","14":"product_cat-peau-seche","15":"product_cat-peau-sensible","17":"first","18":"outofstock","19":"shipping-taxable","20":"purchasable","21":"product-type-simple"},"yoast_head":"<!-- This site is optimized with the Yoast SEO plugin v27.4 - https:\/\/yoast.com\/product\/yoast-seo-wordpress\/ -->\n<title>Reedle shot 300 2 step mask - Pure Cosmetics<\/title>\n<meta name=\"robots\" content=\"index, follow, max-snippet:-1, max-image-preview:large, max-video-preview:-1\" \/>\n<link rel=\"canonical\" href=\"https:\/\/purecosmetics-shop.com\/accueil\/produit\/reedle-shot-300-2-step-mask\/\" \/>\n<meta property=\"og:locale\" content=\"fr_FR\" \/>\n<meta property=\"og:type\" content=\"article\" \/>\n<meta property=\"og:title\" content=\"Reedle shot 300 2 step mask - Pure Cosmetics\" \/>\n<meta property=\"og:description\" content=\"Le masque doux Reedle Shot 300 en 2 \u00e9tapes de VT Cosmetics est con\u00e7u pour affiner le grain de peau, minimiser les pores et offrir une hydratation intense. Ce masque double action associe une technologie innovante \u00e0 des ingr\u00e9dients apaisants pour am\u00e9liorer l&#039;\u00e9tat de la peau.  Id\u00e9al pour tous les types de peau, y compris les peaux sensibles, ce masque en deux \u00e9tapes est un excellent choix pour celles qui recherchent une peau plus lisse et plus uniforme, avec des pores r\u00e9duits. Sa formule est con\u00e7ue pour am\u00e9liorer la texture globale de la peau tout en \u00e9quilibrant son hydratation et en lui procurant une hydratation longue dur\u00e9e.\" \/>\n<meta property=\"og:url\" content=\"https:\/\/purecosmetics-shop.com\/accueil\/produit\/reedle-shot-300-2-step-mask\/\" \/>\n<meta property=\"og:site_name\" content=\"Pure Cosmetics\" \/>\n<meta property=\"article:modified_time\" content=\"2026-03-04T00:56:32+00:00\" \/>\n<meta property=\"og:image\" content=\"https:\/\/purecosmetics-shop.com\/wp-content\/uploads\/2025\/03\/reedle300.webp\" \/>\n\t<meta property=\"og:image:width\" content=\"1200\" \/>\n\t<meta property=\"og:image:height\" content=\"1200\" \/>\n\t<meta property=\"og:image:type\" content=\"image\/webp\" \/>\n<meta name=\"twitter:card\" content=\"summary_large_image\" \/>\n<meta name=\"twitter:label1\" content=\"Dur\u00e9e de lecture estim\u00e9e\" \/>\n\t<meta name=\"twitter:data1\" content=\"2 minutes\" \/>\n<script type=\"application\/ld+json\" class=\"yoast-schema-graph\">{\"@context\":\"https:\\\/\\\/schema.org\",\"@graph\":[{\"@type\":\"WebPage\",\"@id\":\"https:\\\/\\\/purecosmetics-shop.com\\\/accueil\\\/produit\\\/reedle-shot-300-2-step-mask\\\/\",\"url\":\"https:\\\/\\\/purecosmetics-shop.com\\\/accueil\\\/produit\\\/reedle-shot-300-2-step-mask\\\/\",\"name\":\"Reedle shot 300 2 step mask - Pure Cosmetics\",\"isPartOf\":{\"@id\":\"https:\\\/\\\/purecosmetics-shop.com\\\/accueil\\\/#website\"},\"primaryImageOfPage\":{\"@id\":\"https:\\\/\\\/purecosmetics-shop.com\\\/accueil\\\/produit\\\/reedle-shot-300-2-step-mask\\\/#primaryimage\"},\"image\":{\"@id\":\"https:\\\/\\\/purecosmetics-shop.com\\\/accueil\\\/produit\\\/reedle-shot-300-2-step-mask\\\/#primaryimage\"},\"thumbnailUrl\":\"https:\\\/\\\/purecosmetics-shop.com\\\/wp-content\\\/uploads\\\/2025\\\/03\\\/reedle300.webp\",\"datePublished\":\"2025-03-13T19:34:52+00:00\",\"dateModified\":\"2026-03-04T00:56:32+00:00\",\"breadcrumb\":{\"@id\":\"https:\\\/\\\/purecosmetics-shop.com\\\/accueil\\\/produit\\\/reedle-shot-300-2-step-mask\\\/#breadcrumb\"},\"inLanguage\":\"fr-FR\",\"potentialAction\":[{\"@type\":\"ReadAction\",\"target\":[\"https:\\\/\\\/purecosmetics-shop.com\\\/accueil\\\/produit\\\/reedle-shot-300-2-step-mask\\\/\"]}]},{\"@type\":\"ImageObject\",\"inLanguage\":\"fr-FR\",\"@id\":\"https:\\\/\\\/purecosmetics-shop.com\\\/accueil\\\/produit\\\/reedle-shot-300-2-step-mask\\\/#primaryimage\",\"url\":\"https:\\\/\\\/purecosmetics-shop.com\\\/wp-content\\\/uploads\\\/2025\\\/03\\\/reedle300.webp\",\"contentUrl\":\"https:\\\/\\\/purecosmetics-shop.com\\\/wp-content\\\/uploads\\\/2025\\\/03\\\/reedle300.webp\",\"width\":1200,\"height\":1200},{\"@type\":\"BreadcrumbList\",\"@id\":\"https:\\\/\\\/purecosmetics-shop.com\\\/accueil\\\/produit\\\/reedle-shot-300-2-step-mask\\\/#breadcrumb\",\"itemListElement\":[{\"@type\":\"ListItem\",\"position\":1,\"name\":\"Accueil\",\"item\":\"https:\\\/\\\/purecosmetics-shop.com\\\/accueil\\\/\"},{\"@type\":\"ListItem\",\"position\":2,\"name\":\"NOUVEAUT\u00c9S\",\"item\":\"https:\\\/\\\/purecosmetics-shop.com\\\/accueil\\\/nouveautes\\\/\"},{\"@type\":\"ListItem\",\"position\":3,\"name\":\"Reedle shot 300 2 step mask\"}]},{\"@type\":\"WebSite\",\"@id\":\"https:\\\/\\\/purecosmetics-shop.com\\\/accueil\\\/#website\",\"url\":\"https:\\\/\\\/purecosmetics-shop.com\\\/accueil\\\/\",\"name\":\"Pure Cosmetics\",\"description\":\"Skincare cor\u00e9enne et japonais\",\"publisher\":{\"@id\":\"https:\\\/\\\/purecosmetics-shop.com\\\/accueil\\\/#organization\"},\"potentialAction\":[{\"@type\":\"SearchAction\",\"target\":{\"@type\":\"EntryPoint\",\"urlTemplate\":\"https:\\\/\\\/purecosmetics-shop.com\\\/accueil\\\/?s={search_term_string}\"},\"query-input\":{\"@type\":\"PropertyValueSpecification\",\"valueRequired\":true,\"valueName\":\"search_term_string\"}}],\"inLanguage\":\"fr-FR\"},{\"@type\":\"Organization\",\"@id\":\"https:\\\/\\\/purecosmetics-shop.com\\\/accueil\\\/#organization\",\"name\":\"Pure Cosmetics\",\"url\":\"https:\\\/\\\/purecosmetics-shop.com\\\/accueil\\\/\",\"logo\":{\"@type\":\"ImageObject\",\"inLanguage\":\"fr-FR\",\"@id\":\"https:\\\/\\\/purecosmetics-shop.com\\\/accueil\\\/#\\\/schema\\\/logo\\\/image\\\/\",\"url\":\"https:\\\/\\\/purecosmetics-shop.com\\\/wp-content\\\/uploads\\\/2025\\\/04\\\/cropped-Pure-Cosmetics-black-2.png\",\"contentUrl\":\"https:\\\/\\\/purecosmetics-shop.com\\\/wp-content\\\/uploads\\\/2025\\\/04\\\/cropped-Pure-Cosmetics-black-2.png\",\"width\":2362,\"height\":2324,\"caption\":\"Pure Cosmetics\"},\"image\":{\"@id\":\"https:\\\/\\\/purecosmetics-shop.com\\\/accueil\\\/#\\\/schema\\\/logo\\\/image\\\/\"}}]}<\/script>\n<!-- \/ Yoast SEO plugin. -->","yoast_head_json":{"title":"Reedle shot 300 2 step mask - Pure Cosmetics","robots":{"index":"index","follow":"follow","max-snippet":"max-snippet:-1","max-image-preview":"max-image-preview:large","max-video-preview":"max-video-preview:-1"},"canonical":"https:\/\/purecosmetics-shop.com\/accueil\/produit\/reedle-shot-300-2-step-mask\/","og_locale":"fr_FR","og_type":"article","og_title":"Reedle shot 300 2 step mask - Pure Cosmetics","og_description":"Le masque doux Reedle Shot 300 en 2 \u00e9tapes de VT Cosmetics est con\u00e7u pour affiner le grain de peau, minimiser les pores et offrir une hydratation intense. Ce masque double action associe une technologie innovante \u00e0 des ingr\u00e9dients apaisants pour am\u00e9liorer l'\u00e9tat de la peau.  Id\u00e9al pour tous les types de peau, y compris les peaux sensibles, ce masque en deux \u00e9tapes est un excellent choix pour celles qui recherchent une peau plus lisse et plus uniforme, avec des pores r\u00e9duits. Sa formule est con\u00e7ue pour am\u00e9liorer la texture globale de la peau tout en \u00e9quilibrant son hydratation et en lui procurant une hydratation longue dur\u00e9e.","og_url":"https:\/\/purecosmetics-shop.com\/accueil\/produit\/reedle-shot-300-2-step-mask\/","og_site_name":"Pure Cosmetics","article_modified_time":"2026-03-04T00:56:32+00:00","og_image":[{"width":1200,"height":1200,"url":"https:\/\/purecosmetics-shop.com\/wp-content\/uploads\/2025\/03\/reedle300.webp","type":"image\/webp"}],"twitter_card":"summary_large_image","twitter_misc":{"Dur\u00e9e de lecture estim\u00e9e":"2 minutes"},"schema":{"@context":"https:\/\/schema.org","@graph":[{"@type":"WebPage","@id":"https:\/\/purecosmetics-shop.com\/accueil\/produit\/reedle-shot-300-2-step-mask\/","url":"https:\/\/purecosmetics-shop.com\/accueil\/produit\/reedle-shot-300-2-step-mask\/","name":"Reedle shot 300 2 step mask - Pure Cosmetics","isPartOf":{"@id":"https:\/\/purecosmetics-shop.com\/accueil\/#website"},"primaryImageOfPage":{"@id":"https:\/\/purecosmetics-shop.com\/accueil\/produit\/reedle-shot-300-2-step-mask\/#primaryimage"},"image":{"@id":"https:\/\/purecosmetics-shop.com\/accueil\/produit\/reedle-shot-300-2-step-mask\/#primaryimage"},"thumbnailUrl":"https:\/\/purecosmetics-shop.com\/wp-content\/uploads\/2025\/03\/reedle300.webp","datePublished":"2025-03-13T19:34:52+00:00","dateModified":"2026-03-04T00:56:32+00:00","breadcrumb":{"@id":"https:\/\/purecosmetics-shop.com\/accueil\/produit\/reedle-shot-300-2-step-mask\/#breadcrumb"},"inLanguage":"fr-FR","potentialAction":[{"@type":"ReadAction","target":["https:\/\/purecosmetics-shop.com\/accueil\/produit\/reedle-shot-300-2-step-mask\/"]}]},{"@type":"ImageObject","inLanguage":"fr-FR","@id":"https:\/\/purecosmetics-shop.com\/accueil\/produit\/reedle-shot-300-2-step-mask\/#primaryimage","url":"https:\/\/purecosmetics-shop.com\/wp-content\/uploads\/2025\/03\/reedle300.webp","contentUrl":"https:\/\/purecosmetics-shop.com\/wp-content\/uploads\/2025\/03\/reedle300.webp","width":1200,"height":1200},{"@type":"BreadcrumbList","@id":"https:\/\/purecosmetics-shop.com\/accueil\/produit\/reedle-shot-300-2-step-mask\/#breadcrumb","itemListElement":[{"@type":"ListItem","position":1,"name":"Accueil","item":"https:\/\/purecosmetics-shop.com\/accueil\/"},{"@type":"ListItem","position":2,"name":"NOUVEAUT\u00c9S","item":"https:\/\/purecosmetics-shop.com\/accueil\/nouveautes\/"},{"@type":"ListItem","position":3,"name":"Reedle shot 300 2 step mask"}]},{"@type":"WebSite","@id":"https:\/\/purecosmetics-shop.com\/accueil\/#website","url":"https:\/\/purecosmetics-shop.com\/accueil\/","name":"Pure Cosmetics","description":"Skincare cor\u00e9enne et japonais","publisher":{"@id":"https:\/\/purecosmetics-shop.com\/accueil\/#organization"},"potentialAction":[{"@type":"SearchAction","target":{"@type":"EntryPoint","urlTemplate":"https:\/\/purecosmetics-shop.com\/accueil\/?s={search_term_string}"},"query-input":{"@type":"PropertyValueSpecification","valueRequired":true,"valueName":"search_term_string"}}],"inLanguage":"fr-FR"},{"@type":"Organization","@id":"https:\/\/purecosmetics-shop.com\/accueil\/#organization","name":"Pure Cosmetics","url":"https:\/\/purecosmetics-shop.com\/accueil\/","logo":{"@type":"ImageObject","inLanguage":"fr-FR","@id":"https:\/\/purecosmetics-shop.com\/accueil\/#\/schema\/logo\/image\/","url":"https:\/\/purecosmetics-shop.com\/wp-content\/uploads\/2025\/04\/cropped-Pure-Cosmetics-black-2.png","contentUrl":"https:\/\/purecosmetics-shop.com\/wp-content\/uploads\/2025\/04\/cropped-Pure-Cosmetics-black-2.png","width":2362,"height":2324,"caption":"Pure Cosmetics"},"image":{"@id":"https:\/\/purecosmetics-shop.com\/accueil\/#\/schema\/logo\/image\/"}}]}},"jetpack_sharing_enabled":true,"_links":{"self":[{"href":"https:\/\/purecosmetics-shop.com\/accueil\/wp-json\/wp\/v2\/product\/2355","targetHints":{"allow":["GET"]}}],"collection":[{"href":"https:\/\/purecosmetics-shop.com\/accueil\/wp-json\/wp\/v2\/product"}],"about":[{"href":"https:\/\/purecosmetics-shop.com\/accueil\/wp-json\/wp\/v2\/types\/product"}],"replies":[{"embeddable":true,"href":"https:\/\/purecosmetics-shop.com\/accueil\/wp-json\/wp\/v2\/comments?post=2355"}],"version-history":[{"count":2,"href":"https:\/\/purecosmetics-shop.com\/accueil\/wp-json\/wp\/v2\/product\/2355\/revisions"}],"predecessor-version":[{"id":2490,"href":"https:\/\/purecosmetics-shop.com\/accueil\/wp-json\/wp\/v2\/product\/2355\/revisions\/2490"}],"wp:featuredmedia":[{"embeddable":true,"href":"https:\/\/purecosmetics-shop.com\/accueil\/wp-json\/wp\/v2\/media\/2484"}],"wp:attachment":[{"href":"https:\/\/purecosmetics-shop.com\/accueil\/wp-json\/wp\/v2\/media?parent=2355"}],"wp:term":[{"taxonomy":"product_brand","embeddable":true,"href":"https:\/\/purecosmetics-shop.com\/accueil\/wp-json\/wp\/v2\/product_brand?post=2355"},{"taxonomy":"product_cat","embeddable":true,"href":"https:\/\/purecosmetics-shop.com\/accueil\/wp-json\/wp\/v2\/product_cat?post=2355"},{"taxonomy":"product_tag","embeddable":true,"href":"https:\/\/purecosmetics-shop.com\/accueil\/wp-json\/wp\/v2\/product_tag?post=2355"}],"curies":[{"name":"wp","href":"https:\/\/api.w.org\/{rel}","templated":true}]}}