{"id":2352,"date":"2025-03-13T15:34:52","date_gmt":"2025-03-13T19:34:52","guid":{"rendered":"https:\/\/purecosmetics-shop.com\/accueil\/produit\/teatree-pore-3-minutes-mask\/"},"modified":"2026-04-18T05:45:46","modified_gmt":"2026-04-18T09:45:46","slug":"teatree-pore-3-minutes-mask","status":"publish","type":"product","link":"https:\/\/purecosmetics-shop.com\/accueil\/produit\/teatree-pore-3-minutes-mask\/","title":{"rendered":"Teatree pore 3 minutes mask"},"content":{"rendered":"<p>\u00ab\u00a03 Minute Mask Puremyde avec WHP\u00a0\u00bb a \u00e9t\u00e9 am\u00e9lior\u00e9 !\u00a0Contient des ingr\u00e9dients exclusifs, du PHA\u00a0et 8 types d&rsquo;extraits de plantes<br \/>\npour aider \u00e0 pr\u00e9venir la peau rugueuse. Quantit\u00e9 d&rsquo;essence augment\u00e9e !<\/p>\n<p>Vous pouvez l&rsquo;utiliser jusqu&rsquo;\u00e0 la derni\u00e8re feuille et il restera humide. Le drap doux s&rsquo;adapte parfaitement \u00e0 la peau et utilise des feuilles de charbon de bambou noir qui absorbent la salet\u00e9 des pores .<\/p>\n<p>Ce drap doux est rempli d&rsquo;essences d&rsquo;\u00a0arbre \u00e0 th\u00e9\u00a0, de charbon de bois\u00a0et de cendres volcaniques, qui lissent la texture irr\u00e9guli\u00e8re de la peau, pr\u00e9viennent la rugosit\u00e9 et resserrent la peau, conduisant \u00e0 des pores lisses et moins visibles.<\/p>\n<p>Contient l&rsquo;ingr\u00e9dient exclusif Tea Tree Calming Biome, des ingr\u00e9dients d&rsquo;arbre \u00e0 th\u00e9 , du charbon de bois et des cendres volcaniques\u00a0pour raffermir la peau et pr\u00e9venir la peau rugueuse.<\/p>\n","protected":false},"excerpt":{"rendered":"<p>\u00ab\u00a03 Minute Mask Puremyde avec WHP\u00a0\u00bb a \u00e9t\u00e9 am\u00e9lior\u00e9 !\u00a0Contient des ingr\u00e9dients exclusifs, du PHA\u00a0et 8 types d&rsquo;extraits de plantes<br \/>\npour aider \u00e0 pr\u00e9venir la peau rugueuse. Quantit\u00e9 d&rsquo;essence augment\u00e9e !<\/p>\n<p>Vous pouvez l&rsquo;utiliser jusqu&rsquo;\u00e0 la derni\u00e8re feuille et il restera humide. Le drap doux s&rsquo;adapte parfaitement \u00e0 la peau et utilise des feuilles de charbon de bambou noir qui absorbent la salet\u00e9 des pores .<\/p>\n<p>Contient 7 masques.<\/p>\n","protected":false},"featured_media":2514,"comment_status":"open","ping_status":"closed","template":"","meta":[],"product_brand":[152],"product_cat":[108,23,114,116,117],"product_tag":[],"class_list":{"0":"post-2352","1":"product","2":"type-product","3":"status-publish","4":"has-post-thumbnail","6":"product_brand-mediheal","7":"product_cat-anti-imperfections-et-pores","8":"product_cat-masque","9":"product_cat-peau-granuleuse","10":"product_cat-peau-mixte","11":"product_cat-peau-normale","13":"first","14":"instock","15":"shipping-taxable","16":"purchasable","17":"product-type-simple"},"yoast_head":"<!-- This site is optimized with the Yoast SEO plugin v27.4 - https:\/\/yoast.com\/product\/yoast-seo-wordpress\/ -->\n<title>Teatree pore 3 minutes mask - Pure Cosmetics<\/title>\n<meta name=\"robots\" content=\"index, follow, max-snippet:-1, max-image-preview:large, max-video-preview:-1\" \/>\n<link rel=\"canonical\" href=\"https:\/\/purecosmetics-shop.com\/accueil\/produit\/teatree-pore-3-minutes-mask\/\" \/>\n<meta property=\"og:locale\" content=\"fr_FR\" \/>\n<meta property=\"og:type\" content=\"article\" \/>\n<meta property=\"og:title\" content=\"Teatree pore 3 minutes mask - Pure Cosmetics\" \/>\n<meta property=\"og:description\" content=\"&quot;3 Minute Mask Puremyde avec WHP&quot; a \u00e9t\u00e9 am\u00e9lior\u00e9 !\u00a0Contient des ingr\u00e9dients exclusifs, du PHA\u00a0et 8 types d&#039;extraits de plantes pour aider \u00e0 pr\u00e9venir la peau rugueuse. Quantit\u00e9 d&#039;essence augment\u00e9e !  Vous pouvez l&#039;utiliser jusqu&#039;\u00e0 la derni\u00e8re feuille et il restera humide. Le drap doux s&#039;adapte parfaitement \u00e0 la peau et utilise des feuilles de charbon de bambou noir qui absorbent la salet\u00e9 des pores .  Contient 7 masques.\" \/>\n<meta property=\"og:url\" content=\"https:\/\/purecosmetics-shop.com\/accueil\/produit\/teatree-pore-3-minutes-mask\/\" \/>\n<meta property=\"og:site_name\" content=\"Pure Cosmetics\" \/>\n<meta property=\"article:modified_time\" content=\"2026-04-18T09:45:46+00:00\" \/>\n<meta property=\"og:image\" content=\"https:\/\/purecosmetics-shop.com\/wp-content\/uploads\/2025\/03\/Teatree-pore-3-minutes-mask.jpg\" \/>\n\t<meta property=\"og:image:width\" content=\"600\" \/>\n\t<meta property=\"og:image:height\" content=\"600\" \/>\n\t<meta property=\"og:image:type\" content=\"image\/jpeg\" \/>\n<meta name=\"twitter:card\" content=\"summary_large_image\" \/>\n<meta name=\"twitter:label1\" content=\"Dur\u00e9e de lecture estim\u00e9e\" \/>\n\t<meta name=\"twitter:data1\" content=\"1 minute\" \/>\n<script type=\"application\/ld+json\" class=\"yoast-schema-graph\">{\"@context\":\"https:\\\/\\\/schema.org\",\"@graph\":[{\"@type\":\"WebPage\",\"@id\":\"https:\\\/\\\/purecosmetics-shop.com\\\/accueil\\\/produit\\\/teatree-pore-3-minutes-mask\\\/\",\"url\":\"https:\\\/\\\/purecosmetics-shop.com\\\/accueil\\\/produit\\\/teatree-pore-3-minutes-mask\\\/\",\"name\":\"Teatree pore 3 minutes mask - Pure Cosmetics\",\"isPartOf\":{\"@id\":\"https:\\\/\\\/purecosmetics-shop.com\\\/accueil\\\/#website\"},\"primaryImageOfPage\":{\"@id\":\"https:\\\/\\\/purecosmetics-shop.com\\\/accueil\\\/produit\\\/teatree-pore-3-minutes-mask\\\/#primaryimage\"},\"image\":{\"@id\":\"https:\\\/\\\/purecosmetics-shop.com\\\/accueil\\\/produit\\\/teatree-pore-3-minutes-mask\\\/#primaryimage\"},\"thumbnailUrl\":\"https:\\\/\\\/purecosmetics-shop.com\\\/wp-content\\\/uploads\\\/2025\\\/03\\\/Teatree-pore-3-minutes-mask.jpg\",\"datePublished\":\"2025-03-13T19:34:52+00:00\",\"dateModified\":\"2026-04-18T09:45:46+00:00\",\"breadcrumb\":{\"@id\":\"https:\\\/\\\/purecosmetics-shop.com\\\/accueil\\\/produit\\\/teatree-pore-3-minutes-mask\\\/#breadcrumb\"},\"inLanguage\":\"fr-FR\",\"potentialAction\":[{\"@type\":\"ReadAction\",\"target\":[\"https:\\\/\\\/purecosmetics-shop.com\\\/accueil\\\/produit\\\/teatree-pore-3-minutes-mask\\\/\"]}]},{\"@type\":\"ImageObject\",\"inLanguage\":\"fr-FR\",\"@id\":\"https:\\\/\\\/purecosmetics-shop.com\\\/accueil\\\/produit\\\/teatree-pore-3-minutes-mask\\\/#primaryimage\",\"url\":\"https:\\\/\\\/purecosmetics-shop.com\\\/wp-content\\\/uploads\\\/2025\\\/03\\\/Teatree-pore-3-minutes-mask.jpg\",\"contentUrl\":\"https:\\\/\\\/purecosmetics-shop.com\\\/wp-content\\\/uploads\\\/2025\\\/03\\\/Teatree-pore-3-minutes-mask.jpg\",\"width\":600,\"height\":600},{\"@type\":\"BreadcrumbList\",\"@id\":\"https:\\\/\\\/purecosmetics-shop.com\\\/accueil\\\/produit\\\/teatree-pore-3-minutes-mask\\\/#breadcrumb\",\"itemListElement\":[{\"@type\":\"ListItem\",\"position\":1,\"name\":\"Accueil\",\"item\":\"https:\\\/\\\/purecosmetics-shop.com\\\/accueil\\\/\"},{\"@type\":\"ListItem\",\"position\":2,\"name\":\"NOUVEAUT\u00c9S\",\"item\":\"https:\\\/\\\/purecosmetics-shop.com\\\/accueil\\\/nouveautes\\\/\"},{\"@type\":\"ListItem\",\"position\":3,\"name\":\"Teatree pore 3 minutes mask\"}]},{\"@type\":\"WebSite\",\"@id\":\"https:\\\/\\\/purecosmetics-shop.com\\\/accueil\\\/#website\",\"url\":\"https:\\\/\\\/purecosmetics-shop.com\\\/accueil\\\/\",\"name\":\"Pure Cosmetics\",\"description\":\"Skincare cor\u00e9enne et japonais\",\"publisher\":{\"@id\":\"https:\\\/\\\/purecosmetics-shop.com\\\/accueil\\\/#organization\"},\"potentialAction\":[{\"@type\":\"SearchAction\",\"target\":{\"@type\":\"EntryPoint\",\"urlTemplate\":\"https:\\\/\\\/purecosmetics-shop.com\\\/accueil\\\/?s={search_term_string}\"},\"query-input\":{\"@type\":\"PropertyValueSpecification\",\"valueRequired\":true,\"valueName\":\"search_term_string\"}}],\"inLanguage\":\"fr-FR\"},{\"@type\":\"Organization\",\"@id\":\"https:\\\/\\\/purecosmetics-shop.com\\\/accueil\\\/#organization\",\"name\":\"Pure Cosmetics\",\"url\":\"https:\\\/\\\/purecosmetics-shop.com\\\/accueil\\\/\",\"logo\":{\"@type\":\"ImageObject\",\"inLanguage\":\"fr-FR\",\"@id\":\"https:\\\/\\\/purecosmetics-shop.com\\\/accueil\\\/#\\\/schema\\\/logo\\\/image\\\/\",\"url\":\"https:\\\/\\\/purecosmetics-shop.com\\\/wp-content\\\/uploads\\\/2025\\\/04\\\/cropped-Pure-Cosmetics-black-2.png\",\"contentUrl\":\"https:\\\/\\\/purecosmetics-shop.com\\\/wp-content\\\/uploads\\\/2025\\\/04\\\/cropped-Pure-Cosmetics-black-2.png\",\"width\":2362,\"height\":2324,\"caption\":\"Pure Cosmetics\"},\"image\":{\"@id\":\"https:\\\/\\\/purecosmetics-shop.com\\\/accueil\\\/#\\\/schema\\\/logo\\\/image\\\/\"}}]}<\/script>\n<!-- \/ Yoast SEO plugin. -->","yoast_head_json":{"title":"Teatree pore 3 minutes mask - Pure Cosmetics","robots":{"index":"index","follow":"follow","max-snippet":"max-snippet:-1","max-image-preview":"max-image-preview:large","max-video-preview":"max-video-preview:-1"},"canonical":"https:\/\/purecosmetics-shop.com\/accueil\/produit\/teatree-pore-3-minutes-mask\/","og_locale":"fr_FR","og_type":"article","og_title":"Teatree pore 3 minutes mask - Pure Cosmetics","og_description":"\"3 Minute Mask Puremyde avec WHP\" a \u00e9t\u00e9 am\u00e9lior\u00e9 !\u00a0Contient des ingr\u00e9dients exclusifs, du PHA\u00a0et 8 types d'extraits de plantes pour aider \u00e0 pr\u00e9venir la peau rugueuse. Quantit\u00e9 d'essence augment\u00e9e !  Vous pouvez l'utiliser jusqu'\u00e0 la derni\u00e8re feuille et il restera humide. Le drap doux s'adapte parfaitement \u00e0 la peau et utilise des feuilles de charbon de bambou noir qui absorbent la salet\u00e9 des pores .  Contient 7 masques.","og_url":"https:\/\/purecosmetics-shop.com\/accueil\/produit\/teatree-pore-3-minutes-mask\/","og_site_name":"Pure Cosmetics","article_modified_time":"2026-04-18T09:45:46+00:00","og_image":[{"width":600,"height":600,"url":"https:\/\/purecosmetics-shop.com\/wp-content\/uploads\/2025\/03\/Teatree-pore-3-minutes-mask.jpg","type":"image\/jpeg"}],"twitter_card":"summary_large_image","twitter_misc":{"Dur\u00e9e de lecture estim\u00e9e":"1 minute"},"schema":{"@context":"https:\/\/schema.org","@graph":[{"@type":"WebPage","@id":"https:\/\/purecosmetics-shop.com\/accueil\/produit\/teatree-pore-3-minutes-mask\/","url":"https:\/\/purecosmetics-shop.com\/accueil\/produit\/teatree-pore-3-minutes-mask\/","name":"Teatree pore 3 minutes mask - Pure Cosmetics","isPartOf":{"@id":"https:\/\/purecosmetics-shop.com\/accueil\/#website"},"primaryImageOfPage":{"@id":"https:\/\/purecosmetics-shop.com\/accueil\/produit\/teatree-pore-3-minutes-mask\/#primaryimage"},"image":{"@id":"https:\/\/purecosmetics-shop.com\/accueil\/produit\/teatree-pore-3-minutes-mask\/#primaryimage"},"thumbnailUrl":"https:\/\/purecosmetics-shop.com\/wp-content\/uploads\/2025\/03\/Teatree-pore-3-minutes-mask.jpg","datePublished":"2025-03-13T19:34:52+00:00","dateModified":"2026-04-18T09:45:46+00:00","breadcrumb":{"@id":"https:\/\/purecosmetics-shop.com\/accueil\/produit\/teatree-pore-3-minutes-mask\/#breadcrumb"},"inLanguage":"fr-FR","potentialAction":[{"@type":"ReadAction","target":["https:\/\/purecosmetics-shop.com\/accueil\/produit\/teatree-pore-3-minutes-mask\/"]}]},{"@type":"ImageObject","inLanguage":"fr-FR","@id":"https:\/\/purecosmetics-shop.com\/accueil\/produit\/teatree-pore-3-minutes-mask\/#primaryimage","url":"https:\/\/purecosmetics-shop.com\/wp-content\/uploads\/2025\/03\/Teatree-pore-3-minutes-mask.jpg","contentUrl":"https:\/\/purecosmetics-shop.com\/wp-content\/uploads\/2025\/03\/Teatree-pore-3-minutes-mask.jpg","width":600,"height":600},{"@type":"BreadcrumbList","@id":"https:\/\/purecosmetics-shop.com\/accueil\/produit\/teatree-pore-3-minutes-mask\/#breadcrumb","itemListElement":[{"@type":"ListItem","position":1,"name":"Accueil","item":"https:\/\/purecosmetics-shop.com\/accueil\/"},{"@type":"ListItem","position":2,"name":"NOUVEAUT\u00c9S","item":"https:\/\/purecosmetics-shop.com\/accueil\/nouveautes\/"},{"@type":"ListItem","position":3,"name":"Teatree pore 3 minutes mask"}]},{"@type":"WebSite","@id":"https:\/\/purecosmetics-shop.com\/accueil\/#website","url":"https:\/\/purecosmetics-shop.com\/accueil\/","name":"Pure Cosmetics","description":"Skincare cor\u00e9enne et japonais","publisher":{"@id":"https:\/\/purecosmetics-shop.com\/accueil\/#organization"},"potentialAction":[{"@type":"SearchAction","target":{"@type":"EntryPoint","urlTemplate":"https:\/\/purecosmetics-shop.com\/accueil\/?s={search_term_string}"},"query-input":{"@type":"PropertyValueSpecification","valueRequired":true,"valueName":"search_term_string"}}],"inLanguage":"fr-FR"},{"@type":"Organization","@id":"https:\/\/purecosmetics-shop.com\/accueil\/#organization","name":"Pure Cosmetics","url":"https:\/\/purecosmetics-shop.com\/accueil\/","logo":{"@type":"ImageObject","inLanguage":"fr-FR","@id":"https:\/\/purecosmetics-shop.com\/accueil\/#\/schema\/logo\/image\/","url":"https:\/\/purecosmetics-shop.com\/wp-content\/uploads\/2025\/04\/cropped-Pure-Cosmetics-black-2.png","contentUrl":"https:\/\/purecosmetics-shop.com\/wp-content\/uploads\/2025\/04\/cropped-Pure-Cosmetics-black-2.png","width":2362,"height":2324,"caption":"Pure Cosmetics"},"image":{"@id":"https:\/\/purecosmetics-shop.com\/accueil\/#\/schema\/logo\/image\/"}}]}},"jetpack_sharing_enabled":true,"_links":{"self":[{"href":"https:\/\/purecosmetics-shop.com\/accueil\/wp-json\/wp\/v2\/product\/2352","targetHints":{"allow":["GET"]}}],"collection":[{"href":"https:\/\/purecosmetics-shop.com\/accueil\/wp-json\/wp\/v2\/product"}],"about":[{"href":"https:\/\/purecosmetics-shop.com\/accueil\/wp-json\/wp\/v2\/types\/product"}],"replies":[{"embeddable":true,"href":"https:\/\/purecosmetics-shop.com\/accueil\/wp-json\/wp\/v2\/comments?post=2352"}],"version-history":[{"count":3,"href":"https:\/\/purecosmetics-shop.com\/accueil\/wp-json\/wp\/v2\/product\/2352\/revisions"}],"predecessor-version":[{"id":2566,"href":"https:\/\/purecosmetics-shop.com\/accueil\/wp-json\/wp\/v2\/product\/2352\/revisions\/2566"}],"wp:featuredmedia":[{"embeddable":true,"href":"https:\/\/purecosmetics-shop.com\/accueil\/wp-json\/wp\/v2\/media\/2514"}],"wp:attachment":[{"href":"https:\/\/purecosmetics-shop.com\/accueil\/wp-json\/wp\/v2\/media?parent=2352"}],"wp:term":[{"taxonomy":"product_brand","embeddable":true,"href":"https:\/\/purecosmetics-shop.com\/accueil\/wp-json\/wp\/v2\/product_brand?post=2352"},{"taxonomy":"product_cat","embeddable":true,"href":"https:\/\/purecosmetics-shop.com\/accueil\/wp-json\/wp\/v2\/product_cat?post=2352"},{"taxonomy":"product_tag","embeddable":true,"href":"https:\/\/purecosmetics-shop.com\/accueil\/wp-json\/wp\/v2\/product_tag?post=2352"}],"curies":[{"name":"wp","href":"https:\/\/api.w.org\/{rel}","templated":true}]}}