{"id":2347,"date":"2025-03-13T15:34:50","date_gmt":"2025-03-13T19:34:50","guid":{"rendered":"https:\/\/purecosmetics-shop.com\/accueil\/produit\/reedle-shot-1000-2-step-mask\/"},"modified":"2026-04-16T01:06:46","modified_gmt":"2026-04-16T05:06:46","slug":"reedle-shot-1000-2-step-mask","status":"publish","type":"product","link":"https:\/\/purecosmetics-shop.com\/accueil\/produit\/reedle-shot-1000-2-step-mask\/","title":{"rendered":"Reedle shot 1000 2 step mask"},"content":{"rendered":"<p>Ce masque en 2 \u00e9tapes, compos\u00e9 de Reedle Shot 1000 et du masque Synergy, aide \u00e0 affiner la peau rugueuse et \u00e0 \u00e9liminer les cellules mortes pour une peau naturellement lisse.<\/p>\n<p><strong>\u00c9tape 1<\/strong><\/p>\n<p>Reedle Shot 1000 am\u00e9liore l&rsquo;absorption des actifs et minimise les pores dilat\u00e9s.<\/p>\n<p><strong>\u00c9tape 2 <\/strong><\/p>\n<p>Ce masque en tissu vegan apporte \u00e0 la peau des ingr\u00e9dients hydratants et apaisants.<br \/>\nConvient aux peaux irrit\u00e9es.<\/p>\n<p>Apr\u00e8s avoir laiss\u00e9 poser 10 \u00e0 20\u00a0minutes, retirez le masque en tissu et tapotez l\u00e9g\u00e8rement l&rsquo;essence restante sur la peau pour l&rsquo;absorber.<\/p>\n","protected":false},"excerpt":{"rendered":"<p>Ce masque en 2 \u00e9tapes, compos\u00e9 de Reedle Shot 1000 et du masque Synergy, aide \u00e0 affiner la peau rugueuse et \u00e0 \u00e9liminer les cellules mortes pour une peau naturellement lisse.<\/p>\n<p><strong>\u00c9tape 1<\/strong><\/p>\n<p>Reedle Shot 1000 am\u00e9liore l&rsquo;absorption des actifs et minimise les pores dilat\u00e9s.<\/p>\n<p><strong>\u00c9tape 2 <\/strong><\/p>\n<p>Ce masque en tissu vegan apporte \u00e0 la peau des ingr\u00e9dients hydratants et apaisants.<br \/>\nConvient aux peaux irrit\u00e9es.<\/p>\n","protected":false},"featured_media":3945,"comment_status":"open","ping_status":"closed","template":"","meta":[],"product_brand":[145],"product_cat":[108,109,112,23,114,115,116,117,118],"product_tag":[],"class_list":{"0":"post-2347","1":"product","2":"type-product","3":"status-publish","4":"has-post-thumbnail","6":"product_brand-vt-cosmetics","7":"product_cat-anti-imperfections-et-pores","8":"product_cat-anti-rougeurs-et-irritations","9":"product_cat-hydratation","10":"product_cat-masque","11":"product_cat-peau-granuleuse","12":"product_cat-peau-grasse","13":"product_cat-peau-mixte","14":"product_cat-peau-normale","15":"product_cat-peau-seche","17":"first","18":"instock","19":"shipping-taxable","20":"purchasable","21":"product-type-simple"},"yoast_head":"<!-- This site is optimized with the Yoast SEO plugin v27.4 - https:\/\/yoast.com\/product\/yoast-seo-wordpress\/ -->\n<title>Reedle shot 1000 2 step mask - Pure Cosmetics<\/title>\n<meta name=\"robots\" content=\"index, follow, max-snippet:-1, max-image-preview:large, max-video-preview:-1\" \/>\n<link rel=\"canonical\" href=\"https:\/\/purecosmetics-shop.com\/accueil\/produit\/reedle-shot-1000-2-step-mask\/\" \/>\n<meta property=\"og:locale\" content=\"fr_FR\" \/>\n<meta property=\"og:type\" content=\"article\" \/>\n<meta property=\"og:title\" content=\"Reedle shot 1000 2 step mask - Pure Cosmetics\" \/>\n<meta property=\"og:description\" content=\"Ce masque en 2 \u00e9tapes, compos\u00e9 de Reedle Shot 1000 et du masque Synergy, aide \u00e0 affiner la peau rugueuse et \u00e0 \u00e9liminer les cellules mortes pour une peau naturellement lisse.  \u00c9tape 1  Reedle Shot 1000 am\u00e9liore l&#039;absorption des actifs et minimise les pores dilat\u00e9s.  \u00c9tape 2   Ce masque en tissu vegan apporte \u00e0 la peau des ingr\u00e9dients hydratants et apaisants. Convient aux peaux irrit\u00e9es.\" \/>\n<meta property=\"og:url\" content=\"https:\/\/purecosmetics-shop.com\/accueil\/produit\/reedle-shot-1000-2-step-mask\/\" \/>\n<meta property=\"og:site_name\" content=\"Pure Cosmetics\" \/>\n<meta property=\"article:modified_time\" content=\"2026-04-16T05:06:46+00:00\" \/>\n<meta property=\"og:image\" content=\"https:\/\/purecosmetics-shop.com\/wp-content\/uploads\/2025\/03\/vt-reedle-shot-1000-2-step-mask.jpg\" \/>\n\t<meta property=\"og:image:width\" content=\"600\" \/>\n\t<meta property=\"og:image:height\" content=\"600\" \/>\n\t<meta property=\"og:image:type\" content=\"image\/jpeg\" \/>\n<meta name=\"twitter:card\" content=\"summary_large_image\" \/>\n<meta name=\"twitter:label1\" content=\"Dur\u00e9e de lecture estim\u00e9e\" \/>\n\t<meta name=\"twitter:data1\" content=\"1 minute\" \/>\n<script type=\"application\/ld+json\" class=\"yoast-schema-graph\">{\"@context\":\"https:\\\/\\\/schema.org\",\"@graph\":[{\"@type\":\"WebPage\",\"@id\":\"https:\\\/\\\/purecosmetics-shop.com\\\/accueil\\\/produit\\\/reedle-shot-1000-2-step-mask\\\/\",\"url\":\"https:\\\/\\\/purecosmetics-shop.com\\\/accueil\\\/produit\\\/reedle-shot-1000-2-step-mask\\\/\",\"name\":\"Reedle shot 1000 2 step mask - Pure Cosmetics\",\"isPartOf\":{\"@id\":\"https:\\\/\\\/purecosmetics-shop.com\\\/accueil\\\/#website\"},\"primaryImageOfPage\":{\"@id\":\"https:\\\/\\\/purecosmetics-shop.com\\\/accueil\\\/produit\\\/reedle-shot-1000-2-step-mask\\\/#primaryimage\"},\"image\":{\"@id\":\"https:\\\/\\\/purecosmetics-shop.com\\\/accueil\\\/produit\\\/reedle-shot-1000-2-step-mask\\\/#primaryimage\"},\"thumbnailUrl\":\"https:\\\/\\\/purecosmetics-shop.com\\\/wp-content\\\/uploads\\\/2025\\\/03\\\/vt-reedle-shot-1000-2-step-mask.jpg\",\"datePublished\":\"2025-03-13T19:34:50+00:00\",\"dateModified\":\"2026-04-16T05:06:46+00:00\",\"breadcrumb\":{\"@id\":\"https:\\\/\\\/purecosmetics-shop.com\\\/accueil\\\/produit\\\/reedle-shot-1000-2-step-mask\\\/#breadcrumb\"},\"inLanguage\":\"fr-FR\",\"potentialAction\":[{\"@type\":\"ReadAction\",\"target\":[\"https:\\\/\\\/purecosmetics-shop.com\\\/accueil\\\/produit\\\/reedle-shot-1000-2-step-mask\\\/\"]}]},{\"@type\":\"ImageObject\",\"inLanguage\":\"fr-FR\",\"@id\":\"https:\\\/\\\/purecosmetics-shop.com\\\/accueil\\\/produit\\\/reedle-shot-1000-2-step-mask\\\/#primaryimage\",\"url\":\"https:\\\/\\\/purecosmetics-shop.com\\\/wp-content\\\/uploads\\\/2025\\\/03\\\/vt-reedle-shot-1000-2-step-mask.jpg\",\"contentUrl\":\"https:\\\/\\\/purecosmetics-shop.com\\\/wp-content\\\/uploads\\\/2025\\\/03\\\/vt-reedle-shot-1000-2-step-mask.jpg\",\"width\":600,\"height\":600,\"caption\":\"vt reedle shot 1000 2 step mask\"},{\"@type\":\"BreadcrumbList\",\"@id\":\"https:\\\/\\\/purecosmetics-shop.com\\\/accueil\\\/produit\\\/reedle-shot-1000-2-step-mask\\\/#breadcrumb\",\"itemListElement\":[{\"@type\":\"ListItem\",\"position\":1,\"name\":\"Accueil\",\"item\":\"https:\\\/\\\/purecosmetics-shop.com\\\/accueil\\\/\"},{\"@type\":\"ListItem\",\"position\":2,\"name\":\"NOUVEAUT\u00c9S\",\"item\":\"https:\\\/\\\/purecosmetics-shop.com\\\/accueil\\\/nouveautes\\\/\"},{\"@type\":\"ListItem\",\"position\":3,\"name\":\"Reedle shot 1000 2 step mask\"}]},{\"@type\":\"WebSite\",\"@id\":\"https:\\\/\\\/purecosmetics-shop.com\\\/accueil\\\/#website\",\"url\":\"https:\\\/\\\/purecosmetics-shop.com\\\/accueil\\\/\",\"name\":\"Pure Cosmetics\",\"description\":\"Skincare cor\u00e9enne et japonais\",\"publisher\":{\"@id\":\"https:\\\/\\\/purecosmetics-shop.com\\\/accueil\\\/#organization\"},\"potentialAction\":[{\"@type\":\"SearchAction\",\"target\":{\"@type\":\"EntryPoint\",\"urlTemplate\":\"https:\\\/\\\/purecosmetics-shop.com\\\/accueil\\\/?s={search_term_string}\"},\"query-input\":{\"@type\":\"PropertyValueSpecification\",\"valueRequired\":true,\"valueName\":\"search_term_string\"}}],\"inLanguage\":\"fr-FR\"},{\"@type\":\"Organization\",\"@id\":\"https:\\\/\\\/purecosmetics-shop.com\\\/accueil\\\/#organization\",\"name\":\"Pure Cosmetics\",\"url\":\"https:\\\/\\\/purecosmetics-shop.com\\\/accueil\\\/\",\"logo\":{\"@type\":\"ImageObject\",\"inLanguage\":\"fr-FR\",\"@id\":\"https:\\\/\\\/purecosmetics-shop.com\\\/accueil\\\/#\\\/schema\\\/logo\\\/image\\\/\",\"url\":\"https:\\\/\\\/purecosmetics-shop.com\\\/wp-content\\\/uploads\\\/2025\\\/04\\\/cropped-Pure-Cosmetics-black-2.png\",\"contentUrl\":\"https:\\\/\\\/purecosmetics-shop.com\\\/wp-content\\\/uploads\\\/2025\\\/04\\\/cropped-Pure-Cosmetics-black-2.png\",\"width\":2362,\"height\":2324,\"caption\":\"Pure Cosmetics\"},\"image\":{\"@id\":\"https:\\\/\\\/purecosmetics-shop.com\\\/accueil\\\/#\\\/schema\\\/logo\\\/image\\\/\"}}]}<\/script>\n<!-- \/ Yoast SEO plugin. -->","yoast_head_json":{"title":"Reedle shot 1000 2 step mask - Pure Cosmetics","robots":{"index":"index","follow":"follow","max-snippet":"max-snippet:-1","max-image-preview":"max-image-preview:large","max-video-preview":"max-video-preview:-1"},"canonical":"https:\/\/purecosmetics-shop.com\/accueil\/produit\/reedle-shot-1000-2-step-mask\/","og_locale":"fr_FR","og_type":"article","og_title":"Reedle shot 1000 2 step mask - Pure Cosmetics","og_description":"Ce masque en 2 \u00e9tapes, compos\u00e9 de Reedle Shot 1000 et du masque Synergy, aide \u00e0 affiner la peau rugueuse et \u00e0 \u00e9liminer les cellules mortes pour une peau naturellement lisse.  \u00c9tape 1  Reedle Shot 1000 am\u00e9liore l'absorption des actifs et minimise les pores dilat\u00e9s.  \u00c9tape 2   Ce masque en tissu vegan apporte \u00e0 la peau des ingr\u00e9dients hydratants et apaisants. Convient aux peaux irrit\u00e9es.","og_url":"https:\/\/purecosmetics-shop.com\/accueil\/produit\/reedle-shot-1000-2-step-mask\/","og_site_name":"Pure Cosmetics","article_modified_time":"2026-04-16T05:06:46+00:00","og_image":[{"width":600,"height":600,"url":"https:\/\/purecosmetics-shop.com\/wp-content\/uploads\/2025\/03\/vt-reedle-shot-1000-2-step-mask.jpg","type":"image\/jpeg"}],"twitter_card":"summary_large_image","twitter_misc":{"Dur\u00e9e de lecture estim\u00e9e":"1 minute"},"schema":{"@context":"https:\/\/schema.org","@graph":[{"@type":"WebPage","@id":"https:\/\/purecosmetics-shop.com\/accueil\/produit\/reedle-shot-1000-2-step-mask\/","url":"https:\/\/purecosmetics-shop.com\/accueil\/produit\/reedle-shot-1000-2-step-mask\/","name":"Reedle shot 1000 2 step mask - Pure Cosmetics","isPartOf":{"@id":"https:\/\/purecosmetics-shop.com\/accueil\/#website"},"primaryImageOfPage":{"@id":"https:\/\/purecosmetics-shop.com\/accueil\/produit\/reedle-shot-1000-2-step-mask\/#primaryimage"},"image":{"@id":"https:\/\/purecosmetics-shop.com\/accueil\/produit\/reedle-shot-1000-2-step-mask\/#primaryimage"},"thumbnailUrl":"https:\/\/purecosmetics-shop.com\/wp-content\/uploads\/2025\/03\/vt-reedle-shot-1000-2-step-mask.jpg","datePublished":"2025-03-13T19:34:50+00:00","dateModified":"2026-04-16T05:06:46+00:00","breadcrumb":{"@id":"https:\/\/purecosmetics-shop.com\/accueil\/produit\/reedle-shot-1000-2-step-mask\/#breadcrumb"},"inLanguage":"fr-FR","potentialAction":[{"@type":"ReadAction","target":["https:\/\/purecosmetics-shop.com\/accueil\/produit\/reedle-shot-1000-2-step-mask\/"]}]},{"@type":"ImageObject","inLanguage":"fr-FR","@id":"https:\/\/purecosmetics-shop.com\/accueil\/produit\/reedle-shot-1000-2-step-mask\/#primaryimage","url":"https:\/\/purecosmetics-shop.com\/wp-content\/uploads\/2025\/03\/vt-reedle-shot-1000-2-step-mask.jpg","contentUrl":"https:\/\/purecosmetics-shop.com\/wp-content\/uploads\/2025\/03\/vt-reedle-shot-1000-2-step-mask.jpg","width":600,"height":600,"caption":"vt reedle shot 1000 2 step mask"},{"@type":"BreadcrumbList","@id":"https:\/\/purecosmetics-shop.com\/accueil\/produit\/reedle-shot-1000-2-step-mask\/#breadcrumb","itemListElement":[{"@type":"ListItem","position":1,"name":"Accueil","item":"https:\/\/purecosmetics-shop.com\/accueil\/"},{"@type":"ListItem","position":2,"name":"NOUVEAUT\u00c9S","item":"https:\/\/purecosmetics-shop.com\/accueil\/nouveautes\/"},{"@type":"ListItem","position":3,"name":"Reedle shot 1000 2 step mask"}]},{"@type":"WebSite","@id":"https:\/\/purecosmetics-shop.com\/accueil\/#website","url":"https:\/\/purecosmetics-shop.com\/accueil\/","name":"Pure Cosmetics","description":"Skincare cor\u00e9enne et japonais","publisher":{"@id":"https:\/\/purecosmetics-shop.com\/accueil\/#organization"},"potentialAction":[{"@type":"SearchAction","target":{"@type":"EntryPoint","urlTemplate":"https:\/\/purecosmetics-shop.com\/accueil\/?s={search_term_string}"},"query-input":{"@type":"PropertyValueSpecification","valueRequired":true,"valueName":"search_term_string"}}],"inLanguage":"fr-FR"},{"@type":"Organization","@id":"https:\/\/purecosmetics-shop.com\/accueil\/#organization","name":"Pure Cosmetics","url":"https:\/\/purecosmetics-shop.com\/accueil\/","logo":{"@type":"ImageObject","inLanguage":"fr-FR","@id":"https:\/\/purecosmetics-shop.com\/accueil\/#\/schema\/logo\/image\/","url":"https:\/\/purecosmetics-shop.com\/wp-content\/uploads\/2025\/04\/cropped-Pure-Cosmetics-black-2.png","contentUrl":"https:\/\/purecosmetics-shop.com\/wp-content\/uploads\/2025\/04\/cropped-Pure-Cosmetics-black-2.png","width":2362,"height":2324,"caption":"Pure Cosmetics"},"image":{"@id":"https:\/\/purecosmetics-shop.com\/accueil\/#\/schema\/logo\/image\/"}}]}},"jetpack_sharing_enabled":true,"_links":{"self":[{"href":"https:\/\/purecosmetics-shop.com\/accueil\/wp-json\/wp\/v2\/product\/2347","targetHints":{"allow":["GET"]}}],"collection":[{"href":"https:\/\/purecosmetics-shop.com\/accueil\/wp-json\/wp\/v2\/product"}],"about":[{"href":"https:\/\/purecosmetics-shop.com\/accueil\/wp-json\/wp\/v2\/types\/product"}],"replies":[{"embeddable":true,"href":"https:\/\/purecosmetics-shop.com\/accueil\/wp-json\/wp\/v2\/comments?post=2347"}],"version-history":[{"count":2,"href":"https:\/\/purecosmetics-shop.com\/accueil\/wp-json\/wp\/v2\/product\/2347\/revisions"}],"predecessor-version":[{"id":2496,"href":"https:\/\/purecosmetics-shop.com\/accueil\/wp-json\/wp\/v2\/product\/2347\/revisions\/2496"}],"wp:featuredmedia":[{"embeddable":true,"href":"https:\/\/purecosmetics-shop.com\/accueil\/wp-json\/wp\/v2\/media\/3945"}],"wp:attachment":[{"href":"https:\/\/purecosmetics-shop.com\/accueil\/wp-json\/wp\/v2\/media?parent=2347"}],"wp:term":[{"taxonomy":"product_brand","embeddable":true,"href":"https:\/\/purecosmetics-shop.com\/accueil\/wp-json\/wp\/v2\/product_brand?post=2347"},{"taxonomy":"product_cat","embeddable":true,"href":"https:\/\/purecosmetics-shop.com\/accueil\/wp-json\/wp\/v2\/product_cat?post=2347"},{"taxonomy":"product_tag","embeddable":true,"href":"https:\/\/purecosmetics-shop.com\/accueil\/wp-json\/wp\/v2\/product_tag?post=2347"}],"curies":[{"name":"wp","href":"https:\/\/api.w.org\/{rel}","templated":true}]}}