{"id":2346,"date":"2025-03-13T15:34:50","date_gmt":"2025-03-13T19:34:50","guid":{"rendered":"https:\/\/purecosmetics-shop.com\/accueil\/produit\/milk-brightening-3-minutes-mask\/"},"modified":"2026-04-18T05:47:14","modified_gmt":"2026-04-18T09:47:14","slug":"milk-brightening-3-minutes-mask","status":"publish","type":"product","link":"https:\/\/purecosmetics-shop.com\/accueil\/produit\/milk-brightening-3-minutes-mask\/","title":{"rendered":"Milk brightening 3 minutes mask"},"content":{"rendered":"<ul>\n<li><strong>Milk Bright Complex: <\/strong>En incorporant des prot\u00e9ines de lait, du colostrum et du glutathion dans les liposomes, le pouvoir hydratant et de p\u00e9n\u00e9tration est augment\u00e9 !<\/li>\n<li><strong>Trois types d&rsquo;ingr\u00e9dients laitiers essences:<\/strong><br \/>\nUne essence de soin brillance concentr\u00e9e contenant des prot\u00e9ines de lai , du colostrum et du lactobacille\/liquide de fermentation du lait.<\/li>\n<li><strong>Soin brillance \u00e0 la Niacinamide et AHA:<\/strong><br \/>\nTout en \u00e9liminant les vieilles cellules mortes de la peau, il laisse votre peau lisse et \u00e9clatante.<\/li>\n<li><strong>Feuille de microfibre utilis\u00e9e:<\/strong><br \/>\nLa feuille adh\u00e8re \u00e9troitement \u00e0 la peau, aidant l&rsquo;essence \u00e0 p\u00e9n\u00e9trer et \u00e0 raffermir rapidement la peau, compl\u00e9tant le soin en seulement 3 minutes.<\/li>\n<\/ul>\n","protected":false},"excerpt":{"rendered":"<p class=\"detail-info--name\">Masque \u00e9claircissant au lait 3 minutes.<\/p>\n<p class=\"detail-info--name\">Cette feuille douce est remplie d&rsquo;une essence contenant trois types d&rsquo;ingr\u00e9dients laitiers et du glutathion, qui hydrate la peau sujette au teint terne et \u00e0 la s\u00e9cheresse, conduisant \u00e0 une peau douce et lisse avec un fini brillant.<\/p>\n<p>Contient 7 masques.<\/p>\n<p>&nbsp;<\/p>\n","protected":false},"featured_media":2511,"comment_status":"open","ping_status":"closed","template":"","meta":[],"product_brand":[152],"product_cat":[112,23,117,118],"product_tag":[],"class_list":{"0":"post-2346","1":"product","2":"type-product","3":"status-publish","4":"has-post-thumbnail","6":"product_brand-mediheal","7":"product_cat-hydratation","8":"product_cat-masque","9":"product_cat-peau-normale","10":"product_cat-peau-seche","12":"first","13":"instock","14":"shipping-taxable","15":"purchasable","16":"product-type-simple"},"yoast_head":"<!-- This site is optimized with the Yoast SEO plugin v27.4 - https:\/\/yoast.com\/product\/yoast-seo-wordpress\/ -->\n<title>Milk brightening 3 minutes mask - Pure Cosmetics<\/title>\n<meta name=\"robots\" content=\"index, follow, max-snippet:-1, max-image-preview:large, max-video-preview:-1\" \/>\n<link rel=\"canonical\" href=\"https:\/\/purecosmetics-shop.com\/accueil\/produit\/milk-brightening-3-minutes-mask\/\" \/>\n<meta property=\"og:locale\" content=\"fr_FR\" \/>\n<meta property=\"og:type\" content=\"article\" \/>\n<meta property=\"og:title\" content=\"Milk brightening 3 minutes mask - Pure Cosmetics\" \/>\n<meta property=\"og:description\" content=\"Masque \u00e9claircissant au lait 3 minutes. Cette feuille douce est remplie d&#039;une essence contenant trois types d&#039;ingr\u00e9dients laitiers et du glutathion, qui hydrate la peau sujette au teint terne et \u00e0 la s\u00e9cheresse, conduisant \u00e0 une peau douce et lisse avec un fini brillant. Contient 7 masques.  &nbsp;\" \/>\n<meta property=\"og:url\" content=\"https:\/\/purecosmetics-shop.com\/accueil\/produit\/milk-brightening-3-minutes-mask\/\" \/>\n<meta property=\"og:site_name\" content=\"Pure Cosmetics\" \/>\n<meta property=\"article:modified_time\" content=\"2026-04-18T09:47:14+00:00\" \/>\n<meta property=\"og:image\" content=\"https:\/\/purecosmetics-shop.com\/wp-content\/uploads\/2025\/03\/MBrightening-3-minutes-mask.jpg\" \/>\n\t<meta property=\"og:image:width\" content=\"500\" \/>\n\t<meta property=\"og:image:height\" content=\"500\" \/>\n\t<meta property=\"og:image:type\" content=\"image\/jpeg\" \/>\n<meta name=\"twitter:card\" content=\"summary_large_image\" \/>\n<meta name=\"twitter:label1\" content=\"Dur\u00e9e de lecture estim\u00e9e\" \/>\n\t<meta name=\"twitter:data1\" content=\"1 minute\" \/>\n<script type=\"application\/ld+json\" class=\"yoast-schema-graph\">{\"@context\":\"https:\\\/\\\/schema.org\",\"@graph\":[{\"@type\":\"WebPage\",\"@id\":\"https:\\\/\\\/purecosmetics-shop.com\\\/accueil\\\/produit\\\/milk-brightening-3-minutes-mask\\\/\",\"url\":\"https:\\\/\\\/purecosmetics-shop.com\\\/accueil\\\/produit\\\/milk-brightening-3-minutes-mask\\\/\",\"name\":\"Milk brightening 3 minutes mask - Pure Cosmetics\",\"isPartOf\":{\"@id\":\"https:\\\/\\\/purecosmetics-shop.com\\\/accueil\\\/#website\"},\"primaryImageOfPage\":{\"@id\":\"https:\\\/\\\/purecosmetics-shop.com\\\/accueil\\\/produit\\\/milk-brightening-3-minutes-mask\\\/#primaryimage\"},\"image\":{\"@id\":\"https:\\\/\\\/purecosmetics-shop.com\\\/accueil\\\/produit\\\/milk-brightening-3-minutes-mask\\\/#primaryimage\"},\"thumbnailUrl\":\"https:\\\/\\\/purecosmetics-shop.com\\\/wp-content\\\/uploads\\\/2025\\\/03\\\/MBrightening-3-minutes-mask.jpg\",\"datePublished\":\"2025-03-13T19:34:50+00:00\",\"dateModified\":\"2026-04-18T09:47:14+00:00\",\"breadcrumb\":{\"@id\":\"https:\\\/\\\/purecosmetics-shop.com\\\/accueil\\\/produit\\\/milk-brightening-3-minutes-mask\\\/#breadcrumb\"},\"inLanguage\":\"fr-FR\",\"potentialAction\":[{\"@type\":\"ReadAction\",\"target\":[\"https:\\\/\\\/purecosmetics-shop.com\\\/accueil\\\/produit\\\/milk-brightening-3-minutes-mask\\\/\"]}]},{\"@type\":\"ImageObject\",\"inLanguage\":\"fr-FR\",\"@id\":\"https:\\\/\\\/purecosmetics-shop.com\\\/accueil\\\/produit\\\/milk-brightening-3-minutes-mask\\\/#primaryimage\",\"url\":\"https:\\\/\\\/purecosmetics-shop.com\\\/wp-content\\\/uploads\\\/2025\\\/03\\\/MBrightening-3-minutes-mask.jpg\",\"contentUrl\":\"https:\\\/\\\/purecosmetics-shop.com\\\/wp-content\\\/uploads\\\/2025\\\/03\\\/MBrightening-3-minutes-mask.jpg\",\"width\":500,\"height\":500},{\"@type\":\"BreadcrumbList\",\"@id\":\"https:\\\/\\\/purecosmetics-shop.com\\\/accueil\\\/produit\\\/milk-brightening-3-minutes-mask\\\/#breadcrumb\",\"itemListElement\":[{\"@type\":\"ListItem\",\"position\":1,\"name\":\"Accueil\",\"item\":\"https:\\\/\\\/purecosmetics-shop.com\\\/accueil\\\/\"},{\"@type\":\"ListItem\",\"position\":2,\"name\":\"NOUVEAUT\u00c9S\",\"item\":\"https:\\\/\\\/purecosmetics-shop.com\\\/accueil\\\/nouveautes\\\/\"},{\"@type\":\"ListItem\",\"position\":3,\"name\":\"Milk brightening 3 minutes mask\"}]},{\"@type\":\"WebSite\",\"@id\":\"https:\\\/\\\/purecosmetics-shop.com\\\/accueil\\\/#website\",\"url\":\"https:\\\/\\\/purecosmetics-shop.com\\\/accueil\\\/\",\"name\":\"Pure Cosmetics\",\"description\":\"Skincare cor\u00e9enne et japonais\",\"publisher\":{\"@id\":\"https:\\\/\\\/purecosmetics-shop.com\\\/accueil\\\/#organization\"},\"potentialAction\":[{\"@type\":\"SearchAction\",\"target\":{\"@type\":\"EntryPoint\",\"urlTemplate\":\"https:\\\/\\\/purecosmetics-shop.com\\\/accueil\\\/?s={search_term_string}\"},\"query-input\":{\"@type\":\"PropertyValueSpecification\",\"valueRequired\":true,\"valueName\":\"search_term_string\"}}],\"inLanguage\":\"fr-FR\"},{\"@type\":\"Organization\",\"@id\":\"https:\\\/\\\/purecosmetics-shop.com\\\/accueil\\\/#organization\",\"name\":\"Pure Cosmetics\",\"url\":\"https:\\\/\\\/purecosmetics-shop.com\\\/accueil\\\/\",\"logo\":{\"@type\":\"ImageObject\",\"inLanguage\":\"fr-FR\",\"@id\":\"https:\\\/\\\/purecosmetics-shop.com\\\/accueil\\\/#\\\/schema\\\/logo\\\/image\\\/\",\"url\":\"https:\\\/\\\/purecosmetics-shop.com\\\/wp-content\\\/uploads\\\/2025\\\/04\\\/cropped-Pure-Cosmetics-black-2.png\",\"contentUrl\":\"https:\\\/\\\/purecosmetics-shop.com\\\/wp-content\\\/uploads\\\/2025\\\/04\\\/cropped-Pure-Cosmetics-black-2.png\",\"width\":2362,\"height\":2324,\"caption\":\"Pure Cosmetics\"},\"image\":{\"@id\":\"https:\\\/\\\/purecosmetics-shop.com\\\/accueil\\\/#\\\/schema\\\/logo\\\/image\\\/\"}}]}<\/script>\n<!-- \/ Yoast SEO plugin. -->","yoast_head_json":{"title":"Milk brightening 3 minutes mask - Pure Cosmetics","robots":{"index":"index","follow":"follow","max-snippet":"max-snippet:-1","max-image-preview":"max-image-preview:large","max-video-preview":"max-video-preview:-1"},"canonical":"https:\/\/purecosmetics-shop.com\/accueil\/produit\/milk-brightening-3-minutes-mask\/","og_locale":"fr_FR","og_type":"article","og_title":"Milk brightening 3 minutes mask - Pure Cosmetics","og_description":"Masque \u00e9claircissant au lait 3 minutes. Cette feuille douce est remplie d'une essence contenant trois types d'ingr\u00e9dients laitiers et du glutathion, qui hydrate la peau sujette au teint terne et \u00e0 la s\u00e9cheresse, conduisant \u00e0 une peau douce et lisse avec un fini brillant. Contient 7 masques.  &nbsp;","og_url":"https:\/\/purecosmetics-shop.com\/accueil\/produit\/milk-brightening-3-minutes-mask\/","og_site_name":"Pure Cosmetics","article_modified_time":"2026-04-18T09:47:14+00:00","og_image":[{"width":500,"height":500,"url":"https:\/\/purecosmetics-shop.com\/wp-content\/uploads\/2025\/03\/MBrightening-3-minutes-mask.jpg","type":"image\/jpeg"}],"twitter_card":"summary_large_image","twitter_misc":{"Dur\u00e9e de lecture estim\u00e9e":"1 minute"},"schema":{"@context":"https:\/\/schema.org","@graph":[{"@type":"WebPage","@id":"https:\/\/purecosmetics-shop.com\/accueil\/produit\/milk-brightening-3-minutes-mask\/","url":"https:\/\/purecosmetics-shop.com\/accueil\/produit\/milk-brightening-3-minutes-mask\/","name":"Milk brightening 3 minutes mask - Pure Cosmetics","isPartOf":{"@id":"https:\/\/purecosmetics-shop.com\/accueil\/#website"},"primaryImageOfPage":{"@id":"https:\/\/purecosmetics-shop.com\/accueil\/produit\/milk-brightening-3-minutes-mask\/#primaryimage"},"image":{"@id":"https:\/\/purecosmetics-shop.com\/accueil\/produit\/milk-brightening-3-minutes-mask\/#primaryimage"},"thumbnailUrl":"https:\/\/purecosmetics-shop.com\/wp-content\/uploads\/2025\/03\/MBrightening-3-minutes-mask.jpg","datePublished":"2025-03-13T19:34:50+00:00","dateModified":"2026-04-18T09:47:14+00:00","breadcrumb":{"@id":"https:\/\/purecosmetics-shop.com\/accueil\/produit\/milk-brightening-3-minutes-mask\/#breadcrumb"},"inLanguage":"fr-FR","potentialAction":[{"@type":"ReadAction","target":["https:\/\/purecosmetics-shop.com\/accueil\/produit\/milk-brightening-3-minutes-mask\/"]}]},{"@type":"ImageObject","inLanguage":"fr-FR","@id":"https:\/\/purecosmetics-shop.com\/accueil\/produit\/milk-brightening-3-minutes-mask\/#primaryimage","url":"https:\/\/purecosmetics-shop.com\/wp-content\/uploads\/2025\/03\/MBrightening-3-minutes-mask.jpg","contentUrl":"https:\/\/purecosmetics-shop.com\/wp-content\/uploads\/2025\/03\/MBrightening-3-minutes-mask.jpg","width":500,"height":500},{"@type":"BreadcrumbList","@id":"https:\/\/purecosmetics-shop.com\/accueil\/produit\/milk-brightening-3-minutes-mask\/#breadcrumb","itemListElement":[{"@type":"ListItem","position":1,"name":"Accueil","item":"https:\/\/purecosmetics-shop.com\/accueil\/"},{"@type":"ListItem","position":2,"name":"NOUVEAUT\u00c9S","item":"https:\/\/purecosmetics-shop.com\/accueil\/nouveautes\/"},{"@type":"ListItem","position":3,"name":"Milk brightening 3 minutes mask"}]},{"@type":"WebSite","@id":"https:\/\/purecosmetics-shop.com\/accueil\/#website","url":"https:\/\/purecosmetics-shop.com\/accueil\/","name":"Pure Cosmetics","description":"Skincare cor\u00e9enne et japonais","publisher":{"@id":"https:\/\/purecosmetics-shop.com\/accueil\/#organization"},"potentialAction":[{"@type":"SearchAction","target":{"@type":"EntryPoint","urlTemplate":"https:\/\/purecosmetics-shop.com\/accueil\/?s={search_term_string}"},"query-input":{"@type":"PropertyValueSpecification","valueRequired":true,"valueName":"search_term_string"}}],"inLanguage":"fr-FR"},{"@type":"Organization","@id":"https:\/\/purecosmetics-shop.com\/accueil\/#organization","name":"Pure Cosmetics","url":"https:\/\/purecosmetics-shop.com\/accueil\/","logo":{"@type":"ImageObject","inLanguage":"fr-FR","@id":"https:\/\/purecosmetics-shop.com\/accueil\/#\/schema\/logo\/image\/","url":"https:\/\/purecosmetics-shop.com\/wp-content\/uploads\/2025\/04\/cropped-Pure-Cosmetics-black-2.png","contentUrl":"https:\/\/purecosmetics-shop.com\/wp-content\/uploads\/2025\/04\/cropped-Pure-Cosmetics-black-2.png","width":2362,"height":2324,"caption":"Pure Cosmetics"},"image":{"@id":"https:\/\/purecosmetics-shop.com\/accueil\/#\/schema\/logo\/image\/"}}]}},"jetpack_sharing_enabled":true,"_links":{"self":[{"href":"https:\/\/purecosmetics-shop.com\/accueil\/wp-json\/wp\/v2\/product\/2346","targetHints":{"allow":["GET"]}}],"collection":[{"href":"https:\/\/purecosmetics-shop.com\/accueil\/wp-json\/wp\/v2\/product"}],"about":[{"href":"https:\/\/purecosmetics-shop.com\/accueil\/wp-json\/wp\/v2\/types\/product"}],"replies":[{"embeddable":true,"href":"https:\/\/purecosmetics-shop.com\/accueil\/wp-json\/wp\/v2\/comments?post=2346"}],"version-history":[{"count":6,"href":"https:\/\/purecosmetics-shop.com\/accueil\/wp-json\/wp\/v2\/product\/2346\/revisions"}],"predecessor-version":[{"id":2583,"href":"https:\/\/purecosmetics-shop.com\/accueil\/wp-json\/wp\/v2\/product\/2346\/revisions\/2583"}],"wp:featuredmedia":[{"embeddable":true,"href":"https:\/\/purecosmetics-shop.com\/accueil\/wp-json\/wp\/v2\/media\/2511"}],"wp:attachment":[{"href":"https:\/\/purecosmetics-shop.com\/accueil\/wp-json\/wp\/v2\/media?parent=2346"}],"wp:term":[{"taxonomy":"product_brand","embeddable":true,"href":"https:\/\/purecosmetics-shop.com\/accueil\/wp-json\/wp\/v2\/product_brand?post=2346"},{"taxonomy":"product_cat","embeddable":true,"href":"https:\/\/purecosmetics-shop.com\/accueil\/wp-json\/wp\/v2\/product_cat?post=2346"},{"taxonomy":"product_tag","embeddable":true,"href":"https:\/\/purecosmetics-shop.com\/accueil\/wp-json\/wp\/v2\/product_tag?post=2346"}],"curies":[{"name":"wp","href":"https:\/\/api.w.org\/{rel}","templated":true}]}}