{"id":195,"date":"2024-07-26T17:49:27","date_gmt":"2024-07-26T21:49:27","guid":{"rendered":"https:\/\/purecosmetics-shop.com\/accueil\/?post_type=product&#038;p=195"},"modified":"2026-04-16T02:36:09","modified_gmt":"2026-04-16T06:36:09","slug":"carrot-carotene-calming-water-pad","status":"publish","type":"product","link":"https:\/\/purecosmetics-shop.com\/accueil\/produit\/carrot-carotene-calming-water-pad\/","title":{"rendered":"Carrot Carotene Calming Water Pad"},"content":{"rendered":"<p>Restez calme et faites preuve de douceur avec notre tampon d&rsquo;eau ultra-r\u00e9confortant. Parfait pour apaiser la peau surchauff\u00e9e ou sensibilis\u00e9e, ce produit est un incontournable pour vos soins quotidiens.<\/p>\n<h2>Les Bienfaits du Carotte<\/h2>\n<p>Ce tampon est rempli d&rsquo;extrait de carotte et d&rsquo;huile de graines de carotte, riches en b\u00eata-carot\u00e8ne et en antioxydants. Ces ingr\u00e9dients naturels hydratent la peau tout en procurant un soulagement apaisant. Utilis\u00e9 r\u00e9guli\u00e8rement, il aide \u00e0 maintenir une peau saine et \u00e9clatante.<\/p>\n<h2>Texture et Application<\/h2>\n<p>Le tampon en coton \u00e9pais est con\u00e7u avec une texture gaufr\u00e9e douce pour minimiser la friction. Il glisse facilement sur la peau, offrant une application douce et efficace. Id\u00e9al pour ceux qui cherchent un soin apaisant sans irritation.<\/p>\n","protected":false},"excerpt":{"rendered":"<p>Restez calme et faites preuve de douceur ! Obtenez un soulagement apaisant avec ce tampon d&rsquo;eau ultra-r\u00e9confortant rempli d&rsquo;extrait de carotte et d&rsquo;huile de graines de carotte riche en b\u00eata-carot\u00e8ne et en antioxydants pour hydrater la peau tout en apaisant la peau surchauff\u00e9e ou sensibilis\u00e9e.<!--more--><\/p>\n<p>Le tampon en coton \u00e9pais a une texture gaufr\u00e9e douce pour minimiser la friction et glisse doucement sur la peau.<\/p>\n","protected":false},"featured_media":202,"comment_status":"open","ping_status":"closed","template":"","meta":[],"product_brand":[180],"product_cat":[112,24,118,119],"product_tag":[],"class_list":{"0":"post-195","1":"product","2":"type-product","3":"status-publish","4":"has-post-thumbnail","6":"product_brand-skinfood","7":"product_cat-hydratation","8":"product_cat-pad","9":"product_cat-peau-seche","10":"product_cat-peau-sensible","12":"first","13":"instock","14":"sale","15":"shipping-taxable","16":"purchasable","17":"product-type-simple"},"yoast_head":"<!-- This site is optimized with the Yoast SEO plugin v27.4 - https:\/\/yoast.com\/product\/yoast-seo-wordpress\/ -->\n<title>Carrot Carotene Calming Water Pad - Pure Cosmetics<\/title>\n<meta name=\"description\" content=\"Restez calme et faites preuve de douceur ! Obtenez un soulagement apaisant avec ce tampon d&#039;eau ultra-r\u00e9confortant rempli d&#039;extrait de carotte et d&#039;huile de graines de carotte riche en b\u00eata-carot\u00e8ne et en antioxydants pour hydrater la peau tout en apaisant la peau surchauff\u00e9e ou sensibilis\u00e9e. Le tampon en coton \u00e9pais a une texture gaufr\u00e9e douce pour minimiser la friction et glisse doucement sur la peau.\" \/>\n<meta name=\"robots\" content=\"index, follow, max-snippet:-1, max-image-preview:large, max-video-preview:-1\" \/>\n<link rel=\"canonical\" href=\"https:\/\/purecosmetics-shop.com\/accueil\/produit\/carrot-carotene-calming-water-pad\/\" \/>\n<meta property=\"og:locale\" content=\"fr_FR\" \/>\n<meta property=\"og:type\" content=\"article\" \/>\n<meta property=\"og:title\" content=\"Carrot Carotene Calming Water Pad - Pure Cosmetics\" \/>\n<meta property=\"og:description\" content=\"Restez calme et faites preuve de douceur ! Obtenez un soulagement apaisant avec ce tampon d&#039;eau ultra-r\u00e9confortant rempli d&#039;extrait de carotte et d&#039;huile de graines de carotte riche en b\u00eata-carot\u00e8ne et en antioxydants pour hydrater la peau tout en apaisant la peau surchauff\u00e9e ou sensibilis\u00e9e. Le tampon en coton \u00e9pais a une texture gaufr\u00e9e douce pour minimiser la friction et glisse doucement sur la peau.\" \/>\n<meta property=\"og:url\" content=\"https:\/\/purecosmetics-shop.com\/accueil\/produit\/carrot-carotene-calming-water-pad\/\" \/>\n<meta property=\"og:site_name\" content=\"Pure Cosmetics\" \/>\n<meta property=\"article:modified_time\" content=\"2026-04-16T06:36:09+00:00\" \/>\n<meta property=\"og:image\" content=\"https:\/\/purecosmetics-shop.com\/wp-content\/uploads\/2024\/07\/0D813CCA-796C-4DF2-BE6E-025DE6F3A8A6.jpg\" \/>\n\t<meta property=\"og:image:width\" content=\"1090\" \/>\n\t<meta property=\"og:image:height\" content=\"1090\" \/>\n\t<meta property=\"og:image:type\" content=\"image\/jpeg\" \/>\n<meta name=\"twitter:card\" content=\"summary_large_image\" \/>\n<meta name=\"twitter:label1\" content=\"Dur\u00e9e de lecture estim\u00e9e\" \/>\n\t<meta name=\"twitter:data1\" content=\"1 minute\" \/>\n<script type=\"application\/ld+json\" class=\"yoast-schema-graph\">{\"@context\":\"https:\\\/\\\/schema.org\",\"@graph\":[{\"@type\":\"WebPage\",\"@id\":\"https:\\\/\\\/purecosmetics-shop.com\\\/accueil\\\/produit\\\/carrot-carotene-calming-water-pad\\\/\",\"url\":\"https:\\\/\\\/purecosmetics-shop.com\\\/accueil\\\/produit\\\/carrot-carotene-calming-water-pad\\\/\",\"name\":\"Carrot Carotene Calming Water Pad - Pure Cosmetics\",\"isPartOf\":{\"@id\":\"https:\\\/\\\/purecosmetics-shop.com\\\/accueil\\\/#website\"},\"primaryImageOfPage\":{\"@id\":\"https:\\\/\\\/purecosmetics-shop.com\\\/accueil\\\/produit\\\/carrot-carotene-calming-water-pad\\\/#primaryimage\"},\"image\":{\"@id\":\"https:\\\/\\\/purecosmetics-shop.com\\\/accueil\\\/produit\\\/carrot-carotene-calming-water-pad\\\/#primaryimage\"},\"thumbnailUrl\":\"https:\\\/\\\/purecosmetics-shop.com\\\/wp-content\\\/uploads\\\/2024\\\/07\\\/0D813CCA-796C-4DF2-BE6E-025DE6F3A8A6.jpg\",\"datePublished\":\"2024-07-26T21:49:27+00:00\",\"dateModified\":\"2026-04-16T06:36:09+00:00\",\"description\":\"Restez calme et faites preuve de douceur ! Obtenez un soulagement apaisant avec ce tampon d'eau ultra-r\u00e9confortant rempli d'extrait de carotte et d'huile de graines de carotte riche en b\u00eata-carot\u00e8ne et en antioxydants pour hydrater la peau tout en apaisant la peau surchauff\u00e9e ou sensibilis\u00e9e. Le tampon en coton \u00e9pais a une texture gaufr\u00e9e douce pour minimiser la friction et glisse doucement sur la peau.\",\"breadcrumb\":{\"@id\":\"https:\\\/\\\/purecosmetics-shop.com\\\/accueil\\\/produit\\\/carrot-carotene-calming-water-pad\\\/#breadcrumb\"},\"inLanguage\":\"fr-FR\",\"potentialAction\":[{\"@type\":\"ReadAction\",\"target\":[\"https:\\\/\\\/purecosmetics-shop.com\\\/accueil\\\/produit\\\/carrot-carotene-calming-water-pad\\\/\"]}]},{\"@type\":\"ImageObject\",\"inLanguage\":\"fr-FR\",\"@id\":\"https:\\\/\\\/purecosmetics-shop.com\\\/accueil\\\/produit\\\/carrot-carotene-calming-water-pad\\\/#primaryimage\",\"url\":\"https:\\\/\\\/purecosmetics-shop.com\\\/wp-content\\\/uploads\\\/2024\\\/07\\\/0D813CCA-796C-4DF2-BE6E-025DE6F3A8A6.jpg\",\"contentUrl\":\"https:\\\/\\\/purecosmetics-shop.com\\\/wp-content\\\/uploads\\\/2024\\\/07\\\/0D813CCA-796C-4DF2-BE6E-025DE6F3A8A6.jpg\",\"width\":1090,\"height\":1090},{\"@type\":\"BreadcrumbList\",\"@id\":\"https:\\\/\\\/purecosmetics-shop.com\\\/accueil\\\/produit\\\/carrot-carotene-calming-water-pad\\\/#breadcrumb\",\"itemListElement\":[{\"@type\":\"ListItem\",\"position\":1,\"name\":\"Accueil\",\"item\":\"https:\\\/\\\/purecosmetics-shop.com\\\/accueil\\\/\"},{\"@type\":\"ListItem\",\"position\":2,\"name\":\"NOUVEAUT\u00c9S\",\"item\":\"https:\\\/\\\/purecosmetics-shop.com\\\/accueil\\\/nouveautes\\\/\"},{\"@type\":\"ListItem\",\"position\":3,\"name\":\"Carrot Carotene Calming Water Pad\"}]},{\"@type\":\"WebSite\",\"@id\":\"https:\\\/\\\/purecosmetics-shop.com\\\/accueil\\\/#website\",\"url\":\"https:\\\/\\\/purecosmetics-shop.com\\\/accueil\\\/\",\"name\":\"Pure Cosmetics\",\"description\":\"Skincare cor\u00e9enne et japonais\",\"publisher\":{\"@id\":\"https:\\\/\\\/purecosmetics-shop.com\\\/accueil\\\/#organization\"},\"potentialAction\":[{\"@type\":\"SearchAction\",\"target\":{\"@type\":\"EntryPoint\",\"urlTemplate\":\"https:\\\/\\\/purecosmetics-shop.com\\\/accueil\\\/?s={search_term_string}\"},\"query-input\":{\"@type\":\"PropertyValueSpecification\",\"valueRequired\":true,\"valueName\":\"search_term_string\"}}],\"inLanguage\":\"fr-FR\"},{\"@type\":\"Organization\",\"@id\":\"https:\\\/\\\/purecosmetics-shop.com\\\/accueil\\\/#organization\",\"name\":\"Pure Cosmetics\",\"url\":\"https:\\\/\\\/purecosmetics-shop.com\\\/accueil\\\/\",\"logo\":{\"@type\":\"ImageObject\",\"inLanguage\":\"fr-FR\",\"@id\":\"https:\\\/\\\/purecosmetics-shop.com\\\/accueil\\\/#\\\/schema\\\/logo\\\/image\\\/\",\"url\":\"https:\\\/\\\/purecosmetics-shop.com\\\/wp-content\\\/uploads\\\/2025\\\/04\\\/cropped-Pure-Cosmetics-black-2.png\",\"contentUrl\":\"https:\\\/\\\/purecosmetics-shop.com\\\/wp-content\\\/uploads\\\/2025\\\/04\\\/cropped-Pure-Cosmetics-black-2.png\",\"width\":2362,\"height\":2324,\"caption\":\"Pure Cosmetics\"},\"image\":{\"@id\":\"https:\\\/\\\/purecosmetics-shop.com\\\/accueil\\\/#\\\/schema\\\/logo\\\/image\\\/\"}}]}<\/script>\n<!-- \/ Yoast SEO plugin. -->","yoast_head_json":{"title":"Carrot Carotene Calming Water Pad - Pure Cosmetics","description":"Restez calme et faites preuve de douceur ! Obtenez un soulagement apaisant avec ce tampon d'eau ultra-r\u00e9confortant rempli d'extrait de carotte et d'huile de graines de carotte riche en b\u00eata-carot\u00e8ne et en antioxydants pour hydrater la peau tout en apaisant la peau surchauff\u00e9e ou sensibilis\u00e9e. Le tampon en coton \u00e9pais a une texture gaufr\u00e9e douce pour minimiser la friction et glisse doucement sur la peau.","robots":{"index":"index","follow":"follow","max-snippet":"max-snippet:-1","max-image-preview":"max-image-preview:large","max-video-preview":"max-video-preview:-1"},"canonical":"https:\/\/purecosmetics-shop.com\/accueil\/produit\/carrot-carotene-calming-water-pad\/","og_locale":"fr_FR","og_type":"article","og_title":"Carrot Carotene Calming Water Pad - Pure Cosmetics","og_description":"Restez calme et faites preuve de douceur ! Obtenez un soulagement apaisant avec ce tampon d'eau ultra-r\u00e9confortant rempli d'extrait de carotte et d'huile de graines de carotte riche en b\u00eata-carot\u00e8ne et en antioxydants pour hydrater la peau tout en apaisant la peau surchauff\u00e9e ou sensibilis\u00e9e. Le tampon en coton \u00e9pais a une texture gaufr\u00e9e douce pour minimiser la friction et glisse doucement sur la peau.","og_url":"https:\/\/purecosmetics-shop.com\/accueil\/produit\/carrot-carotene-calming-water-pad\/","og_site_name":"Pure Cosmetics","article_modified_time":"2026-04-16T06:36:09+00:00","og_image":[{"width":1090,"height":1090,"url":"https:\/\/purecosmetics-shop.com\/wp-content\/uploads\/2024\/07\/0D813CCA-796C-4DF2-BE6E-025DE6F3A8A6.jpg","type":"image\/jpeg"}],"twitter_card":"summary_large_image","twitter_misc":{"Dur\u00e9e de lecture estim\u00e9e":"1 minute"},"schema":{"@context":"https:\/\/schema.org","@graph":[{"@type":"WebPage","@id":"https:\/\/purecosmetics-shop.com\/accueil\/produit\/carrot-carotene-calming-water-pad\/","url":"https:\/\/purecosmetics-shop.com\/accueil\/produit\/carrot-carotene-calming-water-pad\/","name":"Carrot Carotene Calming Water Pad - Pure Cosmetics","isPartOf":{"@id":"https:\/\/purecosmetics-shop.com\/accueil\/#website"},"primaryImageOfPage":{"@id":"https:\/\/purecosmetics-shop.com\/accueil\/produit\/carrot-carotene-calming-water-pad\/#primaryimage"},"image":{"@id":"https:\/\/purecosmetics-shop.com\/accueil\/produit\/carrot-carotene-calming-water-pad\/#primaryimage"},"thumbnailUrl":"https:\/\/purecosmetics-shop.com\/wp-content\/uploads\/2024\/07\/0D813CCA-796C-4DF2-BE6E-025DE6F3A8A6.jpg","datePublished":"2024-07-26T21:49:27+00:00","dateModified":"2026-04-16T06:36:09+00:00","description":"Restez calme et faites preuve de douceur ! Obtenez un soulagement apaisant avec ce tampon d'eau ultra-r\u00e9confortant rempli d'extrait de carotte et d'huile de graines de carotte riche en b\u00eata-carot\u00e8ne et en antioxydants pour hydrater la peau tout en apaisant la peau surchauff\u00e9e ou sensibilis\u00e9e. Le tampon en coton \u00e9pais a une texture gaufr\u00e9e douce pour minimiser la friction et glisse doucement sur la peau.","breadcrumb":{"@id":"https:\/\/purecosmetics-shop.com\/accueil\/produit\/carrot-carotene-calming-water-pad\/#breadcrumb"},"inLanguage":"fr-FR","potentialAction":[{"@type":"ReadAction","target":["https:\/\/purecosmetics-shop.com\/accueil\/produit\/carrot-carotene-calming-water-pad\/"]}]},{"@type":"ImageObject","inLanguage":"fr-FR","@id":"https:\/\/purecosmetics-shop.com\/accueil\/produit\/carrot-carotene-calming-water-pad\/#primaryimage","url":"https:\/\/purecosmetics-shop.com\/wp-content\/uploads\/2024\/07\/0D813CCA-796C-4DF2-BE6E-025DE6F3A8A6.jpg","contentUrl":"https:\/\/purecosmetics-shop.com\/wp-content\/uploads\/2024\/07\/0D813CCA-796C-4DF2-BE6E-025DE6F3A8A6.jpg","width":1090,"height":1090},{"@type":"BreadcrumbList","@id":"https:\/\/purecosmetics-shop.com\/accueil\/produit\/carrot-carotene-calming-water-pad\/#breadcrumb","itemListElement":[{"@type":"ListItem","position":1,"name":"Accueil","item":"https:\/\/purecosmetics-shop.com\/accueil\/"},{"@type":"ListItem","position":2,"name":"NOUVEAUT\u00c9S","item":"https:\/\/purecosmetics-shop.com\/accueil\/nouveautes\/"},{"@type":"ListItem","position":3,"name":"Carrot Carotene Calming Water Pad"}]},{"@type":"WebSite","@id":"https:\/\/purecosmetics-shop.com\/accueil\/#website","url":"https:\/\/purecosmetics-shop.com\/accueil\/","name":"Pure Cosmetics","description":"Skincare cor\u00e9enne et japonais","publisher":{"@id":"https:\/\/purecosmetics-shop.com\/accueil\/#organization"},"potentialAction":[{"@type":"SearchAction","target":{"@type":"EntryPoint","urlTemplate":"https:\/\/purecosmetics-shop.com\/accueil\/?s={search_term_string}"},"query-input":{"@type":"PropertyValueSpecification","valueRequired":true,"valueName":"search_term_string"}}],"inLanguage":"fr-FR"},{"@type":"Organization","@id":"https:\/\/purecosmetics-shop.com\/accueil\/#organization","name":"Pure Cosmetics","url":"https:\/\/purecosmetics-shop.com\/accueil\/","logo":{"@type":"ImageObject","inLanguage":"fr-FR","@id":"https:\/\/purecosmetics-shop.com\/accueil\/#\/schema\/logo\/image\/","url":"https:\/\/purecosmetics-shop.com\/wp-content\/uploads\/2025\/04\/cropped-Pure-Cosmetics-black-2.png","contentUrl":"https:\/\/purecosmetics-shop.com\/wp-content\/uploads\/2025\/04\/cropped-Pure-Cosmetics-black-2.png","width":2362,"height":2324,"caption":"Pure Cosmetics"},"image":{"@id":"https:\/\/purecosmetics-shop.com\/accueil\/#\/schema\/logo\/image\/"}}]}},"jetpack_sharing_enabled":true,"_links":{"self":[{"href":"https:\/\/purecosmetics-shop.com\/accueil\/wp-json\/wp\/v2\/product\/195","targetHints":{"allow":["GET"]}}],"collection":[{"href":"https:\/\/purecosmetics-shop.com\/accueil\/wp-json\/wp\/v2\/product"}],"about":[{"href":"https:\/\/purecosmetics-shop.com\/accueil\/wp-json\/wp\/v2\/types\/product"}],"replies":[{"embeddable":true,"href":"https:\/\/purecosmetics-shop.com\/accueil\/wp-json\/wp\/v2\/comments?post=195"}],"version-history":[{"count":4,"href":"https:\/\/purecosmetics-shop.com\/accueil\/wp-json\/wp\/v2\/product\/195\/revisions"}],"predecessor-version":[{"id":2680,"href":"https:\/\/purecosmetics-shop.com\/accueil\/wp-json\/wp\/v2\/product\/195\/revisions\/2680"}],"wp:featuredmedia":[{"embeddable":true,"href":"https:\/\/purecosmetics-shop.com\/accueil\/wp-json\/wp\/v2\/media\/202"}],"wp:attachment":[{"href":"https:\/\/purecosmetics-shop.com\/accueil\/wp-json\/wp\/v2\/media?parent=195"}],"wp:term":[{"taxonomy":"product_brand","embeddable":true,"href":"https:\/\/purecosmetics-shop.com\/accueil\/wp-json\/wp\/v2\/product_brand?post=195"},{"taxonomy":"product_cat","embeddable":true,"href":"https:\/\/purecosmetics-shop.com\/accueil\/wp-json\/wp\/v2\/product_cat?post=195"},{"taxonomy":"product_tag","embeddable":true,"href":"https:\/\/purecosmetics-shop.com\/accueil\/wp-json\/wp\/v2\/product_tag?post=195"}],"curies":[{"name":"wp","href":"https:\/\/api.w.org\/{rel}","templated":true}]}}