{"id":188,"date":"2024-07-26T17:41:53","date_gmt":"2024-07-26T21:41:53","guid":{"rendered":"https:\/\/purecosmetics-shop.com\/accueil\/?post_type=product&#038;p=188"},"modified":"2026-04-15T21:44:50","modified_gmt":"2026-04-16T01:44:50","slug":"hyalu-cica-silky-fit-sun-stick","status":"publish","type":"product","link":"https:\/\/purecosmetics-shop.com\/accueil\/produit\/hyalu-cica-silky-fit-sun-stick\/","title":{"rendered":"Hyalu-Cica Silky-Fit Sun Stick"},"content":{"rendered":"<p>Notre stick solaire est con\u00e7u pour offrir une protection solaire optimale tout en apportant une hydratation instantan\u00e9e \u00e0 votre peau. Sa formule innovante glisse en douceur sur la peau, laissant un fini mat et soyeux.<\/p>\n<h2>B\u00e9n\u00e9fices Cl\u00e9s<\/h2>\n<p>Le stick solaire est id\u00e9al pour ceux qui recherchent une solution pratique et efficace pour se prot\u00e9ger des rayons UV. En plus de son application facile, il hydrate la peau sans laisser de r\u00e9sidu gras. Le fini mat permet de l&rsquo;utiliser comme base de maquillage.<\/p>\n<h2>Conseils d&rsquo;Utilisation<\/h2>\n<p>Pour une meilleure protection, appliquez g\u00e9n\u00e9reusement le stick solaire sur le visage et le cou avant toute exposition au soleil. Renouvelez l&rsquo;application toutes les deux heures, ou apr\u00e8s avoir nag\u00e9 ou transpir\u00e9.<\/p>\n","protected":false},"excerpt":{"rendered":"<p>Un stick solaire qui glisse en douceur sur la peau et procure une hydratation instantan\u00e9e avec un fini mat et soyeux.<\/p>\n","protected":false},"featured_media":189,"comment_status":"open","ping_status":"closed","template":"","meta":[],"product_brand":[179],"product_cat":[112,116,20],"product_tag":[],"class_list":{"0":"post-188","1":"product","2":"type-product","3":"status-publish","4":"has-post-thumbnail","6":"product_brand-skin1004","7":"product_cat-hydratation","8":"product_cat-peau-mixte","9":"product_cat-solaire","11":"first","12":"instock","13":"shipping-taxable","14":"purchasable","15":"product-type-simple"},"yoast_head":"<!-- This site is optimized with the Yoast SEO plugin v27.4 - https:\/\/yoast.com\/product\/yoast-seo-wordpress\/ -->\n<title>Hyalu-Cica Silky-Fit Sun Stick - Pure Cosmetics<\/title>\n<meta name=\"description\" content=\"Un stick solaire qui glisse en douceur sur la peau et procure une hydratation instantan\u00e9e avec un fini mat et soyeux.\" \/>\n<meta name=\"robots\" content=\"index, follow, max-snippet:-1, max-image-preview:large, max-video-preview:-1\" \/>\n<link rel=\"canonical\" href=\"https:\/\/purecosmetics-shop.com\/accueil\/produit\/hyalu-cica-silky-fit-sun-stick\/\" \/>\n<meta property=\"og:locale\" content=\"fr_FR\" \/>\n<meta property=\"og:type\" content=\"article\" \/>\n<meta property=\"og:title\" content=\"Hyalu-Cica Silky-Fit Sun Stick - Pure Cosmetics\" \/>\n<meta property=\"og:description\" content=\"Un stick solaire qui glisse en douceur sur la peau et procure une hydratation instantan\u00e9e avec un fini mat et soyeux.\" \/>\n<meta property=\"og:url\" content=\"https:\/\/purecosmetics-shop.com\/accueil\/produit\/hyalu-cica-silky-fit-sun-stick\/\" \/>\n<meta property=\"og:site_name\" content=\"Pure Cosmetics\" \/>\n<meta property=\"article:modified_time\" content=\"2026-04-16T01:44:50+00:00\" \/>\n<meta property=\"og:image\" content=\"https:\/\/purecosmetics-shop.com\/wp-content\/uploads\/2024\/07\/0DA8E9EB-41AF-4717-A31F-693A854C21CE.jpg\" \/>\n\t<meta property=\"og:image:width\" content=\"1000\" \/>\n\t<meta property=\"og:image:height\" content=\"1000\" \/>\n\t<meta property=\"og:image:type\" content=\"image\/jpeg\" \/>\n<meta name=\"twitter:card\" content=\"summary_large_image\" \/>\n<meta name=\"twitter:label1\" content=\"Dur\u00e9e de lecture estim\u00e9e\" \/>\n\t<meta name=\"twitter:data1\" content=\"1 minute\" \/>\n<script type=\"application\/ld+json\" class=\"yoast-schema-graph\">{\"@context\":\"https:\\\/\\\/schema.org\",\"@graph\":[{\"@type\":\"WebPage\",\"@id\":\"https:\\\/\\\/purecosmetics-shop.com\\\/accueil\\\/produit\\\/hyalu-cica-silky-fit-sun-stick\\\/\",\"url\":\"https:\\\/\\\/purecosmetics-shop.com\\\/accueil\\\/produit\\\/hyalu-cica-silky-fit-sun-stick\\\/\",\"name\":\"Hyalu-Cica Silky-Fit Sun Stick - Pure Cosmetics\",\"isPartOf\":{\"@id\":\"https:\\\/\\\/purecosmetics-shop.com\\\/accueil\\\/#website\"},\"primaryImageOfPage\":{\"@id\":\"https:\\\/\\\/purecosmetics-shop.com\\\/accueil\\\/produit\\\/hyalu-cica-silky-fit-sun-stick\\\/#primaryimage\"},\"image\":{\"@id\":\"https:\\\/\\\/purecosmetics-shop.com\\\/accueil\\\/produit\\\/hyalu-cica-silky-fit-sun-stick\\\/#primaryimage\"},\"thumbnailUrl\":\"https:\\\/\\\/purecosmetics-shop.com\\\/wp-content\\\/uploads\\\/2024\\\/07\\\/0DA8E9EB-41AF-4717-A31F-693A854C21CE.jpg\",\"datePublished\":\"2024-07-26T21:41:53+00:00\",\"dateModified\":\"2026-04-16T01:44:50+00:00\",\"description\":\"Un stick solaire qui glisse en douceur sur la peau et procure une hydratation instantan\u00e9e avec un fini mat et soyeux.\",\"breadcrumb\":{\"@id\":\"https:\\\/\\\/purecosmetics-shop.com\\\/accueil\\\/produit\\\/hyalu-cica-silky-fit-sun-stick\\\/#breadcrumb\"},\"inLanguage\":\"fr-FR\",\"potentialAction\":[{\"@type\":\"ReadAction\",\"target\":[\"https:\\\/\\\/purecosmetics-shop.com\\\/accueil\\\/produit\\\/hyalu-cica-silky-fit-sun-stick\\\/\"]}]},{\"@type\":\"ImageObject\",\"inLanguage\":\"fr-FR\",\"@id\":\"https:\\\/\\\/purecosmetics-shop.com\\\/accueil\\\/produit\\\/hyalu-cica-silky-fit-sun-stick\\\/#primaryimage\",\"url\":\"https:\\\/\\\/purecosmetics-shop.com\\\/wp-content\\\/uploads\\\/2024\\\/07\\\/0DA8E9EB-41AF-4717-A31F-693A854C21CE.jpg\",\"contentUrl\":\"https:\\\/\\\/purecosmetics-shop.com\\\/wp-content\\\/uploads\\\/2024\\\/07\\\/0DA8E9EB-41AF-4717-A31F-693A854C21CE.jpg\",\"width\":1000,\"height\":1000},{\"@type\":\"BreadcrumbList\",\"@id\":\"https:\\\/\\\/purecosmetics-shop.com\\\/accueil\\\/produit\\\/hyalu-cica-silky-fit-sun-stick\\\/#breadcrumb\",\"itemListElement\":[{\"@type\":\"ListItem\",\"position\":1,\"name\":\"Accueil\",\"item\":\"https:\\\/\\\/purecosmetics-shop.com\\\/accueil\\\/\"},{\"@type\":\"ListItem\",\"position\":2,\"name\":\"NOUVEAUT\u00c9S\",\"item\":\"https:\\\/\\\/purecosmetics-shop.com\\\/accueil\\\/nouveautes\\\/\"},{\"@type\":\"ListItem\",\"position\":3,\"name\":\"Hyalu-Cica Silky-Fit Sun Stick\"}]},{\"@type\":\"WebSite\",\"@id\":\"https:\\\/\\\/purecosmetics-shop.com\\\/accueil\\\/#website\",\"url\":\"https:\\\/\\\/purecosmetics-shop.com\\\/accueil\\\/\",\"name\":\"Pure Cosmetics\",\"description\":\"Skincare cor\u00e9enne et japonais\",\"publisher\":{\"@id\":\"https:\\\/\\\/purecosmetics-shop.com\\\/accueil\\\/#organization\"},\"potentialAction\":[{\"@type\":\"SearchAction\",\"target\":{\"@type\":\"EntryPoint\",\"urlTemplate\":\"https:\\\/\\\/purecosmetics-shop.com\\\/accueil\\\/?s={search_term_string}\"},\"query-input\":{\"@type\":\"PropertyValueSpecification\",\"valueRequired\":true,\"valueName\":\"search_term_string\"}}],\"inLanguage\":\"fr-FR\"},{\"@type\":\"Organization\",\"@id\":\"https:\\\/\\\/purecosmetics-shop.com\\\/accueil\\\/#organization\",\"name\":\"Pure Cosmetics\",\"url\":\"https:\\\/\\\/purecosmetics-shop.com\\\/accueil\\\/\",\"logo\":{\"@type\":\"ImageObject\",\"inLanguage\":\"fr-FR\",\"@id\":\"https:\\\/\\\/purecosmetics-shop.com\\\/accueil\\\/#\\\/schema\\\/logo\\\/image\\\/\",\"url\":\"https:\\\/\\\/purecosmetics-shop.com\\\/wp-content\\\/uploads\\\/2025\\\/04\\\/cropped-Pure-Cosmetics-black-2.png\",\"contentUrl\":\"https:\\\/\\\/purecosmetics-shop.com\\\/wp-content\\\/uploads\\\/2025\\\/04\\\/cropped-Pure-Cosmetics-black-2.png\",\"width\":2362,\"height\":2324,\"caption\":\"Pure Cosmetics\"},\"image\":{\"@id\":\"https:\\\/\\\/purecosmetics-shop.com\\\/accueil\\\/#\\\/schema\\\/logo\\\/image\\\/\"}}]}<\/script>\n<!-- \/ Yoast SEO plugin. -->","yoast_head_json":{"title":"Hyalu-Cica Silky-Fit Sun Stick - Pure Cosmetics","description":"Un stick solaire qui glisse en douceur sur la peau et procure une hydratation instantan\u00e9e avec un fini mat et soyeux.","robots":{"index":"index","follow":"follow","max-snippet":"max-snippet:-1","max-image-preview":"max-image-preview:large","max-video-preview":"max-video-preview:-1"},"canonical":"https:\/\/purecosmetics-shop.com\/accueil\/produit\/hyalu-cica-silky-fit-sun-stick\/","og_locale":"fr_FR","og_type":"article","og_title":"Hyalu-Cica Silky-Fit Sun Stick - Pure Cosmetics","og_description":"Un stick solaire qui glisse en douceur sur la peau et procure une hydratation instantan\u00e9e avec un fini mat et soyeux.","og_url":"https:\/\/purecosmetics-shop.com\/accueil\/produit\/hyalu-cica-silky-fit-sun-stick\/","og_site_name":"Pure Cosmetics","article_modified_time":"2026-04-16T01:44:50+00:00","og_image":[{"width":1000,"height":1000,"url":"https:\/\/purecosmetics-shop.com\/wp-content\/uploads\/2024\/07\/0DA8E9EB-41AF-4717-A31F-693A854C21CE.jpg","type":"image\/jpeg"}],"twitter_card":"summary_large_image","twitter_misc":{"Dur\u00e9e de lecture estim\u00e9e":"1 minute"},"schema":{"@context":"https:\/\/schema.org","@graph":[{"@type":"WebPage","@id":"https:\/\/purecosmetics-shop.com\/accueil\/produit\/hyalu-cica-silky-fit-sun-stick\/","url":"https:\/\/purecosmetics-shop.com\/accueil\/produit\/hyalu-cica-silky-fit-sun-stick\/","name":"Hyalu-Cica Silky-Fit Sun Stick - Pure Cosmetics","isPartOf":{"@id":"https:\/\/purecosmetics-shop.com\/accueil\/#website"},"primaryImageOfPage":{"@id":"https:\/\/purecosmetics-shop.com\/accueil\/produit\/hyalu-cica-silky-fit-sun-stick\/#primaryimage"},"image":{"@id":"https:\/\/purecosmetics-shop.com\/accueil\/produit\/hyalu-cica-silky-fit-sun-stick\/#primaryimage"},"thumbnailUrl":"https:\/\/purecosmetics-shop.com\/wp-content\/uploads\/2024\/07\/0DA8E9EB-41AF-4717-A31F-693A854C21CE.jpg","datePublished":"2024-07-26T21:41:53+00:00","dateModified":"2026-04-16T01:44:50+00:00","description":"Un stick solaire qui glisse en douceur sur la peau et procure une hydratation instantan\u00e9e avec un fini mat et soyeux.","breadcrumb":{"@id":"https:\/\/purecosmetics-shop.com\/accueil\/produit\/hyalu-cica-silky-fit-sun-stick\/#breadcrumb"},"inLanguage":"fr-FR","potentialAction":[{"@type":"ReadAction","target":["https:\/\/purecosmetics-shop.com\/accueil\/produit\/hyalu-cica-silky-fit-sun-stick\/"]}]},{"@type":"ImageObject","inLanguage":"fr-FR","@id":"https:\/\/purecosmetics-shop.com\/accueil\/produit\/hyalu-cica-silky-fit-sun-stick\/#primaryimage","url":"https:\/\/purecosmetics-shop.com\/wp-content\/uploads\/2024\/07\/0DA8E9EB-41AF-4717-A31F-693A854C21CE.jpg","contentUrl":"https:\/\/purecosmetics-shop.com\/wp-content\/uploads\/2024\/07\/0DA8E9EB-41AF-4717-A31F-693A854C21CE.jpg","width":1000,"height":1000},{"@type":"BreadcrumbList","@id":"https:\/\/purecosmetics-shop.com\/accueil\/produit\/hyalu-cica-silky-fit-sun-stick\/#breadcrumb","itemListElement":[{"@type":"ListItem","position":1,"name":"Accueil","item":"https:\/\/purecosmetics-shop.com\/accueil\/"},{"@type":"ListItem","position":2,"name":"NOUVEAUT\u00c9S","item":"https:\/\/purecosmetics-shop.com\/accueil\/nouveautes\/"},{"@type":"ListItem","position":3,"name":"Hyalu-Cica Silky-Fit Sun Stick"}]},{"@type":"WebSite","@id":"https:\/\/purecosmetics-shop.com\/accueil\/#website","url":"https:\/\/purecosmetics-shop.com\/accueil\/","name":"Pure Cosmetics","description":"Skincare cor\u00e9enne et japonais","publisher":{"@id":"https:\/\/purecosmetics-shop.com\/accueil\/#organization"},"potentialAction":[{"@type":"SearchAction","target":{"@type":"EntryPoint","urlTemplate":"https:\/\/purecosmetics-shop.com\/accueil\/?s={search_term_string}"},"query-input":{"@type":"PropertyValueSpecification","valueRequired":true,"valueName":"search_term_string"}}],"inLanguage":"fr-FR"},{"@type":"Organization","@id":"https:\/\/purecosmetics-shop.com\/accueil\/#organization","name":"Pure Cosmetics","url":"https:\/\/purecosmetics-shop.com\/accueil\/","logo":{"@type":"ImageObject","inLanguage":"fr-FR","@id":"https:\/\/purecosmetics-shop.com\/accueil\/#\/schema\/logo\/image\/","url":"https:\/\/purecosmetics-shop.com\/wp-content\/uploads\/2025\/04\/cropped-Pure-Cosmetics-black-2.png","contentUrl":"https:\/\/purecosmetics-shop.com\/wp-content\/uploads\/2025\/04\/cropped-Pure-Cosmetics-black-2.png","width":2362,"height":2324,"caption":"Pure Cosmetics"},"image":{"@id":"https:\/\/purecosmetics-shop.com\/accueil\/#\/schema\/logo\/image\/"}}]}},"jetpack_sharing_enabled":true,"_links":{"self":[{"href":"https:\/\/purecosmetics-shop.com\/accueil\/wp-json\/wp\/v2\/product\/188","targetHints":{"allow":["GET"]}}],"collection":[{"href":"https:\/\/purecosmetics-shop.com\/accueil\/wp-json\/wp\/v2\/product"}],"about":[{"href":"https:\/\/purecosmetics-shop.com\/accueil\/wp-json\/wp\/v2\/types\/product"}],"replies":[{"embeddable":true,"href":"https:\/\/purecosmetics-shop.com\/accueil\/wp-json\/wp\/v2\/comments?post=188"}],"version-history":[{"count":3,"href":"https:\/\/purecosmetics-shop.com\/accueil\/wp-json\/wp\/v2\/product\/188\/revisions"}],"predecessor-version":[{"id":2681,"href":"https:\/\/purecosmetics-shop.com\/accueil\/wp-json\/wp\/v2\/product\/188\/revisions\/2681"}],"wp:featuredmedia":[{"embeddable":true,"href":"https:\/\/purecosmetics-shop.com\/accueil\/wp-json\/wp\/v2\/media\/189"}],"wp:attachment":[{"href":"https:\/\/purecosmetics-shop.com\/accueil\/wp-json\/wp\/v2\/media?parent=188"}],"wp:term":[{"taxonomy":"product_brand","embeddable":true,"href":"https:\/\/purecosmetics-shop.com\/accueil\/wp-json\/wp\/v2\/product_brand?post=188"},{"taxonomy":"product_cat","embeddable":true,"href":"https:\/\/purecosmetics-shop.com\/accueil\/wp-json\/wp\/v2\/product_cat?post=188"},{"taxonomy":"product_tag","embeddable":true,"href":"https:\/\/purecosmetics-shop.com\/accueil\/wp-json\/wp\/v2\/product_tag?post=188"}],"curies":[{"name":"wp","href":"https:\/\/api.w.org\/{rel}","templated":true}]}}