{"id":167,"date":"2024-07-26T17:17:02","date_gmt":"2024-07-26T21:17:02","guid":{"rendered":"https:\/\/purecosmetics-shop.com\/accueil\/?post_type=product&#038;p=167"},"modified":"2026-04-16T22:02:32","modified_gmt":"2026-04-17T02:02:32","slug":"revive-eye-serum-ginseng-retinal","status":"publish","type":"product","link":"https:\/\/purecosmetics-shop.com\/accueil\/produit\/revive-eye-serum-ginseng-retinal\/","title":{"rendered":"Revive Eye Serum : Ginseng + Retinal"},"content":{"rendered":"<p>D\u00e9couvrez notre s\u00e9rum contour des yeux Revive : une puissante cr\u00e8me contour des yeux cor\u00e9enne con\u00e7ue pour r\u00e9duire les rides et revitaliser la zone d\u00e9licate du contour des yeux. Formul\u00e9 avec des ingr\u00e9dients de haute qualit\u00e9, ce s\u00e9rum offre une solution compl\u00e8te pour les besoins sp\u00e9cifiques de cette zone sensible.<\/p>\n<h2>Ingr\u00e9dients Cl\u00e9s<\/h2>\n<p>Le s\u00e9rum contour des yeux Revive traite la perte de prot\u00e9ines, de collag\u00e8ne et d&rsquo;acide hyaluronique gr\u00e2ce \u00e0 une combinaison d&rsquo;extrait de ginseng et de r\u00e9tinol. Ces ingr\u00e9dients sont soigneusement s\u00e9lectionn\u00e9s pour am\u00e9liorer l&rsquo;\u00e9lasticit\u00e9 et la luminosit\u00e9 de la peau tout en minimisant l&rsquo;irritation.<\/p>\n<h2>B\u00e9n\u00e9fices du S\u00e9rum<\/h2>\n<p>Outre la r\u00e9duction des rides, ce s\u00e9rum contour des yeux revitalise et hydrate profond\u00e9ment la peau. Il am\u00e9liore l&rsquo;apparence g\u00e9n\u00e9rale de la zone des yeux, rendant la peau plus ferme et \u00e9clatante.<\/p>\n","protected":false},"excerpt":{"rendered":"<p>D\u00e9couvrez notre s\u00e9rum contour des yeux Revive : une puissante cr\u00e8me contour des yeux cor\u00e9enne con\u00e7ue pour r\u00e9duire les rides et revitaliser la zone d\u00e9licate du contour des yeux.<!--more--><\/p>\n<p>Ce s\u00e9rum traite la perte de prot\u00e9ines, de collag\u00e8ne et d&rsquo;acide hyaluronique en combinant l&rsquo;extrait de ginseng et le r\u00e9tinol pour am\u00e9liorer l&rsquo;\u00e9lasticit\u00e9 et la luminosit\u00e9 de la peau tout en minimisant l&rsquo;irritation.<\/p>\n","protected":false},"featured_media":3912,"comment_status":"open","ping_status":"closed","template":"","meta":[],"product_brand":[147],"product_cat":[111,22],"product_tag":[],"class_list":{"0":"post-167","1":"product","2":"type-product","3":"status-publish","4":"has-post-thumbnail","6":"product_brand-beauty-of-joseon","7":"product_cat-cernes-et-poches","8":"product_cat-yeux","10":"first","11":"instock","12":"shipping-taxable","13":"purchasable","14":"product-type-simple"},"yoast_head":"<!-- This site is optimized with the Yoast SEO plugin v27.4 - https:\/\/yoast.com\/product\/yoast-seo-wordpress\/ -->\n<title>Revive Eye Serum : Ginseng + Retinal - Pure Cosmetics<\/title>\n<meta name=\"description\" content=\"D\u00e9couvrez notre s\u00e9rum contour des yeux Revive : une puissante cr\u00e8me contour des yeux cor\u00e9enne con\u00e7ue pour r\u00e9duire les rides et revitaliser la zone d\u00e9licate du contour des yeux. Ce s\u00e9rum traite la perte de prot\u00e9ines, de collag\u00e8ne et d&#039;acide hyaluronique en combinant l&#039;extrait de ginseng et le r\u00e9tinol pour am\u00e9liorer l&#039;\u00e9lasticit\u00e9 et la luminosit\u00e9 de la peau tout en minimisant l&#039;irritation.\" \/>\n<meta name=\"robots\" content=\"index, follow, max-snippet:-1, max-image-preview:large, max-video-preview:-1\" \/>\n<link rel=\"canonical\" href=\"https:\/\/purecosmetics-shop.com\/accueil\/produit\/revive-eye-serum-ginseng-retinal\/\" \/>\n<meta property=\"og:locale\" content=\"fr_FR\" \/>\n<meta property=\"og:type\" content=\"article\" \/>\n<meta property=\"og:title\" content=\"Revive Eye Serum : Ginseng + Retinal - Pure Cosmetics\" \/>\n<meta property=\"og:description\" content=\"D\u00e9couvrez notre s\u00e9rum contour des yeux Revive : une puissante cr\u00e8me contour des yeux cor\u00e9enne con\u00e7ue pour r\u00e9duire les rides et revitaliser la zone d\u00e9licate du contour des yeux. Ce s\u00e9rum traite la perte de prot\u00e9ines, de collag\u00e8ne et d&#039;acide hyaluronique en combinant l&#039;extrait de ginseng et le r\u00e9tinol pour am\u00e9liorer l&#039;\u00e9lasticit\u00e9 et la luminosit\u00e9 de la peau tout en minimisant l&#039;irritation.\" \/>\n<meta property=\"og:url\" content=\"https:\/\/purecosmetics-shop.com\/accueil\/produit\/revive-eye-serum-ginseng-retinal\/\" \/>\n<meta property=\"og:site_name\" content=\"Pure Cosmetics\" \/>\n<meta property=\"article:modified_time\" content=\"2026-04-17T02:02:32+00:00\" \/>\n<meta property=\"og:image\" content=\"https:\/\/purecosmetics-shop.com\/wp-content\/uploads\/2024\/07\/Beauty-of-Joseon-Revive-Eye-Serum-Ginseng-Retinal.webp\" \/>\n\t<meta property=\"og:image:width\" content=\"800\" \/>\n\t<meta property=\"og:image:height\" content=\"800\" \/>\n\t<meta property=\"og:image:type\" content=\"image\/webp\" \/>\n<meta name=\"twitter:card\" content=\"summary_large_image\" \/>\n<meta name=\"twitter:label1\" content=\"Dur\u00e9e de lecture estim\u00e9e\" \/>\n\t<meta name=\"twitter:data1\" content=\"1 minute\" \/>\n<script type=\"application\/ld+json\" class=\"yoast-schema-graph\">{\"@context\":\"https:\\\/\\\/schema.org\",\"@graph\":[{\"@type\":\"WebPage\",\"@id\":\"https:\\\/\\\/purecosmetics-shop.com\\\/accueil\\\/produit\\\/revive-eye-serum-ginseng-retinal\\\/\",\"url\":\"https:\\\/\\\/purecosmetics-shop.com\\\/accueil\\\/produit\\\/revive-eye-serum-ginseng-retinal\\\/\",\"name\":\"Revive Eye Serum : Ginseng + Retinal - Pure Cosmetics\",\"isPartOf\":{\"@id\":\"https:\\\/\\\/purecosmetics-shop.com\\\/accueil\\\/#website\"},\"primaryImageOfPage\":{\"@id\":\"https:\\\/\\\/purecosmetics-shop.com\\\/accueil\\\/produit\\\/revive-eye-serum-ginseng-retinal\\\/#primaryimage\"},\"image\":{\"@id\":\"https:\\\/\\\/purecosmetics-shop.com\\\/accueil\\\/produit\\\/revive-eye-serum-ginseng-retinal\\\/#primaryimage\"},\"thumbnailUrl\":\"https:\\\/\\\/purecosmetics-shop.com\\\/wp-content\\\/uploads\\\/2024\\\/07\\\/Beauty-of-Joseon-Revive-Eye-Serum-Ginseng-Retinal.webp\",\"datePublished\":\"2024-07-26T21:17:02+00:00\",\"dateModified\":\"2026-04-17T02:02:32+00:00\",\"description\":\"D\u00e9couvrez notre s\u00e9rum contour des yeux Revive : une puissante cr\u00e8me contour des yeux cor\u00e9enne con\u00e7ue pour r\u00e9duire les rides et revitaliser la zone d\u00e9licate du contour des yeux. Ce s\u00e9rum traite la perte de prot\u00e9ines, de collag\u00e8ne et d'acide hyaluronique en combinant l'extrait de ginseng et le r\u00e9tinol pour am\u00e9liorer l'\u00e9lasticit\u00e9 et la luminosit\u00e9 de la peau tout en minimisant l'irritation.\",\"breadcrumb\":{\"@id\":\"https:\\\/\\\/purecosmetics-shop.com\\\/accueil\\\/produit\\\/revive-eye-serum-ginseng-retinal\\\/#breadcrumb\"},\"inLanguage\":\"fr-FR\",\"potentialAction\":[{\"@type\":\"ReadAction\",\"target\":[\"https:\\\/\\\/purecosmetics-shop.com\\\/accueil\\\/produit\\\/revive-eye-serum-ginseng-retinal\\\/\"]}]},{\"@type\":\"ImageObject\",\"inLanguage\":\"fr-FR\",\"@id\":\"https:\\\/\\\/purecosmetics-shop.com\\\/accueil\\\/produit\\\/revive-eye-serum-ginseng-retinal\\\/#primaryimage\",\"url\":\"https:\\\/\\\/purecosmetics-shop.com\\\/wp-content\\\/uploads\\\/2024\\\/07\\\/Beauty-of-Joseon-Revive-Eye-Serum-Ginseng-Retinal.webp\",\"contentUrl\":\"https:\\\/\\\/purecosmetics-shop.com\\\/wp-content\\\/uploads\\\/2024\\\/07\\\/Beauty-of-Joseon-Revive-Eye-Serum-Ginseng-Retinal.webp\",\"width\":800,\"height\":800},{\"@type\":\"BreadcrumbList\",\"@id\":\"https:\\\/\\\/purecosmetics-shop.com\\\/accueil\\\/produit\\\/revive-eye-serum-ginseng-retinal\\\/#breadcrumb\",\"itemListElement\":[{\"@type\":\"ListItem\",\"position\":1,\"name\":\"Accueil\",\"item\":\"https:\\\/\\\/purecosmetics-shop.com\\\/accueil\\\/\"},{\"@type\":\"ListItem\",\"position\":2,\"name\":\"NOUVEAUT\u00c9S\",\"item\":\"https:\\\/\\\/purecosmetics-shop.com\\\/accueil\\\/nouveautes\\\/\"},{\"@type\":\"ListItem\",\"position\":3,\"name\":\"Revive Eye Serum : Ginseng + Retinal\"}]},{\"@type\":\"WebSite\",\"@id\":\"https:\\\/\\\/purecosmetics-shop.com\\\/accueil\\\/#website\",\"url\":\"https:\\\/\\\/purecosmetics-shop.com\\\/accueil\\\/\",\"name\":\"Pure Cosmetics\",\"description\":\"Skincare cor\u00e9enne et japonais\",\"publisher\":{\"@id\":\"https:\\\/\\\/purecosmetics-shop.com\\\/accueil\\\/#organization\"},\"potentialAction\":[{\"@type\":\"SearchAction\",\"target\":{\"@type\":\"EntryPoint\",\"urlTemplate\":\"https:\\\/\\\/purecosmetics-shop.com\\\/accueil\\\/?s={search_term_string}\"},\"query-input\":{\"@type\":\"PropertyValueSpecification\",\"valueRequired\":true,\"valueName\":\"search_term_string\"}}],\"inLanguage\":\"fr-FR\"},{\"@type\":\"Organization\",\"@id\":\"https:\\\/\\\/purecosmetics-shop.com\\\/accueil\\\/#organization\",\"name\":\"Pure Cosmetics\",\"url\":\"https:\\\/\\\/purecosmetics-shop.com\\\/accueil\\\/\",\"logo\":{\"@type\":\"ImageObject\",\"inLanguage\":\"fr-FR\",\"@id\":\"https:\\\/\\\/purecosmetics-shop.com\\\/accueil\\\/#\\\/schema\\\/logo\\\/image\\\/\",\"url\":\"https:\\\/\\\/purecosmetics-shop.com\\\/wp-content\\\/uploads\\\/2025\\\/04\\\/cropped-Pure-Cosmetics-black-2.png\",\"contentUrl\":\"https:\\\/\\\/purecosmetics-shop.com\\\/wp-content\\\/uploads\\\/2025\\\/04\\\/cropped-Pure-Cosmetics-black-2.png\",\"width\":2362,\"height\":2324,\"caption\":\"Pure Cosmetics\"},\"image\":{\"@id\":\"https:\\\/\\\/purecosmetics-shop.com\\\/accueil\\\/#\\\/schema\\\/logo\\\/image\\\/\"}}]}<\/script>\n<!-- \/ Yoast SEO plugin. -->","yoast_head_json":{"title":"Revive Eye Serum : Ginseng + Retinal - Pure Cosmetics","description":"D\u00e9couvrez notre s\u00e9rum contour des yeux Revive : une puissante cr\u00e8me contour des yeux cor\u00e9enne con\u00e7ue pour r\u00e9duire les rides et revitaliser la zone d\u00e9licate du contour des yeux. Ce s\u00e9rum traite la perte de prot\u00e9ines, de collag\u00e8ne et d'acide hyaluronique en combinant l'extrait de ginseng et le r\u00e9tinol pour am\u00e9liorer l'\u00e9lasticit\u00e9 et la luminosit\u00e9 de la peau tout en minimisant l'irritation.","robots":{"index":"index","follow":"follow","max-snippet":"max-snippet:-1","max-image-preview":"max-image-preview:large","max-video-preview":"max-video-preview:-1"},"canonical":"https:\/\/purecosmetics-shop.com\/accueil\/produit\/revive-eye-serum-ginseng-retinal\/","og_locale":"fr_FR","og_type":"article","og_title":"Revive Eye Serum : Ginseng + Retinal - Pure Cosmetics","og_description":"D\u00e9couvrez notre s\u00e9rum contour des yeux Revive : une puissante cr\u00e8me contour des yeux cor\u00e9enne con\u00e7ue pour r\u00e9duire les rides et revitaliser la zone d\u00e9licate du contour des yeux. Ce s\u00e9rum traite la perte de prot\u00e9ines, de collag\u00e8ne et d'acide hyaluronique en combinant l'extrait de ginseng et le r\u00e9tinol pour am\u00e9liorer l'\u00e9lasticit\u00e9 et la luminosit\u00e9 de la peau tout en minimisant l'irritation.","og_url":"https:\/\/purecosmetics-shop.com\/accueil\/produit\/revive-eye-serum-ginseng-retinal\/","og_site_name":"Pure Cosmetics","article_modified_time":"2026-04-17T02:02:32+00:00","og_image":[{"width":800,"height":800,"url":"https:\/\/purecosmetics-shop.com\/wp-content\/uploads\/2024\/07\/Beauty-of-Joseon-Revive-Eye-Serum-Ginseng-Retinal.webp","type":"image\/webp"}],"twitter_card":"summary_large_image","twitter_misc":{"Dur\u00e9e de lecture estim\u00e9e":"1 minute"},"schema":{"@context":"https:\/\/schema.org","@graph":[{"@type":"WebPage","@id":"https:\/\/purecosmetics-shop.com\/accueil\/produit\/revive-eye-serum-ginseng-retinal\/","url":"https:\/\/purecosmetics-shop.com\/accueil\/produit\/revive-eye-serum-ginseng-retinal\/","name":"Revive Eye Serum : Ginseng + Retinal - Pure Cosmetics","isPartOf":{"@id":"https:\/\/purecosmetics-shop.com\/accueil\/#website"},"primaryImageOfPage":{"@id":"https:\/\/purecosmetics-shop.com\/accueil\/produit\/revive-eye-serum-ginseng-retinal\/#primaryimage"},"image":{"@id":"https:\/\/purecosmetics-shop.com\/accueil\/produit\/revive-eye-serum-ginseng-retinal\/#primaryimage"},"thumbnailUrl":"https:\/\/purecosmetics-shop.com\/wp-content\/uploads\/2024\/07\/Beauty-of-Joseon-Revive-Eye-Serum-Ginseng-Retinal.webp","datePublished":"2024-07-26T21:17:02+00:00","dateModified":"2026-04-17T02:02:32+00:00","description":"D\u00e9couvrez notre s\u00e9rum contour des yeux Revive : une puissante cr\u00e8me contour des yeux cor\u00e9enne con\u00e7ue pour r\u00e9duire les rides et revitaliser la zone d\u00e9licate du contour des yeux. Ce s\u00e9rum traite la perte de prot\u00e9ines, de collag\u00e8ne et d'acide hyaluronique en combinant l'extrait de ginseng et le r\u00e9tinol pour am\u00e9liorer l'\u00e9lasticit\u00e9 et la luminosit\u00e9 de la peau tout en minimisant l'irritation.","breadcrumb":{"@id":"https:\/\/purecosmetics-shop.com\/accueil\/produit\/revive-eye-serum-ginseng-retinal\/#breadcrumb"},"inLanguage":"fr-FR","potentialAction":[{"@type":"ReadAction","target":["https:\/\/purecosmetics-shop.com\/accueil\/produit\/revive-eye-serum-ginseng-retinal\/"]}]},{"@type":"ImageObject","inLanguage":"fr-FR","@id":"https:\/\/purecosmetics-shop.com\/accueil\/produit\/revive-eye-serum-ginseng-retinal\/#primaryimage","url":"https:\/\/purecosmetics-shop.com\/wp-content\/uploads\/2024\/07\/Beauty-of-Joseon-Revive-Eye-Serum-Ginseng-Retinal.webp","contentUrl":"https:\/\/purecosmetics-shop.com\/wp-content\/uploads\/2024\/07\/Beauty-of-Joseon-Revive-Eye-Serum-Ginseng-Retinal.webp","width":800,"height":800},{"@type":"BreadcrumbList","@id":"https:\/\/purecosmetics-shop.com\/accueil\/produit\/revive-eye-serum-ginseng-retinal\/#breadcrumb","itemListElement":[{"@type":"ListItem","position":1,"name":"Accueil","item":"https:\/\/purecosmetics-shop.com\/accueil\/"},{"@type":"ListItem","position":2,"name":"NOUVEAUT\u00c9S","item":"https:\/\/purecosmetics-shop.com\/accueil\/nouveautes\/"},{"@type":"ListItem","position":3,"name":"Revive Eye Serum : Ginseng + Retinal"}]},{"@type":"WebSite","@id":"https:\/\/purecosmetics-shop.com\/accueil\/#website","url":"https:\/\/purecosmetics-shop.com\/accueil\/","name":"Pure Cosmetics","description":"Skincare cor\u00e9enne et japonais","publisher":{"@id":"https:\/\/purecosmetics-shop.com\/accueil\/#organization"},"potentialAction":[{"@type":"SearchAction","target":{"@type":"EntryPoint","urlTemplate":"https:\/\/purecosmetics-shop.com\/accueil\/?s={search_term_string}"},"query-input":{"@type":"PropertyValueSpecification","valueRequired":true,"valueName":"search_term_string"}}],"inLanguage":"fr-FR"},{"@type":"Organization","@id":"https:\/\/purecosmetics-shop.com\/accueil\/#organization","name":"Pure Cosmetics","url":"https:\/\/purecosmetics-shop.com\/accueil\/","logo":{"@type":"ImageObject","inLanguage":"fr-FR","@id":"https:\/\/purecosmetics-shop.com\/accueil\/#\/schema\/logo\/image\/","url":"https:\/\/purecosmetics-shop.com\/wp-content\/uploads\/2025\/04\/cropped-Pure-Cosmetics-black-2.png","contentUrl":"https:\/\/purecosmetics-shop.com\/wp-content\/uploads\/2025\/04\/cropped-Pure-Cosmetics-black-2.png","width":2362,"height":2324,"caption":"Pure Cosmetics"},"image":{"@id":"https:\/\/purecosmetics-shop.com\/accueil\/#\/schema\/logo\/image\/"}}]}},"jetpack_sharing_enabled":true,"_links":{"self":[{"href":"https:\/\/purecosmetics-shop.com\/accueil\/wp-json\/wp\/v2\/product\/167","targetHints":{"allow":["GET"]}}],"collection":[{"href":"https:\/\/purecosmetics-shop.com\/accueil\/wp-json\/wp\/v2\/product"}],"about":[{"href":"https:\/\/purecosmetics-shop.com\/accueil\/wp-json\/wp\/v2\/types\/product"}],"replies":[{"embeddable":true,"href":"https:\/\/purecosmetics-shop.com\/accueil\/wp-json\/wp\/v2\/comments?post=167"}],"version-history":[{"count":2,"href":"https:\/\/purecosmetics-shop.com\/accueil\/wp-json\/wp\/v2\/product\/167\/revisions"}],"predecessor-version":[{"id":2685,"href":"https:\/\/purecosmetics-shop.com\/accueil\/wp-json\/wp\/v2\/product\/167\/revisions\/2685"}],"wp:featuredmedia":[{"embeddable":true,"href":"https:\/\/purecosmetics-shop.com\/accueil\/wp-json\/wp\/v2\/media\/3912"}],"wp:attachment":[{"href":"https:\/\/purecosmetics-shop.com\/accueil\/wp-json\/wp\/v2\/media?parent=167"}],"wp:term":[{"taxonomy":"product_brand","embeddable":true,"href":"https:\/\/purecosmetics-shop.com\/accueil\/wp-json\/wp\/v2\/product_brand?post=167"},{"taxonomy":"product_cat","embeddable":true,"href":"https:\/\/purecosmetics-shop.com\/accueil\/wp-json\/wp\/v2\/product_cat?post=167"},{"taxonomy":"product_tag","embeddable":true,"href":"https:\/\/purecosmetics-shop.com\/accueil\/wp-json\/wp\/v2\/product_tag?post=167"}],"curies":[{"name":"wp","href":"https:\/\/api.w.org\/{rel}","templated":true}]}}