{"id":160,"date":"2024-07-26T17:02:49","date_gmt":"2024-07-26T21:02:49","guid":{"rendered":"https:\/\/purecosmetics-shop.com\/accueil\/?post_type=product&#038;p=160"},"modified":"2026-04-16T06:19:55","modified_gmt":"2026-04-16T10:19:55","slug":"beauty-of-joseon-relief-sun-riceprobiotics-spf-50-pa","status":"publish","type":"product","link":"https:\/\/purecosmetics-shop.com\/accueil\/produit\/beauty-of-joseon-relief-sun-riceprobiotics-spf-50-pa\/","title":{"rendered":"Relief Sun: Rice+Probiotics (SPF 50+ PA++++)"},"content":{"rendered":"<p>Relief Sun est un \u00e9cran solaire biologique l\u00e9ger et cr\u00e9meux, con\u00e7u pour offrir une protection maximale tout en restant confortable sur la peau. M\u00eame apr\u00e8s plusieurs applications, il ne colle pas et procure un fini humide similaire \u00e0 celui d&rsquo;une cr\u00e8me hydratante l\u00e9g\u00e8re.<\/p>\n<h2>Les Bienfaits de Relief Sun<\/h2>\n<p>Ce produit contient 30 % d&rsquo;extrait de riz et des extraits ferment\u00e9s de c\u00e9r\u00e9ales, ce qui le rend particuli\u00e8rement hydratant et nourrissant pour la peau. Ces ingr\u00e9dients naturels travaillent ensemble pour maintenir votre peau douce et hydrat\u00e9e tout au long de la journ\u00e9e.<\/p>\n<h2>Pourquoi Choisir Relief Sun<\/h2>\n<p>Relief Sun est id\u00e9al pour ceux qui recherchent une protection solaire efficace sans compromis sur le confort. Sa formule l\u00e9g\u00e8re et non collante permet de l&rsquo;appliquer g\u00e9n\u00e9reusement sans aucune sensation d\u00e9sagr\u00e9able. C&rsquo;est le choix parfait pour une peau prot\u00e9g\u00e9e et hydrat\u00e9e.<\/p>\n","protected":false},"excerpt":{"rendered":"<p>Relief Sun est un \u00e9cran solaire biologique l\u00e9ger et cr\u00e9meux qui est confortable sur la peau.<!--more--><\/p>\n<p>M\u00eame si vous en appliquez une grande quantit\u00e9 plusieurs fois, elle ne colle pas et donne un fini humide comme celui d&rsquo;une cr\u00e8me hydratante l\u00e9g\u00e8re. Contenant 30 % d&rsquo;extrait de riz et d&rsquo;extraits ferment\u00e9s de c\u00e9r\u00e9ales, il hydrate et nourrit la peau.<\/p>\n","protected":false},"featured_media":3914,"comment_status":"open","ping_status":"closed","template":"","meta":[],"product_brand":[147],"product_cat":[112,116,117,118,20],"product_tag":[],"class_list":{"0":"post-160","1":"product","2":"type-product","3":"status-publish","4":"has-post-thumbnail","6":"product_brand-beauty-of-joseon","7":"product_cat-hydratation","8":"product_cat-peau-mixte","9":"product_cat-peau-normale","10":"product_cat-peau-seche","11":"product_cat-solaire","13":"first","14":"instock","15":"shipping-taxable","16":"purchasable","17":"product-type-simple"},"yoast_head":"<!-- This site is optimized with the Yoast SEO plugin v27.4 - https:\/\/yoast.com\/product\/yoast-seo-wordpress\/ -->\n<title>Relief Sun: Rice+Probiotics (SPF 50+ PA++++) - Pure Cosmetics<\/title>\n<meta name=\"description\" content=\"Relief Sun est un \u00e9cran solaire biologique l\u00e9ger et cr\u00e9meux qui est confortable sur la peau. M\u00eame si vous en appliquez une grande quantit\u00e9 plusieurs fois, elle ne colle pas et donne un fini humide comme celui d&#039;une cr\u00e8me hydratante l\u00e9g\u00e8re. Contenant 30 % d&#039;extrait de riz et d&#039;extraits ferment\u00e9s de c\u00e9r\u00e9ales, il hydrate et nourrit la peau.\" \/>\n<meta name=\"robots\" content=\"index, follow, max-snippet:-1, max-image-preview:large, max-video-preview:-1\" \/>\n<link rel=\"canonical\" href=\"https:\/\/purecosmetics-shop.com\/accueil\/produit\/beauty-of-joseon-relief-sun-riceprobiotics-spf-50-pa\/\" \/>\n<meta property=\"og:locale\" content=\"fr_FR\" \/>\n<meta property=\"og:type\" content=\"article\" \/>\n<meta property=\"og:title\" content=\"Relief Sun: Rice+Probiotics (SPF 50+ PA++++) - Pure Cosmetics\" \/>\n<meta property=\"og:description\" content=\"Relief Sun est un \u00e9cran solaire biologique l\u00e9ger et cr\u00e9meux qui est confortable sur la peau. M\u00eame si vous en appliquez une grande quantit\u00e9 plusieurs fois, elle ne colle pas et donne un fini humide comme celui d&#039;une cr\u00e8me hydratante l\u00e9g\u00e8re. Contenant 30 % d&#039;extrait de riz et d&#039;extraits ferment\u00e9s de c\u00e9r\u00e9ales, il hydrate et nourrit la peau.\" \/>\n<meta property=\"og:url\" content=\"https:\/\/purecosmetics-shop.com\/accueil\/produit\/beauty-of-joseon-relief-sun-riceprobiotics-spf-50-pa\/\" \/>\n<meta property=\"og:site_name\" content=\"Pure Cosmetics\" \/>\n<meta property=\"article:modified_time\" content=\"2026-04-16T10:19:55+00:00\" \/>\n<meta property=\"og:image\" content=\"https:\/\/purecosmetics-shop.com\/wp-content\/uploads\/2024\/07\/Relief-Sun-Rice-Probiotics-SPF50-PA.jpg\" \/>\n\t<meta property=\"og:image:width\" content=\"2560\" \/>\n\t<meta property=\"og:image:height\" content=\"2560\" \/>\n\t<meta property=\"og:image:type\" content=\"image\/jpeg\" \/>\n<meta name=\"twitter:card\" content=\"summary_large_image\" \/>\n<meta name=\"twitter:label1\" content=\"Dur\u00e9e de lecture estim\u00e9e\" \/>\n\t<meta name=\"twitter:data1\" content=\"1 minute\" \/>\n<script type=\"application\/ld+json\" class=\"yoast-schema-graph\">{\"@context\":\"https:\\\/\\\/schema.org\",\"@graph\":[{\"@type\":\"WebPage\",\"@id\":\"https:\\\/\\\/purecosmetics-shop.com\\\/accueil\\\/produit\\\/beauty-of-joseon-relief-sun-riceprobiotics-spf-50-pa\\\/\",\"url\":\"https:\\\/\\\/purecosmetics-shop.com\\\/accueil\\\/produit\\\/beauty-of-joseon-relief-sun-riceprobiotics-spf-50-pa\\\/\",\"name\":\"Relief Sun: Rice+Probiotics (SPF 50+ PA++++) - Pure Cosmetics\",\"isPartOf\":{\"@id\":\"https:\\\/\\\/purecosmetics-shop.com\\\/accueil\\\/#website\"},\"primaryImageOfPage\":{\"@id\":\"https:\\\/\\\/purecosmetics-shop.com\\\/accueil\\\/produit\\\/beauty-of-joseon-relief-sun-riceprobiotics-spf-50-pa\\\/#primaryimage\"},\"image\":{\"@id\":\"https:\\\/\\\/purecosmetics-shop.com\\\/accueil\\\/produit\\\/beauty-of-joseon-relief-sun-riceprobiotics-spf-50-pa\\\/#primaryimage\"},\"thumbnailUrl\":\"https:\\\/\\\/purecosmetics-shop.com\\\/wp-content\\\/uploads\\\/2024\\\/07\\\/Relief-Sun-Rice-Probiotics-SPF50-PA.jpg\",\"datePublished\":\"2024-07-26T21:02:49+00:00\",\"dateModified\":\"2026-04-16T10:19:55+00:00\",\"description\":\"Relief Sun est un \u00e9cran solaire biologique l\u00e9ger et cr\u00e9meux qui est confortable sur la peau. M\u00eame si vous en appliquez une grande quantit\u00e9 plusieurs fois, elle ne colle pas et donne un fini humide comme celui d'une cr\u00e8me hydratante l\u00e9g\u00e8re. Contenant 30 % d'extrait de riz et d'extraits ferment\u00e9s de c\u00e9r\u00e9ales, il hydrate et nourrit la peau.\",\"breadcrumb\":{\"@id\":\"https:\\\/\\\/purecosmetics-shop.com\\\/accueil\\\/produit\\\/beauty-of-joseon-relief-sun-riceprobiotics-spf-50-pa\\\/#breadcrumb\"},\"inLanguage\":\"fr-FR\",\"potentialAction\":[{\"@type\":\"ReadAction\",\"target\":[\"https:\\\/\\\/purecosmetics-shop.com\\\/accueil\\\/produit\\\/beauty-of-joseon-relief-sun-riceprobiotics-spf-50-pa\\\/\"]}]},{\"@type\":\"ImageObject\",\"inLanguage\":\"fr-FR\",\"@id\":\"https:\\\/\\\/purecosmetics-shop.com\\\/accueil\\\/produit\\\/beauty-of-joseon-relief-sun-riceprobiotics-spf-50-pa\\\/#primaryimage\",\"url\":\"https:\\\/\\\/purecosmetics-shop.com\\\/wp-content\\\/uploads\\\/2024\\\/07\\\/Relief-Sun-Rice-Probiotics-SPF50-PA.jpg\",\"contentUrl\":\"https:\\\/\\\/purecosmetics-shop.com\\\/wp-content\\\/uploads\\\/2024\\\/07\\\/Relief-Sun-Rice-Probiotics-SPF50-PA.jpg\",\"width\":2560,\"height\":2560,\"caption\":\"Relief Sun : Rice + Probiotics SPF50+ PA++++\"},{\"@type\":\"BreadcrumbList\",\"@id\":\"https:\\\/\\\/purecosmetics-shop.com\\\/accueil\\\/produit\\\/beauty-of-joseon-relief-sun-riceprobiotics-spf-50-pa\\\/#breadcrumb\",\"itemListElement\":[{\"@type\":\"ListItem\",\"position\":1,\"name\":\"Accueil\",\"item\":\"https:\\\/\\\/purecosmetics-shop.com\\\/accueil\\\/\"},{\"@type\":\"ListItem\",\"position\":2,\"name\":\"NOUVEAUT\u00c9S\",\"item\":\"https:\\\/\\\/purecosmetics-shop.com\\\/accueil\\\/nouveautes\\\/\"},{\"@type\":\"ListItem\",\"position\":3,\"name\":\"Relief Sun: Rice+Probiotics (SPF 50+ PA++++)\"}]},{\"@type\":\"WebSite\",\"@id\":\"https:\\\/\\\/purecosmetics-shop.com\\\/accueil\\\/#website\",\"url\":\"https:\\\/\\\/purecosmetics-shop.com\\\/accueil\\\/\",\"name\":\"Pure Cosmetics\",\"description\":\"Skincare cor\u00e9enne et japonais\",\"publisher\":{\"@id\":\"https:\\\/\\\/purecosmetics-shop.com\\\/accueil\\\/#organization\"},\"potentialAction\":[{\"@type\":\"SearchAction\",\"target\":{\"@type\":\"EntryPoint\",\"urlTemplate\":\"https:\\\/\\\/purecosmetics-shop.com\\\/accueil\\\/?s={search_term_string}\"},\"query-input\":{\"@type\":\"PropertyValueSpecification\",\"valueRequired\":true,\"valueName\":\"search_term_string\"}}],\"inLanguage\":\"fr-FR\"},{\"@type\":\"Organization\",\"@id\":\"https:\\\/\\\/purecosmetics-shop.com\\\/accueil\\\/#organization\",\"name\":\"Pure Cosmetics\",\"url\":\"https:\\\/\\\/purecosmetics-shop.com\\\/accueil\\\/\",\"logo\":{\"@type\":\"ImageObject\",\"inLanguage\":\"fr-FR\",\"@id\":\"https:\\\/\\\/purecosmetics-shop.com\\\/accueil\\\/#\\\/schema\\\/logo\\\/image\\\/\",\"url\":\"https:\\\/\\\/purecosmetics-shop.com\\\/wp-content\\\/uploads\\\/2025\\\/04\\\/cropped-Pure-Cosmetics-black-2.png\",\"contentUrl\":\"https:\\\/\\\/purecosmetics-shop.com\\\/wp-content\\\/uploads\\\/2025\\\/04\\\/cropped-Pure-Cosmetics-black-2.png\",\"width\":2362,\"height\":2324,\"caption\":\"Pure Cosmetics\"},\"image\":{\"@id\":\"https:\\\/\\\/purecosmetics-shop.com\\\/accueil\\\/#\\\/schema\\\/logo\\\/image\\\/\"}}]}<\/script>\n<!-- \/ Yoast SEO plugin. -->","yoast_head_json":{"title":"Relief Sun: Rice+Probiotics (SPF 50+ PA++++) - Pure Cosmetics","description":"Relief Sun est un \u00e9cran solaire biologique l\u00e9ger et cr\u00e9meux qui est confortable sur la peau. M\u00eame si vous en appliquez une grande quantit\u00e9 plusieurs fois, elle ne colle pas et donne un fini humide comme celui d'une cr\u00e8me hydratante l\u00e9g\u00e8re. Contenant 30 % d'extrait de riz et d'extraits ferment\u00e9s de c\u00e9r\u00e9ales, il hydrate et nourrit la peau.","robots":{"index":"index","follow":"follow","max-snippet":"max-snippet:-1","max-image-preview":"max-image-preview:large","max-video-preview":"max-video-preview:-1"},"canonical":"https:\/\/purecosmetics-shop.com\/accueil\/produit\/beauty-of-joseon-relief-sun-riceprobiotics-spf-50-pa\/","og_locale":"fr_FR","og_type":"article","og_title":"Relief Sun: Rice+Probiotics (SPF 50+ PA++++) - Pure Cosmetics","og_description":"Relief Sun est un \u00e9cran solaire biologique l\u00e9ger et cr\u00e9meux qui est confortable sur la peau. M\u00eame si vous en appliquez une grande quantit\u00e9 plusieurs fois, elle ne colle pas et donne un fini humide comme celui d'une cr\u00e8me hydratante l\u00e9g\u00e8re. Contenant 30 % d'extrait de riz et d'extraits ferment\u00e9s de c\u00e9r\u00e9ales, il hydrate et nourrit la peau.","og_url":"https:\/\/purecosmetics-shop.com\/accueil\/produit\/beauty-of-joseon-relief-sun-riceprobiotics-spf-50-pa\/","og_site_name":"Pure Cosmetics","article_modified_time":"2026-04-16T10:19:55+00:00","og_image":[{"width":2560,"height":2560,"url":"https:\/\/purecosmetics-shop.com\/wp-content\/uploads\/2024\/07\/Relief-Sun-Rice-Probiotics-SPF50-PA.jpg","type":"image\/jpeg"}],"twitter_card":"summary_large_image","twitter_misc":{"Dur\u00e9e de lecture estim\u00e9e":"1 minute"},"schema":{"@context":"https:\/\/schema.org","@graph":[{"@type":"WebPage","@id":"https:\/\/purecosmetics-shop.com\/accueil\/produit\/beauty-of-joseon-relief-sun-riceprobiotics-spf-50-pa\/","url":"https:\/\/purecosmetics-shop.com\/accueil\/produit\/beauty-of-joseon-relief-sun-riceprobiotics-spf-50-pa\/","name":"Relief Sun: Rice+Probiotics (SPF 50+ PA++++) - Pure Cosmetics","isPartOf":{"@id":"https:\/\/purecosmetics-shop.com\/accueil\/#website"},"primaryImageOfPage":{"@id":"https:\/\/purecosmetics-shop.com\/accueil\/produit\/beauty-of-joseon-relief-sun-riceprobiotics-spf-50-pa\/#primaryimage"},"image":{"@id":"https:\/\/purecosmetics-shop.com\/accueil\/produit\/beauty-of-joseon-relief-sun-riceprobiotics-spf-50-pa\/#primaryimage"},"thumbnailUrl":"https:\/\/purecosmetics-shop.com\/wp-content\/uploads\/2024\/07\/Relief-Sun-Rice-Probiotics-SPF50-PA.jpg","datePublished":"2024-07-26T21:02:49+00:00","dateModified":"2026-04-16T10:19:55+00:00","description":"Relief Sun est un \u00e9cran solaire biologique l\u00e9ger et cr\u00e9meux qui est confortable sur la peau. M\u00eame si vous en appliquez une grande quantit\u00e9 plusieurs fois, elle ne colle pas et donne un fini humide comme celui d'une cr\u00e8me hydratante l\u00e9g\u00e8re. Contenant 30 % d'extrait de riz et d'extraits ferment\u00e9s de c\u00e9r\u00e9ales, il hydrate et nourrit la peau.","breadcrumb":{"@id":"https:\/\/purecosmetics-shop.com\/accueil\/produit\/beauty-of-joseon-relief-sun-riceprobiotics-spf-50-pa\/#breadcrumb"},"inLanguage":"fr-FR","potentialAction":[{"@type":"ReadAction","target":["https:\/\/purecosmetics-shop.com\/accueil\/produit\/beauty-of-joseon-relief-sun-riceprobiotics-spf-50-pa\/"]}]},{"@type":"ImageObject","inLanguage":"fr-FR","@id":"https:\/\/purecosmetics-shop.com\/accueil\/produit\/beauty-of-joseon-relief-sun-riceprobiotics-spf-50-pa\/#primaryimage","url":"https:\/\/purecosmetics-shop.com\/wp-content\/uploads\/2024\/07\/Relief-Sun-Rice-Probiotics-SPF50-PA.jpg","contentUrl":"https:\/\/purecosmetics-shop.com\/wp-content\/uploads\/2024\/07\/Relief-Sun-Rice-Probiotics-SPF50-PA.jpg","width":2560,"height":2560,"caption":"Relief Sun : Rice + Probiotics SPF50+ PA++++"},{"@type":"BreadcrumbList","@id":"https:\/\/purecosmetics-shop.com\/accueil\/produit\/beauty-of-joseon-relief-sun-riceprobiotics-spf-50-pa\/#breadcrumb","itemListElement":[{"@type":"ListItem","position":1,"name":"Accueil","item":"https:\/\/purecosmetics-shop.com\/accueil\/"},{"@type":"ListItem","position":2,"name":"NOUVEAUT\u00c9S","item":"https:\/\/purecosmetics-shop.com\/accueil\/nouveautes\/"},{"@type":"ListItem","position":3,"name":"Relief Sun: Rice+Probiotics (SPF 50+ PA++++)"}]},{"@type":"WebSite","@id":"https:\/\/purecosmetics-shop.com\/accueil\/#website","url":"https:\/\/purecosmetics-shop.com\/accueil\/","name":"Pure Cosmetics","description":"Skincare cor\u00e9enne et japonais","publisher":{"@id":"https:\/\/purecosmetics-shop.com\/accueil\/#organization"},"potentialAction":[{"@type":"SearchAction","target":{"@type":"EntryPoint","urlTemplate":"https:\/\/purecosmetics-shop.com\/accueil\/?s={search_term_string}"},"query-input":{"@type":"PropertyValueSpecification","valueRequired":true,"valueName":"search_term_string"}}],"inLanguage":"fr-FR"},{"@type":"Organization","@id":"https:\/\/purecosmetics-shop.com\/accueil\/#organization","name":"Pure Cosmetics","url":"https:\/\/purecosmetics-shop.com\/accueil\/","logo":{"@type":"ImageObject","inLanguage":"fr-FR","@id":"https:\/\/purecosmetics-shop.com\/accueil\/#\/schema\/logo\/image\/","url":"https:\/\/purecosmetics-shop.com\/wp-content\/uploads\/2025\/04\/cropped-Pure-Cosmetics-black-2.png","contentUrl":"https:\/\/purecosmetics-shop.com\/wp-content\/uploads\/2025\/04\/cropped-Pure-Cosmetics-black-2.png","width":2362,"height":2324,"caption":"Pure Cosmetics"},"image":{"@id":"https:\/\/purecosmetics-shop.com\/accueil\/#\/schema\/logo\/image\/"}}]}},"jetpack_sharing_enabled":true,"_links":{"self":[{"href":"https:\/\/purecosmetics-shop.com\/accueil\/wp-json\/wp\/v2\/product\/160","targetHints":{"allow":["GET"]}}],"collection":[{"href":"https:\/\/purecosmetics-shop.com\/accueil\/wp-json\/wp\/v2\/product"}],"about":[{"href":"https:\/\/purecosmetics-shop.com\/accueil\/wp-json\/wp\/v2\/types\/product"}],"replies":[{"embeddable":true,"href":"https:\/\/purecosmetics-shop.com\/accueil\/wp-json\/wp\/v2\/comments?post=160"}],"version-history":[{"count":3,"href":"https:\/\/purecosmetics-shop.com\/accueil\/wp-json\/wp\/v2\/product\/160\/revisions"}],"predecessor-version":[{"id":4092,"href":"https:\/\/purecosmetics-shop.com\/accueil\/wp-json\/wp\/v2\/product\/160\/revisions\/4092"}],"wp:featuredmedia":[{"embeddable":true,"href":"https:\/\/purecosmetics-shop.com\/accueil\/wp-json\/wp\/v2\/media\/3914"}],"wp:attachment":[{"href":"https:\/\/purecosmetics-shop.com\/accueil\/wp-json\/wp\/v2\/media?parent=160"}],"wp:term":[{"taxonomy":"product_brand","embeddable":true,"href":"https:\/\/purecosmetics-shop.com\/accueil\/wp-json\/wp\/v2\/product_brand?post=160"},{"taxonomy":"product_cat","embeddable":true,"href":"https:\/\/purecosmetics-shop.com\/accueil\/wp-json\/wp\/v2\/product_cat?post=160"},{"taxonomy":"product_tag","embeddable":true,"href":"https:\/\/purecosmetics-shop.com\/accueil\/wp-json\/wp\/v2\/product_tag?post=160"}],"curies":[{"name":"wp","href":"https:\/\/api.w.org\/{rel}","templated":true}]}}