{"id":154,"date":"2024-07-26T16:56:02","date_gmt":"2024-07-26T20:56:02","guid":{"rendered":"https:\/\/purecosmetics-shop.com\/accueil\/?post_type=product&#038;p=154"},"modified":"2026-04-20T06:18:49","modified_gmt":"2026-04-20T10:18:49","slug":"beauty-of-joseon-matte-sun-stick-mugwortcamelia-spf-50-pa","status":"publish","type":"product","link":"https:\/\/purecosmetics-shop.com\/accueil\/produit\/beauty-of-joseon-matte-sun-stick-mugwortcamelia-spf-50-pa\/","title":{"rendered":"Matte Sun Stick: Mugwort+Cam\u00e9lia SPF 50+ PA++++"},"content":{"rendered":"<p>Notre stick solaire offre une formule mate qui s&rsquo;applique en douceur, sans devenir grumeleux ni gras, m\u00eame lorsqu&rsquo;il est r\u00e9appliqu\u00e9 sur le maquillage. Ce produit r\u00e9volutionnaire garantit une protection solaire efficace tout en maintenant une texture agr\u00e9able sur la peau.<\/p>\n<h2>Contr\u00f4le du S\u00e9bum<\/h2>\n<p>Ce stick solaire se distingue par sa capacit\u00e9 \u00e0 contr\u00f4ler le s\u00e9bum, r\u00e9gulant ainsi la production d&rsquo;huile. Cela assure une meilleure adh\u00e9rence et un fini lisse et mat tout au long de la journ\u00e9e, m\u00eame dans des conditions humides ou chaudes.<\/p>\n<h2>Ingr\u00e9dients Naturels<\/h2>\n<p>Riche en extraits d&rsquo;artemisia capillaris et de th\u00e9 vert, ce stick solaire contribue \u00e0 une texture de peau lisse tout en pr\u00e9servant son hydratation. Ces ingr\u00e9dients naturels apportent des b\u00e9n\u00e9fices suppl\u00e9mentaires pour une peau saine et \u00e9clatante.<\/p>\n","protected":false},"excerpt":{"rendered":"<p>Stick solaire avec une formule mate qui s&rsquo;applique en douceur, sans devenir grumeleux ni gras, m\u00eame lorsqu&rsquo;il est r\u00e9appliqu\u00e9 sur le maquillage.<\/p>\n<p>Stick solaire qui contr\u00f4le le s\u00e9bum pour r\u00e9guler la production d&rsquo;huile, garantissant ainsi une meilleure adh\u00e9rence et un fini lisse et mat. De plus, il regorge d&rsquo;extraits d&rsquo;artemisia capillaris et de th\u00e9 vert, contribuant \u00e0 une texture de peau lisse tout en pr\u00e9servant son hydratation.<!--more--><\/p>\n","protected":false},"featured_media":3915,"comment_status":"open","ping_status":"closed","template":"","meta":[],"product_brand":[147],"product_cat":[115,20],"product_tag":[],"class_list":{"0":"post-154","1":"product","2":"type-product","3":"status-publish","4":"has-post-thumbnail","6":"product_brand-beauty-of-joseon","7":"product_cat-peau-grasse","8":"product_cat-solaire","10":"first","11":"instock","12":"shipping-taxable","13":"purchasable","14":"product-type-simple"},"yoast_head":"<!-- This site is optimized with the Yoast SEO plugin v27.4 - https:\/\/yoast.com\/product\/yoast-seo-wordpress\/ -->\n<title>Matte Sun Stick: Mugwort+Cam\u00e9lia SPF 50+ PA++++ - Pure Cosmetics<\/title>\n<meta name=\"description\" content=\"Stick solaire avec une formule mate qui s&#039;applique en douceur, sans devenir grumeleux ni gras, m\u00eame lorsqu&#039;il est r\u00e9appliqu\u00e9 sur le maquillage. Stick solaire qui contr\u00f4le le s\u00e9bum pour r\u00e9guler la production d&#039;huile, garantissant ainsi une meilleure adh\u00e9rence et un fini lisse et mat. De plus, il regorge d&#039;extraits d&#039;artemisia capillaris et de th\u00e9 vert, contribuant \u00e0 une texture de peau lisse tout en pr\u00e9servant son hydratation.\" \/>\n<meta name=\"robots\" content=\"index, follow, max-snippet:-1, max-image-preview:large, max-video-preview:-1\" \/>\n<link rel=\"canonical\" href=\"https:\/\/purecosmetics-shop.com\/accueil\/produit\/beauty-of-joseon-matte-sun-stick-mugwortcamelia-spf-50-pa\/\" \/>\n<meta property=\"og:locale\" content=\"fr_FR\" \/>\n<meta property=\"og:type\" content=\"article\" \/>\n<meta property=\"og:title\" content=\"Matte Sun Stick: Mugwort+Cam\u00e9lia SPF 50+ PA++++ - Pure Cosmetics\" \/>\n<meta property=\"og:description\" content=\"Stick solaire avec une formule mate qui s&#039;applique en douceur, sans devenir grumeleux ni gras, m\u00eame lorsqu&#039;il est r\u00e9appliqu\u00e9 sur le maquillage. Stick solaire qui contr\u00f4le le s\u00e9bum pour r\u00e9guler la production d&#039;huile, garantissant ainsi une meilleure adh\u00e9rence et un fini lisse et mat. De plus, il regorge d&#039;extraits d&#039;artemisia capillaris et de th\u00e9 vert, contribuant \u00e0 une texture de peau lisse tout en pr\u00e9servant son hydratation.\" \/>\n<meta property=\"og:url\" content=\"https:\/\/purecosmetics-shop.com\/accueil\/produit\/beauty-of-joseon-matte-sun-stick-mugwortcamelia-spf-50-pa\/\" \/>\n<meta property=\"og:site_name\" content=\"Pure Cosmetics\" \/>\n<meta property=\"article:modified_time\" content=\"2026-04-20T10:18:49+00:00\" \/>\n<meta property=\"og:image\" content=\"https:\/\/purecosmetics-shop.com\/wp-content\/uploads\/2024\/07\/Beauty-of-Joseon-Matte-sun-stick-MugwortCamelia-SPF50-PA-e1753807596554.webp\" \/>\n\t<meta property=\"og:image:width\" content=\"733\" \/>\n\t<meta property=\"og:image:height\" content=\"733\" \/>\n\t<meta property=\"og:image:type\" content=\"image\/webp\" \/>\n<meta name=\"twitter:card\" content=\"summary_large_image\" \/>\n<meta name=\"twitter:label1\" content=\"Dur\u00e9e de lecture estim\u00e9e\" \/>\n\t<meta name=\"twitter:data1\" content=\"1 minute\" \/>\n<script type=\"application\/ld+json\" class=\"yoast-schema-graph\">{\"@context\":\"https:\\\/\\\/schema.org\",\"@graph\":[{\"@type\":\"WebPage\",\"@id\":\"https:\\\/\\\/purecosmetics-shop.com\\\/accueil\\\/produit\\\/beauty-of-joseon-matte-sun-stick-mugwortcamelia-spf-50-pa\\\/\",\"url\":\"https:\\\/\\\/purecosmetics-shop.com\\\/accueil\\\/produit\\\/beauty-of-joseon-matte-sun-stick-mugwortcamelia-spf-50-pa\\\/\",\"name\":\"Matte Sun Stick: Mugwort+Cam\u00e9lia SPF 50+ PA++++ - Pure Cosmetics\",\"isPartOf\":{\"@id\":\"https:\\\/\\\/purecosmetics-shop.com\\\/accueil\\\/#website\"},\"primaryImageOfPage\":{\"@id\":\"https:\\\/\\\/purecosmetics-shop.com\\\/accueil\\\/produit\\\/beauty-of-joseon-matte-sun-stick-mugwortcamelia-spf-50-pa\\\/#primaryimage\"},\"image\":{\"@id\":\"https:\\\/\\\/purecosmetics-shop.com\\\/accueil\\\/produit\\\/beauty-of-joseon-matte-sun-stick-mugwortcamelia-spf-50-pa\\\/#primaryimage\"},\"thumbnailUrl\":\"https:\\\/\\\/purecosmetics-shop.com\\\/wp-content\\\/uploads\\\/2024\\\/07\\\/Beauty-of-Joseon-Matte-sun-stick-MugwortCamelia-SPF50-PA-e1753807596554.webp\",\"datePublished\":\"2024-07-26T20:56:02+00:00\",\"dateModified\":\"2026-04-20T10:18:49+00:00\",\"description\":\"Stick solaire avec une formule mate qui s'applique en douceur, sans devenir grumeleux ni gras, m\u00eame lorsqu'il est r\u00e9appliqu\u00e9 sur le maquillage. Stick solaire qui contr\u00f4le le s\u00e9bum pour r\u00e9guler la production d'huile, garantissant ainsi une meilleure adh\u00e9rence et un fini lisse et mat. De plus, il regorge d'extraits d'artemisia capillaris et de th\u00e9 vert, contribuant \u00e0 une texture de peau lisse tout en pr\u00e9servant son hydratation.\",\"breadcrumb\":{\"@id\":\"https:\\\/\\\/purecosmetics-shop.com\\\/accueil\\\/produit\\\/beauty-of-joseon-matte-sun-stick-mugwortcamelia-spf-50-pa\\\/#breadcrumb\"},\"inLanguage\":\"fr-FR\",\"potentialAction\":[{\"@type\":\"ReadAction\",\"target\":[\"https:\\\/\\\/purecosmetics-shop.com\\\/accueil\\\/produit\\\/beauty-of-joseon-matte-sun-stick-mugwortcamelia-spf-50-pa\\\/\"]}]},{\"@type\":\"ImageObject\",\"inLanguage\":\"fr-FR\",\"@id\":\"https:\\\/\\\/purecosmetics-shop.com\\\/accueil\\\/produit\\\/beauty-of-joseon-matte-sun-stick-mugwortcamelia-spf-50-pa\\\/#primaryimage\",\"url\":\"https:\\\/\\\/purecosmetics-shop.com\\\/wp-content\\\/uploads\\\/2024\\\/07\\\/Beauty-of-Joseon-Matte-sun-stick-MugwortCamelia-SPF50-PA-e1753807596554.webp\",\"contentUrl\":\"https:\\\/\\\/purecosmetics-shop.com\\\/wp-content\\\/uploads\\\/2024\\\/07\\\/Beauty-of-Joseon-Matte-sun-stick-MugwortCamelia-SPF50-PA-e1753807596554.webp\",\"width\":733,\"height\":733},{\"@type\":\"BreadcrumbList\",\"@id\":\"https:\\\/\\\/purecosmetics-shop.com\\\/accueil\\\/produit\\\/beauty-of-joseon-matte-sun-stick-mugwortcamelia-spf-50-pa\\\/#breadcrumb\",\"itemListElement\":[{\"@type\":\"ListItem\",\"position\":1,\"name\":\"Accueil\",\"item\":\"https:\\\/\\\/purecosmetics-shop.com\\\/accueil\\\/\"},{\"@type\":\"ListItem\",\"position\":2,\"name\":\"NOUVEAUT\u00c9S\",\"item\":\"https:\\\/\\\/purecosmetics-shop.com\\\/accueil\\\/nouveautes\\\/\"},{\"@type\":\"ListItem\",\"position\":3,\"name\":\"Matte Sun Stick: Mugwort+Cam\u00e9lia SPF 50+ PA++++\"}]},{\"@type\":\"WebSite\",\"@id\":\"https:\\\/\\\/purecosmetics-shop.com\\\/accueil\\\/#website\",\"url\":\"https:\\\/\\\/purecosmetics-shop.com\\\/accueil\\\/\",\"name\":\"Pure Cosmetics\",\"description\":\"Skincare cor\u00e9enne et japonais\",\"publisher\":{\"@id\":\"https:\\\/\\\/purecosmetics-shop.com\\\/accueil\\\/#organization\"},\"potentialAction\":[{\"@type\":\"SearchAction\",\"target\":{\"@type\":\"EntryPoint\",\"urlTemplate\":\"https:\\\/\\\/purecosmetics-shop.com\\\/accueil\\\/?s={search_term_string}\"},\"query-input\":{\"@type\":\"PropertyValueSpecification\",\"valueRequired\":true,\"valueName\":\"search_term_string\"}}],\"inLanguage\":\"fr-FR\"},{\"@type\":\"Organization\",\"@id\":\"https:\\\/\\\/purecosmetics-shop.com\\\/accueil\\\/#organization\",\"name\":\"Pure Cosmetics\",\"url\":\"https:\\\/\\\/purecosmetics-shop.com\\\/accueil\\\/\",\"logo\":{\"@type\":\"ImageObject\",\"inLanguage\":\"fr-FR\",\"@id\":\"https:\\\/\\\/purecosmetics-shop.com\\\/accueil\\\/#\\\/schema\\\/logo\\\/image\\\/\",\"url\":\"https:\\\/\\\/purecosmetics-shop.com\\\/wp-content\\\/uploads\\\/2025\\\/04\\\/cropped-Pure-Cosmetics-black-2.png\",\"contentUrl\":\"https:\\\/\\\/purecosmetics-shop.com\\\/wp-content\\\/uploads\\\/2025\\\/04\\\/cropped-Pure-Cosmetics-black-2.png\",\"width\":2362,\"height\":2324,\"caption\":\"Pure Cosmetics\"},\"image\":{\"@id\":\"https:\\\/\\\/purecosmetics-shop.com\\\/accueil\\\/#\\\/schema\\\/logo\\\/image\\\/\"}}]}<\/script>\n<!-- \/ Yoast SEO plugin. -->","yoast_head_json":{"title":"Matte Sun Stick: Mugwort+Cam\u00e9lia SPF 50+ PA++++ - Pure Cosmetics","description":"Stick solaire avec une formule mate qui s'applique en douceur, sans devenir grumeleux ni gras, m\u00eame lorsqu'il est r\u00e9appliqu\u00e9 sur le maquillage. Stick solaire qui contr\u00f4le le s\u00e9bum pour r\u00e9guler la production d'huile, garantissant ainsi une meilleure adh\u00e9rence et un fini lisse et mat. De plus, il regorge d'extraits d'artemisia capillaris et de th\u00e9 vert, contribuant \u00e0 une texture de peau lisse tout en pr\u00e9servant son hydratation.","robots":{"index":"index","follow":"follow","max-snippet":"max-snippet:-1","max-image-preview":"max-image-preview:large","max-video-preview":"max-video-preview:-1"},"canonical":"https:\/\/purecosmetics-shop.com\/accueil\/produit\/beauty-of-joseon-matte-sun-stick-mugwortcamelia-spf-50-pa\/","og_locale":"fr_FR","og_type":"article","og_title":"Matte Sun Stick: Mugwort+Cam\u00e9lia SPF 50+ PA++++ - Pure Cosmetics","og_description":"Stick solaire avec une formule mate qui s'applique en douceur, sans devenir grumeleux ni gras, m\u00eame lorsqu'il est r\u00e9appliqu\u00e9 sur le maquillage. Stick solaire qui contr\u00f4le le s\u00e9bum pour r\u00e9guler la production d'huile, garantissant ainsi une meilleure adh\u00e9rence et un fini lisse et mat. De plus, il regorge d'extraits d'artemisia capillaris et de th\u00e9 vert, contribuant \u00e0 une texture de peau lisse tout en pr\u00e9servant son hydratation.","og_url":"https:\/\/purecosmetics-shop.com\/accueil\/produit\/beauty-of-joseon-matte-sun-stick-mugwortcamelia-spf-50-pa\/","og_site_name":"Pure Cosmetics","article_modified_time":"2026-04-20T10:18:49+00:00","og_image":[{"width":733,"height":733,"url":"https:\/\/purecosmetics-shop.com\/wp-content\/uploads\/2024\/07\/Beauty-of-Joseon-Matte-sun-stick-MugwortCamelia-SPF50-PA-e1753807596554.webp","type":"image\/webp"}],"twitter_card":"summary_large_image","twitter_misc":{"Dur\u00e9e de lecture estim\u00e9e":"1 minute"},"schema":{"@context":"https:\/\/schema.org","@graph":[{"@type":"WebPage","@id":"https:\/\/purecosmetics-shop.com\/accueil\/produit\/beauty-of-joseon-matte-sun-stick-mugwortcamelia-spf-50-pa\/","url":"https:\/\/purecosmetics-shop.com\/accueil\/produit\/beauty-of-joseon-matte-sun-stick-mugwortcamelia-spf-50-pa\/","name":"Matte Sun Stick: Mugwort+Cam\u00e9lia SPF 50+ PA++++ - Pure Cosmetics","isPartOf":{"@id":"https:\/\/purecosmetics-shop.com\/accueil\/#website"},"primaryImageOfPage":{"@id":"https:\/\/purecosmetics-shop.com\/accueil\/produit\/beauty-of-joseon-matte-sun-stick-mugwortcamelia-spf-50-pa\/#primaryimage"},"image":{"@id":"https:\/\/purecosmetics-shop.com\/accueil\/produit\/beauty-of-joseon-matte-sun-stick-mugwortcamelia-spf-50-pa\/#primaryimage"},"thumbnailUrl":"https:\/\/purecosmetics-shop.com\/wp-content\/uploads\/2024\/07\/Beauty-of-Joseon-Matte-sun-stick-MugwortCamelia-SPF50-PA-e1753807596554.webp","datePublished":"2024-07-26T20:56:02+00:00","dateModified":"2026-04-20T10:18:49+00:00","description":"Stick solaire avec une formule mate qui s'applique en douceur, sans devenir grumeleux ni gras, m\u00eame lorsqu'il est r\u00e9appliqu\u00e9 sur le maquillage. Stick solaire qui contr\u00f4le le s\u00e9bum pour r\u00e9guler la production d'huile, garantissant ainsi une meilleure adh\u00e9rence et un fini lisse et mat. De plus, il regorge d'extraits d'artemisia capillaris et de th\u00e9 vert, contribuant \u00e0 une texture de peau lisse tout en pr\u00e9servant son hydratation.","breadcrumb":{"@id":"https:\/\/purecosmetics-shop.com\/accueil\/produit\/beauty-of-joseon-matte-sun-stick-mugwortcamelia-spf-50-pa\/#breadcrumb"},"inLanguage":"fr-FR","potentialAction":[{"@type":"ReadAction","target":["https:\/\/purecosmetics-shop.com\/accueil\/produit\/beauty-of-joseon-matte-sun-stick-mugwortcamelia-spf-50-pa\/"]}]},{"@type":"ImageObject","inLanguage":"fr-FR","@id":"https:\/\/purecosmetics-shop.com\/accueil\/produit\/beauty-of-joseon-matte-sun-stick-mugwortcamelia-spf-50-pa\/#primaryimage","url":"https:\/\/purecosmetics-shop.com\/wp-content\/uploads\/2024\/07\/Beauty-of-Joseon-Matte-sun-stick-MugwortCamelia-SPF50-PA-e1753807596554.webp","contentUrl":"https:\/\/purecosmetics-shop.com\/wp-content\/uploads\/2024\/07\/Beauty-of-Joseon-Matte-sun-stick-MugwortCamelia-SPF50-PA-e1753807596554.webp","width":733,"height":733},{"@type":"BreadcrumbList","@id":"https:\/\/purecosmetics-shop.com\/accueil\/produit\/beauty-of-joseon-matte-sun-stick-mugwortcamelia-spf-50-pa\/#breadcrumb","itemListElement":[{"@type":"ListItem","position":1,"name":"Accueil","item":"https:\/\/purecosmetics-shop.com\/accueil\/"},{"@type":"ListItem","position":2,"name":"NOUVEAUT\u00c9S","item":"https:\/\/purecosmetics-shop.com\/accueil\/nouveautes\/"},{"@type":"ListItem","position":3,"name":"Matte Sun Stick: Mugwort+Cam\u00e9lia SPF 50+ PA++++"}]},{"@type":"WebSite","@id":"https:\/\/purecosmetics-shop.com\/accueil\/#website","url":"https:\/\/purecosmetics-shop.com\/accueil\/","name":"Pure Cosmetics","description":"Skincare cor\u00e9enne et japonais","publisher":{"@id":"https:\/\/purecosmetics-shop.com\/accueil\/#organization"},"potentialAction":[{"@type":"SearchAction","target":{"@type":"EntryPoint","urlTemplate":"https:\/\/purecosmetics-shop.com\/accueil\/?s={search_term_string}"},"query-input":{"@type":"PropertyValueSpecification","valueRequired":true,"valueName":"search_term_string"}}],"inLanguage":"fr-FR"},{"@type":"Organization","@id":"https:\/\/purecosmetics-shop.com\/accueil\/#organization","name":"Pure Cosmetics","url":"https:\/\/purecosmetics-shop.com\/accueil\/","logo":{"@type":"ImageObject","inLanguage":"fr-FR","@id":"https:\/\/purecosmetics-shop.com\/accueil\/#\/schema\/logo\/image\/","url":"https:\/\/purecosmetics-shop.com\/wp-content\/uploads\/2025\/04\/cropped-Pure-Cosmetics-black-2.png","contentUrl":"https:\/\/purecosmetics-shop.com\/wp-content\/uploads\/2025\/04\/cropped-Pure-Cosmetics-black-2.png","width":2362,"height":2324,"caption":"Pure Cosmetics"},"image":{"@id":"https:\/\/purecosmetics-shop.com\/accueil\/#\/schema\/logo\/image\/"}}]}},"jetpack_sharing_enabled":true,"_links":{"self":[{"href":"https:\/\/purecosmetics-shop.com\/accueil\/wp-json\/wp\/v2\/product\/154","targetHints":{"allow":["GET"]}}],"collection":[{"href":"https:\/\/purecosmetics-shop.com\/accueil\/wp-json\/wp\/v2\/product"}],"about":[{"href":"https:\/\/purecosmetics-shop.com\/accueil\/wp-json\/wp\/v2\/types\/product"}],"replies":[{"embeddable":true,"href":"https:\/\/purecosmetics-shop.com\/accueil\/wp-json\/wp\/v2\/comments?post=154"}],"version-history":[{"count":3,"href":"https:\/\/purecosmetics-shop.com\/accueil\/wp-json\/wp\/v2\/product\/154\/revisions"}],"predecessor-version":[{"id":2688,"href":"https:\/\/purecosmetics-shop.com\/accueil\/wp-json\/wp\/v2\/product\/154\/revisions\/2688"}],"wp:featuredmedia":[{"embeddable":true,"href":"https:\/\/purecosmetics-shop.com\/accueil\/wp-json\/wp\/v2\/media\/3915"}],"wp:attachment":[{"href":"https:\/\/purecosmetics-shop.com\/accueil\/wp-json\/wp\/v2\/media?parent=154"}],"wp:term":[{"taxonomy":"product_brand","embeddable":true,"href":"https:\/\/purecosmetics-shop.com\/accueil\/wp-json\/wp\/v2\/product_brand?post=154"},{"taxonomy":"product_cat","embeddable":true,"href":"https:\/\/purecosmetics-shop.com\/accueil\/wp-json\/wp\/v2\/product_cat?post=154"},{"taxonomy":"product_tag","embeddable":true,"href":"https:\/\/purecosmetics-shop.com\/accueil\/wp-json\/wp\/v2\/product_tag?post=154"}],"curies":[{"name":"wp","href":"https:\/\/api.w.org\/{rel}","templated":true}]}}