{"id":148,"date":"2024-07-26T16:39:52","date_gmt":"2024-07-26T20:39:52","guid":{"rendered":"https:\/\/purecosmetics-shop.com\/accueil\/?post_type=product&#038;p=148"},"modified":"2025-09-19T14:21:29","modified_gmt":"2025-09-19T18:21:29","slug":"torriden-dive-in-hyaluronic-acid-serum","status":"publish","type":"product","link":"https:\/\/purecosmetics-shop.com\/accueil\/produit\/torriden-dive-in-hyaluronic-acid-serum\/","title":{"rendered":"Dive-in Hyaluronic Acid Serum"},"content":{"rendered":"<p>Notre s\u00e9rum hydratant la peau en profondeur gr\u00e2ce \u00e0 l&rsquo;acide hyaluronique \u00e0 faible poids mol\u00e9culaire est une v\u00e9ritable r\u00e9volution pour votre routine de soins. Il p\u00e9n\u00e8tre facilement pour offrir une hydratation intense l\u00e0 o\u00f9 votre peau en a le plus besoin.<\/p>\n<h2>Apaisement et Calme<\/h2>\n<p>Ce s\u00e9rum apaisant et calmant est sp\u00e9cialement formul\u00e9 pour les peaux sensibles et d\u00e9shydrat\u00e9es. Il r\u00e9duit efficacement les rougeurs et les irritations, laissant votre peau douce et confortable.<\/p>\n<h2>Texture L\u00e9g\u00e8re et Confortable<\/h2>\n<p>Sa texture l\u00e9g\u00e8re offre un fini rafra\u00eechissant et non collant, parfait pour une utilisation quotidienne. Vous appr\u00e9cierez la sensation de l\u00e9g\u00e8ret\u00e9 et de fra\u00eecheur qu&rsquo;il apporte \u00e0 votre peau, sans effet gras.<\/p>\n","protected":false},"excerpt":{"rendered":"<p>S\u00e9rum hydratant la peau en profondeur \u00e0 l\u2019aide d\u2019acide hyaluronique \u00e0 faible poids mol\u00e9culaire.<br \/>\nS\u00e9rum apaisant et calment davantage les peaux sensibles et d\u00e9shydrat\u00e9es.<br \/>\nSa texture l\u00e9g\u00e8re offre un fini l\u00e9ger, rafra\u00eechissant et non collant.<\/p>\n<p><!--more--><\/p>\n","protected":false},"featured_media":3944,"comment_status":"open","ping_status":"closed","template":"","meta":[],"product_brand":[149],"product_cat":[109,112,116,117,119,21],"product_tag":[],"class_list":{"0":"post-148","1":"product","2":"type-product","3":"status-publish","4":"has-post-thumbnail","6":"product_brand-torriden","7":"product_cat-anti-rougeurs-et-irritations","8":"product_cat-hydratation","9":"product_cat-peau-mixte","10":"product_cat-peau-normale","11":"product_cat-peau-sensible","12":"product_cat-serum","14":"first","15":"outofstock","16":"shipping-taxable","17":"purchasable","18":"product-type-simple"},"yoast_head":"<!-- This site is optimized with the Yoast SEO plugin v27.4 - https:\/\/yoast.com\/product\/yoast-seo-wordpress\/ -->\n<title>Dive-in Hyaluronic Acid Serum - Pure Cosmetics<\/title>\n<meta name=\"description\" content=\"S\u00e9rum hydratant la peau en profondeur \u00e0 l\u2019aide d\u2019acide hyaluronique \u00e0 faible poids mol\u00e9culaire. S\u00e9rum apaisant et calment davantage les peaux sensibles et d\u00e9shydrat\u00e9es. Sa texture l\u00e9g\u00e8re offre un fini l\u00e9ger, rafra\u00eechissant et non collant.\" \/>\n<meta name=\"robots\" content=\"index, follow, max-snippet:-1, max-image-preview:large, max-video-preview:-1\" \/>\n<link rel=\"canonical\" href=\"https:\/\/purecosmetics-shop.com\/accueil\/produit\/torriden-dive-in-hyaluronic-acid-serum\/\" \/>\n<meta property=\"og:locale\" content=\"fr_FR\" \/>\n<meta property=\"og:type\" content=\"article\" \/>\n<meta property=\"og:title\" content=\"Dive-in Hyaluronic Acid Serum - Pure Cosmetics\" \/>\n<meta property=\"og:description\" content=\"S\u00e9rum hydratant la peau en profondeur \u00e0 l\u2019aide d\u2019acide hyaluronique \u00e0 faible poids mol\u00e9culaire. S\u00e9rum apaisant et calment davantage les peaux sensibles et d\u00e9shydrat\u00e9es. Sa texture l\u00e9g\u00e8re offre un fini l\u00e9ger, rafra\u00eechissant et non collant.\" \/>\n<meta property=\"og:url\" content=\"https:\/\/purecosmetics-shop.com\/accueil\/produit\/torriden-dive-in-hyaluronic-acid-serum\/\" \/>\n<meta property=\"og:site_name\" content=\"Pure Cosmetics\" \/>\n<meta property=\"article:modified_time\" content=\"2025-09-19T18:21:29+00:00\" \/>\n<meta property=\"og:image\" content=\"https:\/\/purecosmetics-shop.com\/wp-content\/uploads\/2024\/07\/TORRIDEN-Dive-In-Low-Molecular-Hyaluronic-Acid-Serum-e1753811840702.webp\" \/>\n\t<meta property=\"og:image:width\" content=\"520\" \/>\n\t<meta property=\"og:image:height\" content=\"520\" \/>\n\t<meta property=\"og:image:type\" content=\"image\/webp\" \/>\n<meta name=\"twitter:card\" content=\"summary_large_image\" \/>\n<meta name=\"twitter:label1\" content=\"Dur\u00e9e de lecture estim\u00e9e\" \/>\n\t<meta name=\"twitter:data1\" content=\"1 minute\" \/>\n<script type=\"application\/ld+json\" class=\"yoast-schema-graph\">{\"@context\":\"https:\\\/\\\/schema.org\",\"@graph\":[{\"@type\":\"WebPage\",\"@id\":\"https:\\\/\\\/purecosmetics-shop.com\\\/accueil\\\/produit\\\/torriden-dive-in-hyaluronic-acid-serum\\\/\",\"url\":\"https:\\\/\\\/purecosmetics-shop.com\\\/accueil\\\/produit\\\/torriden-dive-in-hyaluronic-acid-serum\\\/\",\"name\":\"Dive-in Hyaluronic Acid Serum - Pure Cosmetics\",\"isPartOf\":{\"@id\":\"https:\\\/\\\/purecosmetics-shop.com\\\/accueil\\\/#website\"},\"primaryImageOfPage\":{\"@id\":\"https:\\\/\\\/purecosmetics-shop.com\\\/accueil\\\/produit\\\/torriden-dive-in-hyaluronic-acid-serum\\\/#primaryimage\"},\"image\":{\"@id\":\"https:\\\/\\\/purecosmetics-shop.com\\\/accueil\\\/produit\\\/torriden-dive-in-hyaluronic-acid-serum\\\/#primaryimage\"},\"thumbnailUrl\":\"https:\\\/\\\/purecosmetics-shop.com\\\/wp-content\\\/uploads\\\/2024\\\/07\\\/TORRIDEN-Dive-In-Low-Molecular-Hyaluronic-Acid-Serum-e1753811840702.webp\",\"datePublished\":\"2024-07-26T20:39:52+00:00\",\"dateModified\":\"2025-09-19T18:21:29+00:00\",\"description\":\"S\u00e9rum hydratant la peau en profondeur \u00e0 l\u2019aide d\u2019acide hyaluronique \u00e0 faible poids mol\u00e9culaire. S\u00e9rum apaisant et calment davantage les peaux sensibles et d\u00e9shydrat\u00e9es. Sa texture l\u00e9g\u00e8re offre un fini l\u00e9ger, rafra\u00eechissant et non collant.\",\"breadcrumb\":{\"@id\":\"https:\\\/\\\/purecosmetics-shop.com\\\/accueil\\\/produit\\\/torriden-dive-in-hyaluronic-acid-serum\\\/#breadcrumb\"},\"inLanguage\":\"fr-FR\",\"potentialAction\":[{\"@type\":\"ReadAction\",\"target\":[\"https:\\\/\\\/purecosmetics-shop.com\\\/accueil\\\/produit\\\/torriden-dive-in-hyaluronic-acid-serum\\\/\"]}]},{\"@type\":\"ImageObject\",\"inLanguage\":\"fr-FR\",\"@id\":\"https:\\\/\\\/purecosmetics-shop.com\\\/accueil\\\/produit\\\/torriden-dive-in-hyaluronic-acid-serum\\\/#primaryimage\",\"url\":\"https:\\\/\\\/purecosmetics-shop.com\\\/wp-content\\\/uploads\\\/2024\\\/07\\\/TORRIDEN-Dive-In-Low-Molecular-Hyaluronic-Acid-Serum-e1753811840702.webp\",\"contentUrl\":\"https:\\\/\\\/purecosmetics-shop.com\\\/wp-content\\\/uploads\\\/2024\\\/07\\\/TORRIDEN-Dive-In-Low-Molecular-Hyaluronic-Acid-Serum-e1753811840702.webp\",\"width\":520,\"height\":520,\"caption\":\"TORRIDEN Dive-In - Low Molecular Hyaluronic Acid Serum\"},{\"@type\":\"BreadcrumbList\",\"@id\":\"https:\\\/\\\/purecosmetics-shop.com\\\/accueil\\\/produit\\\/torriden-dive-in-hyaluronic-acid-serum\\\/#breadcrumb\",\"itemListElement\":[{\"@type\":\"ListItem\",\"position\":1,\"name\":\"Accueil\",\"item\":\"https:\\\/\\\/purecosmetics-shop.com\\\/accueil\\\/\"},{\"@type\":\"ListItem\",\"position\":2,\"name\":\"NOUVEAUT\u00c9S\",\"item\":\"https:\\\/\\\/purecosmetics-shop.com\\\/accueil\\\/nouveautes\\\/\"},{\"@type\":\"ListItem\",\"position\":3,\"name\":\"Dive-in Hyaluronic Acid Serum\"}]},{\"@type\":\"WebSite\",\"@id\":\"https:\\\/\\\/purecosmetics-shop.com\\\/accueil\\\/#website\",\"url\":\"https:\\\/\\\/purecosmetics-shop.com\\\/accueil\\\/\",\"name\":\"Pure Cosmetics\",\"description\":\"Skincare cor\u00e9enne et japonais\",\"publisher\":{\"@id\":\"https:\\\/\\\/purecosmetics-shop.com\\\/accueil\\\/#organization\"},\"potentialAction\":[{\"@type\":\"SearchAction\",\"target\":{\"@type\":\"EntryPoint\",\"urlTemplate\":\"https:\\\/\\\/purecosmetics-shop.com\\\/accueil\\\/?s={search_term_string}\"},\"query-input\":{\"@type\":\"PropertyValueSpecification\",\"valueRequired\":true,\"valueName\":\"search_term_string\"}}],\"inLanguage\":\"fr-FR\"},{\"@type\":\"Organization\",\"@id\":\"https:\\\/\\\/purecosmetics-shop.com\\\/accueil\\\/#organization\",\"name\":\"Pure Cosmetics\",\"url\":\"https:\\\/\\\/purecosmetics-shop.com\\\/accueil\\\/\",\"logo\":{\"@type\":\"ImageObject\",\"inLanguage\":\"fr-FR\",\"@id\":\"https:\\\/\\\/purecosmetics-shop.com\\\/accueil\\\/#\\\/schema\\\/logo\\\/image\\\/\",\"url\":\"https:\\\/\\\/purecosmetics-shop.com\\\/wp-content\\\/uploads\\\/2025\\\/04\\\/cropped-Pure-Cosmetics-black-2.png\",\"contentUrl\":\"https:\\\/\\\/purecosmetics-shop.com\\\/wp-content\\\/uploads\\\/2025\\\/04\\\/cropped-Pure-Cosmetics-black-2.png\",\"width\":2362,\"height\":2324,\"caption\":\"Pure Cosmetics\"},\"image\":{\"@id\":\"https:\\\/\\\/purecosmetics-shop.com\\\/accueil\\\/#\\\/schema\\\/logo\\\/image\\\/\"}}]}<\/script>\n<!-- \/ Yoast SEO plugin. -->","yoast_head_json":{"title":"Dive-in Hyaluronic Acid Serum - Pure Cosmetics","description":"S\u00e9rum hydratant la peau en profondeur \u00e0 l\u2019aide d\u2019acide hyaluronique \u00e0 faible poids mol\u00e9culaire. S\u00e9rum apaisant et calment davantage les peaux sensibles et d\u00e9shydrat\u00e9es. Sa texture l\u00e9g\u00e8re offre un fini l\u00e9ger, rafra\u00eechissant et non collant.","robots":{"index":"index","follow":"follow","max-snippet":"max-snippet:-1","max-image-preview":"max-image-preview:large","max-video-preview":"max-video-preview:-1"},"canonical":"https:\/\/purecosmetics-shop.com\/accueil\/produit\/torriden-dive-in-hyaluronic-acid-serum\/","og_locale":"fr_FR","og_type":"article","og_title":"Dive-in Hyaluronic Acid Serum - Pure Cosmetics","og_description":"S\u00e9rum hydratant la peau en profondeur \u00e0 l\u2019aide d\u2019acide hyaluronique \u00e0 faible poids mol\u00e9culaire. S\u00e9rum apaisant et calment davantage les peaux sensibles et d\u00e9shydrat\u00e9es. Sa texture l\u00e9g\u00e8re offre un fini l\u00e9ger, rafra\u00eechissant et non collant.","og_url":"https:\/\/purecosmetics-shop.com\/accueil\/produit\/torriden-dive-in-hyaluronic-acid-serum\/","og_site_name":"Pure Cosmetics","article_modified_time":"2025-09-19T18:21:29+00:00","og_image":[{"width":520,"height":520,"url":"https:\/\/purecosmetics-shop.com\/wp-content\/uploads\/2024\/07\/TORRIDEN-Dive-In-Low-Molecular-Hyaluronic-Acid-Serum-e1753811840702.webp","type":"image\/webp"}],"twitter_card":"summary_large_image","twitter_misc":{"Dur\u00e9e de lecture estim\u00e9e":"1 minute"},"schema":{"@context":"https:\/\/schema.org","@graph":[{"@type":"WebPage","@id":"https:\/\/purecosmetics-shop.com\/accueil\/produit\/torriden-dive-in-hyaluronic-acid-serum\/","url":"https:\/\/purecosmetics-shop.com\/accueil\/produit\/torriden-dive-in-hyaluronic-acid-serum\/","name":"Dive-in Hyaluronic Acid Serum - Pure Cosmetics","isPartOf":{"@id":"https:\/\/purecosmetics-shop.com\/accueil\/#website"},"primaryImageOfPage":{"@id":"https:\/\/purecosmetics-shop.com\/accueil\/produit\/torriden-dive-in-hyaluronic-acid-serum\/#primaryimage"},"image":{"@id":"https:\/\/purecosmetics-shop.com\/accueil\/produit\/torriden-dive-in-hyaluronic-acid-serum\/#primaryimage"},"thumbnailUrl":"https:\/\/purecosmetics-shop.com\/wp-content\/uploads\/2024\/07\/TORRIDEN-Dive-In-Low-Molecular-Hyaluronic-Acid-Serum-e1753811840702.webp","datePublished":"2024-07-26T20:39:52+00:00","dateModified":"2025-09-19T18:21:29+00:00","description":"S\u00e9rum hydratant la peau en profondeur \u00e0 l\u2019aide d\u2019acide hyaluronique \u00e0 faible poids mol\u00e9culaire. S\u00e9rum apaisant et calment davantage les peaux sensibles et d\u00e9shydrat\u00e9es. Sa texture l\u00e9g\u00e8re offre un fini l\u00e9ger, rafra\u00eechissant et non collant.","breadcrumb":{"@id":"https:\/\/purecosmetics-shop.com\/accueil\/produit\/torriden-dive-in-hyaluronic-acid-serum\/#breadcrumb"},"inLanguage":"fr-FR","potentialAction":[{"@type":"ReadAction","target":["https:\/\/purecosmetics-shop.com\/accueil\/produit\/torriden-dive-in-hyaluronic-acid-serum\/"]}]},{"@type":"ImageObject","inLanguage":"fr-FR","@id":"https:\/\/purecosmetics-shop.com\/accueil\/produit\/torriden-dive-in-hyaluronic-acid-serum\/#primaryimage","url":"https:\/\/purecosmetics-shop.com\/wp-content\/uploads\/2024\/07\/TORRIDEN-Dive-In-Low-Molecular-Hyaluronic-Acid-Serum-e1753811840702.webp","contentUrl":"https:\/\/purecosmetics-shop.com\/wp-content\/uploads\/2024\/07\/TORRIDEN-Dive-In-Low-Molecular-Hyaluronic-Acid-Serum-e1753811840702.webp","width":520,"height":520,"caption":"TORRIDEN Dive-In - Low Molecular Hyaluronic Acid Serum"},{"@type":"BreadcrumbList","@id":"https:\/\/purecosmetics-shop.com\/accueil\/produit\/torriden-dive-in-hyaluronic-acid-serum\/#breadcrumb","itemListElement":[{"@type":"ListItem","position":1,"name":"Accueil","item":"https:\/\/purecosmetics-shop.com\/accueil\/"},{"@type":"ListItem","position":2,"name":"NOUVEAUT\u00c9S","item":"https:\/\/purecosmetics-shop.com\/accueil\/nouveautes\/"},{"@type":"ListItem","position":3,"name":"Dive-in Hyaluronic Acid Serum"}]},{"@type":"WebSite","@id":"https:\/\/purecosmetics-shop.com\/accueil\/#website","url":"https:\/\/purecosmetics-shop.com\/accueil\/","name":"Pure Cosmetics","description":"Skincare cor\u00e9enne et japonais","publisher":{"@id":"https:\/\/purecosmetics-shop.com\/accueil\/#organization"},"potentialAction":[{"@type":"SearchAction","target":{"@type":"EntryPoint","urlTemplate":"https:\/\/purecosmetics-shop.com\/accueil\/?s={search_term_string}"},"query-input":{"@type":"PropertyValueSpecification","valueRequired":true,"valueName":"search_term_string"}}],"inLanguage":"fr-FR"},{"@type":"Organization","@id":"https:\/\/purecosmetics-shop.com\/accueil\/#organization","name":"Pure Cosmetics","url":"https:\/\/purecosmetics-shop.com\/accueil\/","logo":{"@type":"ImageObject","inLanguage":"fr-FR","@id":"https:\/\/purecosmetics-shop.com\/accueil\/#\/schema\/logo\/image\/","url":"https:\/\/purecosmetics-shop.com\/wp-content\/uploads\/2025\/04\/cropped-Pure-Cosmetics-black-2.png","contentUrl":"https:\/\/purecosmetics-shop.com\/wp-content\/uploads\/2025\/04\/cropped-Pure-Cosmetics-black-2.png","width":2362,"height":2324,"caption":"Pure Cosmetics"},"image":{"@id":"https:\/\/purecosmetics-shop.com\/accueil\/#\/schema\/logo\/image\/"}}]}},"jetpack_sharing_enabled":true,"_links":{"self":[{"href":"https:\/\/purecosmetics-shop.com\/accueil\/wp-json\/wp\/v2\/product\/148","targetHints":{"allow":["GET"]}}],"collection":[{"href":"https:\/\/purecosmetics-shop.com\/accueil\/wp-json\/wp\/v2\/product"}],"about":[{"href":"https:\/\/purecosmetics-shop.com\/accueil\/wp-json\/wp\/v2\/types\/product"}],"replies":[{"embeddable":true,"href":"https:\/\/purecosmetics-shop.com\/accueil\/wp-json\/wp\/v2\/comments?post=148"}],"version-history":[{"count":3,"href":"https:\/\/purecosmetics-shop.com\/accueil\/wp-json\/wp\/v2\/product\/148\/revisions"}],"predecessor-version":[{"id":2689,"href":"https:\/\/purecosmetics-shop.com\/accueil\/wp-json\/wp\/v2\/product\/148\/revisions\/2689"}],"wp:featuredmedia":[{"embeddable":true,"href":"https:\/\/purecosmetics-shop.com\/accueil\/wp-json\/wp\/v2\/media\/3944"}],"wp:attachment":[{"href":"https:\/\/purecosmetics-shop.com\/accueil\/wp-json\/wp\/v2\/media?parent=148"}],"wp:term":[{"taxonomy":"product_brand","embeddable":true,"href":"https:\/\/purecosmetics-shop.com\/accueil\/wp-json\/wp\/v2\/product_brand?post=148"},{"taxonomy":"product_cat","embeddable":true,"href":"https:\/\/purecosmetics-shop.com\/accueil\/wp-json\/wp\/v2\/product_cat?post=148"},{"taxonomy":"product_tag","embeddable":true,"href":"https:\/\/purecosmetics-shop.com\/accueil\/wp-json\/wp\/v2\/product_tag?post=148"}],"curies":[{"name":"wp","href":"https:\/\/api.w.org\/{rel}","templated":true}]}}