{"id":1376,"date":"2024-10-16T13:13:09","date_gmt":"2024-10-16T17:13:09","guid":{"rendered":"https:\/\/purecosmetics-shop.com\/accueil\/produit\/cosrx-advanced-snail-92-all-in-one-cream\/"},"modified":"2025-07-29T13:07:48","modified_gmt":"2025-07-29T17:07:48","slug":"cosrx-advanced-snail-92-all-in-one-cream","status":"publish","type":"product","link":"https:\/\/purecosmetics-shop.com\/accueil\/produit\/cosrx-advanced-snail-92-all-in-one-cream\/","title":{"rendered":"Advanced Snail 92 All In One Cream"},"content":{"rendered":"<p>Une cr\u00e8me solution tout-en-un qui r\u00e9pare et apaise la peau irrit\u00e9e et sensibilis\u00e9e apr\u00e8s les pouss\u00e9es d&rsquo;acn\u00e9. Une cr\u00e8me riche de type gel p\u00e9n\u00e8tre instantan\u00e9ment dans la peau avec une pleine nutrition tout en laissant votre peau fra\u00eeche et confortable.<\/p>\n<p>Mucine d&rsquo;escargot 92% : Infus\u00e9e de 92 % de mucine d&rsquo;escargot, cette cr\u00e8me glisse sur la peau et cr\u00e9e une barri\u00e8re d&rsquo;hydratation pour repulper, hydrater et apaiser la peau.<\/p>\n<p>R\u00e9parer, r\u00e9cup\u00e9rer, reconstruire ! : Une cr\u00e8me solution tout-en-un qui r\u00e9pare et apaise la peau irrit\u00e9e et sensibilis\u00e9e apr\u00e8s les pouss\u00e9es d&rsquo;acn\u00e9.<\/p>\n<p>L\u00e9g\u00e8re, non grasse : Une cr\u00e8me riche de type gel p\u00e9n\u00e8tre instantan\u00e9ment dans la peau avec une pleine nutrition tout en laissant votre peau fra\u00eeche et confortable.<\/p>\n<p>Aucun mal aux escargots ! Les escargots sont plac\u00e9s sur un filet dans une pi\u00e8ce sombre et calme, o\u00f9 ils sont laiss\u00e9s seuls pour parcourir librement le filet et laisser de la mucine dans leurs traces.<\/p>\n<p>&nbsp;<\/p>\n","protected":false},"excerpt":{"rendered":"<p>Une cr\u00e8me l\u00e9g\u00e8re, tout-en-un, formul\u00e9e avec 92% de mucine d\u2019escargot, de l\u2019acide hyaluronique et de la b\u00e9ta\u00efne qui va permettre de renforcer la barri\u00e8re cutan\u00e9e, d\u2019hydrater la peau en profondeur et d\u2019apaiser votre peau d\u00e9shydrat\u00e9e et abim\u00e9es.<\/p>\n","protected":false},"featured_media":3923,"comment_status":"open","ping_status":"closed","template":"","meta":[],"product_brand":[154],"product_cat":[109,110,25,112,115,116,117,118,119],"product_tag":[],"class_list":{"0":"post-1376","1":"product","2":"type-product","3":"status-publish","4":"has-post-thumbnail","6":"product_brand-cosrx","7":"product_cat-anti-rougeurs-et-irritations","8":"product_cat-anti-tache-et-hyperpigmentation","9":"product_cat-creme-visage","10":"product_cat-hydratation","11":"product_cat-peau-grasse","12":"product_cat-peau-mixte","13":"product_cat-peau-normale","14":"product_cat-peau-seche","15":"product_cat-peau-sensible","17":"first","18":"outofstock","19":"shipping-taxable","20":"product-type-simple"},"yoast_head":"<!-- This site is optimized with the Yoast SEO plugin v27.4 - https:\/\/yoast.com\/product\/yoast-seo-wordpress\/ -->\n<title>Advanced Snail 92 All In One Cream - Pure Cosmetics<\/title>\n<meta name=\"robots\" content=\"index, follow, max-snippet:-1, max-image-preview:large, max-video-preview:-1\" \/>\n<link rel=\"canonical\" href=\"https:\/\/purecosmetics-shop.com\/accueil\/produit\/cosrx-advanced-snail-92-all-in-one-cream\/\" \/>\n<meta property=\"og:locale\" content=\"fr_FR\" \/>\n<meta property=\"og:type\" content=\"article\" \/>\n<meta property=\"og:title\" content=\"Advanced Snail 92 All In One Cream - Pure Cosmetics\" \/>\n<meta property=\"og:description\" content=\"Une cr\u00e8me l\u00e9g\u00e8re, tout-en-un, formul\u00e9e avec 92% de mucine d\u2019escargot, de l\u2019acide hyaluronique et de la b\u00e9ta\u00efne qui va permettre de renforcer la barri\u00e8re cutan\u00e9e, d\u2019hydrater la peau en profondeur et d\u2019apaiser votre peau d\u00e9shydrat\u00e9e et abim\u00e9es.\" \/>\n<meta property=\"og:url\" content=\"https:\/\/purecosmetics-shop.com\/accueil\/produit\/cosrx-advanced-snail-92-all-in-one-cream\/\" \/>\n<meta property=\"og:site_name\" content=\"Pure Cosmetics\" \/>\n<meta property=\"article:modified_time\" content=\"2025-07-29T17:07:48+00:00\" \/>\n<meta property=\"og:image\" content=\"https:\/\/purecosmetics-shop.com\/wp-content\/uploads\/2024\/10\/cosrx_advanced_snail_92_all_in_one_cream.webp\" \/>\n\t<meta property=\"og:image:width\" content=\"1000\" \/>\n\t<meta property=\"og:image:height\" content=\"1000\" \/>\n\t<meta property=\"og:image:type\" content=\"image\/webp\" \/>\n<meta name=\"twitter:card\" content=\"summary_large_image\" \/>\n<meta name=\"twitter:label1\" content=\"Dur\u00e9e de lecture estim\u00e9e\" \/>\n\t<meta name=\"twitter:data1\" content=\"1 minute\" \/>\n<script type=\"application\/ld+json\" class=\"yoast-schema-graph\">{\"@context\":\"https:\\\/\\\/schema.org\",\"@graph\":[{\"@type\":\"WebPage\",\"@id\":\"https:\\\/\\\/purecosmetics-shop.com\\\/accueil\\\/produit\\\/cosrx-advanced-snail-92-all-in-one-cream\\\/\",\"url\":\"https:\\\/\\\/purecosmetics-shop.com\\\/accueil\\\/produit\\\/cosrx-advanced-snail-92-all-in-one-cream\\\/\",\"name\":\"Advanced Snail 92 All In One Cream - Pure Cosmetics\",\"isPartOf\":{\"@id\":\"https:\\\/\\\/purecosmetics-shop.com\\\/accueil\\\/#website\"},\"primaryImageOfPage\":{\"@id\":\"https:\\\/\\\/purecosmetics-shop.com\\\/accueil\\\/produit\\\/cosrx-advanced-snail-92-all-in-one-cream\\\/#primaryimage\"},\"image\":{\"@id\":\"https:\\\/\\\/purecosmetics-shop.com\\\/accueil\\\/produit\\\/cosrx-advanced-snail-92-all-in-one-cream\\\/#primaryimage\"},\"thumbnailUrl\":\"https:\\\/\\\/purecosmetics-shop.com\\\/wp-content\\\/uploads\\\/2024\\\/10\\\/cosrx_advanced_snail_92_all_in_one_cream.webp\",\"datePublished\":\"2024-10-16T17:13:09+00:00\",\"dateModified\":\"2025-07-29T17:07:48+00:00\",\"breadcrumb\":{\"@id\":\"https:\\\/\\\/purecosmetics-shop.com\\\/accueil\\\/produit\\\/cosrx-advanced-snail-92-all-in-one-cream\\\/#breadcrumb\"},\"inLanguage\":\"fr-FR\",\"potentialAction\":[{\"@type\":\"ReadAction\",\"target\":[\"https:\\\/\\\/purecosmetics-shop.com\\\/accueil\\\/produit\\\/cosrx-advanced-snail-92-all-in-one-cream\\\/\"]}]},{\"@type\":\"ImageObject\",\"inLanguage\":\"fr-FR\",\"@id\":\"https:\\\/\\\/purecosmetics-shop.com\\\/accueil\\\/produit\\\/cosrx-advanced-snail-92-all-in-one-cream\\\/#primaryimage\",\"url\":\"https:\\\/\\\/purecosmetics-shop.com\\\/wp-content\\\/uploads\\\/2024\\\/10\\\/cosrx_advanced_snail_92_all_in_one_cream.webp\",\"contentUrl\":\"https:\\\/\\\/purecosmetics-shop.com\\\/wp-content\\\/uploads\\\/2024\\\/10\\\/cosrx_advanced_snail_92_all_in_one_cream.webp\",\"width\":1000,\"height\":1000,\"caption\":\"COSRX Advanced Snail 92 All In One Cream\"},{\"@type\":\"BreadcrumbList\",\"@id\":\"https:\\\/\\\/purecosmetics-shop.com\\\/accueil\\\/produit\\\/cosrx-advanced-snail-92-all-in-one-cream\\\/#breadcrumb\",\"itemListElement\":[{\"@type\":\"ListItem\",\"position\":1,\"name\":\"Accueil\",\"item\":\"https:\\\/\\\/purecosmetics-shop.com\\\/accueil\\\/\"},{\"@type\":\"ListItem\",\"position\":2,\"name\":\"NOUVEAUT\u00c9S\",\"item\":\"https:\\\/\\\/purecosmetics-shop.com\\\/accueil\\\/nouveautes\\\/\"},{\"@type\":\"ListItem\",\"position\":3,\"name\":\"Advanced Snail 92 All In One Cream\"}]},{\"@type\":\"WebSite\",\"@id\":\"https:\\\/\\\/purecosmetics-shop.com\\\/accueil\\\/#website\",\"url\":\"https:\\\/\\\/purecosmetics-shop.com\\\/accueil\\\/\",\"name\":\"Pure Cosmetics\",\"description\":\"Skincare cor\u00e9enne et japonais\",\"publisher\":{\"@id\":\"https:\\\/\\\/purecosmetics-shop.com\\\/accueil\\\/#organization\"},\"potentialAction\":[{\"@type\":\"SearchAction\",\"target\":{\"@type\":\"EntryPoint\",\"urlTemplate\":\"https:\\\/\\\/purecosmetics-shop.com\\\/accueil\\\/?s={search_term_string}\"},\"query-input\":{\"@type\":\"PropertyValueSpecification\",\"valueRequired\":true,\"valueName\":\"search_term_string\"}}],\"inLanguage\":\"fr-FR\"},{\"@type\":\"Organization\",\"@id\":\"https:\\\/\\\/purecosmetics-shop.com\\\/accueil\\\/#organization\",\"name\":\"Pure Cosmetics\",\"url\":\"https:\\\/\\\/purecosmetics-shop.com\\\/accueil\\\/\",\"logo\":{\"@type\":\"ImageObject\",\"inLanguage\":\"fr-FR\",\"@id\":\"https:\\\/\\\/purecosmetics-shop.com\\\/accueil\\\/#\\\/schema\\\/logo\\\/image\\\/\",\"url\":\"https:\\\/\\\/purecosmetics-shop.com\\\/wp-content\\\/uploads\\\/2025\\\/04\\\/cropped-Pure-Cosmetics-black-2.png\",\"contentUrl\":\"https:\\\/\\\/purecosmetics-shop.com\\\/wp-content\\\/uploads\\\/2025\\\/04\\\/cropped-Pure-Cosmetics-black-2.png\",\"width\":2362,\"height\":2324,\"caption\":\"Pure Cosmetics\"},\"image\":{\"@id\":\"https:\\\/\\\/purecosmetics-shop.com\\\/accueil\\\/#\\\/schema\\\/logo\\\/image\\\/\"}}]}<\/script>\n<!-- \/ Yoast SEO plugin. -->","yoast_head_json":{"title":"Advanced Snail 92 All In One Cream - Pure Cosmetics","robots":{"index":"index","follow":"follow","max-snippet":"max-snippet:-1","max-image-preview":"max-image-preview:large","max-video-preview":"max-video-preview:-1"},"canonical":"https:\/\/purecosmetics-shop.com\/accueil\/produit\/cosrx-advanced-snail-92-all-in-one-cream\/","og_locale":"fr_FR","og_type":"article","og_title":"Advanced Snail 92 All In One Cream - Pure Cosmetics","og_description":"Une cr\u00e8me l\u00e9g\u00e8re, tout-en-un, formul\u00e9e avec 92% de mucine d\u2019escargot, de l\u2019acide hyaluronique et de la b\u00e9ta\u00efne qui va permettre de renforcer la barri\u00e8re cutan\u00e9e, d\u2019hydrater la peau en profondeur et d\u2019apaiser votre peau d\u00e9shydrat\u00e9e et abim\u00e9es.","og_url":"https:\/\/purecosmetics-shop.com\/accueil\/produit\/cosrx-advanced-snail-92-all-in-one-cream\/","og_site_name":"Pure Cosmetics","article_modified_time":"2025-07-29T17:07:48+00:00","og_image":[{"width":1000,"height":1000,"url":"https:\/\/purecosmetics-shop.com\/wp-content\/uploads\/2024\/10\/cosrx_advanced_snail_92_all_in_one_cream.webp","type":"image\/webp"}],"twitter_card":"summary_large_image","twitter_misc":{"Dur\u00e9e de lecture estim\u00e9e":"1 minute"},"schema":{"@context":"https:\/\/schema.org","@graph":[{"@type":"WebPage","@id":"https:\/\/purecosmetics-shop.com\/accueil\/produit\/cosrx-advanced-snail-92-all-in-one-cream\/","url":"https:\/\/purecosmetics-shop.com\/accueil\/produit\/cosrx-advanced-snail-92-all-in-one-cream\/","name":"Advanced Snail 92 All In One Cream - Pure Cosmetics","isPartOf":{"@id":"https:\/\/purecosmetics-shop.com\/accueil\/#website"},"primaryImageOfPage":{"@id":"https:\/\/purecosmetics-shop.com\/accueil\/produit\/cosrx-advanced-snail-92-all-in-one-cream\/#primaryimage"},"image":{"@id":"https:\/\/purecosmetics-shop.com\/accueil\/produit\/cosrx-advanced-snail-92-all-in-one-cream\/#primaryimage"},"thumbnailUrl":"https:\/\/purecosmetics-shop.com\/wp-content\/uploads\/2024\/10\/cosrx_advanced_snail_92_all_in_one_cream.webp","datePublished":"2024-10-16T17:13:09+00:00","dateModified":"2025-07-29T17:07:48+00:00","breadcrumb":{"@id":"https:\/\/purecosmetics-shop.com\/accueil\/produit\/cosrx-advanced-snail-92-all-in-one-cream\/#breadcrumb"},"inLanguage":"fr-FR","potentialAction":[{"@type":"ReadAction","target":["https:\/\/purecosmetics-shop.com\/accueil\/produit\/cosrx-advanced-snail-92-all-in-one-cream\/"]}]},{"@type":"ImageObject","inLanguage":"fr-FR","@id":"https:\/\/purecosmetics-shop.com\/accueil\/produit\/cosrx-advanced-snail-92-all-in-one-cream\/#primaryimage","url":"https:\/\/purecosmetics-shop.com\/wp-content\/uploads\/2024\/10\/cosrx_advanced_snail_92_all_in_one_cream.webp","contentUrl":"https:\/\/purecosmetics-shop.com\/wp-content\/uploads\/2024\/10\/cosrx_advanced_snail_92_all_in_one_cream.webp","width":1000,"height":1000,"caption":"COSRX Advanced Snail 92 All In One Cream"},{"@type":"BreadcrumbList","@id":"https:\/\/purecosmetics-shop.com\/accueil\/produit\/cosrx-advanced-snail-92-all-in-one-cream\/#breadcrumb","itemListElement":[{"@type":"ListItem","position":1,"name":"Accueil","item":"https:\/\/purecosmetics-shop.com\/accueil\/"},{"@type":"ListItem","position":2,"name":"NOUVEAUT\u00c9S","item":"https:\/\/purecosmetics-shop.com\/accueil\/nouveautes\/"},{"@type":"ListItem","position":3,"name":"Advanced Snail 92 All In One Cream"}]},{"@type":"WebSite","@id":"https:\/\/purecosmetics-shop.com\/accueil\/#website","url":"https:\/\/purecosmetics-shop.com\/accueil\/","name":"Pure Cosmetics","description":"Skincare cor\u00e9enne et japonais","publisher":{"@id":"https:\/\/purecosmetics-shop.com\/accueil\/#organization"},"potentialAction":[{"@type":"SearchAction","target":{"@type":"EntryPoint","urlTemplate":"https:\/\/purecosmetics-shop.com\/accueil\/?s={search_term_string}"},"query-input":{"@type":"PropertyValueSpecification","valueRequired":true,"valueName":"search_term_string"}}],"inLanguage":"fr-FR"},{"@type":"Organization","@id":"https:\/\/purecosmetics-shop.com\/accueil\/#organization","name":"Pure Cosmetics","url":"https:\/\/purecosmetics-shop.com\/accueil\/","logo":{"@type":"ImageObject","inLanguage":"fr-FR","@id":"https:\/\/purecosmetics-shop.com\/accueil\/#\/schema\/logo\/image\/","url":"https:\/\/purecosmetics-shop.com\/wp-content\/uploads\/2025\/04\/cropped-Pure-Cosmetics-black-2.png","contentUrl":"https:\/\/purecosmetics-shop.com\/wp-content\/uploads\/2025\/04\/cropped-Pure-Cosmetics-black-2.png","width":2362,"height":2324,"caption":"Pure Cosmetics"},"image":{"@id":"https:\/\/purecosmetics-shop.com\/accueil\/#\/schema\/logo\/image\/"}}]}},"jetpack_sharing_enabled":true,"_links":{"self":[{"href":"https:\/\/purecosmetics-shop.com\/accueil\/wp-json\/wp\/v2\/product\/1376","targetHints":{"allow":["GET"]}}],"collection":[{"href":"https:\/\/purecosmetics-shop.com\/accueil\/wp-json\/wp\/v2\/product"}],"about":[{"href":"https:\/\/purecosmetics-shop.com\/accueil\/wp-json\/wp\/v2\/types\/product"}],"replies":[{"embeddable":true,"href":"https:\/\/purecosmetics-shop.com\/accueil\/wp-json\/wp\/v2\/comments?post=1376"}],"version-history":[{"count":4,"href":"https:\/\/purecosmetics-shop.com\/accueil\/wp-json\/wp\/v2\/product\/1376\/revisions"}],"predecessor-version":[{"id":2592,"href":"https:\/\/purecosmetics-shop.com\/accueil\/wp-json\/wp\/v2\/product\/1376\/revisions\/2592"}],"wp:featuredmedia":[{"embeddable":true,"href":"https:\/\/purecosmetics-shop.com\/accueil\/wp-json\/wp\/v2\/media\/3923"}],"wp:attachment":[{"href":"https:\/\/purecosmetics-shop.com\/accueil\/wp-json\/wp\/v2\/media?parent=1376"}],"wp:term":[{"taxonomy":"product_brand","embeddable":true,"href":"https:\/\/purecosmetics-shop.com\/accueil\/wp-json\/wp\/v2\/product_brand?post=1376"},{"taxonomy":"product_cat","embeddable":true,"href":"https:\/\/purecosmetics-shop.com\/accueil\/wp-json\/wp\/v2\/product_cat?post=1376"},{"taxonomy":"product_tag","embeddable":true,"href":"https:\/\/purecosmetics-shop.com\/accueil\/wp-json\/wp\/v2\/product_tag?post=1376"}],"curies":[{"name":"wp","href":"https:\/\/api.w.org\/{rel}","templated":true}]}}