{"id":1375,"date":"2024-10-16T13:13:09","date_gmt":"2024-10-16T17:13:09","guid":{"rendered":"https:\/\/purecosmetics-shop.com\/accueil\/produit\/anua-hearleaf-pore-control-cleansing-oil-mild\/"},"modified":"2026-04-16T01:07:57","modified_gmt":"2026-04-16T05:07:57","slug":"anua-hearleaf-pore-control-cleansing-oil-mild","status":"publish","type":"product","link":"https:\/\/purecosmetics-shop.com\/accueil\/produit\/anua-hearleaf-pore-control-cleansing-oil-mild\/","title":{"rendered":"HEARTLEAF PORE CONTROL CLEANSING OIL MILD"},"content":{"rendered":"<p>L&rsquo;huile Heartleaf Pore Control Cleansing Oil Mild est une solution id\u00e9ale pour ceux qui cherchent \u00e0 apaiser leur peau tout en la nettoyant en profondeur. Formul\u00e9e sans parfum, cette huile nettoyante est non com\u00e9dog\u00e8ne, ce qui la rend parfaite pour les peaux sensibles.<\/p>\n<ul>\n<li>Ingr\u00e9dients Cl\u00e9s:<\/li>\n<\/ul>\n<p>Cette huile contient seulement 11 ingr\u00e9dients soigneusement s\u00e9lectionn\u00e9s, dont l&rsquo;extrait de feuille de c\u0153ur, qui aide \u00e0 dissoudre efficacement le maquillage, la salet\u00e9 et l&rsquo;exc\u00e8s de s\u00e9bum. En outre, l&rsquo;huile de feuilles de romarin apporte des propri\u00e9t\u00e9s anti-inflammatoires pour contr\u00f4ler le s\u00e9bum, tandis que l&rsquo;huile de graines de tournesol garde votre peau hydrat\u00e9e sans \u00e9liminer ses huiles naturelles.<\/p>\n<ul>\n<li>Un Soin Apaisant et Hydratant:<\/li>\n<\/ul>\n<p>En int\u00e9grant l&rsquo;huile Heartleaf Pore Control dans votre routine, vous profiterez d&rsquo;un nettoyage doux et apaisant, qui laissera votre peau fra\u00eeche et bien hydrat\u00e9e. D\u00e9couvrez un teint \u00e9clatant de sant\u00e9 tout en pr\u00e9servant la barri\u00e8re naturelle de votre peau.<\/p>\n","protected":false},"excerpt":{"rendered":"<p>Huile nettoyante non com\u00e9dog\u00e8ne et sans parfum con\u00e7ue pour nettoyer en profondeur et apaiser la peau irrit\u00e9e. Enrichie de seulement 11 ingr\u00e9dient dont l\u2019extrait de feuille de c\u0153ur, cette huile nettoyante dissout efficacement le maquillage, la salet\u00e9 et l\u2019exc\u00e8s de s\u00e9bum.<\/p>\n","protected":false},"featured_media":1449,"comment_status":"open","ping_status":"closed","template":"","meta":[],"product_brand":[155],"product_cat":[108,109,112,18,113,116,119],"product_tag":[],"class_list":{"0":"post-1375","1":"product","2":"type-product","3":"status-publish","4":"has-post-thumbnail","6":"product_brand-anua","7":"product_cat-anti-imperfections-et-pores","8":"product_cat-anti-rougeurs-et-irritations","9":"product_cat-hydratation","10":"product_cat-nettoyant-visage","11":"product_cat-peau-a-tendance-acneique","12":"product_cat-peau-mixte","13":"product_cat-peau-sensible","15":"first","16":"instock","17":"shipping-taxable","18":"purchasable","19":"product-type-simple"},"yoast_head":"<!-- This site is optimized with the Yoast SEO plugin v27.4 - https:\/\/yoast.com\/product\/yoast-seo-wordpress\/ -->\n<title>HEARTLEAF PORE CONTROL CLEANSING OIL MILD - Pure Cosmetics<\/title>\n<meta name=\"robots\" content=\"index, follow, max-snippet:-1, max-image-preview:large, max-video-preview:-1\" \/>\n<link rel=\"canonical\" href=\"https:\/\/purecosmetics-shop.com\/accueil\/produit\/anua-hearleaf-pore-control-cleansing-oil-mild\/\" \/>\n<meta property=\"og:locale\" content=\"fr_FR\" \/>\n<meta property=\"og:type\" content=\"article\" \/>\n<meta property=\"og:title\" content=\"HEARTLEAF PORE CONTROL CLEANSING OIL MILD - Pure Cosmetics\" \/>\n<meta property=\"og:description\" content=\"Huile nettoyante non com\u00e9dog\u00e8ne et sans parfum con\u00e7ue pour nettoyer en profondeur et apaiser la peau irrit\u00e9e. Enrichie de seulement 11 ingr\u00e9dient dont l\u2019extrait de feuille de c\u0153ur, cette huile nettoyante dissout efficacement le maquillage, la salet\u00e9 et l\u2019exc\u00e8s de s\u00e9bum.\" \/>\n<meta property=\"og:url\" content=\"https:\/\/purecosmetics-shop.com\/accueil\/produit\/anua-hearleaf-pore-control-cleansing-oil-mild\/\" \/>\n<meta property=\"og:site_name\" content=\"Pure Cosmetics\" \/>\n<meta property=\"article:modified_time\" content=\"2026-04-16T05:07:57+00:00\" \/>\n<meta property=\"og:image\" content=\"https:\/\/purecosmetics-shop.com\/wp-content\/uploads\/2024\/10\/Heartleaf-Pore-Control-Cleansing-Oil-Mild.webp\" \/>\n\t<meta property=\"og:image:width\" content=\"800\" \/>\n\t<meta property=\"og:image:height\" content=\"800\" \/>\n\t<meta property=\"og:image:type\" content=\"image\/webp\" \/>\n<meta name=\"twitter:card\" content=\"summary_large_image\" \/>\n<meta name=\"twitter:label1\" content=\"Dur\u00e9e de lecture estim\u00e9e\" \/>\n\t<meta name=\"twitter:data1\" content=\"1 minute\" \/>\n<script type=\"application\/ld+json\" class=\"yoast-schema-graph\">{\"@context\":\"https:\\\/\\\/schema.org\",\"@graph\":[{\"@type\":\"WebPage\",\"@id\":\"https:\\\/\\\/purecosmetics-shop.com\\\/accueil\\\/produit\\\/anua-hearleaf-pore-control-cleansing-oil-mild\\\/\",\"url\":\"https:\\\/\\\/purecosmetics-shop.com\\\/accueil\\\/produit\\\/anua-hearleaf-pore-control-cleansing-oil-mild\\\/\",\"name\":\"HEARTLEAF PORE CONTROL CLEANSING OIL MILD - Pure Cosmetics\",\"isPartOf\":{\"@id\":\"https:\\\/\\\/purecosmetics-shop.com\\\/accueil\\\/#website\"},\"primaryImageOfPage\":{\"@id\":\"https:\\\/\\\/purecosmetics-shop.com\\\/accueil\\\/produit\\\/anua-hearleaf-pore-control-cleansing-oil-mild\\\/#primaryimage\"},\"image\":{\"@id\":\"https:\\\/\\\/purecosmetics-shop.com\\\/accueil\\\/produit\\\/anua-hearleaf-pore-control-cleansing-oil-mild\\\/#primaryimage\"},\"thumbnailUrl\":\"https:\\\/\\\/purecosmetics-shop.com\\\/wp-content\\\/uploads\\\/2024\\\/10\\\/Heartleaf-Pore-Control-Cleansing-Oil-Mild.webp\",\"datePublished\":\"2024-10-16T17:13:09+00:00\",\"dateModified\":\"2026-04-16T05:07:57+00:00\",\"breadcrumb\":{\"@id\":\"https:\\\/\\\/purecosmetics-shop.com\\\/accueil\\\/produit\\\/anua-hearleaf-pore-control-cleansing-oil-mild\\\/#breadcrumb\"},\"inLanguage\":\"fr-FR\",\"potentialAction\":[{\"@type\":\"ReadAction\",\"target\":[\"https:\\\/\\\/purecosmetics-shop.com\\\/accueil\\\/produit\\\/anua-hearleaf-pore-control-cleansing-oil-mild\\\/\"]}]},{\"@type\":\"ImageObject\",\"inLanguage\":\"fr-FR\",\"@id\":\"https:\\\/\\\/purecosmetics-shop.com\\\/accueil\\\/produit\\\/anua-hearleaf-pore-control-cleansing-oil-mild\\\/#primaryimage\",\"url\":\"https:\\\/\\\/purecosmetics-shop.com\\\/wp-content\\\/uploads\\\/2024\\\/10\\\/Heartleaf-Pore-Control-Cleansing-Oil-Mild.webp\",\"contentUrl\":\"https:\\\/\\\/purecosmetics-shop.com\\\/wp-content\\\/uploads\\\/2024\\\/10\\\/Heartleaf-Pore-Control-Cleansing-Oil-Mild.webp\",\"width\":800,\"height\":800},{\"@type\":\"BreadcrumbList\",\"@id\":\"https:\\\/\\\/purecosmetics-shop.com\\\/accueil\\\/produit\\\/anua-hearleaf-pore-control-cleansing-oil-mild\\\/#breadcrumb\",\"itemListElement\":[{\"@type\":\"ListItem\",\"position\":1,\"name\":\"Accueil\",\"item\":\"https:\\\/\\\/purecosmetics-shop.com\\\/accueil\\\/\"},{\"@type\":\"ListItem\",\"position\":2,\"name\":\"NOUVEAUT\u00c9S\",\"item\":\"https:\\\/\\\/purecosmetics-shop.com\\\/accueil\\\/nouveautes\\\/\"},{\"@type\":\"ListItem\",\"position\":3,\"name\":\"HEARTLEAF PORE CONTROL CLEANSING OIL MILD\"}]},{\"@type\":\"WebSite\",\"@id\":\"https:\\\/\\\/purecosmetics-shop.com\\\/accueil\\\/#website\",\"url\":\"https:\\\/\\\/purecosmetics-shop.com\\\/accueil\\\/\",\"name\":\"Pure Cosmetics\",\"description\":\"Skincare cor\u00e9enne et japonais\",\"publisher\":{\"@id\":\"https:\\\/\\\/purecosmetics-shop.com\\\/accueil\\\/#organization\"},\"potentialAction\":[{\"@type\":\"SearchAction\",\"target\":{\"@type\":\"EntryPoint\",\"urlTemplate\":\"https:\\\/\\\/purecosmetics-shop.com\\\/accueil\\\/?s={search_term_string}\"},\"query-input\":{\"@type\":\"PropertyValueSpecification\",\"valueRequired\":true,\"valueName\":\"search_term_string\"}}],\"inLanguage\":\"fr-FR\"},{\"@type\":\"Organization\",\"@id\":\"https:\\\/\\\/purecosmetics-shop.com\\\/accueil\\\/#organization\",\"name\":\"Pure Cosmetics\",\"url\":\"https:\\\/\\\/purecosmetics-shop.com\\\/accueil\\\/\",\"logo\":{\"@type\":\"ImageObject\",\"inLanguage\":\"fr-FR\",\"@id\":\"https:\\\/\\\/purecosmetics-shop.com\\\/accueil\\\/#\\\/schema\\\/logo\\\/image\\\/\",\"url\":\"https:\\\/\\\/purecosmetics-shop.com\\\/wp-content\\\/uploads\\\/2025\\\/04\\\/cropped-Pure-Cosmetics-black-2.png\",\"contentUrl\":\"https:\\\/\\\/purecosmetics-shop.com\\\/wp-content\\\/uploads\\\/2025\\\/04\\\/cropped-Pure-Cosmetics-black-2.png\",\"width\":2362,\"height\":2324,\"caption\":\"Pure Cosmetics\"},\"image\":{\"@id\":\"https:\\\/\\\/purecosmetics-shop.com\\\/accueil\\\/#\\\/schema\\\/logo\\\/image\\\/\"}}]}<\/script>\n<!-- \/ Yoast SEO plugin. -->","yoast_head_json":{"title":"HEARTLEAF PORE CONTROL CLEANSING OIL MILD - Pure Cosmetics","robots":{"index":"index","follow":"follow","max-snippet":"max-snippet:-1","max-image-preview":"max-image-preview:large","max-video-preview":"max-video-preview:-1"},"canonical":"https:\/\/purecosmetics-shop.com\/accueil\/produit\/anua-hearleaf-pore-control-cleansing-oil-mild\/","og_locale":"fr_FR","og_type":"article","og_title":"HEARTLEAF PORE CONTROL CLEANSING OIL MILD - Pure Cosmetics","og_description":"Huile nettoyante non com\u00e9dog\u00e8ne et sans parfum con\u00e7ue pour nettoyer en profondeur et apaiser la peau irrit\u00e9e. Enrichie de seulement 11 ingr\u00e9dient dont l\u2019extrait de feuille de c\u0153ur, cette huile nettoyante dissout efficacement le maquillage, la salet\u00e9 et l\u2019exc\u00e8s de s\u00e9bum.","og_url":"https:\/\/purecosmetics-shop.com\/accueil\/produit\/anua-hearleaf-pore-control-cleansing-oil-mild\/","og_site_name":"Pure Cosmetics","article_modified_time":"2026-04-16T05:07:57+00:00","og_image":[{"width":800,"height":800,"url":"https:\/\/purecosmetics-shop.com\/wp-content\/uploads\/2024\/10\/Heartleaf-Pore-Control-Cleansing-Oil-Mild.webp","type":"image\/webp"}],"twitter_card":"summary_large_image","twitter_misc":{"Dur\u00e9e de lecture estim\u00e9e":"1 minute"},"schema":{"@context":"https:\/\/schema.org","@graph":[{"@type":"WebPage","@id":"https:\/\/purecosmetics-shop.com\/accueil\/produit\/anua-hearleaf-pore-control-cleansing-oil-mild\/","url":"https:\/\/purecosmetics-shop.com\/accueil\/produit\/anua-hearleaf-pore-control-cleansing-oil-mild\/","name":"HEARTLEAF PORE CONTROL CLEANSING OIL MILD - Pure Cosmetics","isPartOf":{"@id":"https:\/\/purecosmetics-shop.com\/accueil\/#website"},"primaryImageOfPage":{"@id":"https:\/\/purecosmetics-shop.com\/accueil\/produit\/anua-hearleaf-pore-control-cleansing-oil-mild\/#primaryimage"},"image":{"@id":"https:\/\/purecosmetics-shop.com\/accueil\/produit\/anua-hearleaf-pore-control-cleansing-oil-mild\/#primaryimage"},"thumbnailUrl":"https:\/\/purecosmetics-shop.com\/wp-content\/uploads\/2024\/10\/Heartleaf-Pore-Control-Cleansing-Oil-Mild.webp","datePublished":"2024-10-16T17:13:09+00:00","dateModified":"2026-04-16T05:07:57+00:00","breadcrumb":{"@id":"https:\/\/purecosmetics-shop.com\/accueil\/produit\/anua-hearleaf-pore-control-cleansing-oil-mild\/#breadcrumb"},"inLanguage":"fr-FR","potentialAction":[{"@type":"ReadAction","target":["https:\/\/purecosmetics-shop.com\/accueil\/produit\/anua-hearleaf-pore-control-cleansing-oil-mild\/"]}]},{"@type":"ImageObject","inLanguage":"fr-FR","@id":"https:\/\/purecosmetics-shop.com\/accueil\/produit\/anua-hearleaf-pore-control-cleansing-oil-mild\/#primaryimage","url":"https:\/\/purecosmetics-shop.com\/wp-content\/uploads\/2024\/10\/Heartleaf-Pore-Control-Cleansing-Oil-Mild.webp","contentUrl":"https:\/\/purecosmetics-shop.com\/wp-content\/uploads\/2024\/10\/Heartleaf-Pore-Control-Cleansing-Oil-Mild.webp","width":800,"height":800},{"@type":"BreadcrumbList","@id":"https:\/\/purecosmetics-shop.com\/accueil\/produit\/anua-hearleaf-pore-control-cleansing-oil-mild\/#breadcrumb","itemListElement":[{"@type":"ListItem","position":1,"name":"Accueil","item":"https:\/\/purecosmetics-shop.com\/accueil\/"},{"@type":"ListItem","position":2,"name":"NOUVEAUT\u00c9S","item":"https:\/\/purecosmetics-shop.com\/accueil\/nouveautes\/"},{"@type":"ListItem","position":3,"name":"HEARTLEAF PORE CONTROL CLEANSING OIL MILD"}]},{"@type":"WebSite","@id":"https:\/\/purecosmetics-shop.com\/accueil\/#website","url":"https:\/\/purecosmetics-shop.com\/accueil\/","name":"Pure Cosmetics","description":"Skincare cor\u00e9enne et japonais","publisher":{"@id":"https:\/\/purecosmetics-shop.com\/accueil\/#organization"},"potentialAction":[{"@type":"SearchAction","target":{"@type":"EntryPoint","urlTemplate":"https:\/\/purecosmetics-shop.com\/accueil\/?s={search_term_string}"},"query-input":{"@type":"PropertyValueSpecification","valueRequired":true,"valueName":"search_term_string"}}],"inLanguage":"fr-FR"},{"@type":"Organization","@id":"https:\/\/purecosmetics-shop.com\/accueil\/#organization","name":"Pure Cosmetics","url":"https:\/\/purecosmetics-shop.com\/accueil\/","logo":{"@type":"ImageObject","inLanguage":"fr-FR","@id":"https:\/\/purecosmetics-shop.com\/accueil\/#\/schema\/logo\/image\/","url":"https:\/\/purecosmetics-shop.com\/wp-content\/uploads\/2025\/04\/cropped-Pure-Cosmetics-black-2.png","contentUrl":"https:\/\/purecosmetics-shop.com\/wp-content\/uploads\/2025\/04\/cropped-Pure-Cosmetics-black-2.png","width":2362,"height":2324,"caption":"Pure Cosmetics"},"image":{"@id":"https:\/\/purecosmetics-shop.com\/accueil\/#\/schema\/logo\/image\/"}}]}},"jetpack_sharing_enabled":true,"_links":{"self":[{"href":"https:\/\/purecosmetics-shop.com\/accueil\/wp-json\/wp\/v2\/product\/1375","targetHints":{"allow":["GET"]}}],"collection":[{"href":"https:\/\/purecosmetics-shop.com\/accueil\/wp-json\/wp\/v2\/product"}],"about":[{"href":"https:\/\/purecosmetics-shop.com\/accueil\/wp-json\/wp\/v2\/types\/product"}],"replies":[{"embeddable":true,"href":"https:\/\/purecosmetics-shop.com\/accueil\/wp-json\/wp\/v2\/comments?post=1375"}],"version-history":[{"count":4,"href":"https:\/\/purecosmetics-shop.com\/accueil\/wp-json\/wp\/v2\/product\/1375\/revisions"}],"predecessor-version":[{"id":2593,"href":"https:\/\/purecosmetics-shop.com\/accueil\/wp-json\/wp\/v2\/product\/1375\/revisions\/2593"}],"wp:featuredmedia":[{"embeddable":true,"href":"https:\/\/purecosmetics-shop.com\/accueil\/wp-json\/wp\/v2\/media\/1449"}],"wp:attachment":[{"href":"https:\/\/purecosmetics-shop.com\/accueil\/wp-json\/wp\/v2\/media?parent=1375"}],"wp:term":[{"taxonomy":"product_brand","embeddable":true,"href":"https:\/\/purecosmetics-shop.com\/accueil\/wp-json\/wp\/v2\/product_brand?post=1375"},{"taxonomy":"product_cat","embeddable":true,"href":"https:\/\/purecosmetics-shop.com\/accueil\/wp-json\/wp\/v2\/product_cat?post=1375"},{"taxonomy":"product_tag","embeddable":true,"href":"https:\/\/purecosmetics-shop.com\/accueil\/wp-json\/wp\/v2\/product_tag?post=1375"}],"curies":[{"name":"wp","href":"https:\/\/api.w.org\/{rel}","templated":true}]}}