{"id":1374,"date":"2024-10-16T13:13:08","date_gmt":"2024-10-16T17:13:08","guid":{"rendered":"https:\/\/purecosmetics-shop.com\/accueil\/produit\/cosrx-salicylic-acid-daily-gentle-cleanser\/"},"modified":"2025-03-28T17:53:44","modified_gmt":"2025-03-28T21:53:44","slug":"cosrx-salicylic-acid-daily-gentle-cleanser","status":"publish","type":"product","link":"https:\/\/purecosmetics-shop.com\/accueil\/produit\/cosrx-salicylic-acid-daily-gentle-cleanser\/","title":{"rendered":"Salicylic Acid Daily Gentle Cleanser"},"content":{"rendered":"<p>Le nettoyant doux quotidien \u00e0 l&rsquo;acide salicylique de COSRX est un nettoyant moussant pour les peaux grasses, contenant des ingr\u00e9dients purifiants botaniques et de l&rsquo;acide salicylique pour prendre soin de l&rsquo;exc\u00e8s de cellules mortes de la peau et de s\u00e9bum.<\/p>\n<p>Aide \u00e0 r\u00e9duire les \u00e9ruptions cutan\u00e9es et favorise une peau claire, \u00e9limine en douceur les impuret\u00e9s et l&rsquo;exc\u00e8s de s\u00e9bum tout en combattant les boutons et les imperfections, laissant la peau douce et lisse sans sensation de d\u00e9capage.<\/p>\n<p>L&rsquo;acide salicylique \u00e9limine les cellules mortes de la peau et fait de la place pour de nouvelles cellules de la peau.<\/p>\n<p>L&rsquo;huile de feuille d&rsquo;arbre \u00e0 th\u00e9 a un effet anti-inflammatoire et une action st\u00e9rilisante.<\/p>\n<p>Le nettoyant BHA \u00e9limine les cellules mortes de la peau difficiles \u00e0 \u00e9liminer et les probl\u00e8mes de peau.<\/p>\n<p>&nbsp;<\/p>\n","protected":false},"excerpt":{"rendered":"<p>Nettoyant contenant de l\u2019acide salicylique et de l\u2019huile d\u2019arbre \u00e0 th\u00e9 pour nettoyer votre peau en profondeur sans pour autant l\u2019agresser.<\/p>\n<p>Ce nettoyant joue aussi un r\u00f4le d\u2019exfoliant qui permet de lutter contre les imperfections et d\u2019\u00e9liminer tout en douceur l\u2019exc\u00e8s de s\u00e9bum, les cellules mortes de la peau, les points noirs, les boutons et toute autre forme d\u2019impuret\u00e9s.<\/p>\n<p>Sa formule est douce, apaisante et soulageant, parfait pour les peaux \u00e0 probl\u00e8mes.<\/p>\n","protected":false},"featured_media":1568,"comment_status":"open","ping_status":"closed","template":"","meta":[],"product_brand":[154],"product_cat":[108,18,115,116,119],"product_tag":[],"class_list":{"0":"post-1374","1":"product","2":"type-product","3":"status-publish","4":"has-post-thumbnail","6":"product_brand-cosrx","7":"product_cat-anti-imperfections-et-pores","8":"product_cat-nettoyant-visage","9":"product_cat-peau-grasse","10":"product_cat-peau-mixte","11":"product_cat-peau-sensible","13":"first","14":"outofstock","15":"shipping-taxable","16":"product-type-simple"},"yoast_head":"<!-- This site is optimized with the Yoast SEO plugin v27.4 - https:\/\/yoast.com\/product\/yoast-seo-wordpress\/ -->\n<title>Salicylic Acid Daily Gentle Cleanser - Pure Cosmetics<\/title>\n<meta name=\"robots\" content=\"index, follow, max-snippet:-1, max-image-preview:large, max-video-preview:-1\" \/>\n<link rel=\"canonical\" href=\"https:\/\/purecosmetics-shop.com\/accueil\/produit\/cosrx-salicylic-acid-daily-gentle-cleanser\/\" \/>\n<meta property=\"og:locale\" content=\"fr_FR\" \/>\n<meta property=\"og:type\" content=\"article\" \/>\n<meta property=\"og:title\" content=\"Salicylic Acid Daily Gentle Cleanser - Pure Cosmetics\" \/>\n<meta property=\"og:description\" content=\"Nettoyant contenant de l\u2019acide salicylique et de l\u2019huile d\u2019arbre \u00e0 th\u00e9 pour nettoyer votre peau en profondeur sans pour autant l\u2019agresser.  Ce nettoyant joue aussi un r\u00f4le d\u2019exfoliant qui permet de lutter contre les imperfections et d\u2019\u00e9liminer tout en douceur l\u2019exc\u00e8s de s\u00e9bum, les cellules mortes de la peau, les points noirs, les boutons et toute autre forme d\u2019impuret\u00e9s.  Sa formule est douce, apaisante et soulageant, parfait pour les peaux \u00e0 probl\u00e8mes.\" \/>\n<meta property=\"og:url\" content=\"https:\/\/purecosmetics-shop.com\/accueil\/produit\/cosrx-salicylic-acid-daily-gentle-cleanser\/\" \/>\n<meta property=\"og:site_name\" content=\"Pure Cosmetics\" \/>\n<meta property=\"article:modified_time\" content=\"2025-03-28T21:53:44+00:00\" \/>\n<meta property=\"og:image\" content=\"https:\/\/purecosmetics-shop.com\/wp-content\/uploads\/2024\/10\/COSRX-Salicylic-Acid-Daily-Gentle-Cleanser.webp\" \/>\n\t<meta property=\"og:image:width\" content=\"800\" \/>\n\t<meta property=\"og:image:height\" content=\"800\" \/>\n\t<meta property=\"og:image:type\" content=\"image\/webp\" \/>\n<meta name=\"twitter:card\" content=\"summary_large_image\" \/>\n<meta name=\"twitter:label1\" content=\"Dur\u00e9e de lecture estim\u00e9e\" \/>\n\t<meta name=\"twitter:data1\" content=\"1 minute\" \/>\n<script type=\"application\/ld+json\" class=\"yoast-schema-graph\">{\"@context\":\"https:\\\/\\\/schema.org\",\"@graph\":[{\"@type\":\"WebPage\",\"@id\":\"https:\\\/\\\/purecosmetics-shop.com\\\/accueil\\\/produit\\\/cosrx-salicylic-acid-daily-gentle-cleanser\\\/\",\"url\":\"https:\\\/\\\/purecosmetics-shop.com\\\/accueil\\\/produit\\\/cosrx-salicylic-acid-daily-gentle-cleanser\\\/\",\"name\":\"Salicylic Acid Daily Gentle Cleanser - Pure Cosmetics\",\"isPartOf\":{\"@id\":\"https:\\\/\\\/purecosmetics-shop.com\\\/accueil\\\/#website\"},\"primaryImageOfPage\":{\"@id\":\"https:\\\/\\\/purecosmetics-shop.com\\\/accueil\\\/produit\\\/cosrx-salicylic-acid-daily-gentle-cleanser\\\/#primaryimage\"},\"image\":{\"@id\":\"https:\\\/\\\/purecosmetics-shop.com\\\/accueil\\\/produit\\\/cosrx-salicylic-acid-daily-gentle-cleanser\\\/#primaryimage\"},\"thumbnailUrl\":\"https:\\\/\\\/purecosmetics-shop.com\\\/wp-content\\\/uploads\\\/2024\\\/10\\\/COSRX-Salicylic-Acid-Daily-Gentle-Cleanser.webp\",\"datePublished\":\"2024-10-16T17:13:08+00:00\",\"dateModified\":\"2025-03-28T21:53:44+00:00\",\"breadcrumb\":{\"@id\":\"https:\\\/\\\/purecosmetics-shop.com\\\/accueil\\\/produit\\\/cosrx-salicylic-acid-daily-gentle-cleanser\\\/#breadcrumb\"},\"inLanguage\":\"fr-FR\",\"potentialAction\":[{\"@type\":\"ReadAction\",\"target\":[\"https:\\\/\\\/purecosmetics-shop.com\\\/accueil\\\/produit\\\/cosrx-salicylic-acid-daily-gentle-cleanser\\\/\"]}]},{\"@type\":\"ImageObject\",\"inLanguage\":\"fr-FR\",\"@id\":\"https:\\\/\\\/purecosmetics-shop.com\\\/accueil\\\/produit\\\/cosrx-salicylic-acid-daily-gentle-cleanser\\\/#primaryimage\",\"url\":\"https:\\\/\\\/purecosmetics-shop.com\\\/wp-content\\\/uploads\\\/2024\\\/10\\\/COSRX-Salicylic-Acid-Daily-Gentle-Cleanser.webp\",\"contentUrl\":\"https:\\\/\\\/purecosmetics-shop.com\\\/wp-content\\\/uploads\\\/2024\\\/10\\\/COSRX-Salicylic-Acid-Daily-Gentle-Cleanser.webp\",\"width\":800,\"height\":800},{\"@type\":\"BreadcrumbList\",\"@id\":\"https:\\\/\\\/purecosmetics-shop.com\\\/accueil\\\/produit\\\/cosrx-salicylic-acid-daily-gentle-cleanser\\\/#breadcrumb\",\"itemListElement\":[{\"@type\":\"ListItem\",\"position\":1,\"name\":\"Accueil\",\"item\":\"https:\\\/\\\/purecosmetics-shop.com\\\/accueil\\\/\"},{\"@type\":\"ListItem\",\"position\":2,\"name\":\"NOUVEAUT\u00c9S\",\"item\":\"https:\\\/\\\/purecosmetics-shop.com\\\/accueil\\\/nouveautes\\\/\"},{\"@type\":\"ListItem\",\"position\":3,\"name\":\"Salicylic Acid Daily Gentle Cleanser\"}]},{\"@type\":\"WebSite\",\"@id\":\"https:\\\/\\\/purecosmetics-shop.com\\\/accueil\\\/#website\",\"url\":\"https:\\\/\\\/purecosmetics-shop.com\\\/accueil\\\/\",\"name\":\"Pure Cosmetics\",\"description\":\"Skincare cor\u00e9enne et japonais\",\"publisher\":{\"@id\":\"https:\\\/\\\/purecosmetics-shop.com\\\/accueil\\\/#organization\"},\"potentialAction\":[{\"@type\":\"SearchAction\",\"target\":{\"@type\":\"EntryPoint\",\"urlTemplate\":\"https:\\\/\\\/purecosmetics-shop.com\\\/accueil\\\/?s={search_term_string}\"},\"query-input\":{\"@type\":\"PropertyValueSpecification\",\"valueRequired\":true,\"valueName\":\"search_term_string\"}}],\"inLanguage\":\"fr-FR\"},{\"@type\":\"Organization\",\"@id\":\"https:\\\/\\\/purecosmetics-shop.com\\\/accueil\\\/#organization\",\"name\":\"Pure Cosmetics\",\"url\":\"https:\\\/\\\/purecosmetics-shop.com\\\/accueil\\\/\",\"logo\":{\"@type\":\"ImageObject\",\"inLanguage\":\"fr-FR\",\"@id\":\"https:\\\/\\\/purecosmetics-shop.com\\\/accueil\\\/#\\\/schema\\\/logo\\\/image\\\/\",\"url\":\"https:\\\/\\\/purecosmetics-shop.com\\\/wp-content\\\/uploads\\\/2025\\\/04\\\/cropped-Pure-Cosmetics-black-2.png\",\"contentUrl\":\"https:\\\/\\\/purecosmetics-shop.com\\\/wp-content\\\/uploads\\\/2025\\\/04\\\/cropped-Pure-Cosmetics-black-2.png\",\"width\":2362,\"height\":2324,\"caption\":\"Pure Cosmetics\"},\"image\":{\"@id\":\"https:\\\/\\\/purecosmetics-shop.com\\\/accueil\\\/#\\\/schema\\\/logo\\\/image\\\/\"}}]}<\/script>\n<!-- \/ Yoast SEO plugin. -->","yoast_head_json":{"title":"Salicylic Acid Daily Gentle Cleanser - Pure Cosmetics","robots":{"index":"index","follow":"follow","max-snippet":"max-snippet:-1","max-image-preview":"max-image-preview:large","max-video-preview":"max-video-preview:-1"},"canonical":"https:\/\/purecosmetics-shop.com\/accueil\/produit\/cosrx-salicylic-acid-daily-gentle-cleanser\/","og_locale":"fr_FR","og_type":"article","og_title":"Salicylic Acid Daily Gentle Cleanser - Pure Cosmetics","og_description":"Nettoyant contenant de l\u2019acide salicylique et de l\u2019huile d\u2019arbre \u00e0 th\u00e9 pour nettoyer votre peau en profondeur sans pour autant l\u2019agresser.  Ce nettoyant joue aussi un r\u00f4le d\u2019exfoliant qui permet de lutter contre les imperfections et d\u2019\u00e9liminer tout en douceur l\u2019exc\u00e8s de s\u00e9bum, les cellules mortes de la peau, les points noirs, les boutons et toute autre forme d\u2019impuret\u00e9s.  Sa formule est douce, apaisante et soulageant, parfait pour les peaux \u00e0 probl\u00e8mes.","og_url":"https:\/\/purecosmetics-shop.com\/accueil\/produit\/cosrx-salicylic-acid-daily-gentle-cleanser\/","og_site_name":"Pure Cosmetics","article_modified_time":"2025-03-28T21:53:44+00:00","og_image":[{"width":800,"height":800,"url":"https:\/\/purecosmetics-shop.com\/wp-content\/uploads\/2024\/10\/COSRX-Salicylic-Acid-Daily-Gentle-Cleanser.webp","type":"image\/webp"}],"twitter_card":"summary_large_image","twitter_misc":{"Dur\u00e9e de lecture estim\u00e9e":"1 minute"},"schema":{"@context":"https:\/\/schema.org","@graph":[{"@type":"WebPage","@id":"https:\/\/purecosmetics-shop.com\/accueil\/produit\/cosrx-salicylic-acid-daily-gentle-cleanser\/","url":"https:\/\/purecosmetics-shop.com\/accueil\/produit\/cosrx-salicylic-acid-daily-gentle-cleanser\/","name":"Salicylic Acid Daily Gentle Cleanser - Pure Cosmetics","isPartOf":{"@id":"https:\/\/purecosmetics-shop.com\/accueil\/#website"},"primaryImageOfPage":{"@id":"https:\/\/purecosmetics-shop.com\/accueil\/produit\/cosrx-salicylic-acid-daily-gentle-cleanser\/#primaryimage"},"image":{"@id":"https:\/\/purecosmetics-shop.com\/accueil\/produit\/cosrx-salicylic-acid-daily-gentle-cleanser\/#primaryimage"},"thumbnailUrl":"https:\/\/purecosmetics-shop.com\/wp-content\/uploads\/2024\/10\/COSRX-Salicylic-Acid-Daily-Gentle-Cleanser.webp","datePublished":"2024-10-16T17:13:08+00:00","dateModified":"2025-03-28T21:53:44+00:00","breadcrumb":{"@id":"https:\/\/purecosmetics-shop.com\/accueil\/produit\/cosrx-salicylic-acid-daily-gentle-cleanser\/#breadcrumb"},"inLanguage":"fr-FR","potentialAction":[{"@type":"ReadAction","target":["https:\/\/purecosmetics-shop.com\/accueil\/produit\/cosrx-salicylic-acid-daily-gentle-cleanser\/"]}]},{"@type":"ImageObject","inLanguage":"fr-FR","@id":"https:\/\/purecosmetics-shop.com\/accueil\/produit\/cosrx-salicylic-acid-daily-gentle-cleanser\/#primaryimage","url":"https:\/\/purecosmetics-shop.com\/wp-content\/uploads\/2024\/10\/COSRX-Salicylic-Acid-Daily-Gentle-Cleanser.webp","contentUrl":"https:\/\/purecosmetics-shop.com\/wp-content\/uploads\/2024\/10\/COSRX-Salicylic-Acid-Daily-Gentle-Cleanser.webp","width":800,"height":800},{"@type":"BreadcrumbList","@id":"https:\/\/purecosmetics-shop.com\/accueil\/produit\/cosrx-salicylic-acid-daily-gentle-cleanser\/#breadcrumb","itemListElement":[{"@type":"ListItem","position":1,"name":"Accueil","item":"https:\/\/purecosmetics-shop.com\/accueil\/"},{"@type":"ListItem","position":2,"name":"NOUVEAUT\u00c9S","item":"https:\/\/purecosmetics-shop.com\/accueil\/nouveautes\/"},{"@type":"ListItem","position":3,"name":"Salicylic Acid Daily Gentle Cleanser"}]},{"@type":"WebSite","@id":"https:\/\/purecosmetics-shop.com\/accueil\/#website","url":"https:\/\/purecosmetics-shop.com\/accueil\/","name":"Pure Cosmetics","description":"Skincare cor\u00e9enne et japonais","publisher":{"@id":"https:\/\/purecosmetics-shop.com\/accueil\/#organization"},"potentialAction":[{"@type":"SearchAction","target":{"@type":"EntryPoint","urlTemplate":"https:\/\/purecosmetics-shop.com\/accueil\/?s={search_term_string}"},"query-input":{"@type":"PropertyValueSpecification","valueRequired":true,"valueName":"search_term_string"}}],"inLanguage":"fr-FR"},{"@type":"Organization","@id":"https:\/\/purecosmetics-shop.com\/accueil\/#organization","name":"Pure Cosmetics","url":"https:\/\/purecosmetics-shop.com\/accueil\/","logo":{"@type":"ImageObject","inLanguage":"fr-FR","@id":"https:\/\/purecosmetics-shop.com\/accueil\/#\/schema\/logo\/image\/","url":"https:\/\/purecosmetics-shop.com\/wp-content\/uploads\/2025\/04\/cropped-Pure-Cosmetics-black-2.png","contentUrl":"https:\/\/purecosmetics-shop.com\/wp-content\/uploads\/2025\/04\/cropped-Pure-Cosmetics-black-2.png","width":2362,"height":2324,"caption":"Pure Cosmetics"},"image":{"@id":"https:\/\/purecosmetics-shop.com\/accueil\/#\/schema\/logo\/image\/"}}]}},"jetpack_sharing_enabled":true,"_links":{"self":[{"href":"https:\/\/purecosmetics-shop.com\/accueil\/wp-json\/wp\/v2\/product\/1374","targetHints":{"allow":["GET"]}}],"collection":[{"href":"https:\/\/purecosmetics-shop.com\/accueil\/wp-json\/wp\/v2\/product"}],"about":[{"href":"https:\/\/purecosmetics-shop.com\/accueil\/wp-json\/wp\/v2\/types\/product"}],"replies":[{"embeddable":true,"href":"https:\/\/purecosmetics-shop.com\/accueil\/wp-json\/wp\/v2\/comments?post=1374"}],"version-history":[{"count":4,"href":"https:\/\/purecosmetics-shop.com\/accueil\/wp-json\/wp\/v2\/product\/1374\/revisions"}],"predecessor-version":[{"id":2596,"href":"https:\/\/purecosmetics-shop.com\/accueil\/wp-json\/wp\/v2\/product\/1374\/revisions\/2596"}],"wp:featuredmedia":[{"embeddable":true,"href":"https:\/\/purecosmetics-shop.com\/accueil\/wp-json\/wp\/v2\/media\/1568"}],"wp:attachment":[{"href":"https:\/\/purecosmetics-shop.com\/accueil\/wp-json\/wp\/v2\/media?parent=1374"}],"wp:term":[{"taxonomy":"product_brand","embeddable":true,"href":"https:\/\/purecosmetics-shop.com\/accueil\/wp-json\/wp\/v2\/product_brand?post=1374"},{"taxonomy":"product_cat","embeddable":true,"href":"https:\/\/purecosmetics-shop.com\/accueil\/wp-json\/wp\/v2\/product_cat?post=1374"},{"taxonomy":"product_tag","embeddable":true,"href":"https:\/\/purecosmetics-shop.com\/accueil\/wp-json\/wp\/v2\/product_tag?post=1374"}],"curies":[{"name":"wp","href":"https:\/\/api.w.org\/{rel}","templated":true}]}}