{"id":1373,"date":"2024-10-16T13:13:08","date_gmt":"2024-10-16T17:13:08","guid":{"rendered":"https:\/\/purecosmetics-shop.com\/accueil\/produit\/beauty-of-joseon-ground-rice-and-honey-glow-mask\/"},"modified":"2025-07-29T12:41:50","modified_gmt":"2025-07-29T16:41:50","slug":"beauty-of-joseon-ground-rice-and-honey-glow-mask","status":"publish","type":"product","link":"https:\/\/purecosmetics-shop.com\/accueil\/produit\/beauty-of-joseon-ground-rice-and-honey-glow-mask\/","title":{"rendered":"Ground Rice and Honey Glow Mask"},"content":{"rendered":"<p>D\u00e9couvrez la puissance du riz et du miel avec notre nouveau masque \u00e0 rincer, le masque \u00e9clat au riz moulu et au miel.<\/p>\n<p>Ce masque exploite la puissance des lies de makgeolli recycl\u00e9es, un sous-produit du vin de riz cor\u00e9en traditionnel, pour offrir de puissants bienfaits \u00e0 la peau. Enrichi en poudre de coque de riz naturelle et en miel \u00e0 5 \u200b\u200b%, il hydrate en profondeur, am\u00e9liore la texture de la peau et aide \u00e0 apaiser les affections cutan\u00e9es inflammatoires comme l&rsquo;acn\u00e9.<\/p>\n<h3>Soin complet de la peau : masque tout-en-un<\/h3>\n<p>Ce masque tout-en-un combine les bienfaits des effets \u00e9claircissants, antioxydants, hydratants, am\u00e9liorant l&rsquo;\u00e9lasticit\u00e9 de la peau, exfoliant et apaisant (rafra\u00eechissant). La synergie des lies de makgeolli recycl\u00e9es, du miel, de la poudre d&rsquo;argile et de la poudre de coque de riz assure un soin complet de la peau en une seule \u00e9tape.<\/p>\n<h3>Soin doux des pores et des probl\u00e8mes<\/h3>\n<p>L&rsquo;argile kaolin absorbe efficacement le s\u00e9bum et purifie les pores, tandis que le miel hydrate et calme l&rsquo;inflammation. Cela garantit que la peau est purifi\u00e9e et hydrat\u00e9e sans tiraillements.<\/p>\n<h3>Exfoliation et hydratation naturelles<\/h3>\n<p>La poudre de coque de riz naturelle exfolie en douceur les cellules mortes de la peau et les impuret\u00e9s, tandis que le miel procure une hydratation en profondeur et aide \u00e0 r\u00e9duire les probl\u00e8mes de peau, ce qui le rend adapt\u00e9 \u00e0 tous les types de peau.<\/p>\n","protected":false},"excerpt":{"rendered":"<p>Masque \u00e0 rincer, aux riz moulu et au miel.<\/p>\n<p>De nombreux bienfaits: hydrate en profondeur, \u00e9claircissants, am\u00e9liore la texture et l&rsquo;\u00e9lasticit\u00e9 de la peau, et aide \u00e0 apaiser les affections cutan\u00e9es inflammatoires comme l&rsquo;acn\u00e9.<\/p>\n<p>&nbsp;<\/p>\n<p>&nbsp;<\/p>\n","protected":false},"featured_media":3913,"comment_status":"open","ping_status":"closed","template":"","meta":[],"product_brand":[147],"product_cat":[107,108,110,23,115,116,117,118],"product_tag":[],"class_list":{"0":"post-1373","1":"product","2":"type-product","3":"status-publish","4":"has-post-thumbnail","6":"product_brand-beauty-of-joseon","7":"product_cat-anti-age-et-elasticite","8":"product_cat-anti-imperfections-et-pores","9":"product_cat-anti-tache-et-hyperpigmentation","10":"product_cat-masque","11":"product_cat-peau-grasse","12":"product_cat-peau-mixte","13":"product_cat-peau-normale","14":"product_cat-peau-seche","16":"first","17":"outofstock","18":"shipping-taxable","19":"product-type-simple"},"yoast_head":"<!-- This site is optimized with the Yoast SEO plugin v27.4 - https:\/\/yoast.com\/product\/yoast-seo-wordpress\/ -->\n<title>Ground Rice and Honey Glow Mask - Pure Cosmetics<\/title>\n<meta name=\"robots\" content=\"index, follow, max-snippet:-1, max-image-preview:large, max-video-preview:-1\" \/>\n<link rel=\"canonical\" href=\"https:\/\/purecosmetics-shop.com\/accueil\/produit\/beauty-of-joseon-ground-rice-and-honey-glow-mask\/\" \/>\n<meta property=\"og:locale\" content=\"fr_FR\" \/>\n<meta property=\"og:type\" content=\"article\" \/>\n<meta property=\"og:title\" content=\"Ground Rice and Honey Glow Mask - Pure Cosmetics\" \/>\n<meta property=\"og:description\" content=\"Masque \u00e0 rincer, aux riz moulu et au miel.  De nombreux bienfaits: hydrate en profondeur, \u00e9claircissants, am\u00e9liore la texture et l&#039;\u00e9lasticit\u00e9 de la peau, et aide \u00e0 apaiser les affections cutan\u00e9es inflammatoires comme l&#039;acn\u00e9.  &nbsp;  &nbsp;\" \/>\n<meta property=\"og:url\" content=\"https:\/\/purecosmetics-shop.com\/accueil\/produit\/beauty-of-joseon-ground-rice-and-honey-glow-mask\/\" \/>\n<meta property=\"og:site_name\" content=\"Pure Cosmetics\" \/>\n<meta property=\"article:modified_time\" content=\"2025-07-29T16:41:50+00:00\" \/>\n<meta property=\"og:image\" content=\"https:\/\/purecosmetics-shop.com\/wp-content\/uploads\/2024\/10\/BEAUTY-OF-JOSEON-Ground-Rice-and-Honey-Glow-Mask.jpg\" \/>\n\t<meta property=\"og:image:width\" content=\"1500\" \/>\n\t<meta property=\"og:image:height\" content=\"1500\" \/>\n\t<meta property=\"og:image:type\" content=\"image\/jpeg\" \/>\n<meta name=\"twitter:card\" content=\"summary_large_image\" \/>\n<meta name=\"twitter:label1\" content=\"Dur\u00e9e de lecture estim\u00e9e\" \/>\n\t<meta name=\"twitter:data1\" content=\"2 minutes\" \/>\n<script type=\"application\/ld+json\" class=\"yoast-schema-graph\">{\"@context\":\"https:\\\/\\\/schema.org\",\"@graph\":[{\"@type\":\"WebPage\",\"@id\":\"https:\\\/\\\/purecosmetics-shop.com\\\/accueil\\\/produit\\\/beauty-of-joseon-ground-rice-and-honey-glow-mask\\\/\",\"url\":\"https:\\\/\\\/purecosmetics-shop.com\\\/accueil\\\/produit\\\/beauty-of-joseon-ground-rice-and-honey-glow-mask\\\/\",\"name\":\"Ground Rice and Honey Glow Mask - Pure Cosmetics\",\"isPartOf\":{\"@id\":\"https:\\\/\\\/purecosmetics-shop.com\\\/accueil\\\/#website\"},\"primaryImageOfPage\":{\"@id\":\"https:\\\/\\\/purecosmetics-shop.com\\\/accueil\\\/produit\\\/beauty-of-joseon-ground-rice-and-honey-glow-mask\\\/#primaryimage\"},\"image\":{\"@id\":\"https:\\\/\\\/purecosmetics-shop.com\\\/accueil\\\/produit\\\/beauty-of-joseon-ground-rice-and-honey-glow-mask\\\/#primaryimage\"},\"thumbnailUrl\":\"https:\\\/\\\/purecosmetics-shop.com\\\/wp-content\\\/uploads\\\/2024\\\/10\\\/BEAUTY-OF-JOSEON-Ground-Rice-and-Honey-Glow-Mask.jpg\",\"datePublished\":\"2024-10-16T17:13:08+00:00\",\"dateModified\":\"2025-07-29T16:41:50+00:00\",\"breadcrumb\":{\"@id\":\"https:\\\/\\\/purecosmetics-shop.com\\\/accueil\\\/produit\\\/beauty-of-joseon-ground-rice-and-honey-glow-mask\\\/#breadcrumb\"},\"inLanguage\":\"fr-FR\",\"potentialAction\":[{\"@type\":\"ReadAction\",\"target\":[\"https:\\\/\\\/purecosmetics-shop.com\\\/accueil\\\/produit\\\/beauty-of-joseon-ground-rice-and-honey-glow-mask\\\/\"]}]},{\"@type\":\"ImageObject\",\"inLanguage\":\"fr-FR\",\"@id\":\"https:\\\/\\\/purecosmetics-shop.com\\\/accueil\\\/produit\\\/beauty-of-joseon-ground-rice-and-honey-glow-mask\\\/#primaryimage\",\"url\":\"https:\\\/\\\/purecosmetics-shop.com\\\/wp-content\\\/uploads\\\/2024\\\/10\\\/BEAUTY-OF-JOSEON-Ground-Rice-and-Honey-Glow-Mask.jpg\",\"contentUrl\":\"https:\\\/\\\/purecosmetics-shop.com\\\/wp-content\\\/uploads\\\/2024\\\/10\\\/BEAUTY-OF-JOSEON-Ground-Rice-and-Honey-Glow-Mask.jpg\",\"width\":1500,\"height\":1500,\"caption\":\"BEAUTY OF JOSEON Ground Rice and Honey Glow Mask\"},{\"@type\":\"BreadcrumbList\",\"@id\":\"https:\\\/\\\/purecosmetics-shop.com\\\/accueil\\\/produit\\\/beauty-of-joseon-ground-rice-and-honey-glow-mask\\\/#breadcrumb\",\"itemListElement\":[{\"@type\":\"ListItem\",\"position\":1,\"name\":\"Accueil\",\"item\":\"https:\\\/\\\/purecosmetics-shop.com\\\/accueil\\\/\"},{\"@type\":\"ListItem\",\"position\":2,\"name\":\"NOUVEAUT\u00c9S\",\"item\":\"https:\\\/\\\/purecosmetics-shop.com\\\/accueil\\\/nouveautes\\\/\"},{\"@type\":\"ListItem\",\"position\":3,\"name\":\"Ground Rice and Honey Glow Mask\"}]},{\"@type\":\"WebSite\",\"@id\":\"https:\\\/\\\/purecosmetics-shop.com\\\/accueil\\\/#website\",\"url\":\"https:\\\/\\\/purecosmetics-shop.com\\\/accueil\\\/\",\"name\":\"Pure Cosmetics\",\"description\":\"Skincare cor\u00e9enne et japonais\",\"publisher\":{\"@id\":\"https:\\\/\\\/purecosmetics-shop.com\\\/accueil\\\/#organization\"},\"potentialAction\":[{\"@type\":\"SearchAction\",\"target\":{\"@type\":\"EntryPoint\",\"urlTemplate\":\"https:\\\/\\\/purecosmetics-shop.com\\\/accueil\\\/?s={search_term_string}\"},\"query-input\":{\"@type\":\"PropertyValueSpecification\",\"valueRequired\":true,\"valueName\":\"search_term_string\"}}],\"inLanguage\":\"fr-FR\"},{\"@type\":\"Organization\",\"@id\":\"https:\\\/\\\/purecosmetics-shop.com\\\/accueil\\\/#organization\",\"name\":\"Pure Cosmetics\",\"url\":\"https:\\\/\\\/purecosmetics-shop.com\\\/accueil\\\/\",\"logo\":{\"@type\":\"ImageObject\",\"inLanguage\":\"fr-FR\",\"@id\":\"https:\\\/\\\/purecosmetics-shop.com\\\/accueil\\\/#\\\/schema\\\/logo\\\/image\\\/\",\"url\":\"https:\\\/\\\/purecosmetics-shop.com\\\/wp-content\\\/uploads\\\/2025\\\/04\\\/cropped-Pure-Cosmetics-black-2.png\",\"contentUrl\":\"https:\\\/\\\/purecosmetics-shop.com\\\/wp-content\\\/uploads\\\/2025\\\/04\\\/cropped-Pure-Cosmetics-black-2.png\",\"width\":2362,\"height\":2324,\"caption\":\"Pure Cosmetics\"},\"image\":{\"@id\":\"https:\\\/\\\/purecosmetics-shop.com\\\/accueil\\\/#\\\/schema\\\/logo\\\/image\\\/\"}}]}<\/script>\n<!-- \/ Yoast SEO plugin. -->","yoast_head_json":{"title":"Ground Rice and Honey Glow Mask - Pure Cosmetics","robots":{"index":"index","follow":"follow","max-snippet":"max-snippet:-1","max-image-preview":"max-image-preview:large","max-video-preview":"max-video-preview:-1"},"canonical":"https:\/\/purecosmetics-shop.com\/accueil\/produit\/beauty-of-joseon-ground-rice-and-honey-glow-mask\/","og_locale":"fr_FR","og_type":"article","og_title":"Ground Rice and Honey Glow Mask - Pure Cosmetics","og_description":"Masque \u00e0 rincer, aux riz moulu et au miel.  De nombreux bienfaits: hydrate en profondeur, \u00e9claircissants, am\u00e9liore la texture et l'\u00e9lasticit\u00e9 de la peau, et aide \u00e0 apaiser les affections cutan\u00e9es inflammatoires comme l'acn\u00e9.  &nbsp;  &nbsp;","og_url":"https:\/\/purecosmetics-shop.com\/accueil\/produit\/beauty-of-joseon-ground-rice-and-honey-glow-mask\/","og_site_name":"Pure Cosmetics","article_modified_time":"2025-07-29T16:41:50+00:00","og_image":[{"width":1500,"height":1500,"url":"https:\/\/purecosmetics-shop.com\/wp-content\/uploads\/2024\/10\/BEAUTY-OF-JOSEON-Ground-Rice-and-Honey-Glow-Mask.jpg","type":"image\/jpeg"}],"twitter_card":"summary_large_image","twitter_misc":{"Dur\u00e9e de lecture estim\u00e9e":"2 minutes"},"schema":{"@context":"https:\/\/schema.org","@graph":[{"@type":"WebPage","@id":"https:\/\/purecosmetics-shop.com\/accueil\/produit\/beauty-of-joseon-ground-rice-and-honey-glow-mask\/","url":"https:\/\/purecosmetics-shop.com\/accueil\/produit\/beauty-of-joseon-ground-rice-and-honey-glow-mask\/","name":"Ground Rice and Honey Glow Mask - Pure Cosmetics","isPartOf":{"@id":"https:\/\/purecosmetics-shop.com\/accueil\/#website"},"primaryImageOfPage":{"@id":"https:\/\/purecosmetics-shop.com\/accueil\/produit\/beauty-of-joseon-ground-rice-and-honey-glow-mask\/#primaryimage"},"image":{"@id":"https:\/\/purecosmetics-shop.com\/accueil\/produit\/beauty-of-joseon-ground-rice-and-honey-glow-mask\/#primaryimage"},"thumbnailUrl":"https:\/\/purecosmetics-shop.com\/wp-content\/uploads\/2024\/10\/BEAUTY-OF-JOSEON-Ground-Rice-and-Honey-Glow-Mask.jpg","datePublished":"2024-10-16T17:13:08+00:00","dateModified":"2025-07-29T16:41:50+00:00","breadcrumb":{"@id":"https:\/\/purecosmetics-shop.com\/accueil\/produit\/beauty-of-joseon-ground-rice-and-honey-glow-mask\/#breadcrumb"},"inLanguage":"fr-FR","potentialAction":[{"@type":"ReadAction","target":["https:\/\/purecosmetics-shop.com\/accueil\/produit\/beauty-of-joseon-ground-rice-and-honey-glow-mask\/"]}]},{"@type":"ImageObject","inLanguage":"fr-FR","@id":"https:\/\/purecosmetics-shop.com\/accueil\/produit\/beauty-of-joseon-ground-rice-and-honey-glow-mask\/#primaryimage","url":"https:\/\/purecosmetics-shop.com\/wp-content\/uploads\/2024\/10\/BEAUTY-OF-JOSEON-Ground-Rice-and-Honey-Glow-Mask.jpg","contentUrl":"https:\/\/purecosmetics-shop.com\/wp-content\/uploads\/2024\/10\/BEAUTY-OF-JOSEON-Ground-Rice-and-Honey-Glow-Mask.jpg","width":1500,"height":1500,"caption":"BEAUTY OF JOSEON Ground Rice and Honey Glow Mask"},{"@type":"BreadcrumbList","@id":"https:\/\/purecosmetics-shop.com\/accueil\/produit\/beauty-of-joseon-ground-rice-and-honey-glow-mask\/#breadcrumb","itemListElement":[{"@type":"ListItem","position":1,"name":"Accueil","item":"https:\/\/purecosmetics-shop.com\/accueil\/"},{"@type":"ListItem","position":2,"name":"NOUVEAUT\u00c9S","item":"https:\/\/purecosmetics-shop.com\/accueil\/nouveautes\/"},{"@type":"ListItem","position":3,"name":"Ground Rice and Honey Glow Mask"}]},{"@type":"WebSite","@id":"https:\/\/purecosmetics-shop.com\/accueil\/#website","url":"https:\/\/purecosmetics-shop.com\/accueil\/","name":"Pure Cosmetics","description":"Skincare cor\u00e9enne et japonais","publisher":{"@id":"https:\/\/purecosmetics-shop.com\/accueil\/#organization"},"potentialAction":[{"@type":"SearchAction","target":{"@type":"EntryPoint","urlTemplate":"https:\/\/purecosmetics-shop.com\/accueil\/?s={search_term_string}"},"query-input":{"@type":"PropertyValueSpecification","valueRequired":true,"valueName":"search_term_string"}}],"inLanguage":"fr-FR"},{"@type":"Organization","@id":"https:\/\/purecosmetics-shop.com\/accueil\/#organization","name":"Pure Cosmetics","url":"https:\/\/purecosmetics-shop.com\/accueil\/","logo":{"@type":"ImageObject","inLanguage":"fr-FR","@id":"https:\/\/purecosmetics-shop.com\/accueil\/#\/schema\/logo\/image\/","url":"https:\/\/purecosmetics-shop.com\/wp-content\/uploads\/2025\/04\/cropped-Pure-Cosmetics-black-2.png","contentUrl":"https:\/\/purecosmetics-shop.com\/wp-content\/uploads\/2025\/04\/cropped-Pure-Cosmetics-black-2.png","width":2362,"height":2324,"caption":"Pure Cosmetics"},"image":{"@id":"https:\/\/purecosmetics-shop.com\/accueil\/#\/schema\/logo\/image\/"}}]}},"jetpack_sharing_enabled":true,"_links":{"self":[{"href":"https:\/\/purecosmetics-shop.com\/accueil\/wp-json\/wp\/v2\/product\/1373","targetHints":{"allow":["GET"]}}],"collection":[{"href":"https:\/\/purecosmetics-shop.com\/accueil\/wp-json\/wp\/v2\/product"}],"about":[{"href":"https:\/\/purecosmetics-shop.com\/accueil\/wp-json\/wp\/v2\/types\/product"}],"replies":[{"embeddable":true,"href":"https:\/\/purecosmetics-shop.com\/accueil\/wp-json\/wp\/v2\/comments?post=1373"}],"version-history":[{"count":4,"href":"https:\/\/purecosmetics-shop.com\/accueil\/wp-json\/wp\/v2\/product\/1373\/revisions"}],"predecessor-version":[{"id":2597,"href":"https:\/\/purecosmetics-shop.com\/accueil\/wp-json\/wp\/v2\/product\/1373\/revisions\/2597"}],"wp:featuredmedia":[{"embeddable":true,"href":"https:\/\/purecosmetics-shop.com\/accueil\/wp-json\/wp\/v2\/media\/3913"}],"wp:attachment":[{"href":"https:\/\/purecosmetics-shop.com\/accueil\/wp-json\/wp\/v2\/media?parent=1373"}],"wp:term":[{"taxonomy":"product_brand","embeddable":true,"href":"https:\/\/purecosmetics-shop.com\/accueil\/wp-json\/wp\/v2\/product_brand?post=1373"},{"taxonomy":"product_cat","embeddable":true,"href":"https:\/\/purecosmetics-shop.com\/accueil\/wp-json\/wp\/v2\/product_cat?post=1373"},{"taxonomy":"product_tag","embeddable":true,"href":"https:\/\/purecosmetics-shop.com\/accueil\/wp-json\/wp\/v2\/product_tag?post=1373"}],"curies":[{"name":"wp","href":"https:\/\/api.w.org\/{rel}","templated":true}]}}