{"id":1367,"date":"2024-10-16T13:13:07","date_gmt":"2024-10-16T17:13:07","guid":{"rendered":"https:\/\/purecosmetics-shop.com\/accueil\/produit\/cosrx-aha-bha-clarifying-treatment-toner\/"},"modified":"2026-04-18T10:23:57","modified_gmt":"2026-04-18T14:23:57","slug":"cosrx-aha-bha-clarifying-treatment-toner","status":"publish","type":"product","link":"https:\/\/purecosmetics-shop.com\/accueil\/produit\/cosrx-aha-bha-clarifying-treatment-toner\/","title":{"rendered":"AHA\/BHA CLARIFYING TREATMENT TONER"},"content":{"rendered":"<p>La formule d&rsquo;ingr\u00e9dients botaniques purifiants AHA+BHA+ aide \u00e0 am\u00e9liorer la texture de la peau, \u00e0 augmenter la vitalit\u00e9 et \u00e0 contr\u00f4ler les pores. \u00c9limine les impuret\u00e9s, exfolie et hydrate en une seule \u00e9tape.<\/p>\n<p>Ce tonique de traitement permet une exfoliation quotidienne gr\u00e2ce \u00e0 sa formule douce AHA\/BHA<\/p>\n<p>Gr\u00e2ce \u00e0 une utilisation continue, votre peau r\u00e9v\u00e9lera une peau plus neuve et plus saine avec une texture beaucoup plus lisse et un teint plus lumineux<\/p>\n<p>Le processus de peeling doux offert par ce tonique clarifiant permet aux nutriments de p\u00e9n\u00e9trer efficacement et compl\u00e8tement la peau pour des r\u00e9sultats optimaux<\/p>\n<p>Un tonique efficace qui pr\u00e9vient le d\u00e9veloppement pr\u00e9coce des points blancs et des points noirs et traite la peau squameuse caus\u00e9e par le manque d&rsquo;hydratation.<\/p>\n<p>Le tonique de traitement clarifiant AHA\/BHA utilise de l&rsquo;eau min\u00e9rale riche en AHA et BHA naturels au lieu de l&rsquo;eau purifi\u00e9e pour prot\u00e9ger la sant\u00e9 de la peau et \u00e9liminer les cellules mortes.<\/p>\n<h3>AVANTAGES<\/h3>\n<ul>\n<li>Exfolie la surface de la peau<\/li>\n<li>Lisse et adoucit<\/li>\n<li>Nettoie les pores obstru\u00e9s<\/li>\n<li>\u00c9quilibre la production de s\u00e9bum<\/li>\n<\/ul>\n","protected":false},"excerpt":{"rendered":"<p>Un toner exfoliant sous forme de spray contenant seulement 11 ingr\u00e9dients afin de minimiser l\u2019irritation de la peau.<\/p>\n<p>La pr\u00e9sence d\u2019AHA, BHA permet d\u2019am\u00e9liorer la texture de la peau, \u00e9liminer les impuret\u00e9s et pr\u00e9venir l\u2019apparition des pores et points noirs.<\/p>\n","protected":false},"featured_media":1571,"comment_status":"open","ping_status":"closed","template":"","meta":[],"product_brand":[154],"product_cat":[108,191,115,116,117,118,119,19],"product_tag":[],"class_list":{"0":"post-1367","1":"product","2":"type-product","3":"status-publish","4":"has-post-thumbnail","6":"product_brand-cosrx","7":"product_cat-anti-imperfections-et-pores","8":"product_cat-exfoliant","9":"product_cat-peau-grasse","10":"product_cat-peau-mixte","11":"product_cat-peau-normale","12":"product_cat-peau-seche","13":"product_cat-peau-sensible","14":"product_cat-toner","16":"first","17":"instock","18":"shipping-taxable","19":"purchasable","20":"product-type-simple"},"yoast_head":"<!-- This site is optimized with the Yoast SEO plugin v27.4 - https:\/\/yoast.com\/product\/yoast-seo-wordpress\/ -->\n<title>AHA\/BHA CLARIFYING TREATMENT TONER - Pure Cosmetics<\/title>\n<meta name=\"robots\" content=\"index, follow, max-snippet:-1, max-image-preview:large, max-video-preview:-1\" \/>\n<link rel=\"canonical\" href=\"https:\/\/purecosmetics-shop.com\/accueil\/produit\/cosrx-aha-bha-clarifying-treatment-toner\/\" \/>\n<meta property=\"og:locale\" content=\"fr_FR\" \/>\n<meta property=\"og:type\" content=\"article\" \/>\n<meta property=\"og:title\" content=\"AHA\/BHA CLARIFYING TREATMENT TONER - Pure Cosmetics\" \/>\n<meta property=\"og:description\" content=\"Un toner exfoliant sous forme de spray contenant seulement 11 ingr\u00e9dients afin de minimiser l\u2019irritation de la peau.  La pr\u00e9sence d\u2019AHA, BHA permet d\u2019am\u00e9liorer la texture de la peau, \u00e9liminer les impuret\u00e9s et pr\u00e9venir l\u2019apparition des pores et points noirs.\" \/>\n<meta property=\"og:url\" content=\"https:\/\/purecosmetics-shop.com\/accueil\/produit\/cosrx-aha-bha-clarifying-treatment-toner\/\" \/>\n<meta property=\"og:site_name\" content=\"Pure Cosmetics\" \/>\n<meta property=\"article:modified_time\" content=\"2026-04-18T14:23:57+00:00\" \/>\n<meta property=\"og:image\" content=\"https:\/\/purecosmetics-shop.com\/wp-content\/uploads\/2024\/10\/COSRX-AHABHA-CLARIFYING-TONER-.webp\" \/>\n\t<meta property=\"og:image:width\" content=\"800\" \/>\n\t<meta property=\"og:image:height\" content=\"800\" \/>\n\t<meta property=\"og:image:type\" content=\"image\/webp\" \/>\n<meta name=\"twitter:card\" content=\"summary_large_image\" \/>\n<meta name=\"twitter:label1\" content=\"Dur\u00e9e de lecture estim\u00e9e\" \/>\n\t<meta name=\"twitter:data1\" content=\"2 minutes\" \/>\n<script type=\"application\/ld+json\" class=\"yoast-schema-graph\">{\"@context\":\"https:\\\/\\\/schema.org\",\"@graph\":[{\"@type\":\"WebPage\",\"@id\":\"https:\\\/\\\/purecosmetics-shop.com\\\/accueil\\\/produit\\\/cosrx-aha-bha-clarifying-treatment-toner\\\/\",\"url\":\"https:\\\/\\\/purecosmetics-shop.com\\\/accueil\\\/produit\\\/cosrx-aha-bha-clarifying-treatment-toner\\\/\",\"name\":\"AHA\\\/BHA CLARIFYING TREATMENT TONER - Pure Cosmetics\",\"isPartOf\":{\"@id\":\"https:\\\/\\\/purecosmetics-shop.com\\\/accueil\\\/#website\"},\"primaryImageOfPage\":{\"@id\":\"https:\\\/\\\/purecosmetics-shop.com\\\/accueil\\\/produit\\\/cosrx-aha-bha-clarifying-treatment-toner\\\/#primaryimage\"},\"image\":{\"@id\":\"https:\\\/\\\/purecosmetics-shop.com\\\/accueil\\\/produit\\\/cosrx-aha-bha-clarifying-treatment-toner\\\/#primaryimage\"},\"thumbnailUrl\":\"https:\\\/\\\/purecosmetics-shop.com\\\/wp-content\\\/uploads\\\/2024\\\/10\\\/COSRX-AHABHA-CLARIFYING-TONER-.webp\",\"datePublished\":\"2024-10-16T17:13:07+00:00\",\"dateModified\":\"2026-04-18T14:23:57+00:00\",\"breadcrumb\":{\"@id\":\"https:\\\/\\\/purecosmetics-shop.com\\\/accueil\\\/produit\\\/cosrx-aha-bha-clarifying-treatment-toner\\\/#breadcrumb\"},\"inLanguage\":\"fr-FR\",\"potentialAction\":[{\"@type\":\"ReadAction\",\"target\":[\"https:\\\/\\\/purecosmetics-shop.com\\\/accueil\\\/produit\\\/cosrx-aha-bha-clarifying-treatment-toner\\\/\"]}]},{\"@type\":\"ImageObject\",\"inLanguage\":\"fr-FR\",\"@id\":\"https:\\\/\\\/purecosmetics-shop.com\\\/accueil\\\/produit\\\/cosrx-aha-bha-clarifying-treatment-toner\\\/#primaryimage\",\"url\":\"https:\\\/\\\/purecosmetics-shop.com\\\/wp-content\\\/uploads\\\/2024\\\/10\\\/COSRX-AHABHA-CLARIFYING-TONER-.webp\",\"contentUrl\":\"https:\\\/\\\/purecosmetics-shop.com\\\/wp-content\\\/uploads\\\/2024\\\/10\\\/COSRX-AHABHA-CLARIFYING-TONER-.webp\",\"width\":800,\"height\":800},{\"@type\":\"BreadcrumbList\",\"@id\":\"https:\\\/\\\/purecosmetics-shop.com\\\/accueil\\\/produit\\\/cosrx-aha-bha-clarifying-treatment-toner\\\/#breadcrumb\",\"itemListElement\":[{\"@type\":\"ListItem\",\"position\":1,\"name\":\"Accueil\",\"item\":\"https:\\\/\\\/purecosmetics-shop.com\\\/accueil\\\/\"},{\"@type\":\"ListItem\",\"position\":2,\"name\":\"NOUVEAUT\u00c9S\",\"item\":\"https:\\\/\\\/purecosmetics-shop.com\\\/accueil\\\/nouveautes\\\/\"},{\"@type\":\"ListItem\",\"position\":3,\"name\":\"AHA\\\/BHA CLARIFYING TREATMENT TONER\"}]},{\"@type\":\"WebSite\",\"@id\":\"https:\\\/\\\/purecosmetics-shop.com\\\/accueil\\\/#website\",\"url\":\"https:\\\/\\\/purecosmetics-shop.com\\\/accueil\\\/\",\"name\":\"Pure Cosmetics\",\"description\":\"Skincare cor\u00e9enne et japonais\",\"publisher\":{\"@id\":\"https:\\\/\\\/purecosmetics-shop.com\\\/accueil\\\/#organization\"},\"potentialAction\":[{\"@type\":\"SearchAction\",\"target\":{\"@type\":\"EntryPoint\",\"urlTemplate\":\"https:\\\/\\\/purecosmetics-shop.com\\\/accueil\\\/?s={search_term_string}\"},\"query-input\":{\"@type\":\"PropertyValueSpecification\",\"valueRequired\":true,\"valueName\":\"search_term_string\"}}],\"inLanguage\":\"fr-FR\"},{\"@type\":\"Organization\",\"@id\":\"https:\\\/\\\/purecosmetics-shop.com\\\/accueil\\\/#organization\",\"name\":\"Pure Cosmetics\",\"url\":\"https:\\\/\\\/purecosmetics-shop.com\\\/accueil\\\/\",\"logo\":{\"@type\":\"ImageObject\",\"inLanguage\":\"fr-FR\",\"@id\":\"https:\\\/\\\/purecosmetics-shop.com\\\/accueil\\\/#\\\/schema\\\/logo\\\/image\\\/\",\"url\":\"https:\\\/\\\/purecosmetics-shop.com\\\/wp-content\\\/uploads\\\/2025\\\/04\\\/cropped-Pure-Cosmetics-black-2.png\",\"contentUrl\":\"https:\\\/\\\/purecosmetics-shop.com\\\/wp-content\\\/uploads\\\/2025\\\/04\\\/cropped-Pure-Cosmetics-black-2.png\",\"width\":2362,\"height\":2324,\"caption\":\"Pure Cosmetics\"},\"image\":{\"@id\":\"https:\\\/\\\/purecosmetics-shop.com\\\/accueil\\\/#\\\/schema\\\/logo\\\/image\\\/\"}}]}<\/script>\n<!-- \/ Yoast SEO plugin. -->","yoast_head_json":{"title":"AHA\/BHA CLARIFYING TREATMENT TONER - Pure Cosmetics","robots":{"index":"index","follow":"follow","max-snippet":"max-snippet:-1","max-image-preview":"max-image-preview:large","max-video-preview":"max-video-preview:-1"},"canonical":"https:\/\/purecosmetics-shop.com\/accueil\/produit\/cosrx-aha-bha-clarifying-treatment-toner\/","og_locale":"fr_FR","og_type":"article","og_title":"AHA\/BHA CLARIFYING TREATMENT TONER - Pure Cosmetics","og_description":"Un toner exfoliant sous forme de spray contenant seulement 11 ingr\u00e9dients afin de minimiser l\u2019irritation de la peau.  La pr\u00e9sence d\u2019AHA, BHA permet d\u2019am\u00e9liorer la texture de la peau, \u00e9liminer les impuret\u00e9s et pr\u00e9venir l\u2019apparition des pores et points noirs.","og_url":"https:\/\/purecosmetics-shop.com\/accueil\/produit\/cosrx-aha-bha-clarifying-treatment-toner\/","og_site_name":"Pure Cosmetics","article_modified_time":"2026-04-18T14:23:57+00:00","og_image":[{"width":800,"height":800,"url":"https:\/\/purecosmetics-shop.com\/wp-content\/uploads\/2024\/10\/COSRX-AHABHA-CLARIFYING-TONER-.webp","type":"image\/webp"}],"twitter_card":"summary_large_image","twitter_misc":{"Dur\u00e9e de lecture estim\u00e9e":"2 minutes"},"schema":{"@context":"https:\/\/schema.org","@graph":[{"@type":"WebPage","@id":"https:\/\/purecosmetics-shop.com\/accueil\/produit\/cosrx-aha-bha-clarifying-treatment-toner\/","url":"https:\/\/purecosmetics-shop.com\/accueil\/produit\/cosrx-aha-bha-clarifying-treatment-toner\/","name":"AHA\/BHA CLARIFYING TREATMENT TONER - Pure Cosmetics","isPartOf":{"@id":"https:\/\/purecosmetics-shop.com\/accueil\/#website"},"primaryImageOfPage":{"@id":"https:\/\/purecosmetics-shop.com\/accueil\/produit\/cosrx-aha-bha-clarifying-treatment-toner\/#primaryimage"},"image":{"@id":"https:\/\/purecosmetics-shop.com\/accueil\/produit\/cosrx-aha-bha-clarifying-treatment-toner\/#primaryimage"},"thumbnailUrl":"https:\/\/purecosmetics-shop.com\/wp-content\/uploads\/2024\/10\/COSRX-AHABHA-CLARIFYING-TONER-.webp","datePublished":"2024-10-16T17:13:07+00:00","dateModified":"2026-04-18T14:23:57+00:00","breadcrumb":{"@id":"https:\/\/purecosmetics-shop.com\/accueil\/produit\/cosrx-aha-bha-clarifying-treatment-toner\/#breadcrumb"},"inLanguage":"fr-FR","potentialAction":[{"@type":"ReadAction","target":["https:\/\/purecosmetics-shop.com\/accueil\/produit\/cosrx-aha-bha-clarifying-treatment-toner\/"]}]},{"@type":"ImageObject","inLanguage":"fr-FR","@id":"https:\/\/purecosmetics-shop.com\/accueil\/produit\/cosrx-aha-bha-clarifying-treatment-toner\/#primaryimage","url":"https:\/\/purecosmetics-shop.com\/wp-content\/uploads\/2024\/10\/COSRX-AHABHA-CLARIFYING-TONER-.webp","contentUrl":"https:\/\/purecosmetics-shop.com\/wp-content\/uploads\/2024\/10\/COSRX-AHABHA-CLARIFYING-TONER-.webp","width":800,"height":800},{"@type":"BreadcrumbList","@id":"https:\/\/purecosmetics-shop.com\/accueil\/produit\/cosrx-aha-bha-clarifying-treatment-toner\/#breadcrumb","itemListElement":[{"@type":"ListItem","position":1,"name":"Accueil","item":"https:\/\/purecosmetics-shop.com\/accueil\/"},{"@type":"ListItem","position":2,"name":"NOUVEAUT\u00c9S","item":"https:\/\/purecosmetics-shop.com\/accueil\/nouveautes\/"},{"@type":"ListItem","position":3,"name":"AHA\/BHA CLARIFYING TREATMENT TONER"}]},{"@type":"WebSite","@id":"https:\/\/purecosmetics-shop.com\/accueil\/#website","url":"https:\/\/purecosmetics-shop.com\/accueil\/","name":"Pure Cosmetics","description":"Skincare cor\u00e9enne et japonais","publisher":{"@id":"https:\/\/purecosmetics-shop.com\/accueil\/#organization"},"potentialAction":[{"@type":"SearchAction","target":{"@type":"EntryPoint","urlTemplate":"https:\/\/purecosmetics-shop.com\/accueil\/?s={search_term_string}"},"query-input":{"@type":"PropertyValueSpecification","valueRequired":true,"valueName":"search_term_string"}}],"inLanguage":"fr-FR"},{"@type":"Organization","@id":"https:\/\/purecosmetics-shop.com\/accueil\/#organization","name":"Pure Cosmetics","url":"https:\/\/purecosmetics-shop.com\/accueil\/","logo":{"@type":"ImageObject","inLanguage":"fr-FR","@id":"https:\/\/purecosmetics-shop.com\/accueil\/#\/schema\/logo\/image\/","url":"https:\/\/purecosmetics-shop.com\/wp-content\/uploads\/2025\/04\/cropped-Pure-Cosmetics-black-2.png","contentUrl":"https:\/\/purecosmetics-shop.com\/wp-content\/uploads\/2025\/04\/cropped-Pure-Cosmetics-black-2.png","width":2362,"height":2324,"caption":"Pure Cosmetics"},"image":{"@id":"https:\/\/purecosmetics-shop.com\/accueil\/#\/schema\/logo\/image\/"}}]}},"jetpack_sharing_enabled":true,"_links":{"self":[{"href":"https:\/\/purecosmetics-shop.com\/accueil\/wp-json\/wp\/v2\/product\/1367","targetHints":{"allow":["GET"]}}],"collection":[{"href":"https:\/\/purecosmetics-shop.com\/accueil\/wp-json\/wp\/v2\/product"}],"about":[{"href":"https:\/\/purecosmetics-shop.com\/accueil\/wp-json\/wp\/v2\/types\/product"}],"replies":[{"embeddable":true,"href":"https:\/\/purecosmetics-shop.com\/accueil\/wp-json\/wp\/v2\/comments?post=1367"}],"version-history":[{"count":5,"href":"https:\/\/purecosmetics-shop.com\/accueil\/wp-json\/wp\/v2\/product\/1367\/revisions"}],"predecessor-version":[{"id":3184,"href":"https:\/\/purecosmetics-shop.com\/accueil\/wp-json\/wp\/v2\/product\/1367\/revisions\/3184"}],"wp:featuredmedia":[{"embeddable":true,"href":"https:\/\/purecosmetics-shop.com\/accueil\/wp-json\/wp\/v2\/media\/1571"}],"wp:attachment":[{"href":"https:\/\/purecosmetics-shop.com\/accueil\/wp-json\/wp\/v2\/media?parent=1367"}],"wp:term":[{"taxonomy":"product_brand","embeddable":true,"href":"https:\/\/purecosmetics-shop.com\/accueil\/wp-json\/wp\/v2\/product_brand?post=1367"},{"taxonomy":"product_cat","embeddable":true,"href":"https:\/\/purecosmetics-shop.com\/accueil\/wp-json\/wp\/v2\/product_cat?post=1367"},{"taxonomy":"product_tag","embeddable":true,"href":"https:\/\/purecosmetics-shop.com\/accueil\/wp-json\/wp\/v2\/product_tag?post=1367"}],"curies":[{"name":"wp","href":"https:\/\/api.w.org\/{rel}","templated":true}]}}