{"id":1366,"date":"2024-10-16T13:13:06","date_gmt":"2024-10-16T17:13:06","guid":{"rendered":"https:\/\/purecosmetics-shop.com\/accueil\/produit\/anua-peach-77-niacin-conditioning-milk\/"},"modified":"2025-03-28T17:53:44","modified_gmt":"2025-03-28T21:53:44","slug":"anua-peach-77-niacin-conditioning-milk","status":"publish","type":"product","link":"https:\/\/purecosmetics-shop.com\/accueil\/produit\/anua-peach-77-niacin-conditioning-milk\/","title":{"rendered":"PEACH 77 NIACIN CONDITIONING MILK"},"content":{"rendered":"<p>D\u00e9couvrez la lotion laiteuse de Anua, un produit con\u00e7u pour hydrater votre peau en profondeur. Gr\u00e2ce \u00e0 sa formulation unique \u00e0 base de 77 % d&rsquo;extrait de fruit de prunus persica (p\u00eache), elle p\u00e9n\u00e8tre rapidement sans laisser de film gras.<\/p>\n<ul>\n<li>Ingr\u00e9dients Nourrissants :<\/li>\n<\/ul>\n<p>Enrichie en c\u00e9ramide et en trois types d&rsquo;acides hyaluroniques, cette lotion adoucit la peau tout en renfor\u00e7ant son \u00e9quilibre en eau. La combinaison de ces ingr\u00e9dients garantit une texture douce et soyeuse.<\/p>\n<ul>\n<li>\u00c9clat Naturel :<\/li>\n<\/ul>\n<p>Ajout\u00e9e \u00e0 des vitamines comme la B12 et du niacinamide, elle donne \u00e0 votre peau un teint lumineux et sain. Convient \u00e0 tous les types de peaux, m\u00eame les plus sensibles, cette lotion est un essentiel pour votre routine de soin.<\/p>\n","protected":false},"excerpt":{"rendered":"<p>Cette lotion laiteuse de Anua hydrate la peau en profondeur sans la rendre grasse.<br \/>\nFormul\u00e9e avec 77 % d\u2019extrait de fruit de Prunus Persica (p\u00eache), de c\u00e9ramide et trois types d\u2019acides hyaluroniques, elle adoucit la peau et renforce son \u00e9quilibre en eau.<br \/>\nLa vitamine B12 et le niacinamide donnent \u00e0 la peau un teint lumineux et sain.<\/p>\n","protected":false},"featured_media":1467,"comment_status":"open","ping_status":"closed","template":"","meta":[],"product_brand":[155],"product_cat":[110,112,116,117,118,119],"product_tag":[],"class_list":{"0":"post-1366","1":"product","2":"type-product","3":"status-publish","4":"has-post-thumbnail","6":"product_brand-anua","7":"product_cat-anti-tache-et-hyperpigmentation","8":"product_cat-hydratation","9":"product_cat-peau-mixte","10":"product_cat-peau-normale","11":"product_cat-peau-seche","12":"product_cat-peau-sensible","14":"first","15":"outofstock","16":"shipping-taxable","17":"product-type-simple"},"yoast_head":"<!-- This site is optimized with the Yoast SEO plugin v27.4 - https:\/\/yoast.com\/product\/yoast-seo-wordpress\/ -->\n<title>PEACH 77 NIACIN CONDITIONING MILK - Pure Cosmetics<\/title>\n<meta name=\"robots\" content=\"index, follow, max-snippet:-1, max-image-preview:large, max-video-preview:-1\" \/>\n<link rel=\"canonical\" href=\"https:\/\/purecosmetics-shop.com\/accueil\/produit\/anua-peach-77-niacin-conditioning-milk\/\" \/>\n<meta property=\"og:locale\" content=\"fr_FR\" \/>\n<meta property=\"og:type\" content=\"article\" \/>\n<meta property=\"og:title\" content=\"PEACH 77 NIACIN CONDITIONING MILK - Pure Cosmetics\" \/>\n<meta property=\"og:description\" content=\"Cette lotion laiteuse de Anua hydrate la peau en profondeur sans la rendre grasse. Formul\u00e9e avec 77 % d\u2019extrait de fruit de Prunus Persica (p\u00eache), de c\u00e9ramide et trois types d\u2019acides hyaluroniques, elle adoucit la peau et renforce son \u00e9quilibre en eau. La vitamine B12 et le niacinamide donnent \u00e0 la peau un teint lumineux et sain.\" \/>\n<meta property=\"og:url\" content=\"https:\/\/purecosmetics-shop.com\/accueil\/produit\/anua-peach-77-niacin-conditioning-milk\/\" \/>\n<meta property=\"og:site_name\" content=\"Pure Cosmetics\" \/>\n<meta property=\"article:modified_time\" content=\"2025-03-28T21:53:44+00:00\" \/>\n<meta property=\"og:image\" content=\"https:\/\/purecosmetics-shop.com\/wp-content\/uploads\/2024\/10\/Peach-77-Niacin-Conditioning-Milk.webp\" \/>\n\t<meta property=\"og:image:width\" content=\"800\" \/>\n\t<meta property=\"og:image:height\" content=\"800\" \/>\n\t<meta property=\"og:image:type\" content=\"image\/webp\" \/>\n<meta name=\"twitter:card\" content=\"summary_large_image\" \/>\n<meta name=\"twitter:label1\" content=\"Dur\u00e9e de lecture estim\u00e9e\" \/>\n\t<meta name=\"twitter:data1\" content=\"1 minute\" \/>\n<script type=\"application\/ld+json\" class=\"yoast-schema-graph\">{\"@context\":\"https:\\\/\\\/schema.org\",\"@graph\":[{\"@type\":\"WebPage\",\"@id\":\"https:\\\/\\\/purecosmetics-shop.com\\\/accueil\\\/produit\\\/anua-peach-77-niacin-conditioning-milk\\\/\",\"url\":\"https:\\\/\\\/purecosmetics-shop.com\\\/accueil\\\/produit\\\/anua-peach-77-niacin-conditioning-milk\\\/\",\"name\":\"PEACH 77 NIACIN CONDITIONING MILK - Pure Cosmetics\",\"isPartOf\":{\"@id\":\"https:\\\/\\\/purecosmetics-shop.com\\\/accueil\\\/#website\"},\"primaryImageOfPage\":{\"@id\":\"https:\\\/\\\/purecosmetics-shop.com\\\/accueil\\\/produit\\\/anua-peach-77-niacin-conditioning-milk\\\/#primaryimage\"},\"image\":{\"@id\":\"https:\\\/\\\/purecosmetics-shop.com\\\/accueil\\\/produit\\\/anua-peach-77-niacin-conditioning-milk\\\/#primaryimage\"},\"thumbnailUrl\":\"https:\\\/\\\/purecosmetics-shop.com\\\/wp-content\\\/uploads\\\/2024\\\/10\\\/Peach-77-Niacin-Conditioning-Milk.webp\",\"datePublished\":\"2024-10-16T17:13:06+00:00\",\"dateModified\":\"2025-03-28T21:53:44+00:00\",\"breadcrumb\":{\"@id\":\"https:\\\/\\\/purecosmetics-shop.com\\\/accueil\\\/produit\\\/anua-peach-77-niacin-conditioning-milk\\\/#breadcrumb\"},\"inLanguage\":\"fr-FR\",\"potentialAction\":[{\"@type\":\"ReadAction\",\"target\":[\"https:\\\/\\\/purecosmetics-shop.com\\\/accueil\\\/produit\\\/anua-peach-77-niacin-conditioning-milk\\\/\"]}]},{\"@type\":\"ImageObject\",\"inLanguage\":\"fr-FR\",\"@id\":\"https:\\\/\\\/purecosmetics-shop.com\\\/accueil\\\/produit\\\/anua-peach-77-niacin-conditioning-milk\\\/#primaryimage\",\"url\":\"https:\\\/\\\/purecosmetics-shop.com\\\/wp-content\\\/uploads\\\/2024\\\/10\\\/Peach-77-Niacin-Conditioning-Milk.webp\",\"contentUrl\":\"https:\\\/\\\/purecosmetics-shop.com\\\/wp-content\\\/uploads\\\/2024\\\/10\\\/Peach-77-Niacin-Conditioning-Milk.webp\",\"width\":800,\"height\":800},{\"@type\":\"BreadcrumbList\",\"@id\":\"https:\\\/\\\/purecosmetics-shop.com\\\/accueil\\\/produit\\\/anua-peach-77-niacin-conditioning-milk\\\/#breadcrumb\",\"itemListElement\":[{\"@type\":\"ListItem\",\"position\":1,\"name\":\"Accueil\",\"item\":\"https:\\\/\\\/purecosmetics-shop.com\\\/accueil\\\/\"},{\"@type\":\"ListItem\",\"position\":2,\"name\":\"NOUVEAUT\u00c9S\",\"item\":\"https:\\\/\\\/purecosmetics-shop.com\\\/accueil\\\/nouveautes\\\/\"},{\"@type\":\"ListItem\",\"position\":3,\"name\":\"PEACH 77 NIACIN CONDITIONING MILK\"}]},{\"@type\":\"WebSite\",\"@id\":\"https:\\\/\\\/purecosmetics-shop.com\\\/accueil\\\/#website\",\"url\":\"https:\\\/\\\/purecosmetics-shop.com\\\/accueil\\\/\",\"name\":\"Pure Cosmetics\",\"description\":\"Skincare cor\u00e9enne et japonais\",\"publisher\":{\"@id\":\"https:\\\/\\\/purecosmetics-shop.com\\\/accueil\\\/#organization\"},\"potentialAction\":[{\"@type\":\"SearchAction\",\"target\":{\"@type\":\"EntryPoint\",\"urlTemplate\":\"https:\\\/\\\/purecosmetics-shop.com\\\/accueil\\\/?s={search_term_string}\"},\"query-input\":{\"@type\":\"PropertyValueSpecification\",\"valueRequired\":true,\"valueName\":\"search_term_string\"}}],\"inLanguage\":\"fr-FR\"},{\"@type\":\"Organization\",\"@id\":\"https:\\\/\\\/purecosmetics-shop.com\\\/accueil\\\/#organization\",\"name\":\"Pure Cosmetics\",\"url\":\"https:\\\/\\\/purecosmetics-shop.com\\\/accueil\\\/\",\"logo\":{\"@type\":\"ImageObject\",\"inLanguage\":\"fr-FR\",\"@id\":\"https:\\\/\\\/purecosmetics-shop.com\\\/accueil\\\/#\\\/schema\\\/logo\\\/image\\\/\",\"url\":\"https:\\\/\\\/purecosmetics-shop.com\\\/wp-content\\\/uploads\\\/2025\\\/04\\\/cropped-Pure-Cosmetics-black-2.png\",\"contentUrl\":\"https:\\\/\\\/purecosmetics-shop.com\\\/wp-content\\\/uploads\\\/2025\\\/04\\\/cropped-Pure-Cosmetics-black-2.png\",\"width\":2362,\"height\":2324,\"caption\":\"Pure Cosmetics\"},\"image\":{\"@id\":\"https:\\\/\\\/purecosmetics-shop.com\\\/accueil\\\/#\\\/schema\\\/logo\\\/image\\\/\"}}]}<\/script>\n<!-- \/ Yoast SEO plugin. -->","yoast_head_json":{"title":"PEACH 77 NIACIN CONDITIONING MILK - Pure Cosmetics","robots":{"index":"index","follow":"follow","max-snippet":"max-snippet:-1","max-image-preview":"max-image-preview:large","max-video-preview":"max-video-preview:-1"},"canonical":"https:\/\/purecosmetics-shop.com\/accueil\/produit\/anua-peach-77-niacin-conditioning-milk\/","og_locale":"fr_FR","og_type":"article","og_title":"PEACH 77 NIACIN CONDITIONING MILK - Pure Cosmetics","og_description":"Cette lotion laiteuse de Anua hydrate la peau en profondeur sans la rendre grasse. Formul\u00e9e avec 77 % d\u2019extrait de fruit de Prunus Persica (p\u00eache), de c\u00e9ramide et trois types d\u2019acides hyaluroniques, elle adoucit la peau et renforce son \u00e9quilibre en eau. La vitamine B12 et le niacinamide donnent \u00e0 la peau un teint lumineux et sain.","og_url":"https:\/\/purecosmetics-shop.com\/accueil\/produit\/anua-peach-77-niacin-conditioning-milk\/","og_site_name":"Pure Cosmetics","article_modified_time":"2025-03-28T21:53:44+00:00","og_image":[{"width":800,"height":800,"url":"https:\/\/purecosmetics-shop.com\/wp-content\/uploads\/2024\/10\/Peach-77-Niacin-Conditioning-Milk.webp","type":"image\/webp"}],"twitter_card":"summary_large_image","twitter_misc":{"Dur\u00e9e de lecture estim\u00e9e":"1 minute"},"schema":{"@context":"https:\/\/schema.org","@graph":[{"@type":"WebPage","@id":"https:\/\/purecosmetics-shop.com\/accueil\/produit\/anua-peach-77-niacin-conditioning-milk\/","url":"https:\/\/purecosmetics-shop.com\/accueil\/produit\/anua-peach-77-niacin-conditioning-milk\/","name":"PEACH 77 NIACIN CONDITIONING MILK - Pure Cosmetics","isPartOf":{"@id":"https:\/\/purecosmetics-shop.com\/accueil\/#website"},"primaryImageOfPage":{"@id":"https:\/\/purecosmetics-shop.com\/accueil\/produit\/anua-peach-77-niacin-conditioning-milk\/#primaryimage"},"image":{"@id":"https:\/\/purecosmetics-shop.com\/accueil\/produit\/anua-peach-77-niacin-conditioning-milk\/#primaryimage"},"thumbnailUrl":"https:\/\/purecosmetics-shop.com\/wp-content\/uploads\/2024\/10\/Peach-77-Niacin-Conditioning-Milk.webp","datePublished":"2024-10-16T17:13:06+00:00","dateModified":"2025-03-28T21:53:44+00:00","breadcrumb":{"@id":"https:\/\/purecosmetics-shop.com\/accueil\/produit\/anua-peach-77-niacin-conditioning-milk\/#breadcrumb"},"inLanguage":"fr-FR","potentialAction":[{"@type":"ReadAction","target":["https:\/\/purecosmetics-shop.com\/accueil\/produit\/anua-peach-77-niacin-conditioning-milk\/"]}]},{"@type":"ImageObject","inLanguage":"fr-FR","@id":"https:\/\/purecosmetics-shop.com\/accueil\/produit\/anua-peach-77-niacin-conditioning-milk\/#primaryimage","url":"https:\/\/purecosmetics-shop.com\/wp-content\/uploads\/2024\/10\/Peach-77-Niacin-Conditioning-Milk.webp","contentUrl":"https:\/\/purecosmetics-shop.com\/wp-content\/uploads\/2024\/10\/Peach-77-Niacin-Conditioning-Milk.webp","width":800,"height":800},{"@type":"BreadcrumbList","@id":"https:\/\/purecosmetics-shop.com\/accueil\/produit\/anua-peach-77-niacin-conditioning-milk\/#breadcrumb","itemListElement":[{"@type":"ListItem","position":1,"name":"Accueil","item":"https:\/\/purecosmetics-shop.com\/accueil\/"},{"@type":"ListItem","position":2,"name":"NOUVEAUT\u00c9S","item":"https:\/\/purecosmetics-shop.com\/accueil\/nouveautes\/"},{"@type":"ListItem","position":3,"name":"PEACH 77 NIACIN CONDITIONING MILK"}]},{"@type":"WebSite","@id":"https:\/\/purecosmetics-shop.com\/accueil\/#website","url":"https:\/\/purecosmetics-shop.com\/accueil\/","name":"Pure Cosmetics","description":"Skincare cor\u00e9enne et japonais","publisher":{"@id":"https:\/\/purecosmetics-shop.com\/accueil\/#organization"},"potentialAction":[{"@type":"SearchAction","target":{"@type":"EntryPoint","urlTemplate":"https:\/\/purecosmetics-shop.com\/accueil\/?s={search_term_string}"},"query-input":{"@type":"PropertyValueSpecification","valueRequired":true,"valueName":"search_term_string"}}],"inLanguage":"fr-FR"},{"@type":"Organization","@id":"https:\/\/purecosmetics-shop.com\/accueil\/#organization","name":"Pure Cosmetics","url":"https:\/\/purecosmetics-shop.com\/accueil\/","logo":{"@type":"ImageObject","inLanguage":"fr-FR","@id":"https:\/\/purecosmetics-shop.com\/accueil\/#\/schema\/logo\/image\/","url":"https:\/\/purecosmetics-shop.com\/wp-content\/uploads\/2025\/04\/cropped-Pure-Cosmetics-black-2.png","contentUrl":"https:\/\/purecosmetics-shop.com\/wp-content\/uploads\/2025\/04\/cropped-Pure-Cosmetics-black-2.png","width":2362,"height":2324,"caption":"Pure Cosmetics"},"image":{"@id":"https:\/\/purecosmetics-shop.com\/accueil\/#\/schema\/logo\/image\/"}}]}},"jetpack_sharing_enabled":true,"_links":{"self":[{"href":"https:\/\/purecosmetics-shop.com\/accueil\/wp-json\/wp\/v2\/product\/1366","targetHints":{"allow":["GET"]}}],"collection":[{"href":"https:\/\/purecosmetics-shop.com\/accueil\/wp-json\/wp\/v2\/product"}],"about":[{"href":"https:\/\/purecosmetics-shop.com\/accueil\/wp-json\/wp\/v2\/types\/product"}],"replies":[{"embeddable":true,"href":"https:\/\/purecosmetics-shop.com\/accueil\/wp-json\/wp\/v2\/comments?post=1366"}],"version-history":[{"count":4,"href":"https:\/\/purecosmetics-shop.com\/accueil\/wp-json\/wp\/v2\/product\/1366\/revisions"}],"predecessor-version":[{"id":1466,"href":"https:\/\/purecosmetics-shop.com\/accueil\/wp-json\/wp\/v2\/product\/1366\/revisions\/1466"}],"wp:featuredmedia":[{"embeddable":true,"href":"https:\/\/purecosmetics-shop.com\/accueil\/wp-json\/wp\/v2\/media\/1467"}],"wp:attachment":[{"href":"https:\/\/purecosmetics-shop.com\/accueil\/wp-json\/wp\/v2\/media?parent=1366"}],"wp:term":[{"taxonomy":"product_brand","embeddable":true,"href":"https:\/\/purecosmetics-shop.com\/accueil\/wp-json\/wp\/v2\/product_brand?post=1366"},{"taxonomy":"product_cat","embeddable":true,"href":"https:\/\/purecosmetics-shop.com\/accueil\/wp-json\/wp\/v2\/product_cat?post=1366"},{"taxonomy":"product_tag","embeddable":true,"href":"https:\/\/purecosmetics-shop.com\/accueil\/wp-json\/wp\/v2\/product_tag?post=1366"}],"curies":[{"name":"wp","href":"https:\/\/api.w.org\/{rel}","templated":true}]}}