{"id":1365,"date":"2024-10-16T13:13:06","date_gmt":"2024-10-16T17:13:06","guid":{"rendered":"https:\/\/purecosmetics-shop.com\/accueil\/produit\/anua-peach-70-niacin-serum-mask\/"},"modified":"2025-03-28T17:53:44","modified_gmt":"2025-03-28T21:53:44","slug":"anua-peach-70-niacin-serum-mask","status":"publish","type":"product","link":"https:\/\/purecosmetics-shop.com\/accueil\/produit\/anua-peach-70-niacin-serum-mask\/","title":{"rendered":"PEACH 70 NIACIN SERUM MASK"},"content":{"rendered":"<ul>\n<li>Un Rituel de Soin Rajeunissant :<\/li>\n<\/ul>\n<p>Le masque tissu <strong>peach 70% niacin serum mask Anua<\/strong> est un incontournable pour ceux qui cherchent une peau \u00e9clatante. Infus\u00e9 avec 70 % d&rsquo;extrait de prunus persica et de niacinamide, ce masque offre un m\u00e9lange unique d&rsquo;effets \u00e9claircissants et nourrissants.<\/p>\n<ul>\n<li>Hydratation Intense pour Tous les Types de Peau :<\/li>\n<\/ul>\n<p>Ce masque est dot\u00e9 d&rsquo;une combinaison puissante de vitamine B12, d&rsquo;acide hyaluronique et d&rsquo;extrait de ferment de levure. Ensemble, ces ingr\u00e9dients d\u00e9salt\u00e8rent les peaux les plus s\u00e8ches et leur donnent une nouvelle vitalit\u00e9.<\/p>\n<ul>\n<li>Un Moment de Luxe \u00e0 Domicile :<\/li>\n<\/ul>\n<p>Profitez d&rsquo;une exp\u00e9rience exceptionnelle avec une absorption rapide et douce, sans irritation. Le <strong>peach 70 niacin serum mask<\/strong> vous permet de vivre un moment de spa \u00e0 la maison, r\u00e9v\u00e9lant une peau radieuse et revitalis\u00e9e,.<\/p>\n","protected":false},"excerpt":{"rendered":"<p>Masque tissu luxueux infus\u00e9 des bienfaits de la nature (70 % d&rsquo;extrait de Prunus Persica (p\u00eache) et de niacinamide), offrant une synergie d&rsquo;effets \u00e9claircissants, lissants et nourrissants \u00e0 ta peau.<br \/>\nCe masque s\u00e9rum est un v\u00e9ritable champion de l&rsquo;hydratation, avec de la vitamine B12, de l&rsquo;acide hyaluronique et de l&rsquo;extrait de ferment de levure pour d\u00e9salt\u00e9rer m\u00eame les peaux les plus s\u00e8ches et leur insuffler une nouvelle vitalit\u00e9.<\/p>\n","protected":false},"featured_media":1408,"comment_status":"open","ping_status":"closed","template":"","meta":[],"product_brand":[155],"product_cat":[110,112,23,115,116,117,118,119],"product_tag":[],"class_list":{"0":"post-1365","1":"product","2":"type-product","3":"status-publish","4":"has-post-thumbnail","6":"product_brand-anua","7":"product_cat-anti-tache-et-hyperpigmentation","8":"product_cat-hydratation","9":"product_cat-masque","10":"product_cat-peau-grasse","11":"product_cat-peau-mixte","12":"product_cat-peau-normale","13":"product_cat-peau-seche","14":"product_cat-peau-sensible","16":"first","17":"outofstock","18":"shipping-taxable","19":"product-type-simple"},"yoast_head":"<!-- This site is optimized with the Yoast SEO plugin v27.4 - https:\/\/yoast.com\/product\/yoast-seo-wordpress\/ -->\n<title>PEACH 70 NIACIN SERUM MASK - Pure Cosmetics<\/title>\n<meta name=\"robots\" content=\"index, follow, max-snippet:-1, max-image-preview:large, max-video-preview:-1\" \/>\n<link rel=\"canonical\" href=\"https:\/\/purecosmetics-shop.com\/accueil\/produit\/anua-peach-70-niacin-serum-mask\/\" \/>\n<meta property=\"og:locale\" content=\"fr_FR\" \/>\n<meta property=\"og:type\" content=\"article\" \/>\n<meta property=\"og:title\" content=\"PEACH 70 NIACIN SERUM MASK - Pure Cosmetics\" \/>\n<meta property=\"og:description\" content=\"Masque tissu luxueux infus\u00e9 des bienfaits de la nature (70 % d&#039;extrait de Prunus Persica (p\u00eache) et de niacinamide), offrant une synergie d&#039;effets \u00e9claircissants, lissants et nourrissants \u00e0 ta peau. Ce masque s\u00e9rum est un v\u00e9ritable champion de l&#039;hydratation, avec de la vitamine B12, de l&#039;acide hyaluronique et de l&#039;extrait de ferment de levure pour d\u00e9salt\u00e9rer m\u00eame les peaux les plus s\u00e8ches et leur insuffler une nouvelle vitalit\u00e9.\" \/>\n<meta property=\"og:url\" content=\"https:\/\/purecosmetics-shop.com\/accueil\/produit\/anua-peach-70-niacin-serum-mask\/\" \/>\n<meta property=\"og:site_name\" content=\"Pure Cosmetics\" \/>\n<meta property=\"article:modified_time\" content=\"2025-03-28T21:53:44+00:00\" \/>\n<meta property=\"og:image\" content=\"https:\/\/purecosmetics-shop.com\/wp-content\/uploads\/2024\/10\/Peach-70-Niacin-Serum-mask.webp\" \/>\n\t<meta property=\"og:image:width\" content=\"800\" \/>\n\t<meta property=\"og:image:height\" content=\"800\" \/>\n\t<meta property=\"og:image:type\" content=\"image\/webp\" \/>\n<meta name=\"twitter:card\" content=\"summary_large_image\" \/>\n<meta name=\"twitter:label1\" content=\"Dur\u00e9e de lecture estim\u00e9e\" \/>\n\t<meta name=\"twitter:data1\" content=\"1 minute\" \/>\n<script type=\"application\/ld+json\" class=\"yoast-schema-graph\">{\"@context\":\"https:\\\/\\\/schema.org\",\"@graph\":[{\"@type\":\"WebPage\",\"@id\":\"https:\\\/\\\/purecosmetics-shop.com\\\/accueil\\\/produit\\\/anua-peach-70-niacin-serum-mask\\\/\",\"url\":\"https:\\\/\\\/purecosmetics-shop.com\\\/accueil\\\/produit\\\/anua-peach-70-niacin-serum-mask\\\/\",\"name\":\"PEACH 70 NIACIN SERUM MASK - Pure Cosmetics\",\"isPartOf\":{\"@id\":\"https:\\\/\\\/purecosmetics-shop.com\\\/accueil\\\/#website\"},\"primaryImageOfPage\":{\"@id\":\"https:\\\/\\\/purecosmetics-shop.com\\\/accueil\\\/produit\\\/anua-peach-70-niacin-serum-mask\\\/#primaryimage\"},\"image\":{\"@id\":\"https:\\\/\\\/purecosmetics-shop.com\\\/accueil\\\/produit\\\/anua-peach-70-niacin-serum-mask\\\/#primaryimage\"},\"thumbnailUrl\":\"https:\\\/\\\/purecosmetics-shop.com\\\/wp-content\\\/uploads\\\/2024\\\/10\\\/Peach-70-Niacin-Serum-mask.webp\",\"datePublished\":\"2024-10-16T17:13:06+00:00\",\"dateModified\":\"2025-03-28T21:53:44+00:00\",\"breadcrumb\":{\"@id\":\"https:\\\/\\\/purecosmetics-shop.com\\\/accueil\\\/produit\\\/anua-peach-70-niacin-serum-mask\\\/#breadcrumb\"},\"inLanguage\":\"fr-FR\",\"potentialAction\":[{\"@type\":\"ReadAction\",\"target\":[\"https:\\\/\\\/purecosmetics-shop.com\\\/accueil\\\/produit\\\/anua-peach-70-niacin-serum-mask\\\/\"]}]},{\"@type\":\"ImageObject\",\"inLanguage\":\"fr-FR\",\"@id\":\"https:\\\/\\\/purecosmetics-shop.com\\\/accueil\\\/produit\\\/anua-peach-70-niacin-serum-mask\\\/#primaryimage\",\"url\":\"https:\\\/\\\/purecosmetics-shop.com\\\/wp-content\\\/uploads\\\/2024\\\/10\\\/Peach-70-Niacin-Serum-mask.webp\",\"contentUrl\":\"https:\\\/\\\/purecosmetics-shop.com\\\/wp-content\\\/uploads\\\/2024\\\/10\\\/Peach-70-Niacin-Serum-mask.webp\",\"width\":800,\"height\":800},{\"@type\":\"BreadcrumbList\",\"@id\":\"https:\\\/\\\/purecosmetics-shop.com\\\/accueil\\\/produit\\\/anua-peach-70-niacin-serum-mask\\\/#breadcrumb\",\"itemListElement\":[{\"@type\":\"ListItem\",\"position\":1,\"name\":\"Accueil\",\"item\":\"https:\\\/\\\/purecosmetics-shop.com\\\/accueil\\\/\"},{\"@type\":\"ListItem\",\"position\":2,\"name\":\"NOUVEAUT\u00c9S\",\"item\":\"https:\\\/\\\/purecosmetics-shop.com\\\/accueil\\\/nouveautes\\\/\"},{\"@type\":\"ListItem\",\"position\":3,\"name\":\"PEACH 70 NIACIN SERUM MASK\"}]},{\"@type\":\"WebSite\",\"@id\":\"https:\\\/\\\/purecosmetics-shop.com\\\/accueil\\\/#website\",\"url\":\"https:\\\/\\\/purecosmetics-shop.com\\\/accueil\\\/\",\"name\":\"Pure Cosmetics\",\"description\":\"Skincare cor\u00e9enne et japonais\",\"publisher\":{\"@id\":\"https:\\\/\\\/purecosmetics-shop.com\\\/accueil\\\/#organization\"},\"potentialAction\":[{\"@type\":\"SearchAction\",\"target\":{\"@type\":\"EntryPoint\",\"urlTemplate\":\"https:\\\/\\\/purecosmetics-shop.com\\\/accueil\\\/?s={search_term_string}\"},\"query-input\":{\"@type\":\"PropertyValueSpecification\",\"valueRequired\":true,\"valueName\":\"search_term_string\"}}],\"inLanguage\":\"fr-FR\"},{\"@type\":\"Organization\",\"@id\":\"https:\\\/\\\/purecosmetics-shop.com\\\/accueil\\\/#organization\",\"name\":\"Pure Cosmetics\",\"url\":\"https:\\\/\\\/purecosmetics-shop.com\\\/accueil\\\/\",\"logo\":{\"@type\":\"ImageObject\",\"inLanguage\":\"fr-FR\",\"@id\":\"https:\\\/\\\/purecosmetics-shop.com\\\/accueil\\\/#\\\/schema\\\/logo\\\/image\\\/\",\"url\":\"https:\\\/\\\/purecosmetics-shop.com\\\/wp-content\\\/uploads\\\/2025\\\/04\\\/cropped-Pure-Cosmetics-black-2.png\",\"contentUrl\":\"https:\\\/\\\/purecosmetics-shop.com\\\/wp-content\\\/uploads\\\/2025\\\/04\\\/cropped-Pure-Cosmetics-black-2.png\",\"width\":2362,\"height\":2324,\"caption\":\"Pure Cosmetics\"},\"image\":{\"@id\":\"https:\\\/\\\/purecosmetics-shop.com\\\/accueil\\\/#\\\/schema\\\/logo\\\/image\\\/\"}}]}<\/script>\n<!-- \/ Yoast SEO plugin. -->","yoast_head_json":{"title":"PEACH 70 NIACIN SERUM MASK - Pure Cosmetics","robots":{"index":"index","follow":"follow","max-snippet":"max-snippet:-1","max-image-preview":"max-image-preview:large","max-video-preview":"max-video-preview:-1"},"canonical":"https:\/\/purecosmetics-shop.com\/accueil\/produit\/anua-peach-70-niacin-serum-mask\/","og_locale":"fr_FR","og_type":"article","og_title":"PEACH 70 NIACIN SERUM MASK - Pure Cosmetics","og_description":"Masque tissu luxueux infus\u00e9 des bienfaits de la nature (70 % d'extrait de Prunus Persica (p\u00eache) et de niacinamide), offrant une synergie d'effets \u00e9claircissants, lissants et nourrissants \u00e0 ta peau. Ce masque s\u00e9rum est un v\u00e9ritable champion de l'hydratation, avec de la vitamine B12, de l'acide hyaluronique et de l'extrait de ferment de levure pour d\u00e9salt\u00e9rer m\u00eame les peaux les plus s\u00e8ches et leur insuffler une nouvelle vitalit\u00e9.","og_url":"https:\/\/purecosmetics-shop.com\/accueil\/produit\/anua-peach-70-niacin-serum-mask\/","og_site_name":"Pure Cosmetics","article_modified_time":"2025-03-28T21:53:44+00:00","og_image":[{"width":800,"height":800,"url":"https:\/\/purecosmetics-shop.com\/wp-content\/uploads\/2024\/10\/Peach-70-Niacin-Serum-mask.webp","type":"image\/webp"}],"twitter_card":"summary_large_image","twitter_misc":{"Dur\u00e9e de lecture estim\u00e9e":"1 minute"},"schema":{"@context":"https:\/\/schema.org","@graph":[{"@type":"WebPage","@id":"https:\/\/purecosmetics-shop.com\/accueil\/produit\/anua-peach-70-niacin-serum-mask\/","url":"https:\/\/purecosmetics-shop.com\/accueil\/produit\/anua-peach-70-niacin-serum-mask\/","name":"PEACH 70 NIACIN SERUM MASK - Pure Cosmetics","isPartOf":{"@id":"https:\/\/purecosmetics-shop.com\/accueil\/#website"},"primaryImageOfPage":{"@id":"https:\/\/purecosmetics-shop.com\/accueil\/produit\/anua-peach-70-niacin-serum-mask\/#primaryimage"},"image":{"@id":"https:\/\/purecosmetics-shop.com\/accueil\/produit\/anua-peach-70-niacin-serum-mask\/#primaryimage"},"thumbnailUrl":"https:\/\/purecosmetics-shop.com\/wp-content\/uploads\/2024\/10\/Peach-70-Niacin-Serum-mask.webp","datePublished":"2024-10-16T17:13:06+00:00","dateModified":"2025-03-28T21:53:44+00:00","breadcrumb":{"@id":"https:\/\/purecosmetics-shop.com\/accueil\/produit\/anua-peach-70-niacin-serum-mask\/#breadcrumb"},"inLanguage":"fr-FR","potentialAction":[{"@type":"ReadAction","target":["https:\/\/purecosmetics-shop.com\/accueil\/produit\/anua-peach-70-niacin-serum-mask\/"]}]},{"@type":"ImageObject","inLanguage":"fr-FR","@id":"https:\/\/purecosmetics-shop.com\/accueil\/produit\/anua-peach-70-niacin-serum-mask\/#primaryimage","url":"https:\/\/purecosmetics-shop.com\/wp-content\/uploads\/2024\/10\/Peach-70-Niacin-Serum-mask.webp","contentUrl":"https:\/\/purecosmetics-shop.com\/wp-content\/uploads\/2024\/10\/Peach-70-Niacin-Serum-mask.webp","width":800,"height":800},{"@type":"BreadcrumbList","@id":"https:\/\/purecosmetics-shop.com\/accueil\/produit\/anua-peach-70-niacin-serum-mask\/#breadcrumb","itemListElement":[{"@type":"ListItem","position":1,"name":"Accueil","item":"https:\/\/purecosmetics-shop.com\/accueil\/"},{"@type":"ListItem","position":2,"name":"NOUVEAUT\u00c9S","item":"https:\/\/purecosmetics-shop.com\/accueil\/nouveautes\/"},{"@type":"ListItem","position":3,"name":"PEACH 70 NIACIN SERUM MASK"}]},{"@type":"WebSite","@id":"https:\/\/purecosmetics-shop.com\/accueil\/#website","url":"https:\/\/purecosmetics-shop.com\/accueil\/","name":"Pure Cosmetics","description":"Skincare cor\u00e9enne et japonais","publisher":{"@id":"https:\/\/purecosmetics-shop.com\/accueil\/#organization"},"potentialAction":[{"@type":"SearchAction","target":{"@type":"EntryPoint","urlTemplate":"https:\/\/purecosmetics-shop.com\/accueil\/?s={search_term_string}"},"query-input":{"@type":"PropertyValueSpecification","valueRequired":true,"valueName":"search_term_string"}}],"inLanguage":"fr-FR"},{"@type":"Organization","@id":"https:\/\/purecosmetics-shop.com\/accueil\/#organization","name":"Pure Cosmetics","url":"https:\/\/purecosmetics-shop.com\/accueil\/","logo":{"@type":"ImageObject","inLanguage":"fr-FR","@id":"https:\/\/purecosmetics-shop.com\/accueil\/#\/schema\/logo\/image\/","url":"https:\/\/purecosmetics-shop.com\/wp-content\/uploads\/2025\/04\/cropped-Pure-Cosmetics-black-2.png","contentUrl":"https:\/\/purecosmetics-shop.com\/wp-content\/uploads\/2025\/04\/cropped-Pure-Cosmetics-black-2.png","width":2362,"height":2324,"caption":"Pure Cosmetics"},"image":{"@id":"https:\/\/purecosmetics-shop.com\/accueil\/#\/schema\/logo\/image\/"}}]}},"jetpack_sharing_enabled":true,"_links":{"self":[{"href":"https:\/\/purecosmetics-shop.com\/accueil\/wp-json\/wp\/v2\/product\/1365","targetHints":{"allow":["GET"]}}],"collection":[{"href":"https:\/\/purecosmetics-shop.com\/accueil\/wp-json\/wp\/v2\/product"}],"about":[{"href":"https:\/\/purecosmetics-shop.com\/accueil\/wp-json\/wp\/v2\/types\/product"}],"replies":[{"embeddable":true,"href":"https:\/\/purecosmetics-shop.com\/accueil\/wp-json\/wp\/v2\/comments?post=1365"}],"version-history":[{"count":3,"href":"https:\/\/purecosmetics-shop.com\/accueil\/wp-json\/wp\/v2\/product\/1365\/revisions"}],"predecessor-version":[{"id":2603,"href":"https:\/\/purecosmetics-shop.com\/accueil\/wp-json\/wp\/v2\/product\/1365\/revisions\/2603"}],"wp:featuredmedia":[{"embeddable":true,"href":"https:\/\/purecosmetics-shop.com\/accueil\/wp-json\/wp\/v2\/media\/1408"}],"wp:attachment":[{"href":"https:\/\/purecosmetics-shop.com\/accueil\/wp-json\/wp\/v2\/media?parent=1365"}],"wp:term":[{"taxonomy":"product_brand","embeddable":true,"href":"https:\/\/purecosmetics-shop.com\/accueil\/wp-json\/wp\/v2\/product_brand?post=1365"},{"taxonomy":"product_cat","embeddable":true,"href":"https:\/\/purecosmetics-shop.com\/accueil\/wp-json\/wp\/v2\/product_cat?post=1365"},{"taxonomy":"product_tag","embeddable":true,"href":"https:\/\/purecosmetics-shop.com\/accueil\/wp-json\/wp\/v2\/product_tag?post=1365"}],"curies":[{"name":"wp","href":"https:\/\/api.w.org\/{rel}","templated":true}]}}