{"id":1364,"date":"2024-10-16T13:13:06","date_gmt":"2024-10-16T17:13:06","guid":{"rendered":"https:\/\/purecosmetics-shop.com\/accueil\/produit\/jumiso-all-day-vitamin-brighteningbalancing-facial-serum\/"},"modified":"2025-03-28T17:53:44","modified_gmt":"2025-03-28T21:53:44","slug":"jumiso-all-day-vitamin-brighteningbalancing-facial-serum","status":"publish","type":"product","link":"https:\/\/purecosmetics-shop.com\/accueil\/produit\/jumiso-all-day-vitamin-brighteningbalancing-facial-serum\/","title":{"rendered":"All day Vitamin Brightening &#038; Balancing Facial Serum"},"content":{"rendered":"<p>Le s\u00e9rum vitamin\u00e9 JUMISO est un s\u00e9rum non aqueux et hautement concentr\u00e9 pour \u00e9claircir.<\/p>\n<p>Pour tous les types de peau, gardez votre peau radieuse avec le s\u00e9rum vitamin\u00e9 quotidien.<\/p>\n<p>Il vous aide \u00e0 conserver un teint lumineux et \u00e0 avoir une peau saine et \u00e9quilibr\u00e9e.<\/p>\n<p>Il contient divers complexes de vitamines telles que A, B, D, E et K ainsi que de la vitamine C et de nombreux ingr\u00e9dients qui nourrissent la peau, contribuant \u00e0 l&rsquo;\u00e9claircissement, \u00e0 l&rsquo;apaisement et au soin de l&rsquo;\u00e9lasticit\u00e9 de la peau.<\/p>\n","protected":false},"excerpt":{"rendered":"<p>S\u00e9rum vegan qui permet d\u2019unifier le teint de la peau en lui donnant de l\u2019\u00e9clat, en r\u00e9duisant les taches pigmentaires, les cicatrices, les dommages caus\u00e9s par les agressions ext\u00e9rieurs.<br \/>\nCe s\u00e9rum contient de la vitamine C, de la niacinamide, de la Centella Asiatica pour une peau hydrat\u00e9e, rajeunie et apais\u00e9e. Les probl\u00e8mes d\u2019hyperpigmentation, de peau terne sont alors r\u00e9duits.<\/p>\n","protected":false},"featured_media":1699,"comment_status":"open","ping_status":"closed","template":"","meta":[],"product_brand":[175],"product_cat":[107,109,110,115,116,117,118,21],"product_tag":[],"class_list":{"0":"post-1364","1":"product","2":"type-product","3":"status-publish","4":"has-post-thumbnail","6":"product_brand-jumiso","7":"product_cat-anti-age-et-elasticite","8":"product_cat-anti-rougeurs-et-irritations","9":"product_cat-anti-tache-et-hyperpigmentation","10":"product_cat-peau-grasse","11":"product_cat-peau-mixte","12":"product_cat-peau-normale","13":"product_cat-peau-seche","14":"product_cat-serum","16":"first","17":"outofstock","18":"shipping-taxable","19":"product-type-simple"},"yoast_head":"<!-- This site is optimized with the Yoast SEO plugin v27.4 - https:\/\/yoast.com\/product\/yoast-seo-wordpress\/ -->\n<title>All day Vitamin Brightening &amp; Balancing Facial Serum - Pure Cosmetics<\/title>\n<meta name=\"robots\" content=\"index, follow, max-snippet:-1, max-image-preview:large, max-video-preview:-1\" \/>\n<link rel=\"canonical\" href=\"https:\/\/purecosmetics-shop.com\/accueil\/produit\/jumiso-all-day-vitamin-brighteningbalancing-facial-serum\/\" \/>\n<meta property=\"og:locale\" content=\"fr_FR\" \/>\n<meta property=\"og:type\" content=\"article\" \/>\n<meta property=\"og:title\" content=\"All day Vitamin Brightening &amp; Balancing Facial Serum - Pure Cosmetics\" \/>\n<meta property=\"og:description\" content=\"S\u00e9rum vegan qui permet d\u2019unifier le teint de la peau en lui donnant de l\u2019\u00e9clat, en r\u00e9duisant les taches pigmentaires, les cicatrices, les dommages caus\u00e9s par les agressions ext\u00e9rieurs. Ce s\u00e9rum contient de la vitamine C, de la niacinamide, de la Centella Asiatica pour une peau hydrat\u00e9e, rajeunie et apais\u00e9e. Les probl\u00e8mes d\u2019hyperpigmentation, de peau terne sont alors r\u00e9duits.\" \/>\n<meta property=\"og:url\" content=\"https:\/\/purecosmetics-shop.com\/accueil\/produit\/jumiso-all-day-vitamin-brighteningbalancing-facial-serum\/\" \/>\n<meta property=\"og:site_name\" content=\"Pure Cosmetics\" \/>\n<meta property=\"article:modified_time\" content=\"2025-03-28T21:53:44+00:00\" \/>\n<meta property=\"og:image\" content=\"https:\/\/purecosmetics-shop.com\/wp-content\/uploads\/2024\/10\/Jumiso-All-Day-Vitamin-Brightening-Balancing-Facial-Serum-.webp\" \/>\n\t<meta property=\"og:image:width\" content=\"800\" \/>\n\t<meta property=\"og:image:height\" content=\"800\" \/>\n\t<meta property=\"og:image:type\" content=\"image\/webp\" \/>\n<meta name=\"twitter:card\" content=\"summary_large_image\" \/>\n<meta name=\"twitter:label1\" content=\"Dur\u00e9e de lecture estim\u00e9e\" \/>\n\t<meta name=\"twitter:data1\" content=\"1 minute\" \/>\n<script type=\"application\/ld+json\" class=\"yoast-schema-graph\">{\"@context\":\"https:\\\/\\\/schema.org\",\"@graph\":[{\"@type\":\"WebPage\",\"@id\":\"https:\\\/\\\/purecosmetics-shop.com\\\/accueil\\\/produit\\\/jumiso-all-day-vitamin-brighteningbalancing-facial-serum\\\/\",\"url\":\"https:\\\/\\\/purecosmetics-shop.com\\\/accueil\\\/produit\\\/jumiso-all-day-vitamin-brighteningbalancing-facial-serum\\\/\",\"name\":\"All day Vitamin Brightening & Balancing Facial Serum - Pure Cosmetics\",\"isPartOf\":{\"@id\":\"https:\\\/\\\/purecosmetics-shop.com\\\/accueil\\\/#website\"},\"primaryImageOfPage\":{\"@id\":\"https:\\\/\\\/purecosmetics-shop.com\\\/accueil\\\/produit\\\/jumiso-all-day-vitamin-brighteningbalancing-facial-serum\\\/#primaryimage\"},\"image\":{\"@id\":\"https:\\\/\\\/purecosmetics-shop.com\\\/accueil\\\/produit\\\/jumiso-all-day-vitamin-brighteningbalancing-facial-serum\\\/#primaryimage\"},\"thumbnailUrl\":\"https:\\\/\\\/purecosmetics-shop.com\\\/wp-content\\\/uploads\\\/2024\\\/10\\\/Jumiso-All-Day-Vitamin-Brightening-Balancing-Facial-Serum-.webp\",\"datePublished\":\"2024-10-16T17:13:06+00:00\",\"dateModified\":\"2025-03-28T21:53:44+00:00\",\"breadcrumb\":{\"@id\":\"https:\\\/\\\/purecosmetics-shop.com\\\/accueil\\\/produit\\\/jumiso-all-day-vitamin-brighteningbalancing-facial-serum\\\/#breadcrumb\"},\"inLanguage\":\"fr-FR\",\"potentialAction\":[{\"@type\":\"ReadAction\",\"target\":[\"https:\\\/\\\/purecosmetics-shop.com\\\/accueil\\\/produit\\\/jumiso-all-day-vitamin-brighteningbalancing-facial-serum\\\/\"]}]},{\"@type\":\"ImageObject\",\"inLanguage\":\"fr-FR\",\"@id\":\"https:\\\/\\\/purecosmetics-shop.com\\\/accueil\\\/produit\\\/jumiso-all-day-vitamin-brighteningbalancing-facial-serum\\\/#primaryimage\",\"url\":\"https:\\\/\\\/purecosmetics-shop.com\\\/wp-content\\\/uploads\\\/2024\\\/10\\\/Jumiso-All-Day-Vitamin-Brightening-Balancing-Facial-Serum-.webp\",\"contentUrl\":\"https:\\\/\\\/purecosmetics-shop.com\\\/wp-content\\\/uploads\\\/2024\\\/10\\\/Jumiso-All-Day-Vitamin-Brightening-Balancing-Facial-Serum-.webp\",\"width\":800,\"height\":800},{\"@type\":\"BreadcrumbList\",\"@id\":\"https:\\\/\\\/purecosmetics-shop.com\\\/accueil\\\/produit\\\/jumiso-all-day-vitamin-brighteningbalancing-facial-serum\\\/#breadcrumb\",\"itemListElement\":[{\"@type\":\"ListItem\",\"position\":1,\"name\":\"Accueil\",\"item\":\"https:\\\/\\\/purecosmetics-shop.com\\\/accueil\\\/\"},{\"@type\":\"ListItem\",\"position\":2,\"name\":\"NOUVEAUT\u00c9S\",\"item\":\"https:\\\/\\\/purecosmetics-shop.com\\\/accueil\\\/nouveautes\\\/\"},{\"@type\":\"ListItem\",\"position\":3,\"name\":\"All day Vitamin Brightening &#038; Balancing Facial Serum\"}]},{\"@type\":\"WebSite\",\"@id\":\"https:\\\/\\\/purecosmetics-shop.com\\\/accueil\\\/#website\",\"url\":\"https:\\\/\\\/purecosmetics-shop.com\\\/accueil\\\/\",\"name\":\"Pure Cosmetics\",\"description\":\"Skincare cor\u00e9enne et japonais\",\"publisher\":{\"@id\":\"https:\\\/\\\/purecosmetics-shop.com\\\/accueil\\\/#organization\"},\"potentialAction\":[{\"@type\":\"SearchAction\",\"target\":{\"@type\":\"EntryPoint\",\"urlTemplate\":\"https:\\\/\\\/purecosmetics-shop.com\\\/accueil\\\/?s={search_term_string}\"},\"query-input\":{\"@type\":\"PropertyValueSpecification\",\"valueRequired\":true,\"valueName\":\"search_term_string\"}}],\"inLanguage\":\"fr-FR\"},{\"@type\":\"Organization\",\"@id\":\"https:\\\/\\\/purecosmetics-shop.com\\\/accueil\\\/#organization\",\"name\":\"Pure Cosmetics\",\"url\":\"https:\\\/\\\/purecosmetics-shop.com\\\/accueil\\\/\",\"logo\":{\"@type\":\"ImageObject\",\"inLanguage\":\"fr-FR\",\"@id\":\"https:\\\/\\\/purecosmetics-shop.com\\\/accueil\\\/#\\\/schema\\\/logo\\\/image\\\/\",\"url\":\"https:\\\/\\\/purecosmetics-shop.com\\\/wp-content\\\/uploads\\\/2025\\\/04\\\/cropped-Pure-Cosmetics-black-2.png\",\"contentUrl\":\"https:\\\/\\\/purecosmetics-shop.com\\\/wp-content\\\/uploads\\\/2025\\\/04\\\/cropped-Pure-Cosmetics-black-2.png\",\"width\":2362,\"height\":2324,\"caption\":\"Pure Cosmetics\"},\"image\":{\"@id\":\"https:\\\/\\\/purecosmetics-shop.com\\\/accueil\\\/#\\\/schema\\\/logo\\\/image\\\/\"}}]}<\/script>\n<!-- \/ Yoast SEO plugin. -->","yoast_head_json":{"title":"All day Vitamin Brightening & Balancing Facial Serum - Pure Cosmetics","robots":{"index":"index","follow":"follow","max-snippet":"max-snippet:-1","max-image-preview":"max-image-preview:large","max-video-preview":"max-video-preview:-1"},"canonical":"https:\/\/purecosmetics-shop.com\/accueil\/produit\/jumiso-all-day-vitamin-brighteningbalancing-facial-serum\/","og_locale":"fr_FR","og_type":"article","og_title":"All day Vitamin Brightening & Balancing Facial Serum - Pure Cosmetics","og_description":"S\u00e9rum vegan qui permet d\u2019unifier le teint de la peau en lui donnant de l\u2019\u00e9clat, en r\u00e9duisant les taches pigmentaires, les cicatrices, les dommages caus\u00e9s par les agressions ext\u00e9rieurs. Ce s\u00e9rum contient de la vitamine C, de la niacinamide, de la Centella Asiatica pour une peau hydrat\u00e9e, rajeunie et apais\u00e9e. Les probl\u00e8mes d\u2019hyperpigmentation, de peau terne sont alors r\u00e9duits.","og_url":"https:\/\/purecosmetics-shop.com\/accueil\/produit\/jumiso-all-day-vitamin-brighteningbalancing-facial-serum\/","og_site_name":"Pure Cosmetics","article_modified_time":"2025-03-28T21:53:44+00:00","og_image":[{"width":800,"height":800,"url":"https:\/\/purecosmetics-shop.com\/wp-content\/uploads\/2024\/10\/Jumiso-All-Day-Vitamin-Brightening-Balancing-Facial-Serum-.webp","type":"image\/webp"}],"twitter_card":"summary_large_image","twitter_misc":{"Dur\u00e9e de lecture estim\u00e9e":"1 minute"},"schema":{"@context":"https:\/\/schema.org","@graph":[{"@type":"WebPage","@id":"https:\/\/purecosmetics-shop.com\/accueil\/produit\/jumiso-all-day-vitamin-brighteningbalancing-facial-serum\/","url":"https:\/\/purecosmetics-shop.com\/accueil\/produit\/jumiso-all-day-vitamin-brighteningbalancing-facial-serum\/","name":"All day Vitamin Brightening & Balancing Facial Serum - Pure Cosmetics","isPartOf":{"@id":"https:\/\/purecosmetics-shop.com\/accueil\/#website"},"primaryImageOfPage":{"@id":"https:\/\/purecosmetics-shop.com\/accueil\/produit\/jumiso-all-day-vitamin-brighteningbalancing-facial-serum\/#primaryimage"},"image":{"@id":"https:\/\/purecosmetics-shop.com\/accueil\/produit\/jumiso-all-day-vitamin-brighteningbalancing-facial-serum\/#primaryimage"},"thumbnailUrl":"https:\/\/purecosmetics-shop.com\/wp-content\/uploads\/2024\/10\/Jumiso-All-Day-Vitamin-Brightening-Balancing-Facial-Serum-.webp","datePublished":"2024-10-16T17:13:06+00:00","dateModified":"2025-03-28T21:53:44+00:00","breadcrumb":{"@id":"https:\/\/purecosmetics-shop.com\/accueil\/produit\/jumiso-all-day-vitamin-brighteningbalancing-facial-serum\/#breadcrumb"},"inLanguage":"fr-FR","potentialAction":[{"@type":"ReadAction","target":["https:\/\/purecosmetics-shop.com\/accueil\/produit\/jumiso-all-day-vitamin-brighteningbalancing-facial-serum\/"]}]},{"@type":"ImageObject","inLanguage":"fr-FR","@id":"https:\/\/purecosmetics-shop.com\/accueil\/produit\/jumiso-all-day-vitamin-brighteningbalancing-facial-serum\/#primaryimage","url":"https:\/\/purecosmetics-shop.com\/wp-content\/uploads\/2024\/10\/Jumiso-All-Day-Vitamin-Brightening-Balancing-Facial-Serum-.webp","contentUrl":"https:\/\/purecosmetics-shop.com\/wp-content\/uploads\/2024\/10\/Jumiso-All-Day-Vitamin-Brightening-Balancing-Facial-Serum-.webp","width":800,"height":800},{"@type":"BreadcrumbList","@id":"https:\/\/purecosmetics-shop.com\/accueil\/produit\/jumiso-all-day-vitamin-brighteningbalancing-facial-serum\/#breadcrumb","itemListElement":[{"@type":"ListItem","position":1,"name":"Accueil","item":"https:\/\/purecosmetics-shop.com\/accueil\/"},{"@type":"ListItem","position":2,"name":"NOUVEAUT\u00c9S","item":"https:\/\/purecosmetics-shop.com\/accueil\/nouveautes\/"},{"@type":"ListItem","position":3,"name":"All day Vitamin Brightening &#038; Balancing Facial Serum"}]},{"@type":"WebSite","@id":"https:\/\/purecosmetics-shop.com\/accueil\/#website","url":"https:\/\/purecosmetics-shop.com\/accueil\/","name":"Pure Cosmetics","description":"Skincare cor\u00e9enne et japonais","publisher":{"@id":"https:\/\/purecosmetics-shop.com\/accueil\/#organization"},"potentialAction":[{"@type":"SearchAction","target":{"@type":"EntryPoint","urlTemplate":"https:\/\/purecosmetics-shop.com\/accueil\/?s={search_term_string}"},"query-input":{"@type":"PropertyValueSpecification","valueRequired":true,"valueName":"search_term_string"}}],"inLanguage":"fr-FR"},{"@type":"Organization","@id":"https:\/\/purecosmetics-shop.com\/accueil\/#organization","name":"Pure Cosmetics","url":"https:\/\/purecosmetics-shop.com\/accueil\/","logo":{"@type":"ImageObject","inLanguage":"fr-FR","@id":"https:\/\/purecosmetics-shop.com\/accueil\/#\/schema\/logo\/image\/","url":"https:\/\/purecosmetics-shop.com\/wp-content\/uploads\/2025\/04\/cropped-Pure-Cosmetics-black-2.png","contentUrl":"https:\/\/purecosmetics-shop.com\/wp-content\/uploads\/2025\/04\/cropped-Pure-Cosmetics-black-2.png","width":2362,"height":2324,"caption":"Pure Cosmetics"},"image":{"@id":"https:\/\/purecosmetics-shop.com\/accueil\/#\/schema\/logo\/image\/"}}]}},"jetpack_sharing_enabled":true,"_links":{"self":[{"href":"https:\/\/purecosmetics-shop.com\/accueil\/wp-json\/wp\/v2\/product\/1364","targetHints":{"allow":["GET"]}}],"collection":[{"href":"https:\/\/purecosmetics-shop.com\/accueil\/wp-json\/wp\/v2\/product"}],"about":[{"href":"https:\/\/purecosmetics-shop.com\/accueil\/wp-json\/wp\/v2\/types\/product"}],"replies":[{"embeddable":true,"href":"https:\/\/purecosmetics-shop.com\/accueil\/wp-json\/wp\/v2\/comments?post=1364"}],"version-history":[{"count":4,"href":"https:\/\/purecosmetics-shop.com\/accueil\/wp-json\/wp\/v2\/product\/1364\/revisions"}],"predecessor-version":[{"id":2602,"href":"https:\/\/purecosmetics-shop.com\/accueil\/wp-json\/wp\/v2\/product\/1364\/revisions\/2602"}],"wp:featuredmedia":[{"embeddable":true,"href":"https:\/\/purecosmetics-shop.com\/accueil\/wp-json\/wp\/v2\/media\/1699"}],"wp:attachment":[{"href":"https:\/\/purecosmetics-shop.com\/accueil\/wp-json\/wp\/v2\/media?parent=1364"}],"wp:term":[{"taxonomy":"product_brand","embeddable":true,"href":"https:\/\/purecosmetics-shop.com\/accueil\/wp-json\/wp\/v2\/product_brand?post=1364"},{"taxonomy":"product_cat","embeddable":true,"href":"https:\/\/purecosmetics-shop.com\/accueil\/wp-json\/wp\/v2\/product_cat?post=1364"},{"taxonomy":"product_tag","embeddable":true,"href":"https:\/\/purecosmetics-shop.com\/accueil\/wp-json\/wp\/v2\/product_tag?post=1364"}],"curies":[{"name":"wp","href":"https:\/\/api.w.org\/{rel}","templated":true}]}}