{"id":1363,"date":"2024-10-16T13:13:06","date_gmt":"2024-10-16T17:13:06","guid":{"rendered":"https:\/\/purecosmetics-shop.com\/accueil\/produit\/numbuzin-no-5-vitamin-niacinamide-concentrated-pad\/"},"modified":"2026-04-20T05:00:01","modified_gmt":"2026-04-20T09:00:01","slug":"numbuzin-no-5-vitamin-niacinamide-concentrated-pad","status":"publish","type":"product","link":"https:\/\/purecosmetics-shop.com\/accueil\/produit\/numbuzin-no-5-vitamin-niacinamide-concentrated-pad\/","title":{"rendered":"No.5 Vitamin-Niacinamide Concentrated Pad"},"content":{"rendered":"<p>Le tampon concentr\u00e9 de vitamine-niacinamide Numbuzin No.5 aide \u00e0 laisser la peau lumineuse et revitalis\u00e9e gr\u00e2ce \u00e0 une concoction \u00e9claircissante de glutathion, de niacinamide et d\u2019ingr\u00e9dients vitamin\u00e9s.<\/p>\n<p>Des tampons imbib\u00e9s d\u2019une essence \u00e9claircissante infus\u00e9e de vitamine C, de vitamine E, de niacinamide, de coenzyme Q10 et de glutathion prot\u00e8gent la barri\u00e8re cutan\u00e9e, \u00e9claircissent le teint et aident \u00e0 r\u00e9duire l\u2019apparence des taches brunes.<\/p>\n<p>Le LHA et le PHA \u00e9liminent les cellules mortes et les impuret\u00e9s qui peuvent rendre la peau terne et rugueuse.<\/p>\n","protected":false},"excerpt":{"rendered":"<p>Tampon concentr\u00e9 de vitamine-niacinamide Numbuzin No.5 pour laisser la peau lumineuse et revitalis\u00e9e gr\u00e2ce \u00e0 une concoction \u00e9claircissante de glutathion, de niacinamide et d\u2019ingr\u00e9dients vitamin\u00e9s.<\/p>\n","protected":false},"featured_media":1786,"comment_status":"open","ping_status":"closed","template":"","meta":[],"product_brand":[172],"product_cat":[110,24,116,118],"product_tag":[],"class_list":{"0":"post-1363","1":"product","2":"type-product","3":"status-publish","4":"has-post-thumbnail","6":"product_brand-numbuzin","7":"product_cat-anti-tache-et-hyperpigmentation","8":"product_cat-pad","9":"product_cat-peau-mixte","10":"product_cat-peau-seche","12":"first","13":"instock","14":"shipping-taxable","15":"purchasable","16":"product-type-simple"},"yoast_head":"<!-- This site is optimized with the Yoast SEO plugin v27.4 - https:\/\/yoast.com\/product\/yoast-seo-wordpress\/ -->\n<title>No.5 Vitamin-Niacinamide Concentrated Pad - Pure Cosmetics<\/title>\n<meta name=\"robots\" content=\"index, follow, max-snippet:-1, max-image-preview:large, max-video-preview:-1\" \/>\n<link rel=\"canonical\" href=\"https:\/\/purecosmetics-shop.com\/accueil\/produit\/numbuzin-no-5-vitamin-niacinamide-concentrated-pad\/\" \/>\n<meta property=\"og:locale\" content=\"fr_FR\" \/>\n<meta property=\"og:type\" content=\"article\" \/>\n<meta property=\"og:title\" content=\"No.5 Vitamin-Niacinamide Concentrated Pad - Pure Cosmetics\" \/>\n<meta property=\"og:description\" content=\"Tampon concentr\u00e9 de vitamine-niacinamide Numbuzin No.5 pour laisser la peau lumineuse et revitalis\u00e9e gr\u00e2ce \u00e0 une concoction \u00e9claircissante de glutathion, de niacinamide et d\u2019ingr\u00e9dients vitamin\u00e9s.\" \/>\n<meta property=\"og:url\" content=\"https:\/\/purecosmetics-shop.com\/accueil\/produit\/numbuzin-no-5-vitamin-niacinamide-concentrated-pad\/\" \/>\n<meta property=\"og:site_name\" content=\"Pure Cosmetics\" \/>\n<meta property=\"article:modified_time\" content=\"2026-04-20T09:00:01+00:00\" \/>\n<meta property=\"og:image\" content=\"https:\/\/purecosmetics-shop.com\/wp-content\/uploads\/2024\/10\/Numbuzin-No.5-Vit-Niacinamide-Concentrated-Pad.webp\" \/>\n\t<meta property=\"og:image:width\" content=\"800\" \/>\n\t<meta property=\"og:image:height\" content=\"800\" \/>\n\t<meta property=\"og:image:type\" content=\"image\/webp\" \/>\n<meta name=\"twitter:card\" content=\"summary_large_image\" \/>\n<meta name=\"twitter:label1\" content=\"Dur\u00e9e de lecture estim\u00e9e\" \/>\n\t<meta name=\"twitter:data1\" content=\"1 minute\" \/>\n<script type=\"application\/ld+json\" class=\"yoast-schema-graph\">{\"@context\":\"https:\\\/\\\/schema.org\",\"@graph\":[{\"@type\":\"WebPage\",\"@id\":\"https:\\\/\\\/purecosmetics-shop.com\\\/accueil\\\/produit\\\/numbuzin-no-5-vitamin-niacinamide-concentrated-pad\\\/\",\"url\":\"https:\\\/\\\/purecosmetics-shop.com\\\/accueil\\\/produit\\\/numbuzin-no-5-vitamin-niacinamide-concentrated-pad\\\/\",\"name\":\"No.5 Vitamin-Niacinamide Concentrated Pad - Pure Cosmetics\",\"isPartOf\":{\"@id\":\"https:\\\/\\\/purecosmetics-shop.com\\\/accueil\\\/#website\"},\"primaryImageOfPage\":{\"@id\":\"https:\\\/\\\/purecosmetics-shop.com\\\/accueil\\\/produit\\\/numbuzin-no-5-vitamin-niacinamide-concentrated-pad\\\/#primaryimage\"},\"image\":{\"@id\":\"https:\\\/\\\/purecosmetics-shop.com\\\/accueil\\\/produit\\\/numbuzin-no-5-vitamin-niacinamide-concentrated-pad\\\/#primaryimage\"},\"thumbnailUrl\":\"https:\\\/\\\/purecosmetics-shop.com\\\/wp-content\\\/uploads\\\/2024\\\/10\\\/Numbuzin-No.5-Vit-Niacinamide-Concentrated-Pad.webp\",\"datePublished\":\"2024-10-16T17:13:06+00:00\",\"dateModified\":\"2026-04-20T09:00:01+00:00\",\"breadcrumb\":{\"@id\":\"https:\\\/\\\/purecosmetics-shop.com\\\/accueil\\\/produit\\\/numbuzin-no-5-vitamin-niacinamide-concentrated-pad\\\/#breadcrumb\"},\"inLanguage\":\"fr-FR\",\"potentialAction\":[{\"@type\":\"ReadAction\",\"target\":[\"https:\\\/\\\/purecosmetics-shop.com\\\/accueil\\\/produit\\\/numbuzin-no-5-vitamin-niacinamide-concentrated-pad\\\/\"]}]},{\"@type\":\"ImageObject\",\"inLanguage\":\"fr-FR\",\"@id\":\"https:\\\/\\\/purecosmetics-shop.com\\\/accueil\\\/produit\\\/numbuzin-no-5-vitamin-niacinamide-concentrated-pad\\\/#primaryimage\",\"url\":\"https:\\\/\\\/purecosmetics-shop.com\\\/wp-content\\\/uploads\\\/2024\\\/10\\\/Numbuzin-No.5-Vit-Niacinamide-Concentrated-Pad.webp\",\"contentUrl\":\"https:\\\/\\\/purecosmetics-shop.com\\\/wp-content\\\/uploads\\\/2024\\\/10\\\/Numbuzin-No.5-Vit-Niacinamide-Concentrated-Pad.webp\",\"width\":800,\"height\":800},{\"@type\":\"BreadcrumbList\",\"@id\":\"https:\\\/\\\/purecosmetics-shop.com\\\/accueil\\\/produit\\\/numbuzin-no-5-vitamin-niacinamide-concentrated-pad\\\/#breadcrumb\",\"itemListElement\":[{\"@type\":\"ListItem\",\"position\":1,\"name\":\"Accueil\",\"item\":\"https:\\\/\\\/purecosmetics-shop.com\\\/accueil\\\/\"},{\"@type\":\"ListItem\",\"position\":2,\"name\":\"NOUVEAUT\u00c9S\",\"item\":\"https:\\\/\\\/purecosmetics-shop.com\\\/accueil\\\/nouveautes\\\/\"},{\"@type\":\"ListItem\",\"position\":3,\"name\":\"No.5 Vitamin-Niacinamide Concentrated Pad\"}]},{\"@type\":\"WebSite\",\"@id\":\"https:\\\/\\\/purecosmetics-shop.com\\\/accueil\\\/#website\",\"url\":\"https:\\\/\\\/purecosmetics-shop.com\\\/accueil\\\/\",\"name\":\"Pure Cosmetics\",\"description\":\"Skincare cor\u00e9enne et japonais\",\"publisher\":{\"@id\":\"https:\\\/\\\/purecosmetics-shop.com\\\/accueil\\\/#organization\"},\"potentialAction\":[{\"@type\":\"SearchAction\",\"target\":{\"@type\":\"EntryPoint\",\"urlTemplate\":\"https:\\\/\\\/purecosmetics-shop.com\\\/accueil\\\/?s={search_term_string}\"},\"query-input\":{\"@type\":\"PropertyValueSpecification\",\"valueRequired\":true,\"valueName\":\"search_term_string\"}}],\"inLanguage\":\"fr-FR\"},{\"@type\":\"Organization\",\"@id\":\"https:\\\/\\\/purecosmetics-shop.com\\\/accueil\\\/#organization\",\"name\":\"Pure Cosmetics\",\"url\":\"https:\\\/\\\/purecosmetics-shop.com\\\/accueil\\\/\",\"logo\":{\"@type\":\"ImageObject\",\"inLanguage\":\"fr-FR\",\"@id\":\"https:\\\/\\\/purecosmetics-shop.com\\\/accueil\\\/#\\\/schema\\\/logo\\\/image\\\/\",\"url\":\"https:\\\/\\\/purecosmetics-shop.com\\\/wp-content\\\/uploads\\\/2025\\\/04\\\/cropped-Pure-Cosmetics-black-2.png\",\"contentUrl\":\"https:\\\/\\\/purecosmetics-shop.com\\\/wp-content\\\/uploads\\\/2025\\\/04\\\/cropped-Pure-Cosmetics-black-2.png\",\"width\":2362,\"height\":2324,\"caption\":\"Pure Cosmetics\"},\"image\":{\"@id\":\"https:\\\/\\\/purecosmetics-shop.com\\\/accueil\\\/#\\\/schema\\\/logo\\\/image\\\/\"}}]}<\/script>\n<!-- \/ Yoast SEO plugin. -->","yoast_head_json":{"title":"No.5 Vitamin-Niacinamide Concentrated Pad - Pure Cosmetics","robots":{"index":"index","follow":"follow","max-snippet":"max-snippet:-1","max-image-preview":"max-image-preview:large","max-video-preview":"max-video-preview:-1"},"canonical":"https:\/\/purecosmetics-shop.com\/accueil\/produit\/numbuzin-no-5-vitamin-niacinamide-concentrated-pad\/","og_locale":"fr_FR","og_type":"article","og_title":"No.5 Vitamin-Niacinamide Concentrated Pad - Pure Cosmetics","og_description":"Tampon concentr\u00e9 de vitamine-niacinamide Numbuzin No.5 pour laisser la peau lumineuse et revitalis\u00e9e gr\u00e2ce \u00e0 une concoction \u00e9claircissante de glutathion, de niacinamide et d\u2019ingr\u00e9dients vitamin\u00e9s.","og_url":"https:\/\/purecosmetics-shop.com\/accueil\/produit\/numbuzin-no-5-vitamin-niacinamide-concentrated-pad\/","og_site_name":"Pure Cosmetics","article_modified_time":"2026-04-20T09:00:01+00:00","og_image":[{"width":800,"height":800,"url":"https:\/\/purecosmetics-shop.com\/wp-content\/uploads\/2024\/10\/Numbuzin-No.5-Vit-Niacinamide-Concentrated-Pad.webp","type":"image\/webp"}],"twitter_card":"summary_large_image","twitter_misc":{"Dur\u00e9e de lecture estim\u00e9e":"1 minute"},"schema":{"@context":"https:\/\/schema.org","@graph":[{"@type":"WebPage","@id":"https:\/\/purecosmetics-shop.com\/accueil\/produit\/numbuzin-no-5-vitamin-niacinamide-concentrated-pad\/","url":"https:\/\/purecosmetics-shop.com\/accueil\/produit\/numbuzin-no-5-vitamin-niacinamide-concentrated-pad\/","name":"No.5 Vitamin-Niacinamide Concentrated Pad - Pure Cosmetics","isPartOf":{"@id":"https:\/\/purecosmetics-shop.com\/accueil\/#website"},"primaryImageOfPage":{"@id":"https:\/\/purecosmetics-shop.com\/accueil\/produit\/numbuzin-no-5-vitamin-niacinamide-concentrated-pad\/#primaryimage"},"image":{"@id":"https:\/\/purecosmetics-shop.com\/accueil\/produit\/numbuzin-no-5-vitamin-niacinamide-concentrated-pad\/#primaryimage"},"thumbnailUrl":"https:\/\/purecosmetics-shop.com\/wp-content\/uploads\/2024\/10\/Numbuzin-No.5-Vit-Niacinamide-Concentrated-Pad.webp","datePublished":"2024-10-16T17:13:06+00:00","dateModified":"2026-04-20T09:00:01+00:00","breadcrumb":{"@id":"https:\/\/purecosmetics-shop.com\/accueil\/produit\/numbuzin-no-5-vitamin-niacinamide-concentrated-pad\/#breadcrumb"},"inLanguage":"fr-FR","potentialAction":[{"@type":"ReadAction","target":["https:\/\/purecosmetics-shop.com\/accueil\/produit\/numbuzin-no-5-vitamin-niacinamide-concentrated-pad\/"]}]},{"@type":"ImageObject","inLanguage":"fr-FR","@id":"https:\/\/purecosmetics-shop.com\/accueil\/produit\/numbuzin-no-5-vitamin-niacinamide-concentrated-pad\/#primaryimage","url":"https:\/\/purecosmetics-shop.com\/wp-content\/uploads\/2024\/10\/Numbuzin-No.5-Vit-Niacinamide-Concentrated-Pad.webp","contentUrl":"https:\/\/purecosmetics-shop.com\/wp-content\/uploads\/2024\/10\/Numbuzin-No.5-Vit-Niacinamide-Concentrated-Pad.webp","width":800,"height":800},{"@type":"BreadcrumbList","@id":"https:\/\/purecosmetics-shop.com\/accueil\/produit\/numbuzin-no-5-vitamin-niacinamide-concentrated-pad\/#breadcrumb","itemListElement":[{"@type":"ListItem","position":1,"name":"Accueil","item":"https:\/\/purecosmetics-shop.com\/accueil\/"},{"@type":"ListItem","position":2,"name":"NOUVEAUT\u00c9S","item":"https:\/\/purecosmetics-shop.com\/accueil\/nouveautes\/"},{"@type":"ListItem","position":3,"name":"No.5 Vitamin-Niacinamide Concentrated Pad"}]},{"@type":"WebSite","@id":"https:\/\/purecosmetics-shop.com\/accueil\/#website","url":"https:\/\/purecosmetics-shop.com\/accueil\/","name":"Pure Cosmetics","description":"Skincare cor\u00e9enne et japonais","publisher":{"@id":"https:\/\/purecosmetics-shop.com\/accueil\/#organization"},"potentialAction":[{"@type":"SearchAction","target":{"@type":"EntryPoint","urlTemplate":"https:\/\/purecosmetics-shop.com\/accueil\/?s={search_term_string}"},"query-input":{"@type":"PropertyValueSpecification","valueRequired":true,"valueName":"search_term_string"}}],"inLanguage":"fr-FR"},{"@type":"Organization","@id":"https:\/\/purecosmetics-shop.com\/accueil\/#organization","name":"Pure Cosmetics","url":"https:\/\/purecosmetics-shop.com\/accueil\/","logo":{"@type":"ImageObject","inLanguage":"fr-FR","@id":"https:\/\/purecosmetics-shop.com\/accueil\/#\/schema\/logo\/image\/","url":"https:\/\/purecosmetics-shop.com\/wp-content\/uploads\/2025\/04\/cropped-Pure-Cosmetics-black-2.png","contentUrl":"https:\/\/purecosmetics-shop.com\/wp-content\/uploads\/2025\/04\/cropped-Pure-Cosmetics-black-2.png","width":2362,"height":2324,"caption":"Pure Cosmetics"},"image":{"@id":"https:\/\/purecosmetics-shop.com\/accueil\/#\/schema\/logo\/image\/"}}]}},"jetpack_sharing_enabled":true,"_links":{"self":[{"href":"https:\/\/purecosmetics-shop.com\/accueil\/wp-json\/wp\/v2\/product\/1363","targetHints":{"allow":["GET"]}}],"collection":[{"href":"https:\/\/purecosmetics-shop.com\/accueil\/wp-json\/wp\/v2\/product"}],"about":[{"href":"https:\/\/purecosmetics-shop.com\/accueil\/wp-json\/wp\/v2\/types\/product"}],"replies":[{"embeddable":true,"href":"https:\/\/purecosmetics-shop.com\/accueil\/wp-json\/wp\/v2\/comments?post=1363"}],"version-history":[{"count":3,"href":"https:\/\/purecosmetics-shop.com\/accueil\/wp-json\/wp\/v2\/product\/1363\/revisions"}],"predecessor-version":[{"id":2601,"href":"https:\/\/purecosmetics-shop.com\/accueil\/wp-json\/wp\/v2\/product\/1363\/revisions\/2601"}],"wp:featuredmedia":[{"embeddable":true,"href":"https:\/\/purecosmetics-shop.com\/accueil\/wp-json\/wp\/v2\/media\/1786"}],"wp:attachment":[{"href":"https:\/\/purecosmetics-shop.com\/accueil\/wp-json\/wp\/v2\/media?parent=1363"}],"wp:term":[{"taxonomy":"product_brand","embeddable":true,"href":"https:\/\/purecosmetics-shop.com\/accueil\/wp-json\/wp\/v2\/product_brand?post=1363"},{"taxonomy":"product_cat","embeddable":true,"href":"https:\/\/purecosmetics-shop.com\/accueil\/wp-json\/wp\/v2\/product_cat?post=1363"},{"taxonomy":"product_tag","embeddable":true,"href":"https:\/\/purecosmetics-shop.com\/accueil\/wp-json\/wp\/v2\/product_tag?post=1363"}],"curies":[{"name":"wp","href":"https:\/\/api.w.org\/{rel}","templated":true}]}}