{"id":1362,"date":"2024-10-16T13:13:05","date_gmt":"2024-10-16T17:13:05","guid":{"rendered":"https:\/\/purecosmetics-shop.com\/accueil\/produit\/jumiso-snail-mucin-95-peptide-essence\/"},"modified":"2026-04-16T07:52:52","modified_gmt":"2026-04-16T11:52:52","slug":"jumiso-snail-mucin-95-peptide-essence","status":"publish","type":"product","link":"https:\/\/purecosmetics-shop.com\/accueil\/produit\/jumiso-snail-mucin-95-peptide-essence\/","title":{"rendered":"Snail Mucin 95 + Peptide Essence"},"content":{"rendered":"<p>La mucine d&rsquo;escargot 95 hydrate de mani\u00e8re rafra\u00eechissante.<\/p>\n<p>Les 5 peptides stimulent l&rsquo;anti-\u00e2ge pour une peau plus ferme.<\/p>\n<p>Am\u00e9liore la texture de la peau sans obstruer les pores et stimule la gu\u00e9rison de la peau endommag\u00e9e par le soleil.<\/p>\n<p>Non com\u00e9dog\u00e8ne, n&rsquo;obstrue pas les pores.<\/p>\n<p>Hydratant, renforce la barri\u00e8re cutan\u00e9e, repulpe et r\u00e9duit les ridules, r\u00e9duit les signes de vieillissement.<\/p>\n<p>Parfait pour les peaux grasses et \u00e0 tendance acn\u00e9ique. Convient \u00e0 tous les types de peau.<\/p>\n<p>S&rsquo;associe bien \u00e0 la vitamine C et au FPS pour prot\u00e9ger, pr\u00e9venir et traiter les dommages caus\u00e9s par le soleil pour ralentir le vieillissement.<\/p>\n","protected":false},"excerpt":{"rendered":"<p>Cette essence de Jumiso contient 95 % de mucine d\u2019escargot et cinq types de peptides pour r\u00e9parer les dommages cellulaires et une peau \u00e9lastique.<br \/>\nDes ingr\u00e9dients suppl\u00e9mentaires tels que le panth\u00e9nol et l\u2019allanto\u00efne ont un effet apaisant et hydratant.<\/p>\n<p>Contenance: 140 mL<\/p>\n","protected":false},"featured_media":5855,"comment_status":"open","ping_status":"closed","template":"","meta":[],"product_brand":[175],"product_cat":[107,108,189,113,115,116,117,118],"product_tag":[],"class_list":{"0":"post-1362","1":"product","2":"type-product","3":"status-publish","4":"has-post-thumbnail","6":"product_brand-jumiso","7":"product_cat-anti-age-et-elasticite","8":"product_cat-anti-imperfections-et-pores","9":"product_cat-essence","10":"product_cat-peau-a-tendance-acneique","11":"product_cat-peau-grasse","12":"product_cat-peau-mixte","13":"product_cat-peau-normale","14":"product_cat-peau-seche","16":"first","17":"instock","18":"shipping-taxable","19":"purchasable","20":"product-type-simple"},"yoast_head":"<!-- This site is optimized with the Yoast SEO plugin v27.4 - https:\/\/yoast.com\/product\/yoast-seo-wordpress\/ -->\n<title>Snail Mucin 95 + Peptide Essence - Pure Cosmetics<\/title>\n<meta name=\"robots\" content=\"index, follow, max-snippet:-1, max-image-preview:large, max-video-preview:-1\" \/>\n<link rel=\"canonical\" href=\"https:\/\/purecosmetics-shop.com\/accueil\/produit\/jumiso-snail-mucin-95-peptide-essence\/\" \/>\n<meta property=\"og:locale\" content=\"fr_FR\" \/>\n<meta property=\"og:type\" content=\"article\" \/>\n<meta property=\"og:title\" content=\"Snail Mucin 95 + Peptide Essence - Pure Cosmetics\" \/>\n<meta property=\"og:description\" content=\"Cette essence de Jumiso contient 95 % de mucine d\u2019escargot et cinq types de peptides pour r\u00e9parer les dommages cellulaires et une peau \u00e9lastique. Des ingr\u00e9dients suppl\u00e9mentaires tels que le panth\u00e9nol et l\u2019allanto\u00efne ont un effet apaisant et hydratant.  Contenance: 140 mL\" \/>\n<meta property=\"og:url\" content=\"https:\/\/purecosmetics-shop.com\/accueil\/produit\/jumiso-snail-mucin-95-peptide-essence\/\" \/>\n<meta property=\"og:site_name\" content=\"Pure Cosmetics\" \/>\n<meta property=\"article:modified_time\" content=\"2026-04-16T11:52:52+00:00\" \/>\n<meta property=\"og:image\" content=\"https:\/\/purecosmetics-shop.com\/wp-content\/uploads\/2025\/11\/JUMISO_Snail_Mucin95_Peptide_Facial_Essence.webp\" \/>\n\t<meta property=\"og:image:width\" content=\"1000\" \/>\n\t<meta property=\"og:image:height\" content=\"1000\" \/>\n\t<meta property=\"og:image:type\" content=\"image\/webp\" \/>\n<meta name=\"twitter:card\" content=\"summary_large_image\" \/>\n<meta name=\"twitter:label1\" content=\"Dur\u00e9e de lecture estim\u00e9e\" \/>\n\t<meta name=\"twitter:data1\" content=\"1 minute\" \/>\n<script type=\"application\/ld+json\" class=\"yoast-schema-graph\">{\"@context\":\"https:\\\/\\\/schema.org\",\"@graph\":[{\"@type\":\"WebPage\",\"@id\":\"https:\\\/\\\/purecosmetics-shop.com\\\/accueil\\\/produit\\\/jumiso-snail-mucin-95-peptide-essence\\\/\",\"url\":\"https:\\\/\\\/purecosmetics-shop.com\\\/accueil\\\/produit\\\/jumiso-snail-mucin-95-peptide-essence\\\/\",\"name\":\"Snail Mucin 95 + Peptide Essence - Pure Cosmetics\",\"isPartOf\":{\"@id\":\"https:\\\/\\\/purecosmetics-shop.com\\\/accueil\\\/#website\"},\"primaryImageOfPage\":{\"@id\":\"https:\\\/\\\/purecosmetics-shop.com\\\/accueil\\\/produit\\\/jumiso-snail-mucin-95-peptide-essence\\\/#primaryimage\"},\"image\":{\"@id\":\"https:\\\/\\\/purecosmetics-shop.com\\\/accueil\\\/produit\\\/jumiso-snail-mucin-95-peptide-essence\\\/#primaryimage\"},\"thumbnailUrl\":\"https:\\\/\\\/purecosmetics-shop.com\\\/wp-content\\\/uploads\\\/2025\\\/11\\\/JUMISO_Snail_Mucin95_Peptide_Facial_Essence.webp\",\"datePublished\":\"2024-10-16T17:13:05+00:00\",\"dateModified\":\"2026-04-16T11:52:52+00:00\",\"breadcrumb\":{\"@id\":\"https:\\\/\\\/purecosmetics-shop.com\\\/accueil\\\/produit\\\/jumiso-snail-mucin-95-peptide-essence\\\/#breadcrumb\"},\"inLanguage\":\"fr-FR\",\"potentialAction\":[{\"@type\":\"ReadAction\",\"target\":[\"https:\\\/\\\/purecosmetics-shop.com\\\/accueil\\\/produit\\\/jumiso-snail-mucin-95-peptide-essence\\\/\"]}]},{\"@type\":\"ImageObject\",\"inLanguage\":\"fr-FR\",\"@id\":\"https:\\\/\\\/purecosmetics-shop.com\\\/accueil\\\/produit\\\/jumiso-snail-mucin-95-peptide-essence\\\/#primaryimage\",\"url\":\"https:\\\/\\\/purecosmetics-shop.com\\\/wp-content\\\/uploads\\\/2025\\\/11\\\/JUMISO_Snail_Mucin95_Peptide_Facial_Essence.webp\",\"contentUrl\":\"https:\\\/\\\/purecosmetics-shop.com\\\/wp-content\\\/uploads\\\/2025\\\/11\\\/JUMISO_Snail_Mucin95_Peptide_Facial_Essence.webp\",\"width\":1000,\"height\":1000},{\"@type\":\"BreadcrumbList\",\"@id\":\"https:\\\/\\\/purecosmetics-shop.com\\\/accueil\\\/produit\\\/jumiso-snail-mucin-95-peptide-essence\\\/#breadcrumb\",\"itemListElement\":[{\"@type\":\"ListItem\",\"position\":1,\"name\":\"Accueil\",\"item\":\"https:\\\/\\\/purecosmetics-shop.com\\\/accueil\\\/\"},{\"@type\":\"ListItem\",\"position\":2,\"name\":\"NOUVEAUT\u00c9S\",\"item\":\"https:\\\/\\\/purecosmetics-shop.com\\\/accueil\\\/nouveautes\\\/\"},{\"@type\":\"ListItem\",\"position\":3,\"name\":\"Snail Mucin 95 + Peptide Essence\"}]},{\"@type\":\"WebSite\",\"@id\":\"https:\\\/\\\/purecosmetics-shop.com\\\/accueil\\\/#website\",\"url\":\"https:\\\/\\\/purecosmetics-shop.com\\\/accueil\\\/\",\"name\":\"Pure Cosmetics\",\"description\":\"Skincare cor\u00e9enne et japonais\",\"publisher\":{\"@id\":\"https:\\\/\\\/purecosmetics-shop.com\\\/accueil\\\/#organization\"},\"potentialAction\":[{\"@type\":\"SearchAction\",\"target\":{\"@type\":\"EntryPoint\",\"urlTemplate\":\"https:\\\/\\\/purecosmetics-shop.com\\\/accueil\\\/?s={search_term_string}\"},\"query-input\":{\"@type\":\"PropertyValueSpecification\",\"valueRequired\":true,\"valueName\":\"search_term_string\"}}],\"inLanguage\":\"fr-FR\"},{\"@type\":\"Organization\",\"@id\":\"https:\\\/\\\/purecosmetics-shop.com\\\/accueil\\\/#organization\",\"name\":\"Pure Cosmetics\",\"url\":\"https:\\\/\\\/purecosmetics-shop.com\\\/accueil\\\/\",\"logo\":{\"@type\":\"ImageObject\",\"inLanguage\":\"fr-FR\",\"@id\":\"https:\\\/\\\/purecosmetics-shop.com\\\/accueil\\\/#\\\/schema\\\/logo\\\/image\\\/\",\"url\":\"https:\\\/\\\/purecosmetics-shop.com\\\/wp-content\\\/uploads\\\/2025\\\/04\\\/cropped-Pure-Cosmetics-black-2.png\",\"contentUrl\":\"https:\\\/\\\/purecosmetics-shop.com\\\/wp-content\\\/uploads\\\/2025\\\/04\\\/cropped-Pure-Cosmetics-black-2.png\",\"width\":2362,\"height\":2324,\"caption\":\"Pure Cosmetics\"},\"image\":{\"@id\":\"https:\\\/\\\/purecosmetics-shop.com\\\/accueil\\\/#\\\/schema\\\/logo\\\/image\\\/\"}}]}<\/script>\n<!-- \/ Yoast SEO plugin. -->","yoast_head_json":{"title":"Snail Mucin 95 + Peptide Essence - Pure Cosmetics","robots":{"index":"index","follow":"follow","max-snippet":"max-snippet:-1","max-image-preview":"max-image-preview:large","max-video-preview":"max-video-preview:-1"},"canonical":"https:\/\/purecosmetics-shop.com\/accueil\/produit\/jumiso-snail-mucin-95-peptide-essence\/","og_locale":"fr_FR","og_type":"article","og_title":"Snail Mucin 95 + Peptide Essence - Pure Cosmetics","og_description":"Cette essence de Jumiso contient 95 % de mucine d\u2019escargot et cinq types de peptides pour r\u00e9parer les dommages cellulaires et une peau \u00e9lastique. Des ingr\u00e9dients suppl\u00e9mentaires tels que le panth\u00e9nol et l\u2019allanto\u00efne ont un effet apaisant et hydratant.  Contenance: 140 mL","og_url":"https:\/\/purecosmetics-shop.com\/accueil\/produit\/jumiso-snail-mucin-95-peptide-essence\/","og_site_name":"Pure Cosmetics","article_modified_time":"2026-04-16T11:52:52+00:00","og_image":[{"width":1000,"height":1000,"url":"https:\/\/purecosmetics-shop.com\/wp-content\/uploads\/2025\/11\/JUMISO_Snail_Mucin95_Peptide_Facial_Essence.webp","type":"image\/webp"}],"twitter_card":"summary_large_image","twitter_misc":{"Dur\u00e9e de lecture estim\u00e9e":"1 minute"},"schema":{"@context":"https:\/\/schema.org","@graph":[{"@type":"WebPage","@id":"https:\/\/purecosmetics-shop.com\/accueil\/produit\/jumiso-snail-mucin-95-peptide-essence\/","url":"https:\/\/purecosmetics-shop.com\/accueil\/produit\/jumiso-snail-mucin-95-peptide-essence\/","name":"Snail Mucin 95 + Peptide Essence - Pure Cosmetics","isPartOf":{"@id":"https:\/\/purecosmetics-shop.com\/accueil\/#website"},"primaryImageOfPage":{"@id":"https:\/\/purecosmetics-shop.com\/accueil\/produit\/jumiso-snail-mucin-95-peptide-essence\/#primaryimage"},"image":{"@id":"https:\/\/purecosmetics-shop.com\/accueil\/produit\/jumiso-snail-mucin-95-peptide-essence\/#primaryimage"},"thumbnailUrl":"https:\/\/purecosmetics-shop.com\/wp-content\/uploads\/2025\/11\/JUMISO_Snail_Mucin95_Peptide_Facial_Essence.webp","datePublished":"2024-10-16T17:13:05+00:00","dateModified":"2026-04-16T11:52:52+00:00","breadcrumb":{"@id":"https:\/\/purecosmetics-shop.com\/accueil\/produit\/jumiso-snail-mucin-95-peptide-essence\/#breadcrumb"},"inLanguage":"fr-FR","potentialAction":[{"@type":"ReadAction","target":["https:\/\/purecosmetics-shop.com\/accueil\/produit\/jumiso-snail-mucin-95-peptide-essence\/"]}]},{"@type":"ImageObject","inLanguage":"fr-FR","@id":"https:\/\/purecosmetics-shop.com\/accueil\/produit\/jumiso-snail-mucin-95-peptide-essence\/#primaryimage","url":"https:\/\/purecosmetics-shop.com\/wp-content\/uploads\/2025\/11\/JUMISO_Snail_Mucin95_Peptide_Facial_Essence.webp","contentUrl":"https:\/\/purecosmetics-shop.com\/wp-content\/uploads\/2025\/11\/JUMISO_Snail_Mucin95_Peptide_Facial_Essence.webp","width":1000,"height":1000},{"@type":"BreadcrumbList","@id":"https:\/\/purecosmetics-shop.com\/accueil\/produit\/jumiso-snail-mucin-95-peptide-essence\/#breadcrumb","itemListElement":[{"@type":"ListItem","position":1,"name":"Accueil","item":"https:\/\/purecosmetics-shop.com\/accueil\/"},{"@type":"ListItem","position":2,"name":"NOUVEAUT\u00c9S","item":"https:\/\/purecosmetics-shop.com\/accueil\/nouveautes\/"},{"@type":"ListItem","position":3,"name":"Snail Mucin 95 + Peptide Essence"}]},{"@type":"WebSite","@id":"https:\/\/purecosmetics-shop.com\/accueil\/#website","url":"https:\/\/purecosmetics-shop.com\/accueil\/","name":"Pure Cosmetics","description":"Skincare cor\u00e9enne et japonais","publisher":{"@id":"https:\/\/purecosmetics-shop.com\/accueil\/#organization"},"potentialAction":[{"@type":"SearchAction","target":{"@type":"EntryPoint","urlTemplate":"https:\/\/purecosmetics-shop.com\/accueil\/?s={search_term_string}"},"query-input":{"@type":"PropertyValueSpecification","valueRequired":true,"valueName":"search_term_string"}}],"inLanguage":"fr-FR"},{"@type":"Organization","@id":"https:\/\/purecosmetics-shop.com\/accueil\/#organization","name":"Pure Cosmetics","url":"https:\/\/purecosmetics-shop.com\/accueil\/","logo":{"@type":"ImageObject","inLanguage":"fr-FR","@id":"https:\/\/purecosmetics-shop.com\/accueil\/#\/schema\/logo\/image\/","url":"https:\/\/purecosmetics-shop.com\/wp-content\/uploads\/2025\/04\/cropped-Pure-Cosmetics-black-2.png","contentUrl":"https:\/\/purecosmetics-shop.com\/wp-content\/uploads\/2025\/04\/cropped-Pure-Cosmetics-black-2.png","width":2362,"height":2324,"caption":"Pure Cosmetics"},"image":{"@id":"https:\/\/purecosmetics-shop.com\/accueil\/#\/schema\/logo\/image\/"}}]}},"jetpack_sharing_enabled":true,"_links":{"self":[{"href":"https:\/\/purecosmetics-shop.com\/accueil\/wp-json\/wp\/v2\/product\/1362","targetHints":{"allow":["GET"]}}],"collection":[{"href":"https:\/\/purecosmetics-shop.com\/accueil\/wp-json\/wp\/v2\/product"}],"about":[{"href":"https:\/\/purecosmetics-shop.com\/accueil\/wp-json\/wp\/v2\/types\/product"}],"replies":[{"embeddable":true,"href":"https:\/\/purecosmetics-shop.com\/accueil\/wp-json\/wp\/v2\/comments?post=1362"}],"version-history":[{"count":5,"href":"https:\/\/purecosmetics-shop.com\/accueil\/wp-json\/wp\/v2\/product\/1362\/revisions"}],"predecessor-version":[{"id":5356,"href":"https:\/\/purecosmetics-shop.com\/accueil\/wp-json\/wp\/v2\/product\/1362\/revisions\/5356"}],"wp:featuredmedia":[{"embeddable":true,"href":"https:\/\/purecosmetics-shop.com\/accueil\/wp-json\/wp\/v2\/media\/5855"}],"wp:attachment":[{"href":"https:\/\/purecosmetics-shop.com\/accueil\/wp-json\/wp\/v2\/media?parent=1362"}],"wp:term":[{"taxonomy":"product_brand","embeddable":true,"href":"https:\/\/purecosmetics-shop.com\/accueil\/wp-json\/wp\/v2\/product_brand?post=1362"},{"taxonomy":"product_cat","embeddable":true,"href":"https:\/\/purecosmetics-shop.com\/accueil\/wp-json\/wp\/v2\/product_cat?post=1362"},{"taxonomy":"product_tag","embeddable":true,"href":"https:\/\/purecosmetics-shop.com\/accueil\/wp-json\/wp\/v2\/product_tag?post=1362"}],"curies":[{"name":"wp","href":"https:\/\/api.w.org\/{rel}","templated":true}]}}