{"id":1360,"date":"2024-10-16T13:13:05","date_gmt":"2024-10-16T17:13:05","guid":{"rendered":"https:\/\/purecosmetics-shop.com\/accueil\/produit\/purito-seoul-wonder-releaf-centella-spot-patch\/"},"modified":"2026-04-16T00:43:58","modified_gmt":"2026-04-16T04:43:58","slug":"purito-seoul-wonder-releaf-centella-spot-patch","status":"publish","type":"product","link":"https:\/\/purecosmetics-shop.com\/accueil\/produit\/purito-seoul-wonder-releaf-centella-spot-patch\/","title":{"rendered":"Wonder Releaf Centella Spot Patch"},"content":{"rendered":"<p>Ce patch anti-taches contient une solution de secours infus\u00e9e de Centella pour une r\u00e9cup\u00e9ration rapide des zones \u00e0 probl\u00e8mes.<\/p>\n<p>Apaise rapidement les zones \u00e0 probl\u00e8mes avec une seule application, efficace pour apaiser et contr\u00f4ler les \u00e9ruptions cutan\u00e9es sur les peaux sensibles et \u00e0 tendance acn\u00e9ique.<\/p>\n<p>La Centella Asiatica cor\u00e9enne qui apaise rapidement la peau et soulage les rougeurs cr\u00e9e une synergie avec les actifs Centella.<\/p>\n<p>Tests d&rsquo;irritation cutan\u00e9e effectu\u00e9e.<br \/>\nVegan prouv\u00e9, sans cruaut\u00e9, avec des ingr\u00e9dients doux et sans parfum synth\u00e9tique pour les peaux sensibles.<\/p>\n","protected":false},"excerpt":{"rendered":"<p>Ce patch anti-taches contient une solution de secours infus\u00e9e de Centella pour une r\u00e9cup\u00e9ration rapide des zones \u00e0 probl\u00e8mes.<\/p>\n<p>Apaise rapidement les zones \u00e0 probl\u00e8mes avec une seule application, efficace pour apaiser et contr\u00f4ler les \u00e9ruptions cutan\u00e9es sur les peaux sensibles et \u00e0 tendance acn\u00e9ique.<\/p>\n","protected":false},"featured_media":6507,"comment_status":"open","ping_status":"closed","template":"","meta":[],"product_brand":[177],"product_cat":[108,109,113,115,116,118,119,192],"product_tag":[],"class_list":{"0":"post-1360","1":"product","2":"type-product","3":"status-publish","4":"has-post-thumbnail","6":"product_brand-purito-seoul","7":"product_cat-anti-imperfections-et-pores","8":"product_cat-anti-rougeurs-et-irritations","9":"product_cat-peau-a-tendance-acneique","10":"product_cat-peau-grasse","11":"product_cat-peau-mixte","12":"product_cat-peau-seche","13":"product_cat-peau-sensible","14":"product_cat-traitement-localise","16":"first","17":"instock","18":"shipping-taxable","19":"purchasable","20":"product-type-simple"},"yoast_head":"<!-- This site is optimized with the Yoast SEO plugin v27.4 - https:\/\/yoast.com\/product\/yoast-seo-wordpress\/ -->\n<title>Wonder Releaf Centella Spot Patch - Pure Cosmetics<\/title>\n<meta name=\"robots\" content=\"index, follow, max-snippet:-1, max-image-preview:large, max-video-preview:-1\" \/>\n<link rel=\"canonical\" href=\"https:\/\/purecosmetics-shop.com\/accueil\/produit\/purito-seoul-wonder-releaf-centella-spot-patch\/\" \/>\n<meta property=\"og:locale\" content=\"fr_FR\" \/>\n<meta property=\"og:type\" content=\"article\" \/>\n<meta property=\"og:title\" content=\"Wonder Releaf Centella Spot Patch - Pure Cosmetics\" \/>\n<meta property=\"og:description\" content=\"Ce patch anti-taches contient une solution de secours infus\u00e9e de Centella pour une r\u00e9cup\u00e9ration rapide des zones \u00e0 probl\u00e8mes.  Apaise rapidement les zones \u00e0 probl\u00e8mes avec une seule application, efficace pour apaiser et contr\u00f4ler les \u00e9ruptions cutan\u00e9es sur les peaux sensibles et \u00e0 tendance acn\u00e9ique.\" \/>\n<meta property=\"og:url\" content=\"https:\/\/purecosmetics-shop.com\/accueil\/produit\/purito-seoul-wonder-releaf-centella-spot-patch\/\" \/>\n<meta property=\"og:site_name\" content=\"Pure Cosmetics\" \/>\n<meta property=\"article:modified_time\" content=\"2026-04-16T04:43:58+00:00\" \/>\n<meta property=\"og:image\" content=\"https:\/\/purecosmetics-shop.com\/wp-content\/uploads\/2024\/10\/PURITO_SEOUL_WONDER_RELEAF_CENTELLA_SPOT_PATCH.png\" \/>\n\t<meta property=\"og:image:width\" content=\"1400\" \/>\n\t<meta property=\"og:image:height\" content=\"1400\" \/>\n\t<meta property=\"og:image:type\" content=\"image\/png\" \/>\n<meta name=\"twitter:card\" content=\"summary_large_image\" \/>\n<meta name=\"twitter:label1\" content=\"Dur\u00e9e de lecture estim\u00e9e\" \/>\n\t<meta name=\"twitter:data1\" content=\"1 minute\" \/>\n<script type=\"application\/ld+json\" class=\"yoast-schema-graph\">{\"@context\":\"https:\\\/\\\/schema.org\",\"@graph\":[{\"@type\":\"WebPage\",\"@id\":\"https:\\\/\\\/purecosmetics-shop.com\\\/accueil\\\/produit\\\/purito-seoul-wonder-releaf-centella-spot-patch\\\/\",\"url\":\"https:\\\/\\\/purecosmetics-shop.com\\\/accueil\\\/produit\\\/purito-seoul-wonder-releaf-centella-spot-patch\\\/\",\"name\":\"Wonder Releaf Centella Spot Patch - Pure Cosmetics\",\"isPartOf\":{\"@id\":\"https:\\\/\\\/purecosmetics-shop.com\\\/accueil\\\/#website\"},\"primaryImageOfPage\":{\"@id\":\"https:\\\/\\\/purecosmetics-shop.com\\\/accueil\\\/produit\\\/purito-seoul-wonder-releaf-centella-spot-patch\\\/#primaryimage\"},\"image\":{\"@id\":\"https:\\\/\\\/purecosmetics-shop.com\\\/accueil\\\/produit\\\/purito-seoul-wonder-releaf-centella-spot-patch\\\/#primaryimage\"},\"thumbnailUrl\":\"https:\\\/\\\/purecosmetics-shop.com\\\/wp-content\\\/uploads\\\/2024\\\/10\\\/PURITO_SEOUL_WONDER_RELEAF_CENTELLA_SPOT_PATCH.png\",\"datePublished\":\"2024-10-16T17:13:05+00:00\",\"dateModified\":\"2026-04-16T04:43:58+00:00\",\"breadcrumb\":{\"@id\":\"https:\\\/\\\/purecosmetics-shop.com\\\/accueil\\\/produit\\\/purito-seoul-wonder-releaf-centella-spot-patch\\\/#breadcrumb\"},\"inLanguage\":\"fr-FR\",\"potentialAction\":[{\"@type\":\"ReadAction\",\"target\":[\"https:\\\/\\\/purecosmetics-shop.com\\\/accueil\\\/produit\\\/purito-seoul-wonder-releaf-centella-spot-patch\\\/\"]}]},{\"@type\":\"ImageObject\",\"inLanguage\":\"fr-FR\",\"@id\":\"https:\\\/\\\/purecosmetics-shop.com\\\/accueil\\\/produit\\\/purito-seoul-wonder-releaf-centella-spot-patch\\\/#primaryimage\",\"url\":\"https:\\\/\\\/purecosmetics-shop.com\\\/wp-content\\\/uploads\\\/2024\\\/10\\\/PURITO_SEOUL_WONDER_RELEAF_CENTELLA_SPOT_PATCH.png\",\"contentUrl\":\"https:\\\/\\\/purecosmetics-shop.com\\\/wp-content\\\/uploads\\\/2024\\\/10\\\/PURITO_SEOUL_WONDER_RELEAF_CENTELLA_SPOT_PATCH.png\",\"width\":1400,\"height\":1400},{\"@type\":\"BreadcrumbList\",\"@id\":\"https:\\\/\\\/purecosmetics-shop.com\\\/accueil\\\/produit\\\/purito-seoul-wonder-releaf-centella-spot-patch\\\/#breadcrumb\",\"itemListElement\":[{\"@type\":\"ListItem\",\"position\":1,\"name\":\"Accueil\",\"item\":\"https:\\\/\\\/purecosmetics-shop.com\\\/accueil\\\/\"},{\"@type\":\"ListItem\",\"position\":2,\"name\":\"NOUVEAUT\u00c9S\",\"item\":\"https:\\\/\\\/purecosmetics-shop.com\\\/accueil\\\/nouveautes\\\/\"},{\"@type\":\"ListItem\",\"position\":3,\"name\":\"Wonder Releaf Centella Spot Patch\"}]},{\"@type\":\"WebSite\",\"@id\":\"https:\\\/\\\/purecosmetics-shop.com\\\/accueil\\\/#website\",\"url\":\"https:\\\/\\\/purecosmetics-shop.com\\\/accueil\\\/\",\"name\":\"Pure Cosmetics\",\"description\":\"Skincare cor\u00e9enne et japonais\",\"publisher\":{\"@id\":\"https:\\\/\\\/purecosmetics-shop.com\\\/accueil\\\/#organization\"},\"potentialAction\":[{\"@type\":\"SearchAction\",\"target\":{\"@type\":\"EntryPoint\",\"urlTemplate\":\"https:\\\/\\\/purecosmetics-shop.com\\\/accueil\\\/?s={search_term_string}\"},\"query-input\":{\"@type\":\"PropertyValueSpecification\",\"valueRequired\":true,\"valueName\":\"search_term_string\"}}],\"inLanguage\":\"fr-FR\"},{\"@type\":\"Organization\",\"@id\":\"https:\\\/\\\/purecosmetics-shop.com\\\/accueil\\\/#organization\",\"name\":\"Pure Cosmetics\",\"url\":\"https:\\\/\\\/purecosmetics-shop.com\\\/accueil\\\/\",\"logo\":{\"@type\":\"ImageObject\",\"inLanguage\":\"fr-FR\",\"@id\":\"https:\\\/\\\/purecosmetics-shop.com\\\/accueil\\\/#\\\/schema\\\/logo\\\/image\\\/\",\"url\":\"https:\\\/\\\/purecosmetics-shop.com\\\/wp-content\\\/uploads\\\/2025\\\/04\\\/cropped-Pure-Cosmetics-black-2.png\",\"contentUrl\":\"https:\\\/\\\/purecosmetics-shop.com\\\/wp-content\\\/uploads\\\/2025\\\/04\\\/cropped-Pure-Cosmetics-black-2.png\",\"width\":2362,\"height\":2324,\"caption\":\"Pure Cosmetics\"},\"image\":{\"@id\":\"https:\\\/\\\/purecosmetics-shop.com\\\/accueil\\\/#\\\/schema\\\/logo\\\/image\\\/\"}}]}<\/script>\n<!-- \/ Yoast SEO plugin. -->","yoast_head_json":{"title":"Wonder Releaf Centella Spot Patch - Pure Cosmetics","robots":{"index":"index","follow":"follow","max-snippet":"max-snippet:-1","max-image-preview":"max-image-preview:large","max-video-preview":"max-video-preview:-1"},"canonical":"https:\/\/purecosmetics-shop.com\/accueil\/produit\/purito-seoul-wonder-releaf-centella-spot-patch\/","og_locale":"fr_FR","og_type":"article","og_title":"Wonder Releaf Centella Spot Patch - Pure Cosmetics","og_description":"Ce patch anti-taches contient une solution de secours infus\u00e9e de Centella pour une r\u00e9cup\u00e9ration rapide des zones \u00e0 probl\u00e8mes.  Apaise rapidement les zones \u00e0 probl\u00e8mes avec une seule application, efficace pour apaiser et contr\u00f4ler les \u00e9ruptions cutan\u00e9es sur les peaux sensibles et \u00e0 tendance acn\u00e9ique.","og_url":"https:\/\/purecosmetics-shop.com\/accueil\/produit\/purito-seoul-wonder-releaf-centella-spot-patch\/","og_site_name":"Pure Cosmetics","article_modified_time":"2026-04-16T04:43:58+00:00","og_image":[{"width":1400,"height":1400,"url":"https:\/\/purecosmetics-shop.com\/wp-content\/uploads\/2024\/10\/PURITO_SEOUL_WONDER_RELEAF_CENTELLA_SPOT_PATCH.png","type":"image\/png"}],"twitter_card":"summary_large_image","twitter_misc":{"Dur\u00e9e de lecture estim\u00e9e":"1 minute"},"schema":{"@context":"https:\/\/schema.org","@graph":[{"@type":"WebPage","@id":"https:\/\/purecosmetics-shop.com\/accueil\/produit\/purito-seoul-wonder-releaf-centella-spot-patch\/","url":"https:\/\/purecosmetics-shop.com\/accueil\/produit\/purito-seoul-wonder-releaf-centella-spot-patch\/","name":"Wonder Releaf Centella Spot Patch - Pure Cosmetics","isPartOf":{"@id":"https:\/\/purecosmetics-shop.com\/accueil\/#website"},"primaryImageOfPage":{"@id":"https:\/\/purecosmetics-shop.com\/accueil\/produit\/purito-seoul-wonder-releaf-centella-spot-patch\/#primaryimage"},"image":{"@id":"https:\/\/purecosmetics-shop.com\/accueil\/produit\/purito-seoul-wonder-releaf-centella-spot-patch\/#primaryimage"},"thumbnailUrl":"https:\/\/purecosmetics-shop.com\/wp-content\/uploads\/2024\/10\/PURITO_SEOUL_WONDER_RELEAF_CENTELLA_SPOT_PATCH.png","datePublished":"2024-10-16T17:13:05+00:00","dateModified":"2026-04-16T04:43:58+00:00","breadcrumb":{"@id":"https:\/\/purecosmetics-shop.com\/accueil\/produit\/purito-seoul-wonder-releaf-centella-spot-patch\/#breadcrumb"},"inLanguage":"fr-FR","potentialAction":[{"@type":"ReadAction","target":["https:\/\/purecosmetics-shop.com\/accueil\/produit\/purito-seoul-wonder-releaf-centella-spot-patch\/"]}]},{"@type":"ImageObject","inLanguage":"fr-FR","@id":"https:\/\/purecosmetics-shop.com\/accueil\/produit\/purito-seoul-wonder-releaf-centella-spot-patch\/#primaryimage","url":"https:\/\/purecosmetics-shop.com\/wp-content\/uploads\/2024\/10\/PURITO_SEOUL_WONDER_RELEAF_CENTELLA_SPOT_PATCH.png","contentUrl":"https:\/\/purecosmetics-shop.com\/wp-content\/uploads\/2024\/10\/PURITO_SEOUL_WONDER_RELEAF_CENTELLA_SPOT_PATCH.png","width":1400,"height":1400},{"@type":"BreadcrumbList","@id":"https:\/\/purecosmetics-shop.com\/accueil\/produit\/purito-seoul-wonder-releaf-centella-spot-patch\/#breadcrumb","itemListElement":[{"@type":"ListItem","position":1,"name":"Accueil","item":"https:\/\/purecosmetics-shop.com\/accueil\/"},{"@type":"ListItem","position":2,"name":"NOUVEAUT\u00c9S","item":"https:\/\/purecosmetics-shop.com\/accueil\/nouveautes\/"},{"@type":"ListItem","position":3,"name":"Wonder Releaf Centella Spot Patch"}]},{"@type":"WebSite","@id":"https:\/\/purecosmetics-shop.com\/accueil\/#website","url":"https:\/\/purecosmetics-shop.com\/accueil\/","name":"Pure Cosmetics","description":"Skincare cor\u00e9enne et japonais","publisher":{"@id":"https:\/\/purecosmetics-shop.com\/accueil\/#organization"},"potentialAction":[{"@type":"SearchAction","target":{"@type":"EntryPoint","urlTemplate":"https:\/\/purecosmetics-shop.com\/accueil\/?s={search_term_string}"},"query-input":{"@type":"PropertyValueSpecification","valueRequired":true,"valueName":"search_term_string"}}],"inLanguage":"fr-FR"},{"@type":"Organization","@id":"https:\/\/purecosmetics-shop.com\/accueil\/#organization","name":"Pure Cosmetics","url":"https:\/\/purecosmetics-shop.com\/accueil\/","logo":{"@type":"ImageObject","inLanguage":"fr-FR","@id":"https:\/\/purecosmetics-shop.com\/accueil\/#\/schema\/logo\/image\/","url":"https:\/\/purecosmetics-shop.com\/wp-content\/uploads\/2025\/04\/cropped-Pure-Cosmetics-black-2.png","contentUrl":"https:\/\/purecosmetics-shop.com\/wp-content\/uploads\/2025\/04\/cropped-Pure-Cosmetics-black-2.png","width":2362,"height":2324,"caption":"Pure Cosmetics"},"image":{"@id":"https:\/\/purecosmetics-shop.com\/accueil\/#\/schema\/logo\/image\/"}}]}},"jetpack_sharing_enabled":true,"_links":{"self":[{"href":"https:\/\/purecosmetics-shop.com\/accueil\/wp-json\/wp\/v2\/product\/1360","targetHints":{"allow":["GET"]}}],"collection":[{"href":"https:\/\/purecosmetics-shop.com\/accueil\/wp-json\/wp\/v2\/product"}],"about":[{"href":"https:\/\/purecosmetics-shop.com\/accueil\/wp-json\/wp\/v2\/types\/product"}],"replies":[{"embeddable":true,"href":"https:\/\/purecosmetics-shop.com\/accueil\/wp-json\/wp\/v2\/comments?post=1360"}],"version-history":[{"count":3,"href":"https:\/\/purecosmetics-shop.com\/accueil\/wp-json\/wp\/v2\/product\/1360\/revisions"}],"predecessor-version":[{"id":2605,"href":"https:\/\/purecosmetics-shop.com\/accueil\/wp-json\/wp\/v2\/product\/1360\/revisions\/2605"}],"wp:featuredmedia":[{"embeddable":true,"href":"https:\/\/purecosmetics-shop.com\/accueil\/wp-json\/wp\/v2\/media\/6507"}],"wp:attachment":[{"href":"https:\/\/purecosmetics-shop.com\/accueil\/wp-json\/wp\/v2\/media?parent=1360"}],"wp:term":[{"taxonomy":"product_brand","embeddable":true,"href":"https:\/\/purecosmetics-shop.com\/accueil\/wp-json\/wp\/v2\/product_brand?post=1360"},{"taxonomy":"product_cat","embeddable":true,"href":"https:\/\/purecosmetics-shop.com\/accueil\/wp-json\/wp\/v2\/product_cat?post=1360"},{"taxonomy":"product_tag","embeddable":true,"href":"https:\/\/purecosmetics-shop.com\/accueil\/wp-json\/wp\/v2\/product_tag?post=1360"}],"curies":[{"name":"wp","href":"https:\/\/api.w.org\/{rel}","templated":true}]}}