{"id":1359,"date":"2024-10-16T13:13:05","date_gmt":"2024-10-16T17:13:05","guid":{"rendered":"https:\/\/purecosmetics-shop.com\/accueil\/produit\/cosrx-advanced-snail-hydrogel-eye-patch\/"},"modified":"2025-03-28T17:53:44","modified_gmt":"2025-03-28T21:53:44","slug":"cosrx-advanced-snail-hydrogel-eye-patch","status":"publish","type":"product","link":"https:\/\/purecosmetics-shop.com\/accueil\/produit\/cosrx-advanced-snail-hydrogel-eye-patch\/","title":{"rendered":"Advanced Snail Hydrogel Eye Patch"},"content":{"rendered":"<p>Infus\u00e9 de filtrat de s\u00e9cr\u00e9tion d&rsquo;escargot, ce patch hydrogel pour les yeux parfaitement ajust\u00e9 hydrate, repulpe et illumine visiblement la zone d\u00e9licate des yeux.<\/p>\n<p>Patch d\u00e9congestionnant et tonifiant infus\u00e9 de l&rsquo;essence d&rsquo;escargot la plus vendue.<\/p>\n<p>Taille sp\u00e9cialement con\u00e7ue et motif en nid d&rsquo;abeille pour permettre une action \u00e0 360 degr\u00e9s et des soins plus longs et plus intensifs.<\/p>\n<p>Soins de la peau minimalistes avec un seul patch ! Article de soin de la peau multi-actions rapide et facile !<\/p>\n","protected":false},"excerpt":{"rendered":"<p>Les masques hydrogel pour les yeux Advanced Snail Hydrogel Eye Patch de chez Cosrx enrichit le contour des yeux avec du filtrat de s\u00e9cr\u00e9tion d\u2019escargot et en niacinamide. Gr\u00e2ce \u00e0 ces ingr\u00e9dients, le contour des yeux est visiblement plus hydrat\u00e9 et illumin\u00e9.<\/p>\n<p>Une utilisation r\u00e9guli\u00e8re des patchs va permettre de r\u00e9duire les ridules et donc un effet de rajeunissement.<\/p>\n<p>Le masque pour les yeux se compose de deux tailles \u2013 petite et grande \u2013 pour un ajustement parfait<\/p>\n","protected":false},"featured_media":1578,"comment_status":"open","ping_status":"closed","template":"","meta":[],"product_brand":[154],"product_cat":[111,112,23,22],"product_tag":[],"class_list":{"0":"post-1359","1":"product","2":"type-product","3":"status-publish","4":"has-post-thumbnail","6":"product_brand-cosrx","7":"product_cat-cernes-et-poches","8":"product_cat-hydratation","9":"product_cat-masque","10":"product_cat-yeux","12":"first","13":"outofstock","14":"shipping-taxable","15":"product-type-simple"},"yoast_head":"<!-- This site is optimized with the Yoast SEO plugin v27.4 - https:\/\/yoast.com\/product\/yoast-seo-wordpress\/ -->\n<title>Advanced Snail Hydrogel Eye Patch - Pure Cosmetics<\/title>\n<meta name=\"robots\" content=\"index, follow, max-snippet:-1, max-image-preview:large, max-video-preview:-1\" \/>\n<link rel=\"canonical\" href=\"https:\/\/purecosmetics-shop.com\/accueil\/produit\/cosrx-advanced-snail-hydrogel-eye-patch\/\" \/>\n<meta property=\"og:locale\" content=\"fr_FR\" \/>\n<meta property=\"og:type\" content=\"article\" \/>\n<meta property=\"og:title\" content=\"Advanced Snail Hydrogel Eye Patch - Pure Cosmetics\" \/>\n<meta property=\"og:description\" content=\"Les masques hydrogel pour les yeux Advanced Snail Hydrogel Eye Patch de chez Cosrx enrichit le contour des yeux avec du filtrat de s\u00e9cr\u00e9tion d\u2019escargot et en niacinamide. Gr\u00e2ce \u00e0 ces ingr\u00e9dients, le contour des yeux est visiblement plus hydrat\u00e9 et illumin\u00e9.  Une utilisation r\u00e9guli\u00e8re des patchs va permettre de r\u00e9duire les ridules et donc un effet de rajeunissement.  Le masque pour les yeux se compose de deux tailles \u2013 petite et grande \u2013 pour un ajustement parfait\" \/>\n<meta property=\"og:url\" content=\"https:\/\/purecosmetics-shop.com\/accueil\/produit\/cosrx-advanced-snail-hydrogel-eye-patch\/\" \/>\n<meta property=\"og:site_name\" content=\"Pure Cosmetics\" \/>\n<meta property=\"article:modified_time\" content=\"2025-03-28T21:53:44+00:00\" \/>\n<meta property=\"og:image\" content=\"https:\/\/purecosmetics-shop.com\/wp-content\/uploads\/2024\/10\/COSRX-Advanced-Snail-Hydrogel-Eye-Patch-1-1.webp\" \/>\n\t<meta property=\"og:image:width\" content=\"800\" \/>\n\t<meta property=\"og:image:height\" content=\"800\" \/>\n\t<meta property=\"og:image:type\" content=\"image\/webp\" \/>\n<meta name=\"twitter:card\" content=\"summary_large_image\" \/>\n<meta name=\"twitter:label1\" content=\"Dur\u00e9e de lecture estim\u00e9e\" \/>\n\t<meta name=\"twitter:data1\" content=\"1 minute\" \/>\n<script type=\"application\/ld+json\" class=\"yoast-schema-graph\">{\"@context\":\"https:\\\/\\\/schema.org\",\"@graph\":[{\"@type\":\"WebPage\",\"@id\":\"https:\\\/\\\/purecosmetics-shop.com\\\/accueil\\\/produit\\\/cosrx-advanced-snail-hydrogel-eye-patch\\\/\",\"url\":\"https:\\\/\\\/purecosmetics-shop.com\\\/accueil\\\/produit\\\/cosrx-advanced-snail-hydrogel-eye-patch\\\/\",\"name\":\"Advanced Snail Hydrogel Eye Patch - Pure Cosmetics\",\"isPartOf\":{\"@id\":\"https:\\\/\\\/purecosmetics-shop.com\\\/accueil\\\/#website\"},\"primaryImageOfPage\":{\"@id\":\"https:\\\/\\\/purecosmetics-shop.com\\\/accueil\\\/produit\\\/cosrx-advanced-snail-hydrogel-eye-patch\\\/#primaryimage\"},\"image\":{\"@id\":\"https:\\\/\\\/purecosmetics-shop.com\\\/accueil\\\/produit\\\/cosrx-advanced-snail-hydrogel-eye-patch\\\/#primaryimage\"},\"thumbnailUrl\":\"https:\\\/\\\/purecosmetics-shop.com\\\/wp-content\\\/uploads\\\/2024\\\/10\\\/COSRX-Advanced-Snail-Hydrogel-Eye-Patch-1-1.webp\",\"datePublished\":\"2024-10-16T17:13:05+00:00\",\"dateModified\":\"2025-03-28T21:53:44+00:00\",\"breadcrumb\":{\"@id\":\"https:\\\/\\\/purecosmetics-shop.com\\\/accueil\\\/produit\\\/cosrx-advanced-snail-hydrogel-eye-patch\\\/#breadcrumb\"},\"inLanguage\":\"fr-FR\",\"potentialAction\":[{\"@type\":\"ReadAction\",\"target\":[\"https:\\\/\\\/purecosmetics-shop.com\\\/accueil\\\/produit\\\/cosrx-advanced-snail-hydrogel-eye-patch\\\/\"]}]},{\"@type\":\"ImageObject\",\"inLanguage\":\"fr-FR\",\"@id\":\"https:\\\/\\\/purecosmetics-shop.com\\\/accueil\\\/produit\\\/cosrx-advanced-snail-hydrogel-eye-patch\\\/#primaryimage\",\"url\":\"https:\\\/\\\/purecosmetics-shop.com\\\/wp-content\\\/uploads\\\/2024\\\/10\\\/COSRX-Advanced-Snail-Hydrogel-Eye-Patch-1-1.webp\",\"contentUrl\":\"https:\\\/\\\/purecosmetics-shop.com\\\/wp-content\\\/uploads\\\/2024\\\/10\\\/COSRX-Advanced-Snail-Hydrogel-Eye-Patch-1-1.webp\",\"width\":800,\"height\":800},{\"@type\":\"BreadcrumbList\",\"@id\":\"https:\\\/\\\/purecosmetics-shop.com\\\/accueil\\\/produit\\\/cosrx-advanced-snail-hydrogel-eye-patch\\\/#breadcrumb\",\"itemListElement\":[{\"@type\":\"ListItem\",\"position\":1,\"name\":\"Accueil\",\"item\":\"https:\\\/\\\/purecosmetics-shop.com\\\/accueil\\\/\"},{\"@type\":\"ListItem\",\"position\":2,\"name\":\"NOUVEAUT\u00c9S\",\"item\":\"https:\\\/\\\/purecosmetics-shop.com\\\/accueil\\\/nouveautes\\\/\"},{\"@type\":\"ListItem\",\"position\":3,\"name\":\"Advanced Snail Hydrogel Eye Patch\"}]},{\"@type\":\"WebSite\",\"@id\":\"https:\\\/\\\/purecosmetics-shop.com\\\/accueil\\\/#website\",\"url\":\"https:\\\/\\\/purecosmetics-shop.com\\\/accueil\\\/\",\"name\":\"Pure Cosmetics\",\"description\":\"Skincare cor\u00e9enne et japonais\",\"publisher\":{\"@id\":\"https:\\\/\\\/purecosmetics-shop.com\\\/accueil\\\/#organization\"},\"potentialAction\":[{\"@type\":\"SearchAction\",\"target\":{\"@type\":\"EntryPoint\",\"urlTemplate\":\"https:\\\/\\\/purecosmetics-shop.com\\\/accueil\\\/?s={search_term_string}\"},\"query-input\":{\"@type\":\"PropertyValueSpecification\",\"valueRequired\":true,\"valueName\":\"search_term_string\"}}],\"inLanguage\":\"fr-FR\"},{\"@type\":\"Organization\",\"@id\":\"https:\\\/\\\/purecosmetics-shop.com\\\/accueil\\\/#organization\",\"name\":\"Pure Cosmetics\",\"url\":\"https:\\\/\\\/purecosmetics-shop.com\\\/accueil\\\/\",\"logo\":{\"@type\":\"ImageObject\",\"inLanguage\":\"fr-FR\",\"@id\":\"https:\\\/\\\/purecosmetics-shop.com\\\/accueil\\\/#\\\/schema\\\/logo\\\/image\\\/\",\"url\":\"https:\\\/\\\/purecosmetics-shop.com\\\/wp-content\\\/uploads\\\/2025\\\/04\\\/cropped-Pure-Cosmetics-black-2.png\",\"contentUrl\":\"https:\\\/\\\/purecosmetics-shop.com\\\/wp-content\\\/uploads\\\/2025\\\/04\\\/cropped-Pure-Cosmetics-black-2.png\",\"width\":2362,\"height\":2324,\"caption\":\"Pure Cosmetics\"},\"image\":{\"@id\":\"https:\\\/\\\/purecosmetics-shop.com\\\/accueil\\\/#\\\/schema\\\/logo\\\/image\\\/\"}}]}<\/script>\n<!-- \/ Yoast SEO plugin. -->","yoast_head_json":{"title":"Advanced Snail Hydrogel Eye Patch - Pure Cosmetics","robots":{"index":"index","follow":"follow","max-snippet":"max-snippet:-1","max-image-preview":"max-image-preview:large","max-video-preview":"max-video-preview:-1"},"canonical":"https:\/\/purecosmetics-shop.com\/accueil\/produit\/cosrx-advanced-snail-hydrogel-eye-patch\/","og_locale":"fr_FR","og_type":"article","og_title":"Advanced Snail Hydrogel Eye Patch - Pure Cosmetics","og_description":"Les masques hydrogel pour les yeux Advanced Snail Hydrogel Eye Patch de chez Cosrx enrichit le contour des yeux avec du filtrat de s\u00e9cr\u00e9tion d\u2019escargot et en niacinamide. Gr\u00e2ce \u00e0 ces ingr\u00e9dients, le contour des yeux est visiblement plus hydrat\u00e9 et illumin\u00e9.  Une utilisation r\u00e9guli\u00e8re des patchs va permettre de r\u00e9duire les ridules et donc un effet de rajeunissement.  Le masque pour les yeux se compose de deux tailles \u2013 petite et grande \u2013 pour un ajustement parfait","og_url":"https:\/\/purecosmetics-shop.com\/accueil\/produit\/cosrx-advanced-snail-hydrogel-eye-patch\/","og_site_name":"Pure Cosmetics","article_modified_time":"2025-03-28T21:53:44+00:00","og_image":[{"width":800,"height":800,"url":"https:\/\/purecosmetics-shop.com\/wp-content\/uploads\/2024\/10\/COSRX-Advanced-Snail-Hydrogel-Eye-Patch-1-1.webp","type":"image\/webp"}],"twitter_card":"summary_large_image","twitter_misc":{"Dur\u00e9e de lecture estim\u00e9e":"1 minute"},"schema":{"@context":"https:\/\/schema.org","@graph":[{"@type":"WebPage","@id":"https:\/\/purecosmetics-shop.com\/accueil\/produit\/cosrx-advanced-snail-hydrogel-eye-patch\/","url":"https:\/\/purecosmetics-shop.com\/accueil\/produit\/cosrx-advanced-snail-hydrogel-eye-patch\/","name":"Advanced Snail Hydrogel Eye Patch - Pure Cosmetics","isPartOf":{"@id":"https:\/\/purecosmetics-shop.com\/accueil\/#website"},"primaryImageOfPage":{"@id":"https:\/\/purecosmetics-shop.com\/accueil\/produit\/cosrx-advanced-snail-hydrogel-eye-patch\/#primaryimage"},"image":{"@id":"https:\/\/purecosmetics-shop.com\/accueil\/produit\/cosrx-advanced-snail-hydrogel-eye-patch\/#primaryimage"},"thumbnailUrl":"https:\/\/purecosmetics-shop.com\/wp-content\/uploads\/2024\/10\/COSRX-Advanced-Snail-Hydrogel-Eye-Patch-1-1.webp","datePublished":"2024-10-16T17:13:05+00:00","dateModified":"2025-03-28T21:53:44+00:00","breadcrumb":{"@id":"https:\/\/purecosmetics-shop.com\/accueil\/produit\/cosrx-advanced-snail-hydrogel-eye-patch\/#breadcrumb"},"inLanguage":"fr-FR","potentialAction":[{"@type":"ReadAction","target":["https:\/\/purecosmetics-shop.com\/accueil\/produit\/cosrx-advanced-snail-hydrogel-eye-patch\/"]}]},{"@type":"ImageObject","inLanguage":"fr-FR","@id":"https:\/\/purecosmetics-shop.com\/accueil\/produit\/cosrx-advanced-snail-hydrogel-eye-patch\/#primaryimage","url":"https:\/\/purecosmetics-shop.com\/wp-content\/uploads\/2024\/10\/COSRX-Advanced-Snail-Hydrogel-Eye-Patch-1-1.webp","contentUrl":"https:\/\/purecosmetics-shop.com\/wp-content\/uploads\/2024\/10\/COSRX-Advanced-Snail-Hydrogel-Eye-Patch-1-1.webp","width":800,"height":800},{"@type":"BreadcrumbList","@id":"https:\/\/purecosmetics-shop.com\/accueil\/produit\/cosrx-advanced-snail-hydrogel-eye-patch\/#breadcrumb","itemListElement":[{"@type":"ListItem","position":1,"name":"Accueil","item":"https:\/\/purecosmetics-shop.com\/accueil\/"},{"@type":"ListItem","position":2,"name":"NOUVEAUT\u00c9S","item":"https:\/\/purecosmetics-shop.com\/accueil\/nouveautes\/"},{"@type":"ListItem","position":3,"name":"Advanced Snail Hydrogel Eye Patch"}]},{"@type":"WebSite","@id":"https:\/\/purecosmetics-shop.com\/accueil\/#website","url":"https:\/\/purecosmetics-shop.com\/accueil\/","name":"Pure Cosmetics","description":"Skincare cor\u00e9enne et japonais","publisher":{"@id":"https:\/\/purecosmetics-shop.com\/accueil\/#organization"},"potentialAction":[{"@type":"SearchAction","target":{"@type":"EntryPoint","urlTemplate":"https:\/\/purecosmetics-shop.com\/accueil\/?s={search_term_string}"},"query-input":{"@type":"PropertyValueSpecification","valueRequired":true,"valueName":"search_term_string"}}],"inLanguage":"fr-FR"},{"@type":"Organization","@id":"https:\/\/purecosmetics-shop.com\/accueil\/#organization","name":"Pure Cosmetics","url":"https:\/\/purecosmetics-shop.com\/accueil\/","logo":{"@type":"ImageObject","inLanguage":"fr-FR","@id":"https:\/\/purecosmetics-shop.com\/accueil\/#\/schema\/logo\/image\/","url":"https:\/\/purecosmetics-shop.com\/wp-content\/uploads\/2025\/04\/cropped-Pure-Cosmetics-black-2.png","contentUrl":"https:\/\/purecosmetics-shop.com\/wp-content\/uploads\/2025\/04\/cropped-Pure-Cosmetics-black-2.png","width":2362,"height":2324,"caption":"Pure Cosmetics"},"image":{"@id":"https:\/\/purecosmetics-shop.com\/accueil\/#\/schema\/logo\/image\/"}}]}},"jetpack_sharing_enabled":true,"_links":{"self":[{"href":"https:\/\/purecosmetics-shop.com\/accueil\/wp-json\/wp\/v2\/product\/1359","targetHints":{"allow":["GET"]}}],"collection":[{"href":"https:\/\/purecosmetics-shop.com\/accueil\/wp-json\/wp\/v2\/product"}],"about":[{"href":"https:\/\/purecosmetics-shop.com\/accueil\/wp-json\/wp\/v2\/types\/product"}],"replies":[{"embeddable":true,"href":"https:\/\/purecosmetics-shop.com\/accueil\/wp-json\/wp\/v2\/comments?post=1359"}],"version-history":[{"count":4,"href":"https:\/\/purecosmetics-shop.com\/accueil\/wp-json\/wp\/v2\/product\/1359\/revisions"}],"predecessor-version":[{"id":1586,"href":"https:\/\/purecosmetics-shop.com\/accueil\/wp-json\/wp\/v2\/product\/1359\/revisions\/1586"}],"wp:featuredmedia":[{"embeddable":true,"href":"https:\/\/purecosmetics-shop.com\/accueil\/wp-json\/wp\/v2\/media\/1578"}],"wp:attachment":[{"href":"https:\/\/purecosmetics-shop.com\/accueil\/wp-json\/wp\/v2\/media?parent=1359"}],"wp:term":[{"taxonomy":"product_brand","embeddable":true,"href":"https:\/\/purecosmetics-shop.com\/accueil\/wp-json\/wp\/v2\/product_brand?post=1359"},{"taxonomy":"product_cat","embeddable":true,"href":"https:\/\/purecosmetics-shop.com\/accueil\/wp-json\/wp\/v2\/product_cat?post=1359"},{"taxonomy":"product_tag","embeddable":true,"href":"https:\/\/purecosmetics-shop.com\/accueil\/wp-json\/wp\/v2\/product_tag?post=1359"}],"curies":[{"name":"wp","href":"https:\/\/api.w.org\/{rel}","templated":true}]}}