{"id":1352,"date":"2024-10-16T13:13:01","date_gmt":"2024-10-16T17:13:01","guid":{"rendered":"https:\/\/purecosmetics-shop.com\/accueil\/produit\/skin1004-madagascar-centella-poremizing-deep-cleansing-foam\/"},"modified":"2025-03-28T17:53:44","modified_gmt":"2025-03-28T21:53:44","slug":"skin1004-madagascar-centella-poremizing-deep-cleansing-foam","status":"publish","type":"product","link":"https:\/\/purecosmetics-shop.com\/accueil\/produit\/skin1004-madagascar-centella-poremizing-deep-cleansing-foam\/","title":{"rendered":"Madagascar Centella Poremizing Deep Cleansing Foam"},"content":{"rendered":"<p>Un nettoyant tout-en-un qui \u00e9limine les d\u00e9chets des pores, y compris la cr\u00e8me solaire, tout en affinant la texture de la peau.<\/p>\n<p>Contient du sel rose de l&rsquo;Himalaya riche en min\u00e9raux qui purifient et rajeunissent la peau.<\/p>\n<p>La papa\u00efne et la poudre de caolin infus\u00e9es aident \u00e0 \u00e9liminer en douceur les cellules mortes de la peau.<\/p>\n<p>La charge intense d&rsquo;extrait de Centella Asiatica apaise les peaux sensibles et renforce la barri\u00e8re cutan\u00e9e pour qu&rsquo;elle reste intacte.<\/p>\n","protected":false},"excerpt":{"rendered":"<p>Nettoyant infus\u00e9 de sel rose de l\u2019Himalaya et de la papa\u00efne pour exfolier en douceur la peau, \u00e9liminer la salet\u00e9, le s\u00e9bum dans les pores et les r\u00e9sidus de cr\u00e8me solaire sur votre visage.<br \/>\nElle contient \u00e9galement de l\u2019extrait de centella asiatica, connu pour ses propri\u00e9t\u00e9s cicatrisantes et anti-inflammatoires.<\/p>\n","protected":false},"featured_media":1812,"comment_status":"open","ping_status":"closed","template":"","meta":[],"product_brand":[179],"product_cat":[108,18,113,115,116,119],"product_tag":[],"class_list":{"0":"post-1352","1":"product","2":"type-product","3":"status-publish","4":"has-post-thumbnail","6":"product_brand-skin1004","7":"product_cat-anti-imperfections-et-pores","8":"product_cat-nettoyant-visage","9":"product_cat-peau-a-tendance-acneique","10":"product_cat-peau-grasse","11":"product_cat-peau-mixte","12":"product_cat-peau-sensible","14":"first","15":"outofstock","16":"shipping-taxable","17":"product-type-simple"},"yoast_head":"<!-- This site is optimized with the Yoast SEO plugin v27.4 - https:\/\/yoast.com\/product\/yoast-seo-wordpress\/ -->\n<title>Madagascar Centella Poremizing Deep Cleansing Foam - Pure Cosmetics<\/title>\n<meta name=\"robots\" content=\"index, follow, max-snippet:-1, max-image-preview:large, max-video-preview:-1\" \/>\n<link rel=\"canonical\" href=\"https:\/\/purecosmetics-shop.com\/accueil\/produit\/skin1004-madagascar-centella-poremizing-deep-cleansing-foam\/\" \/>\n<meta property=\"og:locale\" content=\"fr_FR\" \/>\n<meta property=\"og:type\" content=\"article\" \/>\n<meta property=\"og:title\" content=\"Madagascar Centella Poremizing Deep Cleansing Foam - Pure Cosmetics\" \/>\n<meta property=\"og:description\" content=\"Nettoyant infus\u00e9 de sel rose de l\u2019Himalaya et de la papa\u00efne pour exfolier en douceur la peau, \u00e9liminer la salet\u00e9, le s\u00e9bum dans les pores et les r\u00e9sidus de cr\u00e8me solaire sur votre visage. Elle contient \u00e9galement de l\u2019extrait de centella asiatica, connu pour ses propri\u00e9t\u00e9s cicatrisantes et anti-inflammatoires.\" \/>\n<meta property=\"og:url\" content=\"https:\/\/purecosmetics-shop.com\/accueil\/produit\/skin1004-madagascar-centella-poremizing-deep-cleansing-foam\/\" \/>\n<meta property=\"og:site_name\" content=\"Pure Cosmetics\" \/>\n<meta property=\"article:modified_time\" content=\"2025-03-28T21:53:44+00:00\" \/>\n<meta property=\"og:image\" content=\"https:\/\/purecosmetics-shop.com\/wp-content\/uploads\/2024\/10\/SKIN1004-Centella-Poremizing-Deep-Cleansing-Foam.webp\" \/>\n\t<meta property=\"og:image:width\" content=\"800\" \/>\n\t<meta property=\"og:image:height\" content=\"800\" \/>\n\t<meta property=\"og:image:type\" content=\"image\/webp\" \/>\n<meta name=\"twitter:card\" content=\"summary_large_image\" \/>\n<meta name=\"twitter:label1\" content=\"Dur\u00e9e de lecture estim\u00e9e\" \/>\n\t<meta name=\"twitter:data1\" content=\"1 minute\" \/>\n<script type=\"application\/ld+json\" class=\"yoast-schema-graph\">{\"@context\":\"https:\\\/\\\/schema.org\",\"@graph\":[{\"@type\":\"WebPage\",\"@id\":\"https:\\\/\\\/purecosmetics-shop.com\\\/accueil\\\/produit\\\/skin1004-madagascar-centella-poremizing-deep-cleansing-foam\\\/\",\"url\":\"https:\\\/\\\/purecosmetics-shop.com\\\/accueil\\\/produit\\\/skin1004-madagascar-centella-poremizing-deep-cleansing-foam\\\/\",\"name\":\"Madagascar Centella Poremizing Deep Cleansing Foam - Pure Cosmetics\",\"isPartOf\":{\"@id\":\"https:\\\/\\\/purecosmetics-shop.com\\\/accueil\\\/#website\"},\"primaryImageOfPage\":{\"@id\":\"https:\\\/\\\/purecosmetics-shop.com\\\/accueil\\\/produit\\\/skin1004-madagascar-centella-poremizing-deep-cleansing-foam\\\/#primaryimage\"},\"image\":{\"@id\":\"https:\\\/\\\/purecosmetics-shop.com\\\/accueil\\\/produit\\\/skin1004-madagascar-centella-poremizing-deep-cleansing-foam\\\/#primaryimage\"},\"thumbnailUrl\":\"https:\\\/\\\/purecosmetics-shop.com\\\/wp-content\\\/uploads\\\/2024\\\/10\\\/SKIN1004-Centella-Poremizing-Deep-Cleansing-Foam.webp\",\"datePublished\":\"2024-10-16T17:13:01+00:00\",\"dateModified\":\"2025-03-28T21:53:44+00:00\",\"breadcrumb\":{\"@id\":\"https:\\\/\\\/purecosmetics-shop.com\\\/accueil\\\/produit\\\/skin1004-madagascar-centella-poremizing-deep-cleansing-foam\\\/#breadcrumb\"},\"inLanguage\":\"fr-FR\",\"potentialAction\":[{\"@type\":\"ReadAction\",\"target\":[\"https:\\\/\\\/purecosmetics-shop.com\\\/accueil\\\/produit\\\/skin1004-madagascar-centella-poremizing-deep-cleansing-foam\\\/\"]}]},{\"@type\":\"ImageObject\",\"inLanguage\":\"fr-FR\",\"@id\":\"https:\\\/\\\/purecosmetics-shop.com\\\/accueil\\\/produit\\\/skin1004-madagascar-centella-poremizing-deep-cleansing-foam\\\/#primaryimage\",\"url\":\"https:\\\/\\\/purecosmetics-shop.com\\\/wp-content\\\/uploads\\\/2024\\\/10\\\/SKIN1004-Centella-Poremizing-Deep-Cleansing-Foam.webp\",\"contentUrl\":\"https:\\\/\\\/purecosmetics-shop.com\\\/wp-content\\\/uploads\\\/2024\\\/10\\\/SKIN1004-Centella-Poremizing-Deep-Cleansing-Foam.webp\",\"width\":800,\"height\":800},{\"@type\":\"BreadcrumbList\",\"@id\":\"https:\\\/\\\/purecosmetics-shop.com\\\/accueil\\\/produit\\\/skin1004-madagascar-centella-poremizing-deep-cleansing-foam\\\/#breadcrumb\",\"itemListElement\":[{\"@type\":\"ListItem\",\"position\":1,\"name\":\"Accueil\",\"item\":\"https:\\\/\\\/purecosmetics-shop.com\\\/accueil\\\/\"},{\"@type\":\"ListItem\",\"position\":2,\"name\":\"NOUVEAUT\u00c9S\",\"item\":\"https:\\\/\\\/purecosmetics-shop.com\\\/accueil\\\/nouveautes\\\/\"},{\"@type\":\"ListItem\",\"position\":3,\"name\":\"Madagascar Centella Poremizing Deep Cleansing Foam\"}]},{\"@type\":\"WebSite\",\"@id\":\"https:\\\/\\\/purecosmetics-shop.com\\\/accueil\\\/#website\",\"url\":\"https:\\\/\\\/purecosmetics-shop.com\\\/accueil\\\/\",\"name\":\"Pure Cosmetics\",\"description\":\"Skincare cor\u00e9enne et japonais\",\"publisher\":{\"@id\":\"https:\\\/\\\/purecosmetics-shop.com\\\/accueil\\\/#organization\"},\"potentialAction\":[{\"@type\":\"SearchAction\",\"target\":{\"@type\":\"EntryPoint\",\"urlTemplate\":\"https:\\\/\\\/purecosmetics-shop.com\\\/accueil\\\/?s={search_term_string}\"},\"query-input\":{\"@type\":\"PropertyValueSpecification\",\"valueRequired\":true,\"valueName\":\"search_term_string\"}}],\"inLanguage\":\"fr-FR\"},{\"@type\":\"Organization\",\"@id\":\"https:\\\/\\\/purecosmetics-shop.com\\\/accueil\\\/#organization\",\"name\":\"Pure Cosmetics\",\"url\":\"https:\\\/\\\/purecosmetics-shop.com\\\/accueil\\\/\",\"logo\":{\"@type\":\"ImageObject\",\"inLanguage\":\"fr-FR\",\"@id\":\"https:\\\/\\\/purecosmetics-shop.com\\\/accueil\\\/#\\\/schema\\\/logo\\\/image\\\/\",\"url\":\"https:\\\/\\\/purecosmetics-shop.com\\\/wp-content\\\/uploads\\\/2025\\\/04\\\/cropped-Pure-Cosmetics-black-2.png\",\"contentUrl\":\"https:\\\/\\\/purecosmetics-shop.com\\\/wp-content\\\/uploads\\\/2025\\\/04\\\/cropped-Pure-Cosmetics-black-2.png\",\"width\":2362,\"height\":2324,\"caption\":\"Pure Cosmetics\"},\"image\":{\"@id\":\"https:\\\/\\\/purecosmetics-shop.com\\\/accueil\\\/#\\\/schema\\\/logo\\\/image\\\/\"}}]}<\/script>\n<!-- \/ Yoast SEO plugin. -->","yoast_head_json":{"title":"Madagascar Centella Poremizing Deep Cleansing Foam - Pure Cosmetics","robots":{"index":"index","follow":"follow","max-snippet":"max-snippet:-1","max-image-preview":"max-image-preview:large","max-video-preview":"max-video-preview:-1"},"canonical":"https:\/\/purecosmetics-shop.com\/accueil\/produit\/skin1004-madagascar-centella-poremizing-deep-cleansing-foam\/","og_locale":"fr_FR","og_type":"article","og_title":"Madagascar Centella Poremizing Deep Cleansing Foam - Pure Cosmetics","og_description":"Nettoyant infus\u00e9 de sel rose de l\u2019Himalaya et de la papa\u00efne pour exfolier en douceur la peau, \u00e9liminer la salet\u00e9, le s\u00e9bum dans les pores et les r\u00e9sidus de cr\u00e8me solaire sur votre visage. Elle contient \u00e9galement de l\u2019extrait de centella asiatica, connu pour ses propri\u00e9t\u00e9s cicatrisantes et anti-inflammatoires.","og_url":"https:\/\/purecosmetics-shop.com\/accueil\/produit\/skin1004-madagascar-centella-poremizing-deep-cleansing-foam\/","og_site_name":"Pure Cosmetics","article_modified_time":"2025-03-28T21:53:44+00:00","og_image":[{"width":800,"height":800,"url":"https:\/\/purecosmetics-shop.com\/wp-content\/uploads\/2024\/10\/SKIN1004-Centella-Poremizing-Deep-Cleansing-Foam.webp","type":"image\/webp"}],"twitter_card":"summary_large_image","twitter_misc":{"Dur\u00e9e de lecture estim\u00e9e":"1 minute"},"schema":{"@context":"https:\/\/schema.org","@graph":[{"@type":"WebPage","@id":"https:\/\/purecosmetics-shop.com\/accueil\/produit\/skin1004-madagascar-centella-poremizing-deep-cleansing-foam\/","url":"https:\/\/purecosmetics-shop.com\/accueil\/produit\/skin1004-madagascar-centella-poremizing-deep-cleansing-foam\/","name":"Madagascar Centella Poremizing Deep Cleansing Foam - Pure Cosmetics","isPartOf":{"@id":"https:\/\/purecosmetics-shop.com\/accueil\/#website"},"primaryImageOfPage":{"@id":"https:\/\/purecosmetics-shop.com\/accueil\/produit\/skin1004-madagascar-centella-poremizing-deep-cleansing-foam\/#primaryimage"},"image":{"@id":"https:\/\/purecosmetics-shop.com\/accueil\/produit\/skin1004-madagascar-centella-poremizing-deep-cleansing-foam\/#primaryimage"},"thumbnailUrl":"https:\/\/purecosmetics-shop.com\/wp-content\/uploads\/2024\/10\/SKIN1004-Centella-Poremizing-Deep-Cleansing-Foam.webp","datePublished":"2024-10-16T17:13:01+00:00","dateModified":"2025-03-28T21:53:44+00:00","breadcrumb":{"@id":"https:\/\/purecosmetics-shop.com\/accueil\/produit\/skin1004-madagascar-centella-poremizing-deep-cleansing-foam\/#breadcrumb"},"inLanguage":"fr-FR","potentialAction":[{"@type":"ReadAction","target":["https:\/\/purecosmetics-shop.com\/accueil\/produit\/skin1004-madagascar-centella-poremizing-deep-cleansing-foam\/"]}]},{"@type":"ImageObject","inLanguage":"fr-FR","@id":"https:\/\/purecosmetics-shop.com\/accueil\/produit\/skin1004-madagascar-centella-poremizing-deep-cleansing-foam\/#primaryimage","url":"https:\/\/purecosmetics-shop.com\/wp-content\/uploads\/2024\/10\/SKIN1004-Centella-Poremizing-Deep-Cleansing-Foam.webp","contentUrl":"https:\/\/purecosmetics-shop.com\/wp-content\/uploads\/2024\/10\/SKIN1004-Centella-Poremizing-Deep-Cleansing-Foam.webp","width":800,"height":800},{"@type":"BreadcrumbList","@id":"https:\/\/purecosmetics-shop.com\/accueil\/produit\/skin1004-madagascar-centella-poremizing-deep-cleansing-foam\/#breadcrumb","itemListElement":[{"@type":"ListItem","position":1,"name":"Accueil","item":"https:\/\/purecosmetics-shop.com\/accueil\/"},{"@type":"ListItem","position":2,"name":"NOUVEAUT\u00c9S","item":"https:\/\/purecosmetics-shop.com\/accueil\/nouveautes\/"},{"@type":"ListItem","position":3,"name":"Madagascar Centella Poremizing Deep Cleansing Foam"}]},{"@type":"WebSite","@id":"https:\/\/purecosmetics-shop.com\/accueil\/#website","url":"https:\/\/purecosmetics-shop.com\/accueil\/","name":"Pure Cosmetics","description":"Skincare cor\u00e9enne et japonais","publisher":{"@id":"https:\/\/purecosmetics-shop.com\/accueil\/#organization"},"potentialAction":[{"@type":"SearchAction","target":{"@type":"EntryPoint","urlTemplate":"https:\/\/purecosmetics-shop.com\/accueil\/?s={search_term_string}"},"query-input":{"@type":"PropertyValueSpecification","valueRequired":true,"valueName":"search_term_string"}}],"inLanguage":"fr-FR"},{"@type":"Organization","@id":"https:\/\/purecosmetics-shop.com\/accueil\/#organization","name":"Pure Cosmetics","url":"https:\/\/purecosmetics-shop.com\/accueil\/","logo":{"@type":"ImageObject","inLanguage":"fr-FR","@id":"https:\/\/purecosmetics-shop.com\/accueil\/#\/schema\/logo\/image\/","url":"https:\/\/purecosmetics-shop.com\/wp-content\/uploads\/2025\/04\/cropped-Pure-Cosmetics-black-2.png","contentUrl":"https:\/\/purecosmetics-shop.com\/wp-content\/uploads\/2025\/04\/cropped-Pure-Cosmetics-black-2.png","width":2362,"height":2324,"caption":"Pure Cosmetics"},"image":{"@id":"https:\/\/purecosmetics-shop.com\/accueil\/#\/schema\/logo\/image\/"}}]}},"jetpack_sharing_enabled":true,"_links":{"self":[{"href":"https:\/\/purecosmetics-shop.com\/accueil\/wp-json\/wp\/v2\/product\/1352","targetHints":{"allow":["GET"]}}],"collection":[{"href":"https:\/\/purecosmetics-shop.com\/accueil\/wp-json\/wp\/v2\/product"}],"about":[{"href":"https:\/\/purecosmetics-shop.com\/accueil\/wp-json\/wp\/v2\/types\/product"}],"replies":[{"embeddable":true,"href":"https:\/\/purecosmetics-shop.com\/accueil\/wp-json\/wp\/v2\/comments?post=1352"}],"version-history":[{"count":3,"href":"https:\/\/purecosmetics-shop.com\/accueil\/wp-json\/wp\/v2\/product\/1352\/revisions"}],"predecessor-version":[{"id":2616,"href":"https:\/\/purecosmetics-shop.com\/accueil\/wp-json\/wp\/v2\/product\/1352\/revisions\/2616"}],"wp:featuredmedia":[{"embeddable":true,"href":"https:\/\/purecosmetics-shop.com\/accueil\/wp-json\/wp\/v2\/media\/1812"}],"wp:attachment":[{"href":"https:\/\/purecosmetics-shop.com\/accueil\/wp-json\/wp\/v2\/media?parent=1352"}],"wp:term":[{"taxonomy":"product_brand","embeddable":true,"href":"https:\/\/purecosmetics-shop.com\/accueil\/wp-json\/wp\/v2\/product_brand?post=1352"},{"taxonomy":"product_cat","embeddable":true,"href":"https:\/\/purecosmetics-shop.com\/accueil\/wp-json\/wp\/v2\/product_cat?post=1352"},{"taxonomy":"product_tag","embeddable":true,"href":"https:\/\/purecosmetics-shop.com\/accueil\/wp-json\/wp\/v2\/product_tag?post=1352"}],"curies":[{"name":"wp","href":"https:\/\/api.w.org\/{rel}","templated":true}]}}