{"id":1349,"date":"2024-10-16T13:13:00","date_gmt":"2024-10-16T17:13:00","guid":{"rendered":"https:\/\/purecosmetics-shop.com\/accueil\/produit\/skin1004-madagascar-centella-tea-trica-relief-ampoule\/"},"modified":"2026-02-27T11:11:55","modified_gmt":"2026-02-27T15:11:55","slug":"skin1004-madagascar-centella-tea-trica-relief-ampoule","status":"publish","type":"product","link":"https:\/\/purecosmetics-shop.com\/accueil\/produit\/skin1004-madagascar-centella-tea-trica-relief-ampoule\/","title":{"rendered":"MADAGASCAR CENTELLA TEA-TRICA RELIEF AMPOULE"},"content":{"rendered":"<p>Cet Ampoule est le traitement parfait pour les peaux acn\u00e9ique. L\u2019ampoule contient de l\u2019extrait de Centella Asiatica pour apaiser efficacement la peau et un complexe de pin (eau de cypr\u00e8s, extrait de feuille de pin royal et eau de feuille d\u2019arbre \u00e0 th\u00e9) pour traiter l\u2019inflammation.<br \/>\nLa formule est non com\u00e9dog\u00e8ne et offre soulagement ultime \u00e0 la peau.<\/p>\n<p>Test\u00e9 dermatologiquement.<\/p>\n<p>Convient aux peaux \u00e0 tendance acn\u00e9ique.<\/p>\n","protected":false},"excerpt":{"rendered":"<p>Avec un complexe d&rsquo;arbre \u00e0 feuilles d&rsquo;aiguille (eau de feuille d&rsquo;arbre \u00e0 th\u00e9, extrait de pin \u00e0 longues feuilles et eau de cypr\u00e8s) et un extrait de Centella Asiatica apaisant pour la peau pour apaiser l&rsquo;inconfort cutan\u00e9.<\/p>\n<p>Son ANTI SEBUM P(HD) r\u00e9duit la s\u00e9cr\u00e9tion excessive de s\u00e9bum et l&rsquo;apparence des pores dilat\u00e9s, am\u00e9liorant ainsi la texture de la peau.<\/p>\n","protected":false},"featured_media":1837,"comment_status":"open","ping_status":"closed","template":"","meta":[],"product_brand":[179],"product_cat":[190,108,113],"product_tag":[],"class_list":{"0":"post-1349","1":"product","2":"type-product","3":"status-publish","4":"has-post-thumbnail","6":"product_brand-skin1004","7":"product_cat-ampoule","8":"product_cat-anti-imperfections-et-pores","9":"product_cat-peau-a-tendance-acneique","11":"first","12":"outofstock","13":"shipping-taxable","14":"purchasable","15":"product-type-variable"},"yoast_head":"<!-- This site is optimized with the Yoast SEO plugin v27.4 - https:\/\/yoast.com\/product\/yoast-seo-wordpress\/ -->\n<title>MADAGASCAR CENTELLA TEA-TRICA RELIEF AMPOULE - Pure Cosmetics<\/title>\n<meta name=\"robots\" content=\"index, follow, max-snippet:-1, max-image-preview:large, max-video-preview:-1\" \/>\n<link rel=\"canonical\" href=\"https:\/\/purecosmetics-shop.com\/accueil\/produit\/skin1004-madagascar-centella-tea-trica-relief-ampoule\/\" \/>\n<meta property=\"og:locale\" content=\"fr_FR\" \/>\n<meta property=\"og:type\" content=\"article\" \/>\n<meta property=\"og:title\" content=\"MADAGASCAR CENTELLA TEA-TRICA RELIEF AMPOULE - Pure Cosmetics\" \/>\n<meta property=\"og:description\" content=\"Avec un complexe d&#039;arbre \u00e0 feuilles d&#039;aiguille (eau de feuille d&#039;arbre \u00e0 th\u00e9, extrait de pin \u00e0 longues feuilles et eau de cypr\u00e8s) et un extrait de Centella Asiatica apaisant pour la peau pour apaiser l&#039;inconfort cutan\u00e9.  Son ANTI SEBUM P(HD) r\u00e9duit la s\u00e9cr\u00e9tion excessive de s\u00e9bum et l&#039;apparence des pores dilat\u00e9s, am\u00e9liorant ainsi la texture de la peau.\" \/>\n<meta property=\"og:url\" content=\"https:\/\/purecosmetics-shop.com\/accueil\/produit\/skin1004-madagascar-centella-tea-trica-relief-ampoule\/\" \/>\n<meta property=\"og:site_name\" content=\"Pure Cosmetics\" \/>\n<meta property=\"article:modified_time\" content=\"2026-02-27T15:11:55+00:00\" \/>\n<meta property=\"og:image\" content=\"https:\/\/purecosmetics-shop.com\/wp-content\/uploads\/2024\/10\/SKIN1004-Centella-Tea-Trica-Relief-Ampoule.webp\" \/>\n\t<meta property=\"og:image:width\" content=\"800\" \/>\n\t<meta property=\"og:image:height\" content=\"800\" \/>\n\t<meta property=\"og:image:type\" content=\"image\/webp\" \/>\n<meta name=\"twitter:card\" content=\"summary_large_image\" \/>\n<meta name=\"twitter:label1\" content=\"Dur\u00e9e de lecture estim\u00e9e\" \/>\n\t<meta name=\"twitter:data1\" content=\"1 minute\" \/>\n<script type=\"application\/ld+json\" class=\"yoast-schema-graph\">{\"@context\":\"https:\\\/\\\/schema.org\",\"@graph\":[{\"@type\":\"WebPage\",\"@id\":\"https:\\\/\\\/purecosmetics-shop.com\\\/accueil\\\/produit\\\/skin1004-madagascar-centella-tea-trica-relief-ampoule\\\/\",\"url\":\"https:\\\/\\\/purecosmetics-shop.com\\\/accueil\\\/produit\\\/skin1004-madagascar-centella-tea-trica-relief-ampoule\\\/\",\"name\":\"MADAGASCAR CENTELLA TEA-TRICA RELIEF AMPOULE - Pure Cosmetics\",\"isPartOf\":{\"@id\":\"https:\\\/\\\/purecosmetics-shop.com\\\/accueil\\\/#website\"},\"primaryImageOfPage\":{\"@id\":\"https:\\\/\\\/purecosmetics-shop.com\\\/accueil\\\/produit\\\/skin1004-madagascar-centella-tea-trica-relief-ampoule\\\/#primaryimage\"},\"image\":{\"@id\":\"https:\\\/\\\/purecosmetics-shop.com\\\/accueil\\\/produit\\\/skin1004-madagascar-centella-tea-trica-relief-ampoule\\\/#primaryimage\"},\"thumbnailUrl\":\"https:\\\/\\\/purecosmetics-shop.com\\\/wp-content\\\/uploads\\\/2024\\\/10\\\/SKIN1004-Centella-Tea-Trica-Relief-Ampoule.webp\",\"datePublished\":\"2024-10-16T17:13:00+00:00\",\"dateModified\":\"2026-02-27T15:11:55+00:00\",\"breadcrumb\":{\"@id\":\"https:\\\/\\\/purecosmetics-shop.com\\\/accueil\\\/produit\\\/skin1004-madagascar-centella-tea-trica-relief-ampoule\\\/#breadcrumb\"},\"inLanguage\":\"fr-FR\",\"potentialAction\":[{\"@type\":\"ReadAction\",\"target\":[\"https:\\\/\\\/purecosmetics-shop.com\\\/accueil\\\/produit\\\/skin1004-madagascar-centella-tea-trica-relief-ampoule\\\/\"]}]},{\"@type\":\"ImageObject\",\"inLanguage\":\"fr-FR\",\"@id\":\"https:\\\/\\\/purecosmetics-shop.com\\\/accueil\\\/produit\\\/skin1004-madagascar-centella-tea-trica-relief-ampoule\\\/#primaryimage\",\"url\":\"https:\\\/\\\/purecosmetics-shop.com\\\/wp-content\\\/uploads\\\/2024\\\/10\\\/SKIN1004-Centella-Tea-Trica-Relief-Ampoule.webp\",\"contentUrl\":\"https:\\\/\\\/purecosmetics-shop.com\\\/wp-content\\\/uploads\\\/2024\\\/10\\\/SKIN1004-Centella-Tea-Trica-Relief-Ampoule.webp\",\"width\":800,\"height\":800},{\"@type\":\"BreadcrumbList\",\"@id\":\"https:\\\/\\\/purecosmetics-shop.com\\\/accueil\\\/produit\\\/skin1004-madagascar-centella-tea-trica-relief-ampoule\\\/#breadcrumb\",\"itemListElement\":[{\"@type\":\"ListItem\",\"position\":1,\"name\":\"Accueil\",\"item\":\"https:\\\/\\\/purecosmetics-shop.com\\\/accueil\\\/\"},{\"@type\":\"ListItem\",\"position\":2,\"name\":\"NOUVEAUT\u00c9S\",\"item\":\"https:\\\/\\\/purecosmetics-shop.com\\\/accueil\\\/nouveautes\\\/\"},{\"@type\":\"ListItem\",\"position\":3,\"name\":\"MADAGASCAR CENTELLA TEA-TRICA RELIEF AMPOULE\"}]},{\"@type\":\"WebSite\",\"@id\":\"https:\\\/\\\/purecosmetics-shop.com\\\/accueil\\\/#website\",\"url\":\"https:\\\/\\\/purecosmetics-shop.com\\\/accueil\\\/\",\"name\":\"Pure Cosmetics\",\"description\":\"Skincare cor\u00e9enne et japonais\",\"publisher\":{\"@id\":\"https:\\\/\\\/purecosmetics-shop.com\\\/accueil\\\/#organization\"},\"potentialAction\":[{\"@type\":\"SearchAction\",\"target\":{\"@type\":\"EntryPoint\",\"urlTemplate\":\"https:\\\/\\\/purecosmetics-shop.com\\\/accueil\\\/?s={search_term_string}\"},\"query-input\":{\"@type\":\"PropertyValueSpecification\",\"valueRequired\":true,\"valueName\":\"search_term_string\"}}],\"inLanguage\":\"fr-FR\"},{\"@type\":\"Organization\",\"@id\":\"https:\\\/\\\/purecosmetics-shop.com\\\/accueil\\\/#organization\",\"name\":\"Pure Cosmetics\",\"url\":\"https:\\\/\\\/purecosmetics-shop.com\\\/accueil\\\/\",\"logo\":{\"@type\":\"ImageObject\",\"inLanguage\":\"fr-FR\",\"@id\":\"https:\\\/\\\/purecosmetics-shop.com\\\/accueil\\\/#\\\/schema\\\/logo\\\/image\\\/\",\"url\":\"https:\\\/\\\/purecosmetics-shop.com\\\/wp-content\\\/uploads\\\/2025\\\/04\\\/cropped-Pure-Cosmetics-black-2.png\",\"contentUrl\":\"https:\\\/\\\/purecosmetics-shop.com\\\/wp-content\\\/uploads\\\/2025\\\/04\\\/cropped-Pure-Cosmetics-black-2.png\",\"width\":2362,\"height\":2324,\"caption\":\"Pure Cosmetics\"},\"image\":{\"@id\":\"https:\\\/\\\/purecosmetics-shop.com\\\/accueil\\\/#\\\/schema\\\/logo\\\/image\\\/\"}}]}<\/script>\n<!-- \/ Yoast SEO plugin. -->","yoast_head_json":{"title":"MADAGASCAR CENTELLA TEA-TRICA RELIEF AMPOULE - Pure Cosmetics","robots":{"index":"index","follow":"follow","max-snippet":"max-snippet:-1","max-image-preview":"max-image-preview:large","max-video-preview":"max-video-preview:-1"},"canonical":"https:\/\/purecosmetics-shop.com\/accueil\/produit\/skin1004-madagascar-centella-tea-trica-relief-ampoule\/","og_locale":"fr_FR","og_type":"article","og_title":"MADAGASCAR CENTELLA TEA-TRICA RELIEF AMPOULE - Pure Cosmetics","og_description":"Avec un complexe d'arbre \u00e0 feuilles d'aiguille (eau de feuille d'arbre \u00e0 th\u00e9, extrait de pin \u00e0 longues feuilles et eau de cypr\u00e8s) et un extrait de Centella Asiatica apaisant pour la peau pour apaiser l'inconfort cutan\u00e9.  Son ANTI SEBUM P(HD) r\u00e9duit la s\u00e9cr\u00e9tion excessive de s\u00e9bum et l'apparence des pores dilat\u00e9s, am\u00e9liorant ainsi la texture de la peau.","og_url":"https:\/\/purecosmetics-shop.com\/accueil\/produit\/skin1004-madagascar-centella-tea-trica-relief-ampoule\/","og_site_name":"Pure Cosmetics","article_modified_time":"2026-02-27T15:11:55+00:00","og_image":[{"width":800,"height":800,"url":"https:\/\/purecosmetics-shop.com\/wp-content\/uploads\/2024\/10\/SKIN1004-Centella-Tea-Trica-Relief-Ampoule.webp","type":"image\/webp"}],"twitter_card":"summary_large_image","twitter_misc":{"Dur\u00e9e de lecture estim\u00e9e":"1 minute"},"schema":{"@context":"https:\/\/schema.org","@graph":[{"@type":"WebPage","@id":"https:\/\/purecosmetics-shop.com\/accueil\/produit\/skin1004-madagascar-centella-tea-trica-relief-ampoule\/","url":"https:\/\/purecosmetics-shop.com\/accueil\/produit\/skin1004-madagascar-centella-tea-trica-relief-ampoule\/","name":"MADAGASCAR CENTELLA TEA-TRICA RELIEF AMPOULE - Pure Cosmetics","isPartOf":{"@id":"https:\/\/purecosmetics-shop.com\/accueil\/#website"},"primaryImageOfPage":{"@id":"https:\/\/purecosmetics-shop.com\/accueil\/produit\/skin1004-madagascar-centella-tea-trica-relief-ampoule\/#primaryimage"},"image":{"@id":"https:\/\/purecosmetics-shop.com\/accueil\/produit\/skin1004-madagascar-centella-tea-trica-relief-ampoule\/#primaryimage"},"thumbnailUrl":"https:\/\/purecosmetics-shop.com\/wp-content\/uploads\/2024\/10\/SKIN1004-Centella-Tea-Trica-Relief-Ampoule.webp","datePublished":"2024-10-16T17:13:00+00:00","dateModified":"2026-02-27T15:11:55+00:00","breadcrumb":{"@id":"https:\/\/purecosmetics-shop.com\/accueil\/produit\/skin1004-madagascar-centella-tea-trica-relief-ampoule\/#breadcrumb"},"inLanguage":"fr-FR","potentialAction":[{"@type":"ReadAction","target":["https:\/\/purecosmetics-shop.com\/accueil\/produit\/skin1004-madagascar-centella-tea-trica-relief-ampoule\/"]}]},{"@type":"ImageObject","inLanguage":"fr-FR","@id":"https:\/\/purecosmetics-shop.com\/accueil\/produit\/skin1004-madagascar-centella-tea-trica-relief-ampoule\/#primaryimage","url":"https:\/\/purecosmetics-shop.com\/wp-content\/uploads\/2024\/10\/SKIN1004-Centella-Tea-Trica-Relief-Ampoule.webp","contentUrl":"https:\/\/purecosmetics-shop.com\/wp-content\/uploads\/2024\/10\/SKIN1004-Centella-Tea-Trica-Relief-Ampoule.webp","width":800,"height":800},{"@type":"BreadcrumbList","@id":"https:\/\/purecosmetics-shop.com\/accueil\/produit\/skin1004-madagascar-centella-tea-trica-relief-ampoule\/#breadcrumb","itemListElement":[{"@type":"ListItem","position":1,"name":"Accueil","item":"https:\/\/purecosmetics-shop.com\/accueil\/"},{"@type":"ListItem","position":2,"name":"NOUVEAUT\u00c9S","item":"https:\/\/purecosmetics-shop.com\/accueil\/nouveautes\/"},{"@type":"ListItem","position":3,"name":"MADAGASCAR CENTELLA TEA-TRICA RELIEF AMPOULE"}]},{"@type":"WebSite","@id":"https:\/\/purecosmetics-shop.com\/accueil\/#website","url":"https:\/\/purecosmetics-shop.com\/accueil\/","name":"Pure Cosmetics","description":"Skincare cor\u00e9enne et japonais","publisher":{"@id":"https:\/\/purecosmetics-shop.com\/accueil\/#organization"},"potentialAction":[{"@type":"SearchAction","target":{"@type":"EntryPoint","urlTemplate":"https:\/\/purecosmetics-shop.com\/accueil\/?s={search_term_string}"},"query-input":{"@type":"PropertyValueSpecification","valueRequired":true,"valueName":"search_term_string"}}],"inLanguage":"fr-FR"},{"@type":"Organization","@id":"https:\/\/purecosmetics-shop.com\/accueil\/#organization","name":"Pure Cosmetics","url":"https:\/\/purecosmetics-shop.com\/accueil\/","logo":{"@type":"ImageObject","inLanguage":"fr-FR","@id":"https:\/\/purecosmetics-shop.com\/accueil\/#\/schema\/logo\/image\/","url":"https:\/\/purecosmetics-shop.com\/wp-content\/uploads\/2025\/04\/cropped-Pure-Cosmetics-black-2.png","contentUrl":"https:\/\/purecosmetics-shop.com\/wp-content\/uploads\/2025\/04\/cropped-Pure-Cosmetics-black-2.png","width":2362,"height":2324,"caption":"Pure Cosmetics"},"image":{"@id":"https:\/\/purecosmetics-shop.com\/accueil\/#\/schema\/logo\/image\/"}}]}},"jetpack_sharing_enabled":true,"_links":{"self":[{"href":"https:\/\/purecosmetics-shop.com\/accueil\/wp-json\/wp\/v2\/product\/1349","targetHints":{"allow":["GET"]}}],"collection":[{"href":"https:\/\/purecosmetics-shop.com\/accueil\/wp-json\/wp\/v2\/product"}],"about":[{"href":"https:\/\/purecosmetics-shop.com\/accueil\/wp-json\/wp\/v2\/types\/product"}],"replies":[{"embeddable":true,"href":"https:\/\/purecosmetics-shop.com\/accueil\/wp-json\/wp\/v2\/comments?post=1349"}],"version-history":[{"count":3,"href":"https:\/\/purecosmetics-shop.com\/accueil\/wp-json\/wp\/v2\/product\/1349\/revisions"}],"predecessor-version":[{"id":1836,"href":"https:\/\/purecosmetics-shop.com\/accueil\/wp-json\/wp\/v2\/product\/1349\/revisions\/1836"}],"wp:featuredmedia":[{"embeddable":true,"href":"https:\/\/purecosmetics-shop.com\/accueil\/wp-json\/wp\/v2\/media\/1837"}],"wp:attachment":[{"href":"https:\/\/purecosmetics-shop.com\/accueil\/wp-json\/wp\/v2\/media?parent=1349"}],"wp:term":[{"taxonomy":"product_brand","embeddable":true,"href":"https:\/\/purecosmetics-shop.com\/accueil\/wp-json\/wp\/v2\/product_brand?post=1349"},{"taxonomy":"product_cat","embeddable":true,"href":"https:\/\/purecosmetics-shop.com\/accueil\/wp-json\/wp\/v2\/product_cat?post=1349"},{"taxonomy":"product_tag","embeddable":true,"href":"https:\/\/purecosmetics-shop.com\/accueil\/wp-json\/wp\/v2\/product_tag?post=1349"}],"curies":[{"name":"wp","href":"https:\/\/api.w.org\/{rel}","templated":true}]}}